{"id":7159,"date":"2021-07-23T13:35:33","date_gmt":"2021-07-23T13:35:33","guid":{"rendered":"https:\/\/www.apdiving.com\/fr\/?page_id=7159"},"modified":"2021-11-03T12:13:27","modified_gmt":"2021-11-03T12:13:27","slug":"shipping-ap-products-for-service-from-europe","status":"publish","type":"page","link":"https:\/\/www.apdiving.eu\/fr\/service\/shipping-ap-products-for-service-from-europe\/","title":{"rendered":"Exp\u00e9dition de produits AP pour le service depuis l&#8217;Europe"},"content":{"rendered":"<div id=\"pl-7159\"  class=\"panel-layout\" ><div id=\"pg-7159-0\"  class=\"panel-grid panel-no-style\" ><div class=\"vgRowWrapper\"><div id=\"pgc-7159-0-0\"  class=\"panel-grid-cell\" ><div id=\"panel-7159-0-0-0\" class=\"so-panel widget widget_black-studio-tinymce widget_black_studio_tinymce panel-first-child\" data-index=\"0\" ><div class=\"textwidget\"><h3 id=\"ShippingProductsEurope\" style=\"text-align: center;\"><strong>Exp\u00e9dition de produits AP pour le service <\/strong><br \/>\n<strong>depuis l'Europe<\/strong><\/h3>\n<p>&nbsp;<\/p>\n<p><span style=\"color: #424242;\"><span style=\"font-family: Helvetica W01 Light, serif;\"><span style=\"font-size: large;\">Les clients europ\u00e9ens peuvent renvoyer les produits AP pour r\u00e9paration \u00e0 l'entrep\u00f4t d'A.P. aux Pays-Bas, ce qui leur \u00e9vitera de devoir cr\u00e9er une facture et de s'occuper des formalit\u00e9s d'exportation\/importation et des douanes, qui seront prises en charge par notre personnel \u00e0 Voorschoten.<\/span><\/span><\/span><\/p>\n<p><span style=\"font-family: Helvetica W01 Light, serif;\"><span style=\"font-size: large;\">Si vous envoyez un produit \u00e0 AP Diving depuis un pays de l'UE, veuillez l'envoyer, d\u00fbment assur\u00e9, \u00e0 l'adresse suivante, accompagn\u00e9 d'une lettre d'accompagnement indiquant le travail requis et vos coordonn\u00e9es compl\u00e8tes : <\/span><\/span><\/p>\n<p><strong>A.P. Diving Europe B.V.<br \/>\nIndustrieweg 30<br \/>\n2254 AE<br \/>\nVoorschoten<br \/>\nPays-Bas<\/strong><\/p>\n<p>Pour de plus amples informations et des estimations, veuillez contacter: <br \/>\ninfo@apdiving.com<\/p>\n<p>&nbsp;<\/p>\n<p><strong>VEUILLEZ NOTER : Si, pour une raison quelconque, vous devez exp\u00e9dier des produits pour le service directement \u00e0 AP Diving UK, vous devrez suivre les proc\u00e9dures d'\u00ab importation temporaire \u00bb ci-dessous.<\/strong><\/p>\n<\/div><\/div><div class=\"vg-image-widget\"><img decoding=\"async\" src=\"https:\/\/www.apdiving.eu\/fr\/wp-content\/uploads\/separator-middle-1.jpg\" alt=\"\"\/><\/div><div id=\"panel-7159-0-0-2\" class=\"so-panel widget widget_black-studio-tinymce widget_black_studio_tinymce\" data-index=\"2\" ><div class=\"panel-widget-style panel-widget-style-for-7159-0-0-2\" ><div class=\"textwidget\"><div class=\"textwidget\">\n<p>&nbsp;<\/p>\n<h3 style=\"text-align: center;\"><strong>Exp\u00e9dition de produits AP au Royaume-Uni <\/strong><br \/>\n<strong>pour r\u00e9paration\u00a0du reste du monde<\/strong><\/h3>\n<p>&nbsp;<\/p>\n<h4><strong>Renvoi d\u2019un article \u00e0 l\u2019usine UK pour service apr\u00e8s-vente depuis l\u2019\u00e9tranger<\/strong><\/h4>\n<p>Les articles renvoy\u00e9s pour r\u00e9vision b\u00e9n\u00e9ficient du r\u00e9gime d\u2019import temporaire et doivent pour cela \u00eatre accompagn\u00e9s d\u2019une facture douani\u00e8re. Sous r\u00e9serve de ne s\u00e9journer en UK qu\u2019un temps limit\u00e9, la TVA ne s\u2019appliquera qu\u2019\u00e0 la valeur des r\u00e9parations et du transport, et non \u00e0 la valeur des articles eux-m\u00eames. Pour b\u00e9n\u00e9ficier de ce r\u00e9gime d\u2019import temporaire il faut utiliser un format adapt\u00e9 de facture douani\u00e8re. Il y a 2 formulaires mis \u00e0 votre disposition en t\u00e9l\u00e9chargement (boutons jaunes)\u00a0:<\/p>\n<ol>\n<li><strong>R\u00e9vision de la t\u00eate du CCR<\/strong> \u2013 merci de bien utiliser le formulaire sp\u00e9cifique pour nous renvoyer une t\u00eate de recycleur pour r\u00e9paration ou r\u00e9vision, disponible ici\u00a0:<\/li>\n<li><strong>Pour les r\u00e9parations ou r\u00e9visions de tout autre produit AP<\/strong>, le formulaire est ici :<\/li>\n<\/ol>\n<p>&nbsp;<\/p>\n<h4 style=\"text-align: center;\"><strong>1. Exp\u00e9dier une t\u00eate de recycleur Inspiration\u00a0pour r\u00e9vision<br \/>\nvers le Royaume Uni <\/strong><\/h4>\n<p>Tous les articles exp\u00e9di\u00e9s vers le SAV de AP Diving depuis l\u2019ext\u00e9rieur du Royaume Uni \u2013 y compris depuis les pays de l\u2019Union Europ\u00e9enne \u2013 doivent \u00eatre accompagn\u00e9s d\u2019une \u00ab\u00a0facture douani\u00e8re d\u2019entretien\u00a0\u00bb jointe \u00e0 l\u2019ext\u00e9rieur de l\u2019emballage, pour les besoins de contr\u00f4le des douanes. Certains transporteurs demandent en outre que vous leur transmettiez par mail une copie de cette facture douani\u00e8re. Pri\u00e8re de vous rapprocher de votre transporteur pour toute information sur ce besoin.<\/p>\n<p>Vous pouvez t\u00e9l\u00e9charger le formulaire de facture douani\u00e8re d\u2019entretien ci-dessous et renseigner les champs n\u00e9cessaires aux emplacements indiqu\u00e9s\u00a0: texte en bleu surlign\u00e9 en jaune.<\/p>\n<p>&nbsp;<\/p>\n<p><a href='https:\/\/www.apdiving.com\/en\/?ddownload=10273' onclick='' class='wpi_designer_button   wpi_shadow wpi_shadow_no wpi_text_shadow_no wpi_texture_no wpi_border_bottom wpi_padding_15px wpi_5px wpi_designer_button_7038 wpi_icon wpi_icon_download wpi_icon_left  ' target='_blank' rel=''><i class=''><\/i><span class='wpi_text'>Facture douane entretien t\u00eate<\/span><\/a><\/p>\n<p>&nbsp;<\/p>\n<\/div>\n<h4 style=\"text-align: center;\"><strong>2. Exp\u00e9dier\u00a0tous les autres produits \u00a0pour r\u00e9vision<br \/>\n<\/strong><strong>vers le Royaume Uni<\/strong><\/h4>\n<div class=\"textwidget\">\n<p>Merci de t\u00e9l\u00e9charger le formulaire de facture douani\u00e8re d\u2019entretien ci-dessous et renseigner les champs n\u00e9cessaires aux emplacements indiqu\u00e9s : texte en bleu surlign\u00e9 en jaune (ou utilisez s\u2019il existe le formulaire fourni par votre service d\u2019exp\u00e9dition).<\/p>\n<p>&nbsp;<\/p>\n<p><a href='https:\/\/www.apdiving.com\/en\/?ddownload=10274' onclick='' class='wpi_designer_button   wpi_shadow wpi_shadow_no wpi_text_shadow_no wpi_texture_no wpi_border_bottom wpi_padding_15px wpi_5px wpi_designer_button_7038 wpi_icon wpi_icon_download wpi_icon_left  ' target='_blank' rel=''><i class=''><\/i><span class='wpi_text'>Facture douane entretien product AP<\/span><\/a><\/p>\n<\/div>\n<\/div><\/div><\/div><div id=\"panel-7159-0-0-3\" class=\"so-panel widget widget_black-studio-tinymce widget_black_studio_tinymce panel-last-child\" data-index=\"3\" ><div class=\"panel-widget-style panel-widget-style-for-7159-0-0-3\" ><div class=\"textwidget\"><p style=\"text-align: center;\">Pour obtenir plus de d\u00e9tails sur l\u2019apr\u00e8s-vente et ses tarifs, et une pr\u00e9sentation de ce qu\u2019il comprend\u00a0:<\/p>\n<p style=\"text-align: center;\">Reportez-vous aux pages <a href=\"https:\/\/www.apdiving.eu\/fr\/service\/service-guidelines-prices\/\">Guide et Liste des Tarifs des Maintenances AP Diving<\/a><\/p>\n<\/div><\/div><\/div><\/div><\/div><!--vgRowWrapper--><\/div><\/div>","protected":false},"excerpt":{"rendered":"<p>Exp\u00e9dition de produits AP pour le service depuis l&#8217;Europe &nbsp; Les clients europ\u00e9ens peuvent renvoyer les produits AP pour r\u00e9paration \u00e0 l&#8217;entrep\u00f4t d&#8217;A.P. aux Pays-Bas, ce qui leur \u00e9vitera de devoir cr\u00e9er une facture et de s&#8217;occuper des formalit\u00e9s d&#8217;exportation\/importation et des douanes, qui seront prises en charge par notre personnel \u00e0 Voorschoten. Si vous <a href=\"https:\/\/www.apdiving.eu\/fr\/service\/shipping-ap-products-for-service-from-europe\/\">[Read More &hellip;]<\/a><\/p>\n","protected":false},"author":4,"featured_media":0,"parent":20,"menu_order":0,"comment_status":"open","ping_status":"open","template":"","meta":{"footnotes":""},"class_list":["post-7159","page","type-page","status-publish","hentry"],"_links":{"self":[{"href":"https:\/\/www.apdiving.eu\/fr\/wp-json\/wp\/v2\/pages\/7159","targetHints":{"allow":["GET"]}}],"collection":[{"href":"https:\/\/www.apdiving.eu\/fr\/wp-json\/wp\/v2\/pages"}],"about":[{"href":"https:\/\/www.apdiving.eu\/fr\/wp-json\/wp\/v2\/types\/page"}],"author":[{"embeddable":true,"href":"https:\/\/www.apdiving.eu\/fr\/wp-json\/wp\/v2\/users\/4"}],"replies":[{"embeddable":true,"href":"https:\/\/www.apdiving.eu\/fr\/wp-json\/wp\/v2\/comments?post=7159"}],"version-history":[{"count":1,"href":"https:\/\/www.apdiving.eu\/fr\/wp-json\/wp\/v2\/pages\/7159\/revisions"}],"predecessor-version":[{"id":7160,"href":"https:\/\/www.apdiving.eu\/fr\/wp-json\/wp\/v2\/pages\/7159\/revisions\/7160"}],"up":[{"embeddable":true,"href":"https:\/\/www.apdiving.eu\/fr\/wp-json\/wp\/v2\/pages\/20"}],"wp:attachment":[{"href":"https:\/\/www.apdiving.eu\/fr\/wp-json\/wp\/v2\/media?parent=7159"}],"curies":[{"name":"wp","href":"https:\/\/api.w.org\/{rel}","templated":true}]}}