{"id":7156,"date":"2021-07-22T10:58:27","date_gmt":"2021-07-22T10:58:27","guid":{"rendered":"https:\/\/www.apdiving.com\/fr\/?page_id=7156"},"modified":"2021-10-25T08:01:10","modified_gmt":"2021-10-25T08:01:10","slug":"european-shipping-2","status":"publish","type":"page","link":"https:\/\/www.apdiving.eu\/fr\/service\/european-shipping-2\/","title":{"rendered":"European Shipping via AP Diving Europe BV"},"content":{"rendered":"<div id=\"pl-7156\"  class=\"panel-layout\" ><div id=\"pg-7156-0\"  class=\"panel-grid panel-no-style\" ><div class=\"vgRowWrapper\"><div id=\"pgc-7156-0-0\"  class=\"panel-grid-cell\" ><div id=\"panel-7156-0-0-0\" class=\"so-panel widget widget_black-studio-tinymce widget_black_studio_tinymce panel-first-child panel-last-child\" data-index=\"0\" ><div class=\"textwidget\"><h1><strong>AP Diving ouvre un entrep\u00f4t aux Pays-Bas pour mieux servir ses clients de l'Union Europ\u00e9enne<\/strong><\/h1>\n<p>\u00a0<\/p>\n<p>AP Diving est tr\u00e8s heureux d'annoncer l'ouverture de sa filiale \u00e0 part enti\u00e8re aux Pays-Bas, <strong>A.P. Diving Europe BV<\/strong>.<\/p>\n<p>Le nouvel entrep\u00f4t d'AP Diving Europe, situ\u00e9 \u00e0 Voorschoten, pr\u00e8s de Leiden, est \u00e0 present le centre de distribution d'Ambient Pressure Diving pour tous les pays de l'Union Europ\u00e9enne (UE).<\/p>\n<p>Dans un premier temps, il s'agira d'un simple centre de distribution de colis pour l'envoi de commandes et la r\u00e9ception de colis \u00e0 destination et en provenance de clients situ\u00e9s dans l'UE. Le contact avec les clients sera toujours effectu\u00e9 par notre personnel exp\u00e9riment\u00e9 au Royaume-Uni, mais la TVA et l'exp\u00e9dition des produits seront g\u00e9r\u00e9s aux Pays-Bas. Les factures seront donc \u00e9mises par A.P. Diving BV.<\/p>\n<p>Les clients de l'UE peuvent d\u00e9sormais commander directement depuis le site Web <strong>apdiving.eu<\/strong> ou depuis le bureau AP UK par t\u00e9l\u00e9phone 0044 1326 563834 ou par e-mail\u00a0: <a href=\"mailto:sales@apdiving.com\">sales@apdiving.com<\/a><\/p>\n<p>Les commandes pass\u00e9es par les clients de l\u2019UE \u00e0 partir du 26 juillet 2021 seront factur\u00e9es en euros, TVA comprise, et les marchandises seront envoy\u00e9es directement des Pays-Bas, ce qui \u00e9vitera aux clients, du fait du Brexit, d'avoir \u00e0 payer s\u00e9par\u00e9ment au transporteur la TVA et les frais de douane.<\/p>\n<p>L\u2019exp\u00e9dition de masse des marchandises d'AP UK vers AP NL permet \u00e0 AP de r\u00e9duire au minimum le co\u00fbt de la manutention douani\u00e8re par article, de traiter directement tous les documents douaniers ainsi que d\u2019obtenir le statut de \"libre circulation\" pour ses produits au sein de l'UE. Cela s'applique \u00e0 tous les consommables, y compris les sondes \u00e0 oxyg\u00e8ne et la Sofnolime.<\/p>\n<p>Le grand avantage de cette mesure est que les pi\u00e8ces de rechange de faible valeur pourront \u00eatre achet\u00e9es sans encourir de frais de douane disproportionn\u00e9s.<\/p>\n<p>Ce nouveau syst\u00e8me permettra aux clients de l'UE d'effectuer \u00e0 nouveau un seul paiement et de se faire livrer les produits par la poste ou par transporteur, comme ils le faisaient avec AP Diving avant le Brexit.<\/p>\n<p>Les clients devant faire appel au service apr\u00e8s-vente sont pri\u00e9s de contacter Nicky ou Sarah (nicky@apdiving.com, sarah@apdiving.com ) avant de renvoyer leur mat\u00e9riel. A partir du 2 Ao\u00fbt pour les clients r\u00e9sidant dans l'UE, il suffira d'envoyer votre mat\u00e9riel pour SAV avec une lettre d'accompagnement \u00e0 A.P. Diving Europe BV, et AP traitera l\u2019aspect administratif avec les douanes.<\/p>\n<p>AP Diving exposera \u00e0 la fois au Salon de la Plong\u00e9e de Paris et au Boot de D\u00fcsseldorf en janvier.<\/p>\n<p>\u00a0<\/p>\n<p>Martin Parker<br \/>Directeur g\u00e9n\u00e9ral<\/p>\n<p>Ambient Pressure Diving Ltd &amp; A.P. Diving Europe BV.<\/p>\n<\/div><\/div><\/div><\/div><!--vgRowWrapper--><\/div><\/div>","protected":false},"excerpt":{"rendered":"<p>AP Diving ouvre un entrep\u00f4t aux Pays-Bas pour mieux servir ses clients de l&#8217;Union Europ\u00e9enne \u00a0 AP Diving est tr\u00e8s heureux d&#8217;annoncer l&#8217;ouverture de sa filiale \u00e0 part enti\u00e8re aux Pays-Bas, A.P. Diving Europe BV. Le nouvel entrep\u00f4t d&#8217;AP Diving Europe, situ\u00e9 \u00e0 Voorschoten, pr\u00e8s de Leiden, est \u00e0 present le centre de distribution d&#8217;Ambient <a href=\"https:\/\/www.apdiving.eu\/fr\/service\/european-shipping-2\/\">[Read More &hellip;]<\/a><\/p>\n","protected":false},"author":4,"featured_media":0,"parent":20,"menu_order":0,"comment_status":"open","ping_status":"open","template":"","meta":{"footnotes":""},"class_list":["post-7156","page","type-page","status-publish","hentry"],"_links":{"self":[{"href":"https:\/\/www.apdiving.eu\/fr\/wp-json\/wp\/v2\/pages\/7156","targetHints":{"allow":["GET"]}}],"collection":[{"href":"https:\/\/www.apdiving.eu\/fr\/wp-json\/wp\/v2\/pages"}],"about":[{"href":"https:\/\/www.apdiving.eu\/fr\/wp-json\/wp\/v2\/types\/page"}],"author":[{"embeddable":true,"href":"https:\/\/www.apdiving.eu\/fr\/wp-json\/wp\/v2\/users\/4"}],"replies":[{"embeddable":true,"href":"https:\/\/www.apdiving.eu\/fr\/wp-json\/wp\/v2\/comments?post=7156"}],"version-history":[{"count":2,"href":"https:\/\/www.apdiving.eu\/fr\/wp-json\/wp\/v2\/pages\/7156\/revisions"}],"predecessor-version":[{"id":7161,"href":"https:\/\/www.apdiving.eu\/fr\/wp-json\/wp\/v2\/pages\/7156\/revisions\/7161"}],"up":[{"embeddable":true,"href":"https:\/\/www.apdiving.eu\/fr\/wp-json\/wp\/v2\/pages\/20"}],"wp:attachment":[{"href":"https:\/\/www.apdiving.eu\/fr\/wp-json\/wp\/v2\/media?parent=7156"}],"curies":[{"name":"wp","href":"https:\/\/api.w.org\/{rel}","templated":true}]}}