{"id":7014,"date":"2019-08-20T13:14:57","date_gmt":"2019-08-20T13:14:57","guid":{"rendered":"https:\/\/www.apdiving.com\/fr\/?page_id=7014"},"modified":"2025-10-22T12:42:53","modified_gmt":"2025-10-22T12:42:53","slug":"eu-certification","status":"publish","type":"page","link":"https:\/\/www.apdiving.eu\/fr\/rebreathers\/resources\/eu-certification\/","title":{"rendered":"EU Certification"},"content":{"rendered":"<div id=\"pl-7014\"  class=\"panel-layout\" ><div id=\"pg-7014-0\"  class=\"panel-grid panel-has-style\" ><div class=\"vgRowWrapper panel-row-style panel-row-style-for-7014-0\" ><div class=\"vgRowWrapper\"><div id=\"pgc-7014-0-0\"  class=\"panel-grid-cell\" ><div id=\"panel-7014-0-0-0\" class=\"so-panel widget widget_black-studio-tinymce widget_black_studio_tinymce panel-first-child panel-last-child\" data-index=\"0\" ><div class=\"textwidget\"><h2 style=\"text-align: center;\">\u00a0<\/h2>\n<p>Cliquez sur le lien ci-dessous pour commencer \u00e0 t\u00e9l\u00e9charger les derni\u00e8res versions des certificats de conformit\u00e9 AP EU. Ce sont en format PDF. Vous aurez besoin d'un logiciel compatible pour ouvrir ce fichier PDF.<\/p>\n<p>Un logiciel compatible PDF gratuit est disponible ici: <a href=\"http:\/\/get.adobe.com\/reader\/\">Adobe Reader <i class=\"fa fa-external-link \" ><\/i><\/a><\/p>\n<p>&nbsp;<\/p>\n<h2 style=\"text-align: center;\">Certificats Module D EU et UK<\/h2>\n<p>&nbsp;<\/p>\n<p><div class=\"table-responsive\"><table  style=\"width:960px; \"  class=\"easy-table easy-table-ap \" >\n<tbody>\r\n<tr><td  style=\"width:560px\" ><a href=\"https:\/\/www.apdiving.com\/en\/?ddownload=12021\">UK PPE Module D Certificate<\/a> <\/td>\n<td  style=\"width:400px\" > 30th June 2024 - 30th June 2027 <\/td>\n<td >\u00a0<a href=\"https:\/\/www.apdiving.com\/en\/?ddownload=12021\">Download<\/a><\/td>\n<\/tr>\n\r\n<tr><td ><p style=\"text-align: left;\"><a href=\"https:\/\/www.apdiving.com\/en\/?ddownload=12022\">European CE0598 Module D Certificate<\/a> <\/td>\n<td > 30th June 2024 - 30th June 2027 <\/td>\n<td >\u00a0<a href=\"https:\/\/www.apdiving.com\/en\/?ddownload=12022\">Download<\/a><\/td>\n<\/tr>\n<\/tbody><\/table><\/div><\/p>\n<h2 style=\"text-align: center;\">\u00a0<\/h2>\n<p>&nbsp;<\/p>\n<h2 style=\"text-align: center;\">Certificat\u00a0ISO 9001:2015\u00a0<\/h2>\n<p>&nbsp;<\/p>\n<p><div class=\"table-responsive\"><table  style=\"width:960px; \"  class=\"easy-table easy-table-ap \" >\n<tbody>\r\n<tr><td  style=\"width:560px\" ><p style=\"text-align: left;\"><a href=\"https:\/\/www.apdiving.com\/en\/?ddownload=12019\">ISO 9001:2015\u00a0Certificate<\/a> <\/td>\n<td  style=\"width:400px\" > 30th June 2024 - 30th June 2027 <\/td>\n<td >\u00a0<a href=\"https:\/\/www.apdiving.com\/en\/?ddownload=12019\">Download<\/a><\/td>\n<\/tr>\n<\/tbody><\/table><\/div><\/p>\n<p>&nbsp;<\/p>\n<p>&nbsp;<\/p>\n<\/div><\/div><\/div><\/div><!--vgRowWrapper--><\/div><\/div><div id=\"pg-7014-1\"  class=\"panel-grid panel-has-style\" ><div class=\"vgRowWrapper panel-row-style panel-row-style-for-7014-1\" ><div class=\"vgRowWrapper\"><div id=\"pgc-7014-1-0\"  class=\"panel-grid-cell\" ><div id=\"panel-7014-1-0-0\" class=\"so-panel widget widget_black-studio-tinymce widget_black_studio_tinymce panel-first-child panel-last-child\" data-index=\"1\" ><div class=\"textwidget\"><h2 style=\"text-align: center;\">Des Certificats de Conformit\u00e9 AP UK<\/h2>\n<p>&nbsp;<\/p>\n<p><div class=\"table-responsive\"><table  style=\"width:960px; \"  class=\"easy-table easy-table-ap \" >\n<tbody>\r\n<tr><td  style=\"width:760px\" ><a href=\"https:\/\/www.apdiving.com\/en\/?ddownload=11706\">INSPIRATION XPD, EVP &amp; EVO - UK Declaration of Conformity<\/a> <\/td>\n<td  style=\"width:200px\" > 6th March 2024 <\/td>\n<td > <a href=\"https:\/\/www.apdiving.com\/en\/?ddownload=11706\">Download<\/a><\/td>\n<\/tr>\n<\/tbody><\/table><\/div><\/p>\n<p>&nbsp;<\/p>\n<p>&nbsp;<\/p>\n<\/div><\/div><\/div><\/div><!--vgRowWrapper--><\/div><\/div><div id=\"pg-7014-2\"  class=\"panel-grid panel-has-style\" ><div class=\"vgRowWrapper panel-row-style panel-row-style-for-7014-2\" ><div class=\"vgRowWrapper\"><div id=\"pgc-7014-2-0\"  class=\"panel-grid-cell\" ><div id=\"panel-7014-2-0-0\" class=\"so-panel widget widget_black-studio-tinymce widget_black_studio_tinymce panel-first-child panel-last-child\" data-index=\"2\" ><div class=\"textwidget\"><h2 style=\"text-align: center;\">Des Certificats de Conformit\u00e9 AP EU<\/h2>\n<p>&nbsp;<\/p>\n<p><div class=\"table-responsive\"><table  style=\"width:960px; \"  class=\"easy-table easy-table-ap \" >\n<tbody>\r\n<tr><td  style=\"width:760px\" ><a href=\"https:\/\/www.apdiving.com\/en\/?ddownload=11703\">INSPIRATION XPD, EVP &amp; EVO - EU Declaration of Conformity<\/a> <\/td>\n<td  style=\"width:200px\" > 6th March 2024 <\/td>\n<td > <a href=\"https:\/\/www.apdiving.com\/en\/?ddownload=11703\">Download<\/a><\/td>\n<\/tr>\n\r\n<tr><td ><a href=\"https:\/\/apdiving.com\/en\/?ddownload=9489\">RB110 OCB Open Circuit Bailout Mouthpiece\u00a0-\u00a0EU Declaration of Conformity<\/a>\u00a0<\/td>\n<td > 10th July 2019\u00a0<\/td>\n<td >\u00a0<a href=\"https:\/\/apdiving.com\/en\/?ddownload=9489\">Download<\/a><\/td>\n<\/tr>\n\r\n<tr><td ><a href=\"https:\/\/apdiving.com\/en\/?ddownload=9490\">RB13\u00a0Cylinder Valve\u00a0-\u00a0EU Declaration of Conformity<\/a>\u00a0<\/td>\n<td > 10th July 2019\u00a0<\/td>\n<td >\u00a0<a href=\"https:\/\/apdiving.com\/en\/?ddownload=9490\">Download<\/a><\/td>\n<\/tr>\n\r\n<tr><td ><a href=\"https:\/\/apdiving.com\/en\/?ddownload=11504\">FS101 First Stage\u00a0-\u00a0EU Declaration of Conformity<\/a>\u00a0<\/td>\n<td > 6th Sept 2023 <\/td>\n<td >\u00a0<a href=\"https:\/\/apdiving.com\/en\/?ddownload=11504\">Download<\/a><\/td>\n<\/tr>\n\r\n<tr><td ><a href=\"https:\/\/apdiving.com\/en\/?ddownload=11509\">FS101 First Stage\u00a0-\u00a0UK Declaration of Conformity<\/a>\u00a0<\/td>\n<td > 6th Sept 2023 <\/td>\n<td >\u00a0<a href=\"https:\/\/apdiving.com\/en\/?ddownload=11509\">Download<\/a><\/td>\n<\/tr>\n\r\n<tr><td ><a href=\"https:\/\/apdiving.com\/en\/?ddownload=9492\">Commando Reflex BCD with APV100 -\u00a0EU Declaration of Conformity<\/a>\u00a0<\/td>\n<td > 10th July 2019\u00a0<\/td>\n<td >\u00a0<a href=\"https:\/\/apdiving.com\/en\/?ddownload=9492\">Download<\/a><\/td>\n<\/tr>\n\r\n<tr><td ><a href=\"https:\/\/apdiving.com\/en\/?ddownload=9493\">Commando Reflex BCD with APV200 -\u00a0EU Declaration of Conformity<\/a>\u00a0<\/td>\n<td > 10th July 2019\u00a0<\/td>\n<td >\u00a0<a href=\"https:\/\/apdiving.com\/en\/?ddownload=9493\">Download<\/a><\/td>\n<\/tr>\n\r\n<tr><td ><a href=\"https:\/\/apdiving.com\/en\/?ddownload=9494\">Commando TD40\u00a0BCD with APV100 -\u00a0EU Declaration of Conformity<\/a>\u00a0<\/td>\n<td > 10th July 2019\u00a0<\/td>\n<td >\u00a0<a href=\"https:\/\/apdiving.com\/en\/?ddownload=9494\">Download<\/a><\/td>\n<\/tr>\n\r\n<tr><td ><a href=\"https:\/\/apdiving.com\/en\/?ddownload=9495\">Commando TD40\u00a0BCD with APV200 -\u00a0EU Declaration of Conformity<\/a>\u00a0<\/td>\n<td > 10th July 2019\u00a0<\/td>\n<td >\u00a0<a href=\"https:\/\/apdiving.com\/en\/?ddownload=9495\">Download<\/a><\/td>\n<\/tr>\n\r\n<tr><td ><a href=\"https:\/\/apdiving.com\/en\/?ddownload=9496\">Explorer\u00a0Reflex BCD with APV100 -\u00a0EU Declaration of Conformity<\/a>\u00a0<\/td>\n<td > 10th July 2019\u00a0<\/td>\n<td >\u00a0<a href=\"https:\/\/apdiving.com\/en\/?ddownload=9496\">Download<\/a><\/td>\n<\/tr>\n\r\n<tr><td ><a href=\"https:\/\/apdiving.com\/en\/?ddownload=9497\">Explorer\u00a0Reflex BCD with APV200 -\u00a0EU Declaration of Conformity<\/a>\u00a0<\/td>\n<td > 10th July 2019\u00a0<\/td>\n<td >\u00a0<a href=\"https:\/\/apdiving.com\/en\/?ddownload=9497\">Download<\/a><\/td>\n<\/tr>\n\r\n<tr><td ><a href=\"https:\/\/apdiving.com\/en\/?ddownload=9498\">Tekwing\u00a0Reflex BCD with APV100 -\u00a0EU Declaration of Conformity<\/a>\u00a0<\/td>\n<td > 10th July 2019\u00a0<\/td>\n<td >\u00a0<a href=\"https:\/\/apdiving.com\/en\/?ddownload=9498\">Download<\/a><\/td>\n<\/tr>\n\r\n<tr><td ><a href=\"https:\/\/apdiving.com\/en\/?ddownload=9499\">Tekwing\u00a0Reflex BCD with APV200 -\u00a0EU Declaration of Conformity<\/a>\u00a0<\/td>\n<td > 10th July 2019\u00a0<\/td>\n<td >\u00a0<a href=\"https:\/\/apdiving.com\/en\/?ddownload=9499\">Download<\/a><\/td>\n<\/tr>\n\r\n<tr><td ><a href=\"https:\/\/apdiving.com\/en\/?ddownload=9500\">Tekwing Lite Reflex BCD with APV100 -\u00a0EU Declaration of Conformity<\/a>\u00a0<\/td>\n<td > 10th July 2019\u00a0<\/td>\n<td >\u00a0<a href=\"https:\/\/apdiving.com\/en\/?ddownload=9500\">Download<\/a><\/td>\n<\/tr>\n\r\n<tr><td ><a href=\"https:\/\/apdiving.com\/en\/?ddownload=9502\">Tekwing Lite Reflex BCD with APV200 -\u00a0EU Declaration of Conformity<\/a>\u00a0<\/td>\n<td > 10th July 2019\u00a0<\/td>\n<td >\u00a0<a href=\"https:\/\/apdiving.com\/en\/?ddownload=9502\">Download<\/a><\/td>\n<\/tr>\n\r\n<tr><td ><a href=\"https:\/\/apdiving.com\/en\/?ddownload=9503\">Travelwing BCD with APV100 -\u00a0EU Declaration of Conformity<\/a>\u00a0<\/td>\n<td > 10th July 2019\u00a0<\/td>\n<td >\u00a0<a href=\"https:\/\/apdiving.com\/en\/?ddownload=9503\">Download<\/a><\/td>\n<\/tr>\n\r\n<tr><td ><a href=\"https:\/\/apdiving.com\/en\/?ddownload=9504\">Travelwing BCD with APV300 -\u00a0EU Declaration of Conformity<\/a>\u00a0<\/td>\n<td > 10th July 2019\u00a0<\/td>\n<td >\u00a0<a href=\"https:\/\/apdiving.com\/en\/?ddownload=9504\">Download<\/a><\/td>\n<\/tr>\n\r\n<tr><td ><a href=\"https:\/\/apdiving.com\/en\/?ddownload=9505\">Escape\u00a0BCD with APV100 -\u00a0EU Declaration of Conformity<\/a>\u00a0<\/td>\n<td > 10th July 2019\u00a0<\/td>\n<td >\u00a0<a href=\"https:\/\/apdiving.com\/en\/?ddownload=9505\">Download<\/a><\/td>\n<\/tr>\n\r\n<tr><td ><a href=\"https:\/\/apdiving.com\/en\/?ddownload=9506\">Escape\u00a0BCD with APV300 -\u00a0EU Declaration of Conformity<\/a>\u00a0<\/td>\n<td > 10th July 2019\u00a0<\/td>\n<td >\u00a0<a href=\"https:\/\/apdiving.com\/en\/?ddownload=9506\">Download<\/a><\/td>\n<\/tr>\n\r\n<tr><td ><a href=\"https:\/\/apdiving.com\/en\/?ddownload=9507\">Trident\u00a0BCD with AP100 -\u00a0EU Declaration of Conformity<\/a>\u00a0<\/td>\n<td > 10th July 2019\u00a0<\/td>\n<td >\u00a0<a href=\"https:\/\/apdiving.com\/en\/?ddownload=9507\">Download<\/a><\/td>\n<\/tr>\n\r\n<tr><td ><a href=\"https:\/\/apdiving.com\/en\/?ddownload=9508\">Trident\u00a0BCD with AP200 -\u00a0EU Declaration of Conformity<\/a>\u00a0<\/td>\n<td > 10th July 2019\u00a0<\/td>\n<td >\u00a0<a href=\"https:\/\/apdiving.com\/en\/?ddownload=9508\">Download<\/a><\/td>\n<\/tr>\n\r\n<tr><td ><a href=\"https:\/\/apdiving.com\/en\/?ddownload=9509\">Double Gold\u00a0BCD with AP200 -\u00a0EU Declaration of Conformity<\/a>\u00a0<\/td>\n<td > 10th July 2019\u00a0<\/td>\n<td >\u00a0<a href=\"https:\/\/apdiving.com\/en\/?ddownload=9509\">Download<\/a><\/td>\n<\/tr>\n\r\n<tr><td ><a href=\"https:\/\/apdiving.com\/en\/?ddownload=9510\">Redwing\u00a0BCD with AP100 -\u00a0EU Declaration of Conformity<\/a>\u00a0<\/td>\n<td > 10th July 2019\u00a0<\/td>\n<td >\u00a0<a href=\"https:\/\/apdiving.com\/en\/?ddownload=9510\">Download<\/a><\/td>\n<\/tr>\n\r\n<tr><td ><a href=\"https:\/\/apdiving.com\/en\/?ddownload=9511\">Redwing\u00a0BCD with AP200 -\u00a0EU Declaration of Conformity<\/a>\u00a0<\/td>\n<td > 10th July 2019\u00a0<\/td>\n<td >\u00a0<a href=\"https:\/\/apdiving.com\/en\/?ddownload=9511\">Download<\/a><\/td>\n<\/tr>\n\r\n<tr><td ><a href=\"https:\/\/apdiving.com\/en\/?ddownload=9512\">AP8 Cylinder Valve\u00a0-\u00a0EU Declaration of Conformity<\/a>\u00a0<\/td>\n<td > 10th July 2019\u00a0<\/td>\n<td >\u00a0<a href=\"https:\/\/apdiving.com\/en\/?ddownload=9512\">Download<\/a><\/td>\n<\/tr>\n\r\n<tr><td ><a href=\"https:\/\/apdiving.com\/en\/?ddownload=9513\">AP92 &amp; AP93 Cylinder Valves -\u00a0EU Declaration of Conformity<\/a>\u00a0<\/td>\n<td > 10th July 2019\u00a0<\/td>\n<td >\u00a0<a href=\"https:\/\/apdiving.com\/en\/?ddownload=9513\">Download<\/a><\/td>\n<\/tr>\n<\/tbody><\/table><\/div><\/p>\n<p>&nbsp;<\/p>\n<p>&nbsp;<\/p>\n<\/div><\/div><\/div><\/div><!--vgRowWrapper--><\/div><\/div><\/div>","protected":false},"excerpt":{"rendered":"<p>\u00a0 Cliquez sur le lien ci-dessous pour commencer \u00e0 t\u00e9l\u00e9charger les derni\u00e8res versions des certificats de conformit\u00e9 AP EU. Ce sont en format PDF. Vous aurez besoin d&#8217;un logiciel compatible pour ouvrir ce fichier PDF. Un logiciel compatible PDF gratuit est disponible ici: Adobe Reader &nbsp; Certificats Module D EU et UK &nbsp; \u00a0 &nbsp; <a href=\"https:\/\/www.apdiving.eu\/fr\/rebreathers\/resources\/eu-certification\/\">[Read More &hellip;]<\/a><\/p>\n","protected":false},"author":4,"featured_media":0,"parent":4646,"menu_order":0,"comment_status":"open","ping_status":"closed","template":"","meta":{"footnotes":""},"class_list":["post-7014","page","type-page","status-publish","hentry"],"_links":{"self":[{"href":"https:\/\/www.apdiving.eu\/fr\/wp-json\/wp\/v2\/pages\/7014","targetHints":{"allow":["GET"]}}],"collection":[{"href":"https:\/\/www.apdiving.eu\/fr\/wp-json\/wp\/v2\/pages"}],"about":[{"href":"https:\/\/www.apdiving.eu\/fr\/wp-json\/wp\/v2\/types\/page"}],"author":[{"embeddable":true,"href":"https:\/\/www.apdiving.eu\/fr\/wp-json\/wp\/v2\/users\/4"}],"replies":[{"embeddable":true,"href":"https:\/\/www.apdiving.eu\/fr\/wp-json\/wp\/v2\/comments?post=7014"}],"version-history":[{"count":2,"href":"https:\/\/www.apdiving.eu\/fr\/wp-json\/wp\/v2\/pages\/7014\/revisions"}],"predecessor-version":[{"id":7257,"href":"https:\/\/www.apdiving.eu\/fr\/wp-json\/wp\/v2\/pages\/7014\/revisions\/7257"}],"up":[{"embeddable":true,"href":"https:\/\/www.apdiving.eu\/fr\/wp-json\/wp\/v2\/pages\/4646"}],"wp:attachment":[{"href":"https:\/\/www.apdiving.eu\/fr\/wp-json\/wp\/v2\/media?parent=7014"}],"curies":[{"name":"wp","href":"https:\/\/api.w.org\/{rel}","templated":true}]}}