{"id":7,"date":"2013-07-22T15:17:55","date_gmt":"2013-07-22T15:17:55","guid":{"rendered":"http:\/\/ap.msurl.net\/blog\/?page_id=7"},"modified":"2020-07-31T08:13:55","modified_gmt":"2020-07-31T08:13:55","slug":"rebreathers","status":"publish","type":"page","link":"https:\/\/www.apdiving.eu\/fr\/rebreathers\/","title":{"rendered":"Rebreathers"},"content":{"rendered":"<div id=\"pl-7\"  class=\"panel-layout\" ><div id=\"pg-7-0\"  class=\"panel-grid panel-has-style\" ><div class=\"sep panel-row-style panel-row-style-for-7-0\" ><div class=\"vgRowWrapper\"><div id=\"pgc-7-0-0\"  class=\"panel-grid-cell\" ><div class=\"vgLinkPoint\"><a name=\"dcouvrir-le-recycleur\"><\/a><input type=\"hidden\" class=\"linkpointtext\" value=\"D\u00c9COUVRIR LE RECYCLEUR\" \/><input type=\"hidden\" class=\"linkpointimg\" value=\"https:\/\/www.apdiving.eu\/fr\/wp-content\/uploads\/rebreather-landing-carousel-discover-ccr.jpg\" \/><\/div><div id=\"panel-7-0-0-1\" class=\"so-panel widget widget_black-studio-tinymce widget_black_studio_tinymce\" data-index=\"1\" ><div class=\"textwidget\"><h2>VOUS DECOUVREZ LE RECYCLEUR ?<\/h2>\n<h3>Le voyage d\u00e9bute ici ...<\/h3>\n<p><strong>Lorsque AP Diving fabriqua le premier recycleur circuit-ferm\u00e9 de s\u00e9rie au monde en 1997, les magasines de plong\u00e9es consid\u00e9r\u00e8rent cet \u00e9v\u00e9nement comme :<\/strong><\/p>\n<blockquote>\n<p>\u201cLe d\u00e9veloppement le plus important en plong\u00e9e depuis l'invention de l'Aqualung par Cousteau \u2026\"<\/p>\n<\/blockquote>\n<p>L'Inspiration repousse les limites de nos capacit\u00e9s et ouvre l'acc\u00e8s \u00e0 de nouveaux mondes sous-marins \u2026 Il nous offre, pour la premi\u00e8re fois, la capacit\u00e9 de plonger plus profond et plus longtemps pour d\u00e9couvrir le \u201cMonde du Silence\u201d tel qu'il devrait \u00eatre \u2026 silencieux.<\/p>\n<p>\u00a0Imaginez une plong\u00e9e si silencieuse que vous n'\u00eates plus un intrus dans le paysage : vous fa\u00eetes parti du paysage.<\/p>\n<p><strong>Si vous \u00eates novice dans cette activit\u00e9, qui de mieux pour vous montrer le chemin que ceux qui ont tout commenc\u00e9 ?<\/strong><\/p>\n<\/div><\/div><div class=\"vgLinkSingle\"><a  class=\"vgLink yellow\" href=\"https:\/\/apdiving.eu\/fr\/rebreathers\/new-to-ccr\/\">Comment fonctionne un recycleur<br\/>Les Avantages \u2013 Est-ce fait pour vous?<\/a><\/div><\/div><div id=\"pgc-7-0-1\"  class=\"panel-grid-cell\" ><div class=\"vg-image-widget\"><img decoding=\"async\" src=\"https:\/\/www.apdiving.eu\/fr\/wp-content\/uploads\/new-to-ccr2.jpg\" alt=\"\"\/><span class=\"caption\">Mike Etheredge &copy;<\/span><\/div><\/div><\/div><!--vgRowWrapper--><\/div><\/div><div id=\"pg-7-1\"  class=\"panel-grid panel-no-style\" ><div class=\"vgRowWrapper\"><div id=\"pgc-7-1-0\"  class=\"panel-grid-cell\" ><div class=\"vgLinkPoint\"><a name=\"des-inspirations-diffrent-e-s\"><\/a><input type=\"hidden\" class=\"linkpointtext\" value=\"DES INSPIRATIONS DIFF\u00c9RENT(E)S\" \/><input type=\"hidden\" class=\"linkpointimg\" value=\"https:\/\/www.apdiving.eu\/fr\/wp-content\/uploads\/rebreather-landing-carousel-different-inspiration1.jpg\" \/><\/div><div id=\"panel-7-1-0-1\" class=\"so-panel widget widget_black-studio-tinymce widget_black_studio_tinymce\" data-index=\"5\" ><div class=\"textwidget\"><h2 style=\"text-align: center;\">LES RECYCLEURS NE SONT PAS TOUS IDENTIQUES<\/h2>\n<h3 style=\"text-align: center;\">Certains sont uniques.<\/h3>\n<\/div><\/div><div class=\"vg-image-widget\"><img decoding=\"async\" src=\"https:\/\/www.apdiving.eu\/fr\/wp-content\/uploads\/rebreathers-inspiration-range-2020-vision-xpd-evp-evo-apdiving.jpg\" alt=\"\"\/><span class=\"caption\">Jeff Parker AP &copy;<\/span><\/div><div id=\"panel-7-1-0-3\" class=\"so-panel widget widget_black-studio-tinymce widget_black_studio_tinymce\" data-index=\"7\" ><div class=\"textwidget\"><p><strong>L'Inspiration a initi\u00e9 la \u201cR\u00e9volution Recycleur\u201d.<\/strong> Il a \u00e9t\u00e9 le premier recycleur de s\u00e9rie financi\u00e8rement abordable et a fix\u00e9 les standards en terme de performance, qualit\u00e9 et s\u00e9curit\u00e9 \u2013 le seul \u00e0 offrir un r\u00e9seau mondial de formateurs et de techniciens.<\/p><p>Aujourd'hui, l'Inspiration a plus de caract\u00e9ristiques exclusives que tous les autres fabricants r\u00e9unis. Et ce ne sont pas des fonctions gadget mais bien des \u00e9l\u00e9ments absolument essentiels tel que le syst\u00e8me de secours intelligent pour le contr\u00f4le de l'oxyg\u00e8ne, la gestion de l'alimentation, des bailouts et l'affichage des informations de fonctionnement.<\/p><\/div><\/div><div class=\"vgLinkSingle\"><a  class=\"vgLink yellow\" href=\"https:\/\/apdiving.eu\/fr\/rebreathers\/why-inspiration\/\">Pourquoi Inspiration? - En savoir plus<\/a><\/div><\/div><\/div><!--vgRowWrapper--><\/div><div id=\"pg-7-2\"  class=\"panel-grid panel-has-style\" ><div id=\"parallex_bg6\" class=\"panel-row-style panel-row-style-for-7-2\" ><div class=\"vgRowWrapper\"><div id=\"pgc-7-2-0\"  class=\"panel-grid-cell\" ><div id=\"panel-7-2-0-0\" class=\"so-panel widget widget_black-studio-tinymce widget_black_studio_tinymce panel-first-child panel-last-child\" data-index=\"9\" ><div class=\"textwidget\"><p>\n    <div id=\"parallax_container6270\" class=\"parallax-window-container adamrob_parallax_fullwidth \">\n\n<section id=\"parallax_6270\" class=\"adamrob_parallax adamrob_parallax_fullwidth  \" style=\"height:700px; background-image: url(https:\/\/www.apdiving.eu\/fr\/wp-content\/uploads\/Campbell-Manta-2_Dr-Andrea-Marshall.jpg); background-size: cover;\" speed=\"0\">\n\n\n\t<div id=\"parallax_6270_content\" class=\"adamrob_pcontainer\" style=\"height:700px;\">\n\n\n\t\t<div id=\"parallax_6270_posttitle\" class=\"adamrob_parallax_posttitle\" style=\"text-align:center; padding:20px;\">\n\t\t\t<div style=\"font-size: 56px;\r\ndisplay:none;\r\ncolor: #fff;\r\nfont-family: &quot;Helvetica W01 Light&quot;;\r\nbackground-color: rgba(0, 0, 0, 0.68);\r\npadding: 5px 25px;\r\ncolor: #fd0;\">\n\t\t\t\tManta Ray Shot with Credits\t\t\t<\/div>\n\t\t<\/div>\n\n\t\t<div id=\"parallax_6270_postcontent\" class=\"adamrob_parallax_postcontent\" id=\"6270_parallax_content_post\" style=\"padding:20px;\">\n\t\t\t<p class=\"px-credits\">\u00a9 Dr Andrea Marshall<\/p>\n\t\t<\/div>\n\n\t\n\n\t<\/div>\n\n<\/section>\n\t\n\t\t    <\/div>\n\t<\/p>\n<\/div><\/div><\/div><\/div><!--vgRowWrapper--><\/div><\/div><div id=\"pg-7-3\"  class=\"panel-grid panel-has-style\" ><div class=\"sep panel-row-style panel-row-style-for-7-3\" ><div class=\"vgRowWrapper\"><div id=\"pgc-7-3-0\"  class=\"panel-grid-cell\" ><div class=\"vgLinkPoint\"><a name=\"conus-pour-l-aventure\"><\/a><input type=\"hidden\" class=\"linkpointtext\" value=\"CON\u00c7US POUR L'AVENTURE\" \/><input type=\"hidden\" class=\"linkpointimg\" value=\"https:\/\/www.apdiving.eu\/fr\/wp-content\/uploads\/carousel-bg-metal-apdiving.jpg\" \/><\/div><div class=\"vg-image-widget\"><img decoding=\"async\" src=\"https:\/\/www.apdiving.eu\/fr\/wp-content\/uploads\/built-for-adventure.jpg\" alt=\"\"\/><span class=\"caption\">Mike Wynd &copy;<\/span><\/div><\/div><div id=\"pgc-7-3-1\"  class=\"panel-grid-cell\" ><div id=\"panel-7-3-1-0\" class=\"so-panel widget widget_black-studio-tinymce widget_black_studio_tinymce panel-first-child\" data-index=\"12\" ><div class=\"textwidget\"><h2>FABRIQUES POUR L'AVENTURE<\/h2>\n<h3>Construit pour Vous.<\/h3>\n<p>Les Recycleurs AP Inspiration sont fabriqu\u00e9s \u00e0 la demande pour s'adapter \u00e0 votre taille, gabarit et \u00e0 votre fa\u00e7on de plonger. Choisissez parmi 3 mod\u00e8les, 3 tailles de ch\u00e2ssis, 5 tailles de harnais, 2 tailles d'enveloppe de gilet, 2 tailles de bouteilles, 2 dur\u00e9es d'utilisation de la cartouche de chaux ainsi que de multiples options et mises \u00e0 niveau allant du type de connexion de flexibles au choix des faux-poumons, ou des options de d\u00e9compression avanc\u00e9es jusqu'\u00e0 la gestion des m\u00e9langes\u00a0Trimix.<\/p>\n<p>L'Inspiration vous laisse construire un recycleur \u00e0 votre demande en 3 \u00e9tapes simples :<\/p>\n<p>1. D\u00e9couvrir le mod\u00e8le id\u00e9al<br \/> 2. Nous l'assemblons selon vos demandes sp\u00e9cifiques<br \/> 3. Trouvez l'instructeur le plus proche et rejoignez-nous pour la R\u00e9volution Recycleur.<\/p>\n<p>\u00a0<\/p>\n<p>\u00a0<\/p>\n<\/div><\/div><div class=\"vgLinkSingle\"><a  class=\"vgLink yellow\" href=\"https:\/\/apdiving.eu\/fr\/rebreathers\/which-ccr\/\">Quel Inspiration est le plus adapt\u00e9 \u00e0 vos besoins? <\/a><\/div><\/div><\/div><!--vgRowWrapper--><\/div><\/div><div id=\"pg-7-4\"  class=\"panel-grid panel-has-style\" ><div class=\"sep panel-row-style panel-row-style-for-7-4\" ><div class=\"vgRowWrapper\"><div id=\"pgc-7-4-0\"  class=\"panel-grid-cell\" ><div class=\"vgLinkPoint\"><a name=\"encore-plus-en-profondeur\"><\/a><input type=\"hidden\" class=\"linkpointtext\" value=\"ENCORE PLUS EN PROFONDEUR\" \/><input type=\"hidden\" class=\"linkpointimg\" value=\"https:\/\/www.apdiving.eu\/fr\/wp-content\/uploads\/rebreathers-features-carousel-breathe-easy-11.jpg\" \/><\/div><div id=\"panel-7-4-0-1\" class=\"so-panel widget widget_black-studio-tinymce widget_black_studio_tinymce\" data-index=\"15\" ><div class=\"textwidget\"><h2>VOIR UN PEU PLUS LOIN<\/h2>\n<h3>Les petits d\u00e9tails font les grandes diff\u00e9rences<\/h3>\n<p><strong>Tous les composants que nous fabriquons chez AP sont dessin\u00e9s, con\u00e7us et test\u00e9s par des plongeurs, pour des plongeurs.<\/strong> De la plus petite boucle de sangle \u00e0 la cartouche de chaux, des flexibles modulables par l\u2019utilisateur au syst\u00e8me avanc\u00e9 de contr\u00f4le de l'oxyg\u00e8ne ou des r\u00e9cents faux-poumons dorsaux \u2013 tout est le r\u00e9sultat d'un travail pr\u00e9cis d'expertise et de conception avec une seule id\u00e9e en t\u00eate : vous.<\/p>\n<p>La volont\u00e9 d'am\u00e9lioration de notre propre mat\u00e9riel de plong\u00e9e est \u00e0 l'origine de la cr\u00e9ation de la soci\u00e9t\u00e9 dans les ann\u00e9es 60. C'est avec cette philosophie et avec toutes ces ann\u00e9es d'exp\u00e9rience dans la fabrication du mat\u00e9riel de plong\u00e9e que nous travaillons encore aujourd'hui.<\/p>\n<p>\u00a0<\/p>\n<\/div><\/div><div class=\"vgLinkSingle\"><a  class=\"vgLink yellow\" href=\"https:\/\/apdiving.eu\/fr\/rebreathers\/features\/\">Caract\u00e9ristiques exclusives \u2013 En savoir plus<\/a><\/div><\/div><div id=\"pgc-7-4-1\"  class=\"panel-grid-cell\" ><div class=\"vg-image-widget\"><img decoding=\"async\" src=\"https:\/\/www.apdiving.eu\/fr\/wp-content\/uploads\/rebreathers-r-and-d-test-diver-apdiving.jpg\" alt=\"\"\/><span class=\"caption\">Jeff Parker AP &copy;<\/span><\/div><\/div><\/div><!--vgRowWrapper--><\/div><\/div><div id=\"pg-7-5\"  class=\"panel-grid panel-has-style\" ><div class=\"sep panel-row-style panel-row-style-for-7-5\" ><div class=\"vgRowWrapper\"><div id=\"pgc-7-5-0\"  class=\"panel-grid-cell\" ><div class=\"vgLinkPoint\"><a name=\"une-technologie-aboutie\"><\/a><input type=\"hidden\" class=\"linkpointtext\" value=\"UNE TECHNOLOGIE ABOUTIE\" \/><input type=\"hidden\" class=\"linkpointimg\" value=\"https:\/\/www.apdiving.eu\/fr\/wp-content\/uploads\/rebreathers-features-carousel-tech3.jpg\" \/><\/div><div class=\"vg-image-widget\"><img decoding=\"async\" src=\"https:\/\/www.apdiving.eu\/fr\/wp-content\/uploads\/2020-vision-complex-technology-apdiving.jpg\" alt=\"\"\/><span class=\"caption\">Jeff Parker AP &copy;<\/span><\/div><\/div><div id=\"pgc-7-5-1\"  class=\"panel-grid-cell\" ><div id=\"panel-7-5-1-0\" class=\"so-panel widget widget_black-studio-tinymce widget_black_studio_tinymce panel-first-child\" data-index=\"20\" ><div class=\"textwidget\"><h2>UNE TECHNOLOGIE ABOUTIE<\/h2>\n<h3>Pour ne penser qu'\u00e0 l\u2019essentiel<\/h3>\n<p>La technologie se doit d'am\u00e9liorer votre plong\u00e9e \u2013 pas de la complexifier<\/p>\n<p>La technologie de pointe AP Vision vous informe \u00e0 tout moment et vous laisse le contr\u00f4le gr\u00e2ce \u00e0 son affichage toujours lisible, son syst\u00e8me d'auto-contr\u00f4le et de secours int\u00e9gr\u00e9 et son triple syst\u00e8me d'alarmes visuelle, graphique et auditive. Que vous soyez en mode plong\u00e9e ou en mode pr\u00e9-plong\u00e9e, l'interface \u201cpar \u00e9tapes\u201d de l'\u00e9lectronique Vision est intuitive et simple d'utilisation.<\/p>\n<p>Il aura fallu beaucoup r\u00e9fl\u00e9chir lors du processus de conception pour que n'ayez pas besoin de le faire lorsque vous \u00eates sous pression.<\/p>\n<\/div><\/div><div class=\"vgLinkSingle\"><a  class=\"vgLink yellow\" href=\"https:\/\/apdiving.eu\/fr\/rebreathers\/technology\/\">Une bonne Vision \u2013 Une Technologie aboutie<\/a><\/div><\/div><\/div><!--vgRowWrapper--><\/div><\/div><div id=\"pg-7-6\"  class=\"panel-grid panel-has-style\" ><div class=\"sep panel-row-style panel-row-style-for-7-6\" ><div class=\"vgRowWrapper\"><div id=\"pgc-7-6-0\"  class=\"panel-grid-cell\" ><div class=\"vgLinkPoint\"><a name=\"mise-a-niveau-simplifiee\"><\/a><input type=\"hidden\" class=\"linkpointtext\" value=\"MISE A NIVEAU SIMPLIFIEE\" \/><input type=\"hidden\" class=\"linkpointimg\" value=\"https:\/\/www.apdiving.eu\/fr\/wp-content\/uploads\/ap-diving-inspiration-carousel-buy-once.jpg\" \/><\/div><div id=\"panel-7-6-0-1\" class=\"so-panel widget widget_black-studio-tinymce widget_black_studio_tinymce\" data-index=\"23\" ><div class=\"textwidget\"><h2>ACHETEZ-LE UNE FOIS POUR TOUTE<\/h2>\n<h3>Modifiez-le quand bon vous semble<\/h3>\n<p>Votre recycleur va \u00e9voluer en m\u00eame temps que votre apprentissage. Aucun besoin d'en acheter un nouveau.<\/p>\n<p>L'Inspiration est modifiable par l'utilisateur \u2013 par mise \u00e0 jour logicielle ou ajout d'\u00e9quipements \u2013 durant tout le processus de formation du niveau le plus \u201cloisir\u201d jusqu'au niveau le plus technique, Trimix Hypoxique (au del\u00e0 de 100m)<\/p>\n<p>Un simple syst\u00e8me de mise \u00e0 jour par \u201ccode-clef\u201d vous permet de mettre \u00e0 niveau votre \u00e9lectronique et l'ensemble des algorithmes de d\u00e9compression en quelques secondes. La possibilit\u00e9 d'installer un logiciel adapt\u00e9 au niveau du plongeur en formation, permet \u00e0 l'instructeur de focaliser sur l\u2019essentiel. Pour le plongeur, plus besoin d'acheter un nouveau recycleur \u00e0 chaque passage d'une nouvelle certification : il suffit de mettre \u00e0 niveau son algorithme de d\u00e9compression et adapter selon ses besoins, les injecteurs manuels, syst\u00e8mes de connexion rapide de gaz, BOV, ADV, les syst\u00e8mes de fixation des bouteilles internes et externes, ...<\/p>\n<p>Avec le recycleur Inspiration, vous anticipez votre futur de plongeur, quelque soit votre fa\u00e7on ou lieu de plong\u00e9e.<\/p>\n<\/div><\/div><div class=\"vgLinkDouble\"><a  class=\"vgLink darkgray\" href=\"https:\/\/apdiving.eu\/fr\/rebreathers\/which-ccr\/\">En savoir plus<\/a><a  class=\"vgLink yellow\" href=\"https:\/\/apdiving.com\/shop\/rebreather.html?___store=fr_fr\">Passer une commande<\/a><\/div><\/div><div id=\"pgc-7-6-1\"  class=\"panel-grid-cell\" ><div class=\"vg-image-widget\"><img decoding=\"async\" src=\"https:\/\/www.apdiving.eu\/fr\/wp-content\/uploads\/Inspiration-xpd-no-HUS-June-2016.jpg\" alt=\"\"\/><\/div><div class=\"vg-image-widget\"><img decoding=\"async\" src=\"https:\/\/www.apdiving.eu\/fr\/wp-content\/uploads\/Inspiration-xpd-no-HUS-frontview-June-2016-copy.jpg\" alt=\"\"\/><\/div><\/div><\/div><!--vgRowWrapper--><\/div><\/div><div id=\"pg-7-7\"  class=\"panel-grid panel-no-style\" ><div class=\"vgRowWrapper\"><div id=\"pgc-7-7-0\"  class=\"panel-grid-cell\" ><div class=\"vg-image-widget\"><img decoding=\"async\" src=\"https:\/\/www.apdiving.eu\/fr\/wp-content\/uploads\/DSC_0029-300x300.jpg\" alt=\"\"\/><span class=\"caption\">Jake Kimpton AP &copy;<\/span><\/div><div id=\"panel-7-7-0-1\" class=\"so-panel widget widget_black-studio-tinymce widget_black_studio_tinymce panel-last-child\" data-index=\"28\" ><div class=\"panel-widget-style panel-widget-style-for-7-7-0-1\" ><div class=\"textwidget\"><h3>ON ASSURE VOS ARRIERES<\/h3>\n<p>AP Diving, c'est l'assurance d'un service apr\u00e8s-vente illimit\u00e9 de la part de personnes qui vous comprennent parfaitement : des plongeurs tout comme vous ! En 1969, nous avons commenc\u00e9 comme une famille de plongeurs choisissant simplement de faire le meilleur \u00e9quipement de plong\u00e9e au monde, servi par un support technique convivial, rapide et fournissant des informations pr\u00e9cises.<\/p>\n<p>Rien n'a chang\u00e9.<\/p>\n<\/div><\/div><\/div><\/div><div id=\"pgc-7-7-1\"  class=\"panel-grid-cell\" ><div class=\"vg-image-widget\"><img decoding=\"async\" src=\"https:\/\/www.apdiving.eu\/fr\/wp-content\/uploads\/tested-in-depth-300x300.jpg\" alt=\"\"\/><span class=\"caption\">Jake Kimpton AP &copy;<\/span><\/div><div id=\"panel-7-7-1-1\" class=\"so-panel widget widget_black-studio-tinymce widget_black_studio_tinymce panel-last-child\" data-index=\"30\" ><div class=\"panel-widget-style panel-widget-style-for-7-7-1-1\" ><div class=\"textwidget\"><h3>TESTE EN PROFONDEUR<\/h3>\n<p>Chaque produit AP est test\u00e9 de fa\u00e7on approfondi, non seulement directement sur le terrain, dans l'oc\u00e9an; mais aussi dans le centre de test de notre d\u00e9partement R&amp;D ici, en Cornwall, Grande-Bretagne. Ces installations nous permettent de simuler les conditions les plus \u00e9prouvantes, garantissant la production d'\u00e9quipements qui r\u00e9pondent, non seulement \u00e0 nos exigences de plongeurs, mais aussi atteignent et d\u00e9passent les plus stricts standards CE. C'est ainsi que nous pouvons constamment innover, inventer et d\u00e9velopper de nouveaux \u00e9quipements.<\/p>\n<\/div><\/div><\/div><\/div><div id=\"pgc-7-7-2\"  class=\"panel-grid-cell\" ><div class=\"vg-image-widget\"><img decoding=\"async\" src=\"https:\/\/www.apdiving.eu\/fr\/wp-content\/uploads\/pros-300x300.jpg\" alt=\"\"\/><span class=\"caption\">Photo by Cryille Mulard<\/span><\/div><div id=\"panel-7-7-2-1\" class=\"so-panel widget widget_black-studio-tinymce widget_black_studio_tinymce panel-last-child\" data-index=\"32\" ><div class=\"panel-widget-style panel-widget-style-for-7-7-2-1\" ><div class=\"textwidget\"><h3>CERTIFIE PAR DES PROS<\/h3>\n<p>Plongez l'esprit en paix. Depuis plus de 30 ans, AP Diving (pr\u00e9c\u00e9demment AP Valves) fabrique des \u00e9quipements sp\u00e9cifiques pour la Royal Navy, la police, les forces sp\u00e9ciales, les d\u00e9mineurs, les pompiers et les gardes-c\u00f4tes; mais aussi pour des grandes compagnies de r\u00e9cup\u00e9ration\/sauvetage, de transport maritime, de l'industrie du p\u00e9trole; des biologistes marins aux photographes, des r\u00e9alisateurs en exp\u00e9ditions extr\u00eames. Ils nous font tous confiance pour s'assurer que le boulot soit fait m\u00eame dans les conditions les plus difficiles.<\/p>\n<p>Vous le pouvez aussi.<\/p>\n<\/div><\/div><\/div><\/div><\/div><!--vgRowWrapper--><\/div><div id=\"pg-7-8\"  class=\"panel-grid panel-no-style\" ><div class=\"vgRowWrapper\"><div id=\"pgc-7-8-0\"  class=\"panel-grid-cell\" ><div class=\"vgLinkSingle\"><a  class=\"vgLink yellow\" href=\"https:\/\/apdiving.eu\/fr\/service\/\">Obtenez <br\/>un service unique<\/a><\/div><\/div><div id=\"pgc-7-8-1\"  class=\"panel-grid-cell\" ><div class=\"vgLinkSingle\"><a  class=\"vgLink yellow\" href=\"https:\/\/apdiving.eu\/fr\/about-ap\/rd-test-centre\/\">Plus d'informations<br\/>sur notre de R&D<\/a><\/div><\/div><div id=\"pgc-7-8-2\"  class=\"panel-grid-cell\" ><div class=\"vgLinkSingle\"><a  class=\"vgLink yellow\" href=\"https:\/\/apdiving.eu\/fr\/community\/pro-inspiration\/\">Voyez ce que<br\/>les plongeurs en pensent<\/a><\/div><\/div><\/div><!--vgRowWrapper--><\/div><\/div>","protected":false},"excerpt":{"rendered":"<p>VOUS DECOUVREZ LE RECYCLEUR ? Le voyage d\u00e9bute ici &#8230; Lorsque AP Diving fabriqua le premier recycleur circuit-ferm\u00e9 de s\u00e9rie au monde en 1997, les magasines de plong\u00e9es consid\u00e9r\u00e8rent cet \u00e9v\u00e9nement comme : \u201cLe d\u00e9veloppement le plus important en plong\u00e9e depuis l&#8217;invention de l&#8217;Aqualung par Cousteau \u2026&#8221; L&#8217;Inspiration repousse les limites de nos capacit\u00e9s et <a href=\"https:\/\/www.apdiving.eu\/fr\/?p=6270\">[Read More &hellip;]<\/a><\/p>\n","protected":false},"author":4,"featured_media":0,"parent":0,"menu_order":0,"comment_status":"open","ping_status":"open","template":"","meta":{"footnotes":""},"class_list":["post-7","page","type-page","status-publish","hentry"],"_links":{"self":[{"href":"https:\/\/www.apdiving.eu\/fr\/wp-json\/wp\/v2\/pages\/7","targetHints":{"allow":["GET"]}}],"collection":[{"href":"https:\/\/www.apdiving.eu\/fr\/wp-json\/wp\/v2\/pages"}],"about":[{"href":"https:\/\/www.apdiving.eu\/fr\/wp-json\/wp\/v2\/types\/page"}],"author":[{"embeddable":true,"href":"https:\/\/www.apdiving.eu\/fr\/wp-json\/wp\/v2\/users\/4"}],"replies":[{"embeddable":true,"href":"https:\/\/www.apdiving.eu\/fr\/wp-json\/wp\/v2\/comments?post=7"}],"version-history":[{"count":10,"href":"https:\/\/www.apdiving.eu\/fr\/wp-json\/wp\/v2\/pages\/7\/revisions"}],"predecessor-version":[{"id":7066,"href":"https:\/\/www.apdiving.eu\/fr\/wp-json\/wp\/v2\/pages\/7\/revisions\/7066"}],"wp:attachment":[{"href":"https:\/\/www.apdiving.eu\/fr\/wp-json\/wp\/v2\/media?parent=7"}],"curies":[{"name":"wp","href":"https:\/\/api.w.org\/{rel}","templated":true}]}}