{"id":6962,"date":"2018-04-17T11:44:16","date_gmt":"2018-04-17T11:44:16","guid":{"rendered":"https:\/\/www.apdiving.com\/fr\/?page_id=6962"},"modified":"2018-04-30T10:23:36","modified_gmt":"2018-04-30T10:23:36","slug":"firmware","status":"publish","type":"page","link":"https:\/\/www.apdiving.eu\/fr\/rebreathers\/resources\/firmware\/","title":{"rendered":"Firmware"},"content":{"rendered":"<div id=\"pl-6962\"  class=\"panel-layout\" ><div id=\"pg-6962-0\"  class=\"panel-grid panel-has-style\" ><div class=\"panel-row-style panel-row-style-for-6962-0\" ><div class=\"vgRowWrapper\"><div id=\"pgc-6962-0-0\"  class=\"panel-grid-cell\" ><div class=\"vgLinkPoint\"><a name=\"2020vision-firmware-v07-01-00\"><\/a><input type=\"hidden\" class=\"linkpointtext\" value=\"2020VISION Firmware V07.01.00\" \/><input type=\"hidden\" class=\"linkpointimg\" value=\"https:\/\/www.apdiving.eu\/fr\/wp-content\/uploads\/2020vision-firmware-update-apdiving-232x100.jpg\" \/><\/div><div class=\"vg-image-widget\"><img decoding=\"async\" src=\"https:\/\/www.apdiving.eu\/fr\/wp-content\/uploads\/colour-screen.jpg\" alt=\"\"\/><\/div><\/div><div id=\"pgc-6962-0-1\"  class=\"panel-grid-cell\" ><div id=\"panel-6962-0-1-0\" class=\"so-panel widget widget_black-studio-tinymce widget_black_studio_tinymce panel-first-child\" data-index=\"2\" ><div class=\"textwidget\"><h2 style=\"text-align: left;\">FIRMWARE VISION2020<\/h2>\n<p style=\"text-align: left;\">T\u00e9l\u00e9chargez ci-dessous la version la plus r\u00e9cente du firmware\u00a0VISION2020 (pour les combin\u00e9s couleur).<\/p>\n<p>Disponible en\u00a0: Fran\u00e7ais, Anglais, Allemand, Italien, Espagnol, Portugais, N\u00e9erlandais, Tch\u00e8que, Danois , Norv\u00e9gien, Su\u00e9dois, Polonais, Russe,\u00a0Chinois (traditionnel), Japonais et Cor\u00e9en.<\/p>\n<p><strong>Version actuelle : V07.01.00<\/strong><\/p>\n<\/div><\/div><div id=\"panel-6962-0-1-1\" class=\"so-panel widget widget_black-studio-tinymce widget_black_studio_tinymce panel-last-child\" data-index=\"3\" ><div class=\"textwidget\"><div id=\"wpi_shortcode\" class=\"wpi_icon wpi_icon_star\">\n<div class=\"wpi_text\"><a href='https:\/\/apdiving.com\/en\/?ddownload=9999\u2019' onclick='' class='wpi_designer_button   wpi_shadow wpi_shadow_no wpi_text_shadow_no wpi_texture_no wpi_border_bottom wpi_padding_15px wpi_7px wpi_designer_button_4348 wpi_icon wpi_icon_no wpi_icon_left  ' target='' rel=''><i class=''><\/i><span class='wpi_text'>T\u00c9L\u00c9CHARGEMENT 2020VISION V07.01.00<\/span><\/a><\/div>\n<\/div>\n<\/div><\/div><\/div><\/div><!--vgRowWrapper--><\/div><\/div><div id=\"pg-6962-1\"  class=\"panel-grid panel-has-style\" ><div class=\"panel-row-style panel-row-style-for-6962-1\" ><div class=\"vgRowWrapper\"><div id=\"pgc-6962-1-0\"  class=\"panel-grid-cell panel-grid-cell-empty\" ><\/div><div id=\"pgc-6962-1-1\"  class=\"panel-grid-cell\" ><div id=\"panel-6962-1-1-0\" class=\"so-panel widget widget_black-studio-tinymce widget_black_studio_tinymce panel-first-child panel-last-child\" data-index=\"4\" ><div class=\"textwidget\"><div id=\"wpi_shortcode\" class=\"wpi_icon wpi_icon_star\">\n<div class=\"wpi_text\"><a href='https:\/\/apdiving.eu\/fr\/rebreathers\/2020-software-updates-2018\/' onclick='' class='wpi_designer_button   wpi_shadow wpi_shadow_no wpi_text_shadow_no wpi_texture_no wpi_border_bottom wpi_padding_15px wpi_7px wpi_designer_button_4347 wpi_icon wpi_icon_expand wpi_icon_left  ' target='' rel=''><i class=''><\/i><span class='wpi_text'>PLUS D\u2019INFORMATION<\/span><\/a><\/div>\n<\/div>\n<\/div><\/div><\/div><\/div><!--vgRowWrapper--><\/div><\/div><div id=\"pg-6962-2\"  class=\"panel-grid panel-no-style\" ><div class=\"vgRowWrapper\"><div id=\"pgc-6962-2-0\"  class=\"panel-grid-cell panel-grid-cell-empty\" ><\/div><div id=\"pgc-6962-2-1\"  class=\"panel-grid-cell panel-grid-cell-mobile-last\" ><div class=\"vg-image-widget\"><img decoding=\"async\" src=\"https:\/\/www.apdiving.eu\/fr\/wp-content\/uploads\/separator-middle-1.jpg\" alt=\"\"\/><\/div><\/div><div id=\"pgc-6962-2-2\"  class=\"panel-grid-cell panel-grid-cell-empty\" ><\/div><\/div><!--vgRowWrapper--><\/div><div id=\"pg-6962-3\"  class=\"panel-grid panel-has-style\" ><div class=\"vgfull vg-spacing panel-row-style panel-row-style-for-6962-3\" ><div class=\"vgRowWrapper\"><div id=\"pgc-6962-3-0\"  class=\"panel-grid-cell\" ><div id=\"panel-6962-3-0-0\" class=\"so-panel widget widget_black-studio-tinymce widget_black_studio_tinymce panel-first-child\" data-index=\"6\" ><div class=\"textwidget\"><h2 style=\"text-align: left;\">\u00a0<\/h2>\n<h2 style=\"text-align: left;\">FIRMWARE\u00a0VISION 'MONO'<\/h2>\n<p style=\"text-align: left;\">T\u00e9l\u00e9chargez ci-dessous la version la plus r\u00e9cente du firmware\u00a0VISION\u00a0(pour les combin\u00e9s mono).<\/p>\n<p>Disponible en\u00a0: Fran\u00e7ais, Anglais, Allemand, Italien, Espagnol, Portugais, N\u00e9erlandais, Tch\u00e8que, Danois , Norv\u00e9gien, Su\u00e9dois, Polonais\u00a0et\u00a0Russe.<\/p>\n<p><strong>Version actuelle : V06.00.36<\/strong><\/p>\n<p>\u00a0<\/p>\n<p>\u00a0<\/p>\n<\/div><\/div><div id=\"panel-6962-3-0-1\" class=\"so-panel widget widget_black-studio-tinymce widget_black_studio_tinymce panel-last-child\" data-index=\"7\" ><div class=\"textwidget\"><div id=\"wpi_shortcode\" class=\"wpi_icon wpi_icon_star\">\n<div class=\"wpi_text\"><a href='https:\/\/apdiving.com\/en\/?ddownload=8810' onclick='' class='wpi_designer_button   wpi_shadow wpi_shadow_no wpi_text_shadow_no wpi_texture_no wpi_border_bottom wpi_padding_15px wpi_7px wpi_designer_button_4348 wpi_icon wpi_icon_no wpi_icon_left  ' target='' rel=''><i class=''><\/i><span class='wpi_text'>T\u00c9L\u00c9CHARGEMENT VISION MONO V6.00.36<\/span><\/a><\/div>\n<\/div>\n<\/div><\/div><\/div><div id=\"pgc-6962-3-1\"  class=\"panel-grid-cell\" ><div class=\"vgLinkPoint\"><a name=\"mono-vision-firmware-v06-00-36\"><\/a><input type=\"hidden\" class=\"linkpointtext\" value=\"'Mono' VISION Firmware V06.00.36\" \/><input type=\"hidden\" class=\"linkpointimg\" value=\"https:\/\/www.apdiving.eu\/fr\/wp-content\/uploads\/mono-vision-firmware-update-apdiving-232x100.jpg\" \/><\/div><div class=\"vg-image-widget\"><img decoding=\"async\" src=\"https:\/\/www.apdiving.eu\/fr\/wp-content\/uploads\/mono-screen.jpg\" alt=\"\"\/><\/div><\/div><\/div><!--vgRowWrapper--><\/div><\/div><\/div>","protected":false},"excerpt":{"rendered":"<p>FIRMWARE VISION2020T\u00e9l\u00e9chargez ci-dessous la version la plus r\u00e9cente du firmware\u00a0VISION2020 (pour les combin\u00e9s couleur).Disponible en\u00a0: Fran\u00e7ais, Anglais, Allemand, Italien, Espagnol, Portugais, N\u00e9erlandais, Tch\u00e8que, Danois , Norv\u00e9gien, Su\u00e9dois, Polonais, Russe,\u00a0Chinois (traditionnel), Japonais et Cor\u00e9en.Version actuelle : V07.01.00<\/p>\n","protected":false},"author":4,"featured_media":0,"parent":4646,"menu_order":0,"comment_status":"open","ping_status":"open","template":"","meta":{"footnotes":""},"class_list":["post-6962","page","type-page","status-publish","hentry"],"_links":{"self":[{"href":"https:\/\/www.apdiving.eu\/fr\/wp-json\/wp\/v2\/pages\/6962","targetHints":{"allow":["GET"]}}],"collection":[{"href":"https:\/\/www.apdiving.eu\/fr\/wp-json\/wp\/v2\/pages"}],"about":[{"href":"https:\/\/www.apdiving.eu\/fr\/wp-json\/wp\/v2\/types\/page"}],"author":[{"embeddable":true,"href":"https:\/\/www.apdiving.eu\/fr\/wp-json\/wp\/v2\/users\/4"}],"replies":[{"embeddable":true,"href":"https:\/\/www.apdiving.eu\/fr\/wp-json\/wp\/v2\/comments?post=6962"}],"version-history":[{"count":1,"href":"https:\/\/www.apdiving.eu\/fr\/wp-json\/wp\/v2\/pages\/6962\/revisions"}],"predecessor-version":[{"id":6963,"href":"https:\/\/www.apdiving.eu\/fr\/wp-json\/wp\/v2\/pages\/6962\/revisions\/6963"}],"up":[{"embeddable":true,"href":"https:\/\/www.apdiving.eu\/fr\/wp-json\/wp\/v2\/pages\/4646"}],"wp:attachment":[{"href":"https:\/\/www.apdiving.eu\/fr\/wp-json\/wp\/v2\/media?parent=6962"}],"curies":[{"name":"wp","href":"https:\/\/api.w.org\/{rel}","templated":true}]}}