{"id":6898,"date":"2016-09-20T08:39:46","date_gmt":"2016-09-20T08:39:46","guid":{"rendered":"http:\/\/www.apdiving.com\/fr\/?page_id=6898"},"modified":"2026-04-07T10:38:08","modified_gmt":"2026-04-07T10:38:08","slug":"software","status":"publish","type":"page","link":"https:\/\/www.apdiving.eu\/fr\/rebreathers\/resources\/software\/","title":{"rendered":"Software"},"content":{"rendered":"<div id=\"pl-6898\"  class=\"panel-layout\" ><div id=\"pg-6898-0\"  class=\"panel-grid panel-has-style\" ><div class=\"sep panel-row-style panel-row-style-for-6898-0\" ><div class=\"vgRowWrapper\"><div id=\"pgc-6898-0-0\"  class=\"panel-grid-cell\" ><div id=\"panel-6898-0-0-0\" class=\"so-panel widget widget_sow-image panel-first-child panel-last-child\" data-index=\"0\" ><div\n\t\t\t\n\t\t\tclass=\"so-widget-sow-image so-widget-sow-image-default-8b5b6f678277-6898\"\n\t\t\t\n\t\t>\n\n<div class=\"sow-image-container\">\n\t\t<img loading=\"lazy\" decoding=\"async\" src=\"https:\/\/www.apdiving.eu\/fr\/wp-content\/uploads\/ap-connect-3.png\" width=\"450\" height=\"560\" srcset=\"https:\/\/www.apdiving.eu\/fr\/wp-content\/uploads\/ap-connect-3.png 450w, https:\/\/www.apdiving.eu\/fr\/wp-content\/uploads\/ap-connect-3-241x300.png 241w\" sizes=\"auto, (max-width: 450px) 100vw, 450px\" alt=\"\" \t\tclass=\"so-widget-image\"\/>\n\t<\/div>\n\n<\/div><\/div><\/div><div id=\"pgc-6898-0-1\"  class=\"panel-grid-cell\" ><div id=\"panel-6898-0-1-0\" class=\"so-panel widget widget_black-studio-tinymce widget_black_studio_tinymce panel-first-child panel-last-child\" data-index=\"1\" ><div class=\"textwidget\"><h2>\u00a0<\/h2>\n<p>&nbsp;<\/p>\n<p>&nbsp;<\/p>\n<h2 style=\"text-align: left;\">AP\u00a0CONNECT<\/h2>\n<p>VEUILLEZ NOTER:<\/p>\n<p>AP CONNECT est d\u00e9sormais int\u00e9gr\u00e9 \u00e0 la derni\u00e8re version d'AP DIVESIGHT.<\/p>\n<p>Les t\u00e9l\u00e9chargements pour PC et Mac sont disponibles ci-dessous.<\/p>\n<\/div><\/div><\/div><\/div><!--vgRowWrapper--><\/div><\/div><div id=\"pg-6898-1\"  class=\"panel-grid panel-has-style\" ><div class=\"sep panel-row-style panel-row-style-for-6898-1\" ><div class=\"vgRowWrapper\"><div id=\"pgc-6898-1-0\"  class=\"panel-grid-cell\" ><div id=\"panel-6898-1-0-0\" class=\"so-panel widget widget_sow-image panel-first-child panel-last-child\" data-index=\"2\" ><div\n\t\t\t\n\t\t\tclass=\"so-widget-sow-image so-widget-sow-image-default-8b5b6f678277-6898\"\n\t\t\t\n\t\t>\n\n<div class=\"sow-image-container\">\n\t\t<img loading=\"lazy\" decoding=\"async\" src=\"https:\/\/www.apdiving.eu\/fr\/wp-content\/uploads\/ap-divesight.png\" width=\"450\" height=\"560\" srcset=\"https:\/\/www.apdiving.eu\/fr\/wp-content\/uploads\/ap-divesight.png 450w, https:\/\/www.apdiving.eu\/fr\/wp-content\/uploads\/ap-divesight-241x300.png 241w\" sizes=\"auto, (max-width: 450px) 100vw, 450px\" alt=\"\" \t\tclass=\"so-widget-image\"\/>\n\t<\/div>\n\n<\/div><\/div><\/div><div id=\"pgc-6898-1-1\"  class=\"panel-grid-cell\" ><div id=\"panel-6898-1-1-0\" class=\"so-panel widget widget_black-studio-tinymce widget_black_studio_tinymce panel-first-child panel-last-child\" data-index=\"3\" ><div class=\"textwidget\"><h2 style=\"text-align: left;\">AP DiveSight<\/h2>\n<h3>La nouvelle version du logiciel AP Logviewer<\/h3>\n<h4>(voir 'Legacy Software' ci-dessous)<\/h4>\n<ul>\n<li>Consultez vos profils de plong\u00e9e avec la possibilit\u00e9 de zoomer en temps r\u00e9el sur chaque d\u00e9tail<\/li>\n<li>Personnalisez l'affichage de vos profils et de carnets de plong\u00e9es \u00e9lectroniques<\/li>\n<\/ul>\n<h3>Compatibilit\u00e9<\/h3>\n<ul>\n<li style=\"text-align: left;\">Windows 7, 8, 10 et 11<\/li>\n<li style=\"text-align: left;\">Mac OSX 13.0+<\/li>\n<\/ul>\n<p><strong>T\u00e9l\u00e9charger Windows V2.0.6.1.exe<\/strong><\/p>\n<p style=\"text-align: left;\"><a href='https:\/\/www.apdiving.com\/en\/?ddownload=12060' onclick='' class='wpi_designer_button   wpi_shadow wpi_shadow_no wpi_text_shadow_no wpi_texture_no wpi_border_bottom wpi_padding_15px wpi_5px wpi_designer_button_6915 wpi_icon wpi_icon_fa-windows wpi_icon_left  ' target='' rel=''><i class=''><\/i><span class='wpi_text'>Windows<\/span><\/a><\/p>\n<p style=\"text-align: left;\"><strong>T\u00e9l\u00e9charger Mac V2.0.6.1.dmg<\/strong><\/p>\n<p style=\"text-align: left;\"><a href='https:\/\/www.apdiving.com\/en\/?ddownload=12067' onclick='' class='wpi_designer_button   wpi_shadow wpi_shadow_no wpi_text_shadow_no wpi_texture_no wpi_border_bottom wpi_padding_15px wpi_5px wpi_designer_button_6915 wpi_icon wpi_icon_fa-apple wpi_icon_left  ' target='' rel=''><i class=''><\/i><span class='wpi_text'>Mac<\/span><\/a><\/p>\n<p style=\"text-align: left;\">\u00a0<\/p>\n<\/div><\/div><\/div><\/div><!--vgRowWrapper--><\/div><\/div><div id=\"pg-6898-2\"  class=\"panel-grid panel-has-style\" ><div class=\"sep panel-row-style panel-row-style-for-6898-2\" ><div class=\"vgRowWrapper\"><div id=\"pgc-6898-2-0\"  class=\"panel-grid-cell\" ><div id=\"panel-6898-2-0-0\" class=\"so-panel widget widget_sow-image panel-first-child panel-last-child\" data-index=\"4\" ><div\n\t\t\t\n\t\t\tclass=\"so-widget-sow-image so-widget-sow-image-default-8b5b6f678277-6898\"\n\t\t\t\n\t\t>\n\n<div class=\"sow-image-container\">\n\t\t<img loading=\"lazy\" decoding=\"async\" src=\"https:\/\/www.apdiving.eu\/fr\/wp-content\/uploads\/ap-projection.png\" width=\"478\" height=\"721\" srcset=\"https:\/\/www.apdiving.eu\/fr\/wp-content\/uploads\/ap-projection.png 478w, https:\/\/www.apdiving.eu\/fr\/wp-content\/uploads\/ap-projection-199x300.png 199w\" sizes=\"auto, (max-width: 478px) 100vw, 478px\" alt=\"\" \t\tclass=\"so-widget-image\"\/>\n\t<\/div>\n\n<\/div><\/div><\/div><div id=\"pgc-6898-2-1\"  class=\"panel-grid-cell\" ><div id=\"panel-6898-2-1-0\" class=\"so-panel widget widget_black-studio-tinymce widget_black_studio_tinymce panel-first-child panel-last-child\" data-index=\"5\" ><div class=\"textwidget\"><h2>AP PROJECTION<\/h2>\n<h3>La Solution Multifonction de Planification de Plong\u00e9e Circuit-Ferm\u00e9 &amp; Circuit-Ouvert<\/h3>\n<p>Le logiciel AP Projection Dive Planner &amp; Store est l'un des plus puissants logiciel de planification de plong\u00e9e CC\/OC existant. Il permet de calculer rapidement les d\u00e9compression pour tous les types de gaz et les profils de plong\u00e9e. Il est fourni avec le \u00ab\u00a0DiveStore\u00a0\u00bb, une clef USB qui peut \u00eatre connect\u00e9e directement au recycleur (via la prise du Tempstick) afin de r\u00e9cup\u00e9rer toutes les plong\u00e9es enregistr\u00e9es. Le DiveStore peut contenir environ 1 000 plong\u00e9es et fourni aussi de la m\u00e9moire pour vos runtimes, vos photos ou autres ...<\/p>\n<ul>\n<li>Calcul simplifi\u00e9 pour tous les profils de plong\u00e9e CC\/OC avec tous les m\u00e9langes gazeux<\/li>\n<li>Utilise l'algorithme Buhlmann C et Hahn pour la d\u00e9saturation en surface<\/li>\n<li>Planifier des plong\u00e9es simple ou successives, souterraines ou sur \u00e9pave<\/li>\n<li>Clef USB de 1Go \u00e9tanche aux embruns, pour la sauvegarde de vos plong\u00e9es, profils, runtimes, photos \u2026<\/li>\n<li>Transfert du recycleur au PC par simple branchement de la clef DiveStore<\/li>\n<li>Personnalisez et imprimez votre table de plong\u00e9e et runtime<\/li>\n<\/ul>\n<p>Ce logiciel n\u00e9cessite une cl\u00e9 d'activation unique qui limite son utilisation \u00e0 un seul PC ou Mac. Les propri\u00e9taires existants de DiveStore ont cette cl\u00e9 int\u00e9gr\u00e9e et peuvent t\u00e9l\u00e9charger gratuitement la derni\u00e8re version ci-dessous.<\/p>\n<p>Les propri\u00e9taires d'unit\u00e9s 2020VISION qui n'ont pas besoin du stockage du DiveStore (en raison de l'\u00e9norme capacit\u00e9 de stockage int\u00e9gr\u00e9e) peuvent acheter une cl\u00e9 unique pour activer le logiciel AP Projection ci-dessous.<\/p>\n<p>Pour acheter une cl\u00e9 unique, veuillez contacter:<\/p>\n<p><a href=\"mailto:ccrsales@apdiving.com\">ccrsales@apdiving.com<\/a><\/p>\n<p>ou par t\u00e9l\u00e9phone au +44 (0) 1326 563 834.<\/p>\n<p style=\"text-align: left;\"><strong>T\u00e9l\u00e9charger <strong><strong><strong>V3.0.5.0<\/strong><\/strong><\/strong><\/strong><\/p>\n<p style=\"text-align: left;\"><a href='https:\/\/apdiving.com\/en\/?ddownload=10353' onclick='' class='wpi_designer_button   wpi_shadow wpi_shadow_no wpi_text_shadow_no wpi_texture_no wpi_border_bottom wpi_padding_15px wpi_5px wpi_designer_button_6915 wpi_icon wpi_icon_fa-windows wpi_icon_left  ' target='' rel=''><i class=''><\/i><span class='wpi_text'>Windows<\/span><\/a><\/p>\n<p style=\"text-align: left;\"><strong>Utilisateur de Mac ?<\/strong> Il est possible d'utiliser ce programme en passant par <a title=\"Run PC Programs on OSX\" href=\"http:\/\/www.parallels.com\/uk\/cross-platform-solutions\/\" target=\"_blank\" rel=\"noopener\">Parallels<\/a>.<\/p>\n<\/div><\/div><\/div><\/div><!--vgRowWrapper--><\/div><\/div><div id=\"pg-6898-3\"  class=\"panel-grid panel-has-style\" ><div class=\"sep panel-row-style panel-row-style-for-6898-3\" ><div class=\"vgRowWrapper\"><div id=\"pgc-6898-3-0\"  class=\"panel-grid-cell\" ><div id=\"panel-6898-3-0-0\" class=\"so-panel widget widget_sow-image panel-first-child panel-last-child\" data-index=\"6\" ><div\n\t\t\t\n\t\t\tclass=\"so-widget-sow-image so-widget-sow-image-default-8b5b6f678277-6898\"\n\t\t\t\n\t\t>\n\n<div class=\"sow-image-container\">\n\t\t<img loading=\"lazy\" decoding=\"async\" src=\"https:\/\/www.apdiving.eu\/fr\/wp-content\/uploads\/theme-designer.png\" width=\"545\" height=\"627\" srcset=\"https:\/\/www.apdiving.eu\/fr\/wp-content\/uploads\/theme-designer.png 545w, https:\/\/www.apdiving.eu\/fr\/wp-content\/uploads\/theme-designer-261x300.png 261w\" sizes=\"auto, (max-width: 545px) 100vw, 545px\" alt=\"\" \t\tclass=\"so-widget-image\"\/>\n\t<\/div>\n\n<\/div><\/div><\/div><div id=\"pgc-6898-3-1\"  class=\"panel-grid-cell\" ><div id=\"panel-6898-3-1-0\" class=\"so-panel widget widget_black-studio-tinymce widget_black_studio_tinymce panel-first-child panel-last-child\" data-index=\"7\" ><div class=\"textwidget\"><h2>PERSONNALISATION DES THEMES DE COULEURS<\/h2>\n<h3>Personnalisez votre afficheur 2020VISION<\/h3>\n<p>La personnalisation des couleurs permet au plongeur de cr\u00e9er des th\u00e8mes uniques, r\u00e9pondant \u00e0 ses pr\u00e9f\u00e9rences personnelles, sa perception des couleurs ou au conditions de plong\u00e9e. Un syst\u00e8me de garde-fou est int\u00e9gr\u00e9 pour \u00e9viter des choix de couleurs \u00e0 trop faibles contrastes. En dehors de cette s\u00e9curit\u00e9, c'est toute une palette de couleurs qu'il est possible d'exp\u00e9rimenter. Vous pouvez charger et sauvegarder jusqu'\u00e0 deux th\u00e8mes personnalis\u00e9s, \u00e0 choisir au d\u00e9marrage de l'appareil.<\/p>\n<p><strong>T\u00e9l\u00e9charger V1.0.6.0<\/strong><\/p>\n<p><a href='https:\/\/apdiving.com\/en\/?ddownload=10354' onclick='' class='wpi_designer_button   wpi_shadow wpi_shadow_no wpi_text_shadow_no wpi_texture_no wpi_border_bottom wpi_padding_15px wpi_5px wpi_designer_button_6915 wpi_icon wpi_icon_fa-windows wpi_icon_left  ' target='' rel=''><i class=''><\/i><span class='wpi_text'>Windows<\/span><\/a><\/p>\n<p><strong>Utilisateur de Mac ?<\/strong> Il est possible d'utiliser ce programme en passant par <a title=\"Run PC Programs on OSX\" href=\"http:\/\/www.parallels.com\/uk\/cross-platform-solutions\/\" target=\"_blank\" rel=\"noopener\">Parallels<\/a>.<\/p>\n<p style=\"text-align: left;\">\u00a0<\/p>\n<\/div><\/div><\/div><\/div><!--vgRowWrapper--><\/div><\/div><div id=\"pg-6898-4\"  class=\"panel-grid panel-no-style\" ><div class=\"vgRowWrapper\"><div id=\"pgc-6898-4-0\"  class=\"panel-grid-cell\" ><div id=\"panel-6898-4-0-0\" class=\"so-panel widget widget_black-studio-tinymce widget_black_studio_tinymce panel-first-child panel-last-child\" data-index=\"8\" ><div class=\"textwidget\"><h2 style=\"text-align: center;\">\u00a0<\/h2>\n<h2 style=\"text-align: center;\">LEGACY SOFTWARE<\/h2>\n<h3>\u00a0<\/h3>\n<\/div><\/div><\/div><\/div><!--vgRowWrapper--><\/div><div id=\"pg-6898-5\"  class=\"panel-grid panel-no-style\" ><div class=\"vgRowWrapper\"><div id=\"pgc-6898-5-0\"  class=\"panel-grid-cell\" ><div id=\"panel-6898-5-0-0\" class=\"so-panel widget widget_black-studio-tinymce widget_black_studio_tinymce panel-first-child panel-last-child\" data-index=\"9\" ><div class=\"textwidget\"><h2 style=\"text-align: left;\">AP COMMUNICATOR<\/h2>\n<h3>T\u00e9l\u00e9chargements rapides et faciles \u00e0 PC<\/h3>\n<p style=\"text-align: left;\">Les fichiers suivants comprennent les plus r\u00e9centes version des logiciels pour PC,\u00a0Log Viewer.<\/p>\n<p style=\"text-align: left;\"><strong>T\u00e9l\u00e9charger V5.2.14.0<\/strong><\/p>\n<p style=\"text-align: left;\"><a href='https:\/\/apdiving.com\/en\/?ddownload=10218' onclick='' class='wpi_designer_button   wpi_shadow wpi_shadow_no wpi_text_shadow_no wpi_texture_no wpi_border_bottom wpi_padding_15px wpi_5px wpi_designer_button_6915 wpi_icon wpi_icon_fa-windows wpi_icon_left  ' target='' rel=''><i class=''><\/i><span class='wpi_text'>Windows<\/span><\/a><\/p>\n<p><strong>Utilisateur de Mac ?<\/strong> Il est possible d'utiliser ce programme en passant par <a title=\"Run PC Programs on OSX\" href=\"http:\/\/www.parallels.com\/uk\/cross-platform-solutions\/\" target=\"_blank\" rel=\"noopener\">Parallels<\/a>.<\/p>\n<\/div><\/div><\/div><div id=\"pgc-6898-5-1\"  class=\"panel-grid-cell\" ><div id=\"panel-6898-5-1-0\" class=\"so-panel widget widget_sow-image panel-first-child panel-last-child\" data-index=\"10\" ><div\n\t\t\t\n\t\t\tclass=\"so-widget-sow-image so-widget-sow-image-default-8b5b6f678277-6898\"\n\t\t\t\n\t\t>\n\n<div class=\"sow-image-container\">\n\t\t<img loading=\"lazy\" decoding=\"async\" src=\"https:\/\/www.apdiving.eu\/fr\/wp-content\/uploads\/pc-software-1.png\" width=\"1108\" height=\"766\" srcset=\"https:\/\/www.apdiving.eu\/fr\/wp-content\/uploads\/pc-software-1.png 1108w, https:\/\/www.apdiving.eu\/fr\/wp-content\/uploads\/pc-software-1-300x207.png 300w, https:\/\/www.apdiving.eu\/fr\/wp-content\/uploads\/pc-software-1-768x531.png 768w, https:\/\/www.apdiving.eu\/fr\/wp-content\/uploads\/pc-software-1-1024x708.png 1024w\" sizes=\"auto, (max-width: 1108px) 100vw, 1108px\" title=\"pc-software\" alt=\"\" \t\tclass=\"so-widget-image\"\/>\n\t<\/div>\n\n<\/div><\/div><\/div><\/div><!--vgRowWrapper--><\/div><div id=\"pg-6898-6\"  class=\"panel-grid panel-no-style\" ><div class=\"vgRowWrapper\"><div id=\"pgc-6898-6-0\"  class=\"panel-grid-cell\" ><div id=\"panel-6898-6-0-0\" class=\"so-panel widget widget_sow-image panel-first-child panel-last-child\" data-index=\"11\" ><div\n\t\t\t\n\t\t\tclass=\"so-widget-sow-image so-widget-sow-image-default-8b5b6f678277-6898\"\n\t\t\t\n\t\t>\n\n<div class=\"sow-image-container\">\n\t\t<img loading=\"lazy\" decoding=\"async\" src=\"https:\/\/www.apdiving.eu\/fr\/wp-content\/uploads\/separator-middle-1.jpg\" width=\"970\" height=\"20\" srcset=\"https:\/\/www.apdiving.eu\/fr\/wp-content\/uploads\/separator-middle-1.jpg 970w, https:\/\/www.apdiving.eu\/fr\/wp-content\/uploads\/separator-middle-1-300x6.jpg 300w, https:\/\/www.apdiving.eu\/fr\/wp-content\/uploads\/separator-middle-1-768x16.jpg 768w\" sizes=\"auto, (max-width: 970px) 100vw, 970px\" alt=\"\" \t\tclass=\"so-widget-image\"\/>\n\t<\/div>\n\n<\/div><\/div><\/div><\/div><!--vgRowWrapper--><\/div><div id=\"pg-6898-7\"  class=\"panel-grid panel-has-style\" ><div class=\"sep panel-row-style panel-row-style-for-6898-7\" ><div class=\"vgRowWrapper\"><div id=\"pgc-6898-7-0\"  class=\"panel-grid-cell\" ><div id=\"panel-6898-7-0-0\" class=\"so-panel widget widget_sow-image panel-first-child panel-last-child\" data-index=\"12\" ><div\n\t\t\t\n\t\t\tclass=\"so-widget-sow-image so-widget-sow-image-default-8b5b6f678277-6898\"\n\t\t\t\n\t\t>\n\n<div class=\"sow-image-container\">\n\t\t<img loading=\"lazy\" decoding=\"async\" src=\"https:\/\/www.apdiving.eu\/fr\/wp-content\/uploads\/ap-logviewer.jpg\" width=\"450\" height=\"481\" srcset=\"https:\/\/www.apdiving.eu\/fr\/wp-content\/uploads\/ap-logviewer.jpg 450w, https:\/\/www.apdiving.eu\/fr\/wp-content\/uploads\/ap-logviewer-281x300.jpg 281w\" sizes=\"auto, (max-width: 450px) 100vw, 450px\" alt=\"\" \t\tclass=\"so-widget-image\"\/>\n\t<\/div>\n\n<\/div><\/div><\/div><div id=\"pgc-6898-7-1\"  class=\"panel-grid-cell\" ><div id=\"panel-6898-7-1-0\" class=\"so-panel widget widget_black-studio-tinymce widget_black_studio_tinymce panel-first-child panel-last-child\" data-index=\"13\" ><div class=\"textwidget\"><h2 style=\"text-align: left;\">AP LOGVIEWER<\/h2>\n<h4>(Version ant\u00e9rieure \u00e0 septembre 2016 d'AP DIVESIGHT - voir ci-dessus)<\/h4>\n<ul>\n<li>Consultez vos profils de plong\u00e9e avec la possibilit\u00e9 de zoomer en temps r\u00e9el sur chaque d\u00e9tail<\/li>\n<li>Personnalisez l'affichage de vos profils et de carnets de plong\u00e9es \u00e9lectroniques<\/li>\n<\/ul>\n<h3>Compatibilit\u00e9<\/h3>\n<ul>\n<li style=\"text-align: left;\">Windows 7, 8, 10 et 11<\/li>\n<\/ul>\n<p><strong>T\u00e9l\u00e9charger Windows V5.2.5.0.exe<\/strong><\/p>\n<p style=\"text-align: left;\"><a href='https:\/\/apdiving.eu\/de\/?ddownload=8358' onclick='' class='wpi_designer_button   wpi_shadow wpi_shadow_no wpi_text_shadow_no wpi_texture_no wpi_border_bottom wpi_padding_15px wpi_5px wpi_designer_button_6915 wpi_icon wpi_icon_fa-windows wpi_icon_left  ' target='' rel=''><i class=''><\/i><span class='wpi_text'>Windows<\/span><\/a><\/p>\n<p><strong>Utilisateur de Mac ?<\/strong> Il est possible d'utiliser ce programme en passant par <a title=\"Run PC Programs on OSX\" href=\"http:\/\/www.parallels.com\/uk\/cross-platform-solutions\/\" target=\"_blank\" rel=\"noopener\">Parallels<\/a>.<\/p>\n<p style=\"text-align: left;\">\u00a0<\/p>\n<\/div><\/div><\/div><\/div><!--vgRowWrapper--><\/div><\/div><div id=\"pg-6898-8\"  class=\"panel-grid panel-no-style\" ><div class=\"vgRowWrapper\"><div id=\"pgc-6898-8-0\"  class=\"panel-grid-cell\" ><div id=\"panel-6898-8-0-0\" class=\"so-panel widget widget_black-studio-tinymce widget_black_studio_tinymce panel-first-child panel-last-child\" data-index=\"14\" ><div class=\"textwidget\"><h2 style=\"text-align: center;\">\u00a0<\/h2>\n<h2 style=\"text-align: center;\">PILOTES DU PORT SERIE VERS USB<\/h2>\n<\/div><\/div><\/div><\/div><!--vgRowWrapper--><\/div><div id=\"pg-6898-9\"  class=\"panel-grid panel-no-style\" ><div class=\"vgRowWrapper\"><div id=\"pgc-6898-9-0\"  class=\"panel-grid-cell\" ><div id=\"panel-6898-9-0-0\" class=\"so-panel widget widget_black-studio-tinymce widget_black_studio_tinymce panel-first-child panel-last-child\" data-index=\"15\" ><div class=\"textwidget\"><p>Afin de pouvoir r\u00e9cup\u00e9rer vos donn\u00e9es de plong\u00e9e ou installer un nouveau microprogramme (firmware), les recycleurs Inspiration Vision produits entre 2005 et octobre 2015 n\u00e9cessitent un cable d'interface Serie\/USB \u00e0 brancher sur le port USB de votre PC ou Mac.<\/p>\n<p>Avant janvier 2013, le c\u00e2ble fourni avec chaque recycleur Inspiration Vision \u00e9tait fabriqu\u00e9 par une soci\u00e9t\u00e9 appel\u00e9e Profilic\/Gembird. Ann\u00e9es apr\u00e8s ann\u00e9es, ils ont maintenu la compatibilit\u00e9 en mettant \u00e0 jour leurs pilotes mais avec l'arriv\u00e9e de Windows 7, il est clairement apparu que ce c\u00e2ble n'\u00e9tait plus adapt\u00e9 pour assurer le transfert des donn\u00e9es et pr\u00e9sentait des probl\u00e8mes de connexions, rencontr\u00e9es par plusieurs utilisateurs. Depuis janvier 2013, AP a chang\u00e9 de fournisseur pour choisir un c\u00e2ble de connexion \u00e9quip\u00e9 d'une puce FTDI pouvant auto-s\u00e9lectionner le bon pilote et faire du concept de \u00ab\u00a0plug&amp;play\u00a0\u00bb une r\u00e9alit\u00e9\u00a0. La r\u00e9f\u00e9rence de ce c\u00e2ble est <a href=\"https:\/\/apdiving.com\/shop\/serial-to-usb-bridge-interface-cable-1408.html?___store=fr_fr\">EV91\/04A \u2013 C\u00e2ble de connexion S\u00e9rie vers USB<\/a>.<\/p>\n<p><strong>Si vous \u00eates \u00e9quip\u00e9 d'un c\u00e2ble Profilic\/Gembird de couleur gris ou cr\u00e8me, la solution la plus simple sera de vous \u00e9quiper du nouveau c\u00e2ble <\/strong><a href=\"https:\/\/apdiving.com\/shop\/serial-to-usb-bridge-interface-cable-1408.html?___store=fr_fr\">EV91\/04A<\/a>.<\/p>\n<p>En mai 2016, un utilisateur nous proposait une solution afin de r\u00e9gler le probl\u00e8me du c\u00e2ble Profilic\/Gembird. Cette proc\u00e9dure est d\u00e9taill\u00e9e dans ce <a href=\"https:\/\/apdiving.com\/en\/?ddownload=7768\">document Microsoft Word<\/a> en Anglais (proc\u00e9dure non test\u00e9e par AP).<\/p>\n<h6>Avertissement: Ce logiciel est d\u00e9velopp\u00e9 par un \u00e9diteur tiers et est fourni \u00abtel quel\u00bb . Plus d' informations peuvent \u00eatre trouv\u00e9es sur le site Web de l'\u00e9diteur : \u00a0<a href=\"http:\/\/www.prolific.com.tw\/US\/ShowProduct.aspx?p_id=225&amp;pcid=41\" target=\"_blank\">www.prolific.com \u00a0<i class=\"fa fa-external-link \" ><\/i><\/a><\/h6>\n<\/div><\/div><\/div><div id=\"pgc-6898-9-1\"  class=\"panel-grid-cell\" ><div id=\"panel-6898-9-1-0\" class=\"so-panel widget widget_black-studio-tinymce widget_black_studio_tinymce panel-first-child panel-last-child\" data-index=\"16\" ><div class=\"textwidget\"><p>Syst\u00e8mes d'Exploitation Support\u00e9s\u00a0:<\/p>\n<ul>\n<li>Windows 2000 (32 &amp; 64 bit)<\/li>\n<li>Windows XP (32 &amp; 64 bit)<\/li>\n<li>Windows Vista\u00a0(32 &amp; 64 bit)<\/li>\n<li>Windows 7\u00a0(32 &amp; 64 bit)<\/li>\n<li>Windows 10 (32 &amp; 64 bit)<\/li>\n<li>Windows 11 (32 &amp; 64 bit)<\/li>\n<\/ul>\n<p>Fichiers compris dans le t\u00e9l\u00e9chargement\u00a0:<\/p>\n<ul>\n<li>Fichier Pilotes Executable (EXE)<\/li>\n<li>Notes de versions (PDF)<\/li>\n<li>Guide d'Installation (PDF)<\/li>\n<\/ul>\n<p><strong>Derni\u00e8re mise \u00e0 jour : 04\/02\/2016<\/strong><\/p>\n<p><a href='https:\/\/apdiving.com\/en\/?ddownload=4997' onclick='' class='wpi_designer_button   wpi_shadow wpi_shadow_no wpi_text_shadow_no wpi_texture_no wpi_border_bottom wpi_padding_15px wpi_5px wpi_designer_button_6915 wpi_icon wpi_icon_fa-windows wpi_icon_left  ' target='' rel=''><i class=''><\/i><span class='wpi_text'>Windows<\/span><\/a><\/p>\n<\/div><\/div><\/div><\/div><!--vgRowWrapper--><\/div><\/div>","protected":false},"excerpt":{"rendered":"<p>\u00a0 &nbsp; &nbsp; AP\u00a0CONNECT VEUILLEZ NOTER: AP CONNECT est d\u00e9sormais int\u00e9gr\u00e9 \u00e0 la derni\u00e8re version d&#8217;AP DIVESIGHT. Les t\u00e9l\u00e9chargements pour PC et Mac sont disponibles ci-dessous. AP DiveSight La nouvelle version du logiciel AP Logviewer (voir &#8216;Legacy Software&#8217; ci-dessous) Consultez vos profils de plong\u00e9e avec la possibilit\u00e9 de zoomer en temps r\u00e9el sur chaque d\u00e9tail <a href=\"https:\/\/www.apdiving.eu\/fr\/rebreathers\/resources\/software\/\">[Read More &hellip;]<\/a><\/p>\n","protected":false},"author":4,"featured_media":0,"parent":4646,"menu_order":0,"comment_status":"closed","ping_status":"closed","template":"","meta":{"footnotes":""},"class_list":["post-6898","page","type-page","status-publish","hentry"],"_links":{"self":[{"href":"https:\/\/www.apdiving.eu\/fr\/wp-json\/wp\/v2\/pages\/6898","targetHints":{"allow":["GET"]}}],"collection":[{"href":"https:\/\/www.apdiving.eu\/fr\/wp-json\/wp\/v2\/pages"}],"about":[{"href":"https:\/\/www.apdiving.eu\/fr\/wp-json\/wp\/v2\/types\/page"}],"author":[{"embeddable":true,"href":"https:\/\/www.apdiving.eu\/fr\/wp-json\/wp\/v2\/users\/4"}],"replies":[{"embeddable":true,"href":"https:\/\/www.apdiving.eu\/fr\/wp-json\/wp\/v2\/comments?post=6898"}],"version-history":[{"count":2,"href":"https:\/\/www.apdiving.eu\/fr\/wp-json\/wp\/v2\/pages\/6898\/revisions"}],"predecessor-version":[{"id":6906,"href":"https:\/\/www.apdiving.eu\/fr\/wp-json\/wp\/v2\/pages\/6898\/revisions\/6906"}],"up":[{"embeddable":true,"href":"https:\/\/www.apdiving.eu\/fr\/wp-json\/wp\/v2\/pages\/4646"}],"wp:attachment":[{"href":"https:\/\/www.apdiving.eu\/fr\/wp-json\/wp\/v2\/media?parent=6898"}],"curies":[{"name":"wp","href":"https:\/\/api.w.org\/{rel}","templated":true}]}}