{"id":6889,"date":"2016-09-19T13:00:34","date_gmt":"2016-09-19T13:00:34","guid":{"rendered":"http:\/\/www.apdiving.com\/fr\/?page_id=6889"},"modified":"2021-04-20T10:27:10","modified_gmt":"2021-04-20T10:27:10","slug":"connect","status":"publish","type":"page","link":"https:\/\/www.apdiving.eu\/fr\/rebreathers\/resources\/software\/connect\/","title":{"rendered":"AP Connect"},"content":{"rendered":"<div id=\"pl-6889\"  class=\"panel-layout\" ><div id=\"pg-6889-0\"  class=\"panel-grid panel-has-style\" ><div class=\"siteorigin-panels-stretch panel-row-style panel-row-style-for-6889-0\" data-stretch-type=\"full\" ><div class=\"vgRowWrapper\"><div id=\"pgc-6889-0-0\"  class=\"panel-grid-cell\" ><div id=\"panel-6889-0-0-0\" class=\"so-panel widget widget_black-studio-tinymce widget_black_studio_tinymce panel-first-child\" data-index=\"0\" ><div class=\"white-text panel-widget-style panel-widget-style-for-6889-0-0-0\" ><div class=\"textwidget\"><h2 style=\"text-align: center;\"><span style=\"color: #fff;\">AP Connect<\/span><\/h2>\n<p style=\"text-align: center;\"><span style=\"color: #fff; font-size: 20px;\">Communication software for\u00a0<strong style=\"color: #fff;\">2020VISION<\/strong><\/span><\/p>\n<p style=\"text-align: center;\"><span style=\"font-size: 48px; color: #fff;\"><i class=\"fa fa-windows \" ><\/i>\u00a0<i class=\"fa fa-apple \" ><\/i><\/span><\/p>\n<\/div><\/div><\/div><div id=\"panel-6889-0-0-1\" class=\"so-panel widget widget_sow-image panel-last-child\" data-index=\"1\" ><div\n\t\t\t\n\t\t\tclass=\"so-widget-sow-image so-widget-sow-image-default-8b5b6f678277-6889\"\n\t\t\t\n\t\t>\n\n<div class=\"sow-image-container\">\n\t\t<img loading=\"lazy\" decoding=\"async\" src=\"https:\/\/www.apdiving.eu\/fr\/wp-content\/uploads\/software-preview-r2.png\" width=\"970\" height=\"371\" srcset=\"https:\/\/www.apdiving.eu\/fr\/wp-content\/uploads\/software-preview-r2.png 970w, https:\/\/www.apdiving.eu\/fr\/wp-content\/uploads\/software-preview-r2-300x115.png 300w, https:\/\/www.apdiving.eu\/fr\/wp-content\/uploads\/software-preview-r2-768x294.png 768w\" sizes=\"auto, (max-width: 970px) 100vw, 970px\" alt=\"\" \t\tclass=\"so-widget-image\"\/>\n\t<\/div>\n\n<\/div><\/div><\/div><\/div><!--vgRowWrapper--><\/div><\/div><div id=\"pg-6889-1\"  class=\"panel-grid panel-has-style\" ><div class=\"panel-row-style panel-row-style-for-6889-1\" ><div class=\"vgRowWrapper\"><div id=\"pgc-6889-1-0\"  class=\"panel-grid-cell\" ><div id=\"panel-6889-1-0-0\" class=\"so-panel widget widget_black-studio-tinymce widget_black_studio_tinymce panel-first-child panel-last-child\" data-index=\"2\" ><div class=\"white-text panel-widget-style panel-widget-style-for-6889-1-0-0\" ><div class=\"textwidget\"><p style=\"text-align: center;\"><a href=\"#!support\">Support Logiciel<\/a><\/p>\n<\/div><\/div><\/div><\/div><\/div><!--vgRowWrapper--><\/div><\/div><div id=\"pg-6889-2\"  class=\"panel-grid panel-no-style\" ><div class=\"vgRowWrapper\"><div id=\"pgc-6889-2-0\"  class=\"panel-grid-cell\" ><div class=\"vgLinkPoint vgLinkPointHidden\"><a name=\"support\"><\/a><input type=\"hidden\" class=\"linkpointtext\" value=\"support\" \/><input type=\"hidden\" class=\"linkpointimg\" value=\"\" \/><\/div><div id=\"panel-6889-2-0-1\" class=\"so-panel widget widget_black-studio-tinymce widget_black_studio_tinymce panel-last-child\" data-index=\"4\" ><div class=\"textwidget\"><h2 style=\"text-align: center;\">Support Logiciel<\/h2>\n<\/div><\/div><\/div><\/div><!--vgRowWrapper--><\/div><div id=\"pg-6889-3\"  class=\"panel-grid panel-no-style\" ><div class=\"vgRowWrapper\"><div id=\"pgc-6889-3-0\"  class=\"panel-grid-cell\" ><div id=\"panel-6889-3-0-0\" class=\"so-panel widget widget_black-studio-tinymce widget_black_studio_tinymce panel-first-child panel-last-child\" data-index=\"5\" ><div class=\"textwidget\"><p><a href='#!install' onclick='' class='wpi_designer_button   wpi_shadow wpi_shadow_no wpi_text_shadow_no wpi_texture_no wpi_border_bottom wpi_padding_15px wpi_5px wpi_designer_button_6915 wpi_icon wpi_icon_no wpi_icon_left  ' target='' rel=''><i class=''><\/i><span class='wpi_text'>1. Installation<\/span><\/a><\/p>\n<\/div><\/div><\/div><div id=\"pgc-6889-3-1\"  class=\"panel-grid-cell\" ><div id=\"panel-6889-3-1-0\" class=\"so-panel widget widget_black-studio-tinymce widget_black_studio_tinymce panel-first-child panel-last-child\" data-index=\"6\" ><div class=\"textwidget\"><p><a href='#!connect' onclick='' class='wpi_designer_button   wpi_shadow wpi_shadow_no wpi_text_shadow_no wpi_texture_no wpi_border_bottom wpi_padding_15px wpi_5px wpi_designer_button_6915 wpi_icon wpi_icon_no wpi_icon_left  ' target='' rel=''><i class=''><\/i><span class='wpi_text'>2. Connexion<\/span><\/a><\/p>\n<\/div><\/div><\/div><div id=\"pgc-6889-3-2\"  class=\"panel-grid-cell\" ><div id=\"panel-6889-3-2-0\" class=\"so-panel widget widget_black-studio-tinymce widget_black_studio_tinymce panel-first-child panel-last-child\" data-index=\"7\" ><div class=\"textwidget\"><p><a href='#!download' onclick='' class='wpi_designer_button   wpi_shadow wpi_shadow_no wpi_text_shadow_no wpi_texture_no wpi_border_bottom wpi_padding_15px wpi_5px wpi_designer_button_6915 wpi_icon wpi_icon_no wpi_icon_left  ' target='' rel=''><i class=''><\/i><span class='wpi_text'>3.T\u00e9l\u00e9chargement<\/span><\/a><\/p>\n<\/div><\/div><\/div><div id=\"pgc-6889-3-3\"  class=\"panel-grid-cell\" ><div id=\"panel-6889-3-3-0\" class=\"so-panel widget widget_black-studio-tinymce widget_black_studio_tinymce panel-first-child panel-last-child\" data-index=\"8\" ><div class=\"textwidget\"><p><a href='#!upload' onclick='' class='wpi_designer_button   wpi_shadow wpi_shadow_no wpi_text_shadow_no wpi_texture_no wpi_border_bottom wpi_padding_15px wpi_5px wpi_designer_button_6915 wpi_icon wpi_icon_no wpi_icon_left  ' target='' rel=''><i class=''><\/i><span class='wpi_text'>4. Upload<\/span><\/a><\/p>\n<\/div><\/div><\/div><\/div><!--vgRowWrapper--><\/div><div id=\"pg-6889-4\"  class=\"panel-grid panel-no-style\" ><div class=\"vgRowWrapper\"><div id=\"pgc-6889-4-0\"  class=\"panel-grid-cell\" ><div class=\"vgLinkPoint vgLinkPointHidden\"><a name=\"install\"><\/a><input type=\"hidden\" class=\"linkpointtext\" value=\"install\" \/><input type=\"hidden\" class=\"linkpointimg\" value=\"\" \/><\/div><div id=\"panel-6889-4-0-1\" class=\"so-panel widget widget_black-studio-tinymce widget_black_studio_tinymce panel-last-child\" data-index=\"10\" ><div class=\"textwidget\"><h3>Compatibilit\u00e9 &amp; Installation<\/h3>\n<p>Notre nouveau logiciel de communication est tr\u00e8s simple \u00e0 installer. AP Connect fonctionne sous Windows et Mac sans besoin de logiciel tier.<\/p>\n<p><strong><i class=\"fa fa-windows \" ><\/i> Windows Vista, 7, 8 &amp; 10<\/strong><\/p>\n<p><strong><i class=\"fa fa-apple \" ><\/i>\u00a0Mac OSX 10.9+<\/strong><\/p>\n<p>Cliquez sur le lien Plus d'infos ci-dessous pour plus d'informations sur la proc\u00e9dure de connexion de votre appareil.<\/p>\n<\/div><\/div><\/div><div id=\"pgc-6889-4-1\"  class=\"panel-grid-cell\" ><div id=\"panel-6889-4-1-0\" class=\"so-panel widget widget_sow-image panel-first-child panel-last-child\" data-index=\"11\" ><div\n\t\t\t\n\t\t\tclass=\"so-widget-sow-image so-widget-sow-image-default-8b5b6f678277-6889\"\n\t\t\t\n\t\t>\n\n<div class=\"sow-image-container\">\n\t\t<img loading=\"lazy\" decoding=\"async\" src=\"https:\/\/www.apdiving.eu\/fr\/wp-content\/uploads\/ap-connect-installation.jpg\" width=\"534\" height=\"373\" srcset=\"https:\/\/www.apdiving.eu\/fr\/wp-content\/uploads\/ap-connect-installation.jpg 534w, https:\/\/www.apdiving.eu\/fr\/wp-content\/uploads\/ap-connect-installation-300x210.jpg 300w\" sizes=\"auto, (max-width: 534px) 100vw, 534px\" alt=\"\" \t\tclass=\"so-widget-image\"\/>\n\t<\/div>\n\n<\/div><\/div><\/div><\/div><!--vgRowWrapper--><\/div><div id=\"pg-6889-5\"  class=\"panel-grid panel-has-style\" ><div class=\"vg-more panel-row-style panel-row-style-for-6889-5\" ><div class=\"vgRowWrapper\"><div id=\"pgc-6889-5-0\"  class=\"panel-grid-cell\" ><div id=\"panel-6889-5-0-0\" class=\"so-panel widget widget_siteorigin-panels-builder panel-first-child panel-last-child\" data-index=\"12\" ><div id=\"pl-w607ea7dc05802\"  class=\"panel-layout\" ><div id=\"pg-w607ea7dc05802-0\"  class=\"panel-grid panel-no-style\" ><div class=\"vgRowWrapper\"><div id=\"pgc-w607ea7dc05802-0-0\"  class=\"panel-grid-cell\" ><div id=\"panel-w607ea7dc05802-0-0-0\" class=\"so-panel widget widget_black-studio-tinymce widget_black_studio_tinymce panel-first-child\" data-index=\"0\" ><div class=\"textwidget\"><h3 style=\"text-align: center;\">\u00a0<i class=\"fa fa-windows \" ><\/i> Installer AP Connect sous Windows\u00a0<\/h3>\n<\/div><\/div><div id=\"panel-w607ea7dc05802-0-0-1\" class=\"so-panel widget widget_black-studio-tinymce widget_black_studio_tinymce panel-last-child\" data-index=\"1\" ><div class=\"textwidget\"><ol>\n<li>Assurez-vous d'avoir t\u00e9l\u00e9charg\u00e9 la version la plus r\u00e9cente du logiciel AP Connect depuis <a href=\"https:\/\/apdiving.eu\/fr\/rebreathers\/resources\/software\/\">notre site web<\/a>.<\/li>\n<li>Une fois t\u00e9l\u00e9charg\u00e9, ouvrez votre dossier de t\u00e9l\u00e9chargement Windows et double-cliquez sur le fichier <strong>APConnect.exe<\/strong>.<\/li>\n<li>Il vous sera alors demand\u00e9 d'approuver notre Convention de Licence de Logiciel avant de cliquer sur Suivant.<\/li>\n<li>S'en suivront les diff\u00e9rentes \u00e9tapes de l'installation. Chaque \u00e9tape est d\u00e9taill\u00e9e durant l'installation.<\/li>\n<li>Une fois le processus d'installation compl\u00e9t\u00e9, vous pourrez ex\u00e9cuter AP Connect depuis la section \u00ab\u00a0Tous les programmes\u00a0\u00bb du menu D\u00e9marrer. Alternativement, si vous avez choisi d'ajouter un raccourci sur votre Bureau, vous pourrez directement cliquer sur l'icone AP Connect <img loading=\"lazy\" decoding=\"async\" class=\"alignnone wp-image-6267 size-full\" style=\"vertical-align: baseline;\" src=\"https:\/\/apdiving.com\/en\/wp-content\/uploads\/app-icon-16.png\" alt=\"app-icon-16\" width=\"16\" height=\"16\" \/> situ\u00e9e sur celui-ci.<\/li>\n<\/ol>\n<p>&nbsp;<\/p>\n<\/div><\/div><\/div><\/div><!--vgRowWrapper--><\/div><div id=\"pg-w607ea7dc05802-1\"  class=\"panel-grid panel-no-style\" ><div class=\"vgRowWrapper\"><div id=\"pgc-w607ea7dc05802-1-0\"  class=\"panel-grid-cell\" ><div id=\"panel-w607ea7dc05802-1-0-0\" class=\"so-panel widget widget_black-studio-tinymce widget_black_studio_tinymce panel-first-child\" data-index=\"2\" ><div class=\"textwidget\"><h3 style=\"text-align: center;\">\u00a0<i class=\"fa fa-apple \" ><\/i> Installer AP Connect sous Mac OSX\u00a0<\/h3>\n<\/div><\/div><div id=\"panel-w607ea7dc05802-1-0-1\" class=\"so-panel widget widget_black-studio-tinymce widget_black_studio_tinymce panel-last-child\" data-index=\"3\" ><div class=\"textwidget\"><ol>\n<li>Assurez-vous d'avoir t\u00e9l\u00e9charg\u00e9 la version la plus r\u00e9cente du logiciel AP Connect depuis <a href=\"https:\/\/apdiving.eu\/fr\/rebreathers\/resources\/software\/\">notre site web<\/a>.<\/li>\n<li>Une fois t\u00e9l\u00e9charg\u00e9, ouvrez votre dossier de t\u00e9l\u00e9chargement Mac et double-cliquez sur le fichier APConnect.dmg<\/li>\n<li>Il vous sera alors demand\u00e9 d'approuver notre Convention de Licence de Logiciel avant de cliquer sur Suivant.<\/li>\n<li>Une nouvelle fen\u00eatre s'ouvre, affichant une image du logo AP Diving c\u00f4te \u00e0 c\u00f4te avec une image de votre Dossier d'Application. Pour lancer l'installation, glisser-d\u00e9posez simplement l'icone du logo AP Diving dans votre Dossier Application. Note\u00a0: votre mot de passe vous sera \u00e9ventuellement demand\u00e9 pour finaliser l'installation.<\/li>\n<li>Une fois AP Connect copi\u00e9 dans votre Dossier Application, double-cliquez sur l'icone AP Connect <img loading=\"lazy\" decoding=\"async\" class=\"display:inline-block; vertical-align: baseline; alignnone wp-image-6267 size-full\" style=\"vertical-align: baseline;\" src=\"https:\/\/apdiving.com\/en\/wp-content\/uploads\/app-icon-16.png\" alt=\"app-icon-16\" width=\"16\" height=\"16\" \/> pour lancer le logiciel.<\/li>\n<\/ol>\n<\/div><\/div><\/div><\/div><!--vgRowWrapper--><\/div><\/div><\/div><\/div><\/div><!--vgRowWrapper--><\/div><\/div><div id=\"pg-6889-6\"  class=\"panel-grid panel-no-style\" ><div class=\"vgRowWrapper\"><div id=\"pgc-6889-6-0\"  class=\"panel-grid-cell\" ><div class=\"vgLinkPoint vgLinkPointHidden\"><a name=\"connect\"><\/a><input type=\"hidden\" class=\"linkpointtext\" value=\"connect\" \/><input type=\"hidden\" class=\"linkpointimg\" value=\"\" \/><\/div><div id=\"panel-6889-6-0-1\" class=\"so-panel widget widget_black-studio-tinymce widget_black_studio_tinymce panel-last-child\" data-index=\"14\" ><div class=\"textwidget\"><h3>Connecter votre Appareil<\/h3>\n<p>La connexion de votre appareil ne peut \u00eatre plus simple : soit par Bluetooth <i class=\"fa fa-bluetooth \" ><\/i> , soit par C\u00e2ble Serie <i class=\"fa fa-plug \" ><\/i>\u00a0<\/p>\n<p>Cliquez sur le lien Plus d'infos ci-dessous pour plus d'informations sur la proc\u00e9dure de connexion de votre appareil.<\/p>\n<p>&nbsp;<\/p>\n<\/div><\/div><\/div><div id=\"pgc-6889-6-1\"  class=\"panel-grid-cell\" ><div id=\"panel-6889-6-1-0\" class=\"so-panel widget widget_sow-image panel-first-child panel-last-child\" data-index=\"15\" ><div\n\t\t\t\n\t\t\tclass=\"so-widget-sow-image so-widget-sow-image-default-8b5b6f678277-6889\"\n\t\t\t\n\t\t>\n\n<div class=\"sow-image-container\">\n\t\t<img loading=\"lazy\" decoding=\"async\" src=\"https:\/\/www.apdiving.eu\/fr\/wp-content\/uploads\/ap-connect-vision-bluetooth-connected.png\" width=\"780\" height=\"544\" srcset=\"https:\/\/www.apdiving.eu\/fr\/wp-content\/uploads\/ap-connect-vision-bluetooth-connected.png 780w, https:\/\/www.apdiving.eu\/fr\/wp-content\/uploads\/ap-connect-vision-bluetooth-connected-300x209.png 300w, https:\/\/www.apdiving.eu\/fr\/wp-content\/uploads\/ap-connect-vision-bluetooth-connected-768x536.png 768w\" sizes=\"auto, (max-width: 780px) 100vw, 780px\" alt=\"\" \t\tclass=\"so-widget-image\"\/>\n\t<\/div>\n\n<\/div><\/div><\/div><\/div><!--vgRowWrapper--><\/div><div id=\"pg-6889-7\"  class=\"panel-grid panel-has-style\" ><div class=\"vg-more panel-row-style panel-row-style-for-6889-7\" ><div class=\"vgRowWrapper\"><div id=\"pgc-6889-7-0\"  class=\"panel-grid-cell\" ><div id=\"panel-6889-7-0-0\" class=\"so-panel widget widget_siteorigin-panels-builder panel-first-child panel-last-child\" data-index=\"16\" ><div id=\"pl-w607ea81b3694d\"  class=\"panel-layout\" ><div id=\"pg-w607ea81b3694d-0\"  class=\"panel-grid panel-no-style\" ><div class=\"vgRowWrapper\"><div id=\"pgc-w607ea81b3694d-0-0\"  class=\"panel-grid-cell\" ><div id=\"panel-w607ea81b3694d-0-0-0\" class=\"so-panel widget widget_black-studio-tinymce widget_black_studio_tinymce panel-first-child panel-last-child\" data-index=\"0\" ><div class=\"textwidget\"><h3 style=\"text-align: center;\">\u00a0<i class=\"fa fa-bluetooth \" ><\/i>\u00a0Connexion par Bluetooth<\/h3>\n<p>\u00a0<\/p>\n<p style=\"text-align: center;\"><span style=\"font-size: 20px;\"><strong><i class=\"fa fa-windows \" ><\/i> Sous Windows<\/strong><\/span><\/p>\n<ol>\n<li>Il est possible de connecter votre \u00e9quipement, soit en activant la connexion Bluetooth de votre ordinateur, soit en installant sur votre PC l'adaptateur Bluetooth Belkin (en utilisant le CD d'installation fourni avec cet adaptateur). Si votre ordinateur n'est pas \u00e9quip\u00e9 d'un lecteur de CD, il est possible de t\u00e9l\u00e9charger le pilote depuis le site web de Belkin : <a href=\"http:\/\/www.belkin.com\/uk\/support-article?articleNum=4867\">http:\/\/www.belkin.com\/uk\/support-article?articleNum=4867<\/a>.\u00a0Si ce lien n'est plus \u00e0 jour, allez simplement sur le site web <a href=\"http:\/\/www.belkin.com\/\">belkin.com<\/a> et lancez une recherche avec les termes \u201cBluetooth USB Adapter F8T065 - Setup Driver\u201d.<\/li>\n<li>Approchez votre afficheur, \u00e9teint, \u00e0 moins de 60 cm de votre ordinateur. Activez le Bluetooth de celui-ci en maintenant appuy\u00e9 pendant 2 secondes les boutons gauche et milieu, en m\u00eame temps.<\/li>\n<li>Sur votre ordinateur, cliquez sur <i class=\"fa fa-windows \" ><\/i>\u00a0<strong>Menu D\u00e9marrer &gt; P\u00e9riph\u00e9riques et Imprimantes &gt; Ajouter un P\u00e9riph\u00e9rique.<\/strong><\/li>\n<li>Double-cliquez sur Afficheur Bluetooth \u2013 AP Vision-XXXX<\/li>\n<li>Votre afficheur va s\u2019appairer et sera maintenant pr\u00e9sent dans la liste des p\u00e9riph\u00e9riques du menu P\u00e9riph\u00e9riques et Imprimantes Windows.<\/li>\n<li>Laissez \u00e0 Windows 20 \u00e0 30 secondes, le temps que les pilotes requis soient install\u00e9s.<\/li>\n<li>Une fois install\u00e9 et connect\u00e9, lancez le programme AP Connect et cliquez sur <i class=\"fa fa-search \" ><\/i><strong>\u00ab\u00a0Search\u00a0\u00bb<\/strong>. Le logiciel va rechercher votre afficheur et \u00e9tablir la connexion.<\/li>\n<\/ol>\n<p><em>Note: l'afficheur ne conservera la connexion Bluetooth active que durant 2 minutes. Si la proc\u00e9dure de connexion n\u00e9cessite plus de temps, r\u00e9activer le Bluetooth sur votre afficheur en maintenant de nouveau appuy\u00e9s les bouton gauche et milieu pendant 2 secondes.<\/em><\/p>\n<p>\u00a0<\/p>\n<p style=\"text-align: center;\"><span style=\"font-size: 20px;\"><strong><i class=\"fa fa-apple \" ><\/i>\u00a0Sous Mac<\/strong><\/span><\/p>\n<ol>\n<li>Activer le Bluetooth sur votre Mac\u00a0<i class=\"fa fa-apple \" ><\/i> : <strong>Pr\u00e9f\u00e9rence Syst\u00e8me &gt;<\/strong> <i class=\"fa fa-bluetooth \" ><\/i> <strong>Bluetooth &gt; Afficher Bluetooth<\/strong> dans la barre des menus<\/li>\n<li>Approchez votre afficheur, \u00e9teint, \u00e0 moins de 60 cm de votre ordinateur. Activez le Bluetooth de celui-ci en maintenant appuy\u00e9 pendant 2 secondes les boutons gauche et milieu, en m\u00eame temps.<\/li>\n<li>Une fois le Bluetooth de vos \u00e9quipement activ\u00e9, votre Mac va rechercher tous les appareils Bluetooth \u00e0 proximit\u00e9. Votre afficheur de poignet devrait s'afficher sous la forme AP Vision-XXXX. Cliquez sur Appairer pour connecter l\u2019afficheur au Mac.<\/li>\n<li>Apr\u00e8s quelques secondes, la connexion entre votre afficheur et le Mac sera effective.<\/li>\n<li>Lancez AP Connect et cliquez sur <i class=\"fa fa-search \" ><\/i><strong>\u00ab\u00a0Search\u00a0\u00bb<\/strong>. Le logiciel va rechercher votre afficheur et \u00e9tablir la connexion.<\/li>\n<\/ol>\n<p><em>Note: l'afficheur ne conservera la connexion Bluetooth active que durant 2 minutes. Si la proc\u00e9dure de connexion n\u00e9cessite plus de temps, r\u00e9activer le Bluetooth sur votre afficheur en maintenant de nouveau appuy\u00e9s les bouton gauche et milieu pendant 2 secondes.<\/em><\/p>\n<\/div><\/div><\/div><\/div><!--vgRowWrapper--><\/div><div id=\"pg-w607ea81b3694d-1\"  class=\"panel-grid panel-no-style\" ><div class=\"vgRowWrapper\"><div id=\"pgc-w607ea81b3694d-1-0\"  class=\"panel-grid-cell\" ><div id=\"panel-w607ea81b3694d-1-0-0\" class=\"so-panel widget widget_black-studio-tinymce widget_black_studio_tinymce panel-first-child panel-last-child\" data-index=\"1\" ><div class=\"textwidget\"><h3 style=\"text-align: center;\">\u00a0<\/h3>\n<h3 style=\"text-align: center;\"><i class=\"fa fa-plug \" ><\/i>\u00a0Connexion par l'interface Serie\/USB<\/h3>\n<p>&nbsp;<\/p>\n<p style=\"text-align: center;\"><span style=\"font-size: 20px;\"><strong><i class=\"fa fa-windows \" ><\/i> Windows \/ <i class=\"fa fa-apple \" ><\/i> Mac<\/strong><\/span><\/p>\n<ol>\n<li>Connecter votre \u00e9lectronique \u00e0 l'ordinateur en utilisant le c\u00e2ble d'interface S\u00e9rie\/USB [<a href=\"https:\/\/apdiving.com\/shop\/bridge-interface.html?___store=fr_fr\">Vendu s\u00e9parement<\/a>]<\/li>\n<li>Activer la connexion sur votre afficheur en maintenant appuy\u00e9 le bouton gauche jusqu'\u00e0 l'affichage de l'information <strong>PC LINK<\/strong>.<\/li>\n<li>Lancez <strong>AP Connect<\/strong> et cliquez sur <i class=\"fa fa-search \" ><\/i><strong>\u00ab\u00a0Search\u00a0\u00bb<\/strong> - Le logiciel va alors rechercher votre afficheur connect\u00e9 et vous notifier lorsque cette connexion sera effective.<\/li>\n<\/ol>\n<p><em>Note: l'afficheur ne conservera la connexion PC LINK active que durant 2 minutes. Si la proc\u00e9dure de connexion n\u00e9cessite plus de temps, r\u00e9activer le PC LINK sur votre afficheur en maintenant de nouveau appuy\u00e9s les bouton gauche et milieu pendant 2 secondes<\/em><\/p>\n<p>&nbsp;<\/p>\n<\/div><\/div><\/div><\/div><!--vgRowWrapper--><\/div><\/div><\/div><\/div><\/div><!--vgRowWrapper--><\/div><\/div><div id=\"pg-6889-8\"  class=\"panel-grid panel-has-style\" ><div class=\"sep panel-row-style panel-row-style-for-6889-8\" ><div class=\"vgRowWrapper\"><div id=\"pgc-6889-8-0\"  class=\"panel-grid-cell\" ><div class=\"vgLinkPoint vgLinkPointHidden\"><a name=\"download\"><\/a><input type=\"hidden\" class=\"linkpointtext\" value=\"download\" \/><input type=\"hidden\" class=\"linkpointimg\" value=\"\" \/><\/div><div id=\"panel-6889-8-0-1\" class=\"so-panel widget widget_black-studio-tinymce widget_black_studio_tinymce panel-last-child\" data-index=\"18\" ><div class=\"textwidget\"><h3>R\u00e9cup\u00e9rer les plong\u00e9es<\/h3>\n<ol>\n<li>Assurez-vous que votre \u00e9quipement est bien connect\u00e9.<\/li>\n<li>Cliquez sur <strong>\u00ab\u00a0Download from Device\u00a0\u00bb<\/strong> pour lister les fichiers correspondant \u00e0 vos plong\u00e9es.<\/li>\n<li>S\u00e9lectionnez <strong>\u00ab\u00a0Browse\u00a0\u00bb<\/strong> pour choisir un Dossier o\u00f9 r\u00e9cup\u00e9rer vos donn\u00e9es de plong\u00e9es.<\/li>\n<li>S\u00e9lectionnez les plong\u00e9es que vous souhaitez r\u00e9cup\u00e9rer.<\/li>\n<li>Cliquez sur <strong>\u00ab\u00a0Download\u00a0\u00bb<\/strong> pour r\u00e9cup\u00e9rer vos donn\u00e9es dans le dossier choisi.<\/li>\n<\/ol>\n<\/div><\/div><\/div><div id=\"pgc-6889-8-1\"  class=\"panel-grid-cell\" ><div id=\"panel-6889-8-1-0\" class=\"so-panel widget widget_sow-image panel-first-child panel-last-child\" data-index=\"19\" ><div\n\t\t\t\n\t\t\tclass=\"so-widget-sow-image so-widget-sow-image-default-8b5b6f678277-6889\"\n\t\t\t\n\t\t>\n\n<div class=\"sow-image-container\">\n\t\t<img loading=\"lazy\" decoding=\"async\" src=\"https:\/\/www.apdiving.eu\/fr\/wp-content\/uploads\/ap-connect-dive-log-download.png\" width=\"861\" height=\"664\" srcset=\"https:\/\/www.apdiving.eu\/fr\/wp-content\/uploads\/ap-connect-dive-log-download.png 861w, https:\/\/www.apdiving.eu\/fr\/wp-content\/uploads\/ap-connect-dive-log-download-300x231.png 300w, https:\/\/www.apdiving.eu\/fr\/wp-content\/uploads\/ap-connect-dive-log-download-768x592.png 768w\" sizes=\"auto, (max-width: 861px) 100vw, 861px\" alt=\"\" \t\tclass=\"so-widget-image\"\/>\n\t<\/div>\n\n<\/div><\/div><\/div><\/div><!--vgRowWrapper--><\/div><\/div><div id=\"pg-6889-9\"  class=\"panel-grid panel-no-style\" ><div class=\"vgRowWrapper\"><div id=\"pgc-6889-9-0\"  class=\"panel-grid-cell\" ><div class=\"vgLinkPoint vgLinkPointHidden\"><a name=\"upload\"><\/a><input type=\"hidden\" class=\"linkpointtext\" value=\"upload\" \/><input type=\"hidden\" class=\"linkpointimg\" value=\"\" \/><\/div><div id=\"panel-6889-9-0-1\" class=\"so-panel widget widget_black-studio-tinymce widget_black_studio_tinymce panel-last-child\" data-index=\"21\" ><div class=\"textwidget\"><h3>Mise \u00e0 jour du Microprogramme (Firmware)<\/h3>\n<ol>\n<li>Connectez votrez \u00e9quipement.\u00a0<\/li>\n<li>Cliquez sur <strong>\u00ab\u00a0Upload to Device\u00a0\u00bb<\/strong>.<\/li>\n<li>S\u00e9lectionnez <strong>\u00ab\u00a0Browse\u00a0\u00bb<\/strong> pour choisir le dossier contenant le fichier de mise \u00e0 jour.<\/li>\n<li>S\u00e9lectionnez le fichier de mise \u00e0 jour.<\/li>\n<li>Cliquez sur <strong>\u00ab\u00a0Upload\u00a0\u00bb<\/strong> pour lancer la proc\u00e9dure.<\/li>\n<li>Une fois la proc\u00e9dure de mise \u00e0 jour termin\u00e9e, \u00e9teignez vos \u00e9quipement.<\/li>\n<li>Allumez de nouveau votre \u00e9quipement, en maintenant les boutons gauche et milieu appuy\u00e9s pendant deux secondes, et consultez l'\u00e9cran d'accueil pour vous assurer que le bon num\u00e9ro de version de microprogramme (firmware) s'affiche.<\/li>\n<\/ol>\n<p>Pour r\u00e9cup\u00e9rer la derni\u00e8re version du microprogramme (firmware) de votre afficheur, <a href=\"https:\/\/apdiving.eu\/fr\/rebreathers\/resources\/firmware\/\">cliquez ici<\/a>.<\/p>\n<p>&nbsp;<\/p>\n<\/div><\/div><\/div><div id=\"pgc-6889-9-1\"  class=\"panel-grid-cell\" ><div id=\"panel-6889-9-1-0\" class=\"so-panel widget widget_sow-image panel-first-child panel-last-child\" data-index=\"22\" ><div\n\t\t\t\n\t\t\tclass=\"so-widget-sow-image so-widget-sow-image-default-8b5b6f678277-6889\"\n\t\t\t\n\t\t>\n\n<div class=\"sow-image-container\">\n\t\t<img loading=\"lazy\" decoding=\"async\" src=\"https:\/\/www.apdiving.eu\/fr\/wp-content\/uploads\/ap-connect-upload.png\" width=\"654\" height=\"434\" srcset=\"https:\/\/www.apdiving.eu\/fr\/wp-content\/uploads\/ap-connect-upload.png 654w, https:\/\/www.apdiving.eu\/fr\/wp-content\/uploads\/ap-connect-upload-300x199.png 300w, https:\/\/www.apdiving.eu\/fr\/wp-content\/uploads\/ap-connect-upload-150x100.png 150w, https:\/\/www.apdiving.eu\/fr\/wp-content\/uploads\/ap-connect-upload-272x182.png 272w\" sizes=\"auto, (max-width: 654px) 100vw, 654px\" alt=\"\" \t\tclass=\"so-widget-image\"\/>\n\t<\/div>\n\n<\/div><\/div><\/div><\/div><!--vgRowWrapper--><\/div><\/div>","protected":false},"excerpt":{"rendered":"<p>AP Connect Communication software for\u00a02020VISION \u00a0 Support Logiciel<\/p>\n","protected":false},"author":4,"featured_media":0,"parent":6898,"menu_order":0,"comment_status":"closed","ping_status":"closed","template":"","meta":{"footnotes":""},"class_list":["post-6889","page","type-page","status-publish","hentry"],"_links":{"self":[{"href":"https:\/\/www.apdiving.eu\/fr\/wp-json\/wp\/v2\/pages\/6889","targetHints":{"allow":["GET"]}}],"collection":[{"href":"https:\/\/www.apdiving.eu\/fr\/wp-json\/wp\/v2\/pages"}],"about":[{"href":"https:\/\/www.apdiving.eu\/fr\/wp-json\/wp\/v2\/types\/page"}],"author":[{"embeddable":true,"href":"https:\/\/www.apdiving.eu\/fr\/wp-json\/wp\/v2\/users\/4"}],"replies":[{"embeddable":true,"href":"https:\/\/www.apdiving.eu\/fr\/wp-json\/wp\/v2\/comments?post=6889"}],"version-history":[{"count":1,"href":"https:\/\/www.apdiving.eu\/fr\/wp-json\/wp\/v2\/pages\/6889\/revisions"}],"predecessor-version":[{"id":6890,"href":"https:\/\/www.apdiving.eu\/fr\/wp-json\/wp\/v2\/pages\/6889\/revisions\/6890"}],"up":[{"embeddable":true,"href":"https:\/\/www.apdiving.eu\/fr\/wp-json\/wp\/v2\/pages\/6898"}],"wp:attachment":[{"href":"https:\/\/www.apdiving.eu\/fr\/wp-json\/wp\/v2\/media?parent=6889"}],"curies":[{"name":"wp","href":"https:\/\/api.w.org\/{rel}","templated":true}]}}