{"id":5755,"date":"2015-10-19T11:27:59","date_gmt":"2015-10-19T11:27:59","guid":{"rendered":"http:\/\/www.apdiving.com\/fr\/?page_id=5755"},"modified":"2024-06-14T07:43:18","modified_gmt":"2024-06-14T07:43:18","slug":"colour-theme-designer","status":"publish","type":"page","link":"https:\/\/www.apdiving.eu\/fr\/colour-theme-designer\/","title":{"rendered":"Colour Theme Designer"},"content":{"rendered":"<div id=\"pl-5755\"  class=\"panel-layout\" ><div id=\"pg-5755-0\"  class=\"panel-grid panel-no-style\" ><div class=\"vgRowWrapper\"><div id=\"pgc-5755-0-0\"  class=\"panel-grid-cell\" ><div class=\"vg-image-widget\"><img decoding=\"async\" src=\"https:\/\/www.apdiving.eu\/fr\/wp-content\/uploads\/2020vision-theme-designer1.jpg\" alt=\"\"\/><\/div><\/div><div id=\"pgc-5755-0-1\"  class=\"panel-grid-cell panel-grid-cell-empty\" ><\/div><div id=\"pgc-5755-0-2\"  class=\"panel-grid-cell\" ><div id=\"panel-5755-0-2-0\" class=\"so-panel widget widget_black-studio-tinymce widget_black_studio_tinymce panel-first-child\" data-index=\"1\" ><div class=\"textwidget\"><h2>Le logiciel de conception de Th\u00e8me de Couleurs<\/h2>\n<p>Le logiciel de conception de Th\u00e8me de Couleurs, permet au plongeur de cr\u00e9er des th\u00e8mes de couleurs uniques, r\u00e9pondant \u00e0 certains besoins et pr\u00e9f\u00e9rences, en terme de perception des couleurs ou de conditions de plong\u00e9e. Des limitations sont int\u00e9gr\u00e9es au logiciel afin d'\u00e9viter des associations de couleurs trop peu contrast\u00e9es. En dehors de ces limitations, toutes les combinaisons sont possibles et peuvent \u00eatre charg\u00e9es et enregistr\u00e9es dans l'\u00e9lectronique du Recycleur, \u00e0 raison de 2 choix diff\u00e9rents possibles au moment de la mise en route.<\/p>\n<p>Compatible avec Windows XP, Vista, 7 et 8<\/p>\n<\/div><\/div><div id=\"panel-5755-0-2-1\" class=\"so-panel widget widget_black-studio-tinymce widget_black_studio_tinymce panel-last-child\" data-index=\"2\" ><div class=\"textwidget\"><p>Invalid download ID.<\/p>\n<\/div><\/div><\/div><\/div><!--vgRowWrapper--><\/div><div id=\"pg-5755-1\"  class=\"panel-grid panel-no-style\" ><div class=\"vgRowWrapper\"><div id=\"pgc-5755-1-0\"  class=\"panel-grid-cell\" ><div id=\"panel-5755-1-0-0\" class=\"so-panel widget widget_black-studio-tinymce widget_black_studio_tinymce panel-first-child panel-last-child\" data-index=\"3\" ><div class=\"textwidget\"><ul>\n<li>Choix entre plus de 65,000 couleurs.<\/li>\n<li>Utilisez le programme \u00e0 partir de n'importe quel PC \u00e9quip\u00e9 de Windows 7 ou de Mac avec un logiciel de Machine Virtuelle, type Parallels.<\/li>\n<li>S\u00e9lectionnez parmi un des six th\u00e8mes standards, le th\u00e8me AP Smart \u00e9tant celui con\u00e7u par nos plongeurs de test, puis s\u00e9lectionnez le texte ou la zone que vous souhaitez modifier afin d'appliquer la couleur de votre choix.<\/li>\n<li>Enregistrez alors ce th\u00e8me sous un nouvau nom, tel que \u00ab\u00a0JYCousteau\u00a0\u00bb ou \u00ab\u00a0Asterix\u00a0\u00bb ou bien \u00ab\u00a0Vert01\u00a0\u00bb ...<\/li>\n<li>Sauvegardez autant de th\u00e8mes que vous le d\u00e9sirez, puis s\u00e9lectionnez les deux sp\u00e9cifiques que vous souhaitez installer sur votre Recycleur en cliquant sur \u00ab\u00a0Generate Upload file\u00a0\u00bb<\/li>\n<li>Une fois les fichiers cr\u00e9\u00e9s, t\u00e9l\u00e9chargez-les en 3 secondes dans l'\u00e9lectronique de votre Recycleur en utilisant le programme AP Communicator.<\/li>\n<li>Une fois t\u00e9l\u00e9charg\u00e9s, vous pouvez changer entre le th\u00e8me par d\u00e9faut et deux th\u00e8mes personnalis\u00e9s, \u00e0 partir de l'afficheur de poignet, que vous soyez en surface ou sous l'eau.<\/li>\n<\/ul>\n<\/div><\/div><\/div><\/div><!--vgRowWrapper--><\/div><\/div>","protected":false},"excerpt":{"rendered":"<p>Le logiciel de conception de Th\u00e8me de CouleursLe logiciel de conception de Th\u00e8me de Couleurs, permet au plongeur de cr\u00e9er des th\u00e8mes de couleurs uniques, r\u00e9pondant \u00e0 certains besoins et pr\u00e9f\u00e9rences, en terme de perception des couleurs ou de conditions de plong\u00e9e. Des limitations sont int\u00e9gr\u00e9es au logiciel afin d&#8217;\u00e9viter des associations de couleurs trop <a href=\"https:\/\/www.apdiving.eu\/fr\/colour-theme-designer\/\">[Read More &hellip;]<\/a><\/p>\n","protected":false},"author":4,"featured_media":0,"parent":0,"menu_order":0,"comment_status":"open","ping_status":"open","template":"","meta":{"footnotes":""},"class_list":["post-5755","page","type-page","status-publish","hentry"],"_links":{"self":[{"href":"https:\/\/www.apdiving.eu\/fr\/wp-json\/wp\/v2\/pages\/5755","targetHints":{"allow":["GET"]}}],"collection":[{"href":"https:\/\/www.apdiving.eu\/fr\/wp-json\/wp\/v2\/pages"}],"about":[{"href":"https:\/\/www.apdiving.eu\/fr\/wp-json\/wp\/v2\/types\/page"}],"author":[{"embeddable":true,"href":"https:\/\/www.apdiving.eu\/fr\/wp-json\/wp\/v2\/users\/4"}],"replies":[{"embeddable":true,"href":"https:\/\/www.apdiving.eu\/fr\/wp-json\/wp\/v2\/comments?post=5755"}],"version-history":[{"count":8,"href":"https:\/\/www.apdiving.eu\/fr\/wp-json\/wp\/v2\/pages\/5755\/revisions"}],"predecessor-version":[{"id":7405,"href":"https:\/\/www.apdiving.eu\/fr\/wp-json\/wp\/v2\/pages\/5755\/revisions\/7405"}],"wp:attachment":[{"href":"https:\/\/www.apdiving.eu\/fr\/wp-json\/wp\/v2\/media?parent=5755"}],"curies":[{"name":"wp","href":"https:\/\/api.w.org\/{rel}","templated":true}]}}