{"id":549,"date":"2013-10-31T12:45:39","date_gmt":"2013-10-31T12:45:39","guid":{"rendered":"http:\/\/ap.msurl.net\/blog\/?page_id=549"},"modified":"2015-12-11T11:03:42","modified_gmt":"2015-12-11T11:03:42","slug":"rd-test-centre","status":"publish","type":"page","link":"https:\/\/www.apdiving.eu\/fr\/about-ap\/rd-test-centre\/","title":{"rendered":"R&#038;D Test Centre"},"content":{"rendered":"<div id=\"pl-549\"  class=\"panel-layout\" ><div id=\"pg-549-0\"  class=\"panel-grid panel-no-style\" ><div class=\"vgRowWrapper\"><div id=\"pgc-549-0-0\"  class=\"panel-grid-cell\" ><div id=\"panel-549-0-0-0\" class=\"so-panel widget widget_black-studio-tinymce widget_black_studio_tinymce panel-first-child panel-last-child\" data-index=\"0\" ><div class=\"textwidget\"><h1>TESTES EN PROFONDEUR<\/h1>\n<h3>Installations de R&amp;D AP Diving \u00e0 Helston, Cornwall, BG<\/h3>\n<p>Beaucoup de personnes nous demande pourquoi nous faisons les choses de cette fa\u00e7on. Peut-\u00eatre que si nous externalisions plus et \u00e9tions moins focalis\u00e9s sur la s\u00e9curit\u00e9 et les performances, nous serions aussi bon march\u00e9 que nos concurrents, \u2028la qualit\u00e9 serait toujours assez bonne et la plupart des plongeurs ne verraient pas la diff\u00e9rence\u00a0?<\/p>\n<p>A cela nous r\u00e9pondons\u00a0: \u00ab\u00a0Rien n'est jamais 'assez bon' et 'la plupart des plongeurs' ont le droit \u00e0 un peu plus de respect\u00a0\u00bb<\/p>\n<p>C'est le m\u00eame esprit que celui ayant\u00a0inspir\u00e9 les plus grands plongeurs \u00e0 explorer des territoires inconnus qui nous conduit \u00e0 repousser les limites de ce que les \u00e9quipements de plong\u00e9e sont capables de faire. Depuis ces 20 derni\u00e8res ann\u00e9es, nous avons employ\u00e9 des sp\u00e9cialistes du design et lourdement investi dans des installations de R&amp;D et de test afin de rester au top de nos comp\u00e9tences et que vous puissiez am\u00e9liorer les v\u00f4tres.<\/p>\n<\/div><\/div><\/div><div id=\"pgc-549-0-1\"  class=\"panel-grid-cell panel-grid-cell-empty\" ><\/div><div id=\"pgc-549-0-2\"  class=\"panel-grid-cell\" ><div id=\"panel-549-0-2-0\" class=\"so-panel widget widget_black-studio-tinymce widget_black_studio_tinymce panel-first-child\" data-index=\"1\" ><div class=\"textwidget\"><p><br\/><\/p><\/div><\/div><div class=\"vg-image-widget\"><img decoding=\"async\" src=\"https:\/\/www.apdiving.eu\/fr\/wp-content\/uploads\/bcd-rebreather-testing-in-depth-apdiving1.jpg\" alt=\"\"\/><\/div><\/div><\/div><!--vgRowWrapper--><\/div><div id=\"pg-549-1\"  class=\"panel-grid panel-has-style\" ><div class=\"vgfull  panel-row-style panel-row-style-for-549-1\" ><div class=\"vgRowWrapper\"><div id=\"pgc-549-1-0\"  class=\"panel-grid-cell\" ><div id=\"panel-549-1-0-0\" class=\"so-panel widget widget_black-studio-tinymce widget_black_studio_tinymce panel-first-child panel-last-child\" data-index=\"3\" ><div class=\"textwidget\"><p>Cette approche nous a rapport\u00e9 de nombreuses r\u00e9compenses, des douzaines de brevets et aid\u00e9 des milliers de plongeurs \u00e0 travers le monde \u00e0 atteindre leurs objectifs personnels en plong\u00e9e.<\/p><p>Lorsque vous achetez un \u00e9quipement AP Diving, vous investissez dans du mat\u00e9riel qui a \u00e9t\u00e9 peaufin\u00e9 par des ann\u00e9es de R&amp;D, de contr\u00f4le qualit\u00e9 et de tests exigeants. Il r\u00e9pondra \u00e0 vos demandes de plongeur pour de nombreuses ann\u00e9es \u00e0 venir.<\/p><\/div><\/div><\/div><\/div><!--vgRowWrapper--><\/div><\/div><div id=\"pg-549-2\"  class=\"panel-grid panel-has-style\" ><div class=\"vgfull vg-spacing panel-row-style panel-row-style-for-549-2\" ><div class=\"vgRowWrapper\"><div id=\"pgc-549-2-0\"  class=\"panel-grid-cell\" ><div class=\"vg-image-widget\"><img decoding=\"async\" src=\"https:\/\/www.apdiving.eu\/fr\/wp-content\/uploads\/separator-middle.jpg\" alt=\"\"\/><\/div><\/div><\/div><!--vgRowWrapper--><\/div><\/div><div id=\"pg-549-3\"  class=\"panel-grid panel-has-style\" ><div class=\"vgfull  panel-row-style panel-row-style-for-549-3\" ><div class=\"vgRowWrapper\"><div id=\"pgc-549-3-0\"  class=\"panel-grid-cell\" ><div id=\"panel-549-3-0-0\" class=\"so-panel widget widget_black-studio-tinymce widget_black_studio_tinymce panel-first-child\" data-index=\"5\" ><div class=\"textwidget\"><h1>LE CENTRE LEADER MONDIAL DES TESTS RECYCLEUR<\/h1>\n<p>Notre centre de R&amp;D en interne accueille deux des syst\u00e8mes de test ANSTI les plus avanc\u00e9 mondialement\u00a0: un Simulateur Respiratoire 200m et un Banc d'Essai de D\u00e9tendeur \u00e0 la Demande. Ce sont des syst\u00e8mes de test totalement int\u00e9gr\u00e9s et con\u00e7us sp\u00e9cifiquement pour mesurer les performances respiratoires dynamiques de nos recycleurs et divers composants afin de r\u00e9pondre aux exigeants standards Europ\u00e9en EN250:2000 et EN14143:2003. Combin\u00e9s, ces \u00e9quipements nous permettent de tester les appareils respiratoires dans des conditions extr\u00eames, en profondeur, \u00e0 des temp\u00e9ratures entre -4\u00b0c et +50\u00b0c.<\/p>\n<p>Gr\u00e2ce \u00e0 ces batteries de tests s\u00e9v\u00e8res appliqu\u00e9es \u00e0 chaque produit que nous fabriquons, nous garantissons\u00a0:<\/p>\n<ul>\n<li>Un faible travail respiratoire en profondeur<\/li>\n<li>Un positionnement optimis\u00e9 des faux-poumons \u2013 thoraciques et dorsaux \u2013 assurant d'excellentes performances respiratoires dans toutes les positions du plongeur<\/li>\n<li>Des performances de filtrage de CO2 bas\u00e9es sur des tests drastiques, en conditions r\u00e9elles. Pas en surface, mais au fond, l\u00e0 o\u00f9 ils prennent tout leur sens<\/li>\n<\/ul>\n<\/div><\/div><div id=\"panel-549-3-0-1\" class=\"so-panel widget widget_black-studio-tinymce widget_black_studio_tinymce panel-last-child\" data-index=\"6\" ><div class=\"textwidget\"><h2>\u00a0<\/h2>\n<h2>PARTAGER LE SAVOIR<\/h2>\n<p>Nos capacit\u00e9s \u00e9tendues de recherche profitent \u00e0 la base de connaissance commune de toute la communaut\u00e9 des plongeurs recycleur dans son ensemble. Nous sommes en premi\u00e8re ligne dans la fondation de meilleurs pratiques pour tous les aspects de la plong\u00e9e recycleur, du choix des mat\u00e9riaux du filtre CO2, au design et positionnement des faux-poumons, en passant par la dur\u00e9e de vie de la cartouche filtrante et le suivi du CO2, jusqu'\u00e0 l'\u00e9valuation des performances des capteurs oxyg\u00e8ne.<\/p>\n<p>\u00a0<\/p>\n<\/div><\/div><\/div><div id=\"pgc-549-3-1\"  class=\"panel-grid-cell\" ><div class=\"vg-image-widget\"><img decoding=\"async\" src=\"https:\/\/www.apdiving.eu\/fr\/wp-content\/uploads\/ansti-logo.jpg\" alt=\"\"\/><\/div><div id=\"panel-549-3-1-1\" class=\"so-panel widget widget_black-studio-tinymce widget_black_studio_tinymce panel-last-child\" data-index=\"8\" ><div class=\"textwidget\"><h2 style=\"margin-top: 0px;\">QUE CE QU'ANTSI\u00a0?<\/h2>\n<p>ANSTI Test Systems Ltd con\u00e7oit et fabrique des bancs d'essai pour mesurer les performances sous-marines des appareils respiratoires. Des techniques d'acquisition num\u00e9riques sont utilis\u00e9es, permettant l\u2019affichage en temps-r\u00e9el des performances respiratoires des \u00e9quipements sous-marins test\u00e9s.<\/p>\n<\/div><\/div><\/div><\/div><!--vgRowWrapper--><\/div><\/div><div id=\"pg-549-4\"  class=\"panel-grid panel-has-style\" ><div class=\"vgfull  panel-row-style panel-row-style-for-549-4\" ><div class=\"vgRowWrapper\"><div id=\"pgc-549-4-0\"  class=\"panel-grid-cell\" ><div class=\"vg-image-widget\"><img decoding=\"async\" src=\"https:\/\/www.apdiving.eu\/fr\/wp-content\/uploads\/separator-middle.jpg\" alt=\"\"\/><\/div><\/div><\/div><!--vgRowWrapper--><\/div><\/div><div id=\"pg-549-5\"  class=\"panel-grid panel-has-style\" ><div class=\"vgfull vg-spacing panel-row-style panel-row-style-for-549-5\" ><div class=\"vgRowWrapper\"><div id=\"pgc-549-5-0\"  class=\"panel-grid-cell\" ><div id=\"panel-549-5-0-0\" class=\"so-panel widget widget_black-studio-tinymce widget_black_studio_tinymce panel-first-child panel-last-child\" data-index=\"10\" ><div class=\"textwidget\"><h1>LE SIMULATEUR RESPIRATOIRE ANSTI 200M<\/h1>\n<h3>Banc d'Essai d'Equipement de Survie<\/h3>\n<p>Acquis en 2004, le Simulateur Respiratoire ANTSI 200m fut le premier syst\u00e8me du genre jamais construit \u00e0 cette \u00e9chelle et fut sp\u00e9cialement adapt\u00e9 pour r\u00e9pondre sp\u00e9cifiquement aux besoins de notre programme de R&amp;D sur les recycleurs. Cet appareil de test est suffisamment grand pour accueillir tous nos mod\u00e8les de recycleurs de la gamme Inspiration, en position t\u00eate haute et dans toutes les combinaisons de roulis et de tangage.<\/p>\n<p>\u00a0<\/p>\n<\/div><\/div><\/div><div id=\"pgc-549-5-1\"  class=\"panel-grid-cell panel-grid-cell-empty\" ><\/div><div id=\"pgc-549-5-2\"  class=\"panel-grid-cell\" ><div id=\"panel-549-5-2-0\" class=\"so-panel widget widget_black-studio-tinymce widget_black_studio_tinymce panel-first-child\" data-index=\"11\" ><div class=\"textwidget\"><p><br\/><\/p><\/div><\/div><div class=\"vg-image-widget\"><img decoding=\"async\" src=\"https:\/\/www.apdiving.eu\/fr\/wp-content\/uploads\/bcd-rebreather-the-ansti-apdiving1.jpg\" alt=\"\"\/><span class=\"caption\">Jake Kimpton AP &copy;<\/span><\/div><\/div><\/div><!--vgRowWrapper--><\/div><\/div><div id=\"pg-549-6\"  class=\"panel-grid panel-has-style\" ><div class=\"vgfull vg-spacing panel-row-style panel-row-style-for-549-6\" ><div class=\"vgRowWrapper\"><div id=\"pgc-549-6-0\"  class=\"panel-grid-cell\" ><div id=\"panel-549-6-0-0\" class=\"so-panel widget widget_black-studio-tinymce widget_black_studio_tinymce panel-first-child\" data-index=\"13\" ><div class=\"textwidget\"><p><br\/><\/p><\/div><\/div><div class=\"vg-image-widget\"><img decoding=\"async\" src=\"https:\/\/www.apdiving.eu\/fr\/wp-content\/uploads\/bcd-rebreather-dive-simulation-2-apdiving.jpg\" alt=\"\"\/><\/div><\/div><div id=\"pgc-549-6-1\"  class=\"panel-grid-cell panel-grid-cell-empty\" ><\/div><div id=\"pgc-549-6-2\"  class=\"panel-grid-cell\" ><div id=\"panel-549-6-2-0\" class=\"so-panel widget widget_black-studio-tinymce widget_black_studio_tinymce panel-first-child panel-last-child\" data-index=\"15\" ><div class=\"textwidget\"><h3>Simulation de Plong\u00e9e<\/h3>\n<p>Nous pouvons simuler des plong\u00e9es avec de nombreux param\u00e8tres \u2013 vitesse respiratoire, temp\u00e9rature de l'eau et profondeur jusqu'\u00e0 200m. Ce banc d'essai \u00e9tant install\u00e9 dans nos locaux, nos pouvons r\u00e9p\u00e9ter ces tests \u00e0 l'infini, sans les contraintes de temps, de logistique ou de co\u00fbt g\u00e9n\u00e9r\u00e9es par un centre de test externe. Ceci signifie que nous peaufinons nos recherches en continu et que nous faisons r\u00e9guli\u00e8rement des d\u00e9couvertes \u00e0 propos des recycleurs, comme\u00a0:<\/p>\n<ul>\n<li>La diff\u00e9rence de Travail Respiratoire en utilisant diff\u00e9rents m\u00e9langes \u00e0 diff\u00e9rentes profondeurs.<\/li>\n<li>La pr\u00e9cision dans le contr\u00f4le de la PO2<\/li>\n<li>Des tests d'endurance, de fiabilit\u00e9 et de pr\u00e9cision<\/li>\n<li>Capacit\u00e9 de filtration de la cartouche CO2 (selon divers param\u00e8tres de profondeurs et de conditions de plong\u00e9e)<\/li>\n<li>Test du Tempstick<\/li>\n<li>Test des mat\u00e9riaux de cartouche filtrante d'autres marques<\/li>\n<li>Test d'\u00e9quilibrage hydrostatique pour un positionnement optimis\u00e9 des faux-poumons, dans toutes les positions possibles du plongeur<\/li>\n<\/ul>\n<\/div><\/div><\/div><\/div><!--vgRowWrapper--><\/div><\/div><div id=\"pg-549-7\"  class=\"panel-grid panel-has-style\" ><div class=\"vgfull vg-more panel-row-style panel-row-style-for-549-7\" ><div class=\"vgRowWrapper\"><div id=\"pgc-549-7-0\"  class=\"panel-grid-cell panel-grid-cell-mobile-last\" ><div id=\"panel-549-7-0-0\" class=\"so-panel widget widget_black-studio-tinymce widget_black_studio_tinymce panel-first-child panel-last-child\" data-index=\"16\" ><div class=\"textwidget\"><h4>Plus de connaissance = des meilleurs produits = une meilleure plong\u00e9e<\/h4>\n<p>Toutes ces donn\u00e9es collect\u00e9es, en particulier les tests d'endurance de la cartouche filtrante CO2, ont infl\u00e9chi beaucoup de choix sur\u00a0: les taux de production de CO2, la fr\u00e9quence respiratoire, la temp\u00e9rature de l'eau et la profondeur. En particulier, notre capacit\u00e9 \u00e0 conduire des tests comparatifs sur diff\u00e9rents mod\u00e8les de cartouche filtrante d'autres marques du march\u00e9 ont permis de faire b\u00e9n\u00e9ficier de ces informations, non seulement nous-m\u00eame en tant que fabricant mais aussi \u2013 en fin de compte \u2013 toute la base de donn\u00e9es de connaissance de la communaut\u00e9 des plongeurs recycleur dans son ensemble.<\/p>\n<h4>Test de l'embout<\/h4>\n<p>Le syst\u00e8me est \u00e9quipe d'une t\u00eate de type \u00ab\u00a0Sheffield\u00a0\u00bb (anatomiquement correcte) sp\u00e9cialement con\u00e7ue pour brancher et tester d'autres \u00e9quipements de survie tels que de masques faciaux ou des embouts OC\/CC. La mesure du CO2 \u00e0 chaque respiration \u00e0 permis de d\u00e9couvrir et \u00e9liminer tous les espaces morts (zones o\u00f9 le CO2 s'accumule). Cette capacit\u00e9 de test est absolument cruciale pour le d\u00e9veloppement de produit de A \u00e0 Z, conception, prototypage et r\u00e9alisation-peaufinage\u00a0avant la mise sur le march\u00e9.<\/p>\n<h4>S\u00e9curit\u00e9 &amp; Pr\u00e9cision Avanc\u00e9es<\/h4>\n<p>Capacit\u00e9 unique parmi les autres fabricants de recycleur, nous pouvons simuler des descentes et remont\u00e9es ultra-rapides sous divers conditions. La performance ultime pour tout recycleur \u00e0 circuit-ferm\u00e9 est la capacit\u00e9 de rester fonctionnel en cas de remont\u00e9e rapide avec travail respiratoire intense. Tous les mod\u00e8les Inspiration passent ce test afin de garantir leur qualit\u00e9 de conception.<\/p>\n<p>Ce simulateur respiratoire est \u00e9quip\u00e9 d'un g\u00e9n\u00e9rateur d'ondes sinuso\u00efdales, doubl\u00e9 d'un r\u00e9gulateur d'amplitude et de fr\u00e9quence respiratoire. Un humidificateur et un syst\u00e8me de r\u00e9gulation thermique compl\u00e8te le syst\u00e8me et nous permettent d'effectuer des test de -4\u00b0c \u00e0 +50\u00b0c, au-del\u00e0 des exigences de la norme BS EN250:2000.<\/p>\n<p>Le syst\u00e8me de test de la cartouche filtrante est \u00e9quip\u00e9 d'une buse \u00e0 d\u00e9bit massique permettant d'injecter, \u00e0 toute profondeur, dans la boucle respiratoire, un flux calibr\u00e9 de dioxyde de carbone simulant ainsi tous les taux de travail respiratoire.<\/p>\n<p>\u00a0<\/p>\n<\/div><\/div><\/div><div id=\"pgc-549-7-1\"  class=\"panel-grid-cell panel-grid-cell-empty\" ><\/div><\/div><!--vgRowWrapper--><\/div><\/div><div id=\"pg-549-8\"  class=\"panel-grid panel-has-style\" ><div class=\"vgfull vg-spacing panel-row-style panel-row-style-for-549-8\" ><div class=\"vgRowWrapper\"><div id=\"pgc-549-8-0\"  class=\"panel-grid-cell\" ><div id=\"panel-549-8-0-0\" class=\"so-panel widget widget_black-studio-tinymce widget_black_studio_tinymce panel-first-child panel-last-child\" data-index=\"17\" ><div class=\"textwidget\"><h1>BANC D'ESSAI ANSTI DE DETENDEUR A LA DEMANDE<\/h1>\n<h3>Contr\u00f4le Qualit\u00e9 et R&amp;D<\/h3>\n<p>Le premier de son genre jamais construit par ANSTI, ce banc d'essai permet de tester les performances de petits \u00e9quipements tels que l'octo-inflateur Auto-Air, les premiers \u00e9tages des recycleur, l'ADV (Auto Diluent Valve) ainsi que de nombreux nouveaux produits en d\u00e9veloppement. Il permet aussi d'effectuer les tests routiniers mais essentiels de Contr\u00f4le Qualit\u00e9 sur toute la gamme de nos produits.<\/p>\n<p>Certifi\u00e9 \u00e0 une profondeur maximum de 80m, l'ordinateur et l'instrumentation enregistrent la profondeur de test et la r\u00e9ponse en temps-r\u00e9el de la haute pression, la moyenne pression et la pression diff\u00e9rentielle de l'embout.<\/p>\n<\/div><\/div><\/div><div id=\"pgc-549-8-1\"  class=\"panel-grid-cell panel-grid-cell-empty\" ><\/div><div id=\"pgc-549-8-2\"  class=\"panel-grid-cell\" ><div id=\"panel-549-8-2-0\" class=\"so-panel widget widget_black-studio-tinymce widget_black_studio_tinymce panel-first-child\" data-index=\"18\" ><div class=\"textwidget\"><p><br\/><\/p>\n<\/div><\/div><div class=\"vg-image-widget\"><img decoding=\"async\" src=\"https:\/\/www.apdiving.eu\/fr\/wp-content\/uploads\/bcd-rebreather-dive-simulation-apdiving.jpg\" alt=\"\"\/><span class=\"caption\">Jeff Parker AP &copy;<\/span><\/div><\/div><\/div><!--vgRowWrapper--><\/div><\/div><div id=\"pg-549-9\"  class=\"panel-grid panel-has-style\" ><div class=\"vgfull vg-spacing panel-row-style panel-row-style-for-549-9\" ><div class=\"vgRowWrapper\"><div id=\"pgc-549-9-0\"  class=\"panel-grid-cell\" ><div class=\"vg-image-widget\"><img decoding=\"async\" src=\"https:\/\/www.apdiving.eu\/fr\/wp-content\/uploads\/separator-middle.jpg\" alt=\"\"\/><\/div><\/div><\/div><!--vgRowWrapper--><\/div><\/div><div id=\"pg-549-10\"  class=\"panel-grid panel-has-style\" ><div class=\"vgfull vg-spacing panel-row-style panel-row-style-for-549-10\" ><div class=\"vgRowWrapper\"><div id=\"pgc-549-10-0\"  class=\"panel-grid-cell panel-grid-cell-empty\" ><\/div><div id=\"pgc-549-10-1\"  class=\"panel-grid-cell panel-grid-cell-mobile-last\" ><div id=\"panel-549-10-1-0\" class=\"so-panel widget widget_black-studio-tinymce widget_black_studio_tinymce panel-first-child panel-last-child\" data-index=\"21\" ><div class=\"textwidget\"><h1 style=\"text-align: center;\">LE FUTUR\u00a0?<\/h1>\n<p>Nous d\u00e9couvrons de nouvelles am\u00e9liorations aux performances des recycleurs, inventons des solutions aux probl\u00e8mes que les autres soci\u00e9t\u00e9s n'ont pas encore identifi\u00e9es, comme autant\u00a0de clefs vers le futur. Nous continuerons d'investir dans les technologies de la recherche, n\u00e9cessaires \u00e0 la progression de nos connaissances et repousserons les fronti\u00e8res de ce qui est r\u00e9alisable en plong\u00e9e. Parce ce que si c'est faisable, nous voulons le faire.<\/p>\n<p>Des heures (de test) passionnantes nous attendent ...<\/p>\n<\/div><\/div><\/div><div id=\"pgc-549-10-2\"  class=\"panel-grid-cell panel-grid-cell-empty\" ><\/div><\/div><!--vgRowWrapper--><\/div><\/div><div id=\"pg-549-11\"  class=\"panel-grid panel-has-style\" ><div class=\"vgfull vg-spacing panel-row-style panel-row-style-for-549-11\" ><div class=\"vgRowWrapper\"><div id=\"pgc-549-11-0\"  class=\"panel-grid-cell panel-grid-cell-empty\" ><\/div><\/div><!--vgRowWrapper--><\/div><\/div><\/div>","protected":false},"excerpt":{"rendered":"<p>TESTES EN PROFONDEURInstallations de R&amp;D AP Diving \u00e0 Helston, Cornwall, BGBeaucoup de personnes nous demande pourquoi nous faisons les choses de cette fa\u00e7on. Peut-\u00eatre que si nous externalisions plus et \u00e9tions moins focalis\u00e9s sur la s\u00e9curit\u00e9 et les performances, nous serions aussi bon march\u00e9 que nos concurrents, \u2028la qualit\u00e9 serait toujours assez bonne et la <a href=\"https:\/\/www.apdiving.eu\/fr\/about-ap\/rd-test-centre\/\">[Read More &hellip;]<\/a><\/p>\n","protected":false},"author":4,"featured_media":0,"parent":15,"menu_order":0,"comment_status":"open","ping_status":"open","template":"","meta":{"footnotes":""},"class_list":["post-549","page","type-page","status-publish","hentry"],"_links":{"self":[{"href":"https:\/\/www.apdiving.eu\/fr\/wp-json\/wp\/v2\/pages\/549","targetHints":{"allow":["GET"]}}],"collection":[{"href":"https:\/\/www.apdiving.eu\/fr\/wp-json\/wp\/v2\/pages"}],"about":[{"href":"https:\/\/www.apdiving.eu\/fr\/wp-json\/wp\/v2\/types\/page"}],"author":[{"embeddable":true,"href":"https:\/\/www.apdiving.eu\/fr\/wp-json\/wp\/v2\/users\/4"}],"replies":[{"embeddable":true,"href":"https:\/\/www.apdiving.eu\/fr\/wp-json\/wp\/v2\/comments?post=549"}],"version-history":[{"count":6,"href":"https:\/\/www.apdiving.eu\/fr\/wp-json\/wp\/v2\/pages\/549\/revisions"}],"predecessor-version":[{"id":6184,"href":"https:\/\/www.apdiving.eu\/fr\/wp-json\/wp\/v2\/pages\/549\/revisions\/6184"}],"up":[{"embeddable":true,"href":"https:\/\/www.apdiving.eu\/fr\/wp-json\/wp\/v2\/pages\/15"}],"wp:attachment":[{"href":"https:\/\/www.apdiving.eu\/fr\/wp-json\/wp\/v2\/media?parent=549"}],"curies":[{"name":"wp","href":"https:\/\/api.w.org\/{rel}","templated":true}]}}