{"id":547,"date":"2013-10-31T12:43:51","date_gmt":"2013-10-31T12:43:51","guid":{"rendered":"http:\/\/ap.msurl.net\/blog\/?page_id=547"},"modified":"2015-11-11T15:47:30","modified_gmt":"2015-11-11T15:47:30","slug":"innovation-timeline","status":"publish","type":"page","link":"https:\/\/www.apdiving.eu\/fr\/about-ap\/innovation-timeline\/","title":{"rendered":"Innovation Timeline"},"content":{"rendered":"<div id=\"pl-547\"  class=\"panel-layout\" ><div id=\"pg-547-0\"  class=\"panel-grid panel-has-style\" ><div class=\"vgfull vg-spacing panel-row-style panel-row-style-for-547-0\" ><div class=\"vgRowWrapper\"><div id=\"pgc-547-0-0\"  class=\"panel-grid-cell panel-grid-cell-empty\" ><\/div><div id=\"pgc-547-0-1\"  class=\"panel-grid-cell panel-grid-cell-mobile-last\" ><div id=\"panel-547-0-1-0\" class=\"so-panel widget widget_black-studio-tinymce widget_black_studio_tinymce panel-first-child panel-last-child\" data-index=\"0\" ><div class=\"textwidget\"><h1 style=\"text-align: center;\">\u00a0<\/h1>\n<h2 style=\"text-align: center;\">UNE HISTOIRE D'INNOVATION<\/h2>\n<h3 style=\"text-align: center;\">L'Historique d'AP Valves et AP Diving<\/h3>\n<p>L'innovation est le moteur de tout ce que nous entreprenons. Comment am\u00e9liorer votre fa\u00e7on de plonger\u00a0? Comment am\u00e9liorer votre confort et votre s\u00e9curit\u00e9 en plong\u00e9e\u00a0? Quelle simple modification peut grandement am\u00e9liorer votre potentiel\u00a0? Les ing\u00e9nieurs et concepteurs de nos produits se sont pos\u00e9s toutes ces questions \u2026 pendant des ann\u00e9es. Jeter un coup d'oeil \u00e0 notre histoire pour voir quelques-unes des r\u00e9ponses que nous avons apport\u00e9es, jusque ici ...<\/p>\n<\/div><\/div><\/div><div id=\"pgc-547-0-2\"  class=\"panel-grid-cell panel-grid-cell-empty\" ><\/div><\/div><!--vgRowWrapper--><\/div><\/div><\/div>","protected":false},"excerpt":{"rendered":"<p>\u00a0UNE HISTOIRE D&#8217;INNOVATIONL&#8217;Historique d&#8217;AP Valves et AP DivingL&#8217;innovation est le moteur de tout ce que nous entreprenons. Comment am\u00e9liorer votre fa\u00e7on de plonger\u00a0? Comment am\u00e9liorer votre confort et votre s\u00e9curit\u00e9 en plong\u00e9e\u00a0? Quelle simple modification peut grandement am\u00e9liorer votre potentiel\u00a0? Les ing\u00e9nieurs et concepteurs de nos produits se sont pos\u00e9s toutes ces questions \u2026 pendant <a href=\"https:\/\/www.apdiving.eu\/fr\/about-ap\/innovation-timeline\/\">[Read More &hellip;]<\/a><\/p>\n","protected":false},"author":4,"featured_media":0,"parent":15,"menu_order":0,"comment_status":"open","ping_status":"open","template":"timeline.php","meta":{"footnotes":""},"class_list":["post-547","page","type-page","status-publish","hentry"],"_links":{"self":[{"href":"https:\/\/www.apdiving.eu\/fr\/wp-json\/wp\/v2\/pages\/547","targetHints":{"allow":["GET"]}}],"collection":[{"href":"https:\/\/www.apdiving.eu\/fr\/wp-json\/wp\/v2\/pages"}],"about":[{"href":"https:\/\/www.apdiving.eu\/fr\/wp-json\/wp\/v2\/types\/page"}],"author":[{"embeddable":true,"href":"https:\/\/www.apdiving.eu\/fr\/wp-json\/wp\/v2\/users\/4"}],"replies":[{"embeddable":true,"href":"https:\/\/www.apdiving.eu\/fr\/wp-json\/wp\/v2\/comments?post=547"}],"version-history":[{"count":4,"href":"https:\/\/www.apdiving.eu\/fr\/wp-json\/wp\/v2\/pages\/547\/revisions"}],"predecessor-version":[{"id":5348,"href":"https:\/\/www.apdiving.eu\/fr\/wp-json\/wp\/v2\/pages\/547\/revisions\/5348"}],"up":[{"embeddable":true,"href":"https:\/\/www.apdiving.eu\/fr\/wp-json\/wp\/v2\/pages\/15"}],"wp:attachment":[{"href":"https:\/\/www.apdiving.eu\/fr\/wp-json\/wp\/v2\/media?parent=547"}],"curies":[{"name":"wp","href":"https:\/\/api.w.org\/{rel}","templated":true}]}}