{"id":545,"date":"2013-10-31T12:29:58","date_gmt":"2013-10-31T12:29:58","guid":{"rendered":"http:\/\/ap.msurl.net\/blog\/?page_id=545"},"modified":"2024-03-07T13:56:05","modified_gmt":"2024-03-07T13:56:05","slug":"partners-in-diving","status":"publish","type":"page","link":"https:\/\/www.apdiving.eu\/fr\/about-ap\/partners-in-diving\/","title":{"rendered":"Partners in Diving"},"content":{"rendered":"<div id=\"pl-545\"  class=\"panel-layout\" ><div id=\"pg-545-0\"  class=\"panel-grid panel-no-style\" ><div class=\"vgRowWrapper\"><div id=\"pgc-545-0-0\"  class=\"panel-grid-cell panel-grid-cell-empty\" ><\/div><div id=\"pgc-545-0-1\"  class=\"panel-grid-cell panel-grid-cell-mobile-last\" ><div class=\"vg-image-widget\"><img decoding=\"async\" src=\"https:\/\/www.apdiving.eu\/fr\/wp-content\/uploads\/dive4diadema-logo-2text-h120.png\" alt=\"\"\/><\/div><div id=\"panel-545-0-1-1\" class=\"so-panel widget widget_black-studio-tinymce widget_black_studio_tinymce\" data-index=\"1\" ><div class=\"textwidget\"><p>AP Diving a accept\u00e9 de s'associer et de promouvoir D4D au BOOT Show de D\u00fcsseldorf, en janvier 2024.<\/p>\n<h3>Dive4Diadema \u2013 Science citoyenne sous l\u2019eau<\/h3>\n<p>Une extinction massive est en cours en ce moment. Le projet de science citoyenne Dive4Diadema recherche les derniers oursins diad\u00e8mes de la M\u00e9diterran\u00e9e et de la mer Rouge. Avec votre aide, nous souhaitons enqu\u00eater sur la disparition de l'oursin Diadema setosum et documenter sa pr\u00e9sence ou son absence en M\u00e9diterran\u00e9e et en mer Rouge.<\/p>\n<p><a href=\"https:\/\/dive4diadema.org\">Rejoignez-nous et faites partie du projet de science citoyenne Dive4Diadema\u00a0!<\/a><\/p>\n<\/div><\/div><div class=\"vg-image-widget\"><img decoding=\"async\" src=\"https:\/\/www.apdiving.eu\/fr\/wp-content\/uploads\/800x800_Seeigel-Diadem040-Foto-Paul-Munzinger-96dpi.jpg\" alt=\"\"\/><\/div><div id=\"panel-545-0-1-3\" class=\"so-panel widget widget_black-studio-tinymce widget_black_studio_tinymce\" data-index=\"3\" ><div class=\"textwidget\"><h3>Pourquoi sont-ils si importants ?<\/h3>\n<p>Les oursins constituent l\u2019un des groupes animaux les plus importants des r\u00e9cifs coralliens de la mer Rouge. Ils se nourrissent d\u2019algues et sont donc les \u00ab tondeuses \u00e0 gazon \u00bb des r\u00e9cifs. En tant que brouteurs, ils limitent la croissance des algues, lib\u00e9rant ainsi de l'espace pour l'installation des larves d'autres esp\u00e8ces et limitant la prolif\u00e9ration des algues qui peuvent supplanter les organismes \u00e0 croissance plus lente, tels que les coraux.<\/p>\n<\/div><\/div><div class=\"vg-image-widget\"><img decoding=\"async\" src=\"https:\/\/www.apdiving.eu\/fr\/wp-content\/uploads\/Oliver_Meckes_3_96dpi.png\" alt=\"\"\/><\/div><div id=\"panel-545-0-1-5\" class=\"so-panel widget widget_black-studio-tinymce widget_black_studio_tinymce panel-last-child\" data-index=\"5\" ><div class=\"textwidget\"><h3>O\u00f9 vivent-ils?<\/h3>\n<p>Ils sont originaires de la mer Rouge, de la c\u00f4te est de l\u2019Afrique et de l\u2019ouest de l\u2019Indo-Pacifique\u2026 [ils] ont envahi le bassin m\u00e9diterran\u00e9en depuis la mer Rouge en passant par le canal de Suez en 2006 et font actuellement partie des esp\u00e8ces non \u00e9tablies. esp\u00e8ces indig\u00e8nes du bassin.<\/p>\n<h3>Les oursins en danger !<\/h3>\n<p>Aujourd\u2019hui, au printemps 2023, un \u00e9pisode de mortalit\u00e9 massive de Diadema setosum a commenc\u00e9 dans la mer M\u00e9diterran\u00e9e et se propage rapidement dans la mer Rouge.<\/p>\n<\/div><\/div><\/div><div id=\"pgc-545-0-2\"  class=\"panel-grid-cell panel-grid-cell-empty\" ><\/div><\/div><!--vgRowWrapper--><\/div><div id=\"pg-545-1\"  class=\"panel-grid panel-no-style\" ><div class=\"vgRowWrapper\"><div id=\"pgc-545-1-0\"  class=\"panel-grid-cell panel-grid-cell-empty\" ><\/div><div id=\"pgc-545-1-1\"  class=\"panel-grid-cell panel-grid-cell-mobile-last\" ><div class=\"vg-image-widget\"><img decoding=\"async\" src=\"https:\/\/www.apdiving.eu\/fr\/wp-content\/uploads\/PhoneMockUp_400px.png\" alt=\"\"\/><\/div><\/div><div id=\"pgc-545-1-2\"  class=\"panel-grid-cell panel-grid-cell-empty\" ><\/div><\/div><!--vgRowWrapper--><\/div><div id=\"pg-545-2\"  class=\"panel-grid panel-no-style\" ><div class=\"vgRowWrapper\"><div id=\"pgc-545-2-0\"  class=\"panel-grid-cell panel-grid-cell-empty\" ><\/div><div id=\"pgc-545-2-1\"  class=\"panel-grid-cell panel-grid-cell-mobile-last\" ><div class=\"vg-image-widget\"><img decoding=\"async\" src=\"https:\/\/www.apdiving.eu\/fr\/wp-content\/uploads\/QR-codes-for-D4D-App-2-FR.jpg\" alt=\"\"\/><\/div><\/div><div id=\"pgc-545-2-2\"  class=\"panel-grid-cell panel-grid-cell-empty\" ><\/div><\/div><!--vgRowWrapper--><\/div><div id=\"pg-545-3\"  class=\"panel-grid panel-no-style\" ><div class=\"vgRowWrapper\"><div id=\"pgc-545-3-0\"  class=\"panel-grid-cell panel-grid-cell-empty\" ><\/div><div id=\"pgc-545-3-1\"  class=\"panel-grid-cell panel-grid-cell-mobile-last\" ><div class=\"vgLinkSingle\"><a  class=\"vgLink yellow\" href=\"https:\/\/dive4diadema.org\">Plus d'informations ici<\/a><\/div><\/div><div id=\"pgc-545-3-2\"  class=\"panel-grid-cell panel-grid-cell-empty\" ><\/div><\/div><!--vgRowWrapper--><\/div><div id=\"pg-545-4\"  class=\"panel-grid panel-no-style\" ><div class=\"vgRowWrapper\"><div id=\"pgc-545-4-0\"  class=\"panel-grid-cell panel-grid-cell-empty\" ><\/div><div id=\"pgc-545-4-1\"  class=\"panel-grid-cell panel-grid-cell-mobile-last\" ><div class=\"vg-image-widget\"><img decoding=\"async\" src=\"https:\/\/www.apdiving.eu\/fr\/wp-content\/uploads\/separator-middle-1.jpg\" alt=\"\"\/><\/div><\/div><div id=\"pgc-545-4-2\"  class=\"panel-grid-cell panel-grid-cell-empty\" ><\/div><\/div><!--vgRowWrapper--><\/div><div id=\"pg-545-5\"  class=\"panel-grid panel-has-style\" ><div class=\"vgfull  panel-row-style panel-row-style-for-545-5\" ><div class=\"vgRowWrapper\"><div id=\"pgc-545-5-0\"  class=\"panel-grid-cell panel-grid-cell-empty\" ><\/div><div id=\"pgc-545-5-1\"  class=\"panel-grid-cell panel-grid-cell-mobile-last\" ><div class=\"vg-image-widget\"><img decoding=\"async\" src=\"https:\/\/www.apdiving.eu\/fr\/wp-content\/uploads\/SaveOurSeas-logo.jpg\" alt=\"\"\/><\/div><div id=\"panel-545-5-1-1\" class=\"so-panel widget widget_black-studio-tinymce widget_black_studio_tinymce panel-last-child\" data-index=\"11\" ><div class=\"textwidget\"><p>AP Diving est fi\u00e8re de soutenir la fondation \u00ab\u00a0Save Our Seas\u00a0\u00bb, une\u00a0organisation Suisse d\u00e9di\u00e9e au soutien de la recherche, l'\u00e9ducation et la prise de conscience de la situation de notre plus grande ressource naturelle, l'oc\u00e9an.<\/p><blockquote><p>La fondation Save Our Seas a intensivement utilis\u00e9 l'Inspiration depuis 1998 et des unit\u00e9s modifi\u00e9es plus petites depuis 2001. Les 25 recycleurs que nous utilisons ont apport\u00e9 \u00e0 notre \u00e9quipe de scientifiques, chercheurs et cameramans, durant ces 7 derni\u00e8res ann\u00e9es, \u00a0la capacit\u00e9 inestimable de silencieusement observer, \u00e9tudier et filmer le comportement naturel d'animaux marins \u00e0 travers le monde. La nouvelle \u00e9lectronique Vision, le capteur de CO2, l\u2019ordinateur de plong\u00e9e et les fonctions de t\u00e9l\u00e9chargement des plong\u00e9es int\u00e9gr\u00e9es dans l'Evolution [Inspiration EVO] apportent \u00e0 nos op\u00e9rations encore plus de souplesse\u00a0et de contr\u00f4le des plong\u00e9es.\u00a0<\/p><h6>Chris Clarke \u2013 Directeur Executif, Fondation Save Our Seas\u2028<\/h6><\/blockquote><h6>\u00a0<\/h6><p>\u00a0<\/p><\/div><\/div><\/div><div id=\"pgc-545-5-2\"  class=\"panel-grid-cell panel-grid-cell-empty\" ><\/div><\/div><!--vgRowWrapper--><\/div><\/div><div id=\"pg-545-6\"  class=\"panel-grid panel-no-style\" ><div class=\"vgRowWrapper\"><div id=\"pgc-545-6-0\"  class=\"panel-grid-cell panel-grid-cell-empty\" ><\/div><div id=\"pgc-545-6-1\"  class=\"panel-grid-cell panel-grid-cell-mobile-last\" ><div class=\"vgLinkSingle\"><a  class=\"vgLink yellow\" href=\"http:\/\/www.saveourseas.com\">EN SAVOIR PLUS A PROPOS DES REALISATIONS DE SAVE OUR SEAS<\/a><\/div><\/div><div id=\"pgc-545-6-2\"  class=\"panel-grid-cell panel-grid-cell-empty\" ><\/div><\/div><!--vgRowWrapper--><\/div><div id=\"pg-545-7\"  class=\"panel-grid panel-no-style\" ><div class=\"vgRowWrapper\"><div id=\"pgc-545-7-0\"  class=\"panel-grid-cell panel-grid-cell-empty\" ><\/div><div id=\"pgc-545-7-1\"  class=\"panel-grid-cell panel-grid-cell-mobile-last\" ><div class=\"vg-image-widget\"><img decoding=\"async\" src=\"https:\/\/www.apdiving.eu\/fr\/wp-content\/uploads\/separator-middle-1.jpg\" alt=\"\"\/><\/div><\/div><div id=\"pgc-545-7-2\"  class=\"panel-grid-cell panel-grid-cell-empty\" ><\/div><\/div><!--vgRowWrapper--><\/div><div id=\"pg-545-8\"  class=\"panel-grid panel-has-style\" ><div class=\"vgfull vg-spacing panel-row-style panel-row-style-for-545-8\" ><div class=\"vgRowWrapper\"><div id=\"pgc-545-8-0\"  class=\"panel-grid-cell panel-grid-cell-empty\" ><\/div><div id=\"pgc-545-8-1\"  class=\"panel-grid-cell panel-grid-cell-mobile-last\" ><div class=\"vg-image-widget\"><img decoding=\"async\" src=\"https:\/\/www.apdiving.eu\/fr\/wp-content\/uploads\/LoughbroughUni-logo.jpg\" alt=\"\"\/><\/div><div id=\"panel-545-8-1-1\" class=\"so-panel widget widget_black-studio-tinymce widget_black_studio_tinymce\" data-index=\"15\" ><div class=\"textwidget\"><p>\u00a0<\/p>\n<p>Partager le savoir et encourager l'\u00e9ducation est important \u00e0 nos yeux. Tous les ans, nous acceptons des \u00e9tudiants en Design Industriel et Technologie de l'Universit\u00e9 de Loughborough. En coordination depuis plusieurs ann\u00e9es avec l'universit\u00e9, la standardisation de nos programmes et processus permet aux \u00e9tudiants s\u00e9lectionn\u00e9s de venir \u00e0 AP durant la troisi\u00e8me ann\u00e9e de leur formation pour pr\u00e9parer au mieux leur entr\u00e9e dans la vie professionnelle.<\/p>\n<blockquote>\n<p>Les \u00e9tudiants s\u2019am\u00e9liorent de jour en jour. Ils nous arrivent d\u00e9j\u00e0 parfaitement comp\u00e9tents dans Engineering Professionnel et int\u00e8grent d\u00e8s le premier jour de travail notre \u00e9quipe de R&amp; D.<\/p>\n<h6>Martin Parker \u2013 DG, AP Diving<\/h6>\n<\/blockquote>\n<h6>\u00a0<\/h6>\n<p>\u00a0<\/p><\/div><\/div><div id=\"panel-545-8-1-2\" class=\"so-panel widget widget_black-studio-tinymce widget_black_studio_tinymce panel-last-child\" data-index=\"16\" ><div class=\"textwidget\"><blockquote>\n<p>Il n'y a rien de tel que l'exp\u00e9rience pratique pour compl\u00e9ter ce que vous avez appris \u00e0 l'universit\u00e9\u00a0!<\/p>\n<h6>Alex Wall, nouveau responsable R&amp;D \u00e0 AP Diving<\/h6>\n<\/blockquote>\n<h6>\u00a0<\/h6>\n<\/div><\/div><\/div><div id=\"pgc-545-8-2\"  class=\"panel-grid-cell panel-grid-cell-empty\" ><\/div><\/div><!--vgRowWrapper--><\/div><\/div><div id=\"pg-545-9\"  class=\"panel-grid panel-has-style\" ><div class=\"vgfull  panel-row-style panel-row-style-for-545-9\" ><div class=\"vgRowWrapper\"><div id=\"pgc-545-9-0\"  class=\"panel-grid-cell panel-grid-cell-empty\" ><\/div><div id=\"pgc-545-9-1\"  class=\"panel-grid-cell panel-grid-cell-mobile-last\" ><div class=\"vgLinkSingle\"><a  class=\"vgLink yellow\" href=\"http:\/\/www.lboro.ac.uk\/departments\/lds\/ \">FORMATION PRODUCT DESIGN A L'UNIVERSITE DE LOUGHBOROUGH<\/a><\/div><\/div><div id=\"pgc-545-9-2\"  class=\"panel-grid-cell panel-grid-cell-empty\" ><\/div><\/div><!--vgRowWrapper--><\/div><\/div><\/div>","protected":false},"excerpt":{"rendered":"<p>AP Diving a accept\u00e9 de s&#8217;associer et de promouvoir D4D au BOOT Show de D\u00fcsseldorf, en janvier 2024. Dive4Diadema \u2013 Science citoyenne sous l\u2019eau Une extinction massive est en cours en ce moment. Le projet de science citoyenne Dive4Diadema recherche les derniers oursins diad\u00e8mes de la M\u00e9diterran\u00e9e et de la mer Rouge. Avec votre aide, <a href=\"https:\/\/www.apdiving.eu\/fr\/about-ap\/partners-in-diving\/\">[Read More &hellip;]<\/a><\/p>\n","protected":false},"author":4,"featured_media":0,"parent":15,"menu_order":0,"comment_status":"open","ping_status":"open","template":"","meta":{"footnotes":""},"class_list":["post-545","page","type-page","status-publish","hentry"],"_links":{"self":[{"href":"https:\/\/www.apdiving.eu\/fr\/wp-json\/wp\/v2\/pages\/545","targetHints":{"allow":["GET"]}}],"collection":[{"href":"https:\/\/www.apdiving.eu\/fr\/wp-json\/wp\/v2\/pages"}],"about":[{"href":"https:\/\/www.apdiving.eu\/fr\/wp-json\/wp\/v2\/types\/page"}],"author":[{"embeddable":true,"href":"https:\/\/www.apdiving.eu\/fr\/wp-json\/wp\/v2\/users\/4"}],"replies":[{"embeddable":true,"href":"https:\/\/www.apdiving.eu\/fr\/wp-json\/wp\/v2\/comments?post=545"}],"version-history":[{"count":6,"href":"https:\/\/www.apdiving.eu\/fr\/wp-json\/wp\/v2\/pages\/545\/revisions"}],"predecessor-version":[{"id":7388,"href":"https:\/\/www.apdiving.eu\/fr\/wp-json\/wp\/v2\/pages\/545\/revisions\/7388"}],"up":[{"embeddable":true,"href":"https:\/\/www.apdiving.eu\/fr\/wp-json\/wp\/v2\/pages\/15"}],"wp:attachment":[{"href":"https:\/\/www.apdiving.eu\/fr\/wp-json\/wp\/v2\/media?parent=545"}],"curies":[{"name":"wp","href":"https:\/\/api.w.org\/{rel}","templated":true}]}}