{"id":481,"date":"2013-10-05T13:54:51","date_gmt":"2013-10-05T13:54:51","guid":{"rendered":"http:\/\/ap.msurl.net\/blog\/?page_id=481"},"modified":"2023-09-05T11:05:57","modified_gmt":"2023-09-05T11:05:57","slug":"dive-duration","status":"publish","type":"page","link":"https:\/\/www.apdiving.eu\/fr\/rebreathers\/new-to-ccr\/dive-duration\/","title":{"rendered":"Dive duration"},"content":{"rendered":"<div id=\"pl-481\"  class=\"panel-layout\" ><div id=\"pg-481-0\"  class=\"panel-grid panel-has-style\" ><div class=\"vgfull  panel-row-style panel-row-style-for-481-0\" ><div class=\"vgRowWrapper\"><div id=\"pgc-481-0-0\"  class=\"panel-grid-cell panel-grid-cell-empty\" ><\/div><div id=\"pgc-481-0-1\"  class=\"panel-grid-cell panel-grid-cell-mobile-last\" ><div id=\"panel-481-0-1-0\" class=\"so-panel widget widget_black-studio-tinymce widget_black_studio_tinymce panel-first-child\" data-index=\"0\" ><div class=\"textwidget\"><p>\u00a0<\/p>\n<h2>DUR\u00c9E DE PLONG\u00c9E<\/h2>\n<p>La dur\u00e9e de plong\u00e9e est limit\u00e9e par l'horloge de toxicit\u00e9 \u00e0 l'oxyg\u00e8ne (CNS Clock), la dur\u00e9e de vie de la cartouche de chaux et le gaz disponible.<\/p>\n<h3>Horloge de Toxicit\u00e9 \u00e0 l'Oxyg\u00e8ne (CNS Clock)<\/h3>\n<p>Selon les limites d'exposition \u00e0 l'oxyg\u00e8ne calcul\u00e9es par la NOAA, la Limite d'Exposition \u00e0 l'Oxyg\u00e8ne pour un setpoint par d\u00e9faut de 1,3b est de 3 heures (ou 3 heures \u00bd par jour). Ceci peut varier en fonction du setpoint choisi.<\/p>\n<h3>Dur\u00e9e de vie de la cartouche de chaux<\/h3>\n<p>Test\u00e9s par un organisme tiers pour la certification CE, la dur\u00e9e de vie de la cartouche de chaux de 2,5kg des Inspiration XPD et EVP est de 3 heures. Elle est r\u00e9duit \u00e0 2 heures pour la cartouche de 2kg de l'Inspiration EVO.<\/p>\n<p>[* test\u00e9 avec de la Sofnolime 797, en eau froide (4\u00baC) \u00e0 un rythme respiratoire continu de 40 litres par minute et un taux de production de CO2 de 1,6 litres par minute).<\/p>\n<p>Ces temps peuvent varier en fonction de facteurs tels que la production de CO2 du plongeur, la temp\u00e9rature de l'eau et la charge de travail. En pratique, avec le syst\u00e8me AP de suivi de la cartouche de chaux - Tempstick (en option), il est possible, gr\u00e2ce \u00e0 l'affichage en temps r\u00e9el, de prendre en compte les conditions r\u00e9elles d'utilisation de la cartouche et d'augmenter ces dur\u00e9e en toute confiance. Note\u00a0: si le syst\u00e8me AP de suivi de la cartouche de chaux - Tempstick \u2013 n'est pas install\u00e9, le plongeur doit s'en tenir strictement aux dur\u00e9e pr\u00e9conis\u00e9es.<\/p>\n<h3>Besoin en gaz<\/h3>\n<p>La bouteille de 3 litres de l'Inspiration XPD et EVP permet de plonger plus de 10 heures. Celle de 2 litres de l'Inspiration EVO (2 x 200 = 400 litres) permet environ 6 heures \u00bd de plong\u00e9e.<\/p>\n<p><strong>M\u00eame s'il vous arrive de fournir des efforts tr\u00e8s important durant la plong\u00e9e et de doubler vos besoins m\u00e9taboliques (jusqu'\u00e0 2 litres\/min), vous aurez toujours environ 5 heures disponibles avec la bouteille de 3 litres et plus de 3 heures avec la bouteilles de 2 litres.<\/strong><\/p>\n<p>\u00a0<\/p><\/div><\/div><div class=\"vgLinkSingle\"><a  class=\"vgLink yellow\" href=\"https:\/\/www.apdiving.eu\/fr\/rebreathers\/which-ccr\/\">RETOUR A \u00ab QUEL RECYCLEUR ? \u00bb<\/a><\/div><div class=\"vgLinkSingle\"><a  class=\"vgLink yellow\" href=\"https:\/\/apdiving.eu\/fr\/rebreathers\/new-to-ccr\/#!cut-your-gas-bill\">RETOUR A \u00ab Vous d\u00e9couvrez le recycleur ? \u00bb<\/a><\/div><div id=\"panel-481-0-1-3\" class=\"so-panel widget widget_black-studio-tinymce widget_black_studio_tinymce panel-last-child\" data-index=\"3\" ><div class=\"textwidget\"><p><br \/><br \/><\/p><\/div><\/div><\/div><div id=\"pgc-481-0-2\"  class=\"panel-grid-cell panel-grid-cell-empty\" ><\/div><\/div><!--vgRowWrapper--><\/div><\/div><\/div>","protected":false},"excerpt":{"rendered":"<p>\u00a0 DUR\u00c9E DE PLONG\u00c9E La dur\u00e9e de plong\u00e9e est limit\u00e9e par l&#8217;horloge de toxicit\u00e9 \u00e0 l&#8217;oxyg\u00e8ne (CNS Clock), la dur\u00e9e de vie de la cartouche de chaux et le gaz disponible. Horloge de Toxicit\u00e9 \u00e0 l&#8217;Oxyg\u00e8ne (CNS Clock) Selon les limites d&#8217;exposition \u00e0 l&#8217;oxyg\u00e8ne calcul\u00e9es par la NOAA, la Limite d&#8217;Exposition \u00e0 l&#8217;Oxyg\u00e8ne pour un <a href=\"https:\/\/www.apdiving.eu\/fr\/rebreathers\/new-to-ccr\/dive-duration\/\">[Read More &hellip;]<\/a><\/p>\n","protected":false},"author":4,"featured_media":0,"parent":208,"menu_order":0,"comment_status":"open","ping_status":"open","template":"","meta":{"footnotes":""},"class_list":["post-481","page","type-page","status-publish","hentry"],"_links":{"self":[{"href":"https:\/\/www.apdiving.eu\/fr\/wp-json\/wp\/v2\/pages\/481","targetHints":{"allow":["GET"]}}],"collection":[{"href":"https:\/\/www.apdiving.eu\/fr\/wp-json\/wp\/v2\/pages"}],"about":[{"href":"https:\/\/www.apdiving.eu\/fr\/wp-json\/wp\/v2\/types\/page"}],"author":[{"embeddable":true,"href":"https:\/\/www.apdiving.eu\/fr\/wp-json\/wp\/v2\/users\/4"}],"replies":[{"embeddable":true,"href":"https:\/\/www.apdiving.eu\/fr\/wp-json\/wp\/v2\/comments?post=481"}],"version-history":[{"count":2,"href":"https:\/\/www.apdiving.eu\/fr\/wp-json\/wp\/v2\/pages\/481\/revisions"}],"predecessor-version":[{"id":7076,"href":"https:\/\/www.apdiving.eu\/fr\/wp-json\/wp\/v2\/pages\/481\/revisions\/7076"}],"up":[{"embeddable":true,"href":"https:\/\/www.apdiving.eu\/fr\/wp-json\/wp\/v2\/pages\/208"}],"wp:attachment":[{"href":"https:\/\/www.apdiving.eu\/fr\/wp-json\/wp\/v2\/media?parent=481"}],"curies":[{"name":"wp","href":"https:\/\/api.w.org\/{rel}","templated":true}]}}