{"id":4650,"date":"2015-04-29T14:31:55","date_gmt":"2015-04-29T14:31:55","guid":{"rendered":"http:\/\/www.apdiving.com\/en\/?page_id=4650"},"modified":"2018-04-17T14:27:49","modified_gmt":"2018-04-17T14:27:49","slug":"rebreather-firmware","status":"publish","type":"page","link":"https:\/\/www.apdiving.eu\/fr\/rebreathers\/resources\/rebreather-firmware\/","title":{"rendered":"VISION Firmware"},"content":{"rendered":"<div id=\"pl-4650\"  class=\"panel-layout\" ><div id=\"pg-4650-0\"  class=\"panel-grid panel-has-style\" ><div class=\"panel-row-style panel-row-style-for-4650-0\" ><div class=\"vgRowWrapper\"><div id=\"pgc-4650-0-0\"  class=\"panel-grid-cell\" ><div id=\"panel-4650-0-0-0\" class=\"so-panel widget widget_sow-image panel-first-child panel-last-child\" data-index=\"0\" ><div\n\t\t\t\n\t\t\tclass=\"so-widget-sow-image so-widget-sow-image-default-8b5b6f678277-4650\"\n\t\t\t\n\t\t>\n\n<div class=\"sow-image-container\">\n\t\t<img loading=\"lazy\" decoding=\"async\" src=\"https:\/\/www.apdiving.eu\/fr\/wp-content\/uploads\/vision-mono-handset.jpg\" width=\"733\" height=\"587\" srcset=\"https:\/\/www.apdiving.eu\/fr\/wp-content\/uploads\/vision-mono-handset.jpg 733w, https:\/\/www.apdiving.eu\/fr\/wp-content\/uploads\/vision-mono-handset-300x240.jpg 300w\" sizes=\"auto, (max-width: 733px) 100vw, 733px\" alt=\"\" \t\tclass=\"so-widget-image\"\/>\n\t<\/div>\n\n<\/div><\/div><\/div><div id=\"pgc-4650-0-1\"  class=\"panel-grid-cell\" ><div id=\"panel-4650-0-1-0\" class=\"so-panel widget widget_black-studio-tinymce widget_black_studio_tinymce panel-first-child\" data-index=\"1\" ><div class=\"textwidget\"><h2 style=\"text-align: left;\">FIRMWARE\u00a0VISION<\/h2>\n<p style=\"text-align: left;\">T\u00e9l\u00e9chargez ci-dessous la version la plus r\u00e9cente du firmware VISION\u00a0(pour les combin\u00e9s mono).<\/p>\n<p>Disponible en\u00a0: Anglais, Fran\u00e7ais, Allemand, Danois, Hollandais, Espagnol, Italien, Norv\u00e9gien, Portugais, Su\u00e9dois, Russe et Tch\u00e8que.<\/p>\n<p><strong>Version actuelle : V06.00.20<\/strong><\/p>\n<\/div><\/div><div id=\"panel-4650-0-1-1\" class=\"so-panel widget widget_black-studio-tinymce widget_black_studio_tinymce panel-last-child\" data-index=\"2\" ><div class=\"textwidget\"><p style=\"text-align: left;\"><a href='https:\/\/apdiving.com\/en\/?ddownload=7238' onclick='' class='wpi_designer_button   wpi_shadow wpi_shadow_no wpi_text_shadow_no wpi_texture_no wpi_border_bottom wpi_padding_15px wpi_7px wpi_designer_button_4348   ' target='' rel=''><i class=''><\/i><span class='wpi_text'>T\u00c9L\u00c9CHARGEMENT - 59MB<\/span><\/a><\/p>\n<\/div><\/div><\/div><\/div><!--vgRowWrapper--><\/div><\/div><div id=\"pg-4650-1\"  class=\"panel-grid panel-has-style\" ><div class=\"panel-row-style panel-row-style-for-4650-1\" ><div class=\"vgRowWrapper\"><div id=\"pgc-4650-1-0\"  class=\"panel-grid-cell\" ><div id=\"panel-4650-1-0-0\" class=\"so-panel widget widget_sow-image panel-first-child\" data-index=\"3\" ><div\n\t\t\t\n\t\t\tclass=\"so-widget-sow-image so-widget-sow-image-default-8b5b6f678277-4650\"\n\t\t\t\n\t\t>\n\n<div class=\"sow-image-container\">\n\t\t<img loading=\"lazy\" decoding=\"async\" src=\"https:\/\/www.apdiving.eu\/fr\/wp-content\/uploads\/separator-middle3.jpg\" width=\"970\" height=\"20\" srcset=\"https:\/\/www.apdiving.eu\/fr\/wp-content\/uploads\/separator-middle3.jpg 970w, https:\/\/www.apdiving.eu\/fr\/wp-content\/uploads\/separator-middle3-300x6.jpg 300w\" sizes=\"auto, (max-width: 970px) 100vw, 970px\" title=\"separator-middle\" alt=\"\" \t\tclass=\"so-widget-image\"\/>\n\t<\/div>\n\n<\/div><\/div><div id=\"panel-4650-1-0-1\" class=\"so-panel widget widget_black-studio-tinymce widget_black_studio_tinymce panel-last-child\" data-index=\"4\" ><div class=\"textwidget\"><h2 style=\"text-align: center;\">\u00a0<\/h2>\n<h2 style=\"text-align: center;\">Version Pr\u00e9c\u00e9dente<\/h2>\n<\/div><\/div><\/div><\/div><!--vgRowWrapper--><\/div><\/div><div id=\"pg-4650-2\"  class=\"panel-grid panel-has-style\" ><div class=\"panel-row-style panel-row-style-for-4650-2\" ><div class=\"vgRowWrapper\"><div id=\"pgc-4650-2-0\"  class=\"panel-grid-cell\" ><div class=\"vg-image-widget\"><img decoding=\"async\" src=\"https:\/\/www.apdiving.eu\/fr\/wp-content\/uploads\/vision-download-image.jpg\" alt=\"\"\/><\/div><\/div><div id=\"pgc-4650-2-1\"  class=\"panel-grid-cell\" ><div id=\"panel-4650-2-1-0\" class=\"so-panel widget widget_black-studio-tinymce widget_black_studio_tinymce panel-first-child\" data-index=\"6\" ><div class=\"textwidget\"><h2 style=\"text-align: left;\">LOGICIEL VISION<\/h2>\n<p style=\"text-align: left;\">T\u00e9l\u00e9chargez ci-dessous la version la plus r\u00e9cente du logiciel VISION.<\/p>\n<p>Disponible en\u00a0: Anglais, Fran\u00e7ais, Allemand, Danois, Hollandais, Espagnol, Italien, Norv\u00e9gien, Portugais, Su\u00e9dois, Russe et Tch\u00e8que.<\/p>\n<p><strong>Version actuelle : V5.02.01<\/strong><\/p>\n<\/div><\/div><div id=\"panel-4650-2-1-1\" class=\"so-panel widget widget_black-studio-tinymce widget_black_studio_tinymce panel-last-child\" data-index=\"7\" ><div class=\"textwidget\"><p style=\"text-align: left;\"><a href=\"https:\/\/www.apdiving.eu\/fr\/?ddownload=4873\" title=\"T\u00e9l\u00e9chargement - 639.4 KB\" rel=\"nofollow\" class=\"ddownload-button button-yellow id-4873 ext-zip\">T\u00e9l\u00e9chargement - 639.4 KB<\/a><\/p>\n<\/div><\/div><\/div><\/div><!--vgRowWrapper--><\/div><\/div><\/div>","protected":false},"excerpt":{"rendered":"<p>FIRMWARE\u00a0VISIONT\u00e9l\u00e9chargez ci-dessous la version la plus r\u00e9cente du firmware VISION\u00a0(pour les combin\u00e9s mono).Disponible en\u00a0: Anglais, Fran\u00e7ais, Allemand, Danois, Hollandais, Espagnol, Italien, Norv\u00e9gien, Portugais, Su\u00e9dois, Russe et Tch\u00e8que.Version actuelle : V06.00.20 \u00a0Version Pr\u00e9c\u00e9dente<\/p>\n","protected":false},"author":4,"featured_media":0,"parent":4646,"menu_order":0,"comment_status":"open","ping_status":"closed","template":"","meta":{"footnotes":""},"class_list":["post-4650","page","type-page","status-publish","hentry"],"_links":{"self":[{"href":"https:\/\/www.apdiving.eu\/fr\/wp-json\/wp\/v2\/pages\/4650","targetHints":{"allow":["GET"]}}],"collection":[{"href":"https:\/\/www.apdiving.eu\/fr\/wp-json\/wp\/v2\/pages"}],"about":[{"href":"https:\/\/www.apdiving.eu\/fr\/wp-json\/wp\/v2\/types\/page"}],"author":[{"embeddable":true,"href":"https:\/\/www.apdiving.eu\/fr\/wp-json\/wp\/v2\/users\/4"}],"replies":[{"embeddable":true,"href":"https:\/\/www.apdiving.eu\/fr\/wp-json\/wp\/v2\/comments?post=4650"}],"version-history":[{"count":10,"href":"https:\/\/www.apdiving.eu\/fr\/wp-json\/wp\/v2\/pages\/4650\/revisions"}],"predecessor-version":[{"id":6574,"href":"https:\/\/www.apdiving.eu\/fr\/wp-json\/wp\/v2\/pages\/4650\/revisions\/6574"}],"up":[{"embeddable":true,"href":"https:\/\/www.apdiving.eu\/fr\/wp-json\/wp\/v2\/pages\/4646"}],"wp:attachment":[{"href":"https:\/\/www.apdiving.eu\/fr\/wp-json\/wp\/v2\/media?parent=4650"}],"curies":[{"name":"wp","href":"https:\/\/api.w.org\/{rel}","templated":true}]}}