{"id":4648,"date":"2015-04-29T14:31:13","date_gmt":"2015-04-29T14:31:13","guid":{"rendered":"http:\/\/www.apdiving.com\/en\/?page_id=4648"},"modified":"2026-04-01T16:01:05","modified_gmt":"2026-04-01T16:01:05","slug":"manuals","status":"publish","type":"page","link":"https:\/\/www.apdiving.eu\/fr\/rebreathers\/resources\/manuals\/","title":{"rendered":"Rebreather Manuals"},"content":{"rendered":"<div id=\"pl-4648\"  class=\"panel-layout\" ><div id=\"pg-4648-0\"  class=\"panel-grid panel-no-style\" ><div class=\"vgRowWrapper\"><div id=\"pgc-4648-0-0\"  class=\"panel-grid-cell\" ><div id=\"panel-4648-0-0-0\" class=\"so-panel widget widget_black-studio-tinymce widget_black_studio_tinymce panel-first-child panel-last-child\" data-index=\"0\" ><div class=\"textwidget\"><h2 style=\"text-align: center;\">\u00a0<\/h2>\n<h2 style=\"text-align: center;\">MANUELS RECYCLEUR<\/h2>\n<h3 style=\"text-align: center;\">INSPIRATION EVO, EVP &amp; XPD<\/h3>\n<p>Cliquez sur le lien ci-dessous pour lancer le t\u00e9l\u00e9chargement de la version la plus r\u00e9cente du manuel d'utilisateur AP INSPIRATION. Le manuel utilisateur est au format PDF. Vous aurez besoin d'un logiciel compatible ouvrir ce fichier PDF.<\/p>\n<p>Un logiciel compatible PDF gratuit est disponible ici: <a href=\"http:\/\/get.adobe.com\/reader\/\">Adobe Reader <i class=\"fa fa-external-link \" ><\/i><\/a><\/p>\n<\/div><\/div><\/div><\/div><!--vgRowWrapper--><\/div><div id=\"pg-4648-1\"  class=\"panel-grid panel-no-style\" ><div class=\"vgRowWrapper\"><div id=\"pgc-4648-1-0\"  class=\"panel-grid-cell\" ><div id=\"panel-4648-1-0-0\" class=\"so-panel widget widget_sow-image panel-first-child\" data-index=\"1\" ><div\n\t\t\t\n\t\t\tclass=\"so-widget-sow-image so-widget-sow-image-default-a258e6bfa2d8-4648\"\n\t\t\t\n\t\t>\n\n<div class=\"sow-image-container\">\n\t\t<img loading=\"lazy\" decoding=\"async\" src=\"https:\/\/www.apdiving.eu\/fr\/wp-content\/uploads\/colour-screen.jpg\" width=\"634\" height=\"500\" srcset=\"https:\/\/www.apdiving.eu\/fr\/wp-content\/uploads\/colour-screen.jpg 634w, https:\/\/www.apdiving.eu\/fr\/wp-content\/uploads\/colour-screen-300x237.jpg 300w\" sizes=\"auto, (max-width: 634px) 100vw, 634px\" alt=\"\" \t\tclass=\"so-widget-image\"\/>\n\t<\/div>\n\n<\/div><\/div><div id=\"panel-4648-1-0-1\" class=\"so-panel widget widget_black-studio-tinymce widget_black_studio_tinymce panel-last-child\" data-index=\"2\" ><div class=\"textwidget\"><h4>Pour 2020VISION Combin\u00e9s<\/h4>\n<p><div class=\"table-responsive\"><table  style=\"width:100%; \"  class=\"easy-table easy-table-ap \" >\n<tbody>\r\n<tr><td  style=\"width:230px\" ><strong>Anglais<\/strong><\/td>\n<td  style=\"width:230px\" >avril 2026<\/td>\n<td  style=\"width:100px\" ><a href=\"https:\/\/www.apdiving.com\/en\/?ddownload=12058\">T\u00e9l\u00e9chargement<\/a><\/td>\n<\/tr>\n\r\n<tr><td ><strong>Allemand<\/strong><\/td>\n<td >d\u00e9cembre 2016<\/td>\n<td ><a href=\"https:\/\/apdiving.com\/en\/?ddownload=8273\">T\u00e9l\u00e9chargement<\/a><\/td>\n<\/tr>\n\r\n<tr><td ><strong>Fran\u00e7ais<\/strong><\/td>\n<td >ao\u00fbt 2018<\/td>\n<td ><a href=\"https:\/\/apdiving.com\/en\/?ddownload=9517\" rel=\"noopener\">T\u00e9l\u00e9chargement<\/a><\/td>\n<\/tr>\n\r\n<tr><td ><strong>Italienne<\/strong><\/td>\n<td >avril 2023<\/td>\n<td ><a href=\"https:\/\/www.apdiving.eu\/en\/?ddownload=11021\" rel=\"noopener\">T\u00e9l\u00e9chargement<\/a><\/td>\n<\/tr>\n<\/tbody><\/table><\/div><\/p><\/div><\/div><\/div><div id=\"pgc-4648-1-1\"  class=\"panel-grid-cell\" ><div id=\"panel-4648-1-1-0\" class=\"so-panel widget widget_sow-image panel-first-child\" data-index=\"3\" ><div\n\t\t\t\n\t\t\tclass=\"so-widget-sow-image so-widget-sow-image-default-a258e6bfa2d8-4648\"\n\t\t\t\n\t\t>\n\n<div class=\"sow-image-container\">\n\t\t<img loading=\"lazy\" decoding=\"async\" src=\"https:\/\/www.apdiving.eu\/fr\/wp-content\/uploads\/mono-screen.jpg\" width=\"634\" height=\"500\" srcset=\"https:\/\/www.apdiving.eu\/fr\/wp-content\/uploads\/mono-screen.jpg 634w, https:\/\/www.apdiving.eu\/fr\/wp-content\/uploads\/mono-screen-300x237.jpg 300w\" sizes=\"auto, (max-width: 634px) 100vw, 634px\" alt=\"\" \t\tclass=\"so-widget-image\"\/>\n\t<\/div>\n\n<\/div><\/div><div id=\"panel-4648-1-1-1\" class=\"so-panel widget widget_black-studio-tinymce widget_black_studio_tinymce panel-last-child\" data-index=\"4\" ><div class=\"textwidget\"><h4>Pour VISION MONO Combin\u00e9s<\/h4>\n<p><div class=\"table-responsive\"><table  style=\"width:100%; \"  class=\"easy-table easy-table-ap \" >\n<tbody>\r\n<tr><td  style=\"width:230px\" ><strong>Anglais<\/strong><\/td>\n<td  style=\"width:230px\" >f\u00e9vrier 2014<\/td>\n<td  style=\"width:100px\" ><a href=\"https:\/\/apdiving.com\/en\/?ddownload=7894\">T\u00e9l\u00e9chargement<\/a><\/td>\n<\/tr>\n\r\n<tr><td ><strong>Fran\u00e7ais<\/strong><\/td>\n<td >ao\u00fbt 2015<\/td>\n<td ><a href=\"https:\/\/apdiving.com\/en\/?ddownload=4774\" target=\"_blank\" rel=\"noopener\">T\u00e9l\u00e9chargement<\/a><\/td>\n<\/tr>\n\r\n<tr><td ><strong>Espagnol<\/strong><\/td>\n<td >ao\u00fbt 2010<\/td>\n<td ><a href=\"https:\/\/apdiving.com\/en\/?ddownload=4789\" target=\"_blank\" rel=\"noopener\">T\u00e9l\u00e9chargement<\/a><\/td>\n<\/tr>\n\r\n<tr><td ><strong>Allemand<\/strong><\/td>\n<td >janvier 2006<\/td>\n<td ><a href=\"https:\/\/apdiving.com\/en\/?ddownload=4772\" target=\"_blank\" rel=\"noopener\">T\u00e9l\u00e9chargement<\/a><\/td>\n<\/tr>\n\r\n<tr><td ><strong>Hollandais<\/strong><\/td>\n<td >juillet 2005<\/td>\n<td ><a title=\"View Manual\" href=\"https:\/\/apdiving.com\/en\/?ddownload=4790\" target=\"_blank\" rel=\"noopener\">T\u00e9l\u00e9chargement<\/a><\/td>\n<\/tr>\n<\/tbody><\/table><\/div><\/p><\/div><\/div><\/div><\/div><!--vgRowWrapper--><\/div><div id=\"pg-4648-2\"  class=\"panel-grid panel-has-style\" ><div class=\"panel-row-style panel-row-style-for-4648-2\" ><div class=\"vgRowWrapper\"><div id=\"pgc-4648-2-0\"  class=\"panel-grid-cell\" ><div id=\"panel-4648-2-0-0\" class=\"so-panel widget widget_sow-image panel-first-child panel-last-child\" data-index=\"5\" ><div\n\t\t\t\n\t\t\tclass=\"so-widget-sow-image so-widget-sow-image-default-8b5b6f678277-4648\"\n\t\t\t\n\t\t>\n\n<div class=\"sow-image-container\">\n\t\t<img loading=\"lazy\" decoding=\"async\" src=\"https:\/\/www.apdiving.eu\/fr\/wp-content\/uploads\/separator-middle-1.jpg\" width=\"970\" height=\"20\" srcset=\"https:\/\/www.apdiving.eu\/fr\/wp-content\/uploads\/separator-middle-1.jpg 970w, https:\/\/www.apdiving.eu\/fr\/wp-content\/uploads\/separator-middle-1-300x6.jpg 300w, https:\/\/www.apdiving.eu\/fr\/wp-content\/uploads\/separator-middle-1-768x16.jpg 768w\" sizes=\"auto, (max-width: 970px) 100vw, 970px\" alt=\"\" \t\tclass=\"so-widget-image\"\/>\n\t<\/div>\n\n<\/div><\/div><\/div><\/div><!--vgRowWrapper--><\/div><\/div><div id=\"pg-4648-3\"  class=\"panel-grid panel-no-style\" ><div class=\"vgRowWrapper\"><div id=\"pgc-4648-3-0\"  class=\"panel-grid-cell\" ><div id=\"panel-4648-3-0-0\" class=\"so-panel widget widget_black-studio-tinymce widget_black_studio_tinymce panel-first-child panel-last-child\" data-index=\"6\" ><div class=\"textwidget\"><h2 style=\"text-align: center;\">\u00a0<\/h2>\n<h2 style=\"text-align: center;\">MANUELS UTILISATEUR RECYCLEUR<\/h2>\n<p><div class=\"table-responsive\"><table  style=\"width:960px; \"  class=\"easy-table easy-table-ap \" >\n<tbody>\r\n<tr><td  style=\"width:860px\" ><a href=\"https:\/\/apdiving.com\/en\/?ddownload=8806\">Manuel Utilisateur Console couleur 2020VISION<\/a> - Anglais <\/td>\n<td  style=\"width:100px\" ><a href=\"https:\/\/apdiving.com\/en\/?ddownload=8806\">T\u00e9l\u00e9chargement<\/a><\/td>\n<\/tr>\n\r\n<tr><td ><a href=\"https:\/\/apdiving.com\/en\/?ddownload=8808\">Manuel Utilisateur Console couleur 2020VISION<\/a>\u00a0- Fran\u00e7ais <\/td>\n<td ><a href=\"https:\/\/apdiving.com\/en\/?ddownload=8808\">T\u00e9l\u00e9chargement<\/a><\/td>\n<\/tr>\n\r\n<tr><td ><a href=\"https:\/\/apdiving.com\/en\/?ddownload=4775\">Instructions de montage ADV<\/a> - Anglais <\/td>\n<td ><a href=\"https:\/\/apdiving.com\/en\/?ddownload=4775\">T\u00e9l\u00e9chargement<\/a><\/td>\n<\/tr>\n\r\n<tr><td ><a href=\"https:\/\/apdiving.com\/en\/?ddownload=4779\">Manuel Utilisateur APD Projection<\/a> - Anglais <\/td>\n<td ><a href=\"https:\/\/apdiving.com\/en\/?ddownload=4779\">T\u00e9l\u00e9chargement<\/a><\/td>\n<\/tr>\n\r\n<tr><td ><a href=\"https:\/\/www.apdiving.eu\/en\/?ddownload=10694\">Manuel Utilisateur Faux-Poumons Dorsaux<\/a> - Anglais <\/td>\n<td ><a href=\"https:\/\/www.apdiving.eu\/en\/?ddownload=10694\">T\u00e9l\u00e9chargement<\/a><\/td>\n<\/tr>\n\r\n<tr><td ><a href=\"https:\/\/apdiving.com\/en\/?ddownload=4776\">Manuel Utilisateur Testeur de Cellule RB15<\/a> - Anglais <\/td>\n<td ><a href=\"https:\/\/apdiving.com\/en\/?ddownload=4776\">T\u00e9l\u00e9chargement<\/a><\/td>\n<\/tr>\n\r\n<tr><td ><a href=\"https:\/\/apdiving.com\/en\/?ddownload=4777\">Manuel Utilisateur Testeur de Cellule RB15<\/a> - Fran\u00e7ais<\/td>\n<td ><a href=\"https:\/\/apdiving.com\/en\/?ddownload=4777\">T\u00e9l\u00e9chargement<\/a><\/td>\n<\/tr>\n\r\n<tr><td ><a href=\"https:\/\/apdiving.com\/en\/?ddownload=4778\">Manuel Utilisateur Capteur de CO2<\/a> - Anglais <\/td>\n<td ><a href=\"https:\/\/apdiving.com\/en\/?ddownload=4778\">T\u00e9l\u00e9chargement<\/a><\/td>\n<\/tr>\n\r\n<tr><td ><a href=\"https:\/\/apdiving.com\/en\/?ddownload=6373\">Manuel Utilisateur Capteur de CO2<\/a> - Fran\u00e7ais <\/td>\n<td ><a href=\"https:\/\/apdiving.com\/en\/?ddownload=6373\">T\u00e9l\u00e9chargement<\/a><\/td>\n<\/tr>\n\r\n<tr><td ><a href=\"https:\/\/apdiving.com\/en\/?ddownload=4780\">Instruction de montage Queue de Castor<\/a> - Anglais <\/td>\n<td ><a href=\"https:\/\/apdiving.com\/en\/?ddownload=4780\">T\u00e9l\u00e9chargement<\/a><\/td>\n<\/tr>\n\r\n<tr><td ><a href=\"https:\/\/apdiving.com\/en\/?ddownload=4781\">Instructions de montage Masque Facial<\/a> - Anglais <\/td>\n<td ><a href=\"https:\/\/apdiving.com\/en\/?ddownload=4781\">T\u00e9l\u00e9chargement<\/a><\/td>\n<\/tr>\n\r\n<tr><td ><a href=\"https:\/\/apdiving.com\/en\/?ddownload=4782\">Instructions de montage Sangles Afficheur de Poignet (mod\u00e8le avant 2015)<\/a> - Anglais <\/td>\n<td ><a href=\"https:\/\/apdiving.com\/en\/?ddownload=4782\">T\u00e9l\u00e9chargement<\/a><\/td>\n<\/tr>\n\r\n<tr><td ><a href=\"https:\/\/apdiving.com\/en\/?ddownload=5047\">Manuel Utilisateur HUS<\/a> - Anglais<\/td>\n<td ><a href=\"https:\/\/apdiving.com\/en\/?ddownload=5047\">T\u00e9l\u00e9chargement<\/a><\/td>\n<\/tr>\n\r\n<tr><td ><a href=\"https:\/\/apdiving.com\/en\/?ddownload=6369\">Manuel Utilisateur HUS<\/a> - Fran\u00e7ais<\/td>\n<td ><a href=\"https:\/\/apdiving.com\/en\/?ddownload=6369\">T\u00e9l\u00e9chargement<\/a><\/td>\n<\/tr>\n\r\n<tr><td ><a href=\"https:\/\/apdiving.com\/en\/?ddownload=4783\">Manuel Utilisateur Inspiration Classic<\/a> - Anglais <\/td>\n<td ><a href=\"https:\/\/apdiving.com\/en\/?ddownload=4783\">T\u00e9l\u00e9chargement<\/a><\/td>\n<\/tr>\n\r\n<tr><td ><a href=\"https:\/\/apdiving.com\/en\/?ddownload=11011\">Manuel Utilisateur BOV (OCB) - V.9<\/a>\u00a0- Anglais <\/td>\n<td ><a href=\"https:\/\/apdiving.com\/en\/?ddownload=11011\">T\u00e9l\u00e9chargement<\/a><\/td>\n<\/tr>\n\r\n<tr><td ><a href=\"https:\/\/apdiving.com\/en\/?ddownload=11010\">Manuel Utilisateur BOV (OCB) - V.5<\/a>\u00a0- Fran\u00e7ais <\/td>\n<td ><a href=\"https:\/\/apdiving.com\/en\/?ddownload=11010\">T\u00e9l\u00e9chargement<\/a><\/td>\n<\/tr>\n\r\n<tr><td ><a href=\"https:\/\/apdiving.com\/en\/?ddownload=4773\">Manuel Utilisateur BOV (OCB)<\/a> - Hollandais <\/td>\n<td ><a href=\"https:\/\/apdiving.com\/en\/?ddownload=4773\">T\u00e9l\u00e9chargement<\/a><\/td>\n<\/tr>\n\r\n<tr><td ><a href=\"https:\/\/apdiving.com\/en\/?ddownload=4785\">Manuel Utilisateur Syst\u00e8me de Coupure Alimentation Electro-vanne<\/a> - Anglais <\/td>\n<td ><a href=\"https:\/\/apdiving.com\/en\/?ddownload=4785\">T\u00e9l\u00e9chargement<\/a><\/td>\n<\/tr>\n\r\n<tr><td ><a href=\"https:\/\/apdiving.com\/en\/?ddownload=8306\">Manuel Utilisateur AP Vision 2020 Theme Designer Software - V.1.1<\/a> - Anglais\u00a0<\/td>\n<td ><a href=\"https:\/\/apdiving.com\/en\/?ddownload=8306\">T\u00e9l\u00e9chargement<\/a><\/td>\n<\/tr>\n\r\n<tr><td ><a href=\"https:\/\/www.apdiving.eu\/en\/?ddownload=10168\">Swivel Inflator Range - Fitting Guide<\/a>\u00a0- English <\/td>\n<td ><a href=\"https:\/\/www.apdiving.eu\/en\/?ddownload=10168\">T\u00e9l\u00e9chargement<\/a><\/td>\n<\/tr>\n\r\n<tr><td ><a href=\"https:\/\/www.apdiving.eu\/en\/?ddownload=10892\">Swivel Inflator Range - Instructions de Montage<\/a>\u00a0- Fran\u00e7ais\u00a0<\/td>\n<td ><a href=\"https:\/\/www.apdiving.eu\/en\/?ddownload=10892\">T\u00e9l\u00e9chargement<\/a><\/td>\n<\/tr>\n\r\n<tr><td ><a href=\"https:\/\/www.apdiving.eu\/en\/?ddownload=10893\">Swivel Inflator Range - Montageanleitung<\/a>\u00a0- Allemande <\/td>\n<td ><a href=\"https:\/\/www.apdiving.eu\/en\/?ddownload=10893\">T\u00e9l\u00e9chargement<\/a><\/td>\n<\/tr>\n\r\n<tr><td ><a href=\"https:\/\/youtu.be\/G6CroTn74qU\">Instructions de montage Rebreather Safety Mouthpiece<\/a> - Vid\u00e9o\/Anglais <\/td>\n<td ><a href=\"https:\/\/youtu.be\/G6CroTn74qU\">T\u00e9l\u00e9chargement<\/a><\/td>\n<\/tr>\n\r\n<tr><td ><a href=\"https:\/\/www.apdiving.com\/en\/?ddownload=12010\">Instructions de montage Rebreather Safety Mouthpiece<\/a> - Impression <span class=\"s1\">A4<\/span>\/Anglais <\/td>\n<td ><a href=\"https:\/\/www.apdiving.com\/en\/?ddownload=12010\">T\u00e9l\u00e9chargement<\/a><\/td>\n<\/tr>\n\r\n<tr><td ><a href=\"https:\/\/www.apdiving.eu\/en\/?ddownload=10984\">Manuel Utilisateur Rebreather Mouthpiece (DSV)<\/a> - Anglais <\/td>\n<td ><a href=\"https:\/\/www.apdiving.eu\/en\/?ddownload=10984\">T\u00e9l\u00e9chargement<\/a><\/td>\n<\/tr>\n<\/tbody><\/table><\/div><\/p><\/div><\/div><\/div><\/div><!--vgRowWrapper--><\/div><div id=\"pg-4648-4\"  class=\"panel-grid panel-has-style\" ><div class=\"panel-row-style panel-row-style-for-4648-4\" ><div class=\"vgRowWrapper\"><div id=\"pgc-4648-4-0\"  class=\"panel-grid-cell\" ><div id=\"panel-4648-4-0-0\" class=\"so-panel widget widget_sow-image panel-first-child panel-last-child\" data-index=\"7\" ><div\n\t\t\t\n\t\t\tclass=\"so-widget-sow-image so-widget-sow-image-default-8b5b6f678277-4648\"\n\t\t\t\n\t\t>\n\n<div class=\"sow-image-container\">\n\t\t<img loading=\"lazy\" decoding=\"async\" src=\"https:\/\/www.apdiving.eu\/fr\/wp-content\/uploads\/separator-middle-1.jpg\" width=\"970\" height=\"20\" srcset=\"https:\/\/www.apdiving.eu\/fr\/wp-content\/uploads\/separator-middle-1.jpg 970w, https:\/\/www.apdiving.eu\/fr\/wp-content\/uploads\/separator-middle-1-300x6.jpg 300w, https:\/\/www.apdiving.eu\/fr\/wp-content\/uploads\/separator-middle-1-768x16.jpg 768w\" sizes=\"auto, (max-width: 970px) 100vw, 970px\" alt=\"\" \t\tclass=\"so-widget-image\"\/>\n\t<\/div>\n\n<\/div><\/div><\/div><\/div><!--vgRowWrapper--><\/div><\/div><div id=\"pg-4648-5\"  class=\"panel-grid panel-has-style\" ><div class=\"vgfull vg-spacing panel-row-style panel-row-style-for-4648-5\" ><div class=\"vgRowWrapper\"><div id=\"pgc-4648-5-0\"  class=\"panel-grid-cell\" ><div id=\"panel-4648-5-0-0\" class=\"so-panel widget widget_black-studio-tinymce widget_black_studio_tinymce panel-first-child panel-last-child\" data-index=\"8\" ><div class=\"textwidget\"><h2 style=\"text-align: center;\">\u00a0<\/h2>\n<h2 style=\"text-align: center;\">MANUELS ENTRETIEN RECYCLEUR<\/h2>\n<p><div class=\"table-responsive\"><table  style=\"width:960px; \"  class=\"easy-table easy-table-ap \" >\n<tbody>\r\n<tr><td  style=\"width:860px\" ><a href=\"https:\/\/apdiving.com\/en\/?ddownload=8339\">Manuel Entretien ADV - V.2.2<\/a> - Anglais\u00a0<\/td>\n<td  style=\"width:100px\" ><a href=\"https:\/\/apdiving.com\/en\/?ddownload=8339\">T\u00e9l\u00e9chargement<\/a><\/td>\n<\/tr>\n\r\n<tr><td ><a href=\"https:\/\/apdiving.com\/en\/?ddownload=8340\">Manuel Entretien Auto Air V.1.3<\/a> - Anglais <\/td>\n<td ><a href=\"https:\/\/apdiving.com\/en\/?ddownload=8340\">T\u00e9l\u00e9chargement<\/a><\/td>\n<\/tr>\n\r\n<tr><td ><a href=\"https:\/\/www.apdiving.com\/en\/?ddownload=11780\">Manuel Entretien Auto Air V.1.3<\/a> - Fran\u00e7ais <\/td>\n<td ><a href=\"https:\/\/www.apdiving.com\/en\/?ddownload=11780\">T\u00e9l\u00e9chargement<\/a><\/td>\n<\/tr>\n\r\n<tr><td ><a href=\"https:\/\/apdiving.com\/en\/?ddownload=8344\">Manuel Entretien Inflateur Faux-Poumons Dorsaux - V.1.3<\/a> - Anglais <\/td>\n<td ><a href=\"https:\/\/apdiving.com\/en\/?ddownload=8344\">T\u00e9l\u00e9chargement<\/a><\/td>\n<\/tr>\n\r\n<tr><td ><a href=\"https:\/\/apdiving.com\/en\/?ddownload=8316\">Manuel Entretien Inflateur Faux-Poumons Dorsaux - V.1.2<\/a> - Fran\u00e7ais <\/td>\n<td ><a href=\"https:\/\/apdiving.com\/en\/?ddownload=8316\">T\u00e9l\u00e9chargement<\/a><\/td>\n<\/tr>\n\r\n<tr><td ><a href=\"https:\/\/apdiving.com\/en\/?ddownload=8341\">Manuel Entretien 1er Etage D\u00e9tendeur FS101 - V.1.3<\/a> - Anglais <\/td>\n<td ><a href=\"https:\/\/apdiving.com\/en\/?ddownload=8341\">T\u00e9l\u00e9chargement<\/a><\/td>\n<\/tr>\n\r\n<tr><td ><a href=\"https:\/\/apdiving.com\/en\/?ddownload=7420\">Manuel Entretien 1er Etage D\u00e9tendeur FS101<\/a> - Fran\u00e7ais <\/td>\n<td ><a href=\"https:\/\/apdiving.com\/en\/?ddownload=7420\">T\u00e9l\u00e9chargement<\/a><\/td>\n<\/tr>\n\r\n<tr><td ><a href=\"https:\/\/apdiving.com\/en\/?ddownload=11030\">Manuel Entretien Syst\u00e8me de Coupure d'Alimentation GC3 \"FlowStop\" - V.1.2<\/a> - Anglais <\/td>\n<td ><a href=\"https:\/\/apdiving.com\/en\/?ddownload=11030\">T\u00e9l\u00e9chargement<\/a>\u00a0<\/td>\n<\/tr>\n\r\n<tr><td ><a href=\"https:\/\/apdiving.com\/en\/?ddownload=11031\">Manuel Entretien Syst\u00e8me de Coupure d'Alimentation GC3 \"FlowStop\" - V.1.2<\/a> - Fran\u00e7ais <\/td>\n<td ><a href=\"https:\/\/apdiving.com\/en\/?ddownload=11031\">T\u00e9l\u00e9chargement<\/a>\u00a0<\/td>\n<\/tr>\n\r\n<tr><td ><a href=\"https:\/\/apdiving.com\/en\/?ddownload=8300\">Inspiration HUD - Instructions de Montage V.1.2<\/a> - Anglais <\/td>\n<td ><a href=\"https:\/\/apdiving.com\/en\/?ddownload=8300\">T\u00e9l\u00e9chargement<\/a>\u00a0<\/td>\n<\/tr>\n\r\n<tr><td ><a href=\"https:\/\/apdiving.com\/en\/?ddownload=8305\">Guide Utilisateur pour Raccourcir Tuyaux Annel\u00e9s et Flexibles Moyenne Pression<\/a><a href=\"https:\/\/apdiving.com\/en\/?ddownload=8305\"> - V.1.1<\/a> - Anglais <\/td>\n<td ><a href=\"https:\/\/apdiving.com\/en\/?ddownload=8305\">T\u00e9l\u00e9chargement<\/a><\/td>\n<\/tr>\n\r\n<tr><td ><a href=\"https:\/\/apdiving.com\/en\/?ddownload=4788\">Guide Utilisateur pour Raccourcir Tuyaux Annel\u00e9s et Flexibles Moyenne Pression - V.1.1<\/a> - Fran\u00e7ais <\/td>\n<td ><a href=\"https:\/\/apdiving.com\/en\/?ddownload=4788\">T\u00e9l\u00e9chargement<\/a><\/td>\n<\/tr>\n\r\n<tr><td ><a href=\"https:\/\/apdiving.com\/en\/?ddownload=12045\">Manuel Entretien BOV (OCB) - V.2.6<\/a>\u00a0- Anglais <\/td>\n<td ><a href=\"https:\/\/apdiving.com\/en\/?ddownload=12045\">T\u00e9l\u00e9chargement<\/a><\/td>\n<\/tr>\n\r\n<tr><td ><a href=\"https:\/\/apdiving.com\/en\/?ddownload=5078\">Manuel Entretien BOV (OCB) (pour Embout Recycleur seulement)<\/a> - Anglais <\/td>\n<td ><a href=\"https:\/\/apdiving.com\/en\/?ddownload=5078\">T\u00e9l\u00e9chargement<\/a><\/td>\n<\/tr>\n\r\n<tr><td ><a href=\"https:\/\/apdiving.com\/en\/?ddownload=11955\">Manuel Entretien de Inflateur d'oxyg\u00e8ne et de diluant RB05 - V.1.0<\/a> - Anglais <\/td>\n<td ><a href=\"https:\/\/apdiving.com\/en\/?ddownload=11955\">T\u00e9l\u00e9chargement<\/a><\/td>\n<\/tr>\n\r\n<tr><td ><a href=\"https:\/\/apdiving.com\/en\/?ddownload=8679\">Manuel d\u2019entretien Sol\u00e9no\u00efde 3\u00e8me g\u00e9n\u00e9ration pour Inspiration - V.2.0<\/a> - Anglais\u00a0<\/td>\n<td ><a href=\"https:\/\/apdiving.com\/en\/?ddownload=8679\">T\u00e9l\u00e9chargement<\/a><\/td>\n<\/tr>\n\r\n<tr><td ><a href=\"https:\/\/apdiving.com\/en\/?ddownload=8038\">Manuel d\u2019entretien Sol\u00e9no\u00efde 3\u00e8me g\u00e9n\u00e9ration pour Inspiration<\/a> - Fran\u00e7ais <\/td>\n<td ><a href=\"https:\/\/apdiving.com\/en\/?ddownload=8038\">T\u00e9l\u00e9chargement<\/a><\/td>\n<\/tr>\n\r\n<tr><td ><a href=\"https:\/\/apdiving.com\/en\/?ddownload=9822\">Manuel d\u2019entretien\u00a0Inflateurs manuel pivotant (s\u00e9rie BMCL - RBV07) - V0.95<\/a> - Anglais <\/td>\n<td ><a href=\"https:\/\/apdiving.com\/en\/?ddownload=9822\">T\u00e9l\u00e9chargement<\/a><\/td>\n<\/tr>\n\r\n<tr><td ><p class=\"p1\"><span class=\"s1\"><a href=\"https:\/\/www.apdiving.com\/en\/?ddownload=12008\">Manuel d'entretien Rebreather Mouthpiece (DSV) (RB160) V2.0<\/a><\/span><span class=\"s2\"> - English <\/td>\n<td ><a href=\"https:\/\/apdiving.com\/en\/?ddownload=12008\">T\u00e9l\u00e9chargement<\/a><\/span><\/td>\n<\/tr>\n\r\n<tr><td ><p class=\"p1\"><span class=\"s1\"><a href=\"https:\/\/www.apdiving.com\/en\/?ddownload=12004\">Manuel d'entretien Rebreather Mouthpiece (DSV) (RB160) V2.0<\/a><\/span><span class=\"s2\"> - French <\/td>\n<td ><a href=\"https:\/\/apdiving.com\/en\/?ddownload=12004\">T\u00e9l\u00e9chargement<\/a><\/span><\/td>\n<\/tr>\n<\/tbody><\/table><\/div><\/p><\/div><\/div><\/div><\/div><!--vgRowWrapper--><\/div><\/div><div id=\"pg-4648-6\"  class=\"panel-grid panel-has-style\" ><div class=\"panel-row-style panel-row-style-for-4648-6\" ><div class=\"vgRowWrapper\"><div id=\"pgc-4648-6-0\"  class=\"panel-grid-cell\" ><div id=\"panel-4648-6-0-0\" class=\"so-panel widget widget_sow-image panel-first-child panel-last-child\" data-index=\"9\" ><div\n\t\t\t\n\t\t\tclass=\"so-widget-sow-image so-widget-sow-image-default-8b5b6f678277-4648\"\n\t\t\t\n\t\t>\n\n<div class=\"sow-image-container\">\n\t\t<img loading=\"lazy\" decoding=\"async\" src=\"https:\/\/www.apdiving.eu\/fr\/wp-content\/uploads\/separator-middle-1.jpg\" width=\"970\" height=\"20\" srcset=\"https:\/\/www.apdiving.eu\/fr\/wp-content\/uploads\/separator-middle-1.jpg 970w, https:\/\/www.apdiving.eu\/fr\/wp-content\/uploads\/separator-middle-1-300x6.jpg 300w, https:\/\/www.apdiving.eu\/fr\/wp-content\/uploads\/separator-middle-1-768x16.jpg 768w\" sizes=\"auto, (max-width: 970px) 100vw, 970px\" alt=\"\" \t\tclass=\"so-widget-image\"\/>\n\t<\/div>\n\n<\/div><\/div><\/div><\/div><!--vgRowWrapper--><\/div><\/div><div id=\"pg-4648-7\"  class=\"panel-grid panel-has-style\" ><div class=\"vgfull vg-spacing panel-row-style panel-row-style-for-4648-7\" ><div class=\"vgRowWrapper\"><div id=\"pgc-4648-7-0\"  class=\"panel-grid-cell\" ><div id=\"panel-4648-7-0-0\" class=\"so-panel widget widget_black-studio-tinymce widget_black_studio_tinymce panel-first-child panel-last-child\" data-index=\"10\" ><div class=\"textwidget\"><h2 style=\"text-align: center;\">\u00a0<\/h2>\n<h2 style=\"text-align: center;\">AVIS DE MODIFICATION TECHNIQUE<\/h2>\n<p>&nbsp;<\/p>\n<p><div class=\"table-responsive\"><table  style=\"width:960px; \"  class=\"easy-table easy-table-ap \" >\n<tbody>\r\n<tr><td  style=\"width:860px\" ><a href=\"https:\/\/www.apdiving.com\/en\/?ddownload=10965\">Bulletin technique - Connecteur \u00e0 encliquetage rapide - Avis de modification technique<\/a> - Anglais <\/td>\n<td  style=\"width:100px\" > \u00c0 partir de janvier 2022 <\/td>\n<td ><span class=\"s2\"><a href=\"https:\/\/apdiving.com\/en\/?ddownload=10965\">T\u00e9l\u00e9chargement<\/a><\/span><\/td>\n<\/tr>\n<\/tbody><\/table><\/div><\/p><\/div><\/div><\/div><\/div><!--vgRowWrapper--><\/div><\/div><\/div>","protected":false},"excerpt":{"rendered":"<p>\u00a0 MANUELS RECYCLEUR INSPIRATION EVO, EVP &amp; XPD Cliquez sur le lien ci-dessous pour lancer le t\u00e9l\u00e9chargement de la version la plus r\u00e9cente du manuel d&#8217;utilisateur AP INSPIRATION. Le manuel utilisateur est au format PDF. Vous aurez besoin d&#8217;un logiciel compatible ouvrir ce fichier PDF. Un logiciel compatible PDF gratuit est disponible ici: Adobe Reader<\/p>\n","protected":false},"author":4,"featured_media":0,"parent":4646,"menu_order":0,"comment_status":"open","ping_status":"closed","template":"","meta":{"footnotes":""},"class_list":["post-4648","page","type-page","status-publish","hentry"],"_links":{"self":[{"href":"https:\/\/www.apdiving.eu\/fr\/wp-json\/wp\/v2\/pages\/4648","targetHints":{"allow":["GET"]}}],"collection":[{"href":"https:\/\/www.apdiving.eu\/fr\/wp-json\/wp\/v2\/pages"}],"about":[{"href":"https:\/\/www.apdiving.eu\/fr\/wp-json\/wp\/v2\/types\/page"}],"author":[{"embeddable":true,"href":"https:\/\/www.apdiving.eu\/fr\/wp-json\/wp\/v2\/users\/4"}],"replies":[{"embeddable":true,"href":"https:\/\/www.apdiving.eu\/fr\/wp-json\/wp\/v2\/comments?post=4648"}],"version-history":[{"count":10,"href":"https:\/\/www.apdiving.eu\/fr\/wp-json\/wp\/v2\/pages\/4648\/revisions"}],"predecessor-version":[{"id":7429,"href":"https:\/\/www.apdiving.eu\/fr\/wp-json\/wp\/v2\/pages\/4648\/revisions\/7429"}],"up":[{"embeddable":true,"href":"https:\/\/www.apdiving.eu\/fr\/wp-json\/wp\/v2\/pages\/4646"}],"wp:attachment":[{"href":"https:\/\/www.apdiving.eu\/fr\/wp-json\/wp\/v2\/media?parent=4648"}],"curies":[{"name":"wp","href":"https:\/\/api.w.org\/{rel}","templated":true}]}}