{"id":412,"date":"2013-09-26T13:31:07","date_gmt":"2013-09-26T13:31:07","guid":{"rendered":"http:\/\/ap.msurl.net\/blog\/?page_id=412"},"modified":"2024-08-28T07:32:52","modified_gmt":"2024-08-28T07:32:52","slug":"resources","status":"publish","type":"page","link":"https:\/\/www.apdiving.eu\/fr\/bcds\/resources\/","title":{"rendered":"Resources"},"content":{"rendered":"<div id=\"pl-412\"  class=\"panel-layout\" ><div id=\"pg-412-0\"  class=\"panel-grid panel-no-style\" ><div class=\"vgRowWrapper\"><div id=\"pgc-412-0-0\"  class=\"panel-grid-cell\" ><div id=\"panel-412-0-0-0\" class=\"so-panel widget widget_black-studio-tinymce widget_black_studio_tinymce panel-first-child panel-last-child\" data-index=\"0\" ><div class=\"textwidget\"><h1 style=\"text-align: center;\">MANUELS<\/h1>\n<p style=\"text-align: center;\">\u00a0Tous les documents et brochures disponibles en t\u00e9l\u00e9chargements sont au format .pdf sauf sp\u00e9cification contraire.<br \/>Si vous ne parvenez \u00e0 trouver ce que vous cherchez, n'h\u00e9sitez pas \u00e0 prendre <a href=\"mailto:bcdsales@apdiving.com\">contact avec nous<\/a><\/p>\n<\/div><\/div><\/div><\/div><!--vgRowWrapper--><\/div><div id=\"pg-412-1\"  class=\"panel-grid panel-no-style\" ><div class=\"vgRowWrapper\"><div id=\"pgc-412-1-0\"  class=\"panel-grid-cell\" ><div id=\"panel-412-1-0-0\" class=\"so-panel widget widget_black-studio-tinymce widget_black_studio_tinymce panel-first-child\" data-index=\"1\" ><div class=\"textwidget\"><h3>Manuels des Gilets<\/h3>\n<\/div><\/div><div id=\"panel-412-1-0-1\" class=\"so-panel widget widget_black-studio-tinymce widget_black_studio_tinymce\" data-index=\"2\" ><div class=\"textwidget\"><p><div class=\"table-responsive\"><table  style=\"width:100%; \"  class=\"easy-table easy-table-ap \" >\n<tbody>\r\n<tr><td ><a href=\"https:\/\/apdiving.com\/en\/wp-content\/uploads\/bcd-scuba-reflex-bcd-manual-apdiving.pdf\">Manuel de la Gamme Gilet Commando (pr\u00e9c\u00e9demment BUDDY) \u00e0 partir de 2007 - Anglais<\/a><\/td>\n<\/tr>\n\r\n<tr><td ><a href=\"https:\/\/apdiving.com\/en\/wp-content\/uploads\/DE-APD45APD90-Instruction-Manual-V1.3-2022.pdf\">Manuel de la Gamme Gilet Commando (pr\u00e9c\u00e9demment BUDDY) \u00e0 partir de 2007 - Allemand<\/a><\/td>\n<\/tr>\n\r\n<tr><td ><a href=\"https:\/\/apdiving.com\/en\/wp-content\/uploads\/bcd-scuba-commando-escape-manual-apdiving.pdf\">Manuel du Commando Escape - Anglais<\/a><\/td>\n<\/tr>\n\r\n<tr><td ><a href=\"https:\/\/apdiving.com\/en\/wp-content\/uploads\/bcd-scuba-travelwing-manual-apdiving.pdf\">Manuel du Travel Wing - Anglais<\/a><\/td>\n<\/tr>\n\r\n<tr><td ><a href=\"https:\/\/apdiving.com\/en\/wp-content\/uploads\/BUDDY-Instruction-manual-pre-2007.pdf\">Manuel du gilet BUDDY (avant octobre 2006) - Anglais<\/a><\/td>\n<\/tr>\n\r\n<tr><td ><a href=\"https:\/\/apdiving.com\/en\/wp-content\/uploads\/JJ-Mk4-Manual-revision-June08.pdf\">Manuel du Gilet Industriel Mk4 Jump Jacket - Anglais<\/a><\/td>\n<\/tr>\n\r\n<tr><td ><a href=\"https:\/\/apdiving.com\/en\/wp-content\/uploads\/ap-diving-bcd-commando-table-which-bcd-download.pdf\">Tableau Comparatif des diff\u00e9rents mod\u00e8les Commando - Anglais<\/a><\/td>\n<\/tr>\n\r\n<tr><td ><a href=\"https:\/\/apdiving.com\/en\/wp-content\/uploads\/ap-diving-bcd-wing-table-which-bcd-download.pdf\">Tableau Comparatif des diff\u00e9rents mod\u00e8les Wing - Anglais<\/a><\/td>\n<\/tr>\n\r\n<tr><td ><a href=\"https:\/\/apdiving.com\/en\/wp-content\/uploads\/AP-Diving-BCD-Sizing.pdf\">Guide des tailles de Gilets - Anglais<\/a><\/td>\n<\/tr>\n<\/tbody><\/table><\/div><\/p>\n<\/div><\/div><div id=\"panel-412-1-0-2\" class=\"so-panel widget widget_black-studio-tinymce widget_black_studio_tinymce\" data-index=\"3\" ><div class=\"textwidget\"><h3>Accessoires<\/h3>\n<\/div><\/div><div id=\"panel-412-1-0-3\" class=\"so-panel widget widget_black-studio-tinymce widget_black_studio_tinymce\" data-index=\"4\" ><div class=\"textwidget\"><p><div class=\"table-responsive\"><table  style=\"width:100%; \"  class=\"easy-table easy-table-ap \" >\n<tbody>\r\n<tr><td ><a href=\"https:\/\/www.apdiving.com\/en\/?ddownload=10724\">Guide d\u2019installation du Ratchet Dive Reel 45m & 90M - V.1.3 2022 Anglais<\/a><\/td>\n<\/tr>\n\r\n<tr><td ><a href=\"https:\/\/www.apdiving.com\/en\/?ddownload=11772\">Guide d\u2019installation du Ratchet Dive Reel 45m & 90M - V.1.3 2022 Fran\u00e7ais<\/a><\/td>\n<\/tr>\n\r\n<tr><td ><a href=\"https:\/\/www.apdiving.com\/en\/?ddownload=10950\">Guide d\u2019installation du Ratchet Dive Reel 45m & 90M - V.1.3 2022 Allemand<\/a><\/td>\n<\/tr>\n\r\n<tr><td ><a href=\"https:\/\/apdiving.com\/en\/wp-content\/uploads\/bcd-scuba-twinset-instructions-apdiving.pdf\">Guide d\u2019installation du kit bi-bouteilles - Anglais<\/a><\/td>\n<\/tr>\n\r\n<tr><td ><a href=\"https:\/\/apdiving.com\/en\/wp-content\/uploads\/bcd-scuba-ponyband-instructions-apdiving.pdf\">Guide d'installation du kit Pony - Anglais<\/a><\/td>\n<\/tr>\n\r\n<tr><td ><a href=\"https:\/\/apdiving.com\/en\/wp-content\/uploads\/bcd-scuba-bk3-camband-instructions-apdiving.pdf\">Guide d'installation de la sangle de bouteille - Anglais<\/a><\/td>\n<\/tr>\n\r\n<tr><td ><a href=\"https:\/\/apdiving.com\/en\/wp-content\/uploads\/bcd-scuba-ap36-pocketreel-instructions-apdiving.pdf\">Guide d'utilisation du d\u00e9vidoir Pocket Reel (produit obsol\u00e8te) - Anglais<\/a><\/td>\n<\/tr>\n\r\n<tr><td ><a href=\"https:\/\/apdiving.com\/en\/wp-content\/uploads\/bcd-scuba-ap36-pocketreel-instructions-german-apdiving.pdf\">Guide d'utilisation du d\u00e9vidoir Pocket Reel (produit obsol\u00e8te) - Allemand<\/a><\/td>\n<\/tr>\n\r\n<tr><td ><a href=\"https:\/\/apdiving.com\/en\/wp-content\/uploads\/bcd-scuba-blast-instructions-apdiving.pdf\">Guide d'utilisation de l'avertisseur sonore Buddy Blast Air Horn - Anglais<\/a><\/td>\n<\/tr>\n\r\n<tr><td ><a href=\"https:\/\/apdiving.com\/en\/wp-content\/uploads\/bcd-scuba-verticlip-instructions-apdiving.pdf\">Guide d'installation des Verti Clip - Anglais<\/a><\/td>\n<\/tr>\n\r\n<tr><td ><a href=\"https:\/\/apdiving.com\/en\/wp-content\/uploads\/Ranger-Integrated-\">Guide d'utilisation de la gamme de poche \u00e0 plombs Ranger - Anglais<\/a><\/td>\n<\/tr>\n\r\n<tr><td ><a href=\"https:\/\/apdiving.com\/en\/wp-content\/uploads\/Ranger-Integrated-Weight-Instructions-German.pdf\">Guide d'utilisation de la gamme de poche \u00e0 plombs Ranger - Allemand<\/a><\/td>\n<\/tr>\n\r\n<tr><td ><a href=\"https:\/\/apdiving.com\/en\/wp-content\/uploads\/bcd-scuba-zip-runner-instructions-apdiving.pdf\">Guide de changement de glissi\u00e8re zip- Anglais<\/a>\u00a0<\/td>\n<\/tr>\n<\/tbody><\/table><\/div><\/p><\/div><\/div><div id=\"panel-412-1-0-4\" class=\"so-panel widget widget_black-studio-tinymce widget_black_studio_tinymce\" data-index=\"5\" ><div class=\"textwidget\"><h3>Manuels de l'AP Valve\u00a0- Anglais<\/h3>\n<\/div><\/div><div id=\"panel-412-1-0-5\" class=\"so-panel widget widget_black-studio-tinymce widget_black_studio_tinymce\" data-index=\"6\" ><div class=\"textwidget\"><p><div class=\"table-responsive\"><table  style=\"width:100%; \"  class=\"easy-table easy-table-ap \" >\n<tbody>\r\n<tr><td ><a href=\"https:\/\/apdiving.com\/en\/?ddownload=8346\">Manuel de l'APV200 - Anglais - V1.2<\/a><\/td>\n<\/tr>\n\r\n<tr><td ><a href=\"https:\/\/apdiving.com\/en\/?ddownload=8347\">Manuel de l'APV300 - Inflateur de gilet - Anglais\u00a0- V.1.3<\/a><\/td>\n<\/tr>\n<\/tbody><\/table><\/div><\/p>\n<\/div><\/div><div id=\"panel-412-1-0-6\" class=\"so-panel widget widget_black-studio-tinymce widget_black_studio_tinymce\" data-index=\"7\" ><div class=\"textwidget\"><h3>Manuels de l'Auto Air- Anglais<\/h3>\n<\/div><\/div><div id=\"panel-412-1-0-7\" class=\"so-panel widget widget_black-studio-tinymce widget_black_studio_tinymce panel-last-child\" data-index=\"8\" ><div class=\"textwidget\"><p><div class=\"table-responsive\"><table  style=\"width:100%; \"  class=\"easy-table easy-table-ap \" >\n<tbody>\r\n<tr><td ><a href=\"https:\/\/apdiving.com\/en\/?ddownload=8340\" target=\"_blank\">Manuel de l'Auto-Air AP100 et EV50 flexible MP V1.3 - Anglais<\/a><\/td>\n<\/tr>\n\r\n<tr><td ><a href=\"https:\/\/apdiving.com\/en\/wp-content\/uploads\/bcd-scuba-apv100-balanced-autoair-manual-apdiving.pdf\">Manuel de l'Auto-Air Compens\u00e9 APV100 (depuis 2007) - Anglais<\/a>\u00a0<\/td>\n<\/tr>\n\r\n<tr><td ><a href=\"https:\/\/apdiving.com\/en\/wp-content\/uploads\/bcd-scuba-apv100-balanced-autoair-manual-german-apdiving.pdf\">Manuel de l'Auto-Air Compens\u00e9 APV100 (depuis 2007) - Allemand<\/a>\u00a0<\/td>\n<\/tr>\n\r\n<tr><td ><a href=\"https:\/\/apdiving.com\/en\/wp-content\/uploads\/bcd-scuba-ap100-autoair-manual-apdiving.pdf\">Manuel de l'Auto-Air AP100 (avant 2006) - Anglais<\/a>\u00a0<\/td>\n<\/tr>\n\r\n<tr><td ><a href=\"https:\/\/apdiving.com\/en\/wp-content\/uploads\/Balanced-Auto-Air-Manual-pre-2007-German.pdf\">Manuel de l'Auto-Air AP100 (avant 2006) - Allemand<\/a><\/td>\n<\/tr>\n<\/tbody><\/table><\/div><\/p>\n<\/div><\/div><\/div><\/div><!--vgRowWrapper--><\/div><\/div>","protected":false},"excerpt":{"rendered":"<p>MANUELS\u00a0Tous les documents et brochures disponibles en t\u00e9l\u00e9chargements sont au format .pdf sauf sp\u00e9cification contraire.Si vous ne parvenez \u00e0 trouver ce que vous cherchez, n&#8217;h\u00e9sitez pas \u00e0 prendre contact avec nous Manuels des Gilets Accessoires Manuels de l&#8217;AP Valve\u00a0&#8211; Anglais Manuels de l&#8217;Auto Air- Anglais<\/p>\n","protected":false},"author":4,"featured_media":0,"parent":396,"menu_order":6,"comment_status":"open","ping_status":"open","template":"","meta":{"footnotes":""},"class_list":["post-412","page","type-page","status-publish","hentry"],"_links":{"self":[{"href":"https:\/\/www.apdiving.eu\/fr\/wp-json\/wp\/v2\/pages\/412","targetHints":{"allow":["GET"]}}],"collection":[{"href":"https:\/\/www.apdiving.eu\/fr\/wp-json\/wp\/v2\/pages"}],"about":[{"href":"https:\/\/www.apdiving.eu\/fr\/wp-json\/wp\/v2\/types\/page"}],"author":[{"embeddable":true,"href":"https:\/\/www.apdiving.eu\/fr\/wp-json\/wp\/v2\/users\/4"}],"replies":[{"embeddable":true,"href":"https:\/\/www.apdiving.eu\/fr\/wp-json\/wp\/v2\/comments?post=412"}],"version-history":[{"count":10,"href":"https:\/\/www.apdiving.eu\/fr\/wp-json\/wp\/v2\/pages\/412\/revisions"}],"predecessor-version":[{"id":7169,"href":"https:\/\/www.apdiving.eu\/fr\/wp-json\/wp\/v2\/pages\/412\/revisions\/7169"}],"up":[{"embeddable":true,"href":"https:\/\/www.apdiving.eu\/fr\/wp-json\/wp\/v2\/pages\/396"}],"wp:attachment":[{"href":"https:\/\/www.apdiving.eu\/fr\/wp-json\/wp\/v2\/media?parent=412"}],"curies":[{"name":"wp","href":"https:\/\/api.w.org\/{rel}","templated":true}]}}