{"id":4018,"date":"2014-11-05T11:56:08","date_gmt":"2014-11-05T11:56:08","guid":{"rendered":"http:\/\/www.apdiving.com\/en\/?page_id=4018"},"modified":"2014-11-28T11:29:12","modified_gmt":"2014-11-28T11:29:12","slug":"blog","status":"publish","type":"page","link":"https:\/\/www.apdiving.eu\/fr\/blog\/","title":{"rendered":"Blog"},"content":{"rendered":"<div id=\"pl-4018\"  class=\"panel-layout\" ><div id=\"pg-4018-0\"  class=\"panel-grid panel-has-style\" ><div class=\"vgfull vg-spacing panel-row-style panel-row-style-for-4018-0\" ><div class=\"vgRowWrapper\"><div id=\"pgc-4018-0-0\"  class=\"panel-grid-cell panel-grid-cell-empty\" ><\/div><div id=\"pgc-4018-0-1\"  class=\"panel-grid-cell panel-grid-cell-mobile-last\" ><div id=\"panel-4018-0-1-0\" class=\"so-panel widget widget_black-studio-tinymce widget_black_studio_tinymce panel-first-child panel-last-child\" data-index=\"0\" ><div class=\"textwidget\"><p><div class=\"ap-post-entry\">\n    \n    <p class=\"entry-date\"><a href=\"https:\/\/www.apdiving.eu\/fr\/tamataroa-1\/\"><i class=\"fa fa-calendar\"><\/i>&nbsp;&nbsp;June 8, 2023<\/a><\/p>\n    \n    <div class=\"entry-title\"><h2><a href=\"https:\/\/www.apdiving.eu\/fr\/tamataroa-1\/\">TAMATAROA 1<\/a><\/h2><\/div>\n        <a href=\"https:\/\/www.apdiving.eu\/fr\/tamataroa-1\/\" class=\"featured-image\" style=\"background-image:url(https:\/\/www.apdiving.eu\/fr\/wp-content\/uploads\/laurent-1200.jpg)\"><\/a>\n    <div class=\"entry-summary\">\n        <p class=\"post-excerpt\"><p>TAMATAROA 1 &#8211; Derni\u00e8re mission de Laurent Ballesta : conserver le requin marteau Gt en Polyn\u00e9sie fran\u00e7aise&#8230;<\/p>\n<\/p>\n    <\/div>\n   \n    <span style=\"display:block; clear:both; height:1px;\"><\/span>\n\t<div><a href=\"https:\/\/www.apdiving.eu\/fr\/tamataroa-1\/\" class=\"post-read-more\">Plus&nbsp;&nbsp;<i class=\"fa fa-angle-right\"><\/i><\/a><\/div>\n\n<\/div>\n    <div class=\"ap-post-entry\">\n    \n    <p class=\"entry-date\"><a href=\"https:\/\/www.apdiving.eu\/fr\/stage-ccr-training-aura-2018\/\"><i class=\"fa fa-calendar\"><\/i>&nbsp;&nbsp;November 15, 2018<\/a><\/p>\n    \n    <div class=\"entry-title\"><h2><a href=\"https:\/\/www.apdiving.eu\/fr\/stage-ccr-training-aura-2018\/\">Stage CCR Training &#8211; AURA 2018<\/a><\/h2><\/div>\n        <a href=\"https:\/\/www.apdiving.eu\/fr\/stage-ccr-training-aura-2018\/\" class=\"featured-image\" style=\"background-image:url(https:\/\/www.apdiving.eu\/fr\/wp-content\/uploads\/Screen-Shot-2018-11-12-at-13.25.00.png)\"><\/a>\n    <div class=\"entry-summary\">\n        <p class=\"post-excerpt\"><p>La commission technique r\u00e9gionale AURA de la F\u00e9d\u00e9ration &#8211; FFESSM &#8211; a organis\u00e9 sa premi\u00e8re formation d&#8217;instructeurs AP-Diving CCR<\/p>\n<\/p>\n    <\/div>\n   \n    <span style=\"display:block; clear:both; height:1px;\"><\/span>\n\t<div><a href=\"https:\/\/www.apdiving.eu\/fr\/stage-ccr-training-aura-2018\/\" class=\"post-read-more\">Plus&nbsp;&nbsp;<i class=\"fa fa-angle-right\"><\/i><\/a><\/div>\n\n<\/div>\n    <div class=\"ap-post-entry\">\n    \n    <p class=\"entry-date\"><a href=\"https:\/\/www.apdiving.eu\/fr\/mise-a-jour-produit-feutrine-pour-cartouche-de-chaux\/\"><i class=\"fa fa-calendar\"><\/i>&nbsp;&nbsp;May 12, 2016<\/a><\/p>\n    \n    <div class=\"entry-title\"><h2><a href=\"https:\/\/www.apdiving.eu\/fr\/mise-a-jour-produit-feutrine-pour-cartouche-de-chaux\/\">Mise \u00e0 jour Produit : Feutrine pour Cartouche de Chaux<\/a><\/h2><\/div>\n        <a href=\"https:\/\/www.apdiving.eu\/fr\/mise-a-jour-produit-feutrine-pour-cartouche-de-chaux\/\" class=\"featured-image\" style=\"background-image:url(https:\/\/www.apdiving.eu\/fr\/wp-content\/uploads\/rebreather-scrim-kit-2016-apdiving-1024x711-copy.jpg)\"><\/a>\n    <div class=\"entry-summary\">\n        <p class=\"post-excerpt\"><p>Les feutrines utilis\u00e9es en dessus et dessous de la cartouche de chaux ont \u00e9t\u00e9 am\u00e9lior\u00e9es par le choix d&#8217;un mat\u00e9riau plus \u00e9pais\/rigide, moins propice \u00e0 s&#8217;effilocher sur les bords.<\/p>\n<\/p>\n    <\/div>\n   \n    <span style=\"display:block; clear:both; height:1px;\"><\/span>\n\t<div><a href=\"https:\/\/www.apdiving.eu\/fr\/mise-a-jour-produit-feutrine-pour-cartouche-de-chaux\/\" class=\"post-read-more\">Plus&nbsp;&nbsp;<i class=\"fa fa-angle-right\"><\/i><\/a><\/div>\n\n<\/div>\n    <div class=\"ap-post-entry\">\n    \n    <p class=\"entry-date\"><a href=\"https:\/\/www.apdiving.eu\/fr\/diver-award\/\"><i class=\"fa fa-calendar\"><\/i>&nbsp;&nbsp;February 29, 2016<\/a><\/p>\n    \n    <div class=\"entry-title\"><h2><a href=\"https:\/\/www.apdiving.eu\/fr\/diver-award\/\">Magasine \u00ab DIVER \u00bb &#8211; produits de l&#8217;ann\u00e9e 2015<\/a><\/h2><\/div>\n        <a href=\"https:\/\/www.apdiving.eu\/fr\/diver-award\/\" class=\"featured-image\" style=\"background-image:url(https:\/\/www.apdiving.eu\/fr\/wp-content\/uploads\/colour-screen-with-water-droplets.434-300x202.jpg)\"><\/a>\n    <div class=\"entry-summary\">\n        <p class=\"post-excerpt\"><p>Un Grand MERCI aux lecteurs du magasine \u00ab DIVER \u00bb qui ont \u00e9lu l\u2019Afficheur Couleur AP2020VISION comme l&#8217;un des produits de l&#8217;ann\u00e9e 2015.<\/p>\n<\/p>\n    <\/div>\n   \n    <span style=\"display:block; clear:both; height:1px;\"><\/span>\n\t<div><a href=\"https:\/\/www.apdiving.eu\/fr\/diver-award\/\" class=\"post-read-more\">Plus&nbsp;&nbsp;<i class=\"fa fa-angle-right\"><\/i><\/a><\/div>\n\n<\/div>\n    <div class=\"ap-post-entry\">\n    \n    <p class=\"entry-date\"><a href=\"https:\/\/www.apdiving.eu\/fr\/upcoming-shows-2016\/\"><i class=\"fa fa-calendar\"><\/i>&nbsp;&nbsp;December 18, 2015<\/a><\/p>\n    \n    <div class=\"entry-title\"><h2><a href=\"https:\/\/www.apdiving.eu\/fr\/upcoming-shows-2016\/\">AGENDA DES SALONS DE PLONGEE<\/a><\/h2><\/div>\n        <a href=\"https:\/\/www.apdiving.eu\/fr\/upcoming-shows-2016\/\" class=\"featured-image\" style=\"background-image:url(https:\/\/www.apdiving.eu\/fr\/wp-content\/uploads\/dive-show-preview-fr.jpg)\"><\/a>\n    <div class=\"entry-summary\">\n        <p class=\"post-excerpt\"><p>&nbsp; Dive-Expo Antwerp, Belgium 6-7 decembre 2025 Information &nbsp; Salon de la Plong\u00e9e sous marine Porte de Versailles, Paris 8-11 janvier 2026 Information \u00a0 GO DIVING Show 2026 NAEC, Stoneleigh Park, Coventry, UK 28 f\u00e9vrier &#8211; 1er mars 2026 Information &nbsp;<\/p>\n<\/p>\n    <\/div>\n   \n    <span style=\"display:block; clear:both; height:1px;\"><\/span>\n\t<div><a href=\"https:\/\/www.apdiving.eu\/fr\/upcoming-shows-2016\/\" class=\"post-read-more\">Plus&nbsp;&nbsp;<i class=\"fa fa-angle-right\"><\/i><\/a><\/div>\n\n<\/div>\n    <div class=\"ap-post-entry\">\n    \n    <p class=\"entry-date\"><a href=\"https:\/\/www.apdiving.eu\/fr\/la-nouvelle-affichage-couleur-ap-2020vision-est-ici\/\"><i class=\"fa fa-calendar\"><\/i>&nbsp;&nbsp;December 7, 2015<\/a><\/p>\n    \n    <div class=\"entry-title\"><h2><a href=\"https:\/\/www.apdiving.eu\/fr\/la-nouvelle-affichage-couleur-ap-2020vision-est-ici\/\">Le nouvel Affichage Couleur &#8230; AP 2020VISION est ici&#8230;<\/a><\/h2><\/div>\n        <a href=\"https:\/\/www.apdiving.eu\/fr\/la-nouvelle-affichage-couleur-ap-2020vision-est-ici\/\" class=\"featured-image\" style=\"background-image:url(https:\/\/www.apdiving.eu\/fr\/wp-content\/uploads\/2020-vision-thumbnail-2-300x1821.jpg)\"><\/a>\n    <div class=\"entry-summary\">\n        <p class=\"post-excerpt\"><p>L&#8217;Affichage Couleur AP 2020VISION est un \u00e9cran couleur haute-d\u00e9finition ultra-lumineux&#8230;<\/p>\n<\/p>\n    <\/div>\n   \n    <span style=\"display:block; clear:both; height:1px;\"><\/span>\n\t<div><a href=\"https:\/\/www.apdiving.eu\/fr\/la-nouvelle-affichage-couleur-ap-2020vision-est-ici\/\" class=\"post-read-more\">Plus&nbsp;&nbsp;<i class=\"fa fa-angle-right\"><\/i><\/a><\/div>\n\n<\/div>\n    <div class=\"ap-post-entry\">\n    \n    <p class=\"entry-date\"><a href=\"https:\/\/www.apdiving.eu\/fr\/upcoming-shows-2016-2\/\"><i class=\"fa fa-calendar\"><\/i>&nbsp;&nbsp;March 18, 2015<\/a><\/p>\n    \n    <div class=\"entry-title\"><h2><a href=\"https:\/\/www.apdiving.eu\/fr\/upcoming-shows-2016-2\/\">AGENDA DES SALONS DE PLONGEE 2015<\/a><\/h2><\/div>\n        <a href=\"https:\/\/www.apdiving.eu\/fr\/upcoming-shows-2016-2\/\" class=\"featured-image\" style=\"background-image:url(https:\/\/www.apdiving.eu\/fr\/wp-content\/uploads\/upcoming-shows-thumb.jpg)\"><\/a>\n    <div class=\"entry-summary\">\n        <p class=\"post-excerpt\"><p>Cr\u00e9dit Photo : Cyrille Mulard, Te Honu Diving Tahiti. Tous droits r\u00e9serv\u00e9s.\u00a0Boot \u2013 Dusseldorf, Germany\u2013 17 au 25 janvierLondon International Dive Show \u2013 London Excel, London, UK \u2013 14 et 15 f\u00e9vrierOztek \u2013 Australian Technology Park, Sydney, Australia\u2013 14 et 15 marsDIVE 2015 \u2013 Birmingham NEC, Birmingham, UK \u2013 24 et 25 octobre \u2013 Billets <a href=\"https:\/\/www.apdiving.eu\/fr\/upcoming-shows-2016-2\/\">[Read More &hellip;]<\/a><\/p>\n<\/p>\n    <\/div>\n   \n    <span style=\"display:block; clear:both; height:1px;\"><\/span>\n\t<div><a href=\"https:\/\/www.apdiving.eu\/fr\/upcoming-shows-2016-2\/\" class=\"post-read-more\">Plus&nbsp;&nbsp;<i class=\"fa fa-angle-right\"><\/i><\/a><\/div>\n\n<\/div>\n    <div class=\"ap-post-entry\">\n    \n    <p class=\"entry-date\"><a href=\"https:\/\/www.apdiving.eu\/fr\/all-change-at-ap\/\"><i class=\"fa fa-calendar\"><\/i>&nbsp;&nbsp;January 21, 2015<\/a><\/p>\n    \n    <div class=\"entry-title\"><h2><a href=\"https:\/\/www.apdiving.eu\/fr\/all-change-at-ap\/\">CE QUI CHANGE CHEZ AP &#8230;<\/a><\/h2><\/div>\n        <a href=\"https:\/\/www.apdiving.eu\/fr\/all-change-at-ap\/\" class=\"featured-image\" style=\"background-image:url(https:\/\/www.apdiving.eu\/fr\/wp-content\/uploads\/all-change-at-ap-apdiving.jpg)\"><\/a>\n    <div class=\"entry-summary\">\n        <p class=\"post-excerpt\"><p>AP REVIENT A LA MAISON ! Nous avons eu une ann\u00e9e riche en \u00e9venement chez AP Diving \u2013 F\u00e9vrier 2014 a vu deux des soci\u00e9t\u00e9s d&#8217;\u00e9quipement de plong\u00e9e les plus innovantes joindre leur forces \u2026 <\/p>\n<\/p>\n    <\/div>\n   \n    <span style=\"display:block; clear:both; height:1px;\"><\/span>\n\t<div><a href=\"https:\/\/www.apdiving.eu\/fr\/all-change-at-ap\/\" class=\"post-read-more\">Plus&nbsp;&nbsp;<i class=\"fa fa-angle-right\"><\/i><\/a><\/div>\n\n<\/div>\n    <div class=\"ap-post-entry\">\n    \n    <p class=\"entry-date\"><a href=\"https:\/\/www.apdiving.eu\/fr\/buddy-goes-commando\/\"><i class=\"fa fa-calendar\"><\/i>&nbsp;&nbsp;December 20, 2014<\/a><\/p>\n    \n    <div class=\"entry-title\"><h2><a href=\"https:\/\/www.apdiving.eu\/fr\/buddy-goes-commando\/\">BUDDY DEVIENT COMMANDO<\/a><\/h2><\/div>\n        <a href=\"https:\/\/www.apdiving.eu\/fr\/buddy-goes-commando\/\" class=\"featured-image\" style=\"background-image:url(https:\/\/www.apdiving.eu\/fr\/wp-content\/uploads\/buddy-goes-commando.jpg)\"><\/a>\n    <div class=\"entry-summary\">\n        <p class=\"post-excerpt\"><p>Non, nous n&#8217;avons pas d\u00e9pouill\u00e9 les Gilets et accessoires les plus c\u00e9l\u00e8bres au monde jusqu&#8217;au strict n\u00e9cessaire \u2013 nous avons juste chang\u00e9 leur nom et ajout\u00e9 quelques modifications de conception.<\/p>\n<\/p>\n    <\/div>\n   \n    <span style=\"display:block; clear:both; height:1px;\"><\/span>\n\t<div><a href=\"https:\/\/www.apdiving.eu\/fr\/buddy-goes-commando\/\" class=\"post-read-more\">Plus&nbsp;&nbsp;<i class=\"fa fa-angle-right\"><\/i><\/a><\/div>\n\n<\/div>\n    <div class=\"ap-post-entry\">\n    \n    <p class=\"entry-date\"><a href=\"https:\/\/www.apdiving.eu\/fr\/new-ap-products-unveiled\/\"><i class=\"fa fa-calendar\"><\/i>&nbsp;&nbsp;December 16, 2014<\/a><\/p>\n    \n    <div class=\"entry-title\"><h2><a href=\"https:\/\/www.apdiving.eu\/fr\/new-ap-products-unveiled\/\">NOUVEAUX PRODUITS AP DIVING DEVOILES \u2026.<\/a><\/h2><\/div>\n        <a href=\"https:\/\/www.apdiving.eu\/fr\/new-ap-products-unveiled\/\" class=\"featured-image\" style=\"background-image:url(https:\/\/www.apdiving.eu\/fr\/wp-content\/uploads\/ap-product-launch-20014.jpg)\"><\/a>\n    <div class=\"entry-summary\">\n        <p class=\"post-excerpt\"><p>Juste un rapide coup d\u2019\u0153il sur les 3 nouveaux produits que nous pr\u00e9senterons au prochain salon EUROTek 2014, \u00e0 Birmingham, Angleterre.<\/p>\n<\/p>\n    <\/div>\n   \n    <span style=\"display:block; clear:both; height:1px;\"><\/span>\n\t<div><a href=\"https:\/\/www.apdiving.eu\/fr\/new-ap-products-unveiled\/\" class=\"post-read-more\">Plus&nbsp;&nbsp;<i class=\"fa fa-angle-right\"><\/i><\/a><\/div>\n\n<\/div>\n    <\/p><\/div><\/div><\/div><div id=\"pgc-4018-0-2\"  class=\"panel-grid-cell panel-grid-cell-empty\" ><\/div><\/div><!--vgRowWrapper--><\/div><\/div><\/div>","protected":false},"excerpt":{"rendered":"","protected":false},"author":4,"featured_media":0,"parent":0,"menu_order":0,"comment_status":"open","ping_status":"open","template":"","meta":{"footnotes":""},"class_list":["post-4018","page","type-page","status-publish","hentry"],"_links":{"self":[{"href":"https:\/\/www.apdiving.eu\/fr\/wp-json\/wp\/v2\/pages\/4018","targetHints":{"allow":["GET"]}}],"collection":[{"href":"https:\/\/www.apdiving.eu\/fr\/wp-json\/wp\/v2\/pages"}],"about":[{"href":"https:\/\/www.apdiving.eu\/fr\/wp-json\/wp\/v2\/types\/page"}],"author":[{"embeddable":true,"href":"https:\/\/www.apdiving.eu\/fr\/wp-json\/wp\/v2\/users\/4"}],"replies":[{"embeddable":true,"href":"https:\/\/www.apdiving.eu\/fr\/wp-json\/wp\/v2\/comments?post=4018"}],"version-history":[{"count":5,"href":"https:\/\/www.apdiving.eu\/fr\/wp-json\/wp\/v2\/pages\/4018\/revisions"}],"predecessor-version":[{"id":4957,"href":"https:\/\/www.apdiving.eu\/fr\/wp-json\/wp\/v2\/pages\/4018\/revisions\/4957"}],"wp:attachment":[{"href":"https:\/\/www.apdiving.eu\/fr\/wp-json\/wp\/v2\/media?parent=4018"}],"curies":[{"name":"wp","href":"https:\/\/api.w.org\/{rel}","templated":true}]}}