{"id":396,"date":"2013-09-26T10:05:24","date_gmt":"2013-09-26T10:05:24","guid":{"rendered":"http:\/\/ap.msurl.net\/blog\/?page_id=396"},"modified":"2022-03-07T16:24:30","modified_gmt":"2022-03-07T16:24:30","slug":"bcds","status":"publish","type":"page","link":"https:\/\/www.apdiving.eu\/fr\/bcds\/","title":{"rendered":"BCDs"},"content":{"rendered":"<div id=\"pl-396\"  class=\"panel-layout\" ><div id=\"pg-396-0\"  class=\"panel-grid panel-has-style\" ><div class=\"sep panel-row-style panel-row-style-for-396-0\" ><div class=\"vgRowWrapper\"><div id=\"pgc-396-0-0\"  class=\"panel-grid-cell\" ><div class=\"vgLinkPoint\"><a name=\"des-plongees-br-a-vivre\"><\/a><input type=\"hidden\" class=\"linkpointtext\" value=\"DES PLONGEES<\/br>A VIVRE\" \/><input type=\"hidden\" class=\"linkpointimg\" value=\"https:\/\/www.apdiving.eu\/fr\/wp-content\/uploads\/bcd-home-carousel-live-to-dive-apdiving.jpg\" \/><\/div><div id=\"panel-396-0-0-1\" class=\"so-panel widget widget_black-studio-tinymce widget_black_studio_tinymce\" data-index=\"1\" ><div class=\"textwidget\"><h2>VOUS VIVEZ POUR PLONGER<\/h2>\n<h3>Nous vous comprenons.<\/h3>\n<p><strong>Chaque ann\u00e9e, nous sommes de plus en plus nombreux \u00e0 nous aventurer dans le bleu pour cette exp\u00e9rience unique que seule la plong\u00e9e peut nous apporter.<\/strong> Pour certains, c'est avant tout le go\u00fbt du risque, de l'endurance et de l'accomplissement personnel. Pour d'autres, il s'agit plus d'une exp\u00e9rience calme et relaxante en semi-apesanteur, de l'exploration incroyable des paysages sous-marins, des r\u00e9cifs et \u00e9paves ...<\/p>\n<p>Quelques-soient vos motivations personnelles pour plonger, il existe une v\u00e9rit\u00e9 commune \u00e0 tous\u00a0: en tant qu\u2019humain nous sommes des \u00e9trangers dans un monde qui n'est pas fait pour nous. Il est donc essentiel d'utiliser un \u00e9quipement adapt\u00e9, pour pouvoir plonger en toute confiance.<\/p>\n<p>De la 1<span style=\"font-size: 13.3333px; line-height: 20px;\">\u00e8re<\/span>\u00a0soupape fabriqu\u00e9e jusqu'au plus r\u00e9cent des Gilets, dans nos ateliers ou salles de r\u00e9union, chez AP nous vivons aussi pour plonger\u00a0: innover, concevoir et vendre des \u00e9quipements de plong\u00e9e qui ont prouv\u00e9 leurs qualit\u00e9s \u00e0 travers les \u00e9preuves du temps \u2026 et des \u00e9l\u00e9ments\u00a0!<\/p>\n<p>\u00a0<\/p>\n<\/div><\/div><div class=\"vgLinkDouble\"><a  class=\"vgLink darkgray\" href=\"https:\/\/apdiving.eu\/fr\/bcds\/which-bcd\/\">En savoir plus<\/a><a  class=\"vgLink yellow\" href=\"https:\/\/apdiving.com\/shop\/bcd-open-circuit.html?___store=fr_fr\">Passer une commande<\/a><\/div><\/div><div id=\"pgc-396-0-1\"  class=\"panel-grid-cell\" ><div class=\"vg-image-widget\"><img decoding=\"async\" src=\"https:\/\/www.apdiving.eu\/fr\/wp-content\/uploads\/bcd-home-you-live-to-dive-apdiving1.jpg\" alt=\"\"\/><span class=\"caption\">Jeff Parker AP &copy;<\/span><\/div><\/div><\/div><!--vgRowWrapper--><\/div><\/div><div id=\"pg-396-1\"  class=\"panel-grid panel-has-style\" ><div class=\"sep panel-row-style panel-row-style-for-396-1\" ><div class=\"vgRowWrapper\"><div id=\"pgc-396-1-0\"  class=\"panel-grid-cell\" ><div class=\"vgLinkPoint\"><a name=\"confort-commando\"><\/a><input type=\"hidden\" class=\"linkpointtext\" value=\"CONFORT COMMANDO\" \/><input type=\"hidden\" class=\"linkpointimg\" value=\"https:\/\/www.apdiving.eu\/fr\/wp-content\/uploads\/bcd-home-carousel-comfort-commando-apdiving.jpg\" \/><\/div><div id=\"panel-396-1-0-1\" class=\"so-panel widget widget_black-studio-tinymce widget_black_studio_tinymce\" data-index=\"5\" ><div class=\"textwidget\"><h2 style=\"text-align: center;\">LE COMMANDO EST SI CONFORTABLE ...<\/h2>\n<h3 style=\"text-align: center;\">Que vous oublierez qu'il est l\u00e0.<\/h3>\n<p>\u00a0<\/p>\n<\/div><\/div><div class=\"vg-image-widget\"><img decoding=\"async\" src=\"https:\/\/www.apdiving.eu\/fr\/wp-content\/uploads\/bcds-commando-explorer-apdiving.jpg\" alt=\"\"\/><span class=\"caption\">Jeff Parker AP &copy;<\/span><\/div><div id=\"panel-396-1-0-3\" class=\"so-panel widget widget_black-studio-tinymce widget_black_studio_tinymce\" data-index=\"7\" ><div class=\"textwidget\"><p><strong>Vous \u00eates un plongeur exigeant alors pourquoi vous contraindre \u00e0 des tailles standardis\u00e9es de harnais\u00a0?<\/strong> La plupart des Gilets AP sont pourvus de notre syst\u00e8me brevet\u00e9 de r\u00e9glage des zones de confort (Element Comfort-Fit System)\u00a0: profil anatomique, enti\u00e8rement doubl\u00e9 et matelass\u00e9,\u00a0 ajustement et r\u00e9glages ultra-fin aux \u00e9paules, \u00e0 la poitrine et du support dorsal.<\/p><p>Juste un des nombreux \u00e9l\u00e9ments de la nouvelle gamme de Gilet AP Commando, con\u00e7us pour am\u00e9liorer chacune de vos plong\u00e9es.<\/p><p>\u00a0<\/p><\/div><\/div><div class=\"vgLinkDouble\"><a  class=\"vgLink darkgray\" href=\"https:\/\/apdiving.eu\/fr\/bcds\/technology\">En savoir plus<\/a><a  class=\"vgLink yellow\" href=\"https:\/\/apdiving.com\/shop\/bcd-open-circuit\/bcds.html?___store=fr_fr\">Passer une commande<\/a><\/div><\/div><\/div><!--vgRowWrapper--><\/div><\/div><div id=\"pg-396-2\"  class=\"panel-grid panel-has-style\" ><div class=\"sep panel-row-style panel-row-style-for-396-2\" ><div class=\"vgRowWrapper\"><div id=\"pgc-396-2-0\"  class=\"panel-grid-cell\" ><div class=\"vg-image-widget\"><img decoding=\"async\" src=\"https:\/\/www.apdiving.eu\/fr\/wp-content\/uploads\/bcd-home-fabric-apdiving.jpg\" alt=\"\"\/><span class=\"caption\">Jeff Parker AP &copy;<\/span><\/div><\/div><div id=\"pgc-396-2-1\"  class=\"panel-grid-cell\" ><div class=\"vgLinkPoint\"><a name=\"technologie-eprouvee\"><\/a><input type=\"hidden\" class=\"linkpointtext\" value=\"TECHNOLOGIE EPROUVEE\" \/><input type=\"hidden\" class=\"linkpointimg\" value=\"https:\/\/www.apdiving.eu\/fr\/wp-content\/uploads\/bcd-home-carousel-tough-tech-apdiving.jpg\" \/><\/div><div id=\"panel-396-2-1-1\" class=\"so-panel widget widget_black-studio-tinymce widget_black_studio_tinymce\" data-index=\"11\" ><div class=\"textwidget\"><h2>NOUS N'AVONS PAS PU TROUVER DE MATERIAUX ASSEZ SOLIDE POUR LA CONCEPTION DE NOS GILETS<\/h2>\n<h3>Alors nous en avons invent\u00e9 un ...<\/h3>\n<p><strong>L'Endura FX100 est un tissu\u00a0fait sur mesure et uniquement disponible sur les Gilets AP.<\/strong> Command\u00e9 chez un fabricant sp\u00e9cialis\u00e9, ce Cordura 1000 Denier, ultra-r\u00e9sistant et ultra-performant est con\u00e7u sp\u00e9cifiquement pour endurer les conditions les plus extr\u00eames et fournir une r\u00e9sistance maximale \u00e0 l'usure.<\/p>\n<p>L'Endura FX100 est recouvert de part et d'autre d'un enduit pour \u00e9viter l\u2019effilochage du tissu, maintenir la qualit\u00e9 des couleur et r\u00e9sister contre les effets des UV et des produits chimiques. C'est pourquoi ce Gilet \u00e0 double-enveloppe est le plus r\u00e9sistant jamais construit. L'enveloppe en Endura FX1000 prot\u00e8ge la vessie interne en polyur\u00e9thane \u2013 elle m\u00eame si r\u00e9sistante qu'elle est vendue avec une Garantie \u00e0 Vie des coutures soud\u00e9es \u00e0 Haute-Fr\u00e9quence.<\/p>\n<\/div><\/div><div class=\"vgLinkSingle\"><a  class=\"vgLink yellow\" href=\"https:\/\/apdiving.eu\/fr\/bcds\/technology\">An savoir plus<\/a><\/div><\/div><\/div><!--vgRowWrapper--><\/div><\/div><div id=\"pg-396-3\"  class=\"panel-grid panel-has-style\" ><div class=\"sep panel-row-style panel-row-style-for-396-3\" ><div class=\"vgRowWrapper\"><div id=\"pgc-396-3-0\"  class=\"panel-grid-cell\" ><div class=\"vgLinkPoint\"><a name=\"un-large-choix\"><\/a><input type=\"hidden\" class=\"linkpointtext\" value=\"UN LARGE CHOIX\" \/><input type=\"hidden\" class=\"linkpointimg\" value=\"https:\/\/www.apdiving.eu\/fr\/wp-content\/uploads\/bcd-home-carousel-multiple-choice-apdiving1.jpg\" \/><\/div><div id=\"panel-396-3-0-1\" class=\"so-panel widget widget_black-studio-tinymce widget_black_studio_tinymce\" data-index=\"14\" ><div class=\"textwidget\"><h2>UN\u00a0LARGE CHOIX<\/h2>\n<h3>Mettez-nous \u00e0 l'\u00e9preuve<\/h3>\n<p><strong>Chaque plongeur est diff\u00e9rent.<\/strong> Chaque plong\u00e9e est diff\u00e9rente. C'est pourquoi les derniers AP Commando et AP Wing ne sont pas juste des Gilets de qualit\u00e9. Ce sont des \u00e9quipement de s\u00e9curit\u00e9 totalement adaptables.<\/p>\n<p>Choisissez entre l'inflateur Auto-Air ou l'unique APV200 (concept unique d'inflateur\/d\u00e9tendeur d'urgence AP), ajoutez une mini-bouteille d'urgence, pr\u00e9f\u00e9rez les plombs int\u00e9gr\u00e9s ou des accessoires de rangements suppl\u00e9mentaires, adaptez votre gilet avec un kit de fixation pour bi-bouteilles, ou ajouter m\u00eame un volume de gonflage en redondance ...<\/p>\n<p>\u00a0<\/p>\n<\/div><\/div><div class=\"vgLinkDouble\"><a  class=\"vgLink darkgray\" href=\"https:\/\/apdiving.eu\/fr\/bcds\/features\/\">En savoir plus<\/a><a  class=\"vgLink yellow\" href=\"https:\/\/apdiving.com\/shop\/bcd-open-circuit.html?___store=fr_fr\">D\u00e9couvrez la boutique<\/a><\/div><\/div><\/div><!--vgRowWrapper--><\/div><\/div><div id=\"pg-396-4\"  class=\"panel-grid panel-has-style\" ><div class=\"sep panel-row-style panel-row-style-for-396-4\" ><div class=\"vgRowWrapper\"><div id=\"pgc-396-4-0\"  class=\"panel-grid-cell panel-grid-cell-empty\" ><\/div><div id=\"pgc-396-4-1\"  class=\"panel-grid-cell panel-grid-cell-mobile-last\" ><div class=\"vgLinkPoint\"><a name=\"un-heritage-br-de-la-marine\"><\/a><input type=\"hidden\" class=\"linkpointtext\" value=\"UN HERITAGE <\/br>DE LA MARINE\" \/><input type=\"hidden\" class=\"linkpointimg\" value=\"https:\/\/www.apdiving.eu\/fr\/wp-content\/uploads\/bcd-home-carousel-heritage-apdiving.jpg\" \/><\/div><div id=\"panel-396-4-1-1\" class=\"so-panel widget widget_black-studio-tinymce widget_black_studio_tinymce\" data-index=\"17\" ><div class=\"textwidget\"><h2 style=\"text-align: center;\">\u00a0LA ROYAL NAVY ET LES PLONGEURS<br \/>EN PLATEFORME PETROLIERE<br \/>UTILISENT LE GILET COMMANDO<\/h2>\n<h3 style=\"text-align: center;\">Sera-t-il assez bien pour vous\u00a0?\u00a0<\/h3>\n<\/div><\/div><div class=\"vg-image-widget\"><img decoding=\"async\" src=\"https:\/\/www.apdiving.eu\/fr\/wp-content\/uploads\/bcd-home-royal-navy-apdiving.jpg\" alt=\"\"\/><span class=\"caption\">Martin Parker AP &copy;<\/span><\/div><div id=\"panel-396-4-1-3\" class=\"so-panel widget widget_black-studio-tinymce widget_black_studio_tinymce\" data-index=\"19\" ><div class=\"textwidget\"><p>\u00a0<\/p><p><strong>Depuis plus de 40 ans, AP fourni les plongeurs sportifs et professionnels<\/strong>, les militaires, la police, les pompiers, les \u00e9quipes de Recherche&amp;Secours, les gardes c\u00f4tes et les g\u00e9ants de l'industrie p\u00e9troli\u00e8re \u2013 dans plus de 50 pays \u00e0 travers le monde.<\/p><p style=\"text-align: left;\">De grandes soci\u00e9t\u00e9s ayant des exigences\u00a0importantes nous font confiance pour leur fournir leurs \u00e9quipements sp\u00e9cialis\u00e9s. Tout cela parce qu'au c\u0153ur de nos produits - et quelque soit l'utilisateur - nous avons refus\u00e9 les compromis sur trois des aspects les plus importants en plong\u00e9e\u00a0: la s\u00e9curit\u00e9, le confort et la performance.<\/p><p style=\"text-align: left;\">\u00a0<\/p><\/div><\/div><div class=\"vgLinkDouble\"><a  class=\"vgLink darkgray\" href=\"https:\/\/apdiving.eu\/fr\/bcds\/militarycommercial\/\">En savoir plus<\/a><a  class=\"vgLink yellow\" href=\"https:\/\/apdiving.eu\/fr\/about-ap\/\">A PROPOS AP<\/a><\/div><\/div><div id=\"pgc-396-4-2\"  class=\"panel-grid-cell panel-grid-cell-empty\" ><\/div><\/div><!--vgRowWrapper--><\/div><\/div><div id=\"pg-396-5\"  class=\"panel-grid panel-has-style\" ><div class=\"sep panel-row-style panel-row-style-for-396-5\" ><div class=\"vgRowWrapper\"><div id=\"pgc-396-5-0\"  class=\"panel-grid-cell\" ><div class=\"vgLinkPoint\"><a name=\"etre-vu\"><\/a><input type=\"hidden\" class=\"linkpointtext\" value=\"ETRE VU\" \/><input type=\"hidden\" class=\"linkpointimg\" value=\"https:\/\/www.apdiving.eu\/fr\/wp-content\/uploads\/bcd-home-carousel-be-seen-apdiving.jpg\" \/><\/div><div class=\"vg_bs_nb_widget\" id=\"widget-5-0-1\"><div class=\"vg_bs_slides\"><ul><li class=\"vg_bs_slide\"><img decoding=\"async\" src=\"https:\/\/www.apdiving.eu\/fr\/wp-content\/uploads\/be-seen-carousel-smb-smbci1.jpg\" \/><\/li><li class=\"vg_bs_slide\"><img decoding=\"async\" src=\"https:\/\/www.apdiving.eu\/fr\/wp-content\/uploads\/buddy-blast-emergency-air-horn-apdiving1-478x478.jpg\" \/><\/li><li class=\"vg_bs_slide\"><img decoding=\"async\" src=\"https:\/\/www.apdiving.eu\/fr\/wp-content\/uploads\/45m-ratchet-pocket-reel-APD45-apdiving-478-1-478x478.jpg\" \/><\/li><\/ul><\/div><div class=\"clear\">&nbsp;<\/div><\/div><script type=\"text\/javascript\">\n            jQuery(document).ready(function(){\n                $slider = jQuery('#widget-5-0-1 .vg_bs_slides ul').bxSlider({\n                    useCSS: false,minSlides: 1,   maxSlides: 1,slideWidth:478, slideMargin: 0, \n                    controls: false, auto:true, pause:5000, autoStart:true, pager:false,\n                    mode: \"fade\"\n                });\n\n            });\n        <\/script><\/div><div id=\"pgc-396-5-1\"  class=\"panel-grid-cell panel-grid-cell-empty\" ><\/div><div id=\"pgc-396-5-2\"  class=\"panel-grid-cell\" ><div id=\"panel-396-5-2-0\" class=\"so-panel widget widget_black-studio-tinymce widget_black_studio_tinymce panel-first-child\" data-index=\"23\" ><div class=\"textwidget\"><h2>ETRE VU, ETRE ENTENDU ET RESTER EN CONTACT<\/h2>\n<h3>Les accessoires AP ont du sens<\/h3>\n<p><strong>AP propose une gamme d'accessoires indispensables et simples d'utilisation afin de vous\u00a0garder\u00a0en s\u00e9curit\u00e9.<\/strong> Les parachutes de paliers (SMBC) AP sont des \u00e9quipements parfaitement adapt\u00e9s pour la\u00a0 signalisation ou le rep\u00e9rage d'un plongeur en surface.\u00a0 Le parachute \u00e0 soupape AP haute-visibilit\u00e9 \u2013 souvent copi\u00e9 mais jamais \u00e9gal\u00e9 \u2013 est\u00a0facile \u00e0 gonfler sous l'eau et le reste en surface. Il se range parfaitement\u00a0dans votre poche et peut \u00eatre agit\u00e9 en surface pour attirer l'attention du bateau. Le d\u00e9vidoir super-compact APD45 Pocket Reel (200g, 8cm diam.) est la r\u00e9ponse parfaite aux probl\u00e8mes de d\u00e9vidoirs volumineux et lourds. L'avertisseur de surface (par air comprim\u00e9) BUDDY Blast Air Horn peut \u00eatre d\u00e9clench\u00e9 en cas d'urgence m\u00eame avec les doigts gourds ou avec des gants.<\/p>\n<p>&nbsp;<\/p>\n<\/div><\/div><div class=\"vgLinkDouble\"><a  class=\"vgLink darkgray\" href=\"https:\/\/apdiving.eu\/fr\/bcds\/accessories-2\">En savoir plus<\/a><a  class=\"vgLink yellow\" href=\"https:\/\/apdiving.com\/shop\/accessories.html?___store=fr_fr\">VOIR TOUTE LA GAMME<\/a><\/div><\/div><\/div><!--vgRowWrapper--><\/div><\/div><div id=\"pg-396-6\"  class=\"panel-grid panel-no-style\" ><div class=\"vgRowWrapper\"><div id=\"pgc-396-6-0\"  class=\"panel-grid-cell\" ><div class=\"vg-image-widget\"><img decoding=\"async\" src=\"https:\/\/www.apdiving.eu\/fr\/wp-content\/uploads\/bcd-home-summary-service-apdiving-300x300.jpg\" alt=\"\"\/><span class=\"caption\">Jeff Parker AP &copy;<\/span><\/div><div id=\"panel-396-6-0-1\" class=\"so-panel widget widget_black-studio-tinymce widget_black_studio_tinymce panel-last-child\" data-index=\"26\" ><div class=\"panel-widget-style panel-widget-style-for-396-6-0-1\" ><div class=\"textwidget\"><h3>ON ASSURE VOS ARRIERES<\/h3>\n<p>AP Diving, c'est l'assurance d'un service apr\u00e8s-vente illimit\u00e9 de la part de personnes qui vous comprennent parfaitement : des plongeurs tout comme vous ! En 1969, nous avons commenc\u00e9 comme une famille de plongeurs, choisissant simplement de faire le meilleur \u00e9quipement de plong\u00e9e au monde, servi par un support technique convivial, rapide et fournissant des informations pr\u00e9cises.<\/p>\n<p>Rien n'a chang\u00e9.<\/p>\n<p>\u00a0<\/p>\n<\/div><\/div><\/div><\/div><div id=\"pgc-396-6-1\"  class=\"panel-grid-cell panel-grid-cell-empty\" ><\/div><div id=\"pgc-396-6-2\"  class=\"panel-grid-cell\" ><div class=\"vg-image-widget\"><img decoding=\"async\" src=\"https:\/\/www.apdiving.eu\/fr\/wp-content\/uploads\/tested-in-depth-300x300.jpg\" alt=\"\"\/><span class=\"caption\">Jake Kimpton AP &copy;<\/span><\/div><div id=\"panel-396-6-2-1\" class=\"so-panel widget widget_black-studio-tinymce widget_black_studio_tinymce panel-last-child\" data-index=\"28\" ><div class=\"panel-widget-style panel-widget-style-for-396-6-2-1\" ><div class=\"textwidget\"><h3>TESTE EN PROFONDEUR<\/h3>\n<p>Chaque produit AP est test\u00e9 de fa\u00e7on approfondi, non seulement directement sur le terrain, dans l'oc\u00e9an; mais aussi dans le centre de test de notre d\u00e9partement R&amp;D ici, en Cornwall, Grande-Bretagne. Ces installations nous permettent de simuler les conditions les plus \u00e9prouvantes, garantissant la production d'\u00e9quipements qui r\u00e9pondent, non seulement \u00e0 nos exigences de plongeurs, mais aussi\u00a0 atteignent et d\u00e9passent les plus stricts standards CE. C'est ainsi que nous pouvons constamment innover, inventer et d\u00e9velopper de nouveaux \u00e9quipements.<\/p>\n<\/div><\/div><\/div><\/div><div id=\"pgc-396-6-3\"  class=\"panel-grid-cell panel-grid-cell-empty\" ><\/div><div id=\"pgc-396-6-4\"  class=\"panel-grid-cell\" ><div class=\"vg-image-widget\"><img decoding=\"async\" src=\"https:\/\/www.apdiving.eu\/fr\/wp-content\/uploads\/bcd-military-commercial-the-commando-today-apdiving-6-300x300.jpg\" alt=\"\"\/><\/div><div id=\"panel-396-6-4-1\" class=\"so-panel widget widget_black-studio-tinymce widget_black_studio_tinymce panel-last-child\" data-index=\"30\" ><div class=\"panel-widget-style panel-widget-style-for-396-6-4-1\" ><div class=\"textwidget\"><h3>CERTIFIE PAR DES PROS<\/h3>\n<p>Plongez l'esprit en paix. Depuis plus de 30 ans, AP Diving (pr\u00e9c\u00e9demment AP Valves) fabrique des \u00e9quipements sp\u00e9cifiques pour la Royal Navy, la police, les forces sp\u00e9ciales, les d\u00e9mineurs, les pompiers et les gardes-c\u00f4tes; mais aussi pour des grandes compagnies de r\u00e9cup\u00e9ration\/sauvetage, de transport maritime, de l'industrie du p\u00e9trole; des biologistes marins aux photographes, des r\u00e9alisateurs en exp\u00e9ditions extr\u00eames. Ils nous font tous confiance pour s'assurer que le boulot soit fait m\u00eame dans les conditions les plus difficiles.<\/p>\n<\/div><\/div><\/div><\/div><\/div><!--vgRowWrapper--><\/div><div id=\"pg-396-7\"  class=\"panel-grid panel-has-style\" ><div class=\"vgfull  panel-row-style panel-row-style-for-396-7\" ><div class=\"vgRowWrapper\"><div id=\"pgc-396-7-0\"  class=\"panel-grid-cell\" ><div class=\"vgLinkSingle\"><a  class=\"vgLink yellow\" href=\"https:\/\/apdiving.eu\/fr\/service\/\">Obtenez un<br\/>service unique<\/a><\/div><\/div><div id=\"pgc-396-7-1\"  class=\"panel-grid-cell panel-grid-cell-empty\" ><\/div><div id=\"pgc-396-7-2\"  class=\"panel-grid-cell\" ><div class=\"vgLinkSingle\"><a  class=\"vgLink yellow\" href=\"https:\/\/apdiving.eu\/fr\/about-ap\/rd-test-centre\/\">Plus d'informations<br\/>sur notre centre de R&D<\/a><\/div><\/div><div id=\"pgc-396-7-3\"  class=\"panel-grid-cell panel-grid-cell-empty\" ><\/div><div id=\"pgc-396-7-4\"  class=\"panel-grid-cell\" ><div class=\"vgLinkSingle\"><a  class=\"vgLink yellow\" href=\"https:\/\/apdiving.eu\/fr\/community\/pro-commando\/\">Voyez ce que<br\/>les plongeurs en pensent<\/a><\/div><\/div><\/div><!--vgRowWrapper--><\/div><\/div><\/div>","protected":false},"excerpt":{"rendered":"<p>VOUS VIVEZ POUR PLONGERNous vous comprenons.Chaque ann\u00e9e, nous sommes de plus en plus nombreux \u00e0 nous aventurer dans le bleu pour cette exp\u00e9rience unique que seule la plong\u00e9e peut nous apporter. Pour certains, c&#8217;est avant tout le go\u00fbt du risque, de l&#8217;endurance et de l&#8217;accomplissement personnel. Pour d&#8217;autres, il s&#8217;agit plus d&#8217;une exp\u00e9rience calme et <a href=\"https:\/\/www.apdiving.eu\/fr\/bcds\/\">[Read More &hellip;]<\/a><\/p>\n","protected":false},"author":4,"featured_media":0,"parent":0,"menu_order":0,"comment_status":"open","ping_status":"open","template":"","meta":{"footnotes":""},"class_list":["post-396","page","type-page","status-publish","hentry"],"_links":{"self":[{"href":"https:\/\/www.apdiving.eu\/fr\/wp-json\/wp\/v2\/pages\/396","targetHints":{"allow":["GET"]}}],"collection":[{"href":"https:\/\/www.apdiving.eu\/fr\/wp-json\/wp\/v2\/pages"}],"about":[{"href":"https:\/\/www.apdiving.eu\/fr\/wp-json\/wp\/v2\/types\/page"}],"author":[{"embeddable":true,"href":"https:\/\/www.apdiving.eu\/fr\/wp-json\/wp\/v2\/users\/4"}],"replies":[{"embeddable":true,"href":"https:\/\/www.apdiving.eu\/fr\/wp-json\/wp\/v2\/comments?post=396"}],"version-history":[{"count":10,"href":"https:\/\/www.apdiving.eu\/fr\/wp-json\/wp\/v2\/pages\/396\/revisions"}],"predecessor-version":[{"id":7225,"href":"https:\/\/www.apdiving.eu\/fr\/wp-json\/wp\/v2\/pages\/396\/revisions\/7225"}],"wp:attachment":[{"href":"https:\/\/www.apdiving.eu\/fr\/wp-json\/wp\/v2\/media?parent=396"}],"curies":[{"name":"wp","href":"https:\/\/api.w.org\/{rel}","templated":true}]}}