{"id":3812,"date":"2014-09-12T15:00:24","date_gmt":"2014-09-12T15:00:24","guid":{"rendered":"http:\/\/www.apdiving.com\/en\/?page_id=3812"},"modified":"2015-11-13T13:16:18","modified_gmt":"2015-11-13T13:16:18","slug":"3m-smbci","status":"publish","type":"page","link":"https:\/\/www.apdiving.eu\/fr\/3m-smbci\/","title":{"rendered":"3M SMBCi"},"content":{"rendered":"<div id=\"pl-3812\"  class=\"panel-layout\" ><div id=\"pg-3812-0\"  class=\"panel-grid panel-has-style\" ><div class=\"vgfull  panel-row-style panel-row-style-for-3812-0\" ><div class=\"vgRowWrapper\"><div id=\"pgc-3812-0-0\"  class=\"panel-grid-cell\" ><div id=\"panel-3812-0-0-0\" class=\"so-panel widget widget_black-studio-tinymce widget_black_studio_tinymce panel-first-child panel-last-child\" data-index=\"0\" ><div class=\"textwidget\"><h2 style=\"text-align: center;\">\u00a0<\/h2>\n<h2 style=\"text-align: center;\">ETRE VU, ETRE EN SECURITE<\/h2>\n<h3 style=\"text-align: center;\">Haute visibilit\u00e9 en pleine mer<\/h3>\n<\/div><\/div><\/div><\/div><!--vgRowWrapper--><\/div><\/div><div id=\"pg-3812-1\"  class=\"panel-grid panel-has-style\" ><div class=\"vgfull  panel-row-style panel-row-style-for-3812-1\" ><div class=\"vgRowWrapper\"><div id=\"pgc-3812-1-0\"  class=\"panel-grid-cell\" ><div id=\"panel-3812-1-0-0\" class=\"so-panel widget widget_black-studio-tinymce widget_black_studio_tinymce panel-first-child panel-last-child\" data-index=\"1\" ><div class=\"textwidget\"><p><em>Le saviez-vous\u00a0?<\/em> AP a invent\u00e9,\u00a0il y a 20 ans,\u00a0le concept du\u00a0Parachute de Palier auto-obturant. Largement copi\u00e9 depuis (mais jamais \u00e9gal\u00e9), l'original reste le meilleur. Les plongeurs confirm\u00e9s pr\u00e9f\u00e8rent le Parachute de Palier AP.<\/p><p>Le Parachute de Palier extra long, auto-obturant avec raccord d'inflateur Easifil mesure plus du double de la taille du parachute de palier standard et est con\u00e7u pour assurer une visibilit\u00e9 maximale, m\u00eame en conditions difficiles.<\/p><p>Il est pourvu d'\u00e9quipement AP test\u00e9s et approuv\u00e9s tels que des mat\u00e9riaux soud\u00e9s \u00e0 haute-fr\u00e9quence, le raccord d'inflateur sans bague de verrouillage Easifil pour un gonflage rapide en utilisant le flexible du gilet ou de la combinaison \u00e9tanche, ainsi que du\u00a0syst\u00e8me d'auto-fermeture \u00e9tanche pour maintenir le parachute gonfl\u00e9. Ce syst\u00e8me d'auto-obturation \u00e9tanche par bec de canard permet non seulement d'\u00e9viter le d\u00e9gonflage du parachute en surface mais aussi permet de le garder\u00a0parfaitement gonfl\u00e9 et visible pour le prendre en main et l'agiter en cas de mauvaise mer. Il est fourni avec une longueur de sangle suppl\u00e9mentaire permettant de tirer efficacement sur le parachute pour le maintenir vertical dans l'eau.<\/p><p>Le Parachute de Palier de 3m AP apporte une visibilit\u00e9 exceptionnelle en pleine mer.<\/p><p>\u00a0<\/p><\/div><\/div><\/div><div id=\"pgc-3812-1-1\"  class=\"panel-grid-cell panel-grid-cell-empty\" ><\/div><div id=\"pgc-3812-1-2\"  class=\"panel-grid-cell\" ><div class=\"vg_bs_nb_widget\" id=\"widget-1-2-0\"><div class=\"vg_bs_slides\"><ul><li class=\"vg_bs_slide\"><img decoding=\"async\" src=\"https:\/\/www.apdiving.eu\/fr\/wp-content\/uploads\/smb-3m-red-sea2-apdiving-478x478.jpg\" \/><\/li><li class=\"vg_bs_slide\"><img decoding=\"async\" src=\"https:\/\/www.apdiving.eu\/fr\/wp-content\/uploads\/3m-smb-fin-in-loop-apdiving-478x478.jpg\" \/><\/li><li class=\"vg_bs_slide\"><img decoding=\"async\" src=\"https:\/\/www.apdiving.eu\/fr\/wp-content\/uploads\/3m-smb-insitu2-apdiving-478x478.jpg\" \/><\/li><li class=\"vg_bs_slide\"><img decoding=\"async\" src=\"https:\/\/www.apdiving.eu\/fr\/wp-content\/uploads\/3m-smb-in-situ-apdiving-478x478.jpg\" \/><\/li><li class=\"vg_bs_slide\"><img decoding=\"async\" src=\"https:\/\/www.apdiving.eu\/fr\/wp-content\/uploads\/3m-smb-insitu3-apdiving-478x478.jpg\" \/><\/li><\/ul><\/div><div class=\"clear\">&nbsp;<\/div><\/div><script type=\"text\/javascript\">\n            jQuery(document).ready(function(){\n                $slider = jQuery('#widget-1-2-0 .vg_bs_slides ul').bxSlider({\n                    useCSS: false,minSlides: 1,   maxSlides: 1,slideWidth:478, slideMargin: 0, \n                    controls: false, auto:true, pause:5000, autoStart:true, pager:false,\n                    mode: \"fade\"\n                });\n\n            });\n        <\/script><\/div><\/div><!--vgRowWrapper--><\/div><\/div><div id=\"pg-3812-2\"  class=\"panel-grid panel-has-style\" ><div class=\"vgfull vg-shadow vg-spacing panel-row-style panel-row-style-for-3812-2\" ><div class=\"vgRowWrapper\"><div id=\"pgc-3812-2-0\"  class=\"panel-grid-cell panel-grid-cell-empty\" ><\/div><div id=\"pgc-3812-2-1\"  class=\"panel-grid-cell panel-grid-cell-mobile-last\" ><div class=\"vgLinkSingle\"><a  class=\"vgLink yellow\" href=\"https:\/\/apdiving.com\/shop\/ap-3m-self-sealing-smb-with-easifil.html?___store=fr_fr\">ACHETEZ MAINTENANT<\/a><\/div><\/div><div id=\"pgc-3812-2-2\"  class=\"panel-grid-cell panel-grid-cell-empty\" ><\/div><\/div><!--vgRowWrapper--><\/div><\/div><div id=\"pg-3812-3\"  class=\"panel-grid panel-has-style\" ><div class=\"vgfull  panel-row-style panel-row-style-for-3812-3\" ><div class=\"vgRowWrapper\"><div id=\"pgc-3812-3-0\"  class=\"panel-grid-cell\" ><div id=\"panel-3812-3-0-0\" class=\"so-panel widget widget_black-studio-tinymce widget_black_studio_tinymce panel-first-child panel-last-child\" data-index=\"4\" ><div class=\"textwidget\"><h2 style=\"text-align: center;\">\u00a0<\/h2>\n<h2 style=\"text-align: center;\">\u00a0<\/h2>\n<h2 style=\"text-align: center;\">LE PARACHUTE DE PALIER DE 3m AP<\/h2>\n<h3 style=\"text-align: center;\">Avec raccord d'inflateur rapide Easifil et zone de fixation pour lampe \u00e0 \u00e9clat ou baton lumineux type Cyalume\u00ae<\/h3>\n<\/div><\/div><\/div><\/div><!--vgRowWrapper--><\/div><\/div><div id=\"pg-3812-4\"  class=\"panel-grid panel-has-style\" ><div class=\"vgfull vg-spacing panel-row-style panel-row-style-for-3812-4\" ><div class=\"vgRowWrapper\"><div id=\"pgc-3812-4-0\"  class=\"panel-grid-cell\" ><div class=\"vg_bs_nb_widget\" id=\"widget-4-0-0\"><div class=\"vg_bs_slides\"><ul><li class=\"vg_bs_slide\"><img decoding=\"async\" src=\"https:\/\/www.apdiving.eu\/fr\/wp-content\/uploads\/smb-3m-surface-marker-buoy-strobe-attachment-point-close-up-apdiving-478x478.jpg\" \/><\/li><li class=\"vg_bs_slide\"><img decoding=\"async\" src=\"https:\/\/www.apdiving.eu\/fr\/wp-content\/uploads\/smb-3m-surface-marker-buoy-light-stick-pocket-close-up-apdiving-478x478.jpg\" \/><\/li><li class=\"vg_bs_slide\"><img decoding=\"async\" src=\"https:\/\/www.apdiving.eu\/fr\/wp-content\/uploads\/smb-3m-surface-marker-buoy-easifil-close-up-apdiving-478x478.jpg\" \/><\/li><li class=\"vg_bs_slide\"><img decoding=\"async\" src=\"https:\/\/www.apdiving.eu\/fr\/wp-content\/uploads\/smb-3m-surface-marker-buoy-close-up-adjustable-loop-apdiving-478x478.jpg\" \/><\/li><li class=\"vg_bs_slide\"><img decoding=\"async\" src=\"https:\/\/www.apdiving.eu\/fr\/wp-content\/uploads\/smb-3m-surface-marker-buoy-with-easifil-rolled-apdiving-478x478.jpg\" \/><\/li><li class=\"vg_bs_slide\"><img decoding=\"async\" src=\"https:\/\/www.apdiving.eu\/fr\/wp-content\/uploads\/3m-smb-478-apdiving.jpg\" \/><\/li><\/ul><\/div><div class=\"clear\">&nbsp;<\/div><\/div><script type=\"text\/javascript\">\n            jQuery(document).ready(function(){\n                $slider = jQuery('#widget-4-0-0 .vg_bs_slides ul').bxSlider({\n                    useCSS: false,minSlides: 1,   maxSlides: 1,slideWidth:478, slideMargin: 0, \n                    controls: false, auto:true, pause:5000, autoStart:true, pager:false,\n                    mode: \"fade\"\n                });\n\n            });\n        <\/script><\/div><div id=\"pgc-3812-4-1\"  class=\"panel-grid-cell panel-grid-cell-empty\" ><\/div><div id=\"pgc-3812-4-2\"  class=\"panel-grid-cell\" ><div id=\"panel-3812-4-2-0\" class=\"so-panel widget widget_black-studio-tinymce widget_black_studio_tinymce panel-first-child\" data-index=\"6\" ><div class=\"textwidget\"><h4 class=\"null\">Rapide aper\u00e7u des \u00e9quipements ...<\/h4>\n<ul>\n<li><strong>Plus du double de la longueur<\/strong> d'un parachute de pamier classique<\/li>\n<li><strong>Syst\u00e8me auto-obturateur original AP<\/strong>, test\u00e9 &amp; approuv\u00e9. Reste totalement \u00e9tanche une fois gonfl\u00e9.<\/li>\n<li><strong>D\u00e9ploiement et gonflage rapide<\/strong>. Rangement par sangle et velcro. Gonflage par raccord Easifil.<\/li>\n<li><strong>Raccord d'inflateur Easifil<\/strong>, permet d\u2019utiliser un flexible de gilet ou de combinaison \u00e9tanche.<\/li>\n<li><strong>Peut aussi<\/strong> \u00eatre gonfl\u00e9 classiquement, par en dessous, avec un deuxi\u00e8me \u00e9tage de d\u00e9tendeur.<\/li>\n<li><strong>Mousqueton g\u00e2chette en laiton<\/strong>, s'enroule facilement avec le parachute pour un rangement compact.<\/li>\n<li><strong>Pochette de fixation pour baton lumineux<\/strong> (type Cyalume\u00ae) en haut du parachute.<\/li>\n<li><strong>Point de fixation par velcro<\/strong> pour une lampe \u00e0 \u00e9clat, en haut du parachute.<\/li>\n<li><strong>Large ouverture en bas du parachute<\/strong> \u2013 jusqu'\u00e0 70cm \u2013 permettant de garder celui-ci bien vertical en surface, en y ins\u00e9rant une palme par exemple.<\/li>\n<li><strong>\u0152illet en haut de parachute<\/strong> pour fixer une ardoise, une plaque d\u2019identit\u00e9, un miroir ou un bout de r\u00e9cup\u00e9ration.<\/li>\n<\/ul>\n<p>\u00a0<\/p>\n<\/div><\/div><div class=\"vgLinkSingle\"><a  class=\"vgLink yellow\" href=\"https:\/\/apdiving.com\/shop\/ap-3m-self-sealing-smb-with-easifil.html?___store=fr_fr\t\">ACHETEZ MAINTENANT<\/a><\/div><\/div><\/div><!--vgRowWrapper--><\/div><\/div><div id=\"pg-3812-5\"  class=\"panel-grid panel-has-style\" ><div class=\"vgfull  panel-row-style panel-row-style-for-3812-5\" ><div class=\"vgRowWrapper\"><div id=\"pgc-3812-5-0\"  class=\"panel-grid-cell panel-grid-cell-mobile-last\" ><div id=\"panel-3812-5-0-0\" class=\"so-panel widget widget_black-studio-tinymce widget_black_studio_tinymce panel-first-child panel-last-child\" data-index=\"8\" ><div class=\"textwidget\"><p>\u00a0<\/p><p>Dimensions d\u00e9ploy\u00e9 : 3m L x 20cm \u2028l<\/p><p>Dimensions repli\u00e9 : 28cm L x 9cm l<\/p><p>Volume: 32 litres\u2028<\/p><p>Poids : 0,67 kg<\/p><p>Actuellement disponible en rouge haute visibilit\u00e9.<\/p><p>\u00a0<\/p><\/div><\/div><\/div><div id=\"pgc-3812-5-1\"  class=\"panel-grid-cell panel-grid-cell-empty\" ><\/div><\/div><!--vgRowWrapper--><\/div><\/div><\/div>","protected":false},"excerpt":{"rendered":"<p>\u00a0ETRE VU, ETRE EN SECURITEHaute visibilit\u00e9 en pleine mer Le saviez-vous\u00a0? AP a invent\u00e9,\u00a0il y a 20 ans,\u00a0le concept du\u00a0Parachute de Palier auto-obturant. Largement copi\u00e9 depuis (mais jamais \u00e9gal\u00e9), l&#8217;original reste le meilleur. Les plongeurs confirm\u00e9s pr\u00e9f\u00e8rent le Parachute de Palier AP.Le Parachute de Palier extra long, auto-obturant avec raccord d&#8217;inflateur Easifil mesure plus du <a href=\"https:\/\/www.apdiving.eu\/fr\/3m-smbci\/\">[Read More &hellip;]<\/a><\/p>\n","protected":false},"author":4,"featured_media":0,"parent":0,"menu_order":0,"comment_status":"open","ping_status":"open","template":"","meta":{"footnotes":""},"class_list":["post-3812","page","type-page","status-publish","hentry"],"_links":{"self":[{"href":"https:\/\/www.apdiving.eu\/fr\/wp-json\/wp\/v2\/pages\/3812","targetHints":{"allow":["GET"]}}],"collection":[{"href":"https:\/\/www.apdiving.eu\/fr\/wp-json\/wp\/v2\/pages"}],"about":[{"href":"https:\/\/www.apdiving.eu\/fr\/wp-json\/wp\/v2\/types\/page"}],"author":[{"embeddable":true,"href":"https:\/\/www.apdiving.eu\/fr\/wp-json\/wp\/v2\/users\/4"}],"replies":[{"embeddable":true,"href":"https:\/\/www.apdiving.eu\/fr\/wp-json\/wp\/v2\/comments?post=3812"}],"version-history":[{"count":15,"href":"https:\/\/www.apdiving.eu\/fr\/wp-json\/wp\/v2\/pages\/3812\/revisions"}],"predecessor-version":[{"id":6001,"href":"https:\/\/www.apdiving.eu\/fr\/wp-json\/wp\/v2\/pages\/3812\/revisions\/6001"}],"wp:attachment":[{"href":"https:\/\/www.apdiving.eu\/fr\/wp-json\/wp\/v2\/media?parent=3812"}],"curies":[{"name":"wp","href":"https:\/\/api.w.org\/{rel}","templated":true}]}}