{"id":3739,"date":"2014-09-08T11:53:07","date_gmt":"2014-09-08T11:53:07","guid":{"rendered":"http:\/\/www.apdiving.com\/en\/?page_id=3739"},"modified":"2020-07-31T07:50:38","modified_gmt":"2020-07-31T07:50:38","slug":"hus-head-up-screen","status":"publish","type":"page","link":"https:\/\/www.apdiving.eu\/fr\/rebreathers\/hus-head-up-screen\/","title":{"rendered":"HUS | Head-up-screen"},"content":{"rendered":"<div id=\"pl-3739\"  class=\"panel-layout\" ><div id=\"pg-3739-0\"  class=\"panel-grid panel-has-style\" ><div class=\"vgfull  panel-row-style panel-row-style-for-3739-0\" ><div class=\"vgRowWrapper\"><div id=\"pgc-3739-0-0\"  class=\"panel-grid-cell\" ><div id=\"panel-3739-0-0-0\" class=\"so-panel widget widget_black-studio-tinymce widget_black_studio_tinymce panel-first-child panel-last-child\" data-index=\"0\" ><div class=\"textwidget\"><h2 style=\"text-align: center;\">\u00a0Le HUS AP<\/h2>\n<h2 style=\"text-align: center;\">Ecran T\u00eate Haute<\/h2>\n<h3 style=\"text-align: center;\">Informations en temps r\u00e9el sur le fonctionnement du recycleur<br \/> et les d\u00e9tails de la d\u00e9compression, d'un seul coup d\u2019\u0153il<\/h3>\n<\/div><\/div><\/div><\/div><!--vgRowWrapper--><\/div><\/div><div id=\"pg-3739-1\"  class=\"panel-grid panel-has-style\" ><div class=\"sep panel-row-style panel-row-style-for-3739-1\" ><div class=\"vgRowWrapper\"><div id=\"pgc-3739-1-0\"  class=\"panel-grid-cell\" ><div class=\"vg-image-widget\"><img decoding=\"async\" src=\"https:\/\/www.apdiving.eu\/fr\/wp-content\/uploads\/hus-focal-render.jpg\" alt=\"\"\/><\/div><\/div><div id=\"pgc-3739-1-1\"  class=\"panel-grid-cell panel-grid-cell-empty\" ><\/div><div id=\"pgc-3739-1-2\"  class=\"panel-grid-cell\" ><div id=\"panel-3739-1-2-0\" class=\"so-panel widget widget_black-studio-tinymce widget_black_studio_tinymce panel-first-child panel-last-child\" data-index=\"2\" ><div class=\"textwidget\"><h3>En Bref ...<\/h3>\n<ul>\n<li><strong>Informations sur l'\u00e9tat du Recycleur<\/strong> dans le champ de vision tout au long de la plong\u00e9e<\/li>\n<li><strong>Affichage couleur OLED Vivid<\/strong> \u2013 apportant une excellente lisibilit\u00e9 m\u00eame en condition de faible visibilit\u00e9<\/li>\n<li><strong>Informations sur la plong\u00e9e, affich\u00e9es en temps r\u00e9el<\/strong> \u2013 directement devant les yeux du plongeur<\/li>\n<li><strong>Image agrandie affich\u00e9e<\/strong> directement face au plongeur pour une clart\u00e9 de vision exceptionnelle<\/li>\n<li><strong>Colorim\u00e9trie conditionnelle<\/strong> des graphiques et textes pour une lecture intuitive des changements d'\u00e9tat\u00a0: Vert = bon, Jaune = alerte, Rouge = alarme<\/li>\n<li><strong>Nouveau mode<\/strong> d'affichage graphique des Vitesse de Remont\u00e9e et des Plafonds de Palier<\/li>\n<li><strong>Support de fixation<\/strong> Ultra-r\u00e9glable pour un ajustement pr\u00e9cis de la position selon vos pr\u00e9f\u00e9rences<\/li>\n<li><strong>Faible consommation<\/strong> \u2013 fournie par la double alimentation \u00e9lectrique du recycleur<\/li>\n<li><strong>Mise \u00e0 jour disponible<\/strong> pour tous les Recycleurs AP avec Electronique Vision<\/li>\n<li><strong>Id\u00e9al pour<\/strong> les photographes, vid\u00e9astes ou toute activit\u00e9 n\u00e9cessitant un contr\u00f4le des informations \u00ab\u00a0mains-libres\u00a0\u00bb<\/li>\n<li><strong>Certifi\u00e9 CE<\/strong><\/li>\n<\/ul>\n<\/div><\/div><\/div><\/div><!--vgRowWrapper--><\/div><\/div><div id=\"pg-3739-2\"  class=\"panel-grid panel-no-style\" ><div class=\"vgRowWrapper\"><div id=\"pgc-3739-2-0\"  class=\"panel-grid-cell\" ><div id=\"panel-3739-2-0-0\" class=\"so-panel widget widget_black-studio-tinymce widget_black_studio_tinymce panel-first-child panel-last-child\" data-index=\"3\" ><div class=\"textwidget\"><h2 style=\"text-align: center;\">Le HUS AP<\/h2>\n<h2 style=\"text-align: center;\">Ecran T\u00eate Haute<\/h2>\n<p style=\"text-align: center;\">\u00a0<\/p>\n<h3 style=\"text-align: center;\">Proche des yeux, affichage secondaire mains libres \u2013 disponible en tant qu'option pour un recycleur d\u00e9j\u00e0 en circulation ou sur un appareil neuf.<\/h3>\n<\/div><\/div><\/div><\/div><!--vgRowWrapper--><\/div><div id=\"pg-3739-3\"  class=\"panel-grid panel-has-style\" ><div class=\"sep panel-row-style panel-row-style-for-3739-3\" ><div class=\"vgRowWrapper\"><div id=\"pgc-3739-3-0\"  class=\"panel-grid-cell\" ><div id=\"panel-3739-3-0-0\" class=\"so-panel widget widget_black-studio-tinymce widget_black_studio_tinymce panel-first-child panel-last-child\" data-index=\"4\" ><div class=\"textwidget\"><p>\u00a0<\/p><p>Le HUS AP ou Ecran T\u00eate Haute, est un affichage secondaire mains libres, proche des yeux, affichant les informations de la plong\u00e9e et du recycleur directement depuis les contr\u00f4leurs oxyg\u00e8ne.<\/p><p>L'\u00e9cran couleur permet l'affichage de toutes les informations clefs du recycleur avec les avantages d'une colorim\u00e9trie conditionnelle permettant une lecture intuitive de l'\u00e9tat de fonctionnement du recycleur.<\/p><p>Il est fix\u00e9 sur l'embout du recycleur avec un support ultra-r\u00e9glable permettant un positionnement optimal de l'appareil pour une vision parfaite des informations du recycleur sans compromettre la vue de l'environnement ext\u00e9rieur.<\/p><p>Le HUS est fourni pr\u00e9-assembl\u00e9 en usine sur l'\u00e9lectronique du recycleur. Il est c\u00e2bl\u00e9 aux contr\u00f4leurs via une nouvelle version du buzzer.<\/p><p>Le HUS a \u00e9t\u00e9 sp\u00e9cialement d\u00e9velopp\u00e9 pour \u00e9quiper la gamme des recycleurs AP Diving avec \u00e9lectronique Vision et est disponible en tant que mise \u00e0 niveau sur un appareil d\u00e9j\u00e0 en circulation ou bien en tant qu'option sur un recycleur AP neuf.<\/p><\/div><\/div><\/div><div id=\"pgc-3739-3-1\"  class=\"panel-grid-cell panel-grid-cell-empty\" ><\/div><div id=\"pgc-3739-3-2\"  class=\"panel-grid-cell\" ><div class=\"vg_bs_nb_widget\" id=\"widget-3-2-0\"><div class=\"vg_bs_slides\"><ul><li class=\"vg_bs_slide\"><img decoding=\"async\" src=\"https:\/\/www.apdiving.eu\/fr\/wp-content\/uploads\/hus-front-478.jpg\" \/><\/li><li class=\"vg_bs_slide\"><img decoding=\"async\" src=\"https:\/\/www.apdiving.eu\/fr\/wp-content\/uploads\/hus-side-478.jpg\" \/><\/li><li class=\"vg_bs_slide\"><img decoding=\"async\" src=\"https:\/\/www.apdiving.eu\/fr\/wp-content\/uploads\/HUS-heads-up-screen-articulated-mounting-arm-478-apdiving.jpg\" \/><\/li><li class=\"vg_bs_slide\"><img decoding=\"async\" src=\"https:\/\/www.apdiving.eu\/fr\/wp-content\/uploads\/HUS-heads-up-screen-buzzer-connection-478-apdiving.jpg\" \/><\/li><li class=\"vg_bs_slide\"><img decoding=\"async\" src=\"https:\/\/www.apdiving.eu\/fr\/wp-content\/uploads\/hus-rear-478.jpg\" \/><\/li><li class=\"vg_bs_slide\"><img decoding=\"async\" src=\"https:\/\/www.apdiving.eu\/fr\/wp-content\/uploads\/hus-on-location-apdiving.jpg\" \/><\/li><li class=\"vg_bs_slide\"><img decoding=\"async\" src=\"https:\/\/www.apdiving.eu\/fr\/wp-content\/uploads\/hus-insitu-apdiving.jpg\" \/><\/li><li class=\"vg_bs_slide\"><img decoding=\"async\" src=\"https:\/\/www.apdiving.eu\/fr\/wp-content\/uploads\/hus-insitu-copyright-mike-theredge-apdiving.jpg\" \/><\/li><\/ul><\/div><div class=\"clear\">&nbsp;<\/div><\/div><script type=\"text\/javascript\">\n            jQuery(document).ready(function(){\n                $slider = jQuery('#widget-3-2-0 .vg_bs_slides ul').bxSlider({\n                    useCSS: false,minSlides: 1,   maxSlides: 1,slideWidth:478, slideMargin: 0, \n                    controls: false, auto:true, pause:5000, autoStart:true, pager:false,\n                    mode: \"fade\"\n                });\n\n            });\n        <\/script><\/div><\/div><!--vgRowWrapper--><\/div><\/div><div id=\"pg-3739-4\"  class=\"panel-grid panel-has-style\" ><div class=\"sep panel-row-style panel-row-style-for-3739-4\" ><div class=\"vgRowWrapper\"><div id=\"pgc-3739-4-0\"  class=\"panel-grid-cell\" ><div id=\"panel-3739-4-0-0\" class=\"so-panel widget widget_black-studio-tinymce widget_black_studio_tinymce panel-first-child\" data-index=\"6\" ><div class=\"textwidget\"><h2 style=\"text-align: center;\">L'affichage AP - HUS<\/h2>\n<h3 style=\"text-align: center;\">Colorim\u00e9trie conditionnelle du texte et des graphiques pour permettre une lecture claire et intuitive des informations du recycleur, ainsi que des diff\u00e9rentes alertes et alarmes.<\/h3>\n<\/div><\/div><div class=\"vg_bs_widget\" id=\"widget-4-0-1\"><div class=\"vg_bs_content\"><h2><\/h2><ul class=\"vg_bs_bullets\"><li>Apr\u00e8s un \u00e9talonnage r\u00e9ussi, le HUS affichera <\/br>le mode \u00ab Surface \u00bb<\/li><li>En mode \u00ab Plong\u00e9e \u00bb, des graphiques et textes en blanc et vert indiquent des informations de fonctionnement \u00ab dans les limites requises \u00bb<\/li><li>En cas de palier, des alertes telles que <\/br>\u00ab Dur\u00e9e Totale de Remont\u00e9e \u00bb (DTR) et <\/br>\u00ab Plafond du Palier \u00bb sont affich\u00e9es en jaune<\/li><li>Si le palier est interrompu durant plus d'une minute (remont\u00e9e involontaire), \u00abl'Heure de Sortie Estim\u00e9e\u00bb <\/br>et \u00ab Plafond de Palier \u00bb sont affich\u00e9s en rouge<\/li><li>Une colorim\u00e9trie conditionnelle fournie des lectures d'alarmes sans ambigu\u00eft\u00e9, dans la couleur rouge<\/li><li>Le HUS affiche aussi quel contr\u00f4leur ou quelle <\/br>batterie est source de l'alerte ou de l'alarme<\/li><\/ul><\/div><div class=\"vg_bs_slides\"><ul><li class=\"vg_bs_slide\"><img decoding=\"async\" src=\"https:\/\/www.apdiving.eu\/fr\/wp-content\/uploads\/surfacemode-fr.jpg\" \/><\/li><li class=\"vg_bs_slide\"><img decoding=\"async\" src=\"https:\/\/www.apdiving.eu\/fr\/wp-content\/uploads\/divemode-1-fr.jpg\" \/><\/li><li class=\"vg_bs_slide\"><img decoding=\"async\" src=\"https:\/\/www.apdiving.eu\/fr\/wp-content\/uploads\/divemode-2-fr.jpg\" \/><\/li><li class=\"vg_bs_slide\"><img decoding=\"async\" src=\"https:\/\/www.apdiving.eu\/fr\/wp-content\/uploads\/divemode-3-fr.jpg\" \/><\/li><li class=\"vg_bs_slide\"><img decoding=\"async\" src=\"https:\/\/www.apdiving.eu\/fr\/wp-content\/uploads\/warnings-1-FR.jpg\" \/><\/li><li class=\"vg_bs_slide\"><img decoding=\"async\" src=\"https:\/\/www.apdiving.eu\/fr\/wp-content\/uploads\/warnings-2-FR.jpg\" \/><\/li><\/ul><\/div><div class=\"clear\">&nbsp;<\/div><\/div><script type=\"text\/javascript\">\n            jQuery(document).ready(function(){\n                                $slider1 = jQuery('#widget-4-0-1 .vg_bs_slides ul').bxSlider({\n                    useCSS: false, minSlides: 1,   maxSlides: 1,slideWidth:478, slideMargin: 0, \n                    controls: false, auto:true, pause:5000, autoStart:true, pager:false,\n                    mode: \"fade\",\n                    onSlideBefore: function($slideElement, oldIndex, newIndex) {\n                        $bullets = $slideElement.closest(\".vg_bs_widget\").find(\".vg_bs_content ul\");\n                        $bullets.children(\"li\").removeClass(\"active\");\n                        $bullets.find(\"li:nth-child(\" + (newIndex +1 ) + \")\").addClass(\"active\");\n                    }\n                });\n                jQuery('#widget-4-0-1 .vg_bs_content ul li').click(function(e){\n                    $slider1.stopAuto();\n                    $slider1.goToSlide(jQuery(this).index());\n                    $slider1.startAuto();\n                });\n            });\n        <\/script><\/div><\/div><!--vgRowWrapper--><\/div><\/div><div id=\"pg-3739-5\"  class=\"panel-grid panel-has-style\" ><div class=\"sep panel-row-style panel-row-style-for-3739-5\" ><div class=\"vgRowWrapper\"><div id=\"pgc-3739-5-0\"  class=\"panel-grid-cell\" ><div id=\"panel-3739-5-0-0\" class=\"so-panel widget widget_black-studio-tinymce widget_black_studio_tinymce panel-first-child\" data-index=\"8\" ><div class=\"textwidget\"><h2 style=\"text-align: center;\">Plafond de Palier et Vitesse de Remont\u00e9e<\/h2>\n<h3 style=\"text-align: center;\">Nouvel affichage graphique par colorim\u00e9trie conditionnelle<\/h3>\n<\/div><\/div><div class=\"vg_bs_widget\" id=\"widget-5-0-1\"><div class=\"vg_bs_content\"><h2><\/h2><ul class=\"vg_bs_bullets\"><li>Le graphique Vert sur la gauche indique le Plafond <\/br>de Palier en fonction de la Profondeur Courante<\/li><li>Une fois la profondeur du palier atteinte, <\/br>lorsqu'il n'y a plus de palier \u00e0 effectuer, <\/br>le graphique vert passe en gris<\/li><li>En cas de rupture de palier, l'alarme <\/br>\u00ab DESCENDRE \u00bb est affich\u00e9e<\/li><li>La Profondeur de Palier passe en Rouge si le palier reste interrompu et l'Heure Estim\u00e9e de Sortie est affich\u00e9e<\/li><li>Le graphique Vert sur la droite indique que la <\/br>vitesse de remont\u00e9e est dans les limite tol\u00e9r\u00e9es<\/li><li>Le graphique passe en Jaune pour avertir en cas de vitesse l\u00e9g\u00e8rement trop rapide<\/li><li>Le graphique passe en Rouge pour vous avertir en <\/br>cas de remont\u00e9e trop rapide et le texte d'alerte habituel est affich\u00e9<\/li><\/ul><\/div><div class=\"vg_bs_slides\"><ul><li class=\"vg_bs_slide\"><img decoding=\"async\" src=\"https:\/\/www.apdiving.eu\/fr\/wp-content\/uploads\/ceiling-height-1-fr.jpg\" \/><\/li><li class=\"vg_bs_slide\"><img decoding=\"async\" src=\"https:\/\/www.apdiving.eu\/fr\/wp-content\/uploads\/ceiling-height-2-fr.jpg\" \/><\/li><li class=\"vg_bs_slide\"><img decoding=\"async\" src=\"https:\/\/www.apdiving.eu\/fr\/wp-content\/uploads\/ceiling-height-3-fr.jpg\" \/><\/li><li class=\"vg_bs_slide\"><img decoding=\"async\" src=\"https:\/\/www.apdiving.eu\/fr\/wp-content\/uploads\/ceiling-height-4-fr.jpg\" \/><\/li><li class=\"vg_bs_slide\"><img decoding=\"async\" src=\"https:\/\/www.apdiving.eu\/fr\/wp-content\/uploads\/ascent-rate-1-fr.jpg\" \/><\/li><li class=\"vg_bs_slide\"><img decoding=\"async\" src=\"https:\/\/www.apdiving.eu\/fr\/wp-content\/uploads\/ascent-rate-2-fr.jpg\" \/><\/li><li class=\"vg_bs_slide\"><img decoding=\"async\" src=\"https:\/\/www.apdiving.eu\/fr\/wp-content\/uploads\/ascent-rate-3-fr.jpg\" \/><\/li><\/ul><\/div><div class=\"clear\">&nbsp;<\/div><\/div><script type=\"text\/javascript\">\n            jQuery(document).ready(function(){\n                                $slider2 = jQuery('#widget-5-0-1 .vg_bs_slides ul').bxSlider({\n                    useCSS: false, minSlides: 1,   maxSlides: 1,slideWidth:478, slideMargin: 0, \n                    controls: false, auto:true, pause:5000, autoStart:true, pager:false,\n                    mode: \"fade\",\n                    onSlideBefore: function($slideElement, oldIndex, newIndex) {\n                        $bullets = $slideElement.closest(\".vg_bs_widget\").find(\".vg_bs_content ul\");\n                        $bullets.children(\"li\").removeClass(\"active\");\n                        $bullets.find(\"li:nth-child(\" + (newIndex +1 ) + \")\").addClass(\"active\");\n                    }\n                });\n                jQuery('#widget-5-0-1 .vg_bs_content ul li').click(function(e){\n                    $slider2.stopAuto();\n                    $slider2.goToSlide(jQuery(this).index());\n                    $slider2.startAuto();\n                });\n            });\n        <\/script><\/div><\/div><!--vgRowWrapper--><\/div><\/div><div id=\"pg-3739-6\"  class=\"panel-grid panel-no-style\" ><div class=\"vgRowWrapper\"><div id=\"pgc-3739-6-0\"  class=\"panel-grid-cell\" ><div id=\"panel-3739-6-0-0\" class=\"so-panel widget widget_black-studio-tinymce widget_black_studio_tinymce panel-first-child panel-last-child\" data-index=\"10\" ><div class=\"textwidget\"><h2 style=\"text-align: center;\">\u00a0<\/h2>\n<h2 style=\"text-align: center;\">Voir la vid\u00e9o<\/h2>\n<h3 style=\"text-align: center;\">Visite virtuelle du HUS AP (Ecran T\u00eate Haute)<\/h3>\n<\/div><\/div><\/div><\/div><!--vgRowWrapper--><\/div><div id=\"pg-3739-7\"  class=\"panel-grid panel-has-style\" ><div class=\"vgfull  panel-row-style panel-row-style-for-3739-7\" ><div class=\"vgRowWrapper\"><div id=\"pgc-3739-7-0\"  class=\"panel-grid-cell\" ><div class=\"vg_vg_single_widget\"><iframe loading=\"lazy\" id=\"ytplayer\" type=\"text\/html\" width=\"970\" height=\"546\" src=\"https:\/\/www.youtube.com\/embed\/Idmk2MnpYEg?autoplay=0&autohide=1&modestbranding=1&rel=0&showinfo=0&theme=light\" frameborder=\"0\" ><\/iframe><\/div><div id=\"panel-3739-7-0-1\" class=\"so-panel widget widget_black-studio-tinymce widget_black_studio_tinymce panel-last-child\" data-index=\"12\" ><div class=\"textwidget\"><p>\u00a0<\/p><p>\u00a0<\/p><\/div><\/div><\/div><\/div><!--vgRowWrapper--><\/div><\/div><\/div>","protected":false},"excerpt":{"rendered":"<p>\u00a0Le HUS APEcran T\u00eate HauteInformations en temps r\u00e9el sur le fonctionnement du recycleur et les d\u00e9tails de la d\u00e9compression, d&#8217;un seul coup d\u2019\u0153il En Bref &#8230;Informations sur l&#8217;\u00e9tat du Recycleur dans le champ de vision tout au long de la plong\u00e9eAffichage couleur OLED Vivid \u2013 apportant une excellente lisibilit\u00e9 m\u00eame en condition de faible visibilit\u00e9Informations <a href=\"https:\/\/www.apdiving.eu\/fr\/rebreathers\/hus-head-up-screen\/\">[Read More &hellip;]<\/a><\/p>\n","protected":false},"author":4,"featured_media":0,"parent":7,"menu_order":0,"comment_status":"open","ping_status":"open","template":"","meta":{"footnotes":""},"class_list":["post-3739","page","type-page","status-publish","hentry"],"_links":{"self":[{"href":"https:\/\/www.apdiving.eu\/fr\/wp-json\/wp\/v2\/pages\/3739","targetHints":{"allow":["GET"]}}],"collection":[{"href":"https:\/\/www.apdiving.eu\/fr\/wp-json\/wp\/v2\/pages"}],"about":[{"href":"https:\/\/www.apdiving.eu\/fr\/wp-json\/wp\/v2\/types\/page"}],"author":[{"embeddable":true,"href":"https:\/\/www.apdiving.eu\/fr\/wp-json\/wp\/v2\/users\/4"}],"replies":[{"embeddable":true,"href":"https:\/\/www.apdiving.eu\/fr\/wp-json\/wp\/v2\/comments?post=3739"}],"version-history":[{"count":10,"href":"https:\/\/www.apdiving.eu\/fr\/wp-json\/wp\/v2\/pages\/3739\/revisions"}],"predecessor-version":[{"id":7075,"href":"https:\/\/www.apdiving.eu\/fr\/wp-json\/wp\/v2\/pages\/3739\/revisions\/7075"}],"up":[{"embeddable":true,"href":"https:\/\/www.apdiving.eu\/fr\/wp-json\/wp\/v2\/pages\/7"}],"wp:attachment":[{"href":"https:\/\/www.apdiving.eu\/fr\/wp-json\/wp\/v2\/media?parent=3739"}],"curies":[{"name":"wp","href":"https:\/\/api.w.org\/{rel}","templated":true}]}}