{"id":3402,"date":"2014-04-30T09:59:58","date_gmt":"2014-04-30T09:59:58","guid":{"rendered":"http:\/\/www.apdiving.com\/en\/?page_id=3402"},"modified":"2022-04-26T12:31:49","modified_gmt":"2022-04-26T12:31:49","slug":"configurator","status":"publish","type":"page","link":"https:\/\/www.apdiving.eu\/fr\/rebreathers\/configurator\/","title":{"rendered":"Configurator"},"content":{"rendered":"<div id=\"pl-3402\"  class=\"panel-layout\" ><div id=\"pg-3402-0\"  class=\"panel-grid panel-has-style\" ><div class=\"vgfull vg-spacing panel-row-style panel-row-style-for-3402-0\" ><div class=\"vgRowWrapper\"><div id=\"pgc-3402-0-0\"  class=\"panel-grid-cell panel-grid-cell-empty\" ><\/div><div id=\"pgc-3402-0-1\"  class=\"panel-grid-cell panel-grid-cell-mobile-last\" ><div id=\"panel-3402-0-1-0\" class=\"so-panel widget widget_black-studio-tinymce widget_black_studio_tinymce panel-first-child panel-last-child\" data-index=\"0\" ><div class=\"textwidget\"><h2 style=\"text-align: left;\">\u00a0<\/h2>\n<h2 style=\"text-align: left;\">Configurer votre Recycleur<\/h2>\n<p><strong>L\u2019outil de Configuration AP vous permet d'avancer \u00e0 travers les diff\u00e9rents choix disponibles lors de la configuration d'un nouveau recycleur Inspiration, d'avoir un aper\u00e7u des co\u00fbts et de pr\u00e9parer une liste de souhaits pour votre appareil, que vous nous ferez parvenir.<\/strong><\/p>\n<p>Nous prendrons alors contact avec vous pour en discuter, et valider ces choix avant de poursuivre et de passer votre commande.<\/p>\n<p>Des informations d\u00e9taill\u00e9es et des liens vers la section correspondante de la brochure du recycleur sont disponibles \u00e0 chaque \u00e9tape de la configuration. Si, avant de configurer votre recycleur, vous pr\u00e9f\u00e9rez lire les d\u00e9tails de chacune des options et des choix de tailles disponibles pour chaque mod\u00e8le de recycleur Inspiration, vous pouvez directement obtenir ces informations ici\u00a0: <a href=\"https:\/\/apdiving.eu\/fr\/rebreathers\/features\/\" target=\"_blank\">Equipements du Recycleur<\/a><\/p>\n<p>Si vous \u00eates \u00e0 la recherche d'un moniteur dans votre r\u00e9gion, vous pouvez en trouver un gr\u00e2ce \u00e0 notre <a href=\"https:\/\/apdiving.eu\/fr\/instructor-search\/\" target=\"_blank\">Base de donn\u00e9es des Moniteurs<\/a>.<\/p>\n<p><strong>D\u00e9butant en Recycleur\u00a0? Demandez \u00e0 votre moniteur de vous aider \u00e0 configurer votre \u00e9quipement. Ou appelez-nous au +44 (0)1326 563 834 si vous souhaitez obtenir des conseils.<\/strong><\/p>\n<\/div><\/div><\/div><div id=\"pgc-3402-0-2\"  class=\"panel-grid-cell panel-grid-cell-empty\" ><\/div><\/div><!--vgRowWrapper--><\/div><\/div><\/div>","protected":false},"excerpt":{"rendered":"<p>\u00a0Configurer votre RecycleurL\u2019outil de Configuration AP vous permet d&#8217;avancer \u00e0 travers les diff\u00e9rents choix disponibles lors de la configuration d&#8217;un nouveau recycleur Inspiration, d&#8217;avoir un aper\u00e7u des co\u00fbts et de pr\u00e9parer une liste de souhaits pour votre appareil, que vous nous ferez parvenir.Nous prendrons alors contact avec vous pour en discuter, et valider ces choix <a href=\"https:\/\/www.apdiving.eu\/fr\/rebreathers\/configurator\/\">[Read More &hellip;]<\/a><\/p>\n","protected":false},"author":4,"featured_media":0,"parent":7,"menu_order":0,"comment_status":"open","ping_status":"open","template":"configurator.php","meta":{"footnotes":""},"class_list":["post-3402","page","type-page","status-publish","hentry"],"_links":{"self":[{"href":"https:\/\/www.apdiving.eu\/fr\/wp-json\/wp\/v2\/pages\/3402","targetHints":{"allow":["GET"]}}],"collection":[{"href":"https:\/\/www.apdiving.eu\/fr\/wp-json\/wp\/v2\/pages"}],"about":[{"href":"https:\/\/www.apdiving.eu\/fr\/wp-json\/wp\/v2\/types\/page"}],"author":[{"embeddable":true,"href":"https:\/\/www.apdiving.eu\/fr\/wp-json\/wp\/v2\/users\/4"}],"replies":[{"embeddable":true,"href":"https:\/\/www.apdiving.eu\/fr\/wp-json\/wp\/v2\/comments?post=3402"}],"version-history":[{"count":7,"href":"https:\/\/www.apdiving.eu\/fr\/wp-json\/wp\/v2\/pages\/3402\/revisions"}],"predecessor-version":[{"id":7251,"href":"https:\/\/www.apdiving.eu\/fr\/wp-json\/wp\/v2\/pages\/3402\/revisions\/7251"}],"up":[{"embeddable":true,"href":"https:\/\/www.apdiving.eu\/fr\/wp-json\/wp\/v2\/pages\/7"}],"wp:attachment":[{"href":"https:\/\/www.apdiving.eu\/fr\/wp-json\/wp\/v2\/media?parent=3402"}],"curies":[{"name":"wp","href":"https:\/\/api.w.org\/{rel}","templated":true}]}}