{"id":2519,"date":"2014-02-17T11:50:13","date_gmt":"2014-02-17T11:50:13","guid":{"rendered":"http:\/\/www.apdiving.com\/en\/?page_id=2519"},"modified":"2020-07-31T08:48:21","modified_gmt":"2020-07-31T08:48:21","slug":"register","status":"publish","type":"page","link":"https:\/\/www.apdiving.eu\/fr\/instructor-search\/register\/","title":{"rendered":"Instructor Registration"},"content":{"rendered":"<div id=\"pl-2519\"  class=\"panel-layout\" ><div id=\"pg-2519-0\"  class=\"panel-grid panel-has-style\" ><div class=\"vgfull vg-spacing panel-row-style panel-row-style-for-2519-0\" ><div class=\"vgRowWrapper\"><div id=\"pgc-2519-0-0\"  class=\"panel-grid-cell\" ><div id=\"panel-2519-0-0-0\" class=\"so-panel widget widget_black-studio-tinymce widget_black_studio_tinymce panel-first-child\" data-index=\"0\" ><div class=\"textwidget\"><h2>\nINSCRIPTION DES INSTRUCTEURS<\/h2>\n<p>Vous \u00eates un instructeur certifi\u00e9 Recycleur Inspiration\u00a0? Remplissez et envoyez le formulaire ci-dessous afin qu'il soit pris en charge par un des membres d'AP Diving. Nous reprendrons contact avec vous une fois ces informations v\u00e9rifi\u00e9es et vous ajouterons \u00e0 notre <a href=\"https:\/\/apdiving.eu\/fr\/instructor-search\/\">Base de donn\u00e9es d'Instructeur<\/a>.<\/p>\n<\/div><\/div><div id=\"panel-2519-0-0-1\" class=\"so-panel widget widget_black-studio-tinymce widget_black_studio_tinymce panel-last-child\" data-index=\"1\" ><div class=\"textwidget\"><p>\n<div class=\"wpcf7 no-js\" id=\"wpcf7-f2518-o1\" lang=\"en-US\" dir=\"ltr\">\n<div class=\"screen-reader-response\"><p role=\"status\" aria-live=\"polite\" aria-atomic=\"true\"><\/p> <ul><\/ul><\/div>\n<form action=\"\/fr\/wp-json\/wp\/v2\/pages\/2519#wpcf7-f2518-o1\" method=\"post\" class=\"wpcf7-form init\" aria-label=\"Contact form\" enctype=\"multipart\/form-data\" novalidate=\"novalidate\" data-status=\"init\">\n<div style=\"display: none;\">\n<input type=\"hidden\" name=\"_wpcf7\" value=\"2518\" \/>\n<input type=\"hidden\" name=\"_wpcf7_version\" value=\"5.9.5\" \/>\n<input type=\"hidden\" name=\"_wpcf7_locale\" value=\"en_US\" \/>\n<input type=\"hidden\" name=\"_wpcf7_unit_tag\" value=\"wpcf7-f2518-o1\" \/>\n<input type=\"hidden\" name=\"_wpcf7_container_post\" value=\"0\" \/>\n<input type=\"hidden\" name=\"_wpcf7_posted_data_hash\" value=\"\" \/>\n<input type=\"hidden\" name=\"_wpcf7_recaptcha_response\" value=\"\" \/>\n<\/div>\n<div class=\"wpcf7-response-output\" aria-hidden=\"true\"><\/div>\n<p>Votre Nom<br \/>\n<span class=\"wpcf7-form-control-wrap\" data-name=\"instructor_name\"><input size=\"40\" class=\"wpcf7-form-control wpcf7-text wpcf7-validates-as-required\" aria-required=\"true\" aria-invalid=\"false\" value=\"\" type=\"text\" name=\"instructor_name\" \/><\/span>\n<\/p>\n<p>Nom de la Soci\u00e9t\u00e9<br \/>\n<span class=\"wpcf7-form-control-wrap\" data-name=\"company_name\"><input size=\"40\" class=\"wpcf7-form-control wpcf7-text\" aria-invalid=\"false\" value=\"\" type=\"text\" name=\"company_name\" \/><\/span>\n<\/p>\n<p>Adresse<br \/>\n<span class=\"wpcf7-form-control-wrap\" data-name=\"add1\"><input size=\"40\" class=\"wpcf7-form-control wpcf7-text wpcf7-validates-as-required\" aria-required=\"true\" aria-invalid=\"false\" placeholder=\"nom de la maison ou le num\u00e9ro\" value=\"\" type=\"text\" name=\"add1\" \/><\/span>\n<\/p>\n<p><span class=\"wpcf7-form-control-wrap\" data-name=\"add2\"><input size=\"40\" class=\"wpcf7-form-control wpcf7-text\" aria-invalid=\"false\" placeholder=\"rue\" value=\"\" type=\"text\" name=\"add2\" \/><\/span>\n<\/p>\n<p><span class=\"wpcf7-form-control-wrap\" data-name=\"add3\"><input size=\"40\" class=\"wpcf7-form-control wpcf7-text\" aria-invalid=\"false\" placeholder=\"ville\" value=\"\" type=\"text\" name=\"add3\" \/><\/span>\n<\/p>\n<p><span class=\"wpcf7-form-control-wrap\" data-name=\"add4\"><input size=\"40\" class=\"wpcf7-form-control wpcf7-text\" aria-invalid=\"false\" placeholder=\"region \/ \u00e9tat\" value=\"\" type=\"text\" name=\"add4\" \/><\/span>\n<\/p>\n<p>Code Postal<br \/>\n<span class=\"wpcf7-form-control-wrap\" data-name=\"Code\"><input size=\"40\" class=\"wpcf7-form-control wpcf7-text wpcf7-validates-as-required\" aria-required=\"true\" aria-invalid=\"false\" value=\"\" type=\"text\" name=\"Code\" \/><\/span>\n<\/p>\n<p>Pays<br \/>\n<span class=\"wpcf7-form-control-wrap\" data-name=\"Pays\"><input size=\"40\" class=\"wpcf7-form-control wpcf7-text wpcf7-validates-as-required\" aria-required=\"true\" aria-invalid=\"false\" value=\"\" type=\"text\" name=\"Pays\" \/><\/span>\n<\/p>\n<p>T\u00e9l\u00e9phone Fixe<br \/>\n<span class=\"wpcf7-form-control-wrap\" data-name=\"phone\"><input size=\"40\" class=\"wpcf7-form-control wpcf7-text\" aria-invalid=\"false\" value=\"\" type=\"text\" name=\"phone\" \/><\/span>\n<\/p>\n<p>T\u00e9l\u00e9phone Portable<br \/>\n<span class=\"wpcf7-form-control-wrap\" data-name=\"mobile\"><input size=\"40\" class=\"wpcf7-form-control wpcf7-text\" aria-invalid=\"false\" value=\"\" type=\"text\" name=\"mobile\" \/><\/span>\n<\/p>\n<p>Adresse Email<br\/ \/><span class=\"wpcf7-form-control-wrap\" data-name=\"email\"><input size=\"40\" class=\"wpcf7-form-control wpcf7-email wpcf7-validates-as-required wpcf7-text wpcf7-validates-as-email\" aria-required=\"true\" aria-invalid=\"false\" placeholder=\"example@website.com\" value=\"\" type=\"email\" name=\"email\" \/><\/span>\n<\/p>\n<p>Site Web<br \/>\n<span class=\"wpcf7-form-control-wrap\" data-name=\"Site\"><input size=\"40\" class=\"wpcf7-form-control wpcf7-text\" aria-invalid=\"false\" value=\"\" type=\"text\" name=\"Site\" \/><\/span>\n<\/p>\n<p>Certifi\u00e9 en tant que <span class=\"wpcf7-form-control-wrap\" data-name=\"can_teach\"><span class=\"wpcf7-form-control wpcf7-checkbox wpcf7-validates-as-required\"><span class=\"wpcf7-list-item first\"><label><input type=\"checkbox\" name=\"can_teach[]\" value=\"Instructeur Vision\" \/><span class=\"wpcf7-list-item-label\">Instructeur Vision<\/span><\/label><\/span><span class=\"wpcf7-list-item\"><label><input type=\"checkbox\" name=\"can_teach[]\" value=\"Instructeur Classic\" \/><span class=\"wpcf7-list-item-label\">Instructeur Classic<\/span><\/label><\/span><span class=\"wpcf7-list-item\"><label><input type=\"checkbox\" name=\"can_teach[]\" value=\"Instructeur Recreational\" \/><span class=\"wpcf7-list-item-label\">Instructeur Recreational<\/span><\/label><\/span><span class=\"wpcf7-list-item\"><label><input type=\"checkbox\" name=\"can_teach[]\" value=\"Instructeur Diluant Air\" \/><span class=\"wpcf7-list-item-label\">Instructeur Diluant Air<\/span><\/label><\/span><span class=\"wpcf7-list-item last\"><label><input type=\"checkbox\" name=\"can_teach[]\" value=\"Instructeur Trimix\" \/><span class=\"wpcf7-list-item-label\">Instructeur Trimix<\/span><\/label><\/span><\/span><\/span>\n<\/p>\n<p>Agences<br \/>\n<span class=\"wpcf7-form-control-wrap\" data-name=\"agencies\"><span class=\"wpcf7-form-control wpcf7-checkbox wpcf7-validates-as-required\"><span class=\"wpcf7-list-item first\"><label><input type=\"checkbox\" name=\"agencies[]\" value=\"ANDI\" \/><span class=\"wpcf7-list-item-label\">ANDI<\/span><\/label><\/span><span class=\"wpcf7-list-item\"><label><input type=\"checkbox\" name=\"agencies[]\" value=\"ANMP\" \/><span class=\"wpcf7-list-item-label\">ANMP<\/span><\/label><\/span><span class=\"wpcf7-list-item\"><label><input type=\"checkbox\" name=\"agencies[]\" value=\"BSAC\" \/><span class=\"wpcf7-list-item-label\">BSAC<\/span><\/label><\/span><span class=\"wpcf7-list-item\"><label><input type=\"checkbox\" name=\"agencies[]\" value=\"CMAS.CH\" \/><span class=\"wpcf7-list-item-label\">CMAS.CH<\/span><\/label><\/span><span class=\"wpcf7-list-item\"><label><input type=\"checkbox\" name=\"agencies[]\" value=\"ETDS\" \/><span class=\"wpcf7-list-item-label\">ETDS<\/span><\/label><\/span><span class=\"wpcf7-list-item\"><label><input type=\"checkbox\" name=\"agencies[]\" value=\"FFESSM\" \/><span class=\"wpcf7-list-item-label\">FFESSM<\/span><\/label><\/span><span class=\"wpcf7-list-item\"><label><input type=\"checkbox\" name=\"agencies[]\" value=\"FSGT\" \/><span class=\"wpcf7-list-item-label\">FSGT<\/span><\/label><\/span><span class=\"wpcf7-list-item\"><label><input type=\"checkbox\" name=\"agencies[]\" value=\"IANTD\" \/><span class=\"wpcf7-list-item-label\">IANTD<\/span><\/label><\/span><span class=\"wpcf7-list-item\"><label><input type=\"checkbox\" name=\"agencies[]\" value=\"IART\" \/><span class=\"wpcf7-list-item-label\">IART<\/span><\/label><\/span><span class=\"wpcf7-list-item\"><label><input type=\"checkbox\" name=\"agencies[]\" value=\"ITDA\" \/><span class=\"wpcf7-list-item-label\">ITDA<\/span><\/label><\/span><span class=\"wpcf7-list-item\"><label><input type=\"checkbox\" name=\"agencies[]\" value=\"NELOS\" \/><span class=\"wpcf7-list-item-label\">NELOS<\/span><\/label><\/span><span class=\"wpcf7-list-item\"><label><input type=\"checkbox\" name=\"agencies[]\" value=\"PADI\" \/><span class=\"wpcf7-list-item-label\">PADI<\/span><\/label><\/span><span class=\"wpcf7-list-item\"><label><input type=\"checkbox\" name=\"agencies[]\" value=\"PTA\" \/><span class=\"wpcf7-list-item-label\">PTA<\/span><\/label><\/span><span class=\"wpcf7-list-item\"><label><input type=\"checkbox\" name=\"agencies[]\" value=\"PSAI\" \/><span class=\"wpcf7-list-item-label\">PSAI<\/span><\/label><\/span><span class=\"wpcf7-list-item\"><label><input type=\"checkbox\" name=\"agencies[]\" value=\"RAID\" \/><span class=\"wpcf7-list-item-label\">RAID<\/span><\/label><\/span><span class=\"wpcf7-list-item\"><label><input type=\"checkbox\" name=\"agencies[]\" value=\"SSI\" \/><span class=\"wpcf7-list-item-label\">SSI<\/span><\/label><\/span><span class=\"wpcf7-list-item\"><label><input type=\"checkbox\" name=\"agencies[]\" value=\"TDI\" \/><span class=\"wpcf7-list-item-label\">TDI<\/span><\/label><\/span><span class=\"wpcf7-list-item\"><label><input type=\"checkbox\" name=\"agencies[]\" value=\"UTRtek\" \/><span class=\"wpcf7-list-item-label\">UTRtek<\/span><\/label><\/span><span class=\"wpcf7-list-item\"><label><input type=\"checkbox\" name=\"agencies[]\" value=\"VDST\" \/><span class=\"wpcf7-list-item-label\">VDST<\/span><\/label><\/span><span class=\"wpcf7-list-item last\"><label><input type=\"checkbox\" name=\"agencies[]\" value=\"VEST\" \/><span class=\"wpcf7-list-item-label\">VEST<\/span><\/label><\/span><\/span><\/span>\n<\/p>\n<p>Autres Agences non list\u00e9es<br \/>\n<span class=\"wpcf7-form-control-wrap\" data-name=\"other_agencies\"><input size=\"40\" class=\"wpcf7-form-control wpcf7-text\" aria-invalid=\"false\" value=\"\" type=\"text\" name=\"other_agencies\" \/><\/span>\n<\/p>\n<p>Logo (2MB max) JPG, GIF ou PNG uniquement<br \/>\n<span class=\"wpcf7-form-control-wrap\" data-name=\"logo\"><input size=\"40\" class=\"wpcf7-form-control wpcf7-file\" accept=\".jpg,.gif,.png,.jpeg\" aria-invalid=\"false\" type=\"file\" name=\"logo\" \/><\/span>\n<\/p>\n<p><br \/ \/>\n<\/p>\n<p>Preuve de votre Certification (2MB max) PDF, JPG, GIF ou PNG uniquement<br \/>\n<span class=\"wpcf7-form-control-wrap\" data-name=\"cert\"><input size=\"40\" class=\"wpcf7-form-control wpcf7-file\" accept=\".pdf,.jpg,.gif,.png,.jpeg\" aria-invalid=\"false\" type=\"file\" name=\"cert\" \/><\/span>\n<\/p>\n<p><br \/ \/>\n<\/p>\n<p>\n<span class=\"wpcf7-form-control-wrap recaptcha\" data-name=\"recaptcha\"><span data-sitekey=\"6LcKauQcAAAAAOVGlfyUW1FnN4KR3-T0nGZ6ULPv\" class=\"wpcf7-form-control wpcf7-recaptcha g-recaptcha\"><\/span>\r\n<noscript>\r\n\t<div class=\"grecaptcha-noscript\">\r\n\t\t<iframe loading=\"lazy\" src=\"https:\/\/www.google.com\/recaptcha\/api\/fallback?k=6LcKauQcAAAAAOVGlfyUW1FnN4KR3-T0nGZ6ULPv\" frameborder=\"0\" scrolling=\"no\" width=\"310\" height=\"430\">\r\n\t\t<\/iframe>\r\n\t\t<textarea name=\"g-recaptcha-response\" rows=\"3\" cols=\"40\" placeholder=\"reCaptcha Response Here\">\r\n\t\t<\/textarea>\r\n\t<\/div>\r\n<\/noscript>\r\n<\/span>\n<\/p>\n<p><input class=\"wpcf7-form-control wpcf7-submit has-spinner\" type=\"submit\" value=\"ENVOYER\" \/>\n<\/p>\n\n\n<p style=\"display: none !important;\" class=\"akismet-fields-container\" data-prefix=\"_wpcf7_ak_\"><label>&#916;<textarea name=\"_wpcf7_ak_hp_textarea\" cols=\"45\" rows=\"8\" maxlength=\"100\"><\/textarea><\/label><input type=\"hidden\" id=\"ak_js_1\" name=\"_wpcf7_ak_js\" value=\"162\"\/><script>document.getElementById( \"ak_js_1\" ).setAttribute( \"value\", ( new Date() ).getTime() );<\/script><\/p>\n<\/form>\n<\/div>\n<\/p><\/div><\/div><\/div><\/div><!--vgRowWrapper--><\/div><\/div><\/div>","protected":false},"excerpt":{"rendered":"<p>INSCRIPTION DES INSTRUCTEURS Vous \u00eates un instructeur certifi\u00e9 Recycleur Inspiration\u00a0? Remplissez et envoyez le formulaire ci-dessous afin qu&#8217;il soit pris en charge par un des membres d&#8217;AP Diving. Nous reprendrons contact avec vous une fois ces informations v\u00e9rifi\u00e9es et vous ajouterons \u00e0 notre Base de donn\u00e9es d&#8217;Instructeur.<\/p>\n","protected":false},"author":4,"featured_media":0,"parent":2409,"menu_order":0,"comment_status":"open","ping_status":"open","template":"","meta":{"footnotes":""},"class_list":["post-2519","page","type-page","status-publish","hentry"],"_links":{"self":[{"href":"https:\/\/www.apdiving.eu\/fr\/wp-json\/wp\/v2\/pages\/2519","targetHints":{"allow":["GET"]}}],"collection":[{"href":"https:\/\/www.apdiving.eu\/fr\/wp-json\/wp\/v2\/pages"}],"about":[{"href":"https:\/\/www.apdiving.eu\/fr\/wp-json\/wp\/v2\/types\/page"}],"author":[{"embeddable":true,"href":"https:\/\/www.apdiving.eu\/fr\/wp-json\/wp\/v2\/users\/4"}],"replies":[{"embeddable":true,"href":"https:\/\/www.apdiving.eu\/fr\/wp-json\/wp\/v2\/comments?post=2519"}],"version-history":[{"count":3,"href":"https:\/\/www.apdiving.eu\/fr\/wp-json\/wp\/v2\/pages\/2519\/revisions"}],"predecessor-version":[{"id":7081,"href":"https:\/\/www.apdiving.eu\/fr\/wp-json\/wp\/v2\/pages\/2519\/revisions\/7081"}],"up":[{"embeddable":true,"href":"https:\/\/www.apdiving.eu\/fr\/wp-json\/wp\/v2\/pages\/2409"}],"wp:attachment":[{"href":"https:\/\/www.apdiving.eu\/fr\/wp-json\/wp\/v2\/media?parent=2519"}],"curies":[{"name":"wp","href":"https:\/\/api.w.org\/{rel}","templated":true}]}}