{"id":2374,"date":"2014-01-30T17:12:19","date_gmt":"2014-01-30T17:12:19","guid":{"rendered":"http:\/\/ap.msurl.net\/blog\/?page_id=2374"},"modified":"2021-11-03T11:13:49","modified_gmt":"2021-11-03T11:13:49","slug":"security-policy","status":"publish","type":"page","link":"https:\/\/www.apdiving.eu\/fr\/security-policy\/","title":{"rendered":"Security Policy"},"content":{"rendered":"<div id=\"pl-2374\"  class=\"panel-layout\" ><div id=\"pg-2374-0\"  class=\"panel-grid panel-no-style\" ><div class=\"vgRowWrapper\"><div id=\"pgc-2374-0-0\"  class=\"panel-grid-cell panel-grid-cell-empty\" ><\/div><div id=\"pgc-2374-0-1\"  class=\"panel-grid-cell panel-grid-cell-mobile-last\" ><div id=\"panel-2374-0-1-0\" class=\"so-panel widget widget_black-studio-tinymce widget_black_studio_tinymce panel-first-child panel-last-child\" data-index=\"0\" ><div class=\"textwidget\"><h2>\u00a0<\/h2>\n<h2 style=\"text-align: center;\">LA SECURITE SUR APDIVING.COM<\/h2>\n<h3 style=\"text-align: center;\">Profitez d'une exp\u00e9rience<br \/>\nd'achat en ligne 100\u00a0% s\u00e9curis\u00e9e<\/h3>\n<p>&nbsp;<\/p>\n<p>AP Diving prend la s\u00e9curit\u00e9 tr\u00e8s au s\u00e9rieux. Notre site Web est 100\u00a0% s\u00e9curis\u00e9 et r\u00e9guli\u00e8rement test\u00e9 et audit\u00e9 pour garantir une utilisation optimum. Nous vous garantissons une s\u00e9curit\u00e9 totale de chaque transaction effectu\u00e9e sur notre boutique. Notre site utilise le plus puissant des niveaux d'encryptage disponibles, le SSL256 (256-bit Secure Socket Layer) s\u00e9curis\u00e9 et acc\u00e9l\u00e9r\u00e9 par Cloudflare avec un cryptage SSL\/TLS complet de bout en bout. Ceci vous garanti que vos transactions sont s\u00e9curis\u00e9es et que vos informations personnelles ne peuvent pas \u00eatre vol\u00e9es ou d\u00e9tourn\u00e9es. Rechercher le logo du cadenas\u00a0\u00e0 gauche de l'URL d'apdiving dans la barre d'adresse de votre navigateur.<\/p>\n<h3>\u00a0<\/h3>\n<h3>Votre protection est assur\u00e9e par ...<\/h3><\/div><\/div><\/div><div id=\"pgc-2374-0-2\"  class=\"panel-grid-cell panel-grid-cell-empty\" ><\/div><\/div><!--vgRowWrapper--><\/div><div id=\"pg-2374-1\"  class=\"panel-grid panel-no-style\" ><div class=\"vgRowWrapper\"><div id=\"pgc-2374-1-0\"  class=\"panel-grid-cell panel-grid-cell-empty\" ><\/div><div id=\"pgc-2374-1-1\"  class=\"panel-grid-cell\" ><div id=\"panel-2374-1-1-0\" class=\"so-panel widget widget_black-studio-tinymce widget_black_studio_tinymce panel-first-child\" data-index=\"1\" ><div class=\"textwidget\"><h4 dir=\"ltr\" style=\"text-align: left;\">Cloudflare<\/h4>\n<\/div><\/div><div class=\"vg-image-widget\"><img decoding=\"async\" src=\"https:\/\/www.apdiving.eu\/fr\/wp-content\/uploads\/Cloudflare_logo.jpg\" alt=\"\"\/><\/div><\/div><div id=\"pgc-2374-1-2\"  class=\"panel-grid-cell\" ><div id=\"panel-2374-1-2-0\" class=\"so-panel widget widget_black-studio-tinymce widget_black_studio_tinymce panel-first-child\" data-index=\"3\" ><div class=\"textwidget\"><h4 style=\"text-align: left;\">\u00a0Visa<\/h4>\n<\/div><\/div><div class=\"vg-image-widget\"><img decoding=\"async\" src=\"https:\/\/www.apdiving.eu\/fr\/wp-content\/uploads\/VV_logo.jpg\" alt=\"\"\/><\/div><\/div><div id=\"pgc-2374-1-3\"  class=\"panel-grid-cell panel-grid-cell-mobile-last\" ><div id=\"panel-2374-1-3-0\" class=\"so-panel widget widget_black-studio-tinymce widget_black_studio_tinymce panel-first-child\" data-index=\"5\" ><div class=\"textwidget\"><h4 style=\"text-align: left;\">\u00a0MasterCard<\/h4>\n<\/div><\/div><div class=\"vg-image-widget\"><img decoding=\"async\" src=\"https:\/\/www.apdiving.eu\/fr\/wp-content\/uploads\/MS_logo2.jpg\" alt=\"\"\/><\/div><\/div><div id=\"pgc-2374-1-4\"  class=\"panel-grid-cell panel-grid-cell-empty\" ><\/div><\/div><!--vgRowWrapper--><\/div><div id=\"pg-2374-2\"  class=\"panel-grid panel-no-style\" ><div class=\"vgRowWrapper\"><div id=\"pgc-2374-2-0\"  class=\"panel-grid-cell panel-grid-cell-empty\" ><\/div><div id=\"pgc-2374-2-1\"  class=\"panel-grid-cell panel-grid-cell-mobile-last\" ><div id=\"panel-2374-2-1-0\" class=\"so-panel widget widget_black-studio-tinymce widget_black_studio_tinymce panel-first-child panel-last-child\" data-index=\"7\" ><div class=\"textwidget\"><h3>Protection Personnelle<\/h3>\n<p>La grande majorit\u00e9 des transactions en ligne sont totalement s\u00e9curis\u00e9es, mais vous pouvez faire un peu plus pour vous garantir un environnement d'achat encore plus s\u00e9curis\u00e9.<\/p>\n<ul>\n<li>Gardez votre ordinateur \u00e0 jour d'un anti-virus r\u00e9cent. Choisissez un logiciel assurant une protection en ligne. Ceci vous permettra d'\u00eatre averti en cas de tentative d'intrusion.<\/li>\n<li>Votre ordinateur doit \u00eatre dot\u00e9 d'un firewall. La plupart des OS sont pourvus d'un firewall int\u00e9gr\u00e9. Assurez-vous qu'il soit activ\u00e9.<\/li>\n<li>Ne r\u00e9v\u00e9lez \u00e0 personne votre mot de passe. Ne l'\u00e9crivez nulle part. Ces erreurs agrandissent le risque d'\u00eatre victime d'un piratage ou d'un vol de donn\u00e9es personnelles.<\/li>\n<li>Les experts en s\u00e9curit\u00e9 informatique pr\u00e9conisent g\u00e9n\u00e9ralement de ne pas utiliser un ordinateur ouvert au public pour passer votre commandes en ligne \u2013 vos donn\u00e9es personnelles pourraient \u00eatre stock\u00e9es dans l'historique du navigateur et \u00e9ventuellement r\u00e9cup\u00e9r\u00e9e \u00e0 votre insu.<\/li>\n<li>Lorsque vous \u00eates entrain de saisir des informations sensibles telles que les d\u00e9tails de votre carte bancaire, assurez-vous que le lien se trouvant dans la barre d'adresse de votre navigateur, commence bien par https:\/\/ Ceci signifie que la page est crypt\u00e9e.<\/li>\n<li>Si vous pensez avoir trouv\u00e9 une quelconque faille dans la s\u00e9curit\u00e9 du site Web AP Diving, merci de nous contacter imm\u00e9diatement par t\u00e9l\u00e9phone au<strong> 0044 (0)1326 561 040<\/strong>.<\/li>\n<\/ul>\n<\/div><\/div><\/div><div id=\"pgc-2374-2-2\"  class=\"panel-grid-cell panel-grid-cell-empty\" ><\/div><\/div><!--vgRowWrapper--><\/div><\/div>","protected":false},"excerpt":{"rendered":"<p>\u00a0 LA SECURITE SUR APDIVING.COM Profitez d&#8217;une exp\u00e9rience d&#8217;achat en ligne 100\u00a0% s\u00e9curis\u00e9e &nbsp; AP Diving prend la s\u00e9curit\u00e9 tr\u00e8s au s\u00e9rieux. Notre site Web est 100\u00a0% s\u00e9curis\u00e9 et r\u00e9guli\u00e8rement test\u00e9 et audit\u00e9 pour garantir une utilisation optimum. Nous vous garantissons une s\u00e9curit\u00e9 totale de chaque transaction effectu\u00e9e sur notre boutique. Notre site utilise le <a href=\"https:\/\/www.apdiving.eu\/fr\/security-policy\/\">[Read More &hellip;]<\/a><\/p>\n","protected":false},"author":4,"featured_media":0,"parent":0,"menu_order":0,"comment_status":"open","ping_status":"open","template":"","meta":{"footnotes":""},"class_list":["post-2374","page","type-page","status-publish","hentry"],"_links":{"self":[{"href":"https:\/\/www.apdiving.eu\/fr\/wp-json\/wp\/v2\/pages\/2374","targetHints":{"allow":["GET"]}}],"collection":[{"href":"https:\/\/www.apdiving.eu\/fr\/wp-json\/wp\/v2\/pages"}],"about":[{"href":"https:\/\/www.apdiving.eu\/fr\/wp-json\/wp\/v2\/types\/page"}],"author":[{"embeddable":true,"href":"https:\/\/www.apdiving.eu\/fr\/wp-json\/wp\/v2\/users\/4"}],"replies":[{"embeddable":true,"href":"https:\/\/www.apdiving.eu\/fr\/wp-json\/wp\/v2\/comments?post=2374"}],"version-history":[{"count":10,"href":"https:\/\/www.apdiving.eu\/fr\/wp-json\/wp\/v2\/pages\/2374\/revisions"}],"predecessor-version":[{"id":7188,"href":"https:\/\/www.apdiving.eu\/fr\/wp-json\/wp\/v2\/pages\/2374\/revisions\/7188"}],"wp:attachment":[{"href":"https:\/\/www.apdiving.eu\/fr\/wp-json\/wp\/v2\/media?parent=2374"}],"curies":[{"name":"wp","href":"https:\/\/api.w.org\/{rel}","templated":true}]}}