{"id":2339,"date":"2014-01-21T15:44:51","date_gmt":"2014-01-21T15:44:51","guid":{"rendered":"http:\/\/ap.msurl.net\/blog\/?page_id=2339"},"modified":"2017-06-27T10:02:41","modified_gmt":"2017-06-27T10:02:41","slug":"register","status":"publish","type":"page","link":"https:\/\/www.apdiving.eu\/fr\/service\/warranties\/register\/","title":{"rendered":"Warranty Registration"},"content":{"rendered":"<div id=\"pl-2339\"  class=\"panel-layout\" ><div id=\"pg-2339-0\"  class=\"panel-grid panel-has-style\" ><div class=\"panel-row-style panel-row-style-for-2339-0\" ><div class=\"vgRowWrapper\"><div id=\"pgc-2339-0-0\"  class=\"panel-grid-cell\" ><div id=\"panel-2339-0-0-0\" class=\"so-panel widget widget_black-studio-tinymce widget_black_studio_tinymce panel-first-child\" data-index=\"0\" ><div class=\"textwidget\"><h2 style=\"text-align: center;\">ENREGISTREMENT DE GARANTIE<\/h2>\n<p style=\"text-align: left;\">L\u2019enregistrement vous assure une garantie pour la p\u00e9riode sp\u00e9cifi\u00e9e dans le document d'information fourni lors de votre achat.<\/p>\n<p><em>Note: les propri\u00e9taires de Recycleur n'ont pas besoin de s'enregistrer pour profiter de la garantie. Cet enregistrent est effectu\u00e9 automatiquement lors du processus d'achat.<\/em><\/p>\n<\/div><\/div><div id=\"panel-2339-0-0-1\" class=\"so-panel widget widget_black-studio-tinymce widget_black_studio_tinymce panel-last-child\" data-index=\"1\" ><div class=\"textwidget\"><p>\n<div class=\"wpcf7 no-js\" id=\"wpcf7-f2338-o1\" lang=\"en-US\" dir=\"ltr\">\n<div class=\"screen-reader-response\"><p role=\"status\" aria-live=\"polite\" aria-atomic=\"true\"><\/p> <ul><\/ul><\/div>\n<form action=\"\/fr\/wp-json\/wp\/v2\/pages\/2339#wpcf7-f2338-o1\" method=\"post\" class=\"wpcf7-form init\" aria-label=\"Contact form\" novalidate=\"novalidate\" data-status=\"init\">\n<div style=\"display: none;\">\n<input type=\"hidden\" name=\"_wpcf7\" value=\"2338\" \/>\n<input type=\"hidden\" name=\"_wpcf7_version\" value=\"5.9.5\" \/>\n<input type=\"hidden\" name=\"_wpcf7_locale\" value=\"en_US\" \/>\n<input type=\"hidden\" name=\"_wpcf7_unit_tag\" value=\"wpcf7-f2338-o1\" \/>\n<input type=\"hidden\" name=\"_wpcf7_container_post\" value=\"0\" \/>\n<input type=\"hidden\" name=\"_wpcf7_posted_data_hash\" value=\"\" \/>\n<input type=\"hidden\" name=\"_wpcf7_recaptcha_response\" value=\"\" \/>\n<\/div>\n<div class=\"wpcf7-response-output\" aria-hidden=\"true\"><\/div>\n<h3>Informations personnelles\n<\/h3>\n<p>(merci de compl\u00e9ter tous les champs)\n<\/p>\n<p><strong>Pr\u00e9nom<\/strong>\n<\/p>\n<p><span class=\"wpcf7-form-control-wrap\" data-name=\"Name\"><input size=\"40\" class=\"wpcf7-form-control wpcf7-text wpcf7-validates-as-required\" aria-required=\"true\" aria-invalid=\"false\" value=\"\" type=\"text\" name=\"Name\" \/><\/span>\n<\/p>\n<p><strong>Nom<\/strong>\n<\/p>\n<p><span class=\"wpcf7-form-control-wrap\" data-name=\"Surname\"><input size=\"40\" class=\"wpcf7-form-control wpcf7-text wpcf7-validates-as-required\" aria-required=\"true\" aria-invalid=\"false\" value=\"\" type=\"text\" name=\"Surname\" \/><\/span>\n<\/p>\n<p><strong>Addresse<\/strong>\n<\/p>\n<p><span class=\"wpcf7-form-control-wrap\" data-name=\"add-line-1\"><input size=\"40\" class=\"wpcf7-form-control wpcf7-text wpcf7-validates-as-required\" aria-required=\"true\" aria-invalid=\"false\" value=\"\" type=\"text\" name=\"add-line-1\" \/><\/span>\n<\/p>\n<p><span class=\"wpcf7-form-control-wrap\" data-name=\"add-line-2\"><input size=\"40\" class=\"wpcf7-form-control wpcf7-text\" aria-invalid=\"false\" value=\"\" type=\"text\" name=\"add-line-2\" \/><\/span>\n<\/p>\n<p><span class=\"wpcf7-form-control-wrap\" data-name=\"add-line-3\"><input size=\"40\" class=\"wpcf7-form-control wpcf7-text\" aria-invalid=\"false\" value=\"\" type=\"text\" name=\"add-line-3\" \/><\/span>\n<\/p>\n<p><span class=\"wpcf7-form-control-wrap\" data-name=\"add-line-4\"><input size=\"40\" class=\"wpcf7-form-control wpcf7-text\" aria-invalid=\"false\" value=\"\" type=\"text\" name=\"add-line-4\" \/><\/span>\n<\/p>\n<p><strong>Code Postal<\/strong>\n<\/p>\n<p><span class=\"wpcf7-form-control-wrap\" data-name=\"Code\"><input size=\"40\" class=\"wpcf7-form-control wpcf7-text wpcf7-validates-as-required\" aria-required=\"true\" aria-invalid=\"false\" value=\"\" type=\"text\" name=\"Code\" \/><\/span>\n<\/p>\n<p><strong>T\u00e9l\u00e9phone (heure de bureau)<\/strong>\n<\/p>\n<p><span class=\"wpcf7-form-control-wrap\" data-name=\"dtpnum\"><input size=\"40\" class=\"wpcf7-form-control wpcf7-text wpcf7-validates-as-required\" aria-required=\"true\" aria-invalid=\"false\" value=\"\" type=\"text\" name=\"dtpnum\" \/><\/span>\n<\/p>\n<p><strong>T\u00e9l\u00e9phone (soir)<\/strong>\n<\/p>\n<p><span class=\"wpcf7-form-control-wrap\" data-name=\"evpnum\"><input size=\"40\" class=\"wpcf7-form-control wpcf7-text wpcf7-validates-as-required\" aria-required=\"true\" aria-invalid=\"false\" value=\"\" type=\"text\" name=\"evpnum\" \/><\/span>\n<\/p>\n<p><strong>Adresse email<\/strong>\n<\/p>\n<p><span class=\"wpcf7-form-control-wrap\" data-name=\"email\"><input size=\"40\" class=\"wpcf7-form-control wpcf7-email wpcf7-validates-as-required wpcf7-text wpcf7-validates-as-email\" aria-required=\"true\" aria-invalid=\"false\" value=\"\" type=\"email\" name=\"email\" \/><\/span>\n<\/p>\n<h3>D\u00e9tails du Produit\n<\/h3>\n<p><strong>S\u00e9lectionnez un Produit<\/strong>\n<\/p>\n<p><span class=\"wpcf7-form-control-wrap\" data-name=\"product\"><select class=\"wpcf7-form-control wpcf7-select wpcf7-validates-as-required\" aria-required=\"true\" aria-invalid=\"false\" name=\"product\"><option value=\"\">&#8212;Please choose an option&#8212;<\/option><option value=\"AP Commando\">AP Commando<\/option><option value=\"AP Commando Explorer\">AP Commando Explorer<\/option><option value=\"AP Commando Escape\">AP Commando Escape<\/option><option value=\"AP Tekwing\">AP Tekwing<\/option><option value=\"AP Travelwing\">AP Travelwing<\/option><option value=\"AP Trident\">AP Trident<\/option><\/select><\/span>\n<\/p>\n<h4>Options de Produit\n<\/h4>\n<p>Options ou accessoires demand\u00e9s lors de l'achat de votre \u00e9quipement.\n<\/p>\n<p><strong>Options de Gilet<\/strong><br \/>\n<span class=\"wpcf7-form-control-wrap\" data-name=\"product-bcd-addons\"><span class=\"wpcf7-form-control wpcf7-checkbox\"><span class=\"wpcf7-list-item first\"><label><input type=\"checkbox\" name=\"product-bcd-addons[]\" value=\"Auto Air APV100\" \/><span class=\"wpcf7-list-item-label\">Auto Air APV100<\/span><\/label><\/span><span class=\"wpcf7-list-item\"><label><input type=\"checkbox\" name=\"product-bcd-addons[]\" value=\"Auto Air  AP100 (Trident et Redwing seulement)\" \/><span class=\"wpcf7-list-item-label\">Auto Air  AP100 (Trident et Redwing seulement)<\/span><\/label><\/span><span class=\"wpcf7-list-item\"><label><input type=\"checkbox\" name=\"product-bcd-addons[]\" value=\"Inflateur APV200\" \/><span class=\"wpcf7-list-item-label\">Inflateur APV200<\/span><\/label><\/span><span class=\"wpcf7-list-item\"><label><input type=\"checkbox\" name=\"product-bcd-addons[]\" value=\"Inflateur APV300\" \/><span class=\"wpcf7-list-item-label\">Inflateur APV300<\/span><\/label><\/span><span class=\"wpcf7-list-item\"><label><input type=\"checkbox\" name=\"product-bcd-addons[]\" value=\"Syst\u00e8me de Plombs Int\u00e9gr\u00e9s\" \/><span class=\"wpcf7-list-item-label\">Syst\u00e8me de Plombs Int\u00e9gr\u00e9s<\/span><\/label><\/span><span class=\"wpcf7-list-item\"><label><input type=\"checkbox\" name=\"product-bcd-addons[]\" value=\"Mini-bouteille d&#039;Urgence avec robinet DIN\" \/><span class=\"wpcf7-list-item-label\">Mini-bouteille d&#039;Urgence avec robinet DIN<\/span><\/label><\/span><span class=\"wpcf7-list-item\"><label><input type=\"checkbox\" name=\"product-bcd-addons[]\" value=\"Mini-bouteille d&#039;Urgence avec robinet Etrier\" \/><span class=\"wpcf7-list-item-label\">Mini-bouteille d&#039;Urgence avec robinet Etrier<\/span><\/label><\/span><span class=\"wpcf7-list-item\"><label><input type=\"checkbox\" name=\"product-bcd-addons[]\" value=\"Mini-bouteille 300 bar d&#039;Urgence avec robinet DIN\" \/><span class=\"wpcf7-list-item-label\">Mini-bouteille 300 bar d&#039;Urgence avec robinet DIN<\/span><\/label><\/span><span class=\"wpcf7-list-item last\"><label><input type=\"checkbox\" name=\"product-bcd-addons[]\" value=\"Kit Bi-Bouteilles\" \/><span class=\"wpcf7-list-item-label\">Kit Bi-Bouteilles<\/span><\/label><\/span><\/span><\/span>\n<\/p>\n<p><strong>Num\u00e9ro de S\u00e9rie du Gilet<\/strong>\n<\/p>\n<p><span class=\"wpcf7-form-control-wrap\" data-name=\"product-sn\"><input size=\"40\" class=\"wpcf7-form-control wpcf7-text wpcf7-validates-as-required\" aria-required=\"true\" aria-invalid=\"false\" value=\"\" type=\"text\" name=\"product-sn\" \/><\/span>\n<\/p>\n<p><strong>Date d'Achat<\/strong>\n<\/p>\n<p><span class=\"wpcf7-form-control-wrap\" data-name=\"date-of-purchase\"><input size=\"40\" class=\"wpcf7-form-control wpcf7-text\" aria-invalid=\"false\" placeholder=\"DD\/MM\/YYYY\" value=\"\" type=\"text\" name=\"date-of-purchase\" \/><\/span>\n<\/p>\n<p><strong>Achet\u00e9 depuis<\/strong>\n<\/p>\n<p><span class=\"wpcf7-form-control-wrap\" data-name=\"purchased-from\"><input size=\"40\" class=\"wpcf7-form-control wpcf7-text wpcf7-validates-as-required\" aria-required=\"true\" aria-invalid=\"false\" value=\"\" type=\"text\" name=\"purchased-from\" \/><\/span>\n<\/p>\n<p>\n<span class=\"wpcf7-form-control-wrap recaptcha\" data-name=\"recaptcha\"><span data-sitekey=\"6LcKauQcAAAAAOVGlfyUW1FnN4KR3-T0nGZ6ULPv\" class=\"wpcf7-form-control wpcf7-recaptcha g-recaptcha\"><\/span>\r\n<noscript>\r\n\t<div class=\"grecaptcha-noscript\">\r\n\t\t<iframe loading=\"lazy\" src=\"https:\/\/www.google.com\/recaptcha\/api\/fallback?k=6LcKauQcAAAAAOVGlfyUW1FnN4KR3-T0nGZ6ULPv\" frameborder=\"0\" scrolling=\"no\" width=\"310\" height=\"430\">\r\n\t\t<\/iframe>\r\n\t\t<textarea name=\"g-recaptcha-response\" rows=\"3\" cols=\"40\" placeholder=\"reCaptcha Response Here\">\r\n\t\t<\/textarea>\r\n\t<\/div>\r\n<\/noscript>\r\n<\/span>\n<\/p>\n<p><input class=\"wpcf7-form-control wpcf7-submit has-spinner\" type=\"submit\" value=\"ENREGISTREMENT\" \/>\n<\/p>\n<div class=\"wpcf7-response-output\" aria-hidden=\"true\"><\/div><p style=\"display: none !important;\" class=\"akismet-fields-container\" data-prefix=\"_wpcf7_ak_\"><label>&#916;<textarea name=\"_wpcf7_ak_hp_textarea\" cols=\"45\" rows=\"8\" maxlength=\"100\"><\/textarea><\/label><input type=\"hidden\" id=\"ak_js_1\" name=\"_wpcf7_ak_js\" value=\"119\"\/><script>document.getElementById( \"ak_js_1\" ).setAttribute( \"value\", ( new Date() ).getTime() );<\/script><\/p>\n<\/form>\n<\/div>\n<\/p><\/div><\/div><\/div><\/div><!--vgRowWrapper--><\/div><\/div><\/div>","protected":false},"excerpt":{"rendered":"<p>ENREGISTREMENT DE GARANTIEL\u2019enregistrement vous assure une garantie pour la p\u00e9riode sp\u00e9cifi\u00e9e dans le document d&#8217;information fourni lors de votre achat.Note: les propri\u00e9taires de Recycleur n&#8217;ont pas besoin de s&#8217;enregistrer pour profiter de la garantie. Cet enregistrent est effectu\u00e9 automatiquement lors du processus d&#8217;achat.<\/p>\n","protected":false},"author":4,"featured_media":0,"parent":1811,"menu_order":0,"comment_status":"open","ping_status":"open","template":"","meta":{"footnotes":""},"class_list":["post-2339","page","type-page","status-publish","hentry"],"_links":{"self":[{"href":"https:\/\/www.apdiving.eu\/fr\/wp-json\/wp\/v2\/pages\/2339","targetHints":{"allow":["GET"]}}],"collection":[{"href":"https:\/\/www.apdiving.eu\/fr\/wp-json\/wp\/v2\/pages"}],"about":[{"href":"https:\/\/www.apdiving.eu\/fr\/wp-json\/wp\/v2\/types\/page"}],"author":[{"embeddable":true,"href":"https:\/\/www.apdiving.eu\/fr\/wp-json\/wp\/v2\/users\/4"}],"replies":[{"embeddable":true,"href":"https:\/\/www.apdiving.eu\/fr\/wp-json\/wp\/v2\/comments?post=2339"}],"version-history":[{"count":6,"href":"https:\/\/www.apdiving.eu\/fr\/wp-json\/wp\/v2\/pages\/2339\/revisions"}],"predecessor-version":[{"id":6023,"href":"https:\/\/www.apdiving.eu\/fr\/wp-json\/wp\/v2\/pages\/2339\/revisions\/6023"}],"up":[{"embeddable":true,"href":"https:\/\/www.apdiving.eu\/fr\/wp-json\/wp\/v2\/pages\/1811"}],"wp:attachment":[{"href":"https:\/\/www.apdiving.eu\/fr\/wp-json\/wp\/v2\/media?parent=2339"}],"curies":[{"name":"wp","href":"https:\/\/api.w.org\/{rel}","templated":true}]}}