{"id":2330,"date":"2014-01-21T14:58:00","date_gmt":"2014-01-21T14:58:00","guid":{"rendered":"http:\/\/ap.msurl.net\/blog\/?page_id=2330"},"modified":"2023-01-26T12:11:23","modified_gmt":"2023-01-26T12:11:23","slug":"register","status":"publish","type":"page","link":"https:\/\/www.apdiving.eu\/fr\/rebreathers\/register\/","title":{"rendered":"Rebreather Registration"},"content":{"rendered":"<div id=\"pl-2330\"  class=\"panel-layout\" ><div id=\"pg-2330-0\"  class=\"panel-grid panel-has-style\" ><div class=\"panel-row-style panel-row-style-for-2330-0\" ><div class=\"vgRowWrapper\"><div id=\"pgc-2330-0-0\"  class=\"panel-grid-cell\" ><div class=\"vgLinkPoint\"><a name=\"les-avantages\"><\/a><input type=\"hidden\" class=\"linkpointtext\" value=\"LES AVANTAGES\" \/><input type=\"hidden\" class=\"linkpointimg\" value=\"https:\/\/www.apdiving.eu\/fr\/wp-content\/uploads\/carousel-bg-metal-apdiving.jpg\" \/><\/div><div id=\"panel-2330-0-0-1\" class=\"so-panel widget widget_black-studio-tinymce widget_black_studio_tinymce panel-last-child\" data-index=\"1\" ><div class=\"textwidget\"><h2>QUELS SONT LES B\u00c9N\u00c9FICES DE L'ENREGISTREMENT ?<\/h2>\n<h4>1. Commande de pi\u00e8ces d\u00e9tach\u00e9es et d\u2019accessoires.<\/h4>\n<p>L'enregistrement vous permet de commander toutes les pi\u00e8ces d\u00e9tach\u00e9es et accessoires dont vous pourriez\u00a0avoir besoin. Les Recycleurs AP Inspiration ainsi que toutes les pi\u00e8ces d\u00e9tach\u00e9es et accessoires ne peuvent \u00eatre vendus que par Ambiant Pressure Diving (ou par notre r\u00e9seau de distributeurs) \u00e0 des plongeurs ayant d\u00e9j\u00e0 \u00e9t\u00e9 certifi\u00e9s par une agence de formation reconnue et s'\u00e9tant enregistr\u00e9s aupr\u00e8s d'APD.<\/p>\n<h4>\u20282. R\u00e9vision en usine.<\/h4>\n<p>L'enregistrement vous permet d'envoyer votre recycleur en r\u00e9vision ou en r\u00e9paration dans notre usine. Un Recycleur AP Inspiration ne pourra pas \u00eatre r\u00e9vis\u00e9 ou r\u00e9par\u00e9 par Ambiant Pressure Diving s'il n'est pas\u00a0enregistr\u00e9 au nom d'un plongeur certifi\u00e9.<\/p>\n<h4>3. Bulletin d\u2019information et Mises \u00e0 jour Techniques.<\/h4>\n<p>L'enregistrement vous permet de rester inform\u00e9 des nouveaux d\u00e9veloppements, des nouveaux produits et des mises \u00e0 jour. Il nous permet aussi de vous faire parvenir toutes les informations concernant votre recycleur.<\/p>\n<p><strong>REMARQUE IMPORTANTE : Parce que notre capacit\u00e9 \u00e0 vous contacter est si importante, nous vous demandons fortement de nous informer d\u00e8s que possible si \u00e0 l'avenir vos coordonn\u00e9es changent - par exemple si vous changez d'adresse e-mail ou de num\u00e9ro de t\u00e9l\u00e9phone ou si vous vendez votre appareil ou achetez un autre AP recycleur.<\/strong><\/p>\n<h4>4. Conseils et Support Technique.<\/h4>\n<p>L'enregistrement permet de recevoir des conseils et avis techniques concernant tout ce qui peut se rapporter \u00e0 votre recycleur et \u00e0 son utilisation, mais aussi vous fournir des conseils et outils si vous souhaitez entretenir ou r\u00e9parer votre recycleur vous-m\u00eame.<\/p>\n<h4>5. Garantir un niveau de pratique.<\/h4>\n<p>Les recycleurs AP Inspiration sont des \u00e9quipements de plong\u00e9es sp\u00e9cifiques. Les utilisateurs doivent avoir une qualification reconnue afin d'assurer leur s\u00e9curit\u00e9 et celle des autres plongeurs. L'enregistrement nous permet de garder\u00a0un certain contr\u00f4le sur ce point. Sans une qualification reconnue, Ambiant Pressure Diving annule toute garantie sur l'utilisation du recycleur. Les plongeurs DOIVENT \u00eatre \u00eatre certifi\u00e9s et avoir l'exp\u00e9rience requise pour l'utilisation de chaque diluant, suivant la profondeur d'\u00e9volution et l'engagement de la plong\u00e9e. Une formation de qualit\u00e9, des certifications reconnues et la n\u00e9cessit\u00e9 d'acqu\u00e9rir graduellement son exp\u00e9rience ne doivent pas \u00eatre sous-estim\u00e9s.<\/p>\n<h4>6. Offres Sp\u00e9ciales<\/h4>\n<p>L'enregistrement permet de recevoir des offres sp\u00e9ciales d'APD ou de ses distributeurs, par exemple le r\u00e9cent S\u00e9jour de Plong\u00e9e aux Galapagos offert par Silent Diving Systems USA.<\/p>\n<\/div><\/div><\/div><\/div><!--vgRowWrapper--><\/div><\/div><div id=\"pg-2330-1\"  class=\"panel-grid panel-has-style\" ><div class=\"sep panel-row-style panel-row-style-for-2330-1\" ><div class=\"vgRowWrapper\"><div id=\"pgc-2330-1-0\"  class=\"panel-grid-cell panel-grid-cell-empty\" ><\/div><div id=\"pgc-2330-1-1\"  class=\"panel-grid-cell panel-grid-cell-mobile-last\" ><div class=\"vgLinkSingle\"><a  class=\"vgLink yellow\" href=\"#!s-enregistrer\">Enregistrer votre Recycleur<\/a><\/div><\/div><div id=\"pgc-2330-1-2\"  class=\"panel-grid-cell panel-grid-cell-empty\" ><\/div><\/div><!--vgRowWrapper--><\/div><\/div><div id=\"pg-2330-2\"  class=\"panel-grid panel-no-style\" ><div class=\"vgRowWrapper\"><div id=\"pgc-2330-2-0\"  class=\"panel-grid-cell panel-grid-cell-mobile-last\" ><div class=\"vgLinkPoint\"><a name=\"recycleurs-d-occasion\"><\/a><input type=\"hidden\" class=\"linkpointtext\" value=\"RECYCLEURS D'OCCASION\" \/><input type=\"hidden\" class=\"linkpointimg\" value=\"https:\/\/www.apdiving.eu\/fr\/wp-content\/uploads\/carousel-bg-metal-apdiving.jpg\" \/><\/div><div id=\"panel-2330-2-0-1\" class=\"so-panel widget widget_black-studio-tinymce widget_black_studio_tinymce panel-last-child\" data-index=\"4\" ><div class=\"textwidget\"><h2 style=\"text-align: left;\">ACHAT D'UN RECYCLEUR D'OCCASION<\/h2>\n<p><strong>Avant tout achat<\/strong>\u00a0: n'h\u00e9sitez \u00e0 nous contacter si vous souhaitez conna\u00eetre le propri\u00e9taire du recycleur et avoir toutes les informations concernant les \u00e9ventuelles r\u00e9visions et r\u00e9parations.<\/p>\n<p><strong>Apr\u00e8s l'achat<\/strong>\u00a0: si vous avez achet\u00e9 un recycleur d'occasion et que vous n'\u00eates pas certifi\u00e9, nous vous recommandons de nous contacter au\u00a0plus t\u00f4t afin de vous faire conna\u00eetre.\u00a0Nous vous recommandons fortement DE NE PAS PLONGER tant que vous n'aurez pas suivi une formation adapt\u00e9e et reconnue et que le recycleur n'aura pas \u00e9t\u00e9 r\u00e9vis\u00e9 dans notre usine ou par un instructeur\/technicien AP Inspiration. Nous vous invitons \u00e0 prendre contact avec nous afin que nous puissions discuter ensemble de tous les avantages offert par un enregistrement de votre recycleur.<\/p>\n<p><strong>Etes-vous form\u00e9\u00a0?<\/strong><\/p>\n<p>Les recycleurs AP Inspiration sont des \u00e9quipements de plong\u00e9es sp\u00e9cifiques et ne peuvent \u00eatre vendus qu'\u00e0 des plongeurs certifi\u00e9 par une agence de formation reconnue. Il est absolument essentiel que votre niveau de pratique corresponde \u00e0 votre qualification et exp\u00e9rience.<\/p>\n<\/div><\/div><\/div><div id=\"pgc-2330-2-1\"  class=\"panel-grid-cell panel-grid-cell-empty\" ><\/div><\/div><!--vgRowWrapper--><\/div><div id=\"pg-2330-3\"  class=\"panel-grid panel-has-style\" ><div class=\"sep panel-row-style panel-row-style-for-2330-3\" ><div class=\"vgRowWrapper\"><div id=\"pgc-2330-3-0\"  class=\"panel-grid-cell panel-grid-cell-empty\" ><\/div><div id=\"pgc-2330-3-1\"  class=\"panel-grid-cell panel-grid-cell-mobile-last\" ><div class=\"vgLinkSingle\"><a  class=\"vgLink yellow\" href=\"https:\/\/apdiving.eu\/fr\/training\/\">TROUVER UN FORMATEUR<\/a><\/div><\/div><div id=\"pgc-2330-3-2\"  class=\"panel-grid-cell panel-grid-cell-empty\" ><\/div><\/div><!--vgRowWrapper--><\/div><\/div><div id=\"pg-2330-4\"  class=\"panel-grid panel-has-style\" ><div class=\"vgfull vg-spacing panel-row-style panel-row-style-for-2330-4\" ><div class=\"vgRowWrapper\"><div id=\"pgc-2330-4-0\"  class=\"panel-grid-cell\" ><div class=\"vgLinkPoint\"><a name=\"s-enregistrer\"><\/a><input type=\"hidden\" class=\"linkpointtext\" value=\"S'ENREGISTRER\" \/><input type=\"hidden\" class=\"linkpointimg\" value=\"https:\/\/www.apdiving.eu\/fr\/wp-content\/uploads\/carousel-bg-metal-apdiving.jpg\" \/><\/div><div id=\"panel-2330-4-0-1\" class=\"so-panel widget widget_black-studio-tinymce widget_black_studio_tinymce panel-last-child\" data-index=\"7\" ><div class=\"textwidget\"><h2>ENREGISTRER VOTRE RECYCLEUR<\/h2>\n<p>\n<div class=\"wpcf7 no-js\" id=\"wpcf7-f2329-o1\" lang=\"en-US\" dir=\"ltr\">\n<div class=\"screen-reader-response\"><p role=\"status\" aria-live=\"polite\" aria-atomic=\"true\"><\/p> <ul><\/ul><\/div>\n<form action=\"\/fr\/wp-json\/wp\/v2\/pages\/2330#wpcf7-f2329-o1\" method=\"post\" class=\"wpcf7-form init\" aria-label=\"Contact form\" enctype=\"multipart\/form-data\" novalidate=\"novalidate\" data-status=\"init\">\n<div style=\"display: none;\">\n<input type=\"hidden\" name=\"_wpcf7\" value=\"2329\" \/>\n<input type=\"hidden\" name=\"_wpcf7_version\" value=\"5.9.5\" \/>\n<input type=\"hidden\" name=\"_wpcf7_locale\" value=\"en_US\" \/>\n<input type=\"hidden\" name=\"_wpcf7_unit_tag\" value=\"wpcf7-f2329-o1\" \/>\n<input type=\"hidden\" name=\"_wpcf7_container_post\" value=\"0\" \/>\n<input type=\"hidden\" name=\"_wpcf7_posted_data_hash\" value=\"\" \/>\n<input type=\"hidden\" name=\"_wpcf7_recaptcha_response\" value=\"\" \/>\n<\/div>\n<div class=\"wpcf7-response-output\" aria-hidden=\"true\"><\/div>\n<h4>D\u00e9tails de l'Acheteur\n<\/h4>\n<p>* = champs obligatoire\n<\/p>\n<p><strong>Pr\u00e9nom*<\/strong>\n<\/p>\n<p><span class=\"wpcf7-form-control-wrap\" data-name=\"first-name\"><input size=\"40\" class=\"wpcf7-form-control wpcf7-text wpcf7-validates-as-required\" aria-required=\"true\" aria-invalid=\"false\" value=\"\" type=\"text\" name=\"first-name\" \/><\/span>\n<\/p>\n<p><strong>Nom*<\/strong>\n<\/p>\n<p><span class=\"wpcf7-form-control-wrap\" data-name=\"surname\"><input size=\"40\" class=\"wpcf7-form-control wpcf7-text wpcf7-validates-as-required\" aria-required=\"true\" aria-invalid=\"false\" value=\"\" type=\"text\" name=\"surname\" \/><\/span>\n<\/p>\n<p><strong>Adresse*\u2028\u2028\u2028\u2028\u2028\u2028\u2028<\/strong>\n<\/p>\n<p><span class=\"wpcf7-form-control-wrap\" data-name=\"add-line-1\"><input size=\"40\" class=\"wpcf7-form-control wpcf7-text wpcf7-validates-as-required\" aria-required=\"true\" aria-invalid=\"false\" placeholder=\"Nom de b\u00e2timent \/ Num\u00e9ro de rue\" value=\"\" type=\"text\" name=\"add-line-1\" \/><\/span>\n<\/p>\n<p><span class=\"wpcf7-form-control-wrap\" data-name=\"add-line-2\"><input size=\"40\" class=\"wpcf7-form-control wpcf7-text\" aria-invalid=\"false\" placeholder=\"Rue\" value=\"\" type=\"text\" name=\"add-line-2\" \/><\/span>\n<\/p>\n<p><span class=\"wpcf7-form-control-wrap\" data-name=\"add-line-3\"><input size=\"40\" class=\"wpcf7-form-control wpcf7-text\" aria-invalid=\"false\" placeholder=\"Ville\" value=\"\" type=\"text\" name=\"add-line-3\" \/><\/span>\n<\/p>\n<p><span class=\"wpcf7-form-control-wrap\" data-name=\"add-line-4\"><input size=\"40\" class=\"wpcf7-form-control wpcf7-text\" aria-invalid=\"false\" placeholder=\"R\u00e9gion \/ Etat\" value=\"\" type=\"text\" name=\"add-line-4\" \/><\/span>\n<\/p>\n<p><strong>Code postal*<\/strong>\n<\/p>\n<p><span class=\"wpcf7-form-control-wrap\" data-name=\"postcode\"><input size=\"40\" class=\"wpcf7-form-control wpcf7-text wpcf7-validates-as-required\" aria-required=\"true\" aria-invalid=\"false\" value=\"\" type=\"text\" name=\"postcode\" \/><\/span>\n<\/p>\n<p><strong>Num\u00e9ro de t\u00e9l\u00e9phone (journ\u00e9e)*<\/strong>\n<\/p>\n<p><span class=\"wpcf7-form-control-wrap\" data-name=\"dtpnum\"><input size=\"40\" class=\"wpcf7-form-control wpcf7-text wpcf7-validates-as-required\" aria-required=\"true\" aria-invalid=\"false\" value=\"\" type=\"text\" name=\"dtpnum\" \/><\/span>\n<\/p>\n<p><strong>Num\u00e9ro de t\u00e9l\u00e9phone (soir\u00e9e)*<\/strong>\n<\/p>\n<p><span class=\"wpcf7-form-control-wrap\" data-name=\"evpnum\"><input size=\"40\" class=\"wpcf7-form-control wpcf7-text wpcf7-validates-as-required\" aria-required=\"true\" aria-invalid=\"false\" value=\"\" type=\"text\" name=\"evpnum\" \/><\/span>\n<\/p>\n<p><strong>Adresse email* <\/strong>\n<\/p>\n<p><span class=\"wpcf7-form-control-wrap\" data-name=\"email\"><input size=\"40\" class=\"wpcf7-form-control wpcf7-email wpcf7-validates-as-required wpcf7-text wpcf7-validates-as-email\" aria-required=\"true\" aria-invalid=\"false\" value=\"\" type=\"email\" name=\"email\" \/><\/span>\n<\/p>\n<h4>Inscrivez-vous pour recevoir les e-mails des utilisateurs Inspiration\n<\/h4>\n<p>Pour les utilisateurs d'Inspiration uniquement - la newsletter par e-mail est une chose peu fr\u00e9quente mais un moyen essentiel pour nous de vous tenir inform\u00e9 de tout changement apport\u00e9 aux produits existants, de relayer tout probl\u00e8me de s\u00e9curit\u00e9 ou de nouvelles pratiques recommand\u00e9es, de publier des mises \u00e0 jour importantes (par exemple un nouveau logiciel) et de de temps en temps, introduire de nouveaux produits ou publier toute autre nouvelle.\n<\/p>\n<p>Nous vous recommandons fortement de vous inscrire \u00e0 la newsletter par e-mail des utilisateurs ci-dessous pour rester en contact et rester inform\u00e9.\n<\/p>\n<p><span class=\"wpcf7-form-control-wrap\" data-name=\"newsletter\"><span class=\"wpcf7-form-control wpcf7-checkbox\"><span class=\"wpcf7-list-item first last\"><input type=\"checkbox\" name=\"newsletter[]\" value=\"Veuillez cocher ici, si vous souhaitez rejoindre la liste de diffusion Inspiration-User\" \/><span class=\"wpcf7-list-item-label\">Veuillez cocher ici, si vous souhaitez rejoindre la liste de diffusion Inspiration-User<\/span><\/span><\/span><\/span>\n<\/p>\n<p>Vous pouvez vous d\u00e9sabonner \u00e0 tout moment en nous contactant ou en cliquant sur cette option au bas de la newsletter.\n<\/p>\n<h4>D\u00e9tails du Recycleur\n<\/h4>\n<p><strong>Lieu de l'achat*<\/strong>\n<\/p>\n<p><span class=\"wpcf7-form-control-wrap\" data-name=\"place-of-purchase\"><input size=\"40\" class=\"wpcf7-form-control wpcf7-text wpcf7-validates-as-required\" aria-required=\"true\" aria-invalid=\"false\" value=\"\" type=\"text\" name=\"place-of-purchase\" \/><\/span>\n<\/p>\n<p><strong>Date d'achat*<\/strong>\n<\/p>\n<p><span class=\"wpcf7-form-control-wrap\" data-name=\"date-of-purchase\"><input size=\"40\" class=\"wpcf7-form-control wpcf7-text\" aria-invalid=\"false\" placeholder=\"JJ\/MM\/AAAA\" value=\"\" type=\"text\" name=\"date-of-purchase\" \/><\/span>\n<\/p>\n<p><strong>Num\u00e9ro de s\u00e9rie de la cartouche filtrante*<\/strong>\n<\/p>\n<p><span class=\"wpcf7-form-control-wrap\" data-name=\"scrubber-assem-sn\"><input size=\"40\" class=\"wpcf7-form-control wpcf7-text wpcf7-validates-as-required\" aria-required=\"true\" aria-invalid=\"false\" value=\"\" type=\"text\" name=\"scrubber-assem-sn\" \/><\/span>\n<\/p>\n<p><strong>Num\u00e9ro de s\u00e9rie du gilet<\/strong>\n<\/p>\n<p><span class=\"wpcf7-form-control-wrap\" data-name=\"buoy-comp-sn\"><input size=\"40\" class=\"wpcf7-form-control wpcf7-text\" aria-invalid=\"false\" value=\"\" type=\"text\" name=\"buoy-comp-sn\" \/><\/span>\n<\/p>\n<p><strong>Etat du recycleur*<\/strong><br \/>\n<span class=\"wpcf7-form-control-wrap\" data-name=\"condition\"><span class=\"wpcf7-form-control wpcf7-radio\" id=\"Condition\"><span class=\"wpcf7-list-item first\"><input type=\"radio\" name=\"condition\" value=\"Neuf\" \/><span class=\"wpcf7-list-item-label\">Neuf<\/span><\/span><span class=\"wpcf7-list-item last\"><input type=\"radio\" name=\"condition\" value=\"Occasion\" \/><span class=\"wpcf7-list-item-label\">Occasion<\/span><\/span><\/span><\/span>\n<\/p>\n<p><strong>S'il s'agit d'un recycleur d'occasion, quel sont les Nom\/Pr\u00e9nom du pr\u00e9c\u00e9dent propri\u00e9taire<\/strong>\n<\/p>\n<p><span class=\"wpcf7-form-control-wrap\" data-name=\"previous-owner\"><input size=\"40\" class=\"wpcf7-form-control wpcf7-text\" aria-invalid=\"false\" value=\"\" type=\"text\" name=\"previous-owner\" \/><\/span>\n<\/p>\n<p>Copie de votre Certification (2MB max) seulement aux formats PDF, JPG, GIF, DOC, DOCX & PNG<br \/>\n<span class=\"wpcf7-form-control-wrap\" data-name=\"cert\"><input size=\"40\" class=\"wpcf7-form-control wpcf7-file\" accept=\".pdf,.jpg,.gif,.png,.jpeg,.doc,.docx\" aria-invalid=\"false\" type=\"file\" name=\"cert\" \/><\/span>\n<\/p>\n<p>Note : pour compl\u00e9ter le processus d'enregistrement et \u00eatre \u00e9ligible \u00e0 tous les avantages, nous avons imp\u00e9rativement besoin d'une copie de votre certification. Vous pouvez nous la faire parvenir par voie postale, fax ou en pi\u00e8ce jointe d'un email \u2013 Contactez-nous\n<\/p>\n<p>\n<span class=\"wpcf7-form-control-wrap recaptcha\" data-name=\"recaptcha\"><span data-sitekey=\"6LcKauQcAAAAAOVGlfyUW1FnN4KR3-T0nGZ6ULPv\" class=\"wpcf7-form-control wpcf7-recaptcha g-recaptcha\"><\/span>\r\n<noscript>\r\n\t<div class=\"grecaptcha-noscript\">\r\n\t\t<iframe loading=\"lazy\" src=\"https:\/\/www.google.com\/recaptcha\/api\/fallback?k=6LcKauQcAAAAAOVGlfyUW1FnN4KR3-T0nGZ6ULPv\" frameborder=\"0\" scrolling=\"no\" width=\"310\" height=\"430\">\r\n\t\t<\/iframe>\r\n\t\t<textarea name=\"g-recaptcha-response\" rows=\"3\" cols=\"40\" placeholder=\"reCaptcha Response Here\">\r\n\t\t<\/textarea>\r\n\t<\/div>\r\n<\/noscript>\r\n<\/span>\n<\/p>\n<p><input class=\"wpcf7-form-control wpcf7-submit has-spinner\" type=\"submit\" value=\"Enregistrer\" \/>\n<\/p>\n<h4>Confidentialit\u00e9\n<\/h4>\n<p>Toutes les informations fournies dans ce formulaire restent strictement confidentielles et ne seront transmises \u00e0 personne en dehors d'AP Diving\n<\/p>\n<div class=\"wpcf7-response-output\" aria-hidden=\"true\"><\/div><p style=\"display: none !important;\" class=\"akismet-fields-container\" data-prefix=\"_wpcf7_ak_\"><label>&#916;<textarea name=\"_wpcf7_ak_hp_textarea\" cols=\"45\" rows=\"8\" maxlength=\"100\"><\/textarea><\/label><input type=\"hidden\" id=\"ak_js_1\" name=\"_wpcf7_ak_js\" value=\"64\"\/><script>document.getElementById( \"ak_js_1\" ).setAttribute( \"value\", ( new Date() ).getTime() );<\/script><\/p>\n<\/form>\n<\/div>\n<\/p>\n<\/div><\/div><\/div><\/div><!--vgRowWrapper--><\/div><\/div><\/div>","protected":false},"excerpt":{"rendered":"<p>QUELS SONT LES B\u00c9N\u00c9FICES DE L&#8217;ENREGISTREMENT ? 1. Commande de pi\u00e8ces d\u00e9tach\u00e9es et d\u2019accessoires. L&#8217;enregistrement vous permet de commander toutes les pi\u00e8ces d\u00e9tach\u00e9es et accessoires dont vous pourriez\u00a0avoir besoin. Les Recycleurs AP Inspiration ainsi que toutes les pi\u00e8ces d\u00e9tach\u00e9es et accessoires ne peuvent \u00eatre vendus que par Ambiant Pressure Diving (ou par notre r\u00e9seau de <a href=\"https:\/\/www.apdiving.eu\/fr\/rebreathers\/register\/\">[Read More &hellip;]<\/a><\/p>\n","protected":false},"author":4,"featured_media":0,"parent":7,"menu_order":0,"comment_status":"open","ping_status":"open","template":"","meta":{"footnotes":""},"class_list":["post-2330","page","type-page","status-publish","hentry"],"_links":{"self":[{"href":"https:\/\/www.apdiving.eu\/fr\/wp-json\/wp\/v2\/pages\/2330","targetHints":{"allow":["GET"]}}],"collection":[{"href":"https:\/\/www.apdiving.eu\/fr\/wp-json\/wp\/v2\/pages"}],"about":[{"href":"https:\/\/www.apdiving.eu\/fr\/wp-json\/wp\/v2\/types\/page"}],"author":[{"embeddable":true,"href":"https:\/\/www.apdiving.eu\/fr\/wp-json\/wp\/v2\/users\/4"}],"replies":[{"embeddable":true,"href":"https:\/\/www.apdiving.eu\/fr\/wp-json\/wp\/v2\/comments?post=2330"}],"version-history":[{"count":10,"href":"https:\/\/www.apdiving.eu\/fr\/wp-json\/wp\/v2\/pages\/2330\/revisions"}],"predecessor-version":[{"id":7071,"href":"https:\/\/www.apdiving.eu\/fr\/wp-json\/wp\/v2\/pages\/2330\/revisions\/7071"}],"up":[{"embeddable":true,"href":"https:\/\/www.apdiving.eu\/fr\/wp-json\/wp\/v2\/pages\/7"}],"wp:attachment":[{"href":"https:\/\/www.apdiving.eu\/fr\/wp-json\/wp\/v2\/media?parent=2330"}],"curies":[{"name":"wp","href":"https:\/\/api.w.org\/{rel}","templated":true}]}}