{"id":20,"date":"2013-07-22T15:32:30","date_gmt":"2013-07-22T15:32:30","guid":{"rendered":"http:\/\/ap.msurl.net\/blog\/?page_id=20"},"modified":"2021-10-21T13:27:16","modified_gmt":"2021-10-21T13:27:16","slug":"service","status":"publish","type":"page","link":"https:\/\/www.apdiving.eu\/fr\/service\/","title":{"rendered":"Service"},"content":{"rendered":"<div id=\"pl-20\"  class=\"panel-layout\" ><div id=\"pg-20-0\"  class=\"panel-grid panel-no-style\" ><div class=\"vgRowWrapper\"><div id=\"pgc-20-0-0\"  class=\"panel-grid-cell panel-grid-cell-empty\" ><\/div><div id=\"pgc-20-0-1\"  class=\"panel-grid-cell panel-grid-cell-mobile-last\" ><div id=\"panel-20-0-1-0\" class=\"so-panel widget widget_black-studio-tinymce widget_black_studio_tinymce panel-first-child\" data-index=\"0\" ><div class=\"textwidget\"><h1 style=\"text-align: center;\">ENTRETIEN DES RECYCLEURS ET GILETS<\/h1>\n<h3 style=\"text-align: center;\">Pourquoi dois-je faire r\u00e9viser mon \u00e9quipement par AP\u00a0?\u2028<\/h3>\n<p>AP Diving est connu mondialement pour la\u00a0qualit\u00e9 et\u00a0la\u00a0fiabilit\u00e9 de ses \u00e9quipements et services. Nous maintenons cette r\u00e9putation en continuant de fabriquer sur place 95\u00a0% de nos produits. Ceci garanti un contr\u00f4le complet de tout le processus de fabrication, de l'id\u00e9e d\u00e9part, au design, \u00e0 la fabrication des outils, l'usinage, le moulage, l'assemblage, les tests, les contr\u00f4les qualit\u00e9 et, en bout de cha\u00eene, le produit fini. Cela signifie aussi que nous pouvons toujours vous offrir un service apr\u00e8s-vente sans commune mesure \u2013 car nous sommes aussi des plongeurs et nous connaissons tr\u00e8s bien nos produits.<\/p>\n<p>\u00a0<\/p>\n<\/div><\/div><div class=\"vgLinkSingle\"><a  class=\"vgLink yellow\" href=\"https:\/\/apdiving.eu\/fr\/wp-content\/uploads\/FR-ServiceForm.pdf\">TELECHARGEZ UN FORMULAIRE DE DEMANDE D'ENTRETIEN<\/a><\/div><\/div><div id=\"pgc-20-0-2\"  class=\"panel-grid-cell panel-grid-cell-empty\" ><\/div><\/div><!--vgRowWrapper--><\/div><div id=\"pg-20-1\"  class=\"panel-grid panel-has-style\" ><div class=\"vg-more panel-row-style panel-row-style-for-20-1\" ><div class=\"vgRowWrapper\"><div id=\"pgc-20-1-0\"  class=\"panel-grid-cell panel-grid-cell-empty\" ><\/div><div id=\"pgc-20-1-1\"  class=\"panel-grid-cell panel-grid-cell-mobile-last\" ><div id=\"panel-20-1-1-0\" class=\"so-panel widget widget_black-studio-tinymce widget_black_studio_tinymce panel-first-child panel-last-child\" data-index=\"2\" ><div class=\"textwidget\"><p>La r\u00e9vision de nos produits est disponible directement aupr\u00e8s de notre Service Entretien, dans notre usine, dans le\u00a0Cornwall - GB, o\u00f9 nous gardons un important stock de pi\u00e8ces d\u00e9tach\u00e9es disponibles imm\u00e9diatement.<\/p><p>Bien que nous choisissions des mat\u00e9riaux durables et concevions nos produits pour r\u00e9sister \u00e0 l'\u00e9preuve du temps, votre \u00e9quipement va \u00eatre soumis \u00e0 des conditions environnementales extr\u00eames. Les piscines avec des concentrations de produits chimiques importantes, les temp\u00e9ratures extr\u00eames, les expositions prolong\u00e9es aux UV aussi bien que les d\u00e9p\u00f4ts de sel et de sable. En r\u00e9visant votre \u00e9quipement r\u00e9guli\u00e8rement, vous le prot\u00e9gerez de dommages permanents et ne plongerez pas avec le stress de vous demander ce qui va pouvoir aller de travers.<\/p><h4>Notre approche<\/h4><p>Nous d\u00e9montons, nettoyons, remontons et rempla\u00e7ons certaines pi\u00e8ces us\u00e9es si n\u00e9cessaire. Des pi\u00e8ces, telles que les joints toriques ou les si\u00e8ges-clapets, sont consid\u00e9r\u00e9es comme consommables et seront syst\u00e9matiquement chang\u00e9es. Votre \u00e9quipement sera alors test\u00e9 pour s'assurer de son bon fonctionnement avant d'\u00eatre emball\u00e9s avec pr\u00e9caution et\u00a0de vous \u00eatre r\u00e9-exp\u00e9di\u00e9 en temps et en heure. Nous proposons aussi des contrats d'entretien, suivant les m\u00eames standards, avec des organisations commerciales ou militaires, vous assurant ainsi que votre \u00e9quipement est entre de bonnes mains.<\/p><p>Nous assurons les entretiens et r\u00e9visions uniquement pour les produits fabriqu\u00e9s par AP Diving. Nous n'avons pas les pi\u00e8ces et la formation n\u00e9cessaire pour assurer ce genre de service pour les produits d'autres fabricants.<\/p><p>\u00a0<\/p><\/div><\/div><\/div><div id=\"pgc-20-1-2\"  class=\"panel-grid-cell panel-grid-cell-empty\" ><\/div><\/div><!--vgRowWrapper--><\/div><\/div><div id=\"pg-20-2\"  class=\"panel-grid panel-has-style\" ><div class=\"vgfull vg-spacing panel-row-style panel-row-style-for-20-2\" ><div class=\"vgRowWrapper\"><div id=\"pgc-20-2-0\"  class=\"panel-grid-cell panel-grid-cell-mobile-last\" ><div id=\"panel-20-2-0-0\" class=\"so-panel widget widget_black-studio-tinymce widget_black_studio_tinymce panel-first-child panel-last-child\" data-index=\"3\" ><div class=\"textwidget\"><h3>Que type de service d'entretien ou de r\u00e9vision proposons-nous ?<\/h3>\n<p>Nous offrons des services d'entretien ou de r\u00e9vision compl\u00e8te pour tous nos produits : des robinets de bouteille \u00e0 l\u2019\u00e9lectronique des recycleurs. Les produits types que nous r\u00e9visons sont\u00a0:<\/p>\n<\/div><\/div><\/div><div id=\"pgc-20-2-1\"  class=\"panel-grid-cell panel-grid-cell-empty\" ><\/div><\/div><!--vgRowWrapper--><\/div><\/div><div id=\"pg-20-3\"  class=\"panel-grid panel-has-style\" ><div class=\"vgfull  panel-row-style panel-row-style-for-20-3\" ><div class=\"vgRowWrapper\"><div id=\"pgc-20-3-0\"  class=\"panel-grid-cell\" ><div id=\"panel-20-3-0-0\" class=\"so-panel widget widget_black-studio-tinymce widget_black_studio_tinymce panel-first-child panel-last-child\" data-index=\"4\" ><div class=\"textwidget\"><h5>Recycleur \/ Circuit-Ferm\u00e9<\/h5>\n<ul>\n<li>Faux-Poumons<\/li>\n<li>Gilet Wing<\/li>\n<li>Embout Circuit-Ouvert de Secours (BOV \/ OCB)<\/li>\n<li>Embout<\/li>\n<li>Inflateur<\/li>\n<li>D\u00e9tendeur Automatique de Diluant (ADV)<\/li>\n<li>Premier Etage (Uniquement de marque AP)\u00a0<\/li>\n<li>Flexible Moyenne et Haute pression<\/li>\n<li>Electronique Classique<\/li>\n<li>Electronique Vision<\/li>\n<\/ul>\n<\/div><\/div><\/div><div id=\"pgc-20-3-1\"  class=\"panel-grid-cell\" ><div id=\"panel-20-3-1-0\" class=\"so-panel widget widget_black-studio-tinymce widget_black_studio_tinymce panel-first-child panel-last-child\" data-index=\"5\" ><div class=\"textwidget\"><h5>Gilet \/ Circuit-Ouvert<\/h5>\n<ul>\n<li>Cellule Flottabilit\u00e9 (vessie interne)<\/li>\n<li>Inflateur et Embout Respiratoire<\/li>\n<li>Mini Bouteille et Robinet<\/li>\n<li>Flexible Moyenne Pression<\/li>\n<\/ul>\n<h5>\u00a0Accessoires<\/h5>\n<ul>\n<li>Alarme Auditive Blast Air<\/li>\n<\/ul>\n<\/div><\/div><\/div><\/div><!--vgRowWrapper--><\/div><\/div><div id=\"pg-20-4\"  class=\"panel-grid panel-has-style\" ><div class=\"sep panel-row-style panel-row-style-for-20-4\" ><div class=\"vgRowWrapper\"><div id=\"pgc-20-4-0\"  class=\"panel-grid-cell panel-grid-cell-mobile-last\" ><div id=\"panel-20-4-0-0\" class=\"so-panel widget widget_black-studio-tinymce widget_black_studio_tinymce panel-first-child panel-last-child\" data-index=\"6\" ><div class=\"textwidget\"><p>Nous suivons notre \u00ab\u00a0Guide d'Entretien\u00a0\u00bb pour estimer\u00a0le tarif de r\u00e9paration ou de r\u00e9vision de votre \u00e9quipement. De cette fa\u00e7on, nous pouvons vous donner \u00e0 l'avance une bonne id\u00e9e de ce que vous allez payer. Cependant, chaque \u00e9l\u00e9ment \u00e9tant inspect\u00e9\u00a0individuellement, nous vous contacterons si nous pensons que le co\u00fbt d\u00e9passe le montant initialement pr\u00e9vu.<\/p><\/div><\/div><\/div><div id=\"pgc-20-4-1\"  class=\"panel-grid-cell panel-grid-cell-empty\" ><\/div><\/div><!--vgRowWrapper--><\/div><\/div><div id=\"pg-20-5\"  class=\"panel-grid panel-has-style\" ><div class=\"sep panel-row-style panel-row-style-for-20-5\" ><div class=\"vgRowWrapper\"><div id=\"pgc-20-5-0\"  class=\"panel-grid-cell panel-grid-cell-mobile-last\" ><div id=\"panel-20-5-0-0\" class=\"so-panel widget widget_black-studio-tinymce widget_black_studio_tinymce panel-first-child panel-last-child\" data-index=\"7\" ><div class=\"textwidget\"><h4>Quelle est la p\u00e9riodicit\u00e9 de r\u00e9vision de mon \u00e9quipement\u00a0?<\/h4>\n<p>La maintenance des \u00e9quipements de plong\u00e9e est quasi permanent. Nous vous recommandons le calendrier d'entretien suivant\u00a0:<\/p>\n<h5>R\u00e9vision annuelle<\/h5>\n<p>Premier \u00e9tage<br \/>\n Auto-Air<br \/>\nOCB (BOV)<\/p>\n<h5>Tous les 2 ans 1\/2 (ou selon la r\u00e9glementation en vigueur dans chaque pays)<\/h5>\n<p>Inspection visuelle interne des bouteilles<\/p>\n<h5>Tous les 5 ans (ou selon la r\u00e9glementation en vigueur dans chaque pays)<\/h5>\n<p>Requalification hydrostatique des bouteilles<\/p>\n<p>(AP Diving ne propose pas ce genre de service mais nous pouvons mettre en place un calendrier d'\u00e9change des mini-bouteille de gilet)<\/p>\n<h5>Tous les 7 ans<\/h5>\n<p>Remplacer tous les joints toriques<\/p>\n<\/div><\/div><\/div><div id=\"pgc-20-5-1\"  class=\"panel-grid-cell panel-grid-cell-empty\" ><\/div><\/div><!--vgRowWrapper--><\/div><\/div><div id=\"pg-20-6\"  class=\"panel-grid panel-has-style\" ><div class=\"sep panel-row-style panel-row-style-for-20-6\" ><div class=\"vgRowWrapper\"><div id=\"pgc-20-6-0\"  class=\"panel-grid-cell\" ><div id=\"panel-20-6-0-0\" class=\"so-panel widget widget_black-studio-tinymce widget_black_studio_tinymce panel-first-child panel-last-child\" data-index=\"8\" ><div class=\"textwidget\"><h4>AP Diving apporte t-il ses services aux produits estampill\u00e9s AP Valves \u00ab\u00a0Buddy\u00a0\u00bb\u00a0?<\/h4>\n<p>Oui, bien sur. La gamme de produits AP Valves BUDDY a \u00e9t\u00e9 renomm\u00e9e gamme AP Commando sous la marque AP diving. Globalement, ce sont les m\u00eames excellents produits, fabriqu\u00e9s par les m\u00eames personnes mais sous un autre nom. Nous incitons nos clients poss\u00e9dant un \u00e9quipement BUDDY Commando, Explorer, Ranger, Sport, Trident, Tekwing, Pionner, Profile, Slimline ou d'autres variantes, de penser \u00e0 faire r\u00e9viser leurs \u00e9quipements ou m\u00eame de passer \u00e0 un de nos mod\u00e8les plus r\u00e9cents.<\/p>\n<\/div><\/div><\/div><\/div><!--vgRowWrapper--><\/div><\/div><div id=\"pg-20-7\"  class=\"panel-grid panel-has-style\" ><div class=\"sep panel-row-style panel-row-style-for-20-7\" ><div class=\"vgRowWrapper\"><div id=\"pgc-20-7-0\"  class=\"panel-grid-cell\" ><div id=\"panel-20-7-0-0\" class=\"so-panel widget widget_black-studio-tinymce widget_black_studio_tinymce panel-first-child panel-last-child\" data-index=\"9\" ><div class=\"textwidget\"><h4>Combien de temps cela prendra t-il pour faire r\u00e9viser mon mat\u00e9riel par AP Diving\u00a0?<\/h4>\n<p>Nos \u00e9quipes assurant les r\u00e9visions ont pour but de r\u00e9viser votre \u00e9quipement et vous le renvoyer sous 5 jours ouvr\u00e9s. L'\u00e9lectronique des recycleurs demande un peu plus d'attention mais nous essayons d'y parvenir en 10 \u00e0 14 jours. Durant les p\u00e9riodes de forte activit\u00e9, les d\u00e9lais peuvent \u00eatre un peu plus longs. Ceci arrive souvent au d\u00e9but ou \u00e0 la fin de la saison de plong\u00e9e en Angleterre et juste apr\u00e8s les Salons. Si vous avez besoin de r\u00e9cup\u00e9rer votre \u00e9quipement dans un d\u00e9lai pr\u00e9cis, merci de nous le faire savoir et nous ferons tout notre possible pour y parvenir.\u00a0<\/p>\n<\/div><\/div><\/div><\/div><!--vgRowWrapper--><\/div><\/div><div id=\"pg-20-8\"  class=\"panel-grid panel-has-style\" ><div class=\"sep panel-row-style panel-row-style-for-20-8\" ><div class=\"vgRowWrapper\"><div id=\"pgc-20-8-0\"  class=\"panel-grid-cell\" ><div id=\"panel-20-8-0-0\" class=\"so-panel widget widget_black-studio-tinymce widget_black_studio_tinymce panel-first-child panel-last-child\" data-index=\"10\" ><div class=\"textwidget\"><h4>Que dois-je faire pour faire r\u00e9viser mon \u00e9quipement\u00a0?<\/h4>\n<p>Rien de plus facile. <a href=\"https:\/\/apdiving.eu\/fr\/wp-content\/uploads\/Servicing-Form.pdf\" target=\"_blank\">T\u00e9l\u00e9chargez notre Formulaire de R\u00e9vision<\/a> et suivez simplement les instructions. Assurez-vous d'y joindre vos\u00a0coordonn\u00e9es, une description du travail \u00e0 effectuer et toute panne connue. Pas besoin de trop d\u00e9tailler, car notre \u00e9quipe vous contactera, avant de commencer le travail, pour discuter des travaux \u00e0 effectuer et du co\u00fbt des op\u00e9rations. Joignez ce formulaire \u00e0 votre \u00e9quipement et choisissez une m\u00e9thode pour nous les faire parvenir (voir options ci-dessous).<\/p>\n<\/div><\/div><\/div><\/div><!--vgRowWrapper--><\/div><\/div><div id=\"pg-20-9\"  class=\"panel-grid panel-has-style\" ><div class=\"vgfull  panel-row-style panel-row-style-for-20-9\" ><div class=\"vgRowWrapper\"><div id=\"pgc-20-9-0\"  class=\"panel-grid-cell panel-grid-cell-mobile-last\" ><div id=\"panel-20-9-0-0\" class=\"so-panel widget widget_black-studio-tinymce widget_black_studio_tinymce panel-first-child panel-last-child\" data-index=\"11\" ><div class=\"textwidget\"><h4>Comment vous envoyez mon \u00e9quipement\u00a0?<\/h4>\n<p>Il existe deux\u00a0possibilit\u00e9s pour nous faire parvenir votre \u00e9quipement. Choisissez le plus pratique pour vous, mais assurez-vous toujours de joindre un Formulaire de R\u00e9vision AP Diving duement rempli.<\/p>\n<\/div><\/div><\/div><div id=\"pgc-20-9-1\"  class=\"panel-grid-cell panel-grid-cell-empty\" ><\/div><\/div><!--vgRowWrapper--><\/div><\/div><div id=\"pg-20-10\"  class=\"panel-grid panel-no-style\" ><div class=\"vgRowWrapper\"><div id=\"pgc-20-10-0\"  class=\"panel-grid-cell\" ><div id=\"panel-20-10-0-0\" class=\"so-panel widget widget_black-studio-tinymce widget_black_studio_tinymce panel-first-child panel-last-child\" data-index=\"12\" ><div class=\"textwidget\"><h5>1. Par voie postale<\/h5>\n<p><img loading=\"lazy\" decoding=\"async\" width=\"298\" height=\"92\" class=\" wp-image-1890 alignnone\" src=\"https:\/\/apdiving.eu\/fr\/wp-content\/uploads\/service-postage-types-apdiving-post.jpg\" alt=\"service-postage-types-apdiving-post\" \/><\/p>\n<p>Merci d'exp\u00e9dier votre colis \u00e0\u00a0:<\/p>\n<p>AP Diving\u2028 - Service Department<br \/>\nWater-ma-Trout Industrial Estate<br \/>\nHelston <br \/>\nCornwall<br \/>\nTR13 0LW<br \/>\nUnited Kingdom<\/p>\n<p>Vous restez responsables des biens contenus jusqu'\u00e0 r\u00e9ception. Il est pr\u00e9f\u00e9rable de choisir un service postal adapt\u00e9. Il peut \u00eatre int\u00e9ressant de choisir une option d'accus\u00e9 de r\u00e9ception, de suivi de colis et\/ou d'assurance.<\/p>\n<\/div><\/div><\/div><div id=\"pgc-20-10-1\"  class=\"panel-grid-cell\" ><div id=\"panel-20-10-1-0\" class=\"so-panel widget widget_black-studio-tinymce widget_black_studio_tinymce panel-first-child panel-last-child\" data-index=\"13\" ><div class=\"textwidget\"><h5>2. Nous d\u00e9poser votre colis directement \u00e0 l'usine AP Diving ou sur notre stand durant un des nombreux Salons de la Plong\u00e9e organis\u00e9s tout au long de l'ann\u00e9e<\/h5>\n<p><img loading=\"lazy\" decoding=\"async\" width=\"298\" height=\"92\" class=\"alignnone  wp-image-2300\" src=\"https:\/\/apdiving.eu\/fr\/wp-content\/uploads\/service-home-01.jpg\" alt=\"service-home-01\" \/><\/p>\n<p>\nSi vous \u00eates proche de notre usine \u00e0 Helston, Cornwall, vous \u00eates les bienvenues pour venir nous d\u00e9poser directement votre \u00e9quipement. Vous pouvez \u00e9galement le faire durant un des Salons de la Plong\u00e9e organis\u00e9s dans le monde. N'h\u00e9sitez pas \u00e0 venir nous d\u00e9poser directement\u00a0 votre \u00e9quipement sur notre stand et nous le ram\u00e8nerons \u00e0 l'usine une fois le Salon termin\u00e9.<\/p>\n<\/div><\/div><\/div><\/div><!--vgRowWrapper--><\/div><div id=\"pg-20-11\"  class=\"panel-grid panel-has-style\" ><div class=\"vgfull  panel-row-style panel-row-style-for-20-11\" ><div class=\"vgRowWrapper\"><div id=\"pgc-20-11-0\"  class=\"panel-grid-cell\" ><div id=\"panel-20-11-0-0\" class=\"so-panel widget widget_black-studio-tinymce widget_black_studio_tinymce panel-first-child panel-last-child\" data-index=\"14\" ><div class=\"textwidget\"><h4>Puis-je acheter des pi\u00e8ces d\u00e9tach\u00e9es et entretenir mon \u00e9quipement moi-m\u00eame\u00a0?<\/h4>\n<p>Oui, vous pouvez. Nous sommes virtuellement les seuls parmi les fabricants de mat\u00e9riel de plong\u00e9e \u00e0 fabriquer pratiquement tous les composants de nos \u00e9quipements en interne. Ceci permet non seulement un contr\u00f4le qualit\u00e9 de\u00a0toute la cha\u00eene de fabrication, mais aussi nous assure un stock complet de pi\u00e8ces d\u00e9tach\u00e9es et d'accessoires accessibles directement \u00e0 notre usine dans le Cornwall. Nous sommes fiers\u00a0de pouvoir apporter un service client\u00e8le unique en son genre, garantissant la fourniture de kit d'entretien pour des \u00e9l\u00e9ments sp\u00e9cifiques ou des pi\u00e8ces d\u00e9tach\u00e9es \u00e0 choisir \u00e0 votre convenance.<\/p>\n<\/div><\/div><\/div><\/div><!--vgRowWrapper--><\/div><\/div><div id=\"pg-20-12\"  class=\"panel-grid panel-has-style\" ><div class=\"vgfull vg-spacing panel-row-style panel-row-style-for-20-12\" ><div class=\"vgRowWrapper\"><div id=\"pgc-20-12-0\"  class=\"panel-grid-cell panel-grid-cell-empty\" ><\/div><div id=\"pgc-20-12-1\"  class=\"panel-grid-cell panel-grid-cell-mobile-last\" ><div class=\"vgLinkSingle\"><a  class=\"vgLink yellow\" href=\"https:\/\/apdiving.com\/shop\/spares.html\">BOUTIQUE EN LIGNE POUR PIECES DETACHEES ET KITS D'ENTRETIEN<\/a><\/div><\/div><div id=\"pgc-20-12-2\"  class=\"panel-grid-cell panel-grid-cell-empty\" ><\/div><\/div><!--vgRowWrapper--><\/div><\/div><\/div>","protected":false},"excerpt":{"rendered":"<p>ENTRETIEN DES RECYCLEURS ET GILETSPourquoi dois-je faire r\u00e9viser mon \u00e9quipement par AP\u00a0?\u2028AP Diving est connu mondialement pour la\u00a0qualit\u00e9 et\u00a0la\u00a0fiabilit\u00e9 de ses \u00e9quipements et services. Nous maintenons cette r\u00e9putation en continuant de fabriquer sur place 95\u00a0% de nos produits. Ceci garanti un contr\u00f4le complet de tout le processus de fabrication, de l&#8217;id\u00e9e d\u00e9part, au design, \u00e0 <a href=\"https:\/\/www.apdiving.eu\/fr\/service\/\">[Read More &hellip;]<\/a><\/p>\n","protected":false},"author":4,"featured_media":0,"parent":0,"menu_order":0,"comment_status":"open","ping_status":"open","template":"","meta":{"footnotes":""},"class_list":["post-20","page","type-page","status-publish","hentry"],"_links":{"self":[{"href":"https:\/\/www.apdiving.eu\/fr\/wp-json\/wp\/v2\/pages\/20","targetHints":{"allow":["GET"]}}],"collection":[{"href":"https:\/\/www.apdiving.eu\/fr\/wp-json\/wp\/v2\/pages"}],"about":[{"href":"https:\/\/www.apdiving.eu\/fr\/wp-json\/wp\/v2\/types\/page"}],"author":[{"embeddable":true,"href":"https:\/\/www.apdiving.eu\/fr\/wp-json\/wp\/v2\/users\/4"}],"replies":[{"embeddable":true,"href":"https:\/\/www.apdiving.eu\/fr\/wp-json\/wp\/v2\/comments?post=20"}],"version-history":[{"count":10,"href":"https:\/\/www.apdiving.eu\/fr\/wp-json\/wp\/v2\/pages\/20\/revisions"}],"predecessor-version":[{"id":7173,"href":"https:\/\/www.apdiving.eu\/fr\/wp-json\/wp\/v2\/pages\/20\/revisions\/7173"}],"wp:attachment":[{"href":"https:\/\/www.apdiving.eu\/fr\/wp-json\/wp\/v2\/media?parent=20"}],"curies":[{"name":"wp","href":"https:\/\/api.w.org\/{rel}","templated":true}]}}