{"id":1811,"date":"2013-12-28T13:48:54","date_gmt":"2013-12-28T13:48:54","guid":{"rendered":"http:\/\/ap.msurl.net\/blog\/?page_id=1811"},"modified":"2015-12-14T12:19:50","modified_gmt":"2015-12-14T12:19:50","slug":"warranties","status":"publish","type":"page","link":"https:\/\/www.apdiving.eu\/fr\/service\/warranties\/","title":{"rendered":"Warranties"},"content":{"rendered":"<div id=\"pl-1811\"  class=\"panel-layout\" ><div id=\"pg-1811-0\"  class=\"panel-grid panel-has-style\" ><div class=\"sep panel-row-style panel-row-style-for-1811-0\" ><div class=\"vgRowWrapper\"><div id=\"pgc-1811-0-0\"  class=\"panel-grid-cell panel-grid-cell-empty\" ><\/div><div id=\"pgc-1811-0-1\"  class=\"panel-grid-cell panel-grid-cell-mobile-last\" ><div id=\"panel-1811-0-1-0\" class=\"so-panel widget widget_black-studio-tinymce widget_black_studio_tinymce panel-first-child panel-last-child\" data-index=\"0\" ><div class=\"textwidget\"><h2 style=\"text-align: center;\">GARANTIES AP DIVING<\/h2>\n<h3 style=\"text-align: center;\">Quelles sont les garanties d'un nouveau produit AP?<\/h3>\n<p>Nous sommes tr\u00e8s fiers\u00a0de la qualit\u00e9 et la fiabilit\u00e9 de nos produits et sommes confiants dans leur parfait fonctionnement dans les conditions les plus dures. C'est pourquoi, les premiers propri\u00e9taires des gilets double-enveloppes AP, mod\u00e8les Commando, Commando Explorer, Tekwing, Trident et Redwing se voient proposer une garantie AP exclusive \u00e0 vie sur l'int\u00e9grit\u00e9 des soudures de la vessie interne et une garantie de 3 ans sur les \u00e9quipements d\u00e9fectueux et les d\u00e9fauts de fabrication des \u00e9l\u00e9ments externes du gilet.<\/p>\n<p>Pour les Gilet AP \u00e0 simple-enveloppe (type Gilet \u00ab\u00a0Travel\u00a0\u00bb), mod\u00e8les Commando Escape, et Travelwing, nous offrons en standard une garantie \u00e9tendue de 3 ans sur les \u00e9quipements d\u00e9fectueux et les d\u00e9fauts de fabrication. Pour tous nos autres produits, nous offrons une garantie d'1 an.<\/p>\n<p>Les conditions sp\u00e9cifiques et exclusions pour les gilets et recycleurs sont\u00a0:<\/p>\n<\/div><\/div><\/div><div id=\"pgc-1811-0-2\"  class=\"panel-grid-cell panel-grid-cell-empty\" ><\/div><\/div><!--vgRowWrapper--><\/div><\/div><div id=\"pg-1811-1\"  class=\"panel-grid panel-no-style\" ><div class=\"vgRowWrapper\"><div id=\"pgc-1811-1-0\"  class=\"panel-grid-cell\" ><div id=\"panel-1811-1-0-0\" class=\"so-panel widget widget_black-studio-tinymce widget_black_studio_tinymce panel-first-child panel-last-child\" data-index=\"1\" ><div class=\"textwidget\"><h2>Pour les Gilets depuis janvier 2014<\/h2>\n<p>Tous les produits AP Diving sont vendus en toute connaissance que seule la Loi Anglaise s'applique en cas de r\u00e9clamation de garantie et de fiabilit\u00e9 de produit, quelque-soit le lieu d'origine de l'achat ou d'utilisation.<\/p>\n<p>Les Gilets AP depuis janvier 2014 sont garantis pour une p\u00e9riode de 3 ans \u00e0 partir de la date d'achat, contre les d\u00e9fauts mat\u00e9riel et de fabrication. En cas de d\u00e9faut, AP Diving s'engage \u00e0 r\u00e9parer ou remplacer la pi\u00e8ce d\u00e9fectueuse, \u00e0 sa propre convenance. Toutes les r\u00e9clamations doivent \u00eatre effectu\u00e9es directement \u00e0 AP Diving.<\/p>\n<p>AP Diving se r\u00e9serve le droit de v\u00e9rifier toute r\u00e9clamation. En cas de d\u00e9faut, contacter tout d'abord l'usine pour obtenir une assistance. Si n\u00e9cessaire, le produit sera retourn\u00e9 \u00e0 l'usine, frais de port et d\u2019assurance \u00e0 votre charge. Du fait de la nature hostile de l'environnement de plong\u00e9e, une mauvaise utilisation ou des n\u00e9gligences rendent toute garantie nulle et non avenue. Prenez soin de votre \u00e9quipement et il prendra soin de vous.<\/p>\n<\/div><\/div><\/div><\/div><!--vgRowWrapper--><\/div><div id=\"pg-1811-2\"  class=\"panel-grid panel-has-style\" ><div class=\"vgfull  panel-row-style panel-row-style-for-1811-2\" ><div class=\"vgRowWrapper\"><div id=\"pgc-1811-2-0\"  class=\"panel-grid-cell\" ><div id=\"panel-1811-2-0-0\" class=\"so-panel widget widget_black-studio-tinymce widget_black_studio_tinymce panel-first-child panel-last-child\" data-index=\"2\" ><div class=\"textwidget\"><h5>Consid\u00e9rations :<\/h5><ol><li>Toutes les vessies internes montrant un d\u00e9faut des soudures seront remplac\u00e9es gratuitement<\/li><li>Les frais de port retour sont \u00e0 la charge d'AP Diving pour tout travail sous garantie<\/li><li>En cas de r\u00e9clamation sous garantie, tous les magasins de plong\u00e9es doivent contacter AP Diving pour demander une assistance avant d'effectuer toute r\u00e9paration ou remplacement de pi\u00e8ces<\/li><\/ol><\/div><\/div><\/div><div id=\"pgc-1811-2-1\"  class=\"panel-grid-cell\" ><div id=\"panel-1811-2-1-0\" class=\"so-panel widget widget_black-studio-tinymce widget_black_studio_tinymce panel-first-child panel-last-child\" data-index=\"3\" ><div class=\"textwidget\"><h5>Exceptions:<\/h5>\n<ol>\n<li>Les couleurs des enveloppes externes, m\u00eame noires, s'estomperont avec le temps, tout particuli\u00e8rement si elles sont expos\u00e9es \u00e0 un fort ensoleillement.<\/li>\n<li>Les vessies interne ne sont pas garanties contre les crevaisons, celles-ci ne pouvant \u00eatre caus\u00e9s par une utilisation inappropri\u00e9e.<\/li>\n<li>Les Gilets utilis\u00e9s par des club et les \u00e9coles de plong\u00e9e<\/li>\n<li>Les bouteilles en aluminium ne sont couvertes que par la garantie Luxfer de 12 mois<\/li>\n<li>L'auto-Air est couvert par une garantie d'1 an<\/li>\n<\/ol>\n<\/div><\/div><\/div><\/div><!--vgRowWrapper--><\/div><\/div><div id=\"pg-1811-3\"  class=\"panel-grid panel-has-style\" ><div class=\"sep panel-row-style panel-row-style-for-1811-3\" ><div class=\"vgRowWrapper\"><div id=\"pgc-1811-3-0\"  class=\"panel-grid-cell panel-grid-cell-empty\" ><\/div><div id=\"pgc-1811-3-1\"  class=\"panel-grid-cell panel-grid-cell-mobile-last\" ><div class=\"vgLinkSingle\"><a  class=\"vgLink yellow\" href=\"https:\/\/apdiving.eu\/fr\/service\/warranties\/register\/\">ENREGISTREZ-VOUS POUR PROFITER DE LA GARANTIE SUR VOTRE GILET<\/a><\/div><\/div><div id=\"pgc-1811-3-2\"  class=\"panel-grid-cell panel-grid-cell-empty\" ><\/div><\/div><!--vgRowWrapper--><\/div><\/div><div id=\"pg-1811-4\"  class=\"panel-grid panel-no-style\" ><div class=\"vgRowWrapper\"><div id=\"pgc-1811-4-0\"  class=\"panel-grid-cell\" ><div id=\"panel-1811-4-0-0\" class=\"so-panel widget widget_black-studio-tinymce widget_black_studio_tinymce panel-first-child panel-last-child\" data-index=\"5\" ><div class=\"textwidget\"><h2>Recyleurs<\/h2>\n<p>Tous les recycleurs Inspiration sont garantis pour le premier utilisateur pour une dur\u00e9e de 12 mois \u00e0 partir de la date d'achat.<\/p>\n<\/div><\/div><\/div><\/div><!--vgRowWrapper--><\/div><div id=\"pg-1811-5\"  class=\"panel-grid panel-no-style\" ><div class=\"vgRowWrapper\"><div id=\"pgc-1811-5-0\"  class=\"panel-grid-cell\" ><div id=\"panel-1811-5-0-0\" class=\"so-panel widget widget_black-studio-tinymce widget_black_studio_tinymce panel-first-child panel-last-child\" data-index=\"6\" ><div class=\"textwidget\"><h5>Conditions:<\/h5>\n<p>Tout travail sous garantie doit \u00eatre valid\u00e9 par AP Diving. Avant de nous retourner l'\u00e9quipement, quelle qu\u2019en soit la raison, merci de t\u00e9l\u00e9phoner \u00e0\u00a0 notre usine pour obtenir une assistance. Si nous pensons qu'une r\u00e9paration en usine est n\u00e9cessaire,\u00a0 l'\u00e9quipement doit nous \u00eatre retourn\u00e9 directement \u00e0 notre usine de Helston, Angleterre, NE PAS RETOURNER L'EQUIPEMENT AU MAGASIN DE PLONGEE \u2013 frais de port et d'assurance \u00e0\u00a0 votre charge \u2013 avec une copie de la preuve d'achat.<\/p>\n<ol>\n<li>Une mauvaise utilisation ou des n\u00e9gligences rendent toute garantie nulle et non avenue.<\/li>\n<li>Cette garantie n'est pas transf\u00e9rable.<\/li>\n<\/ol>\n<p>Vos droits statutaires ne seront pas affect\u00e9s.<\/p>\n<\/div><\/div><\/div><div id=\"pgc-1811-5-1\"  class=\"panel-grid-cell\" ><div id=\"panel-1811-5-1-0\" class=\"so-panel widget widget_black-studio-tinymce widget_black_studio_tinymce panel-first-child panel-last-child\" data-index=\"7\" ><div class=\"textwidget\"><h5>Exclusions :<\/h5><ol><li>Les piles ne sont pas sous\u00a0garantie.<\/li><li>Les couleurs des enveloppes externes, m\u00eame noires, s'estomperont avec le temps, tout particuli\u00e8rement si elles sont expos\u00e9es \u00e0 un fort ensoleillement.<\/li><li>Les vessies interne ne sont pas garanties contre les crevaisons.<\/li><li>Un produit de d\u00e9sinfection trop puissant ou inappropri\u00e9 peut endommager les vessies internes.<\/li><\/ol><\/div><\/div><\/div><\/div><!--vgRowWrapper--><\/div><div id=\"pg-1811-6\"  class=\"panel-grid panel-has-style\" ><div class=\"sep panel-row-style panel-row-style-for-1811-6\" ><div class=\"vgRowWrapper\"><div id=\"pgc-1811-6-0\"  class=\"panel-grid-cell panel-grid-cell-mobile-last\" ><div id=\"panel-1811-6-0-0\" class=\"so-panel widget widget_black-studio-tinymce widget_black_studio_tinymce panel-first-child panel-last-child\" data-index=\"8\" ><div class=\"textwidget\"><h5>Loi applicable\u00a0:<\/h5>\n<p>Tous les produits AP Diving sont vendus en toute connaissance que seule la Loi Anglaise s'applique en cas de r\u00e9clamation de garantie et de fiabilit\u00e9 de produit, quelque-soit le lieu d'origine de l'achat ou d'utilisation. En cas de recours, celui-ci sera situ\u00e9 dans la ville de Truro, Angleterre.<\/p>\n<p>Exception pour les USA : Tous les produits vendus aux USA et aux citoyens Am\u00e9ricains ou domicili\u00e9s aux USA se font en toute connaissance que seul la Loi de Caroline du Nord est applicable et seule pr\u00e9vaut pour toute r\u00e9clamation contre le fabricant, quelque-soit le lieu d'origine de l'achat ou d'utilisation. En cas de recours, celui-ci sera situ\u00e9 dans la ville de Raleigh, Caroline du Nord.<\/p>\n<\/div><\/div><\/div><div id=\"pgc-1811-6-1\"  class=\"panel-grid-cell panel-grid-cell-empty\" ><\/div><\/div><!--vgRowWrapper--><\/div><\/div><div id=\"pg-1811-7\"  class=\"panel-grid panel-has-style\" ><div class=\"vgfull vg-spacing panel-row-style panel-row-style-for-1811-7\" ><div class=\"vgRowWrapper\"><div id=\"pgc-1811-7-0\"  class=\"panel-grid-cell panel-grid-cell-mobile-last\" ><div id=\"panel-1811-7-0-0\" class=\"so-panel widget widget_black-studio-tinymce widget_black_studio_tinymce panel-first-child panel-last-child\" data-index=\"9\" ><div class=\"textwidget\"><h3>Est-ce que la garantie du Gilet BUDDY s'applique toujours\u00a0?<\/h3>\n<p>Oui, bien sur. Nous honorons toujours la Garantie pour les Propri\u00e9taires Initiaux sur tous les Gilets BUDDY. Ces garanties sont\u00a0:<\/p>\n<h3>Gilets achet\u00e9s entre ao\u00fbt 1995 et 2007<\/h3>\n<p>Depuis ao\u00fbt 1995, tous les mod\u00e8les de gilets Buddy sont couverts par une garantie \u00e0 Vie. Le produit est garantie \u00e0 Vie au propri\u00e9taire initial pour tous les \u00e9l\u00e9ments d\u00e9fectueux et les d\u00e9fauts de fabrication. AP Diving s'engage \u00e0 r\u00e9parer ou remplacer la pi\u00e8ce d\u00e9fectueuse, \u00e0 sa propre convenance.<\/p>\n<\/div><\/div><\/div><div id=\"pgc-1811-7-1\"  class=\"panel-grid-cell panel-grid-cell-empty\" ><\/div><\/div><!--vgRowWrapper--><\/div><\/div><div id=\"pg-1811-8\"  class=\"panel-grid panel-has-style\" ><div class=\"vgfull  panel-row-style panel-row-style-for-1811-8\" ><div class=\"vgRowWrapper\"><div id=\"pgc-1811-8-0\"  class=\"panel-grid-cell\" ><div id=\"panel-1811-8-0-0\" class=\"so-panel widget widget_black-studio-tinymce widget_black_studio_tinymce panel-first-child panel-last-child\" data-index=\"10\" ><div class=\"textwidget\"><h5>Conditions:<\/h5>\n<p>Tout travail sous garantie doit \u00eatre valid\u00e9 par AP Diving. Avant de nous retourner l'\u00e9quipement, quelle qu\u2019en soit la raison, merci de t\u00e9l\u00e9phoner \u00e0 notre usine pour obtenir une assistance. Si nous pensons qu'une r\u00e9paration en usine est n\u00e9cessaire, l'\u00e9quipement doit nous \u00eatre retourn\u00e9 directement \u00e0 notre usine de Helston, Angleterre, NE PAS RETOURNER L'EQUIPEMENT AU MAGASIN DE PLONGEE \u2013 frais de port et d'assurance \u00e0 votre charge \u2013 avec une copie de la preuve d'achat.<\/p>\n<ol>\n<li>La r\u00e9paration est g\u00e9n\u00e9ralement effectu\u00e9e sous 24h apr\u00e8s r\u00e9ception.<\/li>\n<li>Une mauvaise utilisation ou des n\u00e9gligences rendent toute garantie nulle et non avenue. Cette garantie n'est pas transf\u00e9rable.<\/li>\n<\/ol>\n<p>Vos droits statutaires ne seront pas affect\u00e9s<\/p>\n<\/div><\/div><\/div><div id=\"pgc-1811-8-1\"  class=\"panel-grid-cell\" ><div id=\"panel-1811-8-1-0\" class=\"so-panel widget widget_black-studio-tinymce widget_black_studio_tinymce panel-first-child panel-last-child\" data-index=\"11\" ><div class=\"textwidget\"><h5>Exceptions:<\/h5>\n<ol>\n<li>Les couleurs des enveloppes de faux-poumons, m\u00eame noires, s'estomperont avec le temps, tout particuli\u00e8rement si elles sont expos\u00e9es \u00e0 un fort ensoleillement.<\/li>\n<li>Les vessies interne ne sont pas garanties contre les crevaisons, celles-ci pouvant \u00eatre caus\u00e9s par une utilisation inappropri\u00e9e. Toutefois, ces crevaisons sont facilement r\u00e9parables. Prenez contact avec nous pour obtenir de l'assistance et des kits de r\u00e9paration gratuit.<\/li>\n<li>Les Gilets utilis\u00e9s par des club et des \u00e9coles de plong\u00e9e<\/li>\n<li>Les bouteilles en aluminium ne sont couvertes que par la garantie Luxfer de 12 mois.<\/li>\n<\/ol>\n<\/div><\/div><\/div><\/div><!--vgRowWrapper--><\/div><\/div><div id=\"pg-1811-9\"  class=\"panel-grid panel-has-style\" ><div class=\"vgfull vg-spacing panel-row-style panel-row-style-for-1811-9\" ><div class=\"vgRowWrapper\"><div id=\"pgc-1811-9-0\"  class=\"panel-grid-cell panel-grid-cell-mobile-last\" ><div id=\"panel-1811-9-0-0\" class=\"so-panel widget widget_black-studio-tinymce widget_black_studio_tinymce panel-first-child panel-last-child\" data-index=\"12\" ><div class=\"textwidget\"><p>Plusieurs facteurs affectent la dur\u00e9e de vie d'un gilet\u00a0: le nombre de plong\u00e9es, la dur\u00e9e d'exposition au soleil et, non des moindres, si le gilet est manipul\u00e9 avec pr\u00e9caution ou pas. Les gilets Buddy sont bien plus \u00ab\u00a0increvables\u00a0\u00bb que beaucoup et ils sont le choix initial de plusieurs Forces Arm\u00e9es et de nombreux Instructeurs, \u00e0 travers le monde \u2026 Mais ils ont tout de m\u00eame des limites.<\/p><p><strong>Prenez soin de votre \u00e9quipement et il prendra soin de vous<\/strong><\/p><\/div><\/div><\/div><div id=\"pgc-1811-9-1\"  class=\"panel-grid-cell panel-grid-cell-empty\" ><\/div><\/div><!--vgRowWrapper--><\/div><\/div><\/div>","protected":false},"excerpt":{"rendered":"<p>GARANTIES AP DIVINGQuelles sont les garanties d&#8217;un nouveau produit AP?Nous sommes tr\u00e8s fiers\u00a0de la qualit\u00e9 et la fiabilit\u00e9 de nos produits et sommes confiants dans leur parfait fonctionnement dans les conditions les plus dures. C&#8217;est pourquoi, les premiers propri\u00e9taires des gilets double-enveloppes AP, mod\u00e8les Commando, Commando Explorer, Tekwing, Trident et Redwing se voient proposer une <a href=\"https:\/\/www.apdiving.eu\/fr\/service\/warranties\/\">[Read More &hellip;]<\/a><\/p>\n","protected":false},"author":4,"featured_media":0,"parent":20,"menu_order":0,"comment_status":"open","ping_status":"open","template":"","meta":{"footnotes":""},"class_list":["post-1811","page","type-page","status-publish","hentry"],"_links":{"self":[{"href":"https:\/\/www.apdiving.eu\/fr\/wp-json\/wp\/v2\/pages\/1811","targetHints":{"allow":["GET"]}}],"collection":[{"href":"https:\/\/www.apdiving.eu\/fr\/wp-json\/wp\/v2\/pages"}],"about":[{"href":"https:\/\/www.apdiving.eu\/fr\/wp-json\/wp\/v2\/types\/page"}],"author":[{"embeddable":true,"href":"https:\/\/www.apdiving.eu\/fr\/wp-json\/wp\/v2\/users\/4"}],"replies":[{"embeddable":true,"href":"https:\/\/www.apdiving.eu\/fr\/wp-json\/wp\/v2\/comments?post=1811"}],"version-history":[{"count":10,"href":"https:\/\/www.apdiving.eu\/fr\/wp-json\/wp\/v2\/pages\/1811\/revisions"}],"predecessor-version":[{"id":6227,"href":"https:\/\/www.apdiving.eu\/fr\/wp-json\/wp\/v2\/pages\/1811\/revisions\/6227"}],"up":[{"embeddable":true,"href":"https:\/\/www.apdiving.eu\/fr\/wp-json\/wp\/v2\/pages\/20"}],"wp:attachment":[{"href":"https:\/\/www.apdiving.eu\/fr\/wp-json\/wp\/v2\/media?parent=1811"}],"curies":[{"name":"wp","href":"https:\/\/api.w.org\/{rel}","templated":true}]}}