{"id":18,"date":"2013-07-22T15:31:13","date_gmt":"2013-07-22T15:31:13","guid":{"rendered":"http:\/\/ap.msurl.net\/blog\/?page_id=18"},"modified":"2021-07-14T10:36:20","modified_gmt":"2021-07-14T10:36:20","slug":"training","status":"publish","type":"page","link":"https:\/\/www.apdiving.eu\/fr\/training\/","title":{"rendered":"Training"},"content":{"rendered":"<div id=\"pl-18\"  class=\"panel-layout\" ><div id=\"pg-18-0\"  class=\"panel-grid panel-has-style\" ><div class=\"vgfull vg-spacing panel-row-style panel-row-style-for-18-0\" ><div class=\"vgRowWrapper\"><div id=\"pgc-18-0-0\"  class=\"panel-grid-cell panel-grid-cell-mobile-last\" ><div id=\"panel-18-0-0-0\" class=\"so-panel widget widget_black-studio-tinymce widget_black_studio_tinymce panel-first-child panel-last-child\" data-index=\"0\" ><div class=\"textwidget\"><h1>FORMATION RECYCLEUR<\/h1>\n<h3>Les instructeurs Recycleur Inspiration sont pr\u00e9sents dans 56\u00a0pays \u00e0 travers le monde.\u00a0<\/h3>\n<p>Des formations sont accessible \u00e0 travers le monde \u00e0 partir du Niveau 1 de Plongeur Inspiration et Evolution jusqu'au Niveau Trimix et Instructeur \/ Formateur d'Instructeur, et ce avec les plus grandes agences de formations\u00a0:\u00a0ANDI, ANMP, BSAC, CMAS.CH, ETDS, FFESSM, FSGT, IAC, IANTD, IART, ITDA, NAUI, NELOS, PADI, PTA, PSAI, RAID, SSI, TDI, UTRtek, VDST et VEST.<\/p>\n<p>Les instructeurs Inspiration sont disponibles dans plus de 45 pays et de plus en plus de plongeurs progressent chaque mois vers une qualification sup\u00e9rieure.<\/p>\n<p>L'Inspiration est un \u00e9quipement sp\u00e9cialis\u00e9 qui ne sera vendu par AP Diving qu'\u00e0 des plongeurs d\u00fbment certifi\u00e9s en r\u00e9ussissant une formation sp\u00e9cifique au recycleur et valid\u00e9e par une des agences de formation reconnue. Il est absolument essentiel que le type de plong\u00e9e pratiqu\u00e9e corresponde \u00e0 la certification pass\u00e9e et au niveau d'exp\u00e9rience acquis.<\/p>\n<\/div><\/div><\/div><div id=\"pgc-18-0-1\"  class=\"panel-grid-cell panel-grid-cell-empty\" ><\/div><\/div><!--vgRowWrapper--><\/div><\/div><div id=\"pg-18-1\"  class=\"panel-grid panel-has-style\" ><div class=\"vgfull vg-shadow vg-spacing panel-row-style panel-row-style-for-18-1\" ><div class=\"vgRowWrapper\"><div id=\"pgc-18-1-0\"  class=\"panel-grid-cell panel-grid-cell-empty\" ><\/div><div id=\"pgc-18-1-1\"  class=\"panel-grid-cell panel-grid-cell-mobile-last\" ><div class=\"vgLinkSingle\"><a  class=\"vgLink yellow\" href=\"https:\/\/apdiving.eu\/fr\/instructor-search\/\">TROUVER VOTRE INSTRUCTEUR <\/a><\/div><\/div><div id=\"pgc-18-1-2\"  class=\"panel-grid-cell panel-grid-cell-empty\" ><\/div><\/div><!--vgRowWrapper--><\/div><\/div><div id=\"pg-18-2\"  class=\"panel-grid panel-has-style\" ><div class=\"vgfull vg-spacing panel-row-style panel-row-style-for-18-2\" ><div class=\"vgRowWrapper\"><div id=\"pgc-18-2-0\"  class=\"panel-grid-cell\" ><div id=\"panel-18-2-0-0\" class=\"so-panel widget widget_black-studio-tinymce widget_black_studio_tinymce panel-first-child\" data-index=\"2\" ><div class=\"textwidget\"><h2>FORMATION RECYCLEUR &amp; STANDARDS DE SECURITE (RESA)<\/h2>\n<p>Ce document d\u00e9crit les exigences minimales requises pour qu'un instructeur recycleur ayant d\u00e9j\u00e0 les certification Mod 2 ou Mod 3 sur au moins un recycleur, puisse enseigner sur un autre mod\u00e8le de recycleur. Les diff\u00e9rentes agences de formation peuvent avoir des noms diff\u00e9rents pour ces certifications.<\/p>\n<p>Cliquez sur le bouton T\u00e9l\u00e9charger ci-dessous pour obtenir plus d'informations sur les standards RESA<\/p>\n<\/div><\/div><div class=\"vgLinkSingle\"><a  class=\"vgLink yellow\" href=\"https:\/\/apdiving.eu\/fr\/wp-content\/uploads\/RESA-STANDARD-MOD-2-3-FINAL-dec-19-2013-apdiving.pdf\">VOIR LE PDF<\/a><\/div><\/div><div id=\"pgc-18-2-1\"  class=\"panel-grid-cell panel-grid-cell-empty\" ><\/div><div id=\"pgc-18-2-2\"  class=\"panel-grid-cell\" ><div class=\"vg-image-widget\"><img decoding=\"async\" src=\"https:\/\/www.apdiving.eu\/fr\/wp-content\/uploads\/resa-rebreather-standard-preview-apdiving.jpg\" alt=\"\"\/><\/div><\/div><\/div><!--vgRowWrapper--><\/div><\/div><\/div>","protected":false},"excerpt":{"rendered":"<p>FORMATION RECYCLEUR Les instructeurs Recycleur Inspiration sont pr\u00e9sents dans 56\u00a0pays \u00e0 travers le monde.\u00a0 Des formations sont accessible \u00e0 travers le monde \u00e0 partir du Niveau 1 de Plongeur Inspiration et Evolution jusqu&#8217;au Niveau Trimix et Instructeur \/ Formateur d&#8217;Instructeur, et ce avec les plus grandes agences de formations\u00a0:\u00a0ANDI, ANMP, BSAC, CMAS.CH, ETDS, FFESSM, FSGT, <a href=\"https:\/\/www.apdiving.eu\/fr\/training\/\">[Read More &hellip;]<\/a><\/p>\n","protected":false},"author":4,"featured_media":0,"parent":0,"menu_order":0,"comment_status":"open","ping_status":"open","template":"","meta":{"footnotes":""},"class_list":["post-18","page","type-page","status-publish","hentry"],"_links":{"self":[{"href":"https:\/\/www.apdiving.eu\/fr\/wp-json\/wp\/v2\/pages\/18","targetHints":{"allow":["GET"]}}],"collection":[{"href":"https:\/\/www.apdiving.eu\/fr\/wp-json\/wp\/v2\/pages"}],"about":[{"href":"https:\/\/www.apdiving.eu\/fr\/wp-json\/wp\/v2\/types\/page"}],"author":[{"embeddable":true,"href":"https:\/\/www.apdiving.eu\/fr\/wp-json\/wp\/v2\/users\/4"}],"replies":[{"embeddable":true,"href":"https:\/\/www.apdiving.eu\/fr\/wp-json\/wp\/v2\/comments?post=18"}],"version-history":[{"count":6,"href":"https:\/\/www.apdiving.eu\/fr\/wp-json\/wp\/v2\/pages\/18\/revisions"}],"predecessor-version":[{"id":7069,"href":"https:\/\/www.apdiving.eu\/fr\/wp-json\/wp\/v2\/pages\/18\/revisions\/7069"}],"wp:attachment":[{"href":"https:\/\/www.apdiving.eu\/fr\/wp-json\/wp\/v2\/media?parent=18"}],"curies":[{"name":"wp","href":"https:\/\/api.w.org\/{rel}","templated":true}]}}