{"id":1775,"date":"2013-12-27T15:22:55","date_gmt":"2013-12-27T15:22:55","guid":{"rendered":"http:\/\/ap.msurl.net\/blog\/?page_id=1775"},"modified":"2021-05-19T14:07:23","modified_gmt":"2021-05-19T14:07:23","slug":"delivery-returns","status":"publish","type":"page","link":"https:\/\/www.apdiving.eu\/fr\/delivery-returns\/","title":{"rendered":"Delivery &#038; Returns"},"content":{"rendered":"<div id=\"pl-1775\"  class=\"panel-layout\" ><div id=\"pg-1775-0\"  class=\"panel-grid panel-has-style\" ><div class=\"vgfull vg-shadow vg-spacing panel-row-style panel-row-style-for-1775-0\" ><div class=\"vgRowWrapper\"><div id=\"pgc-1775-0-0\"  class=\"panel-grid-cell panel-grid-cell-mobile-last\" ><div id=\"panel-1775-0-0-0\" class=\"so-panel widget widget_black-studio-tinymce widget_black_studio_tinymce panel-first-child panel-last-child\" data-index=\"0\" ><div class=\"textwidget\"><h1>LIVRAISON ET RETOUR<\/h1>\n<p>Vos achats sur notre site web doivent se d\u00e9rouler de la fa\u00e7on la plus agr\u00e9able possible. Ci-dessous se trouve un r\u00e9sum\u00e9 de notre politique d'exp\u00e9dition et de retour, faite pour r\u00e9pondre \u00e0 toutes vos interrogations. Merci de lire ces documents afin de savoir ce que vous pouvez attendre de nous, ce que nous attendons de vous et, \u00a0si certaines choses se sont mal pass\u00e9es, comment les corriger au mieux, au plus vite.<\/p>\n<p>\u00a0<\/p>\n<h2>LIVRAISON<\/h2>\n<h4>Comment allez-vous livrer mon \u00e9quipement de plong\u00e9e\u00a0?<\/h4>\n<p>Si la valeur de votre envoie n\u2019exc\u00e8de pas 250 \u00a3 (environ 290\u20ac), il sera exp\u00e9di\u00e9 par Royal Mail (Angleterre).<\/p>\n<p>Si la valeur de votre envoie exc\u00e8de 250 \u00a3 (environ 290\u20ac), il sera exp\u00e9di\u00e9 via un transporteur. Si vous souhaitez utiliser une autre m\u00e9thode d'exp\u00e9dition, merci de prendre <a href=\"https:\/\/apdiving.com\/en\/contact-us\/\">contact<\/a> avec nous pour nous faire savoir de quoi vous avez besoin.<\/p>\n<h4>Vers o\u00f9 exp\u00e9dier\u00a0?<\/h4>\n<p>Les commandes pass\u00e9es sur ce site ne seront exp\u00e9di\u00e9es que vers des pays non pris en charge par nos distributeurs. Nous exp\u00e9dions vos commandes \u00e0 travers le monde, exempt\u00e9 pour les pays suivants\u00a0:<\/p>\n<p>Am\u00e9rique du Nord et Am\u00e9rique Centrale\u00a0: merci de contacter Silent Diving au +1-207-935-1672 ou par email <a href=\"mailto:sales@silentdiving.com\">sales@silentdiving.com<\/a>\u00a0<\/p>\n<p>Italie\u00a0: Contacter Sea Dwellers au +39-06-88-87-113 ou par email <a href=\"mailto:info@seadweller.it\">info@seadweller.it<\/a><\/p>\n<p>Cor\u00e9e\u00a0: Contacter Aquatek au +82-2-487-0894 ou par email <a href=\"mailto:travis@tdisdi.co.kr\">travis@tdisdi.co.kr<\/a><\/p>\n<p>Afrique su Sud\u00a0: Contacter Alpha Omega au +27-82-650-2294 par email <a href=\"mailto:info@technicaldivingafrica.com\">info@technicaldivingafrica.com<\/a><\/p>\n<p><a href=\"http:\/\/apdiving.com\/en\/wp-content\/uploads\/Shipping-Prices.pdf\" target=\"_blank\" rel=\"noopener\">Pour une liste compl\u00e8te des pays desservis par notre service d'exp\u00e9dition, veuillez cliquer ici<\/a>. Si vous souhaitez une livraison dans pays non list\u00e9, merci de <a href=\"https:\/\/apdiving.eu\/fr\/contact-us\/\">nous contacter<\/a> au (+44) 01326 561040 pour plus d'information sur les options de livraison.<\/p>\n<h4>Combien de temps avant d'exp\u00e9dier ma commande ?<\/h4>\n<p>Nous essayons d'exp\u00e9dier votre commande sous 7 jours. Toutefois, certains produits sont fabriqu\u00e9s \u00e0 la demande et un d\u00e9lai suppl\u00e9mentaire (estim\u00e9) sera fourni pour chaque produit. Si pour une raison quelconque, la pr\u00e9paration de votre commande prend plus de temps que le d\u00e9lai initialement estim\u00e9, nous vous contacterons par email ou par t\u00e9l\u00e9phone.<\/p>\n<h4>Que est le d\u00e9lai de livraison\u00a0?<\/h4>\n<p>Les d\u00e9lais de livraison varient en fonction du type de service postal utilis\u00e9. Au Royaume-Unis, ces d\u00e9lais peuvent varier entre 1 et 5 jours \u00e0 partir de la date d'exp\u00e9dition. Pour les livraisons dans le monde entier, les d\u00e9lais peuvent varier de 3 \u00e0 31 jours.<\/p>\n<h4>Ai-je besoin de signer un accus\u00e9 de r\u00e9ception\u00a0?<\/h4>\n<p>Oui. Assurez-vous qu'il y ai quelqu'un pour valider la r\u00e9ception du colis. Afin d'\u00e9viter tout probl\u00e8me, merci de v\u00e9rifier que vous avez bien renseign\u00e9 l'adresse de livraison, avec code postal et num\u00e9ro de t\u00e9l\u00e9phone fixe ou mobile.<\/p>\n<h4>Quel sera le co\u00fbt de l'exp\u00e9dition ?<\/h4>\n<p>\u00a0<\/p>\n<p>Il n'est pas possible de fournir un tableau fixe des tarifs car les transporteurs modifient fr\u00e9quemment les param\u00e8tres de taille, de poids, de valeur et de destination des articles. Dans la mesure du possible, nous proposons un choix de m\u00e9thodes d'exp\u00e9dition, de tarifs et de d\u00e9lais de livraison estim\u00e9s. La seule fa\u00e7on de voir les tarifs actuels pour une commande et une destination sp\u00e9cifiques est de passer \u00e0 la caisse o\u00f9 le tarif appara\u00eetra lors de la saisie de votre adresse de livraison.<\/p>\n<p>Tous nos tarifs d'exp\u00e9dition sont affich\u00e9s en Livres Sterling (BGP), hors taxes. La T.V.A. est ajout\u00e9e \u00e0 chaque produit et aux frais d'exp\u00e9dition lors de la validation de la commande.<\/p>\n<p><strong>Note importante\u00a0:<\/strong> si le poids de votre colis d\u00e9passe les 30 kg (voire moins pour certains pays), il nous est impos\u00e9 par les transporteurs de s\u00e9parer votre colis en nombre suffisant pour que le poids de chaque colis soit toujours inf\u00e9rieur 30 kg. Les frais de chaque nouveau colis sont \u00e0 votre charge.<\/p>\n<p>\u00a0<\/p>\n<h2>ANNULATION &amp; RETOUR<\/h2>\n<p>Nous esp\u00e9rons que les produits achet\u00e9s chez AP Diving vous donne satisfaction. Toutefois, si vous deviez nous retourner un produit, quelle qu\u2019en soit la raison, merci de lire attentivement le document d\u00e9taill\u00e9 ci-dessous sur notre politique de retour. Vos droits statuaires ne sont pas affect\u00e9s.<\/p>\n<h4>Je veux retourner ou \u00e9changer mon produit. Que dois-je faire\u00a0?<\/h4>\n<p>Si, avant les 7 premiers jours ouvr\u00e9s \u00e0 date de r\u00e9ception, vous n'\u00eates pas totalement satisfait avec votre achat, quelle qu'en soit la raison, vous pouvez nous le retourner pour remboursement (moins les frais de port). Merci de s\u00e9lectionnez ci-dessous la m\u00e9thode de retour de votre choix et de remplir <a href=\"https:\/\/apdiving.eu\/fr\/wp-content\/uploads\/FR-Returns-Form.pdf\" target=\"_blank\" rel=\"noopener\">le formulaire de retour que vous trouverez ici (t\u00e9l\u00e9chargement pdf)<\/a> en nous indiquant si vous souhaitez un \u00e9change ou un remboursement.<\/p>\n<p>Chaque article doit nous \u00eatre retourn\u00e9 non utilis\u00e9, dans un \u00e9tat neuf, avec toutes les \u00e9tiquettes et marques pr\u00e9sentes, ainsi que dans son emballage d'origine, non ab\u00eem\u00e9.<\/p>\n<h4>Que faire si mon produit pr\u00e9sente un d\u00e9faut\u00a0?<\/h4>\n<p>Nous v\u00e9rifions et testons nos produits de fa\u00e7on rigoureuse et esp\u00e9rons que vous ne soyez jamais confront\u00e9 \u00e0 ce genre de probl\u00e8me. Toutefois, occasionnellement, des erreurs peuvent survenir. Vous vous recevez u produit pr\u00e9sentant un d\u00e9faut, nous le remplacerons et vos ferons parvenir un boite pr\u00e9-pay\u00e9e ou un remboursement des frais d'exp\u00e9dition de retour. Pour la gestion du retour de votre produit, merci de contacter notre Service Client par t\u00e9l\u00e9phone au 01326 561040 ou par email\u00a0:<\/p>\n<p><a href=\"mailto:bcdsales@apdiving.com\" target=\"_blank\" rel=\"noopener\">bcdsales@apdiving.com<\/a> pour tous les produits circuit-ouvert<br \/><a href=\"mailto:ccrsales@apdiving.com\" target=\"_blank\" rel=\"noopener\">ccrsales@apdiving.com<\/a> pour tous les produits circuit-ferm\u00e9<\/p>\n<h3>Les Diff\u00e9rentes Options de Retour Produit<\/h3>\n<p>Il y a trois fa\u00e7on de nous retourner un produit. Quelque-soit votre choix, merci de bous faire savoir si vous souhaitez un remboursement ou un \u00e9change, ainsi que les informations suivantes accompagn\u00e9es du formulaire de retour rempli\u00a0:<\/p>\n<ul>\n<li>Votre num\u00e9ro de facture<\/li>\n<li>La liste des articles retourn\u00e9s<\/li>\n<li>Vos nom et adresse complets<\/li>\n<\/ul>\n<h4>Retour par voie postale<\/h4>\n<p>Merci de nous retourner vos articles \u00e0 l'adresse suivante\u00a0:<\/p>\n<p>Returns Department<br \/>AP Diving<br \/>Water-ma-Trout Industrial Estate<br \/>Helston <br \/>Cornwall<br \/>TR13 0LW<br \/>United Kingdom<\/p>\n<p>Vous restez responsable des biens exp\u00e9di\u00e9s jusqu'\u00e0 r\u00e9ception. Merci de choisir un service d\u2019exp\u00e9dition adapt\u00e9. Ceci peut inclure un service d'accus\u00e9 de r\u00e9ception, de suivi et\/ou une assurance.<\/p>\n<h4>D\u00e9p\u00f4t direct \u00e0 l'usine AP Diving<\/h4>\n<p>Si vous passez ou que vous habitez dans la r\u00e9gion de notre usine, \u00e0 Helston \u2013 Cornwall, vous \u00eates plus que bienvenues pour nous d\u00e9poser votre produit directement. <a href=\"https:\/\/apdiving.eu\/fr\/contact-us\/\" target=\"_blank\" rel=\"noopener\">Vous pourrez localiser notre usine sur cette carte<\/a>.<\/p>\n<p>\u00a0<\/p>\n<h4>Quels sont mes droits si je d\u00e9cide d'annuler ma commande\u00a0?<\/h4>\n<p>Vous pouvez annuler votre commande \u00e0 tout moment jusqu'\u00e0 7 jours ouvrables (du lundi au vendredi inclus) apr\u00e8s l'exp\u00e9dition de votre produit, sauf si le produit est fabriqu\u00e9 \u00ab\u00a0sur-mesure\u00a0\u00bb \u00e0 votre demande\u00a0(voir ci-dessous).<\/p>\n<p>Veuillez toutefois noter les points suivants\u00a0:<\/p>\n<ol>\n<li>Les produits doivent nous \u00eatre retourn\u00e9s non utilis\u00e9s, dans leur emballage d'origine non ab\u00eem\u00e9 et accompagn\u00e9 de tous les documents fournis.<\/li>\n<li>Les produits sont retourn\u00e9s \u00e0 vos frais sauf s'ils pr\u00e9sentent un d\u00e9faut \u00e0 r\u00e9ception.<\/li>\n<li>Vous restez enti\u00e8rement responsables du produit jusqu'\u00e0 r\u00e9ception dans notre usine. Les produits re\u00e7us incomplets, endommag\u00e9s ou utilis\u00e9s vous seront de nouveau exp\u00e9di\u00e9s, \u00e0 vos frais.<\/li>\n<li>AP Diving se r\u00e9serve le droit de facturer des frais de r\u00e9approvisionnement pouvant aller jusqu'\u00e0 25% de la valeur totale de la commande.<\/li>\n<\/ol>\n<h4>Puis-je annuler la commande d'un produit \u00ab\u00a0sur-mesure\u00a0\u00bb\u00a0?<\/h4>\n<p>Malheureusement, en accord avec le texte sur <a href=\"https:\/\/www.which.co.uk\/consumer-rights\/regulation\/consumer-contracts-regulations\" target=\"_blank\" rel=\"noopener\">la R\u00e9gulation des\u00a0Contrats de Consommation<\/a>, vous ne pouvez pas annuler la commande d'un produit fabriqu\u00e9 ou assembl\u00e9 \u00ab\u00a0sur-mesure\u00a0\u00bb \u00e0 votre demande.<\/p>\n<h4>\u00a0<\/h4>\n<h4>Combien de temps prend le processus d\u2019annulation de commande\u00a0?<\/h4>\n<p>Le processus d\u2019annulation de votre commande prend effet une fois re\u00e7u votre notification d\u2019annulation et le produit r\u00e9ceptionn\u00e9 en bon \u00e9tat. Le montant du produit sera recr\u00e9dit\u00e9 sur votre compte APDiving dans les 30 jours suivant r\u00e9ception du produit. Si vous ne parvenez pas \u00e0 nous retourner votre produit dans les 30 jours suivant votre demande d'annulation, cette demande ne sera pas prise en compte et votre produit sera consid\u00e9r\u00e9 comme accept\u00e9.<\/p>\n<p>Nous vous recommandons fortement d'obtenir une preuve d'exp\u00e9dition et\/ou une assurance car nous ne pourrons \u00eatre tenus responsables de la non-d\u00e9livrance d'un produit retourn\u00e9.<\/p>\n<h4>Qu'arrive t-il si je commande un article qui est, ou qui devient, \u00e9puis\u00e9\u00a0?<\/h4>\n<p>Nous nous effor\u00e7ons de conserver un stock suffisant pour assurer une disponibilit\u00e9 de tous les articles. Toutefois, des ruptures de stock peuvent arriver \u00e0 tout moment. Si c'est le cas pour une de vos commandes, nous prendrons directement contact avec vous. Si vous ne souhaitez plus poursuivre votre commande ou que, quel qu\u2019en soit la raison, nous ne pouvons fournir l'article command\u00e9, nous vous rembourserons int\u00e9gralement.<\/p>\n<p>\u00a0<\/p>\n<\/div><\/div><\/div><div id=\"pgc-1775-0-1\"  class=\"panel-grid-cell panel-grid-cell-empty\" ><\/div><\/div><!--vgRowWrapper--><\/div><\/div><\/div>","protected":false},"excerpt":{"rendered":"<p>LIVRAISON ET RETOUR Vos achats sur notre site web doivent se d\u00e9rouler de la fa\u00e7on la plus agr\u00e9able possible. Ci-dessous se trouve un r\u00e9sum\u00e9 de notre politique d&#8217;exp\u00e9dition et de retour, faite pour r\u00e9pondre \u00e0 toutes vos interrogations. Merci de lire ces documents afin de savoir ce que vous pouvez attendre de nous, ce que <a href=\"https:\/\/www.apdiving.eu\/fr\/delivery-returns\/\">[Read More &hellip;]<\/a><\/p>\n","protected":false},"author":4,"featured_media":0,"parent":0,"menu_order":0,"comment_status":"open","ping_status":"open","template":"","meta":{"footnotes":""},"class_list":["post-1775","page","type-page","status-publish","hentry"],"_links":{"self":[{"href":"https:\/\/www.apdiving.eu\/fr\/wp-json\/wp\/v2\/pages\/1775","targetHints":{"allow":["GET"]}}],"collection":[{"href":"https:\/\/www.apdiving.eu\/fr\/wp-json\/wp\/v2\/pages"}],"about":[{"href":"https:\/\/www.apdiving.eu\/fr\/wp-json\/wp\/v2\/types\/page"}],"author":[{"embeddable":true,"href":"https:\/\/www.apdiving.eu\/fr\/wp-json\/wp\/v2\/users\/4"}],"replies":[{"embeddable":true,"href":"https:\/\/www.apdiving.eu\/fr\/wp-json\/wp\/v2\/comments?post=1775"}],"version-history":[{"count":9,"href":"https:\/\/www.apdiving.eu\/fr\/wp-json\/wp\/v2\/pages\/1775\/revisions"}],"predecessor-version":[{"id":7082,"href":"https:\/\/www.apdiving.eu\/fr\/wp-json\/wp\/v2\/pages\/1775\/revisions\/7082"}],"wp:attachment":[{"href":"https:\/\/www.apdiving.eu\/fr\/wp-json\/wp\/v2\/media?parent=1775"}],"curies":[{"name":"wp","href":"https:\/\/api.w.org\/{rel}","templated":true}]}}