{"id":15,"date":"2013-07-22T15:27:15","date_gmt":"2013-07-22T15:27:15","guid":{"rendered":"http:\/\/ap.msurl.net\/blog\/?page_id=15"},"modified":"2015-11-11T16:23:34","modified_gmt":"2015-11-11T16:23:34","slug":"about-ap","status":"publish","type":"page","link":"https:\/\/www.apdiving.eu\/fr\/about-ap\/","title":{"rendered":"About AP"},"content":{"rendered":"<div id=\"pl-15\"  class=\"panel-layout\" ><div id=\"pg-15-0\"  class=\"panel-grid panel-has-style\" ><div class=\"vgfull  panel-row-style panel-row-style-for-15-0\" ><div class=\"vgRowWrapper\"><div id=\"pgc-15-0-0\"  class=\"panel-grid-cell\" ><div id=\"panel-15-0-0-0\" class=\"so-panel widget widget_black-studio-tinymce widget_black_studio_tinymce panel-first-child panel-last-child\" data-index=\"0\" ><div class=\"textwidget\"><h1>NOTRE MISSION ...<\/h1>\n<p>Aider les plongeurs \u00e0 mieux plonger \u2013 explorer plus avant, rester plus longtemps et appr\u00e9cier la balade tout du long. Nous y arrivons en concevant et fabricant des produits innovants (et souvent r\u00e9volutionnaires), faciles \u00e0 utiliser et qui augmente les performances des plongeurs m\u00eame dans les conditions les plus difficiles. Tout ce que nous fabriquons est con\u00e7u, test\u00e9 et assembl\u00e9 dans notre usine et centre de recherche au c\u0153ur du Cornwall, GB. Notre but\u00a0:<\/p>\n<ul>\n<li>Etre les meilleurs dans tout ce que nous faisons, depuis la salle de r\u00e9union jusqu'\u00e0\u00a0la boutique.<\/li>\n<li>Aider \u00e0 former, soutenir et informer la communaut\u00e9 mondiale des plongeurs partout o\u00f9 nous le pouvons. Nos portes sont toujours ouvertes aux plongeurs souhaitant nous rendre visite et nous sommes toujours heureux de discuter de tous les aspects de la plong\u00e9e \u2013 de l'utilisation des recycleurs, \u00e0 la planification de plong\u00e9es sp\u00e9cifiques, de conseils sur l'entretien et la r\u00e9paration, la fourniture d'outils sp\u00e9cialis\u00e9s ou tout autre question que vous pourriez avoir. Et ce n'est pas une promesse en l'air. Passez-nous un coup de fil et nous vous\u00a0organiserons\u00a0une visite.<\/li>\n<li>Adopter une approche qualit\u00e9 sans compromis \u00e0 tous les produits que nous fabriquons.\u00a0<\/li>\n<li>Appr\u00e9cier de plonger avec les \u00e9quipements que nous fabriquons.<\/li>\n<\/ul>\n<\/div><\/div><\/div><div id=\"pgc-15-0-1\"  class=\"panel-grid-cell panel-grid-cell-empty\" ><\/div><div id=\"pgc-15-0-2\"  class=\"panel-grid-cell\" ><div id=\"panel-15-0-2-0\" class=\"so-panel widget widget_black-studio-tinymce widget_black_studio_tinymce panel-first-child\" data-index=\"1\" ><div class=\"textwidget\"><p>\u00a0<\/p>\n<p>\u00a0<\/p><\/div><\/div><div class=\"vg-image-widget\"><img decoding=\"async\" src=\"https:\/\/www.apdiving.eu\/fr\/wp-content\/uploads\/bcd-rebreather-research-development-history-founder-apdiving.jpg\" alt=\"\"\/><span class=\"caption\">Jake Kimpton AP &copy;<\/span><\/div><\/div><\/div><!--vgRowWrapper--><\/div><\/div><div id=\"pg-15-1\"  class=\"panel-grid panel-has-style\" ><div class=\"vgfull  panel-row-style panel-row-style-for-15-1\" ><div class=\"vgRowWrapper\"><div id=\"pgc-15-1-0\"  class=\"panel-grid-cell\" ><div id=\"panel-15-1-0-0\" class=\"so-panel widget widget_black-studio-tinymce widget_black_studio_tinymce panel-first-child panel-last-child\" data-index=\"3\" ><div class=\"textwidget\"><p>Des aujourd\u2019hui, nous repoussons les fronti\u00e8res de la plong\u00e9e technique et sportive \u00e0 travers le d\u00e9veloppement de produits innovants \u2013 des \u00e9quipements qui permettent au plongeur de lib\u00e9rer leur potentiel et \u00e9tendre leurs horizons en toute s\u00e9curit\u00e9, efficacit\u00e9 et confort. Notre 6\u00e8me g\u00e9n\u00e9ration de recycleurs circuit-ferm\u00e9 de la gamme Inspiration est un t\u00e9moignage de notre volont\u00e9 constante d'innovation et de R&amp;D. Au travers de recherches avanc\u00e9es et de tests sans concession, nous cherchons \u00e0 fabriquer des \u00e9quipements de plongeur fabriqu\u00e9s avec soin, fonctionnant parfaitement et proposant des solutions aux probl\u00e8mes que nous rencontrons tous sous l'eau. O\u00f9 cela va-t-il nous mener, nous n'en sommes pas toujours certains.<\/p><p><strong>Mais \u00e7a fait fait partie de l'aventure.<br \/><br \/><\/strong><\/p><\/div><\/div><\/div><\/div><!--vgRowWrapper--><\/div><\/div><div id=\"pg-15-2\"  class=\"panel-grid panel-has-style\" ><div class=\"vgfull  panel-row-style panel-row-style-for-15-2\" ><div class=\"vgRowWrapper\"><div id=\"pgc-15-2-0\"  class=\"panel-grid-cell\" ><div class=\"vg-image-widget\"><img decoding=\"async\" src=\"https:\/\/www.apdiving.eu\/fr\/wp-content\/uploads\/separator-middle.jpg\" alt=\"\"\/><\/div><\/div><\/div><!--vgRowWrapper--><\/div><\/div><div id=\"pg-15-3\"  class=\"panel-grid panel-has-style\" ><div class=\"vgfull  panel-row-style panel-row-style-for-15-3\" ><div class=\"vgRowWrapper\"><div id=\"pgc-15-3-0\"  class=\"panel-grid-cell panel-grid-cell-empty\" ><\/div><div id=\"pgc-15-3-1\"  class=\"panel-grid-cell panel-grid-cell-mobile-last\" ><div id=\"panel-15-3-1-0\" class=\"so-panel widget widget_black-studio-tinymce widget_black_studio_tinymce panel-first-child\" data-index=\"5\" ><div class=\"textwidget\"><h1>POURQUOI NOUS FABRIQUONS LES CHOSES DE CETTE FACON\u00a0?<\/h1>\n<p>De l'\u00e9tape du design, \u00e0 la conception des outils et la fabrication\u00a0; nous faisons tout en interne ce qui permet de garantir un suivi de qualit\u00e9 et une coh\u00e9rence dans des processus de fabrication inspect\u00e9s et v\u00e9rifi\u00e9s r\u00e9guli\u00e8rement par des agents tiers de la Lloyd Register Quality Assurance afin de r\u00e9pondre aux exigences des standards de fabrication ISO 9001. Nous fabriquons en interne 95\u00a0% de tous nos produits y compris le plus petit composant de base en laiton ou en plastique.\u00a0<\/p>\n<h1>\u00a0<\/h1>\n<\/div><\/div><div class=\"vg-image-widget\"><img decoding=\"async\" src=\"https:\/\/www.apdiving.eu\/fr\/wp-content\/uploads\/bcd-rebreather-why-we-build-history-founder-apdiving1.jpg\" alt=\"\"\/><span class=\"caption\">Jeff Parker AP &copy;<\/span><\/div><div id=\"panel-15-3-1-2\" class=\"so-panel widget widget_black-studio-tinymce widget_black_studio_tinymce panel-last-child\" data-index=\"7\" ><div class=\"textwidget\"><p style=\"text-align: left;\">Nous r\u00e9alisons bien que cette approche va \u00e0 l'encontre de la fa\u00e7on de penser des autres fabricants.La plupart d'entre-eux externalisent leur production depuis des d\u00e9cennies. Nous ne cherchons pas \u00e0 nous d\u00e9fendre de vouloir tout garder en interne \u2026 c'est juste notre fa\u00e7on de faire. L\u2019exp\u00e9rience nous a appris que les probl\u00e8mes viennent g\u00e9n\u00e9ralement des fournisseurs externes. En gardant les processus en interne, nous conservons la philosophie familiale\u00a0: la fiert\u00e9 dans ce que nous faisons et le contr\u00f4le de la qualit\u00e9 tout le long du processus. Du d\u00e9but \u00e0 la fin.<\/p>\n<p>\u00a0<\/p>\n<\/div><\/div><\/div><div id=\"pgc-15-3-2\"  class=\"panel-grid-cell panel-grid-cell-empty\" ><\/div><\/div><!--vgRowWrapper--><\/div><\/div><div id=\"pg-15-4\"  class=\"panel-grid panel-has-style\" ><div class=\"vgfull vg-spacing panel-row-style panel-row-style-for-15-4\" ><div class=\"vgRowWrapper\"><div id=\"pgc-15-4-0\"  class=\"panel-grid-cell\" ><div class=\"vg-image-widget\"><img decoding=\"async\" src=\"https:\/\/www.apdiving.eu\/fr\/wp-content\/uploads\/separator-middle.jpg\" alt=\"\"\/><\/div><\/div><\/div><!--vgRowWrapper--><\/div><\/div><div id=\"pg-15-5\"  class=\"panel-grid panel-has-style\" ><div class=\"vgfull  panel-row-style panel-row-style-for-15-5\" ><div class=\"vgRowWrapper\"><div id=\"pgc-15-5-0\"  class=\"panel-grid-cell\" ><div id=\"panel-15-5-0-0\" class=\"so-panel widget widget_black-studio-tinymce widget_black_studio_tinymce panel-first-child\" data-index=\"9\" ><div class=\"textwidget\"><p><br\/><\/p><\/div><\/div><div class=\"vg-image-widget\"><img decoding=\"async\" src=\"https:\/\/www.apdiving.eu\/fr\/wp-content\/uploads\/bcd-rebreather-david-parker-history-founder-apdiving.jpg\" alt=\"\"\/><span class=\"caption\">David Parker<\/span><\/div><\/div><div id=\"pgc-15-5-1\"  class=\"panel-grid-cell panel-grid-cell-empty\" ><\/div><div id=\"pgc-15-5-2\"  class=\"panel-grid-cell\" ><div id=\"panel-15-5-2-0\" class=\"so-panel widget widget_black-studio-tinymce widget_black_studio_tinymce panel-first-child panel-last-child\" data-index=\"11\" ><div class=\"textwidget\"><h1>NOTRE HISTOIRE<\/h1>\n<p>Pendant plus de 44 ans, AP ouvert la voie de la plong\u00e9e \u2013 innovation, design et fabrication d'\u00e9quipements de la meilleure qualit\u00e9 possible. Depuis sa fondation en 1969, la soci\u00e9t\u00e9 a grandi \u00e0 une vitesse exceptionnelle, depuis la petite entreprise familiale \u00e0 la soci\u00e9t\u00e9 de r\u00e9putation mondiale, \u00e9paul\u00e9e par un r\u00e9seau global de moniteurs de plong\u00e9e, de distributeurs et de centres support. Nos clients vont du plongeur individuel au moniteur en passant par les services de secours, les militaires, la police, les pompiers, les d\u00e9mineurs, les plongeurs de bord, les gardes-c\u00f4tes ainsi que les g\u00e9ants commerciaux du sauvetage en mer et de l'industrie p\u00e9troli\u00e8re\u00a0; dans plus de 50 pays \u00e0 travers le monde.<\/p>\n<p>Comment avons-nous r\u00e9ussi\u00a0? Nous ne fabriquons et vendons jamais quelque-chose qui ne nous satisfait pas \u00e0 100\u00a0% en tant que plongeur. Aujourd'hui, tous les services\u00a0de notre usine \u2013 du bureau d'\u00e9tude \u00e0 la salle de r\u00e9union, du service vente \u00e0 la boutique \u2013 ont du personnel plongeur de tout niveau et exp\u00e9rience.<\/p>\n<\/div><\/div><\/div><\/div><!--vgRowWrapper--><\/div><\/div><div id=\"pg-15-6\"  class=\"panel-grid panel-has-style\" ><div class=\"vgfull  panel-row-style panel-row-style-for-15-6\" ><div class=\"vgRowWrapper\"><div id=\"pgc-15-6-0\"  class=\"panel-grid-cell\" ><div id=\"panel-15-6-0-0\" class=\"so-panel widget widget_black-studio-tinymce widget_black_studio_tinymce panel-first-child panel-last-child\" data-index=\"12\" ><div class=\"textwidget\"><p>\u00a0<\/p><p>Ceci, en compl\u00e9ment de notre philosophie d'entreprise, assure que nous nous engageons pour concevoir l'excellence, pour produire de la qualit\u00e9 et pour r\u00e9soudre les probl\u00e8mes rencontr\u00e9s par les plongeurs tous les jours. En fait, cette qu\u00eate sans fin du meilleur \u00e9quipement de plong\u00e9e nous conduit o\u00f9 commence notre histoire ...<\/p><p>Retour en 1969, les plongeurs et audacieux fondateurs de la soci\u00e9t\u00e9, David &amp; Angela Parker, virent le besoin d'un syst\u00e8me plus efficace d'alimentation d'urgence en air. Il n'existait rien de disponible dans ce sens, ils d\u00e9cid\u00e8rent donc de l'inventer. Le r\u00e9sultat, le d\u00e9sormais c\u00e9l\u00e8bre Embout Automatique AP Valve permettant au plongeur de respirer facilement l'air se trouvant dans le gilet et apportant ainsi une r\u00e9ponse temporaire d'urgence pour les premi\u00e8res secondes critiques d'une panne d'air. Peu apr\u00e8s cette invention, AP d\u00e9veloppa sa propre gamme de Gilets \u2013 la fameuse gamme BUDDY (maintenant appel\u00e9e gamme AP) \u2013 ainsi qu'une mini-bouteille additionnelle au gilet, transformant l'embout AP Valve en un \u00e9l\u00e9ment estim\u00e9 par des g\u00e9n\u00e9rations de plongeurs comme un indispensable dernier recours.<\/p><\/div><\/div><\/div><\/div><!--vgRowWrapper--><\/div><\/div><div id=\"pg-15-7\"  class=\"panel-grid panel-has-style\" ><div class=\"vgfull  panel-row-style panel-row-style-for-15-7\" ><div class=\"vgRowWrapper\"><div id=\"pgc-15-7-0\"  class=\"panel-grid-cell\" ><div id=\"panel-15-7-0-0\" class=\"so-panel widget widget_black-studio-tinymce widget_black_studio_tinymce panel-first-child panel-last-child\" data-index=\"13\" ><div class=\"textwidget\"><p>Le concept, simple et fiable, a r\u00e9sist\u00e9 aux \u00e9preuves du temps et est toujours pr\u00e9sent aujourd'hui, dans une forme plus \u00e9volu\u00e9e \u2013 sur des \u00e9quipements comme l'Octo-inflateur Auto Air et le super inflateur APV200 \u2013 disponibles en tant qu'option sur toute la gamme des gilets et wings AP.<\/p><p>Nous avons bien grandi depuis nos modestes d\u00e9but\u00a0: un abri de jardin derri\u00e8re la boutique de plong\u00e9e\/droguerie \u00ab\u00a0Parker Harware\u00a0\u00bb situ\u00e9e \u00e0 Coventry. Aujourd'hui une soci\u00e9t\u00e9 internationale majeur de l'industrie de la plong\u00e9e, r\u00e9put\u00e9e pour la qualit\u00e9 de ses \u00e9quipements. Comment\u00a0? En se concentrant sur 3 points\u00a0: qualit\u00e9, confiance et service. Nous inventons et fabriquons des produits de qualit\u00e9 sup\u00e9rieure, \u00e0 des tarifs raisonnables et qui r\u00e9pondent aux exigences extr\u00eames d'un sport qui, bien que passionnant, est aussi dangereux\u00a0; nous essayons toujours d'apporter des conseils simples et honn\u00eates aux plongeurs\u00a0; et nous allons toujours de l'avant en \u00e9tant fiers de nos produits et services.<\/p><p>Nous fabriquons 95\u00a0% des composants en interne. Ceci signifie que de l'id\u00e9e originale, au design, la fabrication d'outils, l'usinage, moulage, l'assemblage, l'inspection finale et le test du produit fini \u2013 nous avons un contr\u00f4le total des choses que nous cr\u00e9ons.<\/p><p>\u00a0<\/p><\/div><\/div><\/div><div id=\"pgc-15-7-1\"  class=\"panel-grid-cell panel-grid-cell-empty\" ><\/div><div id=\"pgc-15-7-2\"  class=\"panel-grid-cell\" ><div id=\"panel-15-7-2-0\" class=\"so-panel widget widget_black-studio-tinymce widget_black_studio_tinymce panel-first-child\" data-index=\"14\" ><div class=\"textwidget\"><p><br\/><\/p><\/div><\/div><div class=\"vg-image-widget\"><img decoding=\"async\" src=\"https:\/\/www.apdiving.eu\/fr\/wp-content\/uploads\/bcd-rebreather-angela-parker-history-founder-apdiving1.jpg\" alt=\"\"\/><span class=\"caption\">Angela Parker. <i>L'original \u00abAP\u00bb<\/i><\/span><\/div><\/div><\/div><!--vgRowWrapper--><\/div><\/div><div id=\"pg-15-8\"  class=\"panel-grid panel-has-style\" ><div class=\"vgfull  panel-row-style panel-row-style-for-15-8\" ><div class=\"vgRowWrapper\"><div id=\"pgc-15-8-0\"  class=\"panel-grid-cell\" ><div id=\"panel-15-8-0-0\" class=\"so-panel widget panel-first-child\" data-index=\"16\" ><\/div><div class=\"vg-image-widget\"><img decoding=\"async\" src=\"https:\/\/www.apdiving.eu\/fr\/wp-content\/uploads\/separator-middle1.jpg\" alt=\"\"\/><\/div><\/div><\/div><!--vgRowWrapper--><\/div><\/div><div id=\"pg-15-9\"  class=\"panel-grid panel-has-style\" ><div class=\"vgfull  panel-row-style panel-row-style-for-15-9\" ><div class=\"vgRowWrapper\"><div id=\"pgc-15-9-0\"  class=\"panel-grid-cell panel-grid-cell-empty\" ><\/div><div id=\"pgc-15-9-1\"  class=\"panel-grid-cell panel-grid-cell-mobile-last\" ><div id=\"panel-15-9-1-0\" class=\"so-panel widget widget_black-studio-tinymce widget_black_studio_tinymce panel-first-child panel-last-child\" data-index=\"18\" ><div class=\"textwidget\"><h1 style=\"text-align: center;\">NOTRE EQUIPE<\/h1>\n<p>Nous sommes actuellement 55 personnes travaillant dans\u00a0notre centre d'innovation et de fabrication dans le Cornwall, BG. Presque tous sont des plongeurs (les quelques-uns qui ne le sont pas encore regardent en boucle des films d'explorations sous-marines des ann\u00e9es 70 dans notre laboratoire de r\u00e9-\u00e9ducation \u2026 jusqu'\u00e0 ce qu'ils le deviennent).<\/p>\n<p>Nous avons des designers, des ing\u00e9nieurs et des plongeurs de test externalis\u00e9s, qui travaillent pour r\u00e9soudre les probl\u00e8mes que peuvent rencontrer les plongeurs \u2013 \u00e0 la recherche constante de ce qui peut rendre votre plong\u00e9e meilleur, plus confortable et plus passionnante.<\/p>\n<p>Nous avons fait venir \u00e0 nous quelque-uns des meilleurs dans l'industrie du mat\u00e9riel de plong\u00e9e, qui sont non seulement fiers des produits qu'ils contribuent \u00e0 fabriquer mais aussi fiers d'offrir un service apr\u00e8s-vente incomparable \u2013 rendu nettement plus efficace gr\u00e2ce \u00e0 notre politique de fabrication en interne et \u00e0 la disponibilit\u00e9 continue des pi\u00e8ces d\u00e9tach\u00e9es et accessoires.<\/p><\/p>\n<\/div><\/div><\/div><div id=\"pgc-15-9-2\"  class=\"panel-grid-cell panel-grid-cell-empty\" ><\/div><\/div><!--vgRowWrapper--><\/div><\/div><\/div>","protected":false},"excerpt":{"rendered":"<p>NOTRE MISSION &#8230;Aider les plongeurs \u00e0 mieux plonger \u2013 explorer plus avant, rester plus longtemps et appr\u00e9cier la balade tout du long. Nous y arrivons en concevant et fabricant des produits innovants (et souvent r\u00e9volutionnaires), faciles \u00e0 utiliser et qui augmente les performances des plongeurs m\u00eame dans les conditions les plus difficiles. Tout ce que <a href=\"https:\/\/www.apdiving.eu\/fr\/about-ap\/\">[Read More &hellip;]<\/a><\/p>\n","protected":false},"author":4,"featured_media":0,"parent":0,"menu_order":0,"comment_status":"open","ping_status":"open","template":"","meta":{"footnotes":""},"class_list":["post-15","page","type-page","status-publish","hentry"],"_links":{"self":[{"href":"https:\/\/www.apdiving.eu\/fr\/wp-json\/wp\/v2\/pages\/15","targetHints":{"allow":["GET"]}}],"collection":[{"href":"https:\/\/www.apdiving.eu\/fr\/wp-json\/wp\/v2\/pages"}],"about":[{"href":"https:\/\/www.apdiving.eu\/fr\/wp-json\/wp\/v2\/types\/page"}],"author":[{"embeddable":true,"href":"https:\/\/www.apdiving.eu\/fr\/wp-json\/wp\/v2\/users\/4"}],"replies":[{"embeddable":true,"href":"https:\/\/www.apdiving.eu\/fr\/wp-json\/wp\/v2\/comments?post=15"}],"version-history":[{"count":3,"href":"https:\/\/www.apdiving.eu\/fr\/wp-json\/wp\/v2\/pages\/15\/revisions"}],"predecessor-version":[{"id":5969,"href":"https:\/\/www.apdiving.eu\/fr\/wp-json\/wp\/v2\/pages\/15\/revisions\/5969"}],"wp:attachment":[{"href":"https:\/\/www.apdiving.eu\/fr\/wp-json\/wp\/v2\/media?parent=15"}],"curies":[{"name":"wp","href":"https:\/\/api.w.org\/{rel}","templated":true}]}}