{"id":1092,"date":"2013-12-08T12:30:15","date_gmt":"2013-12-08T12:30:15","guid":{"rendered":"http:\/\/ap.msurl.net\/blog\/?page_id=1092"},"modified":"2015-11-16T11:01:02","modified_gmt":"2015-11-16T11:01:02","slug":"pro-commando","status":"publish","type":"page","link":"https:\/\/www.apdiving.eu\/fr\/community\/pro-commando\/","title":{"rendered":"Pro Commando"},"content":{"rendered":"<div id=\"pl-1092\"  class=\"panel-layout\" ><div id=\"pg-1092-0\"  class=\"panel-grid panel-has-style\" ><div class=\"vgfull vg-spacing panel-row-style panel-row-style-for-1092-0\" ><div class=\"vgRowWrapper\"><div id=\"pgc-1092-0-0\"  class=\"panel-grid-cell panel-grid-cell-empty\" ><\/div><\/div><!--vgRowWrapper--><\/div><\/div><div id=\"pg-1092-1\"  class=\"panel-grid panel-has-style\" ><div class=\"vgfull vg-spacing panel-row-style panel-row-style-for-1092-1\" ><div class=\"vgRowWrapper\"><div id=\"pgc-1092-1-0\"  class=\"panel-grid-cell\" ><div id=\"panel-1092-1-0-0\" class=\"so-panel widget widget_black-studio-tinymce widget_black_studio_tinymce panel-first-child panel-last-child\" data-index=\"0\" ><div class=\"textwidget\"><h3>Le Commando Escape AP<br \/>\u2013 Performance : 10\/10<\/h3>\n<blockquote>\n<p>La soci\u00e9t\u00e9 tient l\u00e0 un gagnant \u2026 un gilet simple enveloppe qui conserve toute solidit\u00e9 du classique BUDDY\u00a0! [appel\u00e9 maintenant \u00ab\u00a0AP Commando]. Vous avez mis juste ce qu'il faut de gadgets. Le dosseret avec poignet de portage fonctionne parfaitement, de m\u00eame que les sangles et attaches \u2013 c'est un gilet classique AP, mais plus l\u00e9ger \u2026 Ce que nous avons le plus aim\u00e9, ce sont les poches \u00e9normes. Les deux poches principales peuvent facilement accueillir un parachute, une lampe de secours, un masque de secours, un petit d\u00e9vidoir et bien d'autres choses encore \u2026 Dans l'eau, il fait ce pourquoi il est con\u00e7u et il excelle en surface, en apportant toute la flottabilit\u00e9 n\u00e9cessaire \u2026 Il vaut vraiment son prix.\u00a0<\/p>\n<p>Notes : Co\u00fbt : 9\/10, Performance: 10\/10, Moyenne G\u00e9n\u00e9rale : 10\/10<\/p>\n<h6>Charles Hood, Magasine de plong\u00e9e TestZone, GB<\/h6>\n<\/blockquote>\n<p>\u00a0<\/p>\n<h6>\u00a0<\/h6>\n<\/div><\/div><\/div><div id=\"pgc-1092-1-1\"  class=\"panel-grid-cell\" ><div class=\"vg-image-widget\"><img decoding=\"async\" src=\"https:\/\/www.apdiving.eu\/fr\/wp-content\/uploads\/Charles-Hood-quote.jpg\" alt=\"\"\/><span class=\"caption\">Charles Hood<\/span><\/div><\/div><\/div><!--vgRowWrapper--><\/div><\/div><div id=\"pg-1092-2\"  class=\"panel-grid panel-has-style\" ><div class=\"vgfull vg-spacing panel-row-style panel-row-style-for-1092-2\" ><div class=\"vgRowWrapper\"><div id=\"pgc-1092-2-0\"  class=\"panel-grid-cell\" ><div class=\"vg-image-widget\"><img decoding=\"async\" src=\"https:\/\/www.apdiving.eu\/fr\/wp-content\/uploads\/john-bantin-quote-01.png\" alt=\"\"\/><span class=\"caption\">John Bantin\n<\/span><\/div><\/div><div id=\"pgc-1092-2-1\"  class=\"panel-grid-cell\" ><div id=\"panel-1092-2-1-0\" class=\"so-panel widget widget_black-studio-tinymce widget_black_studio_tinymce panel-first-child panel-last-child\" data-index=\"3\" ><div class=\"textwidget\"><h3>Les gilets Tekwing AP\u00a0<\/h3>\n<blockquote>\n<p>\u2026 le grand jeu ...<\/p>\n<p>Ce gilet \u00ab\u00a0wing\u00a0\u00bb nous offre le grand jeu sur les caract\u00e9ristiques et les performances ...<\/p>\n<h6>Diver Magazine, UK - John Bantin<\/h6>\n<\/blockquote>\n<h6>\u00a0<\/h6>\n<\/div><\/div><\/div><\/div><!--vgRowWrapper--><\/div><\/div><div id=\"pg-1092-3\"  class=\"panel-grid panel-has-style\" ><div class=\"vgfull vg-spacing panel-row-style panel-row-style-for-1092-3\" ><div class=\"vgRowWrapper\"><div id=\"pgc-1092-3-0\"  class=\"panel-grid-cell\" ><div id=\"panel-1092-3-0-0\" class=\"so-panel widget widget_black-studio-tinymce widget_black_studio_tinymce panel-first-child panel-last-child\" data-index=\"4\" ><div class=\"textwidget\"><h3>L'\u00a0AP TEKWING<\/h3>\n<blockquote>\n<p>Des\u00a0les premi\u00e8res plong\u00e9es, utiliser ce gilet est devenu comme une seconde nature, ce qui est exactement ce qu'on demande \u00e0 ce genre d'\u00e9quipement\u00a0<\/p>\n<h6>Charles Hood, DIVE Magazine, UK<\/h6>\n<p>\u00a0<\/p>\n<\/blockquote>\n<\/div><\/div><\/div><div id=\"pgc-1092-3-1\"  class=\"panel-grid-cell\" ><div class=\"vg-image-widget\"><img decoding=\"async\" src=\"https:\/\/www.apdiving.eu\/fr\/wp-content\/uploads\/Dive-Magazine-quote.jpg\" alt=\"\"\/><span class=\"caption\">Dive Magazine<\/span><\/div><\/div><\/div><!--vgRowWrapper--><\/div><\/div><div id=\"pg-1092-4\"  class=\"panel-grid panel-has-style\" ><div class=\"vgfull vg-spacing panel-row-style panel-row-style-for-1092-4\" ><div class=\"vgRowWrapper\"><div id=\"pgc-1092-4-0\"  class=\"panel-grid-cell\" ><div class=\"vg-image-widget\"><img decoding=\"async\" src=\"https:\/\/www.apdiving.eu\/fr\/wp-content\/uploads\/kevin-camidge-quote-apdiving-01.jpg\" alt=\"\"\/><span class=\"caption\">Kevin Camidge<\/span><\/div><\/div><div id=\"pgc-1092-4-1\"  class=\"panel-grid-cell\" ><div id=\"panel-1092-4-1-0\" class=\"so-panel widget widget_black-studio-tinymce widget_black_studio_tinymce panel-first-child panel-last-child\" data-index=\"7\" ><div class=\"textwidget\"><h3>Robuste et fiable ...<\/h3>\n<blockquote>\n<p dir=\"ltr\">J'utilise mon gilet Buddy Commando Slimline depuis plus de 20 ans. Il m'a accompagn\u00e9 dans plusieurs milliers de plong\u00e9es, sans aucun probl\u00e8me. Ce gilet, robuste et fiable, ne m'a jamais demand\u00e9 plus qu'une r\u00e9vision chez AP Diving tous les quatre ou cinq ans. Je n'ai aucune h\u00e9sitation \u00e0 recommander les Gilets AP.<\/p>\n<h6 dir=\"ltr\">Kevin Camidge, Arch\u00e9ologue Ind\u00e9pendant et Directeur du D\u00e9partement d'Arch\u00e9ologie de la Soci\u00e9t\u00e9 Maritime de Corwall et des Iles Scilly (CISMAS)<\/h6>\n<p>\u00a0<\/p>\n<\/blockquote>\n<\/div><\/div><\/div><\/div><!--vgRowWrapper--><\/div><\/div><div id=\"pg-1092-5\"  class=\"panel-grid panel-has-style\" ><div class=\"vgfull vg-spacing panel-row-style panel-row-style-for-1092-5\" ><div class=\"vgRowWrapper\"><div id=\"pgc-1092-5-0\"  class=\"panel-grid-cell\" ><div id=\"panel-1092-5-0-0\" class=\"so-panel widget widget_black-studio-tinymce widget_black_studio_tinymce panel-first-child panel-last-child\" data-index=\"8\" ><div class=\"textwidget\"><h3>Je ne plonge jamais sans ...<\/h3>\n<blockquote>\n<p dir=\"ltr\">DE SCAPA A\u00a0TRUK, plus de 6500\u00a0plong\u00e9es, 25 livres publi\u00e9s et toujours le m\u00eame\u00a0BUDDY! Que je gueuse au fond sur le S.SMAIDAN ou que je me balade sur le S.S Tukia, des eaux froides du Nord-Est aux Lagons de Truk, mon BUDDY ne m'a jamais l\u00e2ch\u00e9. J'en use et abuse en toute confiance ... je ne plonge jamais sans !<\/p>\n<h6 dir=\"ltr\">Peter Collings, Photographe Professionnel, Ecrivain et Explorateur d'Epaves. Membre Fondateur de la Red Sea Wreck Academy.<\/h6>\n<p>\u00a0<\/p>\n<\/blockquote>\n<\/div><\/div><\/div><div id=\"pgc-1092-5-1\"  class=\"panel-grid-cell\" ><div class=\"vg-image-widget\"><img decoding=\"async\" src=\"https:\/\/www.apdiving.eu\/fr\/wp-content\/uploads\/peter-colings-quote-apdiving-01.jpg\" alt=\"\"\/><span class=\"caption\">Peter Collings<\/span><\/div><\/div><\/div><!--vgRowWrapper--><\/div><\/div><div id=\"pg-1092-6\"  class=\"panel-grid panel-has-style\" ><div class=\"vgfull vg-spacing panel-row-style panel-row-style-for-1092-6\" ><div class=\"vgRowWrapper\"><div id=\"pgc-1092-6-0\"  class=\"panel-grid-cell\" ><div class=\"vg-image-widget\"><img decoding=\"async\" src=\"https:\/\/www.apdiving.eu\/fr\/wp-content\/uploads\/joss-woolf-quote-apdiving-01.jpg\" alt=\"\"\/><span class=\"caption\">Joss Woolf<\/span><\/div><\/div><div id=\"pgc-1092-6-1\"  class=\"panel-grid-cell\" ><div id=\"panel-1092-6-1-0\" class=\"so-panel widget widget_black-studio-tinymce widget_black_studio_tinymce panel-first-child panel-last-child\" data-index=\"11\" ><div class=\"textwidget\"><h3>Le <b>joyau\u00a0<\/b>de la couronne<\/h3>\n<blockquote>\n<p dir=\"ltr\">L'\u00e9t\u00e9 dernier, j'ai eu la chance de remporter le prix \"Humour\" du Championnat Anglais de Photographie Sous-Marine, \u00e0 Plymouth. Le prix \u00e9tait un gilet Buddy Travelwing. \u00a0Etant un vieux fan de Mares depuis ces vingt derni\u00e8res ann\u00e9es, j'ai toujours associ\u00e9 le \"Buddy\" avec ces gilets oranges, ultra-visibles et increvables, souvent utilis\u00e9s par les membres les plus anciens de la famille des plongeurs. Comment ai-je pu autant me tromper ? Le\u00a0magnifique gilet, jaune et noir, qui m'a \u00e9t\u00e9 livr\u00e9 par la poste, ne ressemblait en rien au \"Buddy\" originel. Il est \u00e9quip\u00e9 d'un syst\u00e8me de pochettes \u00e0 plombs optionnelles qui peut \u00eatre utilis\u00e9 pour en faire deux grandes poches-filets, ce qui me convient plus en tant que photographe devant transporter tout un tas d'accessoires en permanence. Mais le joyau de la couronne est apparu plus tard : au del\u00e0 de son superbe look, je n'ai jamais utilis\u00e9 un gilet aussi confortable.<\/p>\n<h6 dir=\"ltr\">Joss Woolf\u00a0- Pr\u00e9sident de l'Association Anglaise des Photographes Sous-Marins.<\/h6>\n<p>\u00a0<\/p>\n<\/blockquote>\n<\/div><\/div><\/div><\/div><!--vgRowWrapper--><\/div><\/div><div id=\"pg-1092-7\"  class=\"panel-grid panel-has-style\" ><div class=\"vgfull vg-spacing panel-row-style panel-row-style-for-1092-7\" ><div class=\"vgRowWrapper\"><div id=\"pgc-1092-7-0\"  class=\"panel-grid-cell\" ><div id=\"panel-1092-7-0-0\" class=\"so-panel widget widget_black-studio-tinymce widget_black_studio_tinymce panel-first-child panel-last-child\" data-index=\"12\" ><div class=\"textwidget\"><h3>Le Travelwing AP \u2013 Performances<br \/>\nsans faute\u00a0\u2026<\/h3>\n<blockquote>\n<p dir=\"ltr\">Si vous ne souhaitez pas utiliser le syst\u00e8me de pochettes\u00a0\u00e0 plombs, les emplacements lib\u00e9r\u00e9s deviennent alors deux larges poches, ce qui est vraiment bien pens\u00e9. Les \u00e9paules et le dossier sont largement\u00a0rembourr\u00e9s, ce qui am\u00e9liore le confort lorsque vous utilisez une combinaison fine, en eaux chaudes. Le Travelwing \u00e9tait le centre de toute l'attention sur le bateau et les gens \u00e9taient curieux d'en savoir plus. Ma r\u00e9ponse, version courte : il fonctionne \u00e0 la perfection. Il est clair qu'AP Valves a pens\u00e9 ce gilet de bas en haut plut\u00f4t que de suivre un mod\u00e8le standard. Le r\u00e9sultat est exactement ce qu'on peut attendre d'un gilet \u00e0 volume dorsal (wing) d\u00e9di\u00e9 au voyage. Il est un peu plus cher mais vous suivra\u00a0probablement toute la vie, comme tous les autres gilets portant la marque BUDDY (AP Diving)<\/p>\n<h6>Charles Hood \u00a0SCUBA,\u00a0le magazine officiel de la BSAC<\/h6>\n<\/blockquote>\n<\/div><\/div><\/div><div id=\"pgc-1092-7-1\"  class=\"panel-grid-cell\" ><div class=\"vg-image-widget\"><img decoding=\"async\" src=\"https:\/\/www.apdiving.eu\/fr\/wp-content\/uploads\/Charles-Hood-quote.jpg\" alt=\"\"\/><span class=\"caption\">Charles Hood<\/span><\/div><\/div><\/div><!--vgRowWrapper--><\/div><\/div><div id=\"pg-1092-8\"  class=\"panel-grid panel-has-style\" ><div class=\"vgfull vg-spacing panel-row-style panel-row-style-for-1092-8\" ><div class=\"vgRowWrapper\"><div id=\"pgc-1092-8-0\"  class=\"panel-grid-cell\" ><div class=\"vg-image-widget\"><img decoding=\"async\" src=\"https:\/\/www.apdiving.eu\/fr\/wp-content\/uploads\/chris-lamb-quote-apdiving-01.jpg\" alt=\"\"\/><span class=\"caption\">Chris Lamb<\/span><\/div><\/div><div id=\"pgc-1092-8-1\"  class=\"panel-grid-cell\" ><div id=\"panel-1092-8-1-0\" class=\"so-panel widget widget_black-studio-tinymce widget_black_studio_tinymce panel-first-child panel-last-child\" data-index=\"15\" ><div class=\"textwidget\"><h3>Sans exceptino, je recommande<br \/>toujours AP ...<\/h3>\n<blockquote>\n<p>J'ai utilis\u00e9 mon BUDDY pendant plus de 20 ans et j'ai plong\u00e9e tout autour du monde. C'est certainement un gilet \u00ab\u00a0grand voyageur\u00a0\u00bb. J'ai plong\u00e9 intensivement en \u00c9cosses, en Mer rouge, dans les Iles Canaries, Maltes et j'ai m\u00eame pris mon \u00e9quipement en Am\u00e9rique \u2026 Je plonge habituellement avec un mono-bouteille mais lors de plong\u00e9es r\u00e9centes \u00e0 Scafa Flow, je suis pass\u00e9 au bi-bouteille et j'ai utilis\u00e9 le kit de portage AP pour mette en place mon gilet. Comme d'habitude, je n'ai eu aucun probl\u00e8me avec le gilet \u2026 Je trouve mon BUDDY g\u00e9nial lorsque je plonge avec des stagiaires car il inspire la s\u00e9curit\u00e9 et nous avons pas mal de personnes utilisant les divers gilets AP dans notre club. Lorsque des stagiaires me demandent quel gilet acheter \u2026 je recommande les Gilets AP sans exception.<\/p>\n<h6>Chris Lamb, SCOTSAC Instructeur r\u00e9gional<\/h6>\n<\/blockquote>\n<h6>\u00a0<\/h6>\n<h6>\u00a0<\/h6>\n<\/div><\/div><\/div><\/div><!--vgRowWrapper--><\/div><\/div><\/div>","protected":false},"excerpt":{"rendered":"<p>Le Commando Escape AP\u2013 Performance : 10\/10La soci\u00e9t\u00e9 tient l\u00e0 un gagnant \u2026 un gilet simple enveloppe qui conserve toute solidit\u00e9 du classique BUDDY\u00a0! [appel\u00e9 maintenant \u00ab\u00a0AP Commando]. Vous avez mis juste ce qu&#8217;il faut de gadgets. Le dosseret avec poignet de portage fonctionne parfaitement, de m\u00eame que les sangles et attaches \u2013 c&#8217;est un <a href=\"https:\/\/www.apdiving.eu\/fr\/community\/pro-commando\/\">[Read More &hellip;]<\/a><\/p>\n","protected":false},"author":4,"featured_media":0,"parent":1079,"menu_order":0,"comment_status":"open","ping_status":"open","template":"","meta":{"footnotes":""},"class_list":["post-1092","page","type-page","status-publish","hentry"],"_links":{"self":[{"href":"https:\/\/www.apdiving.eu\/fr\/wp-json\/wp\/v2\/pages\/1092","targetHints":{"allow":["GET"]}}],"collection":[{"href":"https:\/\/www.apdiving.eu\/fr\/wp-json\/wp\/v2\/pages"}],"about":[{"href":"https:\/\/www.apdiving.eu\/fr\/wp-json\/wp\/v2\/types\/page"}],"author":[{"embeddable":true,"href":"https:\/\/www.apdiving.eu\/fr\/wp-json\/wp\/v2\/users\/4"}],"replies":[{"embeddable":true,"href":"https:\/\/www.apdiving.eu\/fr\/wp-json\/wp\/v2\/comments?post=1092"}],"version-history":[{"count":9,"href":"https:\/\/www.apdiving.eu\/fr\/wp-json\/wp\/v2\/pages\/1092\/revisions"}],"predecessor-version":[{"id":6055,"href":"https:\/\/www.apdiving.eu\/fr\/wp-json\/wp\/v2\/pages\/1092\/revisions\/6055"}],"up":[{"embeddable":true,"href":"https:\/\/www.apdiving.eu\/fr\/wp-json\/wp\/v2\/pages\/1079"}],"wp:attachment":[{"href":"https:\/\/www.apdiving.eu\/fr\/wp-json\/wp\/v2\/media?parent=1092"}],"curies":[{"name":"wp","href":"https:\/\/api.w.org\/{rel}","templated":true}]}}