{"id":1085,"date":"2013-12-08T11:58:17","date_gmt":"2013-12-08T11:58:17","guid":{"rendered":"http:\/\/ap.msurl.net\/blog\/?page_id=1085"},"modified":"2015-12-11T11:53:24","modified_gmt":"2015-12-11T11:53:24","slug":"dive-expeditions-trip-reports","status":"publish","type":"page","link":"https:\/\/www.apdiving.eu\/fr\/community\/dive-expeditions-trip-reports\/","title":{"rendered":"Dive Expeditions &#038; Trip Reports"},"content":{"rendered":"<div id=\"pl-1085\"  class=\"panel-layout\" ><div id=\"pg-1085-0\"  class=\"panel-grid panel-has-style\" ><div class=\"vgfull  panel-row-style panel-row-style-for-1085-0\" ><div class=\"vgRowWrapper\"><div id=\"pgc-1085-0-0\"  class=\"panel-grid-cell panel-grid-cell-empty\" ><\/div><div id=\"pgc-1085-0-1\"  class=\"panel-grid-cell panel-grid-cell-mobile-last\" ><div id=\"panel-1085-0-1-0\" class=\"so-panel widget widget_black-studio-tinymce widget_black_studio_tinymce panel-first-child panel-last-child\" data-index=\"0\" ><div class=\"textwidget\"><p><div class=\"ap-post-entry\">\n    \n    <p class=\"entry-date\"><a href=\"https:\/\/www.apdiving.eu\/fr\/tamataroa-1\/\"><i class=\"fa fa-calendar\"><\/i>&nbsp;&nbsp;June 8, 2023<\/a><\/p>\n    \n    <div class=\"entry-title\"><h2><a href=\"https:\/\/www.apdiving.eu\/fr\/tamataroa-1\/\">TAMATAROA 1<\/a><\/h2><\/div>\n        <a href=\"https:\/\/www.apdiving.eu\/fr\/tamataroa-1\/\" class=\"featured-image\" style=\"background-image:url(https:\/\/www.apdiving.eu\/fr\/wp-content\/uploads\/laurent-1200.jpg)\"><\/a>\n    <div class=\"entry-summary\">\n        <p class=\"post-excerpt\"><p>TAMATAROA 1 &#8211; Derni\u00e8re mission de Laurent Ballesta : conserver le requin marteau Gt en Polyn\u00e9sie fran\u00e7aise&#8230;<\/p>\n<\/p>\n    <\/div>\n   \n    <span style=\"display:block; clear:both; height:1px;\"><\/span>\n\t<div><a href=\"https:\/\/www.apdiving.eu\/fr\/tamataroa-1\/\" class=\"post-read-more\">Plus&nbsp;&nbsp;<i class=\"fa fa-angle-right\"><\/i><\/a><\/div>\n\n<\/div>\n    <div class=\"ap-post-entry\">\n    \n    <p class=\"entry-date\"><a href=\"https:\/\/www.apdiving.eu\/fr\/the-gombessa-ii-expedition-2014\/\"><i class=\"fa fa-calendar\"><\/i>&nbsp;&nbsp;November 28, 2014<\/a><\/p>\n    \n    <div class=\"entry-title\"><h2><a href=\"https:\/\/www.apdiving.eu\/fr\/the-gombessa-ii-expedition-2014\/\">Plong\u00e9e Record de 24 heures<\/a><\/h2><\/div>\n        <a href=\"https:\/\/www.apdiving.eu\/fr\/the-gombessa-ii-expedition-2014\/\" class=\"featured-image\" style=\"background-image:url(https:\/\/www.apdiving.eu\/fr\/wp-content\/uploads\/rebreathers-bcds-scuba-trip-reports-24hour-featured-image-apdiving-150x150.jpg)\"><\/a>\n    <div class=\"entry-summary\">\n        <p class=\"post-excerpt\"><p>\u201cGOMBESSA II\u201d Exp\u00e9dition de  2014<br \/>\nPlong\u00e9e Record de 24 heures &#8211; et les m\u00e9rous marbr\u00e9s du pacifique<\/p>\n<\/p>\n    <\/div>\n   \n    <span style=\"display:block; clear:both; height:1px;\"><\/span>\n\t<div><a href=\"https:\/\/www.apdiving.eu\/fr\/the-gombessa-ii-expedition-2014\/\" class=\"post-read-more\">Plus&nbsp;&nbsp;<i class=\"fa fa-angle-right\"><\/i><\/a><\/div>\n\n<\/div>\n    <div class=\"ap-post-entry\">\n    \n    <p class=\"entry-date\"><a href=\"https:\/\/www.apdiving.eu\/fr\/trip-report-kuda-maru-wwii-japanese-gold-wreck-expedition\/\"><i class=\"fa fa-calendar\"><\/i>&nbsp;&nbsp;May 10, 2012<\/a><\/p>\n    \n    <div class=\"entry-title\"><h2><a href=\"https:\/\/www.apdiving.eu\/fr\/trip-report-kuda-maru-wwii-japanese-gold-wreck-expedition\/\">Compte-Rendu de S\u00e9jour : Kuda Maru \u2013 Exp\u00e9dition sur une Epave Japonaise de la Seconde Guerre Mondiale<\/a><\/h2><\/div>\n        <a href=\"https:\/\/www.apdiving.eu\/fr\/trip-report-kuda-maru-wwii-japanese-gold-wreck-expedition\/\" class=\"featured-image\" style=\"background-image:url(https:\/\/www.apdiving.eu\/fr\/wp-content\/uploads\/rebreathers-bcds-scuba-trip-reports-kuda-maru-itcscuba-1-apdiving.jpg)\"><\/a>\n    <div class=\"entry-summary\">\n        <p class=\"post-excerpt\"><p>Durant la premi\u00e8re semaine de mai 2012, une audacieuse \u00e9quipe de plongeurs ont r\u00e9alis\u00e9 une incroyable s\u00e9rie de 16 plong\u00e9es trimix en recycleur \u00e0 des profondeurs de \u00b1 90m (300ft) sur une \u00e9pave datant de la Seconde Guerre Mondiale qui pourrait \u00eatre le Kuda Maru, au large des c\u00f4tes de Cebu, Philippines.<\/p>\n<\/p>\n    <\/div>\n   \n    <span style=\"display:block; clear:both; height:1px;\"><\/span>\n\t<div><a href=\"https:\/\/www.apdiving.eu\/fr\/trip-report-kuda-maru-wwii-japanese-gold-wreck-expedition\/\" class=\"post-read-more\">Plus&nbsp;&nbsp;<i class=\"fa fa-angle-right\"><\/i><\/a><\/div>\n\n<\/div>\n    <div class=\"ap-post-entry\">\n    \n    <p class=\"entry-date\"><a href=\"https:\/\/www.apdiving.eu\/fr\/trip-report-apd-provide-the-life-support-for-james-camerons-deepest-dive-march-2012\/\"><i class=\"fa fa-calendar\"><\/i>&nbsp;&nbsp;March 26, 2012<\/a><\/p>\n    \n    <div class=\"entry-title\"><h2><a href=\"https:\/\/www.apdiving.eu\/fr\/trip-report-apd-provide-the-life-support-for-james-camerons-deepest-dive-march-2012\/\">Compte-rendu d&#8217;Exp\u00e9dition : AP Diving a fourni le syst\u00e8me de survie pour la plong\u00e9e profonde de James Cameron en mars 2012<\/a><\/h2><\/div>\n        <a href=\"https:\/\/www.apdiving.eu\/fr\/trip-report-apd-provide-the-life-support-for-james-camerons-deepest-dive-march-2012\/\" class=\"featured-image\" style=\"background-image:url(https:\/\/www.apdiving.eu\/fr\/wp-content\/uploads\/rebreathers-bcds-scuba-trip-reports-james-cameron-deepsea-challenge-1-apdiving.png)\"><\/a>\n    <div class=\"entry-summary\">\n        <p class=\"post-excerpt\"><p>AP Diving tient \u00e0 f\u00e9liciter James Cameron et toute l&#8217;\u00e9quipe du Deepsea Challenge pour leur plong\u00e9e r\u00e9ussie \u00e0 10 898m \/ 36 070ft, dans la fosse des Mariannes.<\/p>\n<\/p>\n    <\/div>\n   \n    <span style=\"display:block; clear:both; height:1px;\"><\/span>\n\t<div><a href=\"https:\/\/www.apdiving.eu\/fr\/trip-report-apd-provide-the-life-support-for-james-camerons-deepest-dive-march-2012\/\" class=\"post-read-more\">Plus&nbsp;&nbsp;<i class=\"fa fa-angle-right\"><\/i><\/a><\/div>\n\n<\/div>\n    <div class=\"ap-post-entry\">\n    \n    <p class=\"entry-date\"><a href=\"https:\/\/www.apdiving.eu\/fr\/trip-report-university-of-hawaii-deep-coral-reef-study\/\"><i class=\"fa fa-calendar\"><\/i>&nbsp;&nbsp;February 23, 2011<\/a><\/p>\n    \n    <div class=\"entry-title\"><h2><a href=\"https:\/\/www.apdiving.eu\/fr\/trip-report-university-of-hawaii-deep-coral-reef-study\/\">Compte-rendu d&#8217;exp\u00e9dition : Etude du R\u00e9cif Corallien Profond \u2013 Universit\u00e9 d&#8217;Hawa\u00ef<\/a><\/h2><\/div>\n        <a href=\"https:\/\/www.apdiving.eu\/fr\/trip-report-university-of-hawaii-deep-coral-reef-study\/\" class=\"featured-image\" style=\"background-image:url(https:\/\/www.apdiving.eu\/fr\/wp-content\/uploads\/rebreathers-bcds-scuba-trip-reports-university-of-hawaii-1-apdiving.jpg)\"><\/a>\n    <div class=\"entry-summary\">\n        <p class=\"post-excerpt\"><p>Il s&#8217;agit d&#8217;un projet commun entre l&#8217;Universit\u00e9 d&#8217;Hawa\u00ef, le Mus\u00e9e Bishop et le DLNR (Departement of Land and Natural Resources), ainsi que notre \u00e9quipe Recycleur et le Submersible Pisces-V du Laboratoire de Recherche Sous-Marine de Hawa\u00ef. L&#8217;histoire \u00e0 suivre, \u00e9crite par Richard, r\u00e9sume ce que nous avons fait.<\/p>\n<\/p>\n    <\/div>\n   \n    <span style=\"display:block; clear:both; height:1px;\"><\/span>\n\t<div><a href=\"https:\/\/www.apdiving.eu\/fr\/trip-report-university-of-hawaii-deep-coral-reef-study\/\" class=\"post-read-more\">Plus&nbsp;&nbsp;<i class=\"fa fa-angle-right\"><\/i><\/a><\/div>\n\n<\/div>\n    <div class=\"ap-post-entry\">\n    \n    <p class=\"entry-date\"><a href=\"https:\/\/www.apdiving.eu\/fr\/eport-australian-geographic-explorers-club-expedition\/\"><i class=\"fa fa-calendar\"><\/i>&nbsp;&nbsp;November 23, 2010<\/a><\/p>\n    \n    <div class=\"entry-title\"><h2><a href=\"https:\/\/www.apdiving.eu\/fr\/eport-australian-geographic-explorers-club-expedition\/\">Compte-rendu d&#8217;exp\u00e9dition : Exp\u00e9dition du Club Australian Geographic &#038; Explorers<\/a><\/h2><\/div>\n        <a href=\"https:\/\/www.apdiving.eu\/fr\/eport-australian-geographic-explorers-club-expedition\/\" class=\"featured-image\" style=\"background-image:url(https:\/\/www.apdiving.eu\/fr\/wp-content\/uploads\/rebreathers-bcds-scuba-trip-reports-australian-geopraphic-explorers-club-1-apdiving.jpg)\"><\/a>\n    <div class=\"entry-summary\">\n        <p class=\"post-excerpt\"><p>16 Plong\u00e9es d\u2019exploration du HIJMS Haguro,dans le D\u00e9troit de Malacca. Quel s\u00e9jour !<\/p>\n<\/p>\n    <\/div>\n   \n    <span style=\"display:block; clear:both; height:1px;\"><\/span>\n\t<div><a href=\"https:\/\/www.apdiving.eu\/fr\/eport-australian-geographic-explorers-club-expedition\/\" class=\"post-read-more\">Plus&nbsp;&nbsp;<i class=\"fa fa-angle-right\"><\/i><\/a><\/div>\n\n<\/div>\n    <\/p><\/div><\/div><\/div><div id=\"pgc-1085-0-2\"  class=\"panel-grid-cell panel-grid-cell-empty\" ><\/div><\/div><!--vgRowWrapper--><\/div><\/div><\/div>","protected":false},"excerpt":{"rendered":"<p>&nbsp; &nbsp; Plong\u00e9e Record de 24 heures Posted on November 28, 2014 in RAPPORTS D&#8217;EXPEDITION | Edit \u201cGOMBESSA II\u201d Exp\u00e9dition de 2014 Plong\u00e9e Record de 24 heures \u2013 et les m\u00e9rous marbr\u00e9s du pacifique Read More Compte-Rendu de S\u00e9jour : Kuda Maru \u2013 Exp\u00e9dition sur une Epave Japonaise de la Seconde Guerre Mondiale Posted on <a href=\"https:\/\/www.apdiving.eu\/fr\/eport-australian-geographic-explorers-club-expedition\/\">[Read More &hellip;]<\/a><\/p>\n","protected":false},"author":4,"featured_media":0,"parent":1079,"menu_order":0,"comment_status":"open","ping_status":"open","template":"","meta":{"footnotes":""},"class_list":["post-1085","page","type-page","status-publish","hentry"],"_links":{"self":[{"href":"https:\/\/www.apdiving.eu\/fr\/wp-json\/wp\/v2\/pages\/1085","targetHints":{"allow":["GET"]}}],"collection":[{"href":"https:\/\/www.apdiving.eu\/fr\/wp-json\/wp\/v2\/pages"}],"about":[{"href":"https:\/\/www.apdiving.eu\/fr\/wp-json\/wp\/v2\/types\/page"}],"author":[{"embeddable":true,"href":"https:\/\/www.apdiving.eu\/fr\/wp-json\/wp\/v2\/users\/4"}],"replies":[{"embeddable":true,"href":"https:\/\/www.apdiving.eu\/fr\/wp-json\/wp\/v2\/comments?post=1085"}],"version-history":[{"count":5,"href":"https:\/\/www.apdiving.eu\/fr\/wp-json\/wp\/v2\/pages\/1085\/revisions"}],"predecessor-version":[{"id":6191,"href":"https:\/\/www.apdiving.eu\/fr\/wp-json\/wp\/v2\/pages\/1085\/revisions\/6191"}],"up":[{"embeddable":true,"href":"https:\/\/www.apdiving.eu\/fr\/wp-json\/wp\/v2\/pages\/1079"}],"wp:attachment":[{"href":"https:\/\/www.apdiving.eu\/fr\/wp-json\/wp\/v2\/media?parent=1085"}],"curies":[{"name":"wp","href":"https:\/\/api.w.org\/{rel}","templated":true}]}}