{"id":1079,"date":"2013-12-08T11:19:39","date_gmt":"2013-12-08T11:19:39","guid":{"rendered":"http:\/\/ap.msurl.net\/blog\/?page_id=1079"},"modified":"2025-05-07T11:16:07","modified_gmt":"2025-05-07T11:16:07","slug":"community","status":"publish","type":"page","link":"https:\/\/www.apdiving.eu\/fr\/community\/","title":{"rendered":"COMMUNITY"},"content":{"rendered":"<div id=\"pl-1079\"  class=\"panel-layout\" ><div id=\"pg-1079-0\"  class=\"panel-grid panel-has-style\" ><div class=\"panel-row-style panel-row-style-for-1079-0\" ><div class=\"vgRowWrapper\"><div id=\"pgc-1079-0-0\"  class=\"panel-grid-cell\" ><div id=\"panel-1079-0-0-0\" class=\"so-panel widget widget_black-studio-tinymce widget_black_studio_tinymce panel-first-child panel-last-child\" data-index=\"0\" ><div class=\"textwidget\"><h2>Bienvenue dans la Communaut\u00e9 AP Diving ...<\/h2><p>D\u00e9couvrez les derni\u00e8res nouvelles d'AP, nos nouveaux produits et tous les \u00e9v\u00e9nements \u00e0 venir. D\u00e9couvrez aussi de nombreux compte-rendus de s\u00e9jours de la part de plongeurs loisirs et professionnels, d\u00e9couvrant des endroits inconnus et inhabituels gr\u00e2ce \u00e0 leur \u00e9quipement AP Diving. Vous voulez savoir ce que les personnes qui utilisent les produits AP Diving pensent de leur \u00e9quipement\u00a0? Vous trouverez aussi les avis de plongeurs loisirs et professionnels, publi\u00e9s dans des magazines sp\u00e9cialis\u00e9s avec les tests des \u00e9quipements qu'ils utilisent.<\/p><\/div><\/div><\/div><\/div><!--vgRowWrapper--><\/div><\/div><div id=\"pg-1079-1\"  class=\"panel-grid panel-has-style\" ><div class=\"vgfull  panel-row-style panel-row-style-for-1079-1\" ><div class=\"vgRowWrapper\"><div id=\"pgc-1079-1-0\"  class=\"panel-grid-cell\" ><div class=\"vgNews\"><a href=\"https:\/\/www.apdiving.eu\/fr\/news-blog\/\"><h2>NEWS<\/h2><\/a><\/a><hr \/><h3><a href=\"https:\/\/www.apdiving.eu\/fr\/stage-ccr-training-aura-2018\/\">Stage CCR Training - AURA 2018<\/a><\/h3><a href=\"https:\/\/www.apdiving.eu\/fr\/stage-ccr-training-aura-2018\/\"><img decoding=\"async\" src=\"https:\/\/www.apdiving.eu\/fr\/wp-content\/uploads\/Screen-Shot-2018-11-12-at-13.25.00-150x100.png\" style=\"display:inline; float:left; margin-bottom:10px; margin-right:10px;\"  \/><\/a><div style=\" margin-left:10px;\"><p>La commission technique r\u00e9gionale AURA de la F\u00e9d\u00e9ration - FFESSM - a organis\u00e9 sa premi\u00e8re formation d'instructeurs AP-Diving CCR<\/p>\n<\/div><hr style=\"clear:both;\"\/><h3><a href=\"https:\/\/www.apdiving.eu\/fr\/mise-a-jour-produit-feutrine-pour-cartouche-de-chaux\/\">Mise \u00e0 jour Produit : Feutrine pour Cartouche de Chaux<\/a><\/h3><a href=\"https:\/\/www.apdiving.eu\/fr\/mise-a-jour-produit-feutrine-pour-cartouche-de-chaux\/\"><img decoding=\"async\" src=\"https:\/\/www.apdiving.eu\/fr\/wp-content\/uploads\/rebreather-scrim-kit-2016-apdiving-1024x711-copy-150x100.jpg\" style=\"display:inline; float:left; margin-bottom:10px; margin-right:10px;\"  \/><\/a><div style=\" margin-left:10px;\"><p>Les feutrines utilis\u00e9es en dessus et dessous de la cartouche de chaux ont \u00e9t\u00e9 am\u00e9lior\u00e9es par le choix d'un mat\u00e9riau plus \u00e9pais\/rigide, moins propice \u00e0 s'effilocher sur les bords.<\/p>\n<\/div><hr style=\"clear:both;\"\/><\/div><\/div><div id=\"pgc-1079-1-1\"  class=\"panel-grid-cell panel-grid-cell-empty\" ><\/div><div id=\"pgc-1079-1-2\"  class=\"panel-grid-cell\" ><div class=\"vgNews\"><a href=\"https:\/\/www.apdiving.eu\/fr\/news-blog\/\"><h2>RAPPORTS D'EXPEDITION<\/h2><\/a><\/a><hr \/><h3><a href=\"https:\/\/www.apdiving.eu\/fr\/tamataroa-1\/\">TAMATAROA 1<\/a><\/h3><a href=\"https:\/\/www.apdiving.eu\/fr\/tamataroa-1\/\"><img decoding=\"async\" src=\"https:\/\/www.apdiving.eu\/fr\/wp-content\/uploads\/laurent-1200-150x100.jpg\" style=\"display:inline; float:left; margin-bottom:10px; margin-right:10px;\"  \/><\/a><div style=\" margin-left:10px;\"><p>TAMATAROA 1 - Derni\u00e8re mission de Laurent Ballesta : conserver le requin marteau Gt en Polyn\u00e9sie fran\u00e7aise...<\/p>\n<\/div><hr style=\"clear:both;\"\/><h3><a href=\"https:\/\/www.apdiving.eu\/fr\/the-gombessa-ii-expedition-2014\/\">Plong\u00e9e Record de 24 heures<\/a><\/h3><a href=\"https:\/\/www.apdiving.eu\/fr\/the-gombessa-ii-expedition-2014\/\"><img decoding=\"async\" src=\"https:\/\/www.apdiving.eu\/fr\/wp-content\/uploads\/rebreathers-bcds-scuba-trip-reports-24hour-featured-image-apdiving-150x150-150x100.jpg\" style=\"display:inline; float:left; margin-bottom:10px; margin-right:10px;\"  \/><\/a><div style=\" margin-left:10px;\"><p>\u201cGOMBESSA II\u201d Exp\u00e9dition de  2014<br \/>\nPlong\u00e9e Record de 24 heures - et les m\u00e9rous marbr\u00e9s du pacifique<\/p>\n<\/div><hr style=\"clear:both;\"\/><\/div><\/div><\/div><!--vgRowWrapper--><\/div><\/div><div id=\"pg-1079-2\"  class=\"panel-grid panel-has-style\" ><div class=\"vgfull  panel-row-style panel-row-style-for-1079-2\" ><div class=\"vgRowWrapper\"><div id=\"pgc-1079-2-0\"  class=\"panel-grid-cell\" ><div id=\"panel-1079-2-0-0\" class=\"so-panel widget widget_black-studio-tinymce widget_black_studio_tinymce panel-first-child panel-last-child\" data-index=\"3\" ><h3 class=\"widget-title\">S&#8217;impliquer &#8230;<\/h3><div class=\"textwidget\"><p>Nous voulons en savoir plus sur les histoires v\u00e9cues avec votre mat\u00e9riel, les choses que vous avez vu et les endroits fascisants que vous avez visit\u00e9. Nous vous encourageons \u00e0 nous envoyer vos histoires de voyages, vos photographies et films afin que nous puissions les partager avec tout le monde. Envoyez simplement un email avec toutes ces informations \u00e0\u00a0: <a href=\"mailto:gallery@apdiving.com\">gallery@apdiving.com<\/a>\u00a0 en n'oubliant pas d'inclure le nom de l'auteur, du photographe et du propri\u00e9taire de votre contribution. Si un \u00e9l\u00e9ment de votre contribution est sous copyright, nous aurons aussi besoin des autorisations d'utilisation pour publication sur notre site web.<\/p><\/div><\/div><\/div><\/div><!--vgRowWrapper--><\/div><\/div><div id=\"pg-1079-3\"  class=\"panel-grid panel-has-style\" ><div class=\"vgfull vg-spacing panel-row-style panel-row-style-for-1079-3\" ><div class=\"vgRowWrapper\"><div id=\"pgc-1079-3-0\"  class=\"panel-grid-cell panel-grid-cell-empty\" ><\/div><div id=\"pgc-1079-3-1\"  class=\"panel-grid-cell panel-grid-cell-mobile-last\" ><div id=\"panel-1079-3-1-0\" class=\"so-panel widget widget_black-studio-tinymce widget_black_studio_tinymce panel-first-child panel-last-child\" data-index=\"4\" ><h3 class=\"widget-title\">Facebook<\/h3><div class=\"textwidget\"><div class=\"fb-like-box\" data-href=\"https:\/\/www.facebook.com\/APDiving\" data-width=\"485\" data-height=\"500\" data-colorscheme=\"light\" data-show-faces=\"true\" data-header=\"true\" data-stream=\"true\" data-show-border=\"true\">\u00a0<\/div>\n<\/div><\/div><\/div><div id=\"pgc-1079-3-2\"  class=\"panel-grid-cell panel-grid-cell-empty\" ><\/div><\/div><!--vgRowWrapper--><\/div><\/div><\/div>","protected":false},"excerpt":{"rendered":"<p>Bienvenue dans la Communaut\u00e9 AP Diving &#8230;D\u00e9couvrez les derni\u00e8res nouvelles d&#8217;AP, nos nouveaux produits et tous les \u00e9v\u00e9nements \u00e0 venir. D\u00e9couvrez aussi de nombreux compte-rendus de s\u00e9jours de la part de plongeurs loisirs et professionnels, d\u00e9couvrant des endroits inconnus et inhabituels gr\u00e2ce \u00e0 leur \u00e9quipement AP Diving. Vous voulez savoir ce que les personnes qui <a href=\"https:\/\/www.apdiving.eu\/fr\/community\/\">[Read More &hellip;]<\/a><\/p>\n","protected":false},"author":4,"featured_media":0,"parent":0,"menu_order":0,"comment_status":"open","ping_status":"open","template":"","meta":{"footnotes":""},"class_list":["post-1079","page","type-page","status-publish","hentry"],"_links":{"self":[{"href":"https:\/\/www.apdiving.eu\/fr\/wp-json\/wp\/v2\/pages\/1079","targetHints":{"allow":["GET"]}}],"collection":[{"href":"https:\/\/www.apdiving.eu\/fr\/wp-json\/wp\/v2\/pages"}],"about":[{"href":"https:\/\/www.apdiving.eu\/fr\/wp-json\/wp\/v2\/types\/page"}],"author":[{"embeddable":true,"href":"https:\/\/www.apdiving.eu\/fr\/wp-json\/wp\/v2\/users\/4"}],"replies":[{"embeddable":true,"href":"https:\/\/www.apdiving.eu\/fr\/wp-json\/wp\/v2\/comments?post=1079"}],"version-history":[{"count":9,"href":"https:\/\/www.apdiving.eu\/fr\/wp-json\/wp\/v2\/pages\/1079\/revisions"}],"predecessor-version":[{"id":7426,"href":"https:\/\/www.apdiving.eu\/fr\/wp-json\/wp\/v2\/pages\/1079\/revisions\/7426"}],"wp:attachment":[{"href":"https:\/\/www.apdiving.eu\/fr\/wp-json\/wp\/v2\/media?parent=1079"}],"curies":[{"name":"wp","href":"https:\/\/api.w.org\/{rel}","templated":true}]}}