{"id":4656,"date":"2015-04-29T14:33:35","date_gmt":"2015-04-29T14:33:35","guid":{"rendered":"https:\/\/www.apdiving.com\/en\/?page_id=4656"},"modified":"2024-08-27T08:18:40","modified_gmt":"2024-08-27T08:18:40","slug":"useful-info","status":"publish","type":"page","link":"https:\/\/www.apdiving.eu\/en\/rebreathers\/resources\/useful-info\/","title":{"rendered":"Useful Information"},"content":{"rendered":"<div id=\"pl-4656\"  class=\"panel-layout\" ><div id=\"pg-4656-0\"  class=\"panel-grid panel-no-style\" ><div class=\"vgRowWrapper\"><div id=\"pgc-4656-0-0\"  class=\"panel-grid-cell\" ><div id=\"panel-4656-0-0-0\" class=\"so-panel widget widget_siteorigin-panels-builder panel-first-child panel-last-child\" data-index=\"0\" ><div class=\"vgRowWrapper panel-widget-style panel-widget-style-for-4656-0-0-0\" ><div id=\"pl-w65ef16e42937a\"  class=\"panel-layout\" ><div id=\"pg-w65ef16e42937a-0\"  class=\"panel-grid panel-has-style\" ><div class=\"vgRowWrapper  panel-row-style panel-row-style-for-w65ef16e42937a-0\" ><div class=\"vgRowWrapper\"><div id=\"pgc-w65ef16e42937a-0-0\"  class=\"panel-grid-cell\" ><div id=\"panel-w65ef16e42937a-0-0-0\" class=\"so-panel widget widget_sow-editor panel-first-child\" data-index=\"0\" ><div\n\t\t\t\n\t\t\tclass=\"so-widget-sow-editor so-widget-sow-editor-base\"\n\t\t\t\n\t\t>\n<div class=\"siteorigin-widget-tinymce textwidget\">\n\t<h2>REBREATHER BLOG<\/h2>\n<ul>\n<li><span style=\"color: #0000ff;\"><strong>New Research on Sorb Storage<\/strong><\/span> by a team led by Dr Neal Pollock and Prof.\u00a0Simon Mitchell, released\u00a0Autumn 2018.<\/li>\n<\/ul>\n<p>The research findings will be presented by Prof.\u00a0Mitchell at EUROTEK, Birmingham, UK in December 2018.<\/p>\n<p><a href=\"https:\/\/xray-mag.com\/content\/sorb-storage-new-research-released\">https:\/\/xray-mag.com\/content\/sorb-storage-new-research-released<\/a><\/p>\n<p>Key Take-away Message:<\/p>\n<p><em>\"The researchers believe the results have shown that sealing sorb is a good approach for prolonged storage. Rebreather divers should therefore consider placing partially used soda lime scrubber canisters in vacuum-sealed plastic bags if storing them for longer periods than overnight.\"<\/em><\/p>\n<p>\u00a0<\/p>\n<ul>\n<li><span style=\"color: #0000ff;\"><strong>A Calculator to Estimate the Risk of Pulmonary Oxygen Toxicity after Repeated Dives with Oxygen Partial Pressure of 1.3 bar<\/strong><\/span> - is now available on the RESA site. Posted Autumn 2018.<\/li>\n<\/ul>\n<p>Produced by\u00a0<b><a href=\"https:\/\/www.shearwater.com\/author\/bshykoff\/\">Barbara Shykoff<\/a>.\u00a0<\/b>Barbara Shykoff earned her B.A.SC. (Engineering Science, Chemical option) from University of Toronto, her M.Sc.E (Bioengineering Institute) from the University of New Brunswick, and her Ph.D. (Biomedical Engineering Unit) from McGill University. For the last 16 years she has worked at the U.S. Navy Experimental Diving Unit. Her principal areas of investigation have been pulmonary oxygen toxicity, some other aspects of prolonged mildly-hyperoxic exposure, and physiological effects of breathing resistance with and without inspired CO2.<\/p>\n<p><a href=\"https:\/\/www.rebreather.org\/blog\/pulmonary-o2-tox-calculator\/\">https:\/\/www.rebreather.org\/blog\/pulmonary-o2-tox-calculator\/<\/a><\/p>\n<p>\u00a0<\/p>\n<ul>\n<li><strong><a href=\" https:\/\/www.apdiving.eu\/en\/cell-warning-blog-by-mike-fowler\/\" target=\"_blank\">Rebreather Cell Warning Advice <\/a><\/strong><strong>by Mike Fowler, Silent\u00a0Diving, USA. Posted July 2016<\/strong><\/li>\n<\/ul>\n<p>At some point in your CCR diving career you are likely to encounter a cell warning. Besides pressing the right button to make it go quiet, do you really know what to look for or do about it? Read the blog <a href=\" https:\/\/www.apdiving.eu\/en\/cell-warning-blog-by-mike-fowler\/\" target=\"_blank\">here.<\/a><\/p>\n<p>\u00a0<\/p>\n<ul>\n<li><strong><a href=\"  https:\/\/www.apdiving.eu\/en\/suppressible-warnings-by-martin-parker\/\" target=\"_blank\">Suppressible and Non-suppressible Warnings and what you should be doing about them... <\/a><\/strong><strong>by Martin Parker, MD of AP Diving. Posted April 2018.<\/strong> Read the blog <a href=\"  https:\/\/www.apdiving.eu\/en\/suppressible-warnings-by-martin-parker\/\" target=\"_blank\">here.<\/a><\/li>\n<\/ul>\n<p>\u00a0<\/p>\n<\/div>\n<\/div><\/div><div id=\"panel-w65ef16e42937a-0-0-1\" class=\"so-panel widget widget_sow-image panel-last-child\" data-index=\"1\" ><div\n\t\t\t\n\t\t\tclass=\"so-widget-sow-image so-widget-sow-image-default-8b5b6f678277\"\n\t\t\t\n\t\t>\n\n<div class=\"sow-image-container\">\n\t\t<img loading=\"lazy\" decoding=\"async\" src=\"https:\/\/www.apdiving.eu\/en\/wp-content\/uploads\/separator-middle-1.jpg\" width=\"970\" height=\"20\" srcset=\"https:\/\/www.apdiving.eu\/en\/wp-content\/uploads\/separator-middle-1.jpg 970w, https:\/\/www.apdiving.eu\/en\/wp-content\/uploads\/separator-middle-1-300x6.jpg 300w, https:\/\/www.apdiving.eu\/en\/wp-content\/uploads\/separator-middle-1-768x16.jpg 768w\" sizes=\"auto, (max-width: 970px) 100vw, 970px\" title=\"separator-middle\" alt=\"\" \t\tclass=\"so-widget-image\"\/>\n\t<\/div>\n\n<\/div><\/div><\/div><\/div><!--vgRowWrapper--><\/div><\/div><\/div><\/div><\/div><\/div><\/div><!--vgRowWrapper--><\/div><div id=\"pg-4656-1\"  class=\"panel-grid panel-no-style\" ><div class=\"vgRowWrapper\"><div id=\"pgc-4656-1-0\"  class=\"panel-grid-cell\" ><div id=\"panel-4656-1-0-0\" class=\"so-panel widget widget_siteorigin-panels-builder panel-first-child panel-last-child\" data-index=\"1\" ><div class=\"vgRowWrapper panel-widget-style panel-widget-style-for-4656-1-0-0\" ><div id=\"pl-w65ef16e429640\"  class=\"panel-layout\" ><div id=\"pg-w65ef16e429640-0\"  class=\"panel-grid panel-has-style\" ><div class=\"vgRowWrapper  panel-row-style panel-row-style-for-w65ef16e429640-0\" ><div class=\"vgRowWrapper\"><div id=\"pgc-w65ef16e429640-0-0\"  class=\"panel-grid-cell\" ><div class=\"vgLinkPoint vgLinkPointHidden\"><a name=\"useful-info\"><\/a><input type=\"hidden\" class=\"linkpointtext\" value=\"useful-info\" \/><input type=\"hidden\" class=\"linkpointimg\" value=\"\" \/><\/div><div id=\"panel-w65ef16e429640-0-0-1\" class=\"so-panel widget widget_sow-editor\" data-index=\"1\" ><div\n\t\t\t\n\t\t\tclass=\"so-widget-sow-editor so-widget-sow-editor-base\"\n\t\t\t\n\t\t>\n<div class=\"siteorigin-widget-tinymce textwidget\">\n\t<h2>USEFUL INFO<\/h2>\n<p><a title=\"Important Manufacturer Warning\" href=\"https:\/\/www.apdiving.eu\/en\/wp-content\/uploads\/Important-Manufacturer-Warning.docx\" target=\"_blank\" rel=\"noopener\">IMPORTANT\u00a0 Manufacturer Warning<\/a>\u00a0\u2013\u00a0<strong>Current limited Oxygen cells<\/strong><\/p>\n<p><a href=\"https:\/\/www.apdiving.com\/en\/?ddownload=10986\">Hydraulic Equipment Warning<\/a><\/p>\n<p><a title=\"VISION HUD Signal Quiz\" href=\"http:\/\/www.anmd.co.uk\/vision\/vision_hud.html\" target=\"_blank\" rel=\"noopener\">VISION\u00a0HUD Signal Quiz <\/a>by Peter Harris<\/p>\n<p><a href=\"https:\/\/www.apdiving.eu\/en\/wp-content\/uploads\/Questionnaire-By-Fred-Buckingham.pdf\">Rebreather Quiz<\/a>\u00a0by Fred Buckingham<\/p>\n<p><a href=\"https:\/\/www.apdiving.eu\/en\/wp-content\/uploads\/oxygen-danger-points-apdiving.pdf\" target=\"_blank\" rel=\"noopener\">Oxygen Dangerpoints<\/a>\u00a0by Lynda Weller<\/p>\n<p><a href=\"http:\/\/www.bishopmuseum.org\/research\/treks\/palautz97\/lgrb.html\" target=\"_blank\" rel=\"noopener\">A Learner\u2019s Guide to Closed Circuit Rebreather Operations<\/a> <strong>(external link)<\/strong><\/p>\n<p><a href=\"http:\/\/www.bishopmuseum.org\/research\/treks\/palautz97\/rb.html\" target=\"_blank\" rel=\"noopener\">What is a Rebreather?<\/a>\u00a0<strong>(external link)<\/strong><\/p>\n<p><a href=\"https:\/\/www.apdiving.eu\/en\/wp-content\/uploads\/learnersguide.fr_.pdf\">Guide de d\u2019Apprentissage aux Op\u00e9rations du Recycleur \u00e0 Circuit Ferm\u00e9<\/a><\/p>\n<p><a href=\"https:\/\/www.apdiving.eu\/en\/wp-content\/uploads\/APDRebreathersVindicated.pdf\">A P Diving Rebreathers Vindicated<\/a><\/p>\n<p><a href=\"https:\/\/www.apdiving.eu\/en\/rebreathers\/resources\/eu-certification\/\">ISO 9001:2015 &amp; CE0598 Mod D Certificates<\/a><\/p>\n<p><a href=\"https:\/\/www.apdiving.eu\/en\/rebreathers\/resources\/eu-certification\/\">EU Certificates of Conformity - Products<\/a><\/p>\n<p><a href=\"https:\/\/www.apdiving.com\/en\/?ddownload=11709\">Rebreather Battery Pack Test Report &amp; Airline \"deemed safe for\" Transportation Statement<\/a>\u00a0- March 2024<\/p>\n<\/div>\n<\/div><\/div><div id=\"panel-w65ef16e429640-0-0-2\" class=\"so-panel widget widget_sow-image panel-last-child\" data-index=\"2\" ><div\n\t\t\t\n\t\t\tclass=\"so-widget-sow-image so-widget-sow-image-default-8b5b6f678277\"\n\t\t\t\n\t\t>\n\n<div class=\"sow-image-container\">\n\t\t<img loading=\"lazy\" decoding=\"async\" src=\"https:\/\/www.apdiving.eu\/en\/wp-content\/uploads\/separator-middle-1.jpg\" width=\"970\" height=\"20\" srcset=\"https:\/\/www.apdiving.eu\/en\/wp-content\/uploads\/separator-middle-1.jpg 970w, https:\/\/www.apdiving.eu\/en\/wp-content\/uploads\/separator-middle-1-300x6.jpg 300w, https:\/\/www.apdiving.eu\/en\/wp-content\/uploads\/separator-middle-1-768x16.jpg 768w\" sizes=\"auto, (max-width: 970px) 100vw, 970px\" title=\"separator-middle\" alt=\"\" \t\tclass=\"so-widget-image\"\/>\n\t<\/div>\n\n<\/div><\/div><\/div><\/div><!--vgRowWrapper--><\/div><\/div><\/div><\/div><\/div><\/div><\/div><!--vgRowWrapper--><\/div><div id=\"pg-4656-2\"  class=\"panel-grid panel-no-style\" ><div class=\"vgRowWrapper\"><div id=\"pgc-4656-2-0\"  class=\"panel-grid-cell\" ><div id=\"panel-4656-2-0-0\" class=\"so-panel widget widget_siteorigin-panels-builder panel-first-child panel-last-child\" data-index=\"2\" ><div class=\"vgRowWrapper panel-widget-style panel-widget-style-for-4656-2-0-0\" ><div id=\"pl-w5d5bf0d9eee2c\"  class=\"panel-layout\" ><div id=\"pg-w5d5bf0d9eee2c-0\"  class=\"panel-grid panel-has-style\" ><div class=\"vgRowWrapper  panel-row-style panel-row-style-for-w5d5bf0d9eee2c-0\" ><div class=\"vgRowWrapper\"><div id=\"pgc-w5d5bf0d9eee2c-0-0\"  class=\"panel-grid-cell\" ><div id=\"panel-w5d5bf0d9eee2c-0-0-0\" class=\"so-panel widget widget_black-studio-tinymce widget_black_studio_tinymce panel-first-child\" data-index=\"0\" ><div class=\"textwidget\"><h2 style=\"text-align: center;\">BSAC \u00a0Conference\u00a02016<\/h2>\n<p style=\"text-align: center;\"><strong><em>Thoughtful Management of Decompression Stress<\/em><\/strong><br \/>An excellent presentation by Dr Neal Pollock at the 2016 British Sub Aqua Club Dive Conference.<\/p>\n<\/div><\/div><div id=\"panel-w5d5bf0d9eee2c-0-0-1\" class=\"so-panel widget widget_black-studio-tinymce widget_black_studio_tinymce\" data-index=\"1\" ><div class=\"textwidget\"><p><center><iframe loading=\"lazy\" width=\"560\" height=\"315\" src=\"https:\/\/www.youtube.com\/embed\/HU04JhXggPg\" frameborder=\"0\" allowfullscreen><\/iframe><\/center><\/p>\n<\/div><\/div><div id=\"panel-w5d5bf0d9eee2c-0-0-2\" class=\"so-panel widget widget_sow-image panel-last-child\" data-index=\"2\" ><div\n\t\t\t\n\t\t\tclass=\"so-widget-sow-image so-widget-sow-image-default-8b5b6f678277\"\n\t\t\t\n\t\t>\n\n<div class=\"sow-image-container\">\n\t\t<img loading=\"lazy\" decoding=\"async\" src=\"https:\/\/www.apdiving.eu\/en\/wp-content\/uploads\/separator-middle-1.jpg\" width=\"970\" height=\"20\" srcset=\"https:\/\/www.apdiving.eu\/en\/wp-content\/uploads\/separator-middle-1.jpg 970w, https:\/\/www.apdiving.eu\/en\/wp-content\/uploads\/separator-middle-1-300x6.jpg 300w, https:\/\/www.apdiving.eu\/en\/wp-content\/uploads\/separator-middle-1-768x16.jpg 768w\" sizes=\"auto, (max-width: 970px) 100vw, 970px\" title=\"separator-middle\" alt=\"\" \t\tclass=\"so-widget-image\"\/>\n\t<\/div>\n\n<\/div><\/div><\/div><\/div><!--vgRowWrapper--><\/div><\/div><\/div><\/div><\/div><\/div><\/div><!--vgRowWrapper--><\/div><div id=\"pg-4656-3\"  class=\"panel-grid panel-no-style\" ><div class=\"vgRowWrapper\"><div id=\"pgc-4656-3-0\"  class=\"panel-grid-cell\" ><div id=\"panel-4656-3-0-0\" class=\"so-panel widget widget_siteorigin-panels-builder panel-first-child panel-last-child\" data-index=\"3\" ><div id=\"pl-w5d5bf0d9eee9f\"  class=\"panel-layout\" ><div id=\"pg-w5d5bf0d9eee9f-0\"  class=\"panel-grid panel-has-style\" ><div class=\"vgRowWrapper  panel-row-style panel-row-style-for-w5d5bf0d9eee9f-0\" ><div class=\"vgRowWrapper\"><div id=\"pgc-w5d5bf0d9eee9f-0-0\"  class=\"panel-grid-cell\" ><div class=\"vgLinkPoint vgLinkPointHidden\"><a name=\"datasheets\"><\/a><input type=\"hidden\" class=\"linkpointtext\" value=\"datasheets\" \/><input type=\"hidden\" class=\"linkpointimg\" value=\"\" \/><\/div><div id=\"panel-w5d5bf0d9eee9f-0-0-1\" class=\"so-panel widget widget_sow-editor panel-last-child\" data-index=\"1\" ><div\n\t\t\t\n\t\t\tclass=\"so-widget-sow-editor so-widget-sow-editor-base\"\n\t\t\t\n\t\t>\n<div class=\"siteorigin-widget-tinymce textwidget\">\n\t<h2>SPECS, DATA SHEETS <br \/>&amp; SCHEMATICS<\/h2>\n<p><a href=\"https:\/\/www.apdiving.eu\/en\/wp-content\/uploads\/ap-diving-rebreathers-table-which-ccr-download.pdf\">Inspiration Comparison Chart<\/a><\/p>\n<p><a href=\"https:\/\/www.apdiving.eu\/en\/wp-content\/uploads\/AP-Diving-Rebreather-Sizing.pdf\">Inspiration Size Guide<\/a><\/p>\n<p><a href=\"https:\/\/www.apdiving.eu\/en\/wp-content\/uploads\/inspiration-schematics.pdf\" target=\"_blank\">Inspiration (Classic and Vision) schematic<\/a><\/p>\n<p><a href=\"https:\/\/www.apdiving.eu\/en\/wp-content\/uploads\/Inspiration_WOB_08_06.pdf\">Inspiration \/ Inspiration XPD work of breathing graph\u00a0<\/a><\/p>\n<p><a href=\"https:\/\/www.apdiving.eu\/en\/wp-content\/uploads\/Evolution_WOB_09_05.pdf\">Evolution \/ Inspiration EVO work of breathing graph<\/a><\/p>\n<p><a href=\"https:\/\/www.apdiving.eu\/en\/wp-content\/uploads\/nexus-table.pdf\">Buddy Nexus computer flow chart<\/a><\/p>\n<p><a href=\"https:\/\/www.apdiving.eu\/en\/wp-content\/uploads\/Ref-23-Sofnolime-SDS-English-v18.pdf\" target=\"_blank\">Sofnolime Data Sheet<\/a>\u00a0<strong>V18<\/strong> (info provided by <a href=\"http:\/\/www.molprod.com\" target=\"_blank\">Molecular Products<\/a>)<\/p>\n<p><a href=\"https:\/\/www.apdiving.eu\/en\/wp-content\/uploads\/Transport-of-Sofnolime-Declaration.pdf\" target=\"_blank\">Sofnolime Transportation Documentation<\/a>\u00a0(info provided by\u00a0<a href=\"http:\/\/www.molprod.com\" target=\"_blank\">Molecular Products<\/a>)<\/p>\n<p>\u00a0<\/p>\n<p><a href=\"https:\/\/www.apdiving.eu\/en\/?ddownload=8942\">Chemgene Data Sheet<\/a><\/p>\n<\/div>\n<\/div><\/div><\/div><div id=\"pgc-w5d5bf0d9eee9f-0-1\"  class=\"panel-grid-cell\" ><div class=\"vg-image-widget\"><img decoding=\"async\" src=\"https:\/\/www.apdiving.eu\/en\/wp-content\/uploads\/rebreathers-reosurces-graphs-apdiving.jpg\" alt=\"\"\/><\/div><\/div><\/div><!--vgRowWrapper--><\/div><\/div><div id=\"pg-w5d5bf0d9eee9f-1\"  class=\"panel-grid panel-has-style\" ><div class=\"vgRowWrapper  panel-row-style panel-row-style-for-w5d5bf0d9eee9f-1\" ><div class=\"vgRowWrapper\"><div id=\"pgc-w5d5bf0d9eee9f-1-0\"  class=\"panel-grid-cell\" ><div id=\"panel-w5d5bf0d9eee9f-1-0-0\" class=\"so-panel widget widget_sow-image panel-first-child panel-last-child\" data-index=\"3\" ><div\n\t\t\t\n\t\t\tclass=\"so-widget-sow-image so-widget-sow-image-default-8b5b6f678277\"\n\t\t\t\n\t\t>\n\n<div class=\"sow-image-container\">\n\t\t<img loading=\"lazy\" decoding=\"async\" src=\"https:\/\/www.apdiving.eu\/en\/wp-content\/uploads\/separator-middle-1.jpg\" width=\"970\" height=\"20\" srcset=\"https:\/\/www.apdiving.eu\/en\/wp-content\/uploads\/separator-middle-1.jpg 970w, https:\/\/www.apdiving.eu\/en\/wp-content\/uploads\/separator-middle-1-300x6.jpg 300w, https:\/\/www.apdiving.eu\/en\/wp-content\/uploads\/separator-middle-1-768x16.jpg 768w\" sizes=\"auto, (max-width: 970px) 100vw, 970px\" title=\"separator-middle\" alt=\"\" \t\tclass=\"so-widget-image\"\/>\n\t<\/div>\n\n<\/div><\/div><\/div><\/div><!--vgRowWrapper--><\/div><\/div><\/div><\/div><\/div><\/div><!--vgRowWrapper--><\/div><div id=\"pg-4656-4\"  class=\"panel-grid panel-no-style\" ><div class=\"vgRowWrapper\"><div id=\"pgc-4656-4-0\"  class=\"panel-grid-cell\" ><div id=\"panel-4656-4-0-0\" class=\"so-panel widget widget_siteorigin-panels-builder panel-first-child panel-last-child\" data-index=\"4\" ><div id=\"pl-w66cd8be033430\"  class=\"panel-layout\" ><div id=\"pg-w66cd8be033430-0\"  class=\"panel-grid panel-has-style\" ><div class=\"vgRowWrapper  panel-row-style panel-row-style-for-w66cd8be033430-0\" ><div class=\"vgRowWrapper\"><div id=\"pgc-w66cd8be033430-0-0\"  class=\"panel-grid-cell\" ><div class=\"vgLinkPoint vgLinkPointHidden\"><a name=\"resa-resources\"><\/a><input type=\"hidden\" class=\"linkpointtext\" value=\"resa-resources\" \/><input type=\"hidden\" class=\"linkpointimg\" value=\"\" \/><\/div><div id=\"panel-w66cd8be033430-0-0-1\" class=\"so-panel widget widget_sow-editor panel-last-child\" data-index=\"1\" ><div\n\t\t\t\n\t\t\tclass=\"so-widget-sow-editor so-widget-sow-editor-base\"\n\t\t\t\n\t\t>\n<div class=\"siteorigin-widget-tinymce textwidget\">\n\t<h2>RESA RESOURCES<\/h2>\n<p>AP\u00a0Diving is a founder member of RESA, The Rebreather Education and Safety Association and fully endorses its aims: to strive towards continuous improvement in safety and education in the rebreather industry.<\/p>\n<p>RESA aims to set a higher degree of cooperation among CCR manufacturers and address manufacturing standards but above all the priority is to promote a Culture of Safety in the CCR community as a whole. To this end, we\u2019re sharing a bank of useful documents, some general but most specific to AP Diving rebreathers.<\/p>\n<p>Of these, the crucially important documents are the\u00a0AP Diving rebreather manuals (there\u2019s a specific one for each model, which you can download at the top of the page).\u00a0\u00a0These contains a wealth of \u00a0information, Q&amp;As, training self-checks, dive checklists, cautionary information, buddy advice, problem solving and much more.\u00a0We cannot stress strongly enough the need to study, learn, read and reread your manual before, during and after your training as part of your ongoing post-course learning curve and self-discipline as a CCR diver.<\/p>\n<p>We\u2019ll be promoting any RESA initiatives and relevant materials produced by the industry and others on this site as and when they become available.\u00a0We also recommend all new and prospective CCR divers take a look at the excellent RoSPA (Royal Society for the Prevention of Accidents) <a href=\"https:\/\/www.youtube.com\/watch?v=gAfiZeaTMNk&amp;feature=player_embedded\" target=\"_blank\">CCR Aware video<\/a> which was launched at the Rebreather Forum3 (RF3) Conference in Florida in May 2012.<\/p>\n<p>\u00a0<\/p>\n<\/div>\n<\/div><\/div><\/div><div id=\"pgc-w66cd8be033430-0-1\"  class=\"panel-grid-cell\" ><div class=\"vg-image-widget\"><img decoding=\"async\" src=\"https:\/\/www.apdiving.eu\/en\/wp-content\/uploads\/resa-rebreather-standard-preview-apdiving.jpg\" alt=\"\"\/><\/div><\/div><\/div><!--vgRowWrapper--><\/div><\/div><div id=\"pg-w66cd8be033430-1\"  class=\"panel-grid panel-has-style\" ><div class=\"vgRowWrapper  panel-row-style panel-row-style-for-w66cd8be033430-1\" ><div class=\"vgRowWrapper\"><div id=\"pgc-w66cd8be033430-1-0\"  class=\"panel-grid-cell\" ><div id=\"panel-w66cd8be033430-1-0-0\" class=\"so-panel widget widget_sow-editor panel-first-child\" data-index=\"3\" ><div\n\t\t\t\n\t\t\tclass=\"so-widget-sow-editor so-widget-sow-editor-base\"\n\t\t\t\n\t\t>\n<div class=\"siteorigin-widget-tinymce textwidget\">\n\t<h2>Useful links and downloads<\/h2>\n<p><a href=\"https:\/\/www.youtube.com\/watch?v=gAfiZeaTMNk&amp;feature=player_embedded\" target=\"_blank\" rel=\"noopener\">RoSPA (Royal Society for the Prevention of Accidents)\u00a0CCR Aware Video<\/a><strong> (external link)<\/strong><\/p>\n<p><a href=\"https:\/\/www.apdiving.com\/en\/?ddownload=11770\">What to do in the event of an accident? - A step-by-step guide.<\/a><a href=\"http:\/\/ap.msurl.net\/en\/wp-content\/uploads\/OCBManualEnglish021008.pdf\"><br \/>\n<\/a><\/p>\n<p><a href=\"https:\/\/www.apdiving.eu\/en\/wp-content\/uploads\/RESA-STANDARD-MOD-2-3-FINAL-dec-19-2013-apdiving.pdf\" target=\"_blank\" rel=\"noopener\">RESA Standards \u2013 Current Revison<\/a> \u2013 <strong>(PDF Download)<\/strong><\/p>\n<p><strong><span style=\"color: #000000;\">A Calculator to Estimate the Risk of Pulmonary Oxygen Toxicity after Repeated Dives with Oxygen Partial Pressure of 1.3 bar<\/span> <\/strong>- is now available on the RESA site. Posted Autumn 2018.<\/p>\n<p>Produced by\u00a0<b><a href=\"https:\/\/www.shearwater.com\/author\/bshykoff\/\">Barbara Shykoff<\/a>.\u00a0<\/b>Barbara Shykoff earned her B.A.SC. (Engineering Science, Chemical option) from University of Toronto, her M.Sc.E (Bioengineering Institute) from the University of New Brunswick, and her Ph.D. (Biomedical Engineering Unit) from McGill University. For the last 16 years she has worked at the U.S. Navy Experimental Diving Unit. Her principal areas of investigation have been pulmonary oxygen toxicity, some other aspects of prolonged mildly-hyperoxic exposure, and physiological effects of breathing resistance with and without inspired CO2.<\/p>\n<p><a href=\"https:\/\/www.rebreather.org\/blog\/pulmonary-o2-tox-calculator\/\">https:\/\/www.rebreather.org\/blog\/pulmonary-o2-tox-calculator\/<\/a><\/p>\n<\/div>\n<\/div><\/div><div id=\"panel-w66cd8be033430-1-0-1\" class=\"so-panel widget widget_sow-image panel-last-child\" data-index=\"4\" ><div\n\t\t\t\n\t\t\tclass=\"so-widget-sow-image so-widget-sow-image-default-8b5b6f678277\"\n\t\t\t\n\t\t>\n\n<div class=\"sow-image-container\">\n\t\t<img loading=\"lazy\" decoding=\"async\" src=\"https:\/\/www.apdiving.eu\/en\/wp-content\/uploads\/separator-middle-1.jpg\" width=\"970\" height=\"20\" srcset=\"https:\/\/www.apdiving.eu\/en\/wp-content\/uploads\/separator-middle-1.jpg 970w, https:\/\/www.apdiving.eu\/en\/wp-content\/uploads\/separator-middle-1-300x6.jpg 300w, https:\/\/www.apdiving.eu\/en\/wp-content\/uploads\/separator-middle-1-768x16.jpg 768w\" sizes=\"auto, (max-width: 970px) 100vw, 970px\" title=\"separator-middle\" alt=\"\" \t\tclass=\"so-widget-image\"\/>\n\t<\/div>\n\n<\/div><\/div><\/div><\/div><!--vgRowWrapper--><\/div><\/div><\/div><\/div><\/div><\/div><!--vgRowWrapper--><\/div><\/div>","protected":false},"excerpt":{"rendered":"<p>REBREATHER BLOG New Research on Sorb Storage by a team led by Dr Neal Pollock and Prof.\u00a0Simon Mitchell, released\u00a0Autumn 2018. The research findings will be presented by Prof.\u00a0Mitchell at EUROTEK, Birmingham, UK in December 2018. https:\/\/xray-mag.com\/content\/sorb-storage-new-research-released Key Take-away Message: &#8220;The researchers believe the results have shown that sealing sorb is a good approach for prolonged <a href=\"https:\/\/www.apdiving.eu\/en\/rebreathers\/resources\/useful-info\/\">[Read More &hellip;]<\/a><\/p>\n","protected":false},"author":4,"featured_media":0,"parent":4646,"menu_order":0,"comment_status":"open","ping_status":"closed","template":"","meta":{"footnotes":""},"class_list":["post-4656","page","type-page","status-publish","hentry"],"_links":{"self":[{"href":"https:\/\/www.apdiving.eu\/en\/wp-json\/wp\/v2\/pages\/4656","targetHints":{"allow":["GET"]}}],"collection":[{"href":"https:\/\/www.apdiving.eu\/en\/wp-json\/wp\/v2\/pages"}],"about":[{"href":"https:\/\/www.apdiving.eu\/en\/wp-json\/wp\/v2\/types\/page"}],"author":[{"embeddable":true,"href":"https:\/\/www.apdiving.eu\/en\/wp-json\/wp\/v2\/users\/4"}],"replies":[{"embeddable":true,"href":"https:\/\/www.apdiving.eu\/en\/wp-json\/wp\/v2\/comments?post=4656"}],"version-history":[{"count":10,"href":"https:\/\/www.apdiving.eu\/en\/wp-json\/wp\/v2\/pages\/4656\/revisions"}],"predecessor-version":[{"id":11327,"href":"https:\/\/www.apdiving.eu\/en\/wp-json\/wp\/v2\/pages\/4656\/revisions\/11327"}],"up":[{"embeddable":true,"href":"https:\/\/www.apdiving.eu\/en\/wp-json\/wp\/v2\/pages\/4646"}],"wp:attachment":[{"href":"https:\/\/www.apdiving.eu\/en\/wp-json\/wp\/v2\/media?parent=4656"}],"curies":[{"name":"wp","href":"https:\/\/api.w.org\/{rel}","templated":true}]}}