{"id":8235,"date":"2021-07-23T13:21:51","date_gmt":"2021-07-23T13:21:51","guid":{"rendered":"https:\/\/www.apdiving.com\/de\/?page_id=8235"},"modified":"2021-11-03T12:00:52","modified_gmt":"2021-11-03T12:00:52","slug":"shipping-ap-products-for-service-from-europe","status":"publish","type":"page","link":"https:\/\/www.apdiving.eu\/de\/service\/shipping-ap-products-for-service-from-europe\/","title":{"rendered":"Versand von AP-Produkten f\u00fcr Service aus Europa"},"content":{"rendered":"<div id=\"pl-8235\"  class=\"panel-layout\" ><div id=\"pg-8235-0\"  class=\"panel-grid panel-no-style\" ><div class=\"vgRowWrapper\"><div id=\"pgc-8235-0-0\"  class=\"panel-grid-cell\" ><div id=\"panel-8235-0-0-0\" class=\"so-panel widget widget_sow-editor panel-first-child panel-last-child\" data-index=\"0\" ><div\n\t\t\t\n\t\t\tclass=\"so-widget-sow-editor so-widget-sow-editor-base\"\n\t\t\t\n\t\t>\n<div class=\"siteorigin-widget-tinymce textwidget\">\n\t<h3 align=\"center\"><\/h3>\n<h3 class=\"western\" align=\"center\"><strong>Versand von AP-Produkten f\u00fcr Service aus Europa<\/strong><\/h3>\n<p>&nbsp;<\/p>\n<p><span style=\"color: #424242;\"><span style=\"font-family: Helvetica W01 Light, serif;\"><span style=\"font-size: large;\">Europ\u00e4ische Kunden k\u00f6nnen AP-Produkte zum Service an das A.P.-Lager in den Niederlanden schicken. Dadurch entf\u00e4llt die Notwendigkeit, eine Rechnung zu erstellen und sich mit Export-\/Importpapieren und dem Zoll zu befassen, was von unseren Mitarbeitern in Voorschoten erledigt wird.<\/span><\/span><\/span><\/p>\n<p><span style=\"color: #424242;\"><span style=\"font-family: Helvetica W01 Light, serif;\"><span style=\"font-size: large;\">Wenn Sie ein Produkt zur Wartung einsenden aus einem EU-Land an AP Diving senden Sie es bitte ausreichend versichert an die folgende Adresse mit einem Anschreiben, in dem Sie die gew\u00fcnschten Arbeiten beschreiben und Ihre vollst\u00e4ndigen Kontaktdaten angeben:<\/span><\/span><\/span><\/p>\n<p><strong>A.P. Diving Europe B.V.<br \/>\nIndustrieweg 30<br \/>\n2254 AE<br \/>\nVoorschoten<br \/>\nNiederlande<\/strong><\/p>\n<p><span style=\"color: #424242;\"><span style=\"font-family: Helvetica W01 Light, serif;\"><span style=\"font-size: large;\">F\u00fcr weitere Informationen und Kostenvoranschl\u00e4ge wenden Sie sich bitte an info@apdiving.com<\/span><\/span><\/span><\/p>\n<p>&nbsp;<\/p>\n<p><strong>BITTE BEACHTEN SIE: Wenn Sie aus irgendeinem Grund Produkte f\u00fcr den Service direkt an AP Diving UK schicken m\u00fcssen, m\u00fcssen Sie die nachstehenden Verfahren f\u00fcr die \"vor\u00fcbergehende Einfuhr\" befolgen.<\/strong><\/p>\n<h3 align=\"center\"><\/h3>\n<h3 class=\"western\" align=\"center\"><strong><br \/>\nVersand von AP-Produkten nach\u00a0Gro\u00dfbritannien<br \/>\n<\/strong><strong>zum Service\u00a0aus dem Rest der Welt<\/strong><\/h3>\n<h4><strong><br \/>\nR\u00fccksendung von Artikeln an AP von au\u00dferhalb Gro\u00dfbritanniens zur Wartung<\/strong><\/h4>\n<p>Zur Wartung an AP verschickte Artikel gelten als vor\u00fcbergehender Import. Daher muss der Zoll eine Rechnung mit den Waren sehen. Bei der R\u00fccksendung an den Kunden wird die Mehrwertsteuer nur auf den Wert der Reparatur und erhoben und mit der Lieferung berechnet. Auf den Warenwert wird keine Mehrwertsteuer erhoben. Um als tempor\u00e4rer Import zu gelten, muss das richtige Rechnungsformat verwendet werden. Unten stehen zwei Rechnungsvorlagen zum Download zur Verf\u00fcgung (gelbe Schaltfl\u00e4chen):<\/p>\n<ol>\n<li>Wartung der Rebreather-E\u00f6ektronik - Bitte beachten Sie, dass unten eine spezielle Vorlage f\u00fcr die R\u00fccksendung der Inspiration-Elektronik zur Wartung verf\u00fcgbar ist.<\/li>\n<li><span lang=\"DE\">F\u00fcr die Wartung aller anderen AP Diving-Produkte verwenden Sie bitte das unten stehende Retouren-Formular.<\/span><\/li>\n<\/ol>\n<h3><\/h3>\n<h3 style=\"text-align: center;\"><strong>WICHTIGER HINWEIS:<\/strong><\/h3>\n<p>&nbsp;<\/p>\n<h3 style=\"text-align: center;\">1. Einsendung einer Inspiration Elektronik zur Wartung<br \/>\nvon au\u00dferhalb des V.K.<\/h3>\n<p><span lang=\"DE\">F\u00fcr alle Produkte, die von au\u00dferhalb des V.K. - einschlie\u00dflich aller EU-L\u00e4nder - an AP Diving zur\u00fcckgesandt werden, muss an der Au\u00dfenseite des Pakets eine \u201eReferenzrechnung - R\u00fccksendung zur Wartung\u201c angebracht sein, die zur Zollkontrolle zur Verf\u00fcgung steht. Bei einigen Versanddiensten m\u00fcssen Sie diesen auch eine Kopie dieser Rechnung per E-Mail zusenden. Bitte wenden Sie sich an Ihren Versanddienst, um Ratschl\u00e4ge zu deren Verfahren zu erhalten.<\/span><\/p>\n<p>Bitte laden Sie unten das Rechnungsformular f\u00fcr die R\u00fcckgabe des Elektronik zur Wartung herunter und f\u00fcgen Sie Ihre Daten an den entsprechenden Stellen ein.<\/p>\n<a href='https:\/\/www.apdiving.com\/en\/?ddownload=10278' onclick='' class='wpi_designer_button   wpi_shadow wpi_shadow_no wpi_text_shadow_no wpi_texture_no wpi_border_bottom wpi_padding_15px wpi_5px wpi_designer_button_8129 wpi_icon wpi_icon_download wpi_icon_left  ' target='_blank' rel=''><i class=''><\/i><span class='wpi_text'>Rechnungsformular f\u00fcr die R\u00fcckgabe des Elektronik <\/span><\/a>\n<p>&nbsp;<\/p>\n<h3><\/h3>\n<h3 style=\"text-align: center;\">2. Einsendung von anderen AP-Produkten zur Wartung<br \/>\nvon au\u00dferhalb des V.K.<\/h3>\n<p>Bitte laden Sie unten das Rechnungsformular zur Wartung herunter und f\u00fcgen Sie Ihre Daten an den entsprechenden Stellen ein (oder verwenden Sie, falls verf\u00fcgbar, ein von Ihrem Versanddienst bereitgestelltes Musterformular).<\/p>\n<a href='https:\/\/www.apdiving.com\/en\/?ddownload=10277' onclick='' class='wpi_designer_button   wpi_shadow wpi_shadow_no wpi_text_shadow_no wpi_texture_no wpi_border_bottom wpi_padding_15px wpi_5px wpi_designer_button_8129 wpi_icon wpi_icon_download wpi_icon_left  ' target='_blank' rel=''><i class=''><\/i><span class='wpi_text'>Rechnungsformular f\u00fcr die R\u00fcckgabe des Produkt <\/span><\/a>\n<\/div>\n<\/div><\/div><\/div><\/div><!--vgRowWrapper--><\/div><\/div>","protected":false},"excerpt":{"rendered":"<p>Versand von AP-Produkten f\u00fcr Service aus Europa &nbsp; Europ\u00e4ische Kunden k\u00f6nnen AP-Produkte zum Service an das A.P.-Lager in den Niederlanden schicken. Dadurch entf\u00e4llt die Notwendigkeit, eine Rechnung zu erstellen und sich mit Export-\/Importpapieren und dem Zoll zu befassen, was von unseren Mitarbeitern in Voorschoten erledigt wird. Wenn Sie ein Produkt zur Wartung einsenden aus einem <a href=\"https:\/\/www.apdiving.eu\/de\/service\/shipping-ap-products-for-service-from-europe\/\">[Read More &hellip;]<\/a><\/p>\n","protected":false},"author":4,"featured_media":0,"parent":20,"menu_order":0,"comment_status":"closed","ping_status":"closed","template":"","meta":{"footnotes":""},"class_list":["post-8235","page","type-page","status-publish","hentry"],"_links":{"self":[{"href":"https:\/\/www.apdiving.eu\/de\/wp-json\/wp\/v2\/pages\/8235","targetHints":{"allow":["GET"]}}],"collection":[{"href":"https:\/\/www.apdiving.eu\/de\/wp-json\/wp\/v2\/pages"}],"about":[{"href":"https:\/\/www.apdiving.eu\/de\/wp-json\/wp\/v2\/types\/page"}],"author":[{"embeddable":true,"href":"https:\/\/www.apdiving.eu\/de\/wp-json\/wp\/v2\/users\/4"}],"replies":[{"embeddable":true,"href":"https:\/\/www.apdiving.eu\/de\/wp-json\/wp\/v2\/comments?post=8235"}],"version-history":[{"count":3,"href":"https:\/\/www.apdiving.eu\/de\/wp-json\/wp\/v2\/pages\/8235\/revisions"}],"predecessor-version":[{"id":8237,"href":"https:\/\/www.apdiving.eu\/de\/wp-json\/wp\/v2\/pages\/8235\/revisions\/8237"}],"up":[{"embeddable":true,"href":"https:\/\/www.apdiving.eu\/de\/wp-json\/wp\/v2\/pages\/20"}],"wp:attachment":[{"href":"https:\/\/www.apdiving.eu\/de\/wp-json\/wp\/v2\/media?parent=8235"}],"curies":[{"name":"wp","href":"https:\/\/api.w.org\/{rel}","templated":true}]}}