{"id":8233,"date":"2021-07-22T11:12:51","date_gmt":"2021-07-22T11:12:51","guid":{"rendered":"https:\/\/www.apdiving.com\/de\/?page_id=8233"},"modified":"2021-10-25T08:02:48","modified_gmt":"2021-10-25T08:02:48","slug":"european-shipping-2","status":"publish","type":"page","link":"https:\/\/www.apdiving.eu\/de\/service\/european-shipping-2\/","title":{"rendered":"European Shipping via AP Diving Europe BV"},"content":{"rendered":"<div id=\"pl-8233\"  class=\"panel-layout\" ><div id=\"pg-8233-0\"  class=\"panel-grid panel-no-style\" ><div class=\"vgRowWrapper\"><div id=\"pgc-8233-0-0\"  class=\"panel-grid-cell panel-grid-cell-empty\" ><\/div><div id=\"pgc-8233-0-1\"  class=\"panel-grid-cell panel-grid-cell-mobile-last\" ><div id=\"panel-8233-0-1-0\" class=\"so-panel widget widget_black-studio-tinymce widget_black_studio_tinymce panel-first-child panel-last-child\" data-index=\"0\" ><div class=\"textwidget\"><h2 class=\"Text\"><b><span lang=\"EN-US\">AP Diving <\/span><\/b><b><span lang=\"DE\">er\u00f6ffnet EU-Niederlassung in den Niederlanden<\/span><\/b><b><span lang=\"EN-US\">. <\/span><\/b><b><\/b><\/h2>\n<p class=\"Text\"><span lang=\"EN-US\">\u00a0<\/span><\/p>\n<p class=\"Text\"><span lang=\"EN-US\">AP Diving <\/span><span lang=\"DE\">etabliert eine hundertprozentige Tochtergesellschaft in den Niederlanden,:<\/span> <b><span lang=\"EN-US\">A.P. Diving Europe BV<\/span><\/b><span lang=\"DE\">. Das neue Lager von AP Diving Europe, das sich in Voorschoten in der N<\/span><span lang=\"EN-US\">\u00e4<\/span><span lang=\"DE\">he von Leiden befindet, \u00fcbernimmt ab sofort die Funktion eines gro\u00dfen Vertriebszentrum f<\/span><span lang=\"EN-US\">\u00fcr <\/span><span lang=\"DE\">alle EU-L<\/span><span lang=\"EN-US\">\u00e4nder.<\/span><\/p>\n<p class=\"Text\"><span lang=\"DE\">Zu Beginn wird es ein einfaches Paketverteilzentrum f<\/span><span lang=\"EN-US\">\u00fc<\/span><span lang=\"DE\">r den Versand von Bestellungen und den Empfang von Paketen an und von Kunden in der EU sein. Der Kundenkontakt wird weiterhin durch unsere erfahrenen Mitarbeiter in Gro\u00dfbritannien erfolgen, aber die Mehrwertsteuer und der Produktversand werden in den Niederlanden abgewickelt. Unsere europ\u00e4ischen Kunden werden eine Rechnung von A.P. Diving BV erhalten.<\/span><\/p>\n<p>EU-Kunden k\u00f6nnen jetzt direkt \u00fcber die Website\u00a0<strong>apdiving.eu<\/strong> oder \u00fcber das AP UK-B\u00fcro per Telefon 0044 1326 563834 oder E-Mail: <a href=\"mailto:sales@apdiving.com\">sales@apdiving.com<\/a> bestellen<\/p>\n<p class=\"Text\"><span lang=\"DE\">Bestellungen, die von EU-Kunden ab dem 26. Juli 2021 aufgegeben werden, werden in Euro angegeben, einschlie\u00dflich Mehrwertsteuer \u2013 und die Waren werden direkt aus den Niederlanden verschickt. Dadurch entf\u00e4llt <\/span><span lang=\"EN-US\">d<\/span><span lang=\"DE\">er durch den Brexit verursachte Umstand, Mehrwertsteuer und Zollabfertigungsgeb<\/span><span lang=\"EN-US\">\u00fc<\/span><span lang=\"DE\">hren separat an den Spediteur zu zahlen. F\u00fcr den Kunden bedeutet dies Einkaufen wie bei jedem anderen Produkt in der EU.<\/span><\/p>\n<p class=\"Text\"><span lang=\"DE\">Durch den Gro\u00dfhandelvertieb<\/span> <span lang=\"DE\">von AP UK nach AP NL werden die Kosten f<\/span><span lang=\"EN-US\">\u00fc<\/span><span lang=\"DE\">r die Zollabwicklung pro Artikel auf ein Minimum reduziert und alle Zollformalit<\/span><span lang=\"EN-US\">\u00e4<\/span><span lang=\"DE\">ten werden vorab von AP abgewickelt, wodurch alle <\/span><span lang=\"EN-US\">Produkte <\/span><span lang=\"DE\">von AP-diving in den Status des \"freien Warenverkehrs\" innerhalb der EU <\/span><span lang=\"EN-US\">\u00fc<\/span><span lang=\"DE\">berf<\/span><span lang=\"EN-US\">\u00fc<\/span><span lang=\"DE\">hrt werden. <\/span><span lang=\"EN-US\"><br \/><\/span><span lang=\"DE\">Dies gilt f<\/span><span lang=\"EN-US\">\u00fc<\/span><span lang=\"DE\">r alle Verbrauchsmaterialien einschlie\u00dflich Sauerstoffsensoren und Sofnolime. F\u00fcr den Kunden hat dies den Vorteil, dass auch Ersatzteile von geringem Wert gekauft werden k<\/span><span lang=\"SV\">\u00f6<\/span><span lang=\"DE\">nnen, ohne dass unverh<\/span><span lang=\"EN-US\">\u00e4<\/span><span lang=\"DE\">ltnism\u00e4\u00dfig hohe Zollgeb<\/span><span lang=\"EN-US\">\u00fc<\/span><span lang=\"DE\">hren anfallen.<\/span><\/p>\n<p class=\"Text\"><span lang=\"DE\">Mit dem neuen Europavertrieb funktioniert der Einkauf von AP-Produkten exakt so wie vor dem Brexit \u2013 und wie f\u00fcr alle \u00fcbrigen Produkte innerhalb der EU.<\/span><\/p>\n<p class=\"Text\"><span lang=\"DE\">Kunden, die einen Rebreather-<\/span><span lang=\"EN-US\">Service ben<\/span><span lang=\"SV\">\u00f6<\/span><span lang=\"DE\">tigen, wenden sich bitte an Nicky oder Sarah (nicky@apdiving.com, sarah@apdiving.com ), bevor sie die Produkte einschicken. <\/span><span lang=\"EN-US\"><br \/><\/span><span lang=\"DE\">Kunden, die in der EU leben schicken die Produkte mit einem Begleitschreiben an A.P. Diving Europe BV, wo AP sich dann um den Papierkram und den Zoll k<\/span><span lang=\"EN-US\">\u00fcmmert. <\/span><\/p>\n<p class=\"Text\"><span lang=\"DE\">AP Diving wird sowohl auf dem Salon de la Plong<\/span><span lang=\"FR\">\u00e9<\/span><span lang=\"DE\">e in Paris als auch auf der Boot D<\/span><span lang=\"EN-US\">\u00fc<\/span><span lang=\"DE\">sseldorf im Januar ausstellen. <\/span><\/p>\n<p class=\"Text\"><span lang=\"EN-US\">\u00a0<\/span><\/p>\n<p class=\"Text\"><span lang=\"DE\">Martin Parker,<br \/><\/span><span lang=\"DE\">Gesch<\/span><span lang=\"EN-US\">\u00e4<\/span><span lang=\"DE\">ftsf<\/span><span lang=\"EN-US\">\u00fc<\/span><span lang=\"DE\">hrender Direktor<\/span><\/p>\n<p class=\"Text\"><span lang=\"EN-US\">Ambient Pressure Diving Ltd &amp; A.P. Diving Europe BV.<\/span><\/p><\/div><\/div><\/div><div id=\"pgc-8233-0-2\"  class=\"panel-grid-cell panel-grid-cell-empty\" ><\/div><\/div><!--vgRowWrapper--><\/div><\/div>","protected":false},"excerpt":{"rendered":"<p>AP Diving er\u00f6ffnet EU-Niederlassung in den Niederlanden. \u00a0 AP Diving etabliert eine hundertprozentige Tochtergesellschaft in den Niederlanden,: A.P. Diving Europe BV. Das neue Lager von AP Diving Europe, das sich in Voorschoten in der N\u00e4he von Leiden befindet, \u00fcbernimmt ab sofort die Funktion eines gro\u00dfen Vertriebszentrum f\u00fcr alle EU-L\u00e4nder. Zu Beginn wird es ein einfaches <a href=\"https:\/\/www.apdiving.eu\/de\/service\/european-shipping-2\/\">[Read More &hellip;]<\/a><\/p>\n","protected":false},"author":4,"featured_media":0,"parent":20,"menu_order":0,"comment_status":"open","ping_status":"open","template":"","meta":{"footnotes":""},"class_list":["post-8233","page","type-page","status-publish","hentry"],"_links":{"self":[{"href":"https:\/\/www.apdiving.eu\/de\/wp-json\/wp\/v2\/pages\/8233","targetHints":{"allow":["GET"]}}],"collection":[{"href":"https:\/\/www.apdiving.eu\/de\/wp-json\/wp\/v2\/pages"}],"about":[{"href":"https:\/\/www.apdiving.eu\/de\/wp-json\/wp\/v2\/types\/page"}],"author":[{"embeddable":true,"href":"https:\/\/www.apdiving.eu\/de\/wp-json\/wp\/v2\/users\/4"}],"replies":[{"embeddable":true,"href":"https:\/\/www.apdiving.eu\/de\/wp-json\/wp\/v2\/comments?post=8233"}],"version-history":[{"count":1,"href":"https:\/\/www.apdiving.eu\/de\/wp-json\/wp\/v2\/pages\/8233\/revisions"}],"predecessor-version":[{"id":8234,"href":"https:\/\/www.apdiving.eu\/de\/wp-json\/wp\/v2\/pages\/8233\/revisions\/8234"}],"up":[{"embeddable":true,"href":"https:\/\/www.apdiving.eu\/de\/wp-json\/wp\/v2\/pages\/20"}],"wp:attachment":[{"href":"https:\/\/www.apdiving.eu\/de\/wp-json\/wp\/v2\/media?parent=8233"}],"curies":[{"name":"wp","href":"https:\/\/api.w.org\/{rel}","templated":true}]}}