{"id":7,"date":"2013-07-22T15:17:55","date_gmt":"2013-07-22T15:17:55","guid":{"rendered":"http:\/\/ap.msurl.net\/blog\/?page_id=7"},"modified":"2020-07-31T08:15:06","modified_gmt":"2020-07-31T08:15:06","slug":"rebreathers","status":"publish","type":"page","link":"https:\/\/www.apdiving.eu\/de\/rebreathers\/","title":{"rendered":"Rebreathers"},"content":{"rendered":"<div id=\"pl-7\"  class=\"panel-layout\" ><div id=\"pg-7-0\"  class=\"panel-grid panel-has-style\" ><div class=\"sep panel-row-style panel-row-style-for-7-0\" ><div class=\"vgRowWrapper\"><div id=\"pgc-7-0-0\"  class=\"panel-grid-cell\" ><div class=\"vgLinkPoint\"><a name=\"entdecken-die-ccr-welt\"><\/a><input type=\"hidden\" class=\"linkpointtext\" value=\"ENTDECKEN DIE CCR-WELT\" \/><input type=\"hidden\" class=\"linkpointimg\" value=\"https:\/\/www.apdiving.eu\/de\/wp-content\/uploads\/rebreather-landing-carousel-discover-ccr.jpg\" \/><\/div><div id=\"panel-7-0-0-1\" class=\"so-panel widget widget_black-studio-tinymce widget_black_studio_tinymce\" data-index=\"1\" ><div class=\"textwidget\"><h1>NEU BEIM CCR-TAUCHEN?<\/h1>\n<h3>Starten Sie hier...<\/h3>\n<p>Als AP Diving 1997 die weltweit erste Serie geschlossener Kreislaufger\u00e4te herstellte, bezeichnete das Diver Magazine dies als.... \u00a0 \u00a0<\/p>\n<blockquote>\n<p><em>Die wohl bedeutendste Entwicklung in der Tauchwelt seit Cousteau den Atemregler erfunden hat...<\/em><\/p>\n<\/blockquote>\n<p>Das Inspiration erweitert die Grenzen unserer F\u00e4higkeiten und er\u00f6ffnet neue Unterwasserwelten.... Es erm\u00f6glichte und tiefer und l\u00e4nger zu tauchen und die \u201eWelt der Stille\u201c zum erstenmal wirklich so zu erfahren, wie es sein sollte.... in absoluter Stille.\u00a0<\/p>\n<p>Stellen Sie sich vor so leise zu tauchen, dass Sie ein Teil der Unterwasserwelt sind und kein Eindringling.<\/p>\n<p>Falls Sie neu dabei sind, wer w\u00e4re besser geeignet Ihre Ausr\u00fcstung bereitzustellen, als die Leute, die alles ins Rollen gebracht haben?<\/p>\n<p>\u00a0<\/p>\n<\/div><\/div><div class=\"vgLinkSingle\"><a  class=\"vgLink yellow\" href=\"https:\/\/www.apdiving.eu\/de\/rebreathers\/new-to-ccr\/\">Wie ein CCR funktioniert - Die Vorteile<\/a><\/div><\/div><div id=\"pgc-7-0-1\"  class=\"panel-grid-cell\" ><div id=\"panel-7-0-1-0\" class=\"so-panel widget widget_sow-image panel-first-child panel-last-child\" data-index=\"3\" ><div\n\t\t\t\n\t\t\tclass=\"so-widget-sow-image so-widget-sow-image-default-dbf295114b96-7\"\n\t\t\t\n\t\t>\n\n<div class=\"sow-image-container\">\n\t\t<img loading=\"lazy\" decoding=\"async\" src=\"https:\/\/www.apdiving.eu\/de\/wp-content\/uploads\/new-to-ccr2.jpg\" width=\"478\" height=\"620\" srcset=\"https:\/\/www.apdiving.eu\/de\/wp-content\/uploads\/new-to-ccr2.jpg 478w, https:\/\/www.apdiving.eu\/de\/wp-content\/uploads\/new-to-ccr2-231x300.jpg 231w\" sizes=\"auto, (max-width: 478px) 100vw, 478px\" title=\"Mike Etheredge AP &copy;\" alt=\"\" \t\tclass=\"so-widget-image\"\/>\n\t<\/div>\n\n<\/div><\/div><\/div><\/div><!--vgRowWrapper--><\/div><\/div><div id=\"pg-7-1\"  class=\"panel-grid panel-no-style\" ><div class=\"vgRowWrapper\"><div id=\"pgc-7-1-0\"  class=\"panel-grid-cell\" ><div class=\"vgLinkPoint\"><a name=\"das-inspiration-ist-anders\"><\/a><input type=\"hidden\" class=\"linkpointtext\" value=\"DAS INSPIRATION IST ANDERS\" \/><input type=\"hidden\" class=\"linkpointimg\" value=\"https:\/\/www.apdiving.eu\/de\/wp-content\/uploads\/rebreather-landing-carousel-different-inspiration1.jpg\" \/><\/div><div id=\"panel-7-1-0-1\" class=\"so-panel widget widget_black-studio-tinymce widget_black_studio_tinymce\" data-index=\"5\" ><div class=\"textwidget\"><h1 style=\"text-align: center;\">NICHT ALLE REBREATHER SIND GLEICH<\/h1>\n<h3 style=\"text-align: center;\">Manche sind einzigartig.<\/h3><\/div><\/div><div class=\"vg-image-widget\"><img decoding=\"async\" src=\"https:\/\/www.apdiving.eu\/de\/wp-content\/uploads\/rebreathers-inspiration-range-2020-vision-xpd-evp-evo-apdiving.jpg\" alt=\"\"\/><span class=\"caption\">Jeff Parker AP &copy;<\/span><\/div><div id=\"panel-7-1-0-3\" class=\"so-panel widget widget_black-studio-tinymce widget_black_studio_tinymce\" data-index=\"7\" ><div class=\"textwidget\"><p>Mit dem Inspiration begann die CCR-Revolution. Es war das weltweit erste erschwingliche Ger\u00e4t, das Ma\u00dfst\u00e4be in Sachen Leistungsf\u00e4higkeit, Qualit\u00e4t und Sicherheit gesetzt hat \u2013 und der erste CCR f\u00fcr den es ein weltweites Ausbildungs- und Support-Netzwerk gibt.<\/p>\n<p>Heute hat das Inspiration mehr patentierte Komponenten und Bauteile, als alle anderen Hersteller zusammen in die Waagschale bringen. Dies sind keine Spielereien sondern absolut essentielle Dinge wie intelligente Backup-Systeme f\u00fcr Sauerstoffsteuerung, Energieversorgung, Bailout und Anzeigen zum Ger\u00e4testatus.<\/p><\/div><\/div><div class=\"vgLinkSingle\"><a  class=\"vgLink yellow\" href=\"https:\/\/www.apdiving.eu\/de\/rebreathers\/why-inspiration\/\">WARUM INSPIRATION? - ERFAHREN SIE MEHR<\/a><\/div><\/div><\/div><!--vgRowWrapper--><\/div><div id=\"pg-7-2\"  class=\"panel-grid panel-no-style\" ><div class=\"vgRowWrapper\"><div id=\"pgc-7-2-0\"  class=\"panel-grid-cell\" ><div id=\"panel-7-2-0-0\" class=\"so-panel widget widget_black-studio-tinymce widget_black_studio_tinymce panel-first-child panel-last-child\" data-index=\"9\" ><div class=\"textwidget\"><p>\n    <div id=\"parallax_container5418\" class=\"parallax-window-container adamrob_parallax_fullwidth \">\n\n<section id=\"parallax_5418\" class=\"adamrob_parallax adamrob_parallax_fullwidth  \" style=\"height:700px; background-image: url(https:\/\/www.apdiving.eu\/de\/wp-content\/uploads\/Campbell-Manta-2_Dr-Andrea-Marshall.jpg); background-size: cover;\" speed=\"0\">\n\n\n\t<div id=\"parallax_5418_content\" class=\"adamrob_pcontainer\" style=\"height:700px;\">\n\n\n\t\t<div id=\"parallax_5418_posttitle\" class=\"adamrob_parallax_posttitle\" style=\"text-align:center; padding:20px;\">\n\t\t\t<div style=\"display:none;\">\n\t\t\t\tManta Ray with Credits\t\t\t<\/div>\n\t\t<\/div>\n\n\t\t<div id=\"parallax_5418_postcontent\" class=\"adamrob_parallax_postcontent\" id=\"5418_parallax_content_post\" style=\"padding:20px;\">\n\t\t\t<p class=\"px-credits\">\u00a9\u00a0Dr Andrea Marshall<\/p>\n\t\t<\/div>\n\n\t\n\n\t<\/div>\n\n<\/section>\n\t\n\t\t    <\/div>\n\t<\/p>\n<\/div><\/div><\/div><\/div><!--vgRowWrapper--><\/div><div id=\"pg-7-3\"  class=\"panel-grid panel-has-style\" ><div class=\"sep panel-row-style panel-row-style-for-7-3\" ><div class=\"vgRowWrapper\"><div id=\"pgc-7-3-0\"  class=\"panel-grid-cell\" ><div class=\"vgLinkPoint\"><a name=\"fr-das-abenteuer-gemacht\"><\/a><input type=\"hidden\" class=\"linkpointtext\" value=\"F\u00dcR DAS ABENTEUER GEMACHT\" \/><input type=\"hidden\" class=\"linkpointimg\" value=\"https:\/\/www.apdiving.eu\/de\/wp-content\/uploads\/carousel-bg-metal-apdiving.jpg\" \/><\/div><div class=\"vg-image-widget\"><img decoding=\"async\" src=\"https:\/\/www.apdiving.eu\/de\/wp-content\/uploads\/built-for-adventure.jpg\" alt=\"\"\/><span class=\"caption\">Mike Wynd &copy;<\/span><\/div><\/div><div id=\"pgc-7-3-1\"  class=\"panel-grid-cell\" ><div id=\"panel-7-3-1-0\" class=\"so-panel widget widget_black-studio-tinymce widget_black_studio_tinymce panel-first-child\" data-index=\"12\" ><div class=\"textwidget\"><h1>F\u00dcR DAS ABENTEUER GEMACHT<\/h1>\n<h3>Speziell f\u00fcr Sie.<\/h3>\n<p>AP Inspiration-Rebreather sind Spezialanfertigungen, die sich optimal auf Ihre Gr\u00f6\u00dfe, Ihren K\u00f6rperbau und Ihre Tauchvorhaben anpassen. Sie k\u00f6nnen aus 3 Modellen, 3 Geh\u00e4usegr\u00f6\u00dfen, 5 Harnessgr\u00f6\u00dfen, 2 Winggr\u00f6\u00dfen, 2 Flaschengr\u00f6\u00dfen, 2 Kalkbeh\u00e4ltergr\u00f6\u00dfen und verschiedensten weiteren Upgrade-M\u00f6glichkeiten, von Gasanschluss-Systemen \u00fcber Gegenlungenvarianten und Deko-Optionen bis hin zu Advanced Trimix ausw\u00e4hlen.<\/p>\n<p>Mit dem Inspiration k\u00f6nnen Sie sich ein Ger\u00e4t zusammenstellen, das komplett auf Sie zugeschnitten ist, und zwar in 3 einfachen Schritten:<\/p>\n<p>1.\u00a0Entdecken Sie das f\u00fcr Sie ideale Model\u00a0<br \/>\n2.\u00a0Wir fertigen es exakt nach Ihren Spezifikationen\u00a0 <br \/>\n3.\u00a0Finden Sie einen Ausbilder in Ihrer N\u00e4he und werden Sie Teil der Rebreather-Revolution\u00a0<\/p>\n<p>&nbsp;<\/p>\n<\/div><\/div><div class=\"vgLinkSingle\"><a  class=\"vgLink yellow\" href=\"https:\/\/www.apdiving.eu\/de\/rebreathers\/which-ccr\/\">Welches Inspiration ist das Richtige f\u00fcr Sie?<\/a><\/div><\/div><\/div><!--vgRowWrapper--><\/div><\/div><div id=\"pg-7-4\"  class=\"panel-grid panel-has-style\" ><div class=\"sep panel-row-style panel-row-style-for-7-4\" ><div class=\"vgRowWrapper\"><div id=\"pgc-7-4-0\"  class=\"panel-grid-cell\" ><div class=\"vgLinkPoint\"><a name=\"schauen-sie-genau-hin\"><\/a><input type=\"hidden\" class=\"linkpointtext\" value=\"SCHAUEN SIE GENAU HIN\" \/><input type=\"hidden\" class=\"linkpointimg\" value=\"https:\/\/www.apdiving.eu\/de\/wp-content\/uploads\/rebreathers-features-carousel-breathe-easy-11.jpg\" \/><\/div><div id=\"panel-7-4-0-1\" class=\"so-panel widget widget_black-studio-tinymce widget_black_studio_tinymce\" data-index=\"15\" ><div class=\"textwidget\"><h1>SCHAUEN SIE GENAU HIN<\/h1>\n<h3>Kleine Details. Gro\u00dfer Unterschied.<\/h3>\n<p>Jede Komponente die wir bei AP herstellen, wurde von Tauchern f\u00fcr Taucher entwickelt, gefertigt und getestet. Von der kleinsten Schnalle bis zum CO2-Filter, von wiederverwendbaren Schlauchanschl\u00fcssen \u00fcber hochentwickelte Sauerstoffsteuerungssysteme bis hin zur neuesten Entwicklung der Backmounted Gegenlungen \u2013 alles pr\u00e4zisionsgefertigt f\u00fcr Ihre Anspr\u00fcche.<\/p>\n<p>Das Vornehmen von Verbesserungen an unserer eigenen Tauchausr\u00fcstung war der Ausgangspunkt f\u00fcr den Start des Unternehmen in den 1960er Jahren und ist auch heute noch die Basis, auf die unsere Fertigungserfahrungen und Philosophie fu\u00dfen.<\/p>\n<p>\u00a0<\/p>\n<\/div><\/div><div class=\"vgLinkSingle\"><a  class=\"vgLink yellow\" href=\"https:\/\/www.apdiving.eu\/de\/rebreathers\/features\/\">Einzigartige Ausstattung - Erfahren Sie mehr<\/a><\/div><\/div><div id=\"pgc-7-4-1\"  class=\"panel-grid-cell\" ><div class=\"vg-image-widget\"><img decoding=\"async\" src=\"https:\/\/www.apdiving.eu\/de\/wp-content\/uploads\/rebreathers-r-and-d-test-diver-apdiving1.jpg\" alt=\"\"\/><span class=\"caption\">Jeff Parker AP &copy;<\/span><\/div><\/div><\/div><!--vgRowWrapper--><\/div><\/div><div id=\"pg-7-5\"  class=\"panel-grid panel-has-style\" ><div class=\"sep panel-row-style panel-row-style-for-7-5\" ><div class=\"vgRowWrapper\"><div id=\"pgc-7-5-0\"  class=\"panel-grid-cell\" ><div class=\"vgLinkPoint\"><a name=\"ap-vision-technologie\"><\/a><input type=\"hidden\" class=\"linkpointtext\" value=\"AP VISION-TECHNOLOGIE\" \/><input type=\"hidden\" class=\"linkpointimg\" value=\"https:\/\/www.apdiving.eu\/de\/wp-content\/uploads\/rebreathers-features-carousel-tech1.jpg\" \/><\/div><div id=\"panel-7-5-0-1\" class=\"so-panel widget widget_sow-image panel-last-child\" data-index=\"19\" ><div\n\t\t\t\n\t\t\tclass=\"so-widget-sow-image so-widget-sow-image-default-dbf295114b96-5418\"\n\t\t\t\n\t\t>\n\n<div class=\"sow-image-container\">\n\t\t<img loading=\"lazy\" decoding=\"async\" src=\"https:\/\/www.apdiving.eu\/de\/wp-content\/uploads\/2020-vision-complex-technology-apdiving.jpg\" width=\"478\" height=\"477\" srcset=\"https:\/\/www.apdiving.eu\/de\/wp-content\/uploads\/2020-vision-complex-technology-apdiving.jpg 478w, https:\/\/www.apdiving.eu\/de\/wp-content\/uploads\/2020-vision-complex-technology-apdiving-150x150.jpg 150w, https:\/\/www.apdiving.eu\/de\/wp-content\/uploads\/2020-vision-complex-technology-apdiving-300x300.jpg 300w, https:\/\/www.apdiving.eu\/de\/wp-content\/uploads\/2020-vision-complex-technology-apdiving-70x70.jpg 70w, https:\/\/www.apdiving.eu\/de\/wp-content\/uploads\/2020-vision-complex-technology-apdiving-262x262.jpg 262w\" sizes=\"auto, (max-width: 478px) 100vw, 478px\" title=\"Jeff Parker AP &copy;\" alt=\"\" \t\tclass=\"so-widget-image\"\/>\n\t<\/div>\n\n<\/div><\/div><\/div><div id=\"pgc-7-5-1\"  class=\"panel-grid-cell\" ><div id=\"panel-7-5-1-0\" class=\"so-panel widget widget_black-studio-tinymce widget_black_studio_tinymce panel-first-child\" data-index=\"20\" ><div class=\"textwidget\"><h1>KOMPLEXE TECHNIK...<\/h1>\n<h3>\u00fcber die Sie nicht nachdenken m\u00fcssen.<\/h3>\n<p>Die Technik sollte Ihre Tauchg\u00e4nge unterst\u00fctzen statt Ihnen in die Quere zu kommen.<\/p>\n<p>Die richtungsweisende AP Vision-Technologie gibt Ihnen die Kontrolle \u00fcber das Ger\u00e4t und informiert sie jederzeit mit klaren Anweisungen, vielfach erprobten und getesteten Backup-Systemen und unmissverst\u00e4ndlichen akustischen, visuellen und grafischen Vorwarnungen. Sowohl in der Pre-Dive-Einstellung als auch im Dive-Modus ist das Vision-Handset einfach, benutzerfreundlich und intuitiv mit seiner Schritt-f\u00fcr-Schritt-Logik.<\/p>\n<p>Wir haben viel nachgedacht, damit Sie nicht nachdenken m\u00fcssen, wenn es drauf ankommt.<\/p>\n<p>\u00a0<\/p>\n<\/div><\/div><div class=\"vgLinkSingle\"><a  class=\"vgLink yellow\" href=\"https:\/\/www.apdiving.eu\/de\/rebreathers\/technology\/\">Vision - Gro\u00dfartige Technik<\/a><\/div><\/div><\/div><!--vgRowWrapper--><\/div><\/div><div id=\"pg-7-6\"  class=\"panel-grid panel-has-style\" ><div class=\"sep panel-row-style panel-row-style-for-7-6\" ><div class=\"vgRowWrapper\"><div id=\"pgc-7-6-0\"  class=\"panel-grid-cell\" ><div class=\"vgLinkPoint\"><a name=\"einfache-upgrades\"><\/a><input type=\"hidden\" class=\"linkpointtext\" value=\"EINFACHE UPGRADES\" \/><input type=\"hidden\" class=\"linkpointimg\" value=\"https:\/\/www.apdiving.eu\/de\/wp-content\/uploads\/ap-diving-inspiration-carousel-buy-once.jpg\" \/><\/div><div id=\"panel-7-6-0-1\" class=\"so-panel widget widget_black-studio-tinymce widget_black_studio_tinymce\" data-index=\"23\" ><div class=\"textwidget\"><h1>EINMAL KAUFEN<\/h1>\n<h3>Upgraden wann Sie m\u00f6chten.<\/h3>\n<p>So wie Sie sich weiterentwickeln, kann das auch Ihre Ausr\u00fcstung. Es nicht \u00fcberhaupt nicht notwendig, dann ein neues Ger\u00e4t zu kaufen.<\/p>\n<p>Das Inspiration kann durch den User upgegraded werden \u2013 via Software-Upload und Hardware-Erg\u00e4nzung, und dies \u00fcber alle Ausbildungsstufen vom Sporttauchen bis zum tiefen technischen Tauchen (100 m+) mit Trimix.<\/p>\n<p>\u00dcber einfache personalisierte Key-Codes k\u00f6nnen Sie das Elektronik-Paket und die integrierte Dekotauglichkeit in Sekunden upgraden. Die F\u00e4higkeit des Ger\u00e4tes zum upgraden (oder downgraden) ist ideal f\u00fcr Instruktoren, die ihr Ger\u00e4t auf einen Tauchsch\u00fcler anpassen wollen. Als Taucher m\u00fcssen Sie keinen neuen Rebreather anschaffen, wenn Sie sich zu weiteren Stufen im technischen Tauchen fortentwickeln. Upgraden Sie einfach mit erweiterter Deko, manuellen einfach anzuschlie\u00dfenden, \"Plug &amp; Pay\"-Inflatoren, Gasanschluss-Systemen, OCB, ADV, zus\u00e4tzlichen onboard- und offboard-Flaschenanschl\u00fcssen...<\/p>\n<p>Mit dem Inspiration sind Sie f\u00fcr die Zukunft gewappnet, wohin Sie auch gehen und wie auch immer Sie tauchen\u00a0wollen.<\/p>\n<p>\u00a0<\/p>\n<\/div><\/div><div class=\"vgLinkDouble\"><a  class=\"vgLink darkgray\" href=\"https:\/\/www.apdiving.eu\/de\/rebreathers\/which-ccr\/\">Erfahren Sie mehr<\/a><a  class=\"vgLink yellow\" href=\"https:\/\/www.apdiving.com\/shop\/de\/rebreather.html\">Bestellen Sie jetzt<\/a><\/div><\/div><div id=\"pgc-7-6-1\"  class=\"panel-grid-cell\" ><div id=\"panel-7-6-1-0\" class=\"so-panel widget widget_sow-image panel-first-child\" data-index=\"25\" ><div\n\t\t\t\n\t\t\tclass=\"so-widget-sow-image so-widget-sow-image-default-dbf295114b96-5418\"\n\t\t\t\n\t\t>\n\n<div class=\"sow-image-container\">\n\t\t<img loading=\"lazy\" decoding=\"async\" src=\"https:\/\/www.apdiving.eu\/de\/wp-content\/uploads\/Inspiration-xpd-no-HUS-June-2016.jpg\" width=\"480\" height=\"500\" srcset=\"https:\/\/www.apdiving.eu\/de\/wp-content\/uploads\/Inspiration-xpd-no-HUS-June-2016.jpg 480w, https:\/\/www.apdiving.eu\/de\/wp-content\/uploads\/Inspiration-xpd-no-HUS-June-2016-288x300.jpg 288w\" sizes=\"auto, (max-width: 480px) 100vw, 480px\" alt=\"\" \t\tclass=\"so-widget-image\"\/>\n\t<\/div>\n\n<\/div><\/div><div id=\"panel-7-6-1-1\" class=\"so-panel widget widget_sow-image panel-last-child\" data-index=\"26\" ><div\n\t\t\t\n\t\t\tclass=\"so-widget-sow-image so-widget-sow-image-default-dbf295114b96-5418\"\n\t\t\t\n\t\t>\n\n<div class=\"sow-image-container\">\n\t\t<img loading=\"lazy\" decoding=\"async\" src=\"https:\/\/www.apdiving.eu\/de\/wp-content\/uploads\/Inspiration-xpd-no-HUS-frontview-June-2016-copy.jpg\" width=\"480\" height=\"500\" srcset=\"https:\/\/www.apdiving.eu\/de\/wp-content\/uploads\/Inspiration-xpd-no-HUS-frontview-June-2016-copy.jpg 480w, https:\/\/www.apdiving.eu\/de\/wp-content\/uploads\/Inspiration-xpd-no-HUS-frontview-June-2016-copy-288x300.jpg 288w\" sizes=\"auto, (max-width: 480px) 100vw, 480px\" title=\"Inspiration-xpd-no-HUS-frontview-June-2016 copy\" alt=\"\" \t\tclass=\"so-widget-image\"\/>\n\t<\/div>\n\n<\/div><\/div><\/div><\/div><!--vgRowWrapper--><\/div><\/div><div id=\"pg-7-7\"  class=\"panel-grid panel-has-style\" ><div class=\"vgfull vg-spacing panel-row-style panel-row-style-for-7-7\" ><div class=\"vgRowWrapper\"><div id=\"pgc-7-7-0\"  class=\"panel-grid-cell\" ><div class=\"vg-image-widget\"><img decoding=\"async\" src=\"https:\/\/www.apdiving.eu\/de\/wp-content\/uploads\/DSC_0029-300x300.jpg\" alt=\"\"\/><span class=\"caption\">Jake Kimpton AP &copy;<\/span><\/div><div id=\"panel-7-7-0-1\" class=\"so-panel widget widget_black-studio-tinymce widget_black_studio_tinymce panel-last-child\" data-index=\"28\" ><div class=\"panel-widget-style panel-widget-style-for-7-7-0-1\" ><div class=\"textwidget\"><h3>WIR STEHEN <br \/>HINTER IHNEN<\/h3>\n<p>Bei AP Diving bekommen sie lebenslang Unterst\u00fctzung und Hilfe von Menschen, die Sie genau verstehen \u2013 denn wir sind ebenfalls Taucher. Wir starteten 1969 als eine Familie von Tauchern die sich entschlossen hatte, einfach das weltbeste Tauchequipment herzustellen, getragen von einen freundlichen, schnellen, informativen Kundendienst.<\/p>\n<p>Daran hat sich bis heute nichts ge\u00e4ndert.<\/p>\n<p>\u00a0<\/p>\n<\/div><\/div><\/div><\/div><div id=\"pgc-7-7-1\"  class=\"panel-grid-cell\" ><div class=\"vg-image-widget\"><img decoding=\"async\" src=\"https:\/\/www.apdiving.eu\/de\/wp-content\/uploads\/tested-in-depth-300x300.jpg\" alt=\"\"\/><span class=\"caption\">Jake Kimpton AP &copy;<\/span><\/div><div id=\"panel-7-7-1-1\" class=\"so-panel widget widget_black-studio-tinymce widget_black_studio_tinymce panel-last-child\" data-index=\"30\" ><div class=\"panel-widget-style panel-widget-style-for-7-7-1-1\" ><div class=\"textwidget\"><h3>GR\u00dcNDLICH GETESTET<\/h3>\n<p>Jedes AP Produkt wird ausgiebigen Tests unterzogen, sowohl von Testtauchern im Wasser als auch \u201eunbemannt\u201c in unserer hochmodernen dem neuesten Stand der Technik entsprechenden Testeinrichtung hier in Cornwall, Gro\u00dfbritannien. Diese Einrichtung erm\u00f6glicht uns die h\u00e4rtesten Bedingungen zu simulieren und damit Equipment zu fertigen, das unseren eigenen hohen Anspr\u00fcchen als Taucher gerecht wird, den Anforderungen der CE Standards gen\u00fcgt bzw. diese noch \u00fcbertrifft und kontinuierlich innovative, neue Ausr\u00fcstung zu erfinden und entwickeln.<\/p>\n<\/div><\/div><\/div><\/div><div id=\"pgc-7-7-2\"  class=\"panel-grid-cell\" ><div class=\"vg-image-widget\"><img decoding=\"async\" src=\"https:\/\/www.apdiving.eu\/de\/wp-content\/uploads\/pros-300x300.jpg\" alt=\"\"\/><span class=\"caption\">Photo by Cryille Mulard<\/span><\/div><div id=\"panel-7-7-2-1\" class=\"so-panel widget widget_black-studio-tinymce widget_black_studio_tinymce panel-last-child\" data-index=\"32\" ><div class=\"panel-widget-style panel-widget-style-for-7-7-2-1\" ><div class=\"textwidget\"><h3>PROFIS VERTRAUEN UNS<\/h3>\n<p>Tauchen in aller Seelenruhe. Mehr als 30 Jahre baut AP Diving (fr\u00fcher AP Valves) ma\u00dfgeschneiderte Ausr\u00fcstung f\u00fcr professionelle Taucher in der Royal Navy, f\u00fcr die Polizei, Spezialeinheiten, Kampfmittelr\u00e4umung, die Feuerwehr und K\u00fcstenwachen bis hin f\u00fcr die kommerziellen Gr\u00f6\u00dfen im Bergungs- und Schifffahrtswesen sowie der \u00d6lindustrie, f\u00fcr Meeresbiologen und Fotografen, Filmemacher und Expeditionen. Alle vertrauen darauf, dass wir unsere Arbeit korrekt machen, und das in den extremstem Bedingungen.<\/p>\n<p>Und das k\u00f6nnen Sie auch.\u00a0<\/p>\n<\/div><\/div><\/div><\/div><\/div><!--vgRowWrapper--><\/div><\/div><div id=\"pg-7-8\"  class=\"panel-grid panel-no-style\" ><div class=\"vgRowWrapper\"><div id=\"pgc-7-8-0\"  class=\"panel-grid-cell\" ><div class=\"vgLinkSingle\"><a  class=\"vgLink yellow\" href=\"https:\/\/www.apdiving.eu\/de\/service\/\">Erhalten Sie <\/br>Legend\u00e4ren Service<\/a><\/div><\/div><div id=\"pgc-7-8-1\"  class=\"panel-grid-cell\" ><div class=\"vgLinkSingle\"><a  class=\"vgLink yellow\" href=\"https:\/\/www.apdiving.eu\/de\/about-ap\/rd-test-centre\/\">Mehr zu unserem F&E Testzentrum<\/a><\/div><\/div><div id=\"pgc-7-8-2\"  class=\"panel-grid-cell\" ><div class=\"vgLinkSingle\"><a  class=\"vgLink yellow\" href=\"https:\/\/www.apdiving.eu\/de\/community\/pro-inspiration\/\">Lesen Sie, <\/br>was Taucher sagen<\/a><\/div><\/div><\/div><!--vgRowWrapper--><\/div><\/div>","protected":false},"excerpt":{"rendered":"<p>NEU BEIM CCR-TAUCHEN? Starten Sie hier&#8230; Als AP Diving 1997 die weltweit erste Serie geschlossener Kreislaufger\u00e4te herstellte, bezeichnete das Diver Magazine dies als&#8230;. \u00a0 \u00a0 Die wohl bedeutendste Entwicklung in der Tauchwelt seit Cousteau den Atemregler erfunden hat&#8230; Das Inspiration erweitert die Grenzen unserer F\u00e4higkeiten und er\u00f6ffnet neue Unterwasserwelten&#8230;. Es erm\u00f6glichte und tiefer und l\u00e4nger <a href=\"https:\/\/www.apdiving.eu\/de\/?p=5418\">[Read More &hellip;]<\/a><\/p>\n","protected":false},"author":4,"featured_media":0,"parent":0,"menu_order":0,"comment_status":"open","ping_status":"open","template":"","meta":{"footnotes":""},"class_list":["post-7","page","type-page","status-publish","hentry"],"_links":{"self":[{"href":"https:\/\/www.apdiving.eu\/de\/wp-json\/wp\/v2\/pages\/7","targetHints":{"allow":["GET"]}}],"collection":[{"href":"https:\/\/www.apdiving.eu\/de\/wp-json\/wp\/v2\/pages"}],"about":[{"href":"https:\/\/www.apdiving.eu\/de\/wp-json\/wp\/v2\/types\/page"}],"author":[{"embeddable":true,"href":"https:\/\/www.apdiving.eu\/de\/wp-json\/wp\/v2\/users\/4"}],"replies":[{"embeddable":true,"href":"https:\/\/www.apdiving.eu\/de\/wp-json\/wp\/v2\/comments?post=7"}],"version-history":[{"count":11,"href":"https:\/\/www.apdiving.eu\/de\/wp-json\/wp\/v2\/pages\/7\/revisions"}],"predecessor-version":[{"id":8163,"href":"https:\/\/www.apdiving.eu\/de\/wp-json\/wp\/v2\/pages\/7\/revisions\/8163"}],"wp:attachment":[{"href":"https:\/\/www.apdiving.eu\/de\/wp-json\/wp\/v2\/media?parent=7"}],"curies":[{"name":"wp","href":"https:\/\/api.w.org\/{rel}","templated":true}]}}