{"id":6628,"date":"2016-09-21T14:25:35","date_gmt":"2016-09-21T14:25:35","guid":{"rendered":"http:\/\/www.apdiving.com\/de\/?page_id=6628"},"modified":"2026-04-07T10:40:19","modified_gmt":"2026-04-07T10:40:19","slug":"software","status":"publish","type":"page","link":"https:\/\/www.apdiving.eu\/de\/rebreathers\/resources\/software\/","title":{"rendered":"Software"},"content":{"rendered":"<div id=\"pl-6628\"  class=\"panel-layout\" ><div id=\"pg-6628-0\"  class=\"panel-grid panel-has-style\" ><div class=\"sep panel-row-style panel-row-style-for-6628-0\" ><div class=\"vgRowWrapper\"><div id=\"pgc-6628-0-0\"  class=\"panel-grid-cell\" ><div id=\"panel-6628-0-0-0\" class=\"so-panel widget widget_sow-image panel-first-child panel-last-child\" data-index=\"0\" ><div\n\t\t\t\n\t\t\tclass=\"so-widget-sow-image so-widget-sow-image-default-8b5b6f678277-6628\"\n\t\t\t\n\t\t>\n\n<div class=\"sow-image-container\">\n\t\t<img loading=\"lazy\" decoding=\"async\" src=\"https:\/\/www.apdiving.eu\/de\/wp-content\/uploads\/ap-connect-3.png\" width=\"450\" height=\"560\" srcset=\"https:\/\/www.apdiving.eu\/de\/wp-content\/uploads\/ap-connect-3.png 450w, https:\/\/www.apdiving.eu\/de\/wp-content\/uploads\/ap-connect-3-241x300.png 241w\" sizes=\"auto, (max-width: 450px) 100vw, 450px\" alt=\"\" \t\tclass=\"so-widget-image\"\/>\n\t<\/div>\n\n<\/div><\/div><\/div><div id=\"pgc-6628-0-1\"  class=\"panel-grid-cell\" ><div id=\"panel-6628-0-1-0\" class=\"so-panel widget widget_black-studio-tinymce widget_black_studio_tinymce panel-first-child panel-last-child\" data-index=\"1\" ><div class=\"textwidget\"><h2 style=\"text-align: left;\">\u00a0<\/h2>\n<p>&nbsp;<\/p>\n<p>&nbsp;<\/p>\n<h2 style=\"text-align: left;\">AP\u00a0CONNECT<\/h2>\n<p>BITTE BEACHTEN SIE:<\/p>\n<p>AP CONNECT ist jetzt in der neuesten Version von AP DIVESIGHT integriert.<\/p>\n<p>Downloads f\u00fcr PC und Mac sind unten verf\u00fcgbar.<\/p>\n<\/div><\/div><\/div><\/div><!--vgRowWrapper--><\/div><\/div><div id=\"pg-6628-1\"  class=\"panel-grid panel-has-style\" ><div class=\"sep panel-row-style panel-row-style-for-6628-1\" ><div class=\"vgRowWrapper\"><div id=\"pgc-6628-1-0\"  class=\"panel-grid-cell\" ><div id=\"panel-6628-1-0-0\" class=\"so-panel widget widget_sow-image panel-first-child panel-last-child\" data-index=\"2\" ><div\n\t\t\t\n\t\t\tclass=\"so-widget-sow-image so-widget-sow-image-default-8b5b6f678277-6628\"\n\t\t\t\n\t\t>\n\n<div class=\"sow-image-container\">\n\t\t<img loading=\"lazy\" decoding=\"async\" src=\"https:\/\/www.apdiving.eu\/de\/wp-content\/uploads\/ap-divesight.png\" width=\"450\" height=\"560\" srcset=\"https:\/\/www.apdiving.eu\/de\/wp-content\/uploads\/ap-divesight.png 450w, https:\/\/www.apdiving.eu\/de\/wp-content\/uploads\/ap-divesight-241x300.png 241w\" sizes=\"auto, (max-width: 450px) 100vw, 450px\" alt=\"\" \t\tclass=\"so-widget-image\"\/>\n\t<\/div>\n\n<\/div><\/div><\/div><div id=\"pgc-6628-1-1\"  class=\"panel-grid-cell\" ><div id=\"panel-6628-1-1-0\" class=\"so-panel widget widget_black-studio-tinymce widget_black_studio_tinymce panel-first-child panel-last-child\" data-index=\"3\" ><div class=\"textwidget\"><h2 style=\"text-align: left;\">AP DIVESIGHT<\/h2>\n<h3>Die neue Version des AP Logviewer<\/h3>\n<h4>(siehe \u201eLegacy-Software\u201c unten)<\/h4>\n<ul>\n<li>Sehen Sie sich Ihr Tauchprofil an und steigen in real-time Details ein<\/li>\n<li>Erstellen Sie individuelle Tauchdiagramme und ein elektronisches Logbuch<\/li>\n<\/ul>\n<p><strong>Kompatibilit\u00e4t<\/strong><\/p>\n<ul>\n<li style=\"text-align: left;\">Windows 7, 8, 10 &amp; 11<\/li>\n<li style=\"text-align: left;\">Mac OSX 13.0+<\/li>\n<\/ul>\n<p><strong>Download Windows V2.0.6.1.exe<\/strong><\/p>\n<p style=\"text-align: left;\"><a href='https:\/\/www.apdiving.com\/en\/?ddownload=12060' onclick='' class='wpi_designer_button   wpi_shadow wpi_shadow_no wpi_text_shadow_no wpi_texture_no wpi_border_bottom wpi_padding_15px wpi_5px wpi_designer_button_8010 wpi_icon wpi_icon_fa-windows wpi_icon_left  ' target='' rel=''><i class=''><\/i><span class='wpi_text'>Windows<\/span><\/a><\/p>\n<p style=\"text-align: left;\"><strong>Download Mac V2.0.6.1.dmg<\/strong><\/p>\n<p style=\"text-align: left;\"><a href='https:\/\/www.apdiving.com\/en\/?ddownload=12067' onclick='' class='wpi_designer_button   wpi_shadow wpi_shadow_no wpi_text_shadow_no wpi_texture_no wpi_border_bottom wpi_padding_15px wpi_5px wpi_designer_button_8010 wpi_icon wpi_icon_fa-apple wpi_icon_left  ' target='' rel=''><i class=''><\/i><span class='wpi_text'>Mac<\/span><\/a><\/p>\n<\/div><\/div><\/div><\/div><!--vgRowWrapper--><\/div><\/div><div id=\"pg-6628-2\"  class=\"panel-grid panel-has-style\" ><div class=\"sep panel-row-style panel-row-style-for-6628-2\" ><div class=\"vgRowWrapper\"><div id=\"pgc-6628-2-0\"  class=\"panel-grid-cell\" ><div id=\"panel-6628-2-0-0\" class=\"so-panel widget widget_sow-image panel-first-child panel-last-child\" data-index=\"4\" ><div\n\t\t\t\n\t\t\tclass=\"so-widget-sow-image so-widget-sow-image-default-8b5b6f678277-6628\"\n\t\t\t\n\t\t>\n\n<div class=\"sow-image-container\">\n\t\t<img loading=\"lazy\" decoding=\"async\" src=\"https:\/\/www.apdiving.eu\/de\/wp-content\/uploads\/ap-projection.png\" width=\"478\" height=\"721\" srcset=\"https:\/\/www.apdiving.eu\/de\/wp-content\/uploads\/ap-projection.png 478w, https:\/\/www.apdiving.eu\/de\/wp-content\/uploads\/ap-projection-199x300.png 199w\" sizes=\"auto, (max-width: 478px) 100vw, 478px\" alt=\"\" \t\tclass=\"so-widget-image\"\/>\n\t<\/div>\n\n<\/div><\/div><\/div><div id=\"pgc-6628-2-1\"  class=\"panel-grid-cell\" ><div id=\"panel-6628-2-1-0\" class=\"so-panel widget widget_black-studio-tinymce widget_black_studio_tinymce panel-first-child panel-last-child\" data-index=\"5\" ><div class=\"textwidget\"><h2>AP PROJECTION<\/h2>\n<h3>\u00a0<\/h3>\n<h3>Die multifunktionale Closed Circuit &amp; Open Circuit Dive-Planner- und -Speicher-L\u00f6sung<\/h3>\n<p><strong>Der\u00a0 AP Projection Dive Planner &amp; Store ist einer der leistungsf\u00e4higsten CC\/OC Dive-Planner auf dem Markt.<\/strong> Er berechnet schnell Deko f\u00fcr alle Gase, Tauchg\u00e4nge und Tauchgangfolgen und hat einen sog. Dive-Store (Speicher), ein intelligentes kleines Ger\u00e4t, das sich direkt mit der\u00a0\u00a0 Rebreather-Schnittstelle verbinden l\u00e4sst und Ihre Tauchg\u00e4nge herunterl\u00e4dt. Der Dive-Store kann tausende von Tauchg\u00e4ngen speichern und hat jede Menge Speicherplatz f\u00fcr Ihre Tauchpl\u00e4ne, Fotos und andere wichtige Daten.\u00a0<\/p>\n<ul>\n<li>Einfaches Berechnen von Deko f\u00fcr alle Gase, wechselnde Tiefen und Bailout-Zeiten<\/li>\n<li>Nutzt die Buhlmann C Algorithmen und Hahn Delayed Surface Desaturation<\/li>\n<li>Planen Sie einzelne Tauchg\u00e4nge oder Tauchgangfolgen, H\u00f6hlentauchg\u00e4nge und Wracktauchg\u00e4nge\u00a0<\/li>\n<li>Sicherer, spritzwassergesch\u00fctzter 1 GB Speicherplatz f\u00fcr Pl\u00e4ne, Tabellen, Fotos und mehr \u00a0 \u00a0 \u00a0 \u00a0 \u00a0 \u00a0\u00a0<\/li>\n<li>\u201e2Plug &amp; Play\u201c-Daten\u00fcbertragung\u00a0 vom CCR zum Dive-Store zum PC<\/li>\n<li>Drucken &amp; personalisieren Sie Ihre Tauchtabellen<\/li>\n<\/ul>\n<p>Diese Software erfordert einen eindeutigen Aktivierungsschl\u00fcssel, der die Verwendung auf ein Ger\u00e4t beschr\u00e4nkt. Bestehende DiveStore-Besitzer haben diesen Schl\u00fcssel bereits eingebaut und k\u00f6nnen die neueste Version kostenlos herunterladen.<\/p>\n<p>Besitzer von 2020VISION-Ger\u00e4ten, die den DiveStore nicht ben\u00f6tigen (aufgrund der enormen Speicherkapazit\u00e4t an Bord), k\u00f6nnen einen eindeutigen Schl\u00fcssel erwerben, um die unten stehende AP Projection-Software zu aktivieren.<\/p>\n<p>Um einen eindeutigen Schl\u00fcssel zu erwerben, wenden Sie sich bitte an:<\/p>\n<p><a href=\"mailto:ccrsales@apdiving.com\">ccrsales@apdiving.com<\/a><\/p>\n<p>oder telefonisch unter +44 (0) 1326 563 834.<\/p>\n<p style=\"text-align: left;\"><strong>Download\u00a0<strong><strong><strong>V3.0.5.0<\/strong><\/strong><\/strong><\/strong><\/p>\n<p style=\"text-align: left;\"><a href='https:\/\/www.apdiving.com\/en\/?ddownload=10353' onclick='' class='wpi_designer_button   wpi_shadow wpi_shadow_no wpi_text_shadow_no wpi_texture_no wpi_border_bottom wpi_padding_15px wpi_5px wpi_designer_button_8010 wpi_icon wpi_icon_fa-windows wpi_icon_left  ' target='' rel=''><i class=''><\/i><span class='wpi_text'>Windows<\/span><\/a><\/p>\n<p style=\"text-align: left;\"><strong>Mac-User?<\/strong>\u00a0Es ist m\u00f6glich, diese Software mittels\u00a0<a href=\"http:\/\/www.parallels.com\/uk\/cross-platform-solutions\/\">Parallels<\/a>\u00a0auszuf\u00fchren.<\/p>\n<\/div><\/div><\/div><\/div><!--vgRowWrapper--><\/div><\/div><div id=\"pg-6628-3\"  class=\"panel-grid panel-no-style\" ><div class=\"vgRowWrapper\"><div id=\"pgc-6628-3-0\"  class=\"panel-grid-cell\" ><div id=\"panel-6628-3-0-0\" class=\"so-panel widget widget_sow-image panel-first-child panel-last-child\" data-index=\"6\" ><div\n\t\t\t\n\t\t\tclass=\"so-widget-sow-image so-widget-sow-image-default-8b5b6f678277-6628\"\n\t\t\t\n\t\t>\n\n<div class=\"sow-image-container\">\n\t\t<img loading=\"lazy\" decoding=\"async\" src=\"https:\/\/www.apdiving.eu\/de\/wp-content\/uploads\/theme-designer.png\" width=\"545\" height=\"627\" srcset=\"https:\/\/www.apdiving.eu\/de\/wp-content\/uploads\/theme-designer.png 545w, https:\/\/www.apdiving.eu\/de\/wp-content\/uploads\/theme-designer-261x300.png 261w\" sizes=\"auto, (max-width: 545px) 100vw, 545px\" alt=\"\" \t\tclass=\"so-widget-image\"\/>\n\t<\/div>\n\n<\/div><\/div><\/div><div id=\"pgc-6628-3-1\"  class=\"panel-grid-cell\" ><div id=\"panel-6628-3-1-0\" class=\"so-panel widget widget_black-studio-tinymce widget_black_studio_tinymce panel-first-child panel-last-child\" data-index=\"7\" ><div class=\"textwidget\"><h2>COLOUR THEME DESIGNER<\/h2>\n<h3>Passen Sie Ihr 2020 VISION Handset an<\/h3>\n<p>Der Colour Theme Designer erm\u00f6glicht dem Taucher, individuelle Themes zu erstellen, nach pers\u00f6nlicher Pr\u00e4ferenz, hinsichtlich Farbgebung oder je nach Tauchbedingungen. Sicherheitsschranken sind jedoch vorhanden, bspw. um zu schwache Kontraste zu vermeiden. Dar\u00fcber hinaus aber gibt es vielf\u00e4ltige M\u00f6glichkeiten zum Experimentieren. Laden Sie sich bis zu zwei ma\u00dfgeschneiderte Themes zur Auswahl beim Start-up hoch.<\/p>\n<p>\u00a0<\/p>\n<\/div><\/div><\/div><\/div><!--vgRowWrapper--><\/div><div id=\"pg-6628-4\"  class=\"panel-grid panel-has-style\" ><div class=\"sep panel-row-style panel-row-style-for-6628-4\" ><div class=\"vgRowWrapper\"><div id=\"pgc-6628-4-0\"  class=\"panel-grid-cell\" ><div id=\"panel-6628-4-0-0\" class=\"so-panel widget widget_black-studio-tinymce widget_black_studio_tinymce panel-first-child panel-last-child\" data-index=\"8\" ><div class=\"textwidget\"><p><strong>Kompatibel mit Windows XP, Vista, 7 und 8<\/strong><\/p>\n<ul>\n<li>W\u00e4hlen Sie aus 65,000+ Farben.<\/li>\n<li>F\u00fchren Sie das Programm auf Windows 7 + PC oder Parallels\/VM Fusion ausgestatteten Macs aus.<\/li>\n<li>W\u00e4hlen Sie eines aus den 6 Standard-Themes aus \u2013 dabei ist das AP Smart das Theme, das unsere Testtaucher entwickelt haben \u2013 dann w\u00e4hlen Sie den Text oder Bereich aus, den Sie gern ab\u00e4ndern m\u00f6chten und wenden Sie die Farbe Ihrer Wahl darauf an.<\/li>\n<li>Speichen Sie dann einfach die Datei unter einem neuen Namen. z.B.\u201cMr Cousteau, Mr Magoo, Green 1\u201d\u2026<\/li>\n<li>Speichern Sie soviele Themes wie Sie m\u00f6chten, w\u00e4hlen Sie dann die beiden, die Sie auf Ihr Handset hochladen wollen in \u201cGenerate Upload file\u201d (fully German \u201eUpload File erstellen\u201c)<\/li>\n<li>Sobald die Upload-Datei erstellt wurde, f\u00fchren Sie den Upload der Datei auf das Handset mittels des AP Communicator Programms durch \u2013 dies dauert ca. 3 Sekunden.\u00a0<\/li>\n<li>Sobald diese geladen wurde, k\u00f6nnen Sie zwischen den Standard-Themes und den beiden von Ihnen ma\u00dfgeschneiderten Themes auf der Oberfl\u00e4che des CCR Men\u00fcs oder dem Unterwasser-Men\u00fc wechseln.<\/li>\n<\/ul>\n<p><strong>Download V1.0.6.0<\/strong><\/p>\n<p><a href='https:\/\/www.apdiving.com\/en\/?ddownload=10354' onclick='' class='wpi_designer_button   wpi_shadow wpi_shadow_no wpi_text_shadow_no wpi_texture_no wpi_border_bottom wpi_padding_15px wpi_5px wpi_designer_button_8010 wpi_icon wpi_icon_fa-windows wpi_icon_left  ' target='' rel=''><i class=''><\/i><span class='wpi_text'>Windows<\/span><\/a><\/p>\n<p><strong>Mac-User?<\/strong> Es ist m\u00f6glich, diese Software mittels\u00a0<a href=\"http:\/\/www.parallels.com\/uk\/cross-platform-solutions\/\">Parallels<\/a> auszuf\u00fchren.<\/p>\n<p style=\"text-align: left;\">\u00a0<\/p>\n<\/div><\/div><\/div><\/div><!--vgRowWrapper--><\/div><\/div><div id=\"pg-6628-5\"  class=\"panel-grid panel-no-style\" ><div class=\"vgRowWrapper\"><div id=\"pgc-6628-5-0\"  class=\"panel-grid-cell\" ><div id=\"panel-6628-5-0-0\" class=\"so-panel widget widget_black-studio-tinymce widget_black_studio_tinymce panel-first-child panel-last-child\" data-index=\"9\" ><div class=\"textwidget\"><h2 style=\"text-align: center;\">\u00a0<\/h2>\n<h2 style=\"text-align: center;\">VORG\u00c4NGER-SOFTWARE<\/h2>\n<\/div><\/div><\/div><\/div><!--vgRowWrapper--><\/div><div id=\"pg-6628-6\"  class=\"panel-grid panel-no-style\" ><div class=\"vgRowWrapper\"><div id=\"pgc-6628-6-0\"  class=\"panel-grid-cell\" ><div id=\"panel-6628-6-0-0\" class=\"so-panel widget widget_black-studio-tinymce widget_black_studio_tinymce panel-first-child panel-last-child\" data-index=\"10\" ><div class=\"textwidget\"><h2 style=\"text-align: left;\">AP COMMUNICATOR<\/h2>\n<h3>Schnelle und einfache Downloads zum PC<\/h3>\n<p style=\"text-align: left;\">Enth\u00e4lt die aktuellste Version von <strong>AP Communicator<\/strong> f\u00fcr PC.<\/p>\n<p style=\"text-align: left;\"><strong>Download V5.2.14.0<\/strong><\/p>\n<p style=\"text-align: left;\"><a href='https:\/\/www.apdiving.com\/en\/?ddownload=10218' onclick='' class='wpi_designer_button   wpi_shadow wpi_shadow_no wpi_text_shadow_no wpi_texture_no wpi_border_bottom wpi_padding_15px wpi_5px wpi_designer_button_8010 wpi_icon wpi_icon_fa-windows wpi_icon_left  ' target='' rel=''><i class=''><\/i><span class='wpi_text'>Windows<\/span><\/a><\/p>\n<p><strong>Mac-User?<\/strong> Es ist m\u00f6glich, diese Software mittels\u00a0<a href=\"http:\/\/www.parallels.com\/uk\/cross-platform-solutions\/\">Parallels<\/a> auszuf\u00fchren.<\/p>\n<\/div><\/div><\/div><div id=\"pgc-6628-6-1\"  class=\"panel-grid-cell\" ><div id=\"panel-6628-6-1-0\" class=\"so-panel widget widget_sow-image panel-first-child panel-last-child\" data-index=\"11\" ><div\n\t\t\t\n\t\t\tclass=\"so-widget-sow-image so-widget-sow-image-default-8b5b6f678277-6628\"\n\t\t\t\n\t\t>\n\n<div class=\"sow-image-container\">\n\t\t<img loading=\"lazy\" decoding=\"async\" src=\"https:\/\/www.apdiving.eu\/de\/wp-content\/uploads\/pc-software-1.png\" width=\"1108\" height=\"766\" srcset=\"https:\/\/www.apdiving.eu\/de\/wp-content\/uploads\/pc-software-1.png 1108w, https:\/\/www.apdiving.eu\/de\/wp-content\/uploads\/pc-software-1-300x207.png 300w, https:\/\/www.apdiving.eu\/de\/wp-content\/uploads\/pc-software-1-768x531.png 768w, https:\/\/www.apdiving.eu\/de\/wp-content\/uploads\/pc-software-1-1024x708.png 1024w\" sizes=\"auto, (max-width: 1108px) 100vw, 1108px\" title=\"pc-software\" alt=\"\" \t\tclass=\"so-widget-image\"\/>\n\t<\/div>\n\n<\/div><\/div><\/div><\/div><!--vgRowWrapper--><\/div><div id=\"pg-6628-7\"  class=\"panel-grid panel-no-style\" ><div class=\"vgRowWrapper\"><div id=\"pgc-6628-7-0\"  class=\"panel-grid-cell\" ><div id=\"panel-6628-7-0-0\" class=\"so-panel widget widget_sow-image panel-first-child panel-last-child\" data-index=\"12\" ><div\n\t\t\t\n\t\t\tclass=\"so-widget-sow-image so-widget-sow-image-default-8b5b6f678277-6628\"\n\t\t\t\n\t\t>\n\n<div class=\"sow-image-container\">\n\t\t<img loading=\"lazy\" decoding=\"async\" src=\"https:\/\/www.apdiving.eu\/de\/wp-content\/uploads\/separator-middle-1.jpg\" width=\"970\" height=\"20\" srcset=\"https:\/\/www.apdiving.eu\/de\/wp-content\/uploads\/separator-middle-1.jpg 970w, https:\/\/www.apdiving.eu\/de\/wp-content\/uploads\/separator-middle-1-300x6.jpg 300w, https:\/\/www.apdiving.eu\/de\/wp-content\/uploads\/separator-middle-1-768x16.jpg 768w\" sizes=\"auto, (max-width: 970px) 100vw, 970px\" alt=\"\" \t\tclass=\"so-widget-image\"\/>\n\t<\/div>\n\n<\/div><\/div><\/div><\/div><!--vgRowWrapper--><\/div><div id=\"pg-6628-8\"  class=\"panel-grid panel-has-style\" ><div class=\"sep panel-row-style panel-row-style-for-6628-8\" ><div class=\"vgRowWrapper\"><div id=\"pgc-6628-8-0\"  class=\"panel-grid-cell\" ><div id=\"panel-6628-8-0-0\" class=\"so-panel widget widget_sow-image panel-first-child panel-last-child\" data-index=\"13\" ><div\n\t\t\t\n\t\t\tclass=\"so-widget-sow-image so-widget-sow-image-default-8b5b6f678277-6628\"\n\t\t\t\n\t\t>\n\n<div class=\"sow-image-container\">\n\t\t<img loading=\"lazy\" decoding=\"async\" src=\"https:\/\/www.apdiving.eu\/de\/wp-content\/uploads\/ap-logviewer.jpg\" width=\"450\" height=\"481\" srcset=\"https:\/\/www.apdiving.eu\/de\/wp-content\/uploads\/ap-logviewer.jpg 450w, https:\/\/www.apdiving.eu\/de\/wp-content\/uploads\/ap-logviewer-281x300.jpg 281w\" sizes=\"auto, (max-width: 450px) 100vw, 450px\" alt=\"\" \t\tclass=\"so-widget-image\"\/>\n\t<\/div>\n\n<\/div><\/div><\/div><div id=\"pgc-6628-8-1\"  class=\"panel-grid-cell\" ><div id=\"panel-6628-8-1-0\" class=\"so-panel widget widget_black-studio-tinymce widget_black_studio_tinymce panel-first-child panel-last-child\" data-index=\"14\" ><div class=\"textwidget\"><h2 style=\"text-align: left;\">AP LOGVIEWER<\/h2>\n<h4>(Version von AP DIVESIGHT vor September 2016 \u2013 siehe oben)<\/h4>\n<ul>\n<li>Sehen Sie sich Ihr Tauchprofil an und steigen in real-time Details ein<\/li>\n<li>Erstellen Sie individuelle Tauchdiagramme und ein elektronisches Logbuch<\/li>\n<\/ul>\n<p><strong>Kompatibilit\u00e4t<\/strong><\/p>\n<ul>\n<li style=\"text-align: left;\">Windows 7, 8, 10 &amp; 11<\/li>\n<\/ul>\n<p><strong>Download Windows V5.2.5.0.exe<\/strong><\/p>\n<p style=\"text-align: left;\"><a href='https:\/\/www.apdiving.eu\/de\/?ddownload=8358' onclick='' class='wpi_designer_button   wpi_shadow wpi_shadow_no wpi_text_shadow_no wpi_texture_no wpi_border_bottom wpi_padding_15px wpi_5px wpi_designer_button_8010 wpi_icon wpi_icon_fa-windows wpi_icon_left  ' target='' rel=''><i class=''><\/i><span class='wpi_text'>Windows<\/span><\/a><\/p>\n<p><strong>Mac-User?<\/strong> Es ist m\u00f6glich, diese Software mittels\u00a0<a href=\"http:\/\/www.parallels.com\/uk\/cross-platform-solutions\/\">Parallels<\/a> auszuf\u00fchren.<\/p>\n<\/div><\/div><\/div><\/div><!--vgRowWrapper--><\/div><\/div><div id=\"pg-6628-9\"  class=\"panel-grid panel-no-style\" ><div class=\"vgRowWrapper\"><div id=\"pgc-6628-9-0\"  class=\"panel-grid-cell\" ><div id=\"panel-6628-9-0-0\" class=\"so-panel widget widget_black-studio-tinymce widget_black_studio_tinymce panel-first-child panel-last-child\" data-index=\"15\" ><div class=\"textwidget\"><h2 style=\"text-align: center;\">\u00a0<\/h2>\n<h2 style=\"text-align: center;\">TREIBER F\u00dcR SERIAL ZU USB COMM PORT\u00a0<\/h2>\n<\/div><\/div><\/div><\/div><!--vgRowWrapper--><\/div><div id=\"pg-6628-10\"  class=\"panel-grid panel-no-style\" ><div class=\"vgRowWrapper\"><div id=\"pgc-6628-10-0\"  class=\"panel-grid-cell\" ><div id=\"panel-6628-10-0-0\" class=\"so-panel widget widget_black-studio-tinymce widget_black_studio_tinymce panel-first-child panel-last-child\" data-index=\"16\" ><div class=\"textwidget\"><p>Um Tauchdaten herunterzuladen oder neue Firmware oder Features zu installieren, ben\u00f6tigen Vision Rebreather, die zwischen 2005 und Oktober 2015 hergestellt wurden, ein Serial\/USB-\u00dcbertragungskabel, um damit die Download\/Upload-Schnittstelle an einen USB-Port an Ihrem PC oder Mac anschlie\u00dfen zu k\u00f6nnen.<\/p>\n<p>Vor Januar 2013 war das Kabel, das gemeinsam mit dem Vision geliefert wurde, von einer Firma namens Prolific\/Gembird hergestellt worden. Im Laufe der Jahre hatten sie sich bem\u00fcht, die Kompatibilit\u00e4t durch Updates ihrer Treiber zu gew\u00e4hrleisten, aber mit Windows 7 stellte sich heraus, dass das Kabel nicht l\u00e4nger f\u00fcr Uploads zu gebrauchen war, da dies mehr als nur ein paar Minuten dauerte und einige User dar\u00fcber hinaus Verbindungsprobleme berichteten. Von Januar 2013 an \u00e4nderte AP das gelieferte Kabel zu einem FTDI-Chip-ausger\u00fcsteten \u00dcbertragungskabel, welches sich selbstt\u00e4tig den korrekten Treiber sucht und damit Plug-and-Play wirklich erm\u00f6glicht. Die AP-Ersatzteilnummer ist <a href=\"https:\/\/www.apdiving.com\/shop\/serial-to-usb-bridge-interface-cable-1482.html\">EV91\/04A - Serial to USB Bridge Interface Cable<\/a>.<\/p>\n<p><strong>Falls Sie ein Prolific\/Gembird graues\/cremefarbenes Serial\/USB-Kabel besitzen, ist es die einfachste Option, dieses durch das <a href=\"https:\/\/www.apdiving.com\/shop\/serial-to-usb-bridge-interface-cable-1482.html\">EV91\/04A<\/a> zu ersetzen.<\/strong><\/p>\n<p>Im Mai 2016 berichtete ein Kunde, eine L\u00f6sung zu diesem Problem gefunden zu haben und beschrieb dies (nicht von AP getestet) in folgendem Webartikel: <a href=\"https:\/\/www.apdiving.com\/en\/?ddownload=7768\">Download Guide (Microsoft Word)<\/a><\/p>\n<h6>Haftungsausschluss:\u00a0Diese Software wurde von Dritten entwickelt und wird hier auf \"as-is\"-Basis zur Verf\u00fcgung gestellt. Mehr Informationen dazu auf jener Website:\u00a0<a href=\"http:\/\/www.prolific.com.tw\/US\/ShowProduct.aspx?p_id=225&amp;pcid=41\">www.prolific.com<\/a> \u00a0<\/h6>\n<\/div><\/div><\/div><div id=\"pgc-6628-10-1\"  class=\"panel-grid-cell\" ><div id=\"panel-6628-10-1-0\" class=\"so-panel widget widget_black-studio-tinymce widget_black_studio_tinymce panel-first-child panel-last-child\" data-index=\"17\" ><div class=\"textwidget\"><p>Unterst\u00fctzte Betriebssysteme:<\/p>\n<ul>\n<li>Windows 2000 (32 &amp; 64 bit)<\/li>\n<li>Windows XP (32 &amp; 64 bit)<\/li>\n<li>Windows Vista\u00a0(32 &amp; 64 bit)<\/li>\n<li>Windows 7\u00a0(32 &amp; 64 bit)<\/li>\n<li>Windows 10 (32 &amp; 64 bit)<\/li>\n<li>Windows 11 (32 &amp; 64 bit)<\/li>\n<\/ul>\n<p>Im Download enthalten:<\/p>\n<ul>\n<li>Treiber Installationsdatei (EXE)<\/li>\n<li>Release-Informationen (PDF)<\/li>\n<li>Installations-Manual (PDF)<\/li>\n<\/ul>\n<p><strong>Aktualisiert: 4\/02\/2016<\/strong><\/p>\n<p><a href='https:\/\/www.apdiving.com\/en\/?ddownload=4997' onclick='' class='wpi_designer_button   wpi_shadow wpi_shadow_no wpi_text_shadow_no wpi_texture_no wpi_border_bottom wpi_padding_15px wpi_5px wpi_designer_button_8010 wpi_icon wpi_icon_fa-windows wpi_icon_left  ' target='' rel=''><i class=''><\/i><span class='wpi_text'>Windows<\/span><\/a><\/p>\n<\/div><\/div><\/div><\/div><!--vgRowWrapper--><\/div><\/div>","protected":false},"excerpt":{"rendered":"<p>\u00a0 &nbsp; &nbsp; AP\u00a0CONNECT BITTE BEACHTEN SIE: AP CONNECT ist jetzt in der neuesten Version von AP DIVESIGHT integriert. Downloads f\u00fcr PC und Mac sind unten verf\u00fcgbar. AP DIVESIGHT Die neue Version des AP Logviewer (siehe \u201eLegacy-Software\u201c unten) Sehen Sie sich Ihr Tauchprofil an und steigen in real-time Details ein Erstellen Sie individuelle Tauchdiagramme und <a href=\"https:\/\/www.apdiving.eu\/de\/rebreathers\/resources\/software\/\">[Read More &hellip;]<\/a><\/p>\n","protected":false},"author":4,"featured_media":0,"parent":4646,"menu_order":0,"comment_status":"closed","ping_status":"closed","template":"","meta":{"footnotes":""},"class_list":["post-6628","page","type-page","status-publish","hentry"],"_links":{"self":[{"href":"https:\/\/www.apdiving.eu\/de\/wp-json\/wp\/v2\/pages\/6628","targetHints":{"allow":["GET"]}}],"collection":[{"href":"https:\/\/www.apdiving.eu\/de\/wp-json\/wp\/v2\/pages"}],"about":[{"href":"https:\/\/www.apdiving.eu\/de\/wp-json\/wp\/v2\/types\/page"}],"author":[{"embeddable":true,"href":"https:\/\/www.apdiving.eu\/de\/wp-json\/wp\/v2\/users\/4"}],"replies":[{"embeddable":true,"href":"https:\/\/www.apdiving.eu\/de\/wp-json\/wp\/v2\/comments?post=6628"}],"version-history":[{"count":2,"href":"https:\/\/www.apdiving.eu\/de\/wp-json\/wp\/v2\/pages\/6628\/revisions"}],"predecessor-version":[{"id":6636,"href":"https:\/\/www.apdiving.eu\/de\/wp-json\/wp\/v2\/pages\/6628\/revisions\/6636"}],"up":[{"embeddable":true,"href":"https:\/\/www.apdiving.eu\/de\/wp-json\/wp\/v2\/pages\/4646"}],"wp:attachment":[{"href":"https:\/\/www.apdiving.eu\/de\/wp-json\/wp\/v2\/media?parent=6628"}],"curies":[{"name":"wp","href":"https:\/\/api.w.org\/{rel}","templated":true}]}}