{"id":549,"date":"2013-10-31T12:45:39","date_gmt":"2013-10-31T12:45:39","guid":{"rendered":"http:\/\/ap.msurl.net\/blog\/?page_id=549"},"modified":"2015-12-11T11:01:09","modified_gmt":"2015-12-11T11:01:09","slug":"rd-test-centre","status":"publish","type":"page","link":"https:\/\/www.apdiving.eu\/de\/about-ap\/rd-test-centre\/","title":{"rendered":"R&#038;D Test Centre"},"content":{"rendered":"<div id=\"pl-549\"  class=\"panel-layout\" ><div id=\"pg-549-0\"  class=\"panel-grid panel-has-style\" ><div class=\"vgfull  panel-row-style panel-row-style-for-549-0\" ><div class=\"vgRowWrapper\"><div id=\"pgc-549-0-0\"  class=\"panel-grid-cell\" ><div id=\"panel-549-0-0-0\" class=\"so-panel widget widget_black-studio-tinymce widget_black_studio_tinymce panel-first-child panel-last-child\" data-index=\"0\" ><div class=\"textwidget\"><h2>GR\u00dcNDLICHES, IN DIE TIEFE GEHENDES TESTEN<\/h2>\n<h3>AP Divings engagierte F&amp;E-Einrichtung in Helston, Cornwall, UK<\/h3>\n<p>Viele Leute fragen uns, warum wir unsere Produkte auf die Art herstellen, wie wir es tun. M\u00f6glicherweise k\u00f6nnten wir so g\u00fcnstig wie unsere Wettbewerber sein, wenn wir mehr Schritte im Entwicklungs- und Herstellungsprozess outsourcen w\u00fcrden, wenn wir weniger sicherheitsversessen w\u00e4ren und unseren Leistungsanspruch ein wenig drosseln w\u00fcrden. Die Qualit\u00e4t w\u00e4re doch immer noch gut genug und die meisten Taucher w\u00fcrden den Unterschied kaum wahrnehmen, oder?<\/p>\n<p>Wir antworten dann: \u201egut genug\u201c ist eben niemals genug. Und auch: \u201edie meisten Taucher\u201c verdienen ein bisschen mehr Respekt und Hingabe.<\/p>\n<p>Der gleiche Geist der gro\u00dfartige Taucher treibt, noch unentdecktes, unvermessenes Gebiet zu erkunden, treibt auch uns an, immer ein St\u00fcck weiter zu gehen und die M\u00f6glichkeiten, die Tauchausr\u00fcstung bieten kann, immer noch weiter zu verbessern. \u00dcber die vergangenen 20 Jahre haben wir hochspezialisierte Produktentwickler angestellt und viel in hochentwickelte Testeinrichtungen investiert, um weiterhin an der Spitze zu spielen und damit auch Sie als Taucher voranzubringen.<\/p>\n<\/div><\/div><\/div><div id=\"pgc-549-0-1\"  class=\"panel-grid-cell panel-grid-cell-empty\" ><\/div><div id=\"pgc-549-0-2\"  class=\"panel-grid-cell\" ><div id=\"panel-549-0-2-0\" class=\"so-panel widget widget_black-studio-tinymce widget_black_studio_tinymce panel-first-child\" data-index=\"1\" ><div class=\"textwidget\"><p><br\/>\u00a0<\/p><\/div><\/div><div class=\"vg-image-widget\"><img decoding=\"async\" src=\"https:\/\/www.apdiving.eu\/de\/wp-content\/uploads\/bcd-rebreather-testing-in-depth-apdiving1.jpg\" alt=\"\"\/><\/div><\/div><\/div><!--vgRowWrapper--><\/div><\/div><div id=\"pg-549-1\"  class=\"panel-grid panel-has-style\" ><div class=\"vgfull  panel-row-style panel-row-style-for-549-1\" ><div class=\"vgRowWrapper\"><div id=\"pgc-549-1-0\"  class=\"panel-grid-cell\" ><div id=\"panel-549-1-0-0\" class=\"so-panel widget widget_black-studio-tinymce widget_black_studio_tinymce panel-first-child panel-last-child\" data-index=\"3\" ><div class=\"textwidget\"><p>Dies ist ein Ansatz, der uns unz\u00e4hlige Preise gewinnen, dutzende von Patenten entwickeln lie\u00df und tausenden von Tauchern weltweit erm\u00f6glichte, ihre eigenen hochgesteckten taucherischen Ziele erreichen.<\/p>\n<p>Wenn Sie sich f\u00fcr AP-Tauchausr\u00fcstung entscheiden, dann investieren Sie in Produkte, die einen wirklichen Feinschliff erhalten haben durch Jahre von Forschung und Entwicklung, Qualit\u00e4tskontrolle und fordernde Testmethoden. Sie wird Ihnen sehr gute Dienste leisten, bei jedem Tauchgang und das auch noch in vielen Jahren.<\/p><\/div><\/div><\/div><\/div><!--vgRowWrapper--><\/div><\/div><div id=\"pg-549-2\"  class=\"panel-grid panel-has-style\" ><div class=\"vgfull vg-spacing panel-row-style panel-row-style-for-549-2\" ><div class=\"vgRowWrapper\"><div id=\"pgc-549-2-0\"  class=\"panel-grid-cell\" ><div class=\"vg-image-widget\"><img decoding=\"async\" src=\"https:\/\/www.apdiving.eu\/de\/wp-content\/uploads\/separator-middle.jpg\" alt=\"\"\/><\/div><\/div><\/div><!--vgRowWrapper--><\/div><\/div><div id=\"pg-549-3\"  class=\"panel-grid panel-has-style\" ><div class=\"vgfull  panel-row-style panel-row-style-for-549-3\" ><div class=\"vgRowWrapper\"><div id=\"pgc-549-3-0\"  class=\"panel-grid-cell\" ><div id=\"panel-549-3-0-0\" class=\"so-panel widget widget_black-studio-tinymce widget_black_studio_tinymce panel-first-child\" data-index=\"5\" ><div class=\"textwidget\"><h2>DAS WELTWEIT F\u00dcHRENDE KOMMERZIELLE REBREATHER TEST-ZENRTRUM<\/h2>\n<p>\u00a0In unserem firmenans\u00e4ssigen Forschungs- und Entwicklungszentrum befinden sich zwei der weltweit fortschrittlichsten ANSTI Testsysteme, ein bis zu 200m Tiefe abdeckender Atmungssimulator und die F&amp;E- \u201e<em>Demand Regulator\u201c-<\/em>Testeinrichtung. Dies sind vollintegrierte Laborsysteme speziell daf\u00fcr entwickelt, die dynamische Atemleistung unserer Rebreather und deren Komponenten gem\u00e4\u00df dem Europ\u00e4ischen Standard EN250:2000 und EN14143:2003 zu messen. Beide zusammen erm\u00f6glichen uns die Atemregler hart zu testen, in gro\u00dfer Tiefe genauso wie in einem breiten Temperaturbereich von -4\u00b0C bis zu +50\u00b0C.<\/p>\n<ul>\n<li>Weil alle unsere Ausr\u00fcstungsgegenst\u00e4nde diese umfangreichen harten Testbedingungen \u00fcberstehen m\u00fcssen, k\u00f6nnen wir daf\u00fcr garantieren, dass:<\/li>\n<li>auch in gro\u00dfen Tiefen nur eine geringe Atemarbeit zu verrichten ist<\/li>\n<li>durch die optimale Platzierung der Gegenlungen, sowohl f\u00fcr die front- als auch back-mount-Ausf\u00fchrungen, exzellente Atemeigenschaften in allen Tauchpositionen gegeben sind<\/li>\n<li>die Kalkfilter-Leistung an wirklichen Tests in harten Bedingungen ausgerichtet ist \u2013 nicht an der Oberfl\u00e4che sondern in gro\u00dfen Tiefen, wo es darauf ankommt.<\/li>\n<\/ul>\n<\/div><\/div><div id=\"panel-549-3-0-1\" class=\"so-panel widget widget_black-studio-tinymce widget_black_studio_tinymce panel-last-child\" data-index=\"6\" ><div class=\"textwidget\"><h2>\u00a0<\/h2><h2>WIR GEBEN UNSER WISSEN WEITER<\/h2><p>\u00a0Unsere umfangreichen Forschungs- und Testm\u00f6glichkeiten kommen dem Wissens- und Erfahrungsfundus der gesamten Rebreathertauchergemeinde zugute. Wir stehen an der Spitze der Entwicklung von Best Practices f\u00fcr alle Aspekte im Rebreathertauchen, von der Wahl des Atemkalks, bis zum Gegenlungendesign und deren Anordnung, Lebensdauer des Atemkalks und CO<sub>2<\/sub>-Monitoring, bis zur Bewertung der Leistungsf\u00e4higkeit der Sauerstoffzellen.\u00a0<\/p><\/div><\/div><\/div><div id=\"pgc-549-3-1\"  class=\"panel-grid-cell\" ><div class=\"vg-image-widget\"><img decoding=\"async\" src=\"https:\/\/www.apdiving.eu\/de\/wp-content\/uploads\/ansti-logo.jpg\" alt=\"\"\/><\/div><div id=\"panel-549-3-1-1\" class=\"so-panel widget widget_black-studio-tinymce widget_black_studio_tinymce panel-last-child\" data-index=\"8\" ><div class=\"textwidget\"><h2>WER ODER WAS IST ANSTI?<\/h2>\n<p>ANSTI Test Systems Ltd entwickelt und fertigt Testeinrichtungen, um die Leistungsf\u00e4higkeit von Unterwasser-Atemger\u00e4ten zu testen. Es wird mittels computergesteuerter Datenerhebung in Echtzeit die dynamische Performance der Atemger\u00e4te unter Testbedingungen dargestellt.<\/p>\n<\/div><\/div><\/div><\/div><!--vgRowWrapper--><\/div><\/div><div id=\"pg-549-4\"  class=\"panel-grid panel-has-style\" ><div class=\"vgfull vg-spacing panel-row-style panel-row-style-for-549-4\" ><div class=\"vgRowWrapper\"><div id=\"pgc-549-4-0\"  class=\"panel-grid-cell\" ><div class=\"vg-image-widget\"><img decoding=\"async\" src=\"https:\/\/www.apdiving.eu\/de\/wp-content\/uploads\/separator-middle.jpg\" alt=\"\"\/><\/div><\/div><\/div><!--vgRowWrapper--><\/div><\/div><div id=\"pg-549-5\"  class=\"panel-grid panel-has-style\" ><div class=\"vgfull vg-spacing panel-row-style panel-row-style-for-549-5\" ><div class=\"vgRowWrapper\"><div id=\"pgc-549-5-0\"  class=\"panel-grid-cell\" ><div id=\"panel-549-5-0-0\" class=\"so-panel widget widget_black-studio-tinymce widget_black_studio_tinymce panel-first-child panel-last-child\" data-index=\"10\" ><div class=\"textwidget\"><h2>DER ANSTI 200M ATMUNGSSIMULATOR<\/h2>\n<h3>Testeinrichtung f\u00fcr Lebenserhaltungssysteme<\/h3>\n<p>Im Jahr 2004 in Auftrag gegeben, ist der ANSTI 200m Atmungssimulator das erste System \u00fcberhaupt, das in dieser Gr\u00f6\u00dfenordnung und eigens f\u00fcr die Zwecke unseres Rebreather-Entwicklungsprogramms gebaut wurde. Die Testvorrichtung ist gro\u00df genug, um alle Modelle der Inspiration-Linie in den haupts\u00e4chlichen Tauchpositionen und in aufrechter Position in jedweder Neigung und Bewegung abzubilden.<\/p>\n<p>\u00a0<\/p>\n<\/div><\/div><\/div><div id=\"pgc-549-5-1\"  class=\"panel-grid-cell panel-grid-cell-empty\" ><\/div><div id=\"pgc-549-5-2\"  class=\"panel-grid-cell\" ><div class=\"vg-image-widget\"><img decoding=\"async\" src=\"https:\/\/www.apdiving.eu\/de\/wp-content\/uploads\/bcd-rebreather-the-ansti-apdiving1.jpg\" alt=\"\"\/><span class=\"caption\">Jake Kimpton AP &copy;<\/span><\/div><\/div><\/div><!--vgRowWrapper--><\/div><\/div><div id=\"pg-549-6\"  class=\"panel-grid panel-has-style\" ><div class=\"vgfull vg-spacing panel-row-style panel-row-style-for-549-6\" ><div class=\"vgRowWrapper\"><div id=\"pgc-549-6-0\"  class=\"panel-grid-cell\" ><div class=\"vg-image-widget\"><img decoding=\"async\" src=\"https:\/\/www.apdiving.eu\/de\/wp-content\/uploads\/bcd-rebreather-dive-simulation-2-apdiving.jpg\" alt=\"\"\/><\/div><\/div><div id=\"pgc-549-6-1\"  class=\"panel-grid-cell panel-grid-cell-empty\" ><\/div><div id=\"pgc-549-6-2\"  class=\"panel-grid-cell\" ><div id=\"panel-549-6-2-0\" class=\"so-panel widget widget_black-studio-tinymce widget_black_studio_tinymce panel-first-child panel-last-child\" data-index=\"13\" ><div class=\"textwidget\"><h3>TAUCHSIMULATION<\/h3>\n<p>Wir simulieren Tauchg\u00e4nge unter allen erdenklichen Bedingungen \u2013 Atemraten, Wassertemperaturen und Tiefen bis zu 200m. Da es sich um eine inhouse-Einrichtung bei uns handelt, k\u00f6nnen wir diese Tests quasi unendlich wiederholen, ohne all jene Restriktionen an Zeit, Logistik und Kosten, die externe Testeinrichtungen mit sich bringen w\u00fcrden. Das hei\u00dft, dass wir kontinuierlich unsere Daten verfeinern und neue Fakten \u00fcber Rebreather Performance lernen, wie z.B.<\/p>\n<ul>\n<li>Atemraten bei verschiedenen Atemsituationen bei verschiedenen Tiefen<\/li>\n<li>PO2 Setpoint-Kontrollgenauigkeit<\/li>\n<li>Haltbarkeits, Verl\u00e4sslichkeits- und Genauigkeitspr\u00fcfungen<\/li>\n<li>CO2-Filter-Lebensdauer (unter verschiedenen Tiefen und Bedingungen)<\/li>\n<li>Belastungspr\u00fcfungen f\u00fcr Scrubber Temp-Sticks (Kalk\u00fcberwachung)<\/li>\n<li>Verschiedenste Vergleichspr\u00fcfungen mit unterschiedlichen Atemkalk-Fabrikaten<\/li>\n<li>Hydrostatische Unwucht-Versuche f\u00fcr die Sicherstellung einer idealen Positionierung der Gegenlungen und eines Optimums an Atemleistungen bei allen Tauchlagen und Bewegungen\u00a0<\/li>\n<\/ul>\n<\/div><\/div><\/div><\/div><!--vgRowWrapper--><\/div><\/div><div id=\"pg-549-7\"  class=\"panel-grid panel-has-style\" ><div class=\"vgfull vg-more panel-row-style panel-row-style-for-549-7\" ><div class=\"vgRowWrapper\"><div id=\"pgc-549-7-0\"  class=\"panel-grid-cell panel-grid-cell-mobile-last\" ><div id=\"panel-549-7-0-0\" class=\"so-panel widget widget_black-studio-tinymce widget_black_studio_tinymce panel-first-child panel-last-child\" data-index=\"14\" ><div class=\"textwidget\"><h4>Mehr Erkenntnisse = Bessere Produkte = Bessere Taucheigenschaften<\/h4>\n<p>Alle diese Daten, insbesondere zur Lebensdauer der CO2-Filter, die im gesamten Spektrum m\u00f6glicher Einfl\u00fcsse, CO2-Erzeugungsraten, Atemraten, Wassertemperaturen und Tiefen gemessen werden sowie die systematischen Vergleichstests der verschiedenen auf dem Markt erh\u00e4ltlichen Marken und Ausf\u00fchrungen von Atemkalk, sind Erkenntnisse die sowohl uns als Hersteller als auch letztlich der gesamten Gemeinde der Rebreathertaucher zugute kommen.<\/p>\n<h4>Tests am Mundst\u00fcck<\/h4>\n<p>Das System ist mit einem speziell entwickelten sog. Sheffield-Kopf (anatomisch genau) mit Adaptern ausgestattet, die an weiter zu testende Objekte angeschlossen werden k\u00f6nnen, wie Vollgesichtsmasken und OC\/CC-umschaltbare Mundst\u00fccke. Atemzug f\u00fcr Atemzug wird das CO2 gemessen \u2013 so k\u00f6nnen wir m\u00f6gliche \u201eTotr\u00e4ume\u201c (Stellen, an denen sich CO2 ansammeln kann) entdecken und beseitigen. Diese Testfertigkeit ist absolut entscheidend um ein Produkt von der ersten Idee zum Prototyp \u00fcber den letzten Feinschliff bis zur Marktreife zur entwickeln.<\/p>\n<h4>Hochentwickelt in Sicherheit und Pr\u00e4zision<\/h4>\n<p>Als einziger Rebreather-Hersteller sind wir in der Lage, sehr schnelle Ab- und Aufstiege unter verschiedensten Bedingungen zu simulieren. Die h\u00f6chste Herausforderung f\u00fcr jedweden geschlossenen Rebreather ist heftiges Atmen bei schnellem Aufstieg. Alle Inspiration-Modelle werden diesem Test unterzogen, um diesem hohen Anspruch zu gen\u00fcgen.<\/p>\n<p>Der Simulator aus rostfreiem Stahl ist mit einem reinen Sinuswellenantrieb ausger\u00fcstet. Er hat variable Atemzugsvolumina und eine Bedieneinheit f\u00fcr die Simulation verschiedener Atemraten.\u00a0 Die Vorrichtung ist weiterhin ausger\u00fcstet mit einem Heiz- und Befeuchtungssystem, das uns in Verbindung mit einem hocheffizienten Temperaturkontrollsystem erm\u00f6glicht, Testtauchg\u00e4nge von -4\u00b0C bis zu +50\u00b0C zu simulieren und damit noch die hohen Anforderungen der BS EN250: 2000-Norm zu \u00fcbertreffen.<\/p>\n<p>F\u00fcr die Atemkalk-Tests verwendet das System einen Massenflussregler, der in allen Tiefen einen kalibrierten Fluss von CO2 in den Atemkreislauf einspeist, um die volle Bandbreite von Atemarbeit bei Tauchg\u00e4ngen zu simulieren.\u00a0<\/p>\n<\/div><\/div><\/div><div id=\"pgc-549-7-1\"  class=\"panel-grid-cell panel-grid-cell-empty\" ><\/div><\/div><!--vgRowWrapper--><\/div><\/div><div id=\"pg-549-8\"  class=\"panel-grid panel-has-style\" ><div class=\"vgfull vg-spacing panel-row-style panel-row-style-for-549-8\" ><div class=\"vgRowWrapper\"><div id=\"pgc-549-8-0\"  class=\"panel-grid-cell\" ><div id=\"panel-549-8-0-0\" class=\"so-panel widget widget_black-studio-tinymce widget_black_studio_tinymce panel-first-child panel-last-child\" data-index=\"15\" ><div class=\"textwidget\"><h2>DIE ANSTI \u201eDEMAND REGULATOR\u201c-TESTEINHEIT<\/h2>\n<h3>Qualit\u00e4tskontrolle und F&amp;E<\/h3>\n<p>Als erste dieser Art die jemals von ANSTI gebaut wurde, testet diese Testeinheit die Leistungsf\u00e4higkeit kleinerer Ger\u00e4te, wie z.B. den\u00a0 <em>Auto Air octo-inflator <\/em>(Auto Air), die ersten Stufen, das ADV\u00a0 \u2013 Auto Diluent Valve (Automatisches Verd\u00fcnnungsgas-Ventil) \u2013 und viele neue Produkte, die sich in der Entwickelung befinden. Au\u00dferdem werden hier unsere routinem\u00e4\u00dfigen, aber nichts desto weniger wichtigen Qualit\u00e4tskontroll-Tests und Qualit\u00e4tssicherungsma\u00dfnahmen f\u00fcr unsere gesamte Produktpalette durchgef\u00fchrt.<\/p>\n<p>Auf eine Maximaltiefe von 80m eingerichtet, zeichnet die Messtechnik die Testtiefen und Echtzeit-Ansprache auf Hochdruck, Mitteldruck, Atemwiderstand in der 2. Stufe und Druckst\u00f6\u00dfe auf.<\/p>\n<\/div><\/div><\/div><div id=\"pgc-549-8-1\"  class=\"panel-grid-cell panel-grid-cell-empty\" ><\/div><div id=\"pgc-549-8-2\"  class=\"panel-grid-cell\" ><div class=\"vg-image-widget\"><img decoding=\"async\" src=\"https:\/\/www.apdiving.eu\/de\/wp-content\/uploads\/bcd-rebreather-dive-simulation-apdiving.jpg\" alt=\"\"\/><span class=\"caption\">Jeff Parker AP &copy;<\/span><\/div><\/div><\/div><!--vgRowWrapper--><\/div><\/div><div id=\"pg-549-9\"  class=\"panel-grid panel-has-style\" ><div class=\"vgfull  panel-row-style panel-row-style-for-549-9\" ><div class=\"vgRowWrapper\"><div id=\"pgc-549-9-0\"  class=\"panel-grid-cell\" ><div class=\"vg-image-widget\"><img decoding=\"async\" src=\"https:\/\/www.apdiving.eu\/de\/wp-content\/uploads\/separator-middle.jpg\" alt=\"\"\/><\/div><\/div><\/div><!--vgRowWrapper--><\/div><\/div><div id=\"pg-549-10\"  class=\"panel-grid panel-has-style\" ><div class=\"vgfull vg-spacing panel-row-style panel-row-style-for-549-10\" ><div class=\"vgRowWrapper\"><div id=\"pgc-549-10-0\"  class=\"panel-grid-cell panel-grid-cell-empty\" ><\/div><div id=\"pgc-549-10-1\"  class=\"panel-grid-cell panel-grid-cell-mobile-last\" ><div id=\"panel-549-10-1-0\" class=\"so-panel widget widget_black-studio-tinymce widget_black_studio_tinymce panel-first-child panel-last-child\" data-index=\"18\" ><div class=\"textwidget\"><h2 style=\"text-align: center;\">DIE ZUKUNFT?<\/h2>\n<p>Wir entdecken enorme Verbesserungen in der Leistungsf\u00e4higkeit von Rebreathern, entwickeln L\u00f6sungen zu Fragestellungen, von denen andere Unternehmen noch nicht einmal verstanden haben, dass sie k\u00fcnftig eine Schl\u00fcsselrolle spielen werden. Wir investieren weiter in Forschungstechnologien, die ben\u00f6tigt werden, um den aktuellen Stand der Wissenschaft abzubilden und die Grenzen des Erreichbaren im Tauchbereich zu erweitern. Denn, wenn es machbar ist, dann wollen wir es tun.<\/p>\n<p>Aufregende (und testintensive) Zeiten liegen vor uns....<\/p>\n<\/div><\/div><\/div><div id=\"pgc-549-10-2\"  class=\"panel-grid-cell panel-grid-cell-empty\" ><\/div><\/div><!--vgRowWrapper--><\/div><\/div><div id=\"pg-549-11\"  class=\"panel-grid panel-has-style\" ><div class=\"vgfull vg-spacing panel-row-style panel-row-style-for-549-11\" ><div class=\"vgRowWrapper\"><div id=\"pgc-549-11-0\"  class=\"panel-grid-cell panel-grid-cell-empty\" ><\/div><\/div><!--vgRowWrapper--><\/div><\/div><\/div>","protected":false},"excerpt":{"rendered":"<p>GR\u00dcNDLICHES, IN DIE TIEFE GEHENDES TESTEN AP Divings engagierte F&amp;E-Einrichtung in Helston, Cornwall, UK Viele Leute fragen uns, warum wir unsere Produkte auf die Art herstellen, wie wir es tun. M\u00f6glicherweise k\u00f6nnten wir so g\u00fcnstig wie unsere Wettbewerber sein, wenn wir mehr Schritte im Entwicklungs- und Herstellungsprozess outsourcen w\u00fcrden, wenn wir weniger sicherheitsversessen w\u00e4ren und <a href=\"https:\/\/www.apdiving.eu\/de\/about-ap\/rd-test-centre\/\">[Read More &hellip;]<\/a><\/p>\n","protected":false},"author":4,"featured_media":0,"parent":15,"menu_order":0,"comment_status":"open","ping_status":"open","template":"","meta":{"footnotes":""},"class_list":["post-549","page","type-page","status-publish","hentry"],"_links":{"self":[{"href":"https:\/\/www.apdiving.eu\/de\/wp-json\/wp\/v2\/pages\/549","targetHints":{"allow":["GET"]}}],"collection":[{"href":"https:\/\/www.apdiving.eu\/de\/wp-json\/wp\/v2\/pages"}],"about":[{"href":"https:\/\/www.apdiving.eu\/de\/wp-json\/wp\/v2\/types\/page"}],"author":[{"embeddable":true,"href":"https:\/\/www.apdiving.eu\/de\/wp-json\/wp\/v2\/users\/4"}],"replies":[{"embeddable":true,"href":"https:\/\/www.apdiving.eu\/de\/wp-json\/wp\/v2\/comments?post=549"}],"version-history":[{"count":2,"href":"https:\/\/www.apdiving.eu\/de\/wp-json\/wp\/v2\/pages\/549\/revisions"}],"predecessor-version":[{"id":5329,"href":"https:\/\/www.apdiving.eu\/de\/wp-json\/wp\/v2\/pages\/549\/revisions\/5329"}],"up":[{"embeddable":true,"href":"https:\/\/www.apdiving.eu\/de\/wp-json\/wp\/v2\/pages\/15"}],"wp:attachment":[{"href":"https:\/\/www.apdiving.eu\/de\/wp-json\/wp\/v2\/media?parent=549"}],"curies":[{"name":"wp","href":"https:\/\/api.w.org\/{rel}","templated":true}]}}