{"id":547,"date":"2013-10-31T12:43:51","date_gmt":"2013-10-31T12:43:51","guid":{"rendered":"http:\/\/ap.msurl.net\/blog\/?page_id=547"},"modified":"2015-01-28T11:06:09","modified_gmt":"2015-01-28T11:06:09","slug":"innovation-timeline","status":"publish","type":"page","link":"https:\/\/www.apdiving.eu\/de\/about-ap\/innovation-timeline\/","title":{"rendered":"Innovation Timeline"},"content":{"rendered":"<div id=\"pl-547\"  class=\"panel-layout\" ><div id=\"pg-547-0\"  class=\"panel-grid panel-has-style\" ><div class=\"vgfull vg-spacing panel-row-style panel-row-style-for-547-0\" ><div class=\"vgRowWrapper\"><div id=\"pgc-547-0-0\"  class=\"panel-grid-cell panel-grid-cell-empty\" ><\/div><div id=\"pgc-547-0-1\"  class=\"panel-grid-cell panel-grid-cell-mobile-last\" ><div id=\"panel-547-0-1-0\" class=\"so-panel widget widget_black-studio-tinymce widget_black_studio_tinymce panel-first-child panel-last-child\" data-index=\"0\" ><div class=\"textwidget\"><h2 style=\"text-align: center;\">EINE GESCHICHTE VOLLER INNOVATIONEN<\/h2>\n<h3 style=\"text-align: center;\">AP Valves und AP Diving auf der Zeitachse<\/h3>\n<p>Innovation ist unser Antrieb, bei allem was wir tun. Wie k\u00f6nnen wie mehr Bequemlichkeit oder eine Verbesserung Ihrer Sicherheit beim Tauchen erreichen? Welche einfache Ver\u00e4nderung k\u00f6nnte Ihre F\u00e4higkeiten dramatisch verbessern? Unsere Produktentwickler und Ingenieure haben sich diese Frage \u201eWas w\u00e4re, wenn wir...?\u201c \u00fcber all die Jahre immer wieder gestellt. Schauen Sie sich die Zeitachse an und lernen Sie einige der Antworten kennen, die wir bisher auf diese Frage gefunden haben... <\/p>\n<\/div><\/div><\/div><div id=\"pgc-547-0-2\"  class=\"panel-grid-cell panel-grid-cell-empty\" ><\/div><\/div><!--vgRowWrapper--><\/div><\/div><\/div>","protected":false},"excerpt":{"rendered":"<p>EINE GESCHICHTE VOLLER INNOVATIONEN AP Valves und AP Diving auf der Zeitachse Innovation ist unser Antrieb, bei allem was wir tun. Wie k\u00f6nnen wie mehr Bequemlichkeit oder eine Verbesserung Ihrer Sicherheit beim Tauchen erreichen? Welche einfache Ver\u00e4nderung k\u00f6nnte Ihre F\u00e4higkeiten dramatisch verbessern? Unsere Produktentwickler und Ingenieure haben sich diese Frage \u201eWas w\u00e4re, wenn wir&#8230;?\u201c \u00fcber <a href=\"https:\/\/www.apdiving.eu\/de\/about-ap\/innovation-timeline\/\">[Read More &hellip;]<\/a><\/p>\n","protected":false},"author":4,"featured_media":0,"parent":15,"menu_order":0,"comment_status":"open","ping_status":"open","template":"timeline.php","meta":{"footnotes":""},"class_list":["post-547","page","type-page","status-publish","hentry"],"_links":{"self":[{"href":"https:\/\/www.apdiving.eu\/de\/wp-json\/wp\/v2\/pages\/547","targetHints":{"allow":["GET"]}}],"collection":[{"href":"https:\/\/www.apdiving.eu\/de\/wp-json\/wp\/v2\/pages"}],"about":[{"href":"https:\/\/www.apdiving.eu\/de\/wp-json\/wp\/v2\/types\/page"}],"author":[{"embeddable":true,"href":"https:\/\/www.apdiving.eu\/de\/wp-json\/wp\/v2\/users\/4"}],"replies":[{"embeddable":true,"href":"https:\/\/www.apdiving.eu\/de\/wp-json\/wp\/v2\/comments?post=547"}],"version-history":[{"count":1,"href":"https:\/\/www.apdiving.eu\/de\/wp-json\/wp\/v2\/pages\/547\/revisions"}],"predecessor-version":[{"id":4289,"href":"https:\/\/www.apdiving.eu\/de\/wp-json\/wp\/v2\/pages\/547\/revisions\/4289"}],"up":[{"embeddable":true,"href":"https:\/\/www.apdiving.eu\/de\/wp-json\/wp\/v2\/pages\/15"}],"wp:attachment":[{"href":"https:\/\/www.apdiving.eu\/de\/wp-json\/wp\/v2\/media?parent=547"}],"curies":[{"name":"wp","href":"https:\/\/api.w.org\/{rel}","templated":true}]}}