{"id":545,"date":"2013-10-31T12:29:58","date_gmt":"2013-10-31T12:29:58","guid":{"rendered":"http:\/\/ap.msurl.net\/blog\/?page_id=545"},"modified":"2024-03-07T14:19:44","modified_gmt":"2024-03-07T14:19:44","slug":"partners-in-diving","status":"publish","type":"page","link":"https:\/\/www.apdiving.eu\/de\/about-ap\/partners-in-diving\/","title":{"rendered":"Partners in Diving"},"content":{"rendered":"<div id=\"pl-545\"  class=\"panel-layout\" ><div id=\"pg-545-0\"  class=\"panel-grid panel-has-style\" ><div class=\"vgfull  panel-row-style panel-row-style-for-545-0\" ><div class=\"vgRowWrapper\"><div id=\"pgc-545-0-0\"  class=\"panel-grid-cell panel-grid-cell-empty\" ><\/div><div id=\"pgc-545-0-1\"  class=\"panel-grid-cell panel-grid-cell-mobile-last\" ><div class=\"vg-image-widget\"><img decoding=\"async\" src=\"https:\/\/www.apdiving.eu\/de\/wp-content\/uploads\/dive4diadema-logo-2text-h120.png\" alt=\"\"\/><\/div><div id=\"panel-545-0-1-1\" class=\"so-panel widget widget_black-studio-tinymce widget_black_studio_tinymce\" data-index=\"1\" ><div class=\"textwidget\"><h3>Dive4Diadema \u2013 Citizen Science Unterwasser<\/h3>\n<p>Derzeit findet ein Massensterben statt. Das Citizen-Science-Projekt Dive4Diadema sucht nach den letzten Diadem-Seeigeln im Mittelmeer und Roten Meer. Mit Ihrer Hilfe wollen wir das Verschwinden des Seeigels Diadema setosum untersuchen und seine Anwesenheit bzw. Abwesenheit im Mittelmeer und Roten Meer dokumentieren.<\/p>\n<p><a href=\"https:\/\/dive4diadema.org\">Machen Sie mit und werden Sie Teil des Citizen-Science-Projekts Dive4Diadema!<\/a><\/p>\n<\/div><\/div><div class=\"vg-image-widget\"><img decoding=\"async\" src=\"https:\/\/www.apdiving.eu\/de\/wp-content\/uploads\/800x800_Seeigel-Diadem040-Foto-Paul-Munzinger-96dpi.jpg\" alt=\"\"\/><\/div><div id=\"panel-545-0-1-3\" class=\"so-panel widget widget_black-studio-tinymce widget_black_studio_tinymce\" data-index=\"3\" ><div class=\"textwidget\"><h3>Warum sind sie so wichtig?<\/h3>\n<p>Seeigel sind eine der wichtigsten Tiergruppen in den Korallenriffen des Roten Meeres. Sie ern\u00e4hren sich von Algen und sind daher die \u201eRasenm\u00e4her\u201c der Riffe. Als Weidetiere schr\u00e4nken sie das Algenwachstum ein, schaffen Platz f\u00fcr die Ansiedlung von Larven anderer Arten und hemmen die Algenvermehrung, die langsamer wachsende Organismen wie Korallen verdr\u00e4ngen k\u00f6nnte.<\/p><\/div><\/div><div class=\"vg-image-widget\"><img decoding=\"async\" src=\"https:\/\/www.apdiving.eu\/de\/wp-content\/uploads\/Oliver_Meckes_3_96dpi.png\" alt=\"\"\/><\/div><div id=\"panel-545-0-1-5\" class=\"so-panel widget widget_black-studio-tinymce widget_black_studio_tinymce\" data-index=\"5\" ><div class=\"textwidget\"><h3>Wo leben sie?<\/h3>\n<p>Sie sind im Roten Meer, an der afrikanischen Ostk\u00fcste und im westlichen Indopazifik beheimatet \u2026 [sie] sind 2006 durch den Suezkanal vom Roten Meer in das Mittelmeerbecken eingedrungen und geh\u00f6ren derzeit zu den etablierten Nicht-Pazifischen Inseln. einheimische Arten des Beckens.<\/p>\n<h3>Seeigel in Gefahr!<\/h3>\n<p>Jetzt, im Fr\u00fchjahr 2023, hat im Mittelmeer ein Massensterben von Diadema setosum begonnen, das sich schnell auf das Rote Meer ausbreitet.<\/p>\n<\/div><\/div><div id=\"panel-545-0-1-6\" class=\"so-panel widget widget_black-studio-tinymce widget_black_studio_tinymce panel-last-child\" data-index=\"6\" ><div class=\"textwidget\"><h3>Werden Sie noch heute Teil des Citizen-Science-Projekts DIVE4DIADEMA!<\/h3>\n<p>Alle Sporttaucher werden aufgefordert, ihre w\u00e4hrend ihrer Tauchg\u00e4nge gemachten Beobachtungen zu melden. Es gibt eine kostenlose, mehrsprachige App f\u00fcr iPhone, iPad und Android-Smartphones &amp; Tablets. Jede Beobachtung lebender und toter Diadem-Seeigel hilft uns, mehr \u00fcber die aktuelle Massensterblichkeit zu erfahren. Auch wenn beim Tauchgang keine Seeigel gesichtet werden, ist dies eine wichtige Information, die gemeldet werden muss. Dive4Diadema ist eine gemeinsame Initiative von Sporttauchern, Tauchbasen, Reiseveranstaltern, Ausbildungsorganisationen und wissenschaftlichen Einrichtungen. Nur gemeinsam gelingt es uns, die letzten Vorkommen des schwarzen, langstacheligen Diadem-Seeigels zu finden und zu retten.<\/p>\n<p><a href=\"https:\/\/dive4diadema.org\">Treten Sie Dive4Diadema bei!<\/a><\/p>\n<\/div><\/div><\/div><div id=\"pgc-545-0-2\"  class=\"panel-grid-cell panel-grid-cell-empty\" ><\/div><\/div><!--vgRowWrapper--><\/div><\/div><div id=\"pg-545-1\"  class=\"panel-grid panel-has-style\" ><div class=\"vgfull  panel-row-style panel-row-style-for-545-1\" ><div class=\"vgRowWrapper\"><div id=\"pgc-545-1-0\"  class=\"panel-grid-cell panel-grid-cell-empty\" ><\/div><div id=\"pgc-545-1-1\"  class=\"panel-grid-cell panel-grid-cell-mobile-last\" ><div class=\"vg-image-widget\"><img decoding=\"async\" src=\"https:\/\/www.apdiving.eu\/de\/wp-content\/uploads\/PhoneMockUp_400px.png\" alt=\"\"\/><\/div><div class=\"vg-image-widget\"><img decoding=\"async\" src=\"https:\/\/www.apdiving.eu\/de\/wp-content\/uploads\/QR-codes-for-D4D-App-2-DE.jpg\" alt=\"\"\/><\/div><div class=\"vgLinkSingle\"><a  class=\"vgLink yellow\" href=\"https:\/\/dive4diadema.org\">Weitere Informationen hier<\/a><\/div><\/div><div id=\"pgc-545-1-2\"  class=\"panel-grid-cell panel-grid-cell-empty\" ><\/div><\/div><!--vgRowWrapper--><\/div><\/div><div id=\"pg-545-2\"  class=\"panel-grid panel-has-style\" ><div class=\"vgfull  panel-row-style panel-row-style-for-545-2\" ><div class=\"vgRowWrapper\"><div id=\"pgc-545-2-0\"  class=\"panel-grid-cell panel-grid-cell-empty\" ><\/div><div id=\"pgc-545-2-1\"  class=\"panel-grid-cell panel-grid-cell-mobile-last\" ><div class=\"vg-image-widget\"><img decoding=\"async\" src=\"https:\/\/www.apdiving.eu\/de\/wp-content\/uploads\/separator-middle-1.jpg\" alt=\"\"\/><\/div><\/div><div id=\"pgc-545-2-2\"  class=\"panel-grid-cell panel-grid-cell-empty\" ><\/div><\/div><!--vgRowWrapper--><\/div><\/div><div id=\"pg-545-3\"  class=\"panel-grid panel-has-style\" ><div class=\"vgfull  panel-row-style panel-row-style-for-545-3\" ><div class=\"vgRowWrapper\"><div id=\"pgc-545-3-0\"  class=\"panel-grid-cell panel-grid-cell-empty\" ><\/div><div id=\"pgc-545-3-1\"  class=\"panel-grid-cell panel-grid-cell-mobile-last\" ><div class=\"vg-image-widget\"><img decoding=\"async\" src=\"https:\/\/www.apdiving.eu\/de\/wp-content\/uploads\/SaveOurSeas-logo.jpg\" alt=\"\"\/><\/div><div id=\"panel-545-3-1-1\" class=\"so-panel widget widget_black-studio-tinymce widget_black_studio_tinymce panel-last-child\" data-index=\"12\" ><div class=\"textwidget\"><p><br \/>AP Diving ist stolz darauf, die Save Our Seas Foundation zu unterst\u00fctzen \u2013 eine Schweizer Organisation die sich darauf verschrieben hat zu erforschen, zu unterrichten und bewusst zu machen, in welcher Misere sich unsere gr\u00f6\u00dfte Naturressource befindet.<\/p>\n<blockquote>\n<p>Die Save Our Seas Foundation hat intensiv seit 1998 mit dem Inspiration und seit 2001 auch mit kleineren Units gearbeitet. Die 25 Rebreather in unserem Bestand gaben unserem Team von Wissenschaftlern, Forschern und Kameraleuten die M\u00f6glichkeit von unsch\u00e4tzbarem Wert, in den letzten sieben Jahren lautlos das nat\u00fcrliche Verhalten von marinen Lebewesen weltweit zu\u00a0 beobachten, zu erforschen und zu studieren. Die neue Sichtelektronik, der CO2-Sensor, Tauchcomputer und die Download Software im Evolution [Inspiration EVO] erm\u00f6glichen unserem Team nun sogar eine noch gr\u00f6\u00dfere Flexibilit\u00e4t in und Kontrolle \u00fcber unsere Tauchg\u00e4nge.\"<\/p>\n<h6>Chris Clarke - Executive Director, Save Our Seas Foundation\u2028\u00a0<\/h6>\n<\/blockquote>\n<p>\u00a0<\/p><\/div><\/div><\/div><div id=\"pgc-545-3-2\"  class=\"panel-grid-cell panel-grid-cell-empty\" ><\/div><\/div><!--vgRowWrapper--><\/div><\/div><div id=\"pg-545-4\"  class=\"panel-grid panel-no-style\" ><div class=\"vgRowWrapper\"><div id=\"pgc-545-4-0\"  class=\"panel-grid-cell panel-grid-cell-empty\" ><\/div><div id=\"pgc-545-4-1\"  class=\"panel-grid-cell panel-grid-cell-mobile-last\" ><div class=\"vg-image-widget\"><img decoding=\"async\" src=\"https:\/\/www.apdiving.eu\/de\/wp-content\/uploads\/separator-middle-1.jpg\" alt=\"\"\/><\/div><\/div><div id=\"pgc-545-4-2\"  class=\"panel-grid-cell panel-grid-cell-empty\" ><\/div><\/div><!--vgRowWrapper--><\/div><div id=\"pg-545-5\"  class=\"panel-grid panel-no-style\" ><div class=\"vgRowWrapper\"><div id=\"pgc-545-5-0\"  class=\"panel-grid-cell panel-grid-cell-empty\" ><\/div><div id=\"pgc-545-5-1\"  class=\"panel-grid-cell panel-grid-cell-mobile-last\" ><div class=\"vgLinkSingle\"><a  class=\"vgLink yellow\" href=\"http:\/\/www.saveourseas.com\">LESEN SIE VON DEN ERFOLGEN VON SAVE OUR SEAS <\/a><\/div><\/div><div id=\"pgc-545-5-2\"  class=\"panel-grid-cell panel-grid-cell-empty\" ><\/div><\/div><!--vgRowWrapper--><\/div><div id=\"pg-545-6\"  class=\"panel-grid panel-has-style\" ><div class=\"vgfull vg-spacing panel-row-style panel-row-style-for-545-6\" ><div class=\"vgRowWrapper\"><div id=\"pgc-545-6-0\"  class=\"panel-grid-cell panel-grid-cell-empty\" ><\/div><div id=\"pgc-545-6-1\"  class=\"panel-grid-cell panel-grid-cell-mobile-last\" ><div class=\"vg-image-widget\"><img decoding=\"async\" src=\"https:\/\/www.apdiving.eu\/de\/wp-content\/uploads\/LoughbroughUni-logo.jpg\" alt=\"\"\/><\/div><div id=\"panel-545-6-1-1\" class=\"so-panel widget widget_black-studio-tinymce widget_black_studio_tinymce\" data-index=\"16\" ><div class=\"textwidget\"><p>\u00a0<\/p>\n<p>Wissensweitergabe und Ausbildungsf\u00f6rderung sind uns wichtig. Jedes Jahr arbeiten wir mit Studenten aus dem 'Industrie-Design und Technik'-Kurs der\u00a0 Loughborough University zusammen. Nach Abstimmung mit der Universit\u00e4t \u00fcber die Jahre und mit der Standardisierung der Software und Prozesse kommen ausgew\u00e4hlte Studenten im dritten Jahr ihres Studiengangs zu AP und sind sofort voll einsatzf\u00e4hig.<\/p>\n<blockquote>\n<p>Die Studenten werden von Jahr zu Jahr besser. Sie kommen zu uns sind bereits hoch kompetent in der Anwendung von Pro Engineer und arbeiten produktiv als Teil unseres F&amp;E-Teams vom ersten Tag ihres Einsatzes bei uns.\"<\/p>\n<h6>Martin Parker \u2013 Gesch\u00e4ftsf\u00fchrer, AP Diving<\/h6>\n<\/blockquote><\/div><\/div><div id=\"panel-545-6-1-2\" class=\"so-panel widget widget_black-studio-tinymce widget_black_studio_tinymce panel-last-child\" data-index=\"17\" ><div class=\"textwidget\"><blockquote>\n<p>Nichts geht \u00fcber praktische Erfahrungen, um das an der Universit\u00e4t Erlernte zu veredeln!\"<\/p>\n<h6>\u00a0Alex Wall, jetzt der Forschungs- und Entwicklungsmanager bei\u00a0 AP Diving<\/h6>\n<p>\u00a0<\/p>\n<\/blockquote>\n<\/div><\/div><\/div><div id=\"pgc-545-6-2\"  class=\"panel-grid-cell panel-grid-cell-empty\" ><\/div><\/div><!--vgRowWrapper--><\/div><\/div><div id=\"pg-545-7\"  class=\"panel-grid panel-has-style\" ><div class=\"vgfull  panel-row-style panel-row-style-for-545-7\" ><div class=\"vgRowWrapper\"><div id=\"pgc-545-7-0\"  class=\"panel-grid-cell panel-grid-cell-empty\" ><\/div><div id=\"pgc-545-7-1\"  class=\"panel-grid-cell panel-grid-cell-mobile-last\" ><div class=\"vgLinkSingle\"><a  class=\"vgLink yellow\" href=\"http:\/\/www.lboro.ac.uk\/departments\/lds\/ \">PRODUCT DESIGN KURSE AN DER LOUGHBOROUGH UNIVERSITY<\/a><\/div><\/div><div id=\"pgc-545-7-2\"  class=\"panel-grid-cell panel-grid-cell-empty\" ><\/div><\/div><!--vgRowWrapper--><\/div><\/div><div id=\"pg-545-8\"  class=\"panel-grid panel-has-style\" ><div class=\"vgfull vg-spacing panel-row-style panel-row-style-for-545-8\" ><div class=\"vgRowWrapper\"><div id=\"pgc-545-8-0\"  class=\"panel-grid-cell panel-grid-cell-empty\" ><\/div><\/div><!--vgRowWrapper--><\/div><\/div><\/div>","protected":false},"excerpt":{"rendered":"<p>Dive4Diadema \u2013 Citizen Science Unterwasser Derzeit findet ein Massensterben statt. Das Citizen-Science-Projekt Dive4Diadema sucht nach den letzten Diadem-Seeigeln im Mittelmeer und Roten Meer. Mit Ihrer Hilfe wollen wir das Verschwinden des Seeigels Diadema setosum untersuchen und seine Anwesenheit bzw. Abwesenheit im Mittelmeer und Roten Meer dokumentieren. Machen Sie mit und werden Sie Teil des Citizen-Science-Projekts <a href=\"https:\/\/www.apdiving.eu\/de\/about-ap\/partners-in-diving\/\">[Read More &hellip;]<\/a><\/p>\n","protected":false},"author":4,"featured_media":0,"parent":15,"menu_order":0,"comment_status":"open","ping_status":"open","template":"","meta":{"footnotes":""},"class_list":["post-545","page","type-page","status-publish","hentry"],"_links":{"self":[{"href":"https:\/\/www.apdiving.eu\/de\/wp-json\/wp\/v2\/pages\/545","targetHints":{"allow":["GET"]}}],"collection":[{"href":"https:\/\/www.apdiving.eu\/de\/wp-json\/wp\/v2\/pages"}],"about":[{"href":"https:\/\/www.apdiving.eu\/de\/wp-json\/wp\/v2\/types\/page"}],"author":[{"embeddable":true,"href":"https:\/\/www.apdiving.eu\/de\/wp-json\/wp\/v2\/users\/4"}],"replies":[{"embeddable":true,"href":"https:\/\/www.apdiving.eu\/de\/wp-json\/wp\/v2\/comments?post=545"}],"version-history":[{"count":4,"href":"https:\/\/www.apdiving.eu\/de\/wp-json\/wp\/v2\/pages\/545\/revisions"}],"predecessor-version":[{"id":8449,"href":"https:\/\/www.apdiving.eu\/de\/wp-json\/wp\/v2\/pages\/545\/revisions\/8449"}],"up":[{"embeddable":true,"href":"https:\/\/www.apdiving.eu\/de\/wp-json\/wp\/v2\/pages\/15"}],"wp:attachment":[{"href":"https:\/\/www.apdiving.eu\/de\/wp-json\/wp\/v2\/media?parent=545"}],"curies":[{"name":"wp","href":"https:\/\/api.w.org\/{rel}","templated":true}]}}