{"id":481,"date":"2013-10-05T13:54:51","date_gmt":"2013-10-05T13:54:51","guid":{"rendered":"http:\/\/ap.msurl.net\/blog\/?page_id=481"},"modified":"2023-09-04T12:56:20","modified_gmt":"2023-09-04T12:56:20","slug":"dive-duration","status":"publish","type":"page","link":"https:\/\/www.apdiving.eu\/de\/rebreathers\/new-to-ccr\/dive-duration\/","title":{"rendered":"Dive duration"},"content":{"rendered":"<div id=\"pl-481\"  class=\"panel-layout\" ><div id=\"pg-481-0\"  class=\"panel-grid panel-has-style\" ><div class=\"vgfull  panel-row-style panel-row-style-for-481-0\" ><div class=\"vgRowWrapper\"><div id=\"pgc-481-0-0\"  class=\"panel-grid-cell panel-grid-cell-empty\" ><\/div><div id=\"pgc-481-0-1\"  class=\"panel-grid-cell panel-grid-cell-mobile-last\" ><div id=\"panel-481-0-1-0\" class=\"so-panel widget widget_black-studio-tinymce widget_black_studio_tinymce panel-first-child\" data-index=\"0\" ><div class=\"textwidget\"><h1>Tauchzeiten<\/h1>\n<p>Die Tauchzeit wird von toxischen Eigenschaften des Sauerstoffs (ZNS- und lungentoxische Wirkung \u00fcber erh\u00f6hten PO<sub>2<\/sub> und Einwirkzeit), der Lebensdauer des Atemkalks (CO<sub>2\u00a0<\/sub>-Filter) und den Atemgasvorrat begrenzt.<\/p>\n<p><strong>Zeitgrenzen f\u00fcr das Tauchen bei erh\u00f6htem PO<sub>2<\/sub> (ZNS-Toxiziz\u00e4t)<\/strong><\/p>\n<p>Die Grenzwerte f\u00fcr Sauerstoffeinwirkung sind von der NOAA (National Oceanic and Atmospheric Administration) festgesetzt und gem\u00e4\u00df dieser Werte ist die Tauchzeit beim voreingestellten Setpoint von 1,3 bar auf 3 Stunden (oder 3 \u00bd Stunden pro Tag) begrenzt. Diese Tauchzeitbegrenzung \u00e4ndert sich, wenn ein anderer Setpoint gew\u00e4hlt wird.<\/p>\n<p><strong>Kalknutzungszeit<\/strong><\/p>\n<p>F\u00fcr die CE-Zertifizierung (von Dritten) getestet: Nennwerte f\u00fcr die Kalknutzungszeit bei den 2,5 kg-Kalkbeh\u00e4ltern des Inspiration xpd und Inspiration evp von 3 Stunden, f\u00fcr den 2 kg-Kalkbeh\u00e4lter des Inspiration evo bei 2 Stunden*<\/p>\n<p>[* getestet mit 797 Sofnolime in Kaltwasser (4\u00b0C) bei einer kontinuierlichen Atemrate von 40 Liter pro Minute und einer CO<sub>2\u00a0<\/sub>-Erzeugungsrate von 1,6 Liter pro Minute]<\/p>\n<p>Diese Zeiten k\u00f6nnen variieren, da die Kalkverbrauchsdauer von mehreren Faktoren abh\u00e4ngt, wie der individuellen CO<sub>2\u00a0<\/sub>-Produktion des Tauchers, Wassertemperaturen und Anstrengungsgrad. In der Praxis kann mit dem optionalen Upgrade des AP CO<sub>2\u00a0<\/sub>-Scrubber-Monitors (Tempstick) \u00fcber diese Kalkanzeige, die die tats\u00e4chlichen Gegebenheiten abbildet, die Kalkverbrauchsdauer pr\u00e4zise \u00fcber die visuelle Anzeige auf dem Handset \u00fcberwacht und damit diese Nennwerte um einiges sicher ausgedehnt werden. Hinweis: Ohne eine Kalkanzeige sollten sich Taucher strikt an die oben genannten Zeitangaben halten.<\/p>\n<p><strong>Gasvorrat<\/strong><\/p>\n<p>Die 3 L-Flaschen im Inspiration xpd und evp bieten bis zu 10 Stunden Tauchzeit. Die kleineren 2 L-Flaschen des Inspiration evo (2 x 200 bar = 400 Liter) bieten einen Gasvorrat f\u00fcr \u00fcber 6 1\/2 Stunden Tauchzeit.<\/p>\n<p>Selbst wenn Sie sich bei Tauchg\u00e4ngen richtig stark anstrengen m\u00fcssen und Ihre normale Stoffwechselrate sich verdoppeln w\u00fcrde (auf ungef\u00e4hr 2 Liter\/min) k\u00f6nnten Sie immer noch um die 5 Stunden aus den 3 L-Flaschen und mehr als 3 Stunden aus den 2 L-Flaschen des kleineren Ger\u00e4tes tauchen.<\/p>\n<\/div><\/div><div class=\"vgLinkSingle\"><a  class=\"vgLink yellow\" href=\"https:\/\/www.apdiving.eu\/de\/rebreathers\/which-ccr\/\">ZUR\u00dcCK ZU \u2018WELCHER CCR?\u2019<\/a><\/div><div class=\"vgLinkSingle\"><a  class=\"vgLink yellow\" href=\"https:\/\/www.apdiving.eu\/de\/rebreathers\/new-to-ccr\/#!cut-your-gas-bill\">ZUR\u00dcCK ZU \u2018NEU BEIM CCR-TAUCHEN?\u2019<\/a><\/div><div id=\"panel-481-0-1-3\" class=\"so-panel widget widget_black-studio-tinymce widget_black_studio_tinymce panel-last-child\" data-index=\"3\" ><div class=\"textwidget\"><br \/><br \/><\/div><\/div><\/div><div id=\"pgc-481-0-2\"  class=\"panel-grid-cell panel-grid-cell-empty\" ><\/div><\/div><!--vgRowWrapper--><\/div><\/div><\/div>","protected":false},"excerpt":{"rendered":"<p>Tauchzeiten Die Tauchzeit wird von toxischen Eigenschaften des Sauerstoffs (ZNS- und lungentoxische Wirkung \u00fcber erh\u00f6hten PO2 und Einwirkzeit), der Lebensdauer des Atemkalks (CO2\u00a0-Filter) und den Atemgasvorrat begrenzt. Zeitgrenzen f\u00fcr das Tauchen bei erh\u00f6htem PO2 (ZNS-Toxiziz\u00e4t) Die Grenzwerte f\u00fcr Sauerstoffeinwirkung sind von der NOAA (National Oceanic and Atmospheric Administration) festgesetzt und gem\u00e4\u00df dieser Werte ist die <a href=\"https:\/\/www.apdiving.eu\/de\/rebreathers\/new-to-ccr\/dive-duration\/\">[Read More &hellip;]<\/a><\/p>\n","protected":false},"author":4,"featured_media":0,"parent":208,"menu_order":0,"comment_status":"open","ping_status":"open","template":"","meta":{"footnotes":""},"class_list":["post-481","page","type-page","status-publish","hentry"],"_links":{"self":[{"href":"https:\/\/www.apdiving.eu\/de\/wp-json\/wp\/v2\/pages\/481","targetHints":{"allow":["GET"]}}],"collection":[{"href":"https:\/\/www.apdiving.eu\/de\/wp-json\/wp\/v2\/pages"}],"about":[{"href":"https:\/\/www.apdiving.eu\/de\/wp-json\/wp\/v2\/types\/page"}],"author":[{"embeddable":true,"href":"https:\/\/www.apdiving.eu\/de\/wp-json\/wp\/v2\/users\/4"}],"replies":[{"embeddable":true,"href":"https:\/\/www.apdiving.eu\/de\/wp-json\/wp\/v2\/comments?post=481"}],"version-history":[{"count":2,"href":"https:\/\/www.apdiving.eu\/de\/wp-json\/wp\/v2\/pages\/481\/revisions"}],"predecessor-version":[{"id":8390,"href":"https:\/\/www.apdiving.eu\/de\/wp-json\/wp\/v2\/pages\/481\/revisions\/8390"}],"up":[{"embeddable":true,"href":"https:\/\/www.apdiving.eu\/de\/wp-json\/wp\/v2\/pages\/208"}],"wp:attachment":[{"href":"https:\/\/www.apdiving.eu\/de\/wp-json\/wp\/v2\/media?parent=481"}],"curies":[{"name":"wp","href":"https:\/\/api.w.org\/{rel}","templated":true}]}}