{"id":4688,"date":"2015-05-20T09:31:45","date_gmt":"2015-05-20T09:31:45","guid":{"rendered":"http:\/\/www.apdiving.com\/de\/?page_id=4688"},"modified":"2015-09-07T09:46:00","modified_gmt":"2015-09-07T09:46:00","slug":"tech-spec","status":"publish","type":"page","link":"https:\/\/www.apdiving.eu\/de\/2020-vision\/tech-spec\/","title":{"rendered":"2020 Vision &#8211; Technical Data Sheet"},"content":{"rendered":"<div id=\"pl-4688\"  class=\"panel-layout\" ><div id=\"pg-4688-0\"  class=\"panel-grid panel-has-style\" ><div class=\"vgfull vg-spacing panel-row-style panel-row-style-for-4688-0\" ><div class=\"vgRowWrapper\"><div id=\"pgc-4688-0-0\"  class=\"panel-grid-cell\" ><div id=\"panel-4688-0-0-0\" class=\"so-panel widget widget_black-studio-tinymce widget_black_studio_tinymce panel-first-child panel-last-child\" data-index=\"0\" ><div class=\"textwidget\"><h1 style=\"text-align: center;\"><br \/>TECHNISCHE DATEN<\/h1>\n<p style=\"text-align: left|\"><span style=\"font-size: 13px|\">\u00a0<\/span><div class=\"table-responsive\"><table  style=\"width:100%; \"  class=\"easy-table easy-table-ap \" >\n<thead>\r\n<tr><th  style=\"width:240px\" >FEATURE<\/th>\n<th  style=\"width:700px\" >ERL\u00c4UTERUNG<\/th>\n<\/tr>\n<\/thead>\n<tbody>\r\n<tr><td >Display<\/td>\n<td >2,8 Inch ultra-helles Vollfarb-LCD<\/td>\n<\/tr>\n\r\n<tr><td >Geh\u00e4use<\/td>\n<td >Harteloxiertes salzwasserbest\u00e4ndiges Aluminium<\/td>\n<\/tr>\n\r\n<tr><td >Glaslinse<\/td>\n<td >Chemisch-ionisiert geh\u00e4rtete Handset-Glasfrontplatte mit h\u00f6herer Lebensdauer und Kratzfestigkeit<\/td>\n<\/tr>\n\r\n<tr><td >Bildschirmlayout<\/td>\n<td >Intuitive grafische Anzeige erg\u00e4nzt das bestehende Rebreather Handset und den HUS - Head-Up Screen<\/td>\n<\/tr>\n\r\n<tr><td >Themen\/Einstellungen<\/td>\n<td >Smart (Standard), Tagesleuchtfarbe, Farbenblind, Mono-Wei\u00df<\/td>\n<\/tr>\n\r\n<tr><td >Bluetooth-Verbindung<\/td>\n<td >Tauchdaten-Download und Software-Upload (PC oder Mac) ohne Demontage des Rebreathers<\/td>\n<\/tr>\n\r\n<tr><td >Aktive Helligkeitsregelung<\/td>\n<td >Automatisches Herunterdimmen nach benutzerdefinierbarer Zeit. Ger\u00e4t leuchtet automatisch auf, wenn Warnsignale auftreten<\/td>\n<\/tr>\n\r\n<tr><td >Speicher<\/td>\n<td >Das Handset kann bis zu 3000 Tauchstunden speichern<\/td>\n<\/tr>\n\r\n<tr><td >Geringer Energieverbrauch<\/td>\n<td >Reibungslose Stromversorgung aus dem mit doppelter Redundanz ausgestatteten, intelligent-vernetzten Stromversorgungssystem<\/td>\n<\/tr>\n\r\n<tr><td >Selbstaktivierung<\/td>\n<td >Eingebaute Selbstaktivierung bei Wasserber\u00fchrung f\u00fcr Lebenserhaltung<\/td>\n<\/tr>\n\r\n<tr><td >Flexible Befestigungsm\u00f6glichkeiten<\/td>\n<td >Wird mit einem verstellbaren elastischen Armband und Aluminium-D-Ring zum anderweitigen Anclippen je nach Vorlieben oder Anforderungen des jeweiligen Tauchgangs geliefert<\/td>\n<\/tr>\n\r\n<tr><td >Kompatibilit\u00e4t<\/td>\n<td >Kompatibel mit allen bestehenden auf Vision Elektronik basierenden AP Diving Peripherieger\u00e4ten einschlie\u00dflich der Kalkanzeige (TempStik), CO<sub>2<\/sub>-Sensor und DiveStore<\/td>\n<\/tr>\n\r\n<tr><td ><strong>Temperaturbereich<\/td>\n<td ><\/strong><\/td>\n<\/tr>\n\r\n<tr><td >Im Betrieb<\/td>\n<td >4\u00b0C bis 32\u00b0C<\/td>\n<\/tr>\n\r\n<tr><td >Kurze Lagerung an der Luft (Stunden)<\/td>\n<td >-10\u00b0C bis 50\u00b0C<\/td>\n<\/tr>\n\r\n<tr><td >Langzeitlagerung<\/td>\n<td >5\u00b0C bis 20\u00b0C<\/td>\n<\/tr>\n\r\n<tr><td >Druckbereich<\/td>\n<td >65-1080 mbar<\/td>\n<\/tr>\n\r\n<tr><td >Digitaler Drucksensor<\/td>\n<td >0-14 bar<\/td>\n<\/tr>\n\r\n<tr><td >Maximum Operating Depth<\/td>\n<td >100 m (dies entspricht der Maximaltiefe, die f\u00fcr alle AP Diving Rebreather Parameter gem\u00e4\u00df EN14143 nachgewiesen wurde)<\/td>\n<\/tr>\n\r\n<tr><td >Batterie<\/td>\n<td >Stromversorgung \u00fcber die Batterie im Rebreatherkopf<\/td>\n<\/tr>\n\r\n<tr><td >Gewicht<\/td>\n<td >ca. 0,35 kg (nur Handset und Kabel)<\/td>\n<\/tr>\n\r\n<tr><td >Abmessungen<\/td>\n<td >ca.102 x 64 x 25 mm (Aluminiumgeh\u00e4use)<\/td>\n<\/tr>\n\r\n<tr><td ><strong>PPO<sub>2<\/sub>-Anzeige<\/td>\n<td ><\/strong><\/td>\n<\/tr>\n\r\n<tr><td >Genauigkeit<\/td>\n<td >\u00b1 0,05 bar<\/td>\n<\/tr>\n\r\n<tr><td >Aufl\u00f6sung<\/td>\n<td >0,01 bar<\/td>\n<\/tr>\n\r\n<tr><td ><strong>Sauerstoff-Setpoint-Bereich<\/td>\n<td ><\/strong><\/td>\n<\/tr>\n\r\n<tr><td >Low<\/td>\n<td >0,5 \u2013 0,9 bar<\/td>\n<\/tr>\n\r\n<tr><td >High<\/td>\n<td >0,9 \u2013 1,5 bar<\/td>\n<\/tr>\n\r\n<tr><td ><strong>Sauerstoff-Warnlevel<\/td>\n<td ><\/strong><\/td>\n<\/tr>\n\r\n<tr><td >Low<\/td>\n<td >0,4 bar<\/td>\n<\/tr>\n\r\n<tr><td >High<\/td>\n<td >1,6 bar<\/td>\n<\/tr>\n\r\n<tr><td >Sprachen<\/td>\n<td >Englisch, Deutsch, Niederl\u00e4ndisch, Italienisch, Franz\u00f6sisch, Spanisch, Portugiesisch, D\u00e4nisch, Schwedisch, Norwegisch, Polnisch, Tschechisch oder Russisch<\/td>\n<\/tr>\n\r\n<tr><td >\u00dcbertragung<\/td>\n<td >Fest verkabelt mit Rebreather mit neuem flexiblen, Kevlar-verst\u00e4rkten Kabel<\/td>\n<\/tr>\n\r\n<tr><td >Firmware Upgrade-f\u00e4hig<\/td>\n<td >Hardware enthalten f\u00fcr k\u00fcnftige Software-Updates um zus\u00e4tzliche Features wie Aktivierung\/Anschalten bei Neigung, digitalen Kompass und individuelle Farbanpassungsm\u00f6glichkeiten freizuschalten<\/td>\n<\/tr>\n\r\n<tr><td >Garantie<\/td>\n<td >1 Jahr<\/td>\n<\/tr>\n\r\n<tr><td >EC TYPE Approval<\/td>\n<td >EC Typenzulassung durch SGS United Kingdom Ltd, Unit 202b, Worle Parkway, Western-Super-Mare, Somerset, BA22 6WA. Benannte Stelle Nummer 0120. Das \u201cInspiration XPD\u201d, \u201cInspiration EVP\u201d und \u201cInspiration EVO\u201d (vollst\u00e4ndig mit Farbdisplay) sind CE-zugelassen bis 40 m im Gebrauch mit Pressluft-Diluent und bis zu 100 m mit Heliox oder Trimix (mit einer max. END von 30 m auf 70 m, verringernd zu einer END auf 24 m bei100 m). Die EC Typen-Zulassung wurde auf die APD technische Hersteller-Spezifikation und die erfolgreichen Anwendungspr\u00fcfungen vergeben. Die technische Spezifikation basierte auf dem \u201cRespiratory equipment-Self-contained re-breathing diving apparatus\u201d Standard EN14143:2013\"<\/td>\n<\/tr>\n\r\n<tr><td >EC PPE Artikel 11B Genehmigung<\/td>\n<td >Die weiterlaufende Zertifizierung, die eine CE-Kennzeichnung unter der Artikel 11B Richtlinie 89\/686\/EEC erlaubt, wird vergeben von Lloyd\u2019s Register Quality Assurance Ltd. CE0088<\/td>\n<\/tr>\n\r\n<tr><td >Hersteller<\/td>\n<td >Entwickelt und gefertigt in Gro\u00dfbritannien von AP Diving<\/td>\n<\/tr>\n<\/tbody><\/table><\/div><\/p><\/div><\/div><\/div><\/div><!--vgRowWrapper--><\/div><\/div><\/div>","protected":false},"excerpt":{"rendered":"<p>TECHNISCHE DATEN \u00a0 FEATURE ERL\u00c4UTERUNG Display 2,8 Inch ultra-helles Vollfarb-LCD Geh\u00e4use Harteloxiertes salzwasserbest\u00e4ndiges Aluminium Glaslinse Chemisch-ionisiert geh\u00e4rtete Handset-Glasfrontplatte mit h\u00f6herer Lebensdauer und Kratzfestigkeit Bildschirmlayout Intuitive grafische Anzeige erg\u00e4nzt das bestehende Rebreather Handset und den HUS &#8211; Head-Up Screen Themen\/Einstellungen Smart (Standard), Tagesleuchtfarbe, Farbenblind, Mono-Wei\u00df Bluetooth-Verbindung Tauchdaten-Download und Software-Upload (PC oder Mac) ohne Demontage des Rebreathers <a href=\"https:\/\/www.apdiving.eu\/de\/2020-vision\/tech-spec\/\">[Read More &hellip;]<\/a><\/p>\n","protected":false},"author":4,"featured_media":0,"parent":4517,"menu_order":0,"comment_status":"open","ping_status":"closed","template":"","meta":{"footnotes":""},"class_list":["post-4688","page","type-page","status-publish","hentry"],"_links":{"self":[{"href":"https:\/\/www.apdiving.eu\/de\/wp-json\/wp\/v2\/pages\/4688","targetHints":{"allow":["GET"]}}],"collection":[{"href":"https:\/\/www.apdiving.eu\/de\/wp-json\/wp\/v2\/pages"}],"about":[{"href":"https:\/\/www.apdiving.eu\/de\/wp-json\/wp\/v2\/types\/page"}],"author":[{"embeddable":true,"href":"https:\/\/www.apdiving.eu\/de\/wp-json\/wp\/v2\/users\/4"}],"replies":[{"embeddable":true,"href":"https:\/\/www.apdiving.eu\/de\/wp-json\/wp\/v2\/comments?post=4688"}],"version-history":[{"count":2,"href":"https:\/\/www.apdiving.eu\/de\/wp-json\/wp\/v2\/pages\/4688\/revisions"}],"predecessor-version":[{"id":4705,"href":"https:\/\/www.apdiving.eu\/de\/wp-json\/wp\/v2\/pages\/4688\/revisions\/4705"}],"up":[{"embeddable":true,"href":"https:\/\/www.apdiving.eu\/de\/wp-json\/wp\/v2\/pages\/4517"}],"wp:attachment":[{"href":"https:\/\/www.apdiving.eu\/de\/wp-json\/wp\/v2\/media?parent=4688"}],"curies":[{"name":"wp","href":"https:\/\/api.w.org\/{rel}","templated":true}]}}