{"id":4656,"date":"2015-04-29T14:33:35","date_gmt":"2015-04-29T14:33:35","guid":{"rendered":"http:\/\/www.apdiving.com\/en\/?page_id=4656"},"modified":"2025-01-30T09:54:31","modified_gmt":"2025-01-30T09:54:31","slug":"useful-info","status":"publish","type":"page","link":"https:\/\/www.apdiving.eu\/de\/rebreathers\/resources\/useful-info\/","title":{"rendered":"Useful Information"},"content":{"rendered":"<div id=\"pl-4656\"  class=\"panel-layout\" ><div id=\"pg-4656-0\"  class=\"panel-grid panel-has-style\" ><div class=\"panel-row-style panel-row-style-for-4656-0\" ><div class=\"vgRowWrapper\"><div id=\"pgc-4656-0-0\"  class=\"panel-grid-cell\" ><div class=\"vgLinkPoint vgLinkPointHidden\"><a name=\"nutzliche-informationen\"><\/a><input type=\"hidden\" class=\"linkpointtext\" value=\"NUTZLICHE INFORMATIONEN \" \/><input type=\"hidden\" class=\"linkpointimg\" value=\"\" \/><\/div><div id=\"panel-4656-0-0-1\" class=\"so-panel widget widget_black-studio-tinymce widget_black_studio_tinymce panel-last-child\" data-index=\"1\" ><div class=\"textwidget\"><h2><span style=\"text-decoration: underline;\">N\u00dcTZLICHE INFORMATIONEN\u00a0<\/span><\/h2>\n<p><span style=\"text-decoration: underline;\"><a href=\"https:\/\/www.apdiving.com\/en\/wp-content\/uploads\/Important-Manufacturer-Warning-on-Cell-Limiting.docx\" target=\"_blank\" rel=\"noopener\">Wichtige Hersteller Warning<\/a>\u00a0-\u00a0Current limited Oxygen cells (March 2013)\u00a0(Englisch)<\/span><\/p>\n<p><span style=\"text-decoration: underline;\"><a href=\"https:\/\/www.apdiving.com\/en\/?ddownload=10986\">Hydraulic Equipment Warning<\/a>\u00a0(Englisch)<\/span><\/p>\n<p><span style=\"text-decoration: underline;\"><a href=\"http:\/\/www.anmd.co.uk\/vision\/vision_hud.html\">VISION HUD-Signal-Quizz<\/a>\u00a0von Peter Harris\u00a0(Englisch)<\/span><\/p>\n<p><span style=\"text-decoration: underline;\"><a href=\"https:\/\/www.apdiving.com\/en\/wp-content\/uploads\/Questionnaire-By-Fred-Buckingham.pdf\">Rebreather-Quizz<\/a>\u00a0von Fred Buckingham\u00a0(Englisch)<\/span><\/p>\n<p><span style=\"text-decoration: underline;\"><a href=\"https:\/\/www.apdiving.com\/en\/wp-content\/uploads\/oxygen-danger-points-apdiving.pdf\" target=\"_blank\" rel=\"noopener\">Sauerstoff-Gefahrenstellen<\/a>\u00a0von Lynda Weller\u00a0(Englisch)<\/span><\/p>\n<p><span style=\"text-decoration: underline;\"><a href=\"http:\/\/www.bishopmuseum.org\/research\/treks\/palautz97\/lgrb.html\" target=\"_blank\" rel=\"noopener\">Eine Anf\u00e4ngeranleitung zum Closed Circuit Rebreather-Betrieb<\/a>\u00a0von Richard Pyle (externer Link)<\/span><\/p>\n<p><span style=\"text-decoration: underline;\"><a href=\"http:\/\/www.bishopmuseum.org\/research\/treks\/palautz97\/rb.html\">Was ist ein Rebreather?<\/a>\u00a0von Richard Pyle (externer Link)<\/span><\/p>\n<p><span style=\"text-decoration: underline;\"><a href=\"https:\/\/www.apdiving.com\/en\/wp-content\/uploads\/learnersguide.fr_.pdf\">Guide de d'Apprentissage aux Op\u00e9rations du Recycleur \u00e0 Circuit Ferm\u00e9<\/a>\u00a0von Richard Pyle (externer Link)<\/span><\/p>\n<p><span style=\"text-decoration: underline;\"><a href=\"https:\/\/www.apdiving.com\/en\/wp-content\/uploads\/APDRebreathersVindicated.pdf\">A P Diving Rebreathers\u00a0best\u00e4tigt<\/a><\/span><\/p>\n<p><span style=\"text-decoration: underline;\"><a href=\"https:\/\/www.apdiving.eu\/de\/rebreathers\/resources\/eu-certification\/\">ISO 9001:2015 &amp; CE0598 Mod D Zertifikate<\/a><\/span><\/p>\n<p><span style=\"text-decoration: underline;\"><a href=\"https:\/\/www.apdiving.eu\/de\/rebreathers\/resources\/eu-certification\/\">EU-\u00dcbereinstimmungszertifikate<\/a><\/span><\/p>\n<p><span style=\"text-decoration: underline;\"><a href=\"https:\/\/www.apdiving.com\/en\/?ddownload=11709\">Testbericht zum Rebreather-Akkupack und Transporterkl\u00e4rung der Fluggesellschaft als \u201esicher f\u00fcr\u201c<\/a><\/span><span style=\"text-decoration: underline;\"> (M\u00e4rz 2024) (Englisch)<\/span><\/p>\n<p>&nbsp;<\/p>\n<\/div><\/div><\/div><div id=\"pgc-4656-0-1\"  class=\"panel-grid-cell\" ><div class=\"vg-image-widget\"><img decoding=\"async\" src=\"https:\/\/www.apdiving.eu\/de\/wp-content\/uploads\/useful-resources-apdiving-sgs-cert-2027.jpg\" alt=\"\"\/><\/div><\/div><\/div><!--vgRowWrapper--><\/div><\/div><div id=\"pg-4656-1\"  class=\"panel-grid panel-has-style\" ><div class=\"sep panel-row-style panel-row-style-for-4656-1\" ><div class=\"vgRowWrapper\"><div id=\"pgc-4656-1-0\"  class=\"panel-grid-cell\" ><div class=\"vgLinkPoint vgLinkPointHidden\"><a name=\"spezifikationen-datenblatter-schaubilder\"><\/a><input type=\"hidden\" class=\"linkpointtext\" value=\"SPEZIFIKATIONEN, DATENBLATTER & SCHAUBILDER\" \/><input type=\"hidden\" class=\"linkpointimg\" value=\"\" \/><\/div><div id=\"panel-4656-1-0-1\" class=\"so-panel widget widget_black-studio-tinymce widget_black_studio_tinymce panel-last-child\" data-index=\"4\" ><div class=\"textwidget\"><h2>SPEZIFIKATIONEN, DATENBL\u00c4TTER &amp; SCHAUBILDER<\/h2>\n<p><a href=\"https:\/\/www.apdiving.com\/en\/wp-content\/uploads\/ap-diving-rebreathers-table-which-ccr-download.pdf\">Inspiration-Vergleichstabelle<\/a><\/p>\n<p><a href=\"https:\/\/www.apdiving.com\/en\/wp-content\/uploads\/AP-Diving-Rebreather-Sizing.pdf\">Inspiration-Gr\u00f6\u00dfenberater<\/a><\/p>\n<p><a href=\"https:\/\/www.apdiving.com\/en\/wp-content\/uploads\/inspiration-schematics.pdf\" target=\"_blank\" rel=\"noopener\">Inspiration (Classic and Vision)\u00a0Schaubild<\/a><\/p>\n<p><a href=\"https:\/\/www.apdiving.com\/en\/wp-content\/uploads\/Inspiration_WOB_08_06.pdf\">Inspiration\u00a0\u2013 Kurve f\u00fcr die Atemarbeit<\/a><\/p>\n<p><a href=\"https:\/\/www.apdiving.com\/en\/wp-content\/uploads\/Evolution_WOB_09_05.pdf\">Evolution\u00a0\u2013 Kurve f\u00fcr die Atemarbeit<\/a><\/p>\n<p><a href=\"https:\/\/www.apdiving.com\/en\/wp-content\/uploads\/nexus-table.pdf\">Buddy Nexus\u00a0Computer-Flowchart<\/a><\/p>\n<p><a href=\"https:\/\/www.apdiving.com\/en\/wp-content\/uploads\/sofnolime_transport_doc_091.pdf\">Sofnolime Transport-Unbdenklichkeitserkl\u00e4run<\/a>g\u00a0(Informationen zur Verf\u00fcgung gestellt von\u00a0<strong><a href=\"http:\/\/www.molprod.com\" target=\"_blank\" rel=\"noopener\">Molecular Products<\/a><\/strong>)<\/p>\n<p><a href=\"https:\/\/www.apdiving.com\/en\/wp-content\/uploads\/Sofnolime797_2012_V15.pdf\">Sofnolime Datenblatt<\/a>\u00a0(Informationen zur Verf\u00fcgung gestellt von\u00a0<strong><a href=\"http:\/\/www.molprod.com\" target=\"_blank\" rel=\"noopener\">Molecular Products<\/a><\/strong>)<\/p\n\n\n<p><a href=\"https:\/\/www.apdiving.com\/en\/?ddownload=10390\u201d target=\"_blank\" rel=\"noopener\">Chemgene HLD4D Sicherheitsdatenblatt<\/a><\/p>\n<p> (Desinfektionsmittel)<\/p>\n<\/div><\/div><\/div><div id=\"pgc-4656-1-1\"  class=\"panel-grid-cell\" ><div id=\"panel-4656-1-1-0\" class=\"so-panel widget widget_black-studio-tinymce widget_black_studio_tinymce panel-first-child\" data-index=\"5\" ><div class=\"textwidget\"><br \/><br \/><br \/><br \/><\/div><\/div><div class=\"vg-image-widget\"><img decoding=\"async\" src=\"https:\/\/www.apdiving.eu\/de\/wp-content\/uploads\/rebreathers-reosurces-graphs-apdiving.jpg\" alt=\"\"\/><\/div><\/div><\/div><!--vgRowWrapper--><\/div><\/div><div id=\"pg-4656-2\"  class=\"panel-grid panel-has-style\" ><div class=\"panel-row-style panel-row-style-for-4656-2\" ><div class=\"vgRowWrapper\"><div id=\"pgc-4656-2-0\"  class=\"panel-grid-cell\" ><div class=\"vgLinkPoint vgLinkPointHidden\"><a name=\"resa-materialien\"><\/a><input type=\"hidden\" class=\"linkpointtext\" value=\"RESA-MATERIALIEN\" \/><input type=\"hidden\" class=\"linkpointimg\" value=\"\" \/><\/div><div id=\"panel-4656-2-0-1\" class=\"so-panel widget widget_black-studio-tinymce widget_black_studio_tinymce panel-last-child\" data-index=\"8\" ><div class=\"panel-widget-style panel-widget-style-for-4656-2-0-1\" ><div class=\"textwidget\"><h2>RESA-MATERIALIEN<\/h2>\n<p>Ambient Pressure Diving ist ein Gr\u00fcndungsmitglied der RESA, der Rebreather Education and Safety Association (Gesellschaft f\u00fcr Rebreather-Ausbildung und Sicherheit) und unterst\u00fctzt voll und ganz ihre Ziele: nach st\u00e4ndiger Verbesserung der Sicherheit und Ausbildung in der Rebreather-Branche zu streben.<\/p>\n<p>Die RESA zielt auf einen h\u00f6heren Grad an Kooperation unter CCR-Herstellern und thematisiert Fertigungsstandards aber vor allen Dingen liegt die oberste Priorit\u00e4t auf der F\u00f6rderung einer Kultur der Sicherheit in der CCR-Gemeinschaft als Ganzes. Zu diesem Zweck stellen wir eine ganze Reihe n\u00fctzlicher Dokumente, zu Rebreathern im allgemeinen aber insbesondere zu AP Rebreathern im speziellen zur Verf\u00fcgung. Davon sind die entscheidend wichtigen Dokumente die AP Diving Rebreather-Manuals (je ein spezifisches f\u00fcr jedes Modell, welche am Anfang der Seite heruntergeladen werden k\u00f6nnen). Diese enthalten eine F\u00fclle an Informationen, Fragen und Antworten, Ausbildungs-Selbsttests, Tauch-Checklisten, Vorsichtsma\u00dfnahmen, Buddy-Ratschl\u00e4ge, Probleml\u00f6sungshinweise und vieles mehr.<\/p>\n<p>\u00a0<\/p>\n<\/div><\/div><\/div><\/div><div id=\"pgc-4656-2-1\"  class=\"panel-grid-cell\" ><div class=\"vg-image-widget\"><img decoding=\"async\" src=\"https:\/\/www.apdiving.eu\/de\/wp-content\/uploads\/resa-rebreather-standard-preview-apdiving.jpg\" alt=\"\"\/><\/div><\/div><\/div><!--vgRowWrapper--><\/div><\/div><div id=\"pg-4656-3\"  class=\"panel-grid panel-has-style\" ><div class=\"panel-row-style panel-row-style-for-4656-3\" ><div class=\"vgRowWrapper\"><div id=\"pgc-4656-3-0\"  class=\"panel-grid-cell\" ><div id=\"panel-4656-3-0-0\" class=\"so-panel widget widget_black-studio-tinymce widget_black_studio_tinymce panel-first-child\" data-index=\"10\" ><div class=\"textwidget\"><p>Wir k\u00f6nnen nicht stark genug auf die Notwendigkeit hinweisen, Ihr Manual vor, w\u00e4hrend und nach der Ausbildung sorgf\u00e4ltig zu studieren, zu lernen, zu lesen und zu wiederholen - dies als Teil Ihrer auch nach dem Kurs fortlaufenden Lernkurve und Selbstdisziplin als CCR-Taucher.<\/p><p>Wir unterst\u00fctzen und werben f\u00fcr alle Initiativen und wichtigen Materialien der RESA, die von der Branche herausgegeben werden\u00a0 und stellen sie auf diese Website sobald sie verf\u00fcgbar sind. Wir empfehlen au\u00dferdem allen neuen und k\u00fcnftigen CCR-Tauchern, sich das hervorragende\u00a0<a href=\"http:\/\/www.youtube.com\/watch?v=gAfiZeaTMNk&amp;feature=player_embedded\">CCR Aware video<\/a>\u00a0der RoSPA (Royal Society for the Prevention of Accidents) anzuschauen, das bei der Rebreather-Forum 3 (RF3) -Konferenz in Florida im Mai 2012 herausgegeben wurde.\u00a0<\/p><\/div><\/div><div id=\"panel-4656-3-0-1\" class=\"so-panel widget widget_black-studio-tinymce widget_black_studio_tinymce panel-last-child\" data-index=\"11\" ><div class=\"textwidget\"><h4>N\u00fctzliche Links und Downloads<\/h4>\n<p><a href=\"http:\/\/www.youtube.com\/watch?v=gAfiZeaTMNk&amp;feature=player_embedded\" target=\"_blank\" rel=\"noopener\">RoSPA (Royal Society for the Prevention of Accidents)\u00a0CCR Aware Video<\/a>\u00a0(externer link)<\/p>\n<p><a href=\"https:\/\/www.apdiving.com\/en\/?ddownload=11770\">Was ist im Falle eines Unfalls zu tun?<\/a><\/p>\n<p><a href=\"https:\/\/www.apdiving.com\/en\/wp-content\/uploads\/Equipment-Inspection-following-a-diving-incident.pdf\">RESA Standards \u2013 Aktuelle Neubearbeitung\u00a0- (PDF Download)<\/a><\/p>\n<\/div><\/div><\/div><\/div><!--vgRowWrapper--><\/div><\/div><\/div>","protected":false},"excerpt":{"rendered":"<p>N\u00dcTZLICHE INFORMATIONEN\u00a0 Wichtige Hersteller Warning\u00a0&#8211;\u00a0Current limited Oxygen cells (March 2013)\u00a0(Englisch) Hydraulic Equipment Warning\u00a0(Englisch) VISION HUD-Signal-Quizz\u00a0von Peter Harris\u00a0(Englisch) Rebreather-Quizz\u00a0von Fred Buckingham\u00a0(Englisch) Sauerstoff-Gefahrenstellen\u00a0von Lynda Weller\u00a0(Englisch) Eine Anf\u00e4ngeranleitung zum Closed Circuit Rebreather-Betrieb\u00a0von Richard Pyle (externer Link) Was ist ein Rebreather?\u00a0von Richard Pyle (externer Link) Guide de d&#8217;Apprentissage aux Op\u00e9rations du Recycleur \u00e0 Circuit Ferm\u00e9\u00a0von Richard Pyle (externer Link) <a href=\"https:\/\/www.apdiving.eu\/de\/rebreathers\/resources\/useful-info\/\">[Read More &hellip;]<\/a><\/p>\n","protected":false},"author":4,"featured_media":0,"parent":4646,"menu_order":0,"comment_status":"open","ping_status":"closed","template":"","meta":{"footnotes":""},"class_list":["post-4656","page","type-page","status-publish","hentry"],"_links":{"self":[{"href":"https:\/\/www.apdiving.eu\/de\/wp-json\/wp\/v2\/pages\/4656","targetHints":{"allow":["GET"]}}],"collection":[{"href":"https:\/\/www.apdiving.eu\/de\/wp-json\/wp\/v2\/pages"}],"about":[{"href":"https:\/\/www.apdiving.eu\/de\/wp-json\/wp\/v2\/types\/page"}],"author":[{"embeddable":true,"href":"https:\/\/www.apdiving.eu\/de\/wp-json\/wp\/v2\/users\/4"}],"replies":[{"embeddable":true,"href":"https:\/\/www.apdiving.eu\/de\/wp-json\/wp\/v2\/comments?post=4656"}],"version-history":[{"count":9,"href":"https:\/\/www.apdiving.eu\/de\/wp-json\/wp\/v2\/pages\/4656\/revisions"}],"predecessor-version":[{"id":8229,"href":"https:\/\/www.apdiving.eu\/de\/wp-json\/wp\/v2\/pages\/4656\/revisions\/8229"}],"up":[{"embeddable":true,"href":"https:\/\/www.apdiving.eu\/de\/wp-json\/wp\/v2\/pages\/4646"}],"wp:attachment":[{"href":"https:\/\/www.apdiving.eu\/de\/wp-json\/wp\/v2\/media?parent=4656"}],"curies":[{"name":"wp","href":"https:\/\/api.w.org\/{rel}","templated":true}]}}