{"id":4654,"date":"2015-04-29T14:32:48","date_gmt":"2015-04-29T14:32:48","guid":{"rendered":"http:\/\/www.apdiving.com\/en\/?page_id=4654"},"modified":"2018-11-15T10:58:29","modified_gmt":"2018-11-15T10:58:29","slug":"videos","status":"publish","type":"page","link":"https:\/\/www.apdiving.eu\/de\/rebreathers\/resources\/videos\/","title":{"rendered":"Rebreather Videos"},"content":{"rendered":"<div id=\"pl-4654\"  class=\"panel-layout\" ><div id=\"pg-4654-0\"  class=\"panel-grid panel-no-style\" ><div class=\"vgRowWrapper\"><div id=\"pgc-4654-0-0\"  class=\"panel-grid-cell\" ><div id=\"panel-4654-0-0-0\" class=\"so-panel widget widget_black-studio-tinymce widget_black_studio_tinymce panel-first-child panel-last-child\" data-index=\"0\" ><div class=\"textwidget\"><h2 style=\"text-align: center;\">VIDEOS<\/h2>\n<p>\u00a0<\/p>\n<h3 style=\"text-align: center;\">VON DIVERS GEBAUT. F\u00dcR DIVERS.<\/h3>\n<h3 style=\"text-align: center;\">Die Werksbesichtigung - Mai 2018<\/h3>\n<\/div><\/div><\/div><\/div><!--vgRowWrapper--><\/div><div id=\"pg-4654-1\"  class=\"panel-grid panel-no-style\" ><div class=\"vgRowWrapper\"><div id=\"pgc-4654-1-0\"  class=\"panel-grid-cell panel-grid-cell-empty\" ><\/div><div id=\"pgc-4654-1-1\"  class=\"panel-grid-cell panel-grid-cell-mobile-last\" ><div id=\"panel-4654-1-1-0\" class=\"so-panel widget widget_black-studio-tinymce widget_black_studio_tinymce panel-first-child panel-last-child\" data-index=\"1\" ><div class=\"textwidget\"><p><iframe loading=\"lazy\" title=\"AP Diving by Bad Wolf Horizon\" width=\"500\" height=\"281\" src=\"https:\/\/www.youtube.com\/embed\/iMMEthGpm-M?feature=oembed\" frameborder=\"0\" allow=\"accelerometer; autoplay; clipboard-write; encrypted-media; gyroscope; picture-in-picture; web-share\" referrerpolicy=\"strict-origin-when-cross-origin\" allowfullscreen><\/iframe><\/p>\n<\/div><\/div><\/div><div id=\"pgc-4654-1-2\"  class=\"panel-grid-cell panel-grid-cell-empty\" ><\/div><\/div><!--vgRowWrapper--><\/div><div id=\"pg-4654-2\"  class=\"panel-grid panel-has-style\" ><div class=\"vgfull vg-spacing panel-row-style panel-row-style-for-4654-2\" ><div class=\"vgRowWrapper\"><div id=\"pgc-4654-2-0\"  class=\"panel-grid-cell\" ><div id=\"panel-4654-2-0-0\" class=\"so-panel widget widget_sow-image panel-first-child panel-last-child\" data-index=\"2\" ><div\n\t\t\t\n\t\t\tclass=\"so-widget-sow-image so-widget-sow-image-default-8b5b6f678277-4654\"\n\t\t\t\n\t\t>\n\n<div class=\"sow-image-container\">\n\t\t<img loading=\"lazy\" decoding=\"async\" src=\"https:\/\/www.apdiving.eu\/de\/wp-content\/uploads\/separator-middle3.jpg\" width=\"970\" height=\"20\" srcset=\"https:\/\/www.apdiving.eu\/de\/wp-content\/uploads\/separator-middle3.jpg 970w, https:\/\/www.apdiving.eu\/de\/wp-content\/uploads\/separator-middle3-300x6.jpg 300w\" sizes=\"auto, (max-width: 970px) 100vw, 970px\" title=\"separator-middle\" alt=\"\" \t\tclass=\"so-widget-image\"\/>\n\t<\/div>\n\n<\/div><\/div><\/div><\/div><!--vgRowWrapper--><\/div><\/div><div id=\"pg-4654-3\"  class=\"panel-grid panel-no-style\" ><div class=\"vgRowWrapper\"><div id=\"pgc-4654-3-0\"  class=\"panel-grid-cell\" ><div id=\"panel-4654-3-0-0\" class=\"so-panel widget widget_black-studio-tinymce widget_black_studio_tinymce panel-first-child panel-last-child\" data-index=\"3\" ><div class=\"textwidget\"><h3 style=\"text-align: center;\">STAGE CCR TRAINING - AURA 2018<\/h3>\n<p>Die Regionale Technische Kommission AURA des Franz\u00f6sischen Verbandes - FFESSM - organisierte am 20.-28. Oktober 2018 ihre erste Ausbildung f\u00fcr AP-Diving CCR Instructors.<\/p>\n<p>Diese Ausbildung wurde von Jean-Pierre Montseny betreut. Standort: See von Annecy (Haute-Savoie)<\/p>\n<p>Heute verf\u00fcgt die AURA-Region \u00fcber 6 neue Ausbilder f\u00fcr den AP Diving CCR mit Luftverd\u00fcnner. Ein guter Startpunkt f\u00fcr das CCR-Tauchertraining in Frankreich ...<\/p>\n<p>Video von Jean Pierre Montseny:<\/p>\n<\/div><\/div><\/div><\/div><!--vgRowWrapper--><\/div><div id=\"pg-4654-4\"  class=\"panel-grid panel-no-style\" ><div class=\"vgRowWrapper\"><div id=\"pgc-4654-4-0\"  class=\"panel-grid-cell panel-grid-cell-empty\" ><\/div><div id=\"pgc-4654-4-1\"  class=\"panel-grid-cell panel-grid-cell-mobile-last\" ><div id=\"panel-4654-4-1-0\" class=\"so-panel widget widget_black-studio-tinymce widget_black_studio_tinymce panel-first-child panel-last-child\" data-index=\"4\" ><div class=\"textwidget\"><p><iframe loading=\"lazy\" src=\"https:\/\/www.youtube.com\/embed\/dthprK-uSWU\" width=\"560\" height=\"315\" frameborder=\"0\" allowfullscreen=\"allowfullscreen\"><\/iframe><\/p>\n<\/div><\/div><\/div><div id=\"pgc-4654-4-2\"  class=\"panel-grid-cell panel-grid-cell-empty\" ><\/div><\/div><!--vgRowWrapper--><\/div><div id=\"pg-4654-5\"  class=\"panel-grid panel-has-style\" ><div class=\"vgfull vg-spacing panel-row-style panel-row-style-for-4654-5\" ><div class=\"vgRowWrapper\"><div id=\"pgc-4654-5-0\"  class=\"panel-grid-cell\" ><div id=\"panel-4654-5-0-0\" class=\"so-panel widget widget_sow-image panel-first-child panel-last-child\" data-index=\"5\" ><div\n\t\t\t\n\t\t\tclass=\"so-widget-sow-image so-widget-sow-image-default-8b5b6f678277-4654\"\n\t\t\t\n\t\t>\n\n<div class=\"sow-image-container\">\n\t\t<img loading=\"lazy\" decoding=\"async\" src=\"https:\/\/www.apdiving.eu\/de\/wp-content\/uploads\/separator-middle3.jpg\" width=\"970\" height=\"20\" srcset=\"https:\/\/www.apdiving.eu\/de\/wp-content\/uploads\/separator-middle3.jpg 970w, https:\/\/www.apdiving.eu\/de\/wp-content\/uploads\/separator-middle3-300x6.jpg 300w\" sizes=\"auto, (max-width: 970px) 100vw, 970px\" title=\"separator-middle\" alt=\"\" \t\tclass=\"so-widget-image\"\/>\n\t<\/div>\n\n<\/div><\/div><\/div><\/div><!--vgRowWrapper--><\/div><\/div><div id=\"pg-4654-6\"  class=\"panel-grid panel-no-style\" ><div class=\"vgRowWrapper\"><div id=\"pgc-4654-6-0\"  class=\"panel-grid-cell\" ><div id=\"panel-4654-6-0-0\" class=\"so-panel widget widget_black-studio-tinymce widget_black_studio_tinymce panel-first-child panel-last-child\" data-index=\"6\" ><div class=\"textwidget\"><h2 style=\"text-align: center;\">\u00a0<\/h2>\n<h2 style=\"text-align: center;\">TRAININGSVIDEOS<\/h2>\n<div id=\"gt-src-c\" class=\"g-unit\">\n<div id=\"gt-src-p\">\n<h3 id=\"gt-src-wrap\" style=\"text-align: center;\"><span class=\"\">Anleitung<\/span>\u00a0<span class=\"\">durch die<\/span>\u00a0AP<span class=\"\">-Team<\/span><\/h3>\n<\/div>\n<\/div>\n<\/div><\/div><\/div><\/div><!--vgRowWrapper--><\/div><div id=\"pg-4654-7\"  class=\"panel-grid panel-no-style\" ><div class=\"vgRowWrapper\"><div id=\"pgc-4654-7-0\"  class=\"panel-grid-cell\" ><div id=\"panel-4654-7-0-0\" class=\"so-panel widget widget_black-studio-tinymce widget_black_studio_tinymce panel-first-child panel-last-child\" data-index=\"7\" ><div class=\"textwidget\"><p><iframe loading=\"lazy\" title=\"How to: Shorten AP Medium Pressure Hoses with Reusable Fittings\" width=\"500\" height=\"281\" src=\"https:\/\/www.youtube.com\/embed\/z2ukan_sJI8?feature=oembed\" frameborder=\"0\" allow=\"accelerometer; autoplay; clipboard-write; encrypted-media; gyroscope; picture-in-picture; web-share\" referrerpolicy=\"strict-origin-when-cross-origin\" allowfullscreen><\/iframe><\/p>\n<\/div><\/div><\/div><div id=\"pgc-4654-7-1\"  class=\"panel-grid-cell panel-grid-cell-empty\" ><\/div><div id=\"pgc-4654-7-2\"  class=\"panel-grid-cell\" ><div id=\"panel-4654-7-2-0\" class=\"so-panel widget widget_black-studio-tinymce widget_black_studio_tinymce panel-first-child panel-last-child\" data-index=\"8\" ><div class=\"textwidget\"><p><iframe loading=\"lazy\" title=\"How to: Empty and Refill your Inspiration Rebreather Scrubber Cartridge\" width=\"500\" height=\"281\" src=\"https:\/\/www.youtube.com\/embed\/PQ6RXnc7Tco?feature=oembed\" frameborder=\"0\" allow=\"accelerometer; autoplay; clipboard-write; encrypted-media; gyroscope; picture-in-picture; web-share\" referrerpolicy=\"strict-origin-when-cross-origin\" allowfullscreen><\/iframe><\/p>\n<\/div><\/div><\/div><\/div><!--vgRowWrapper--><\/div><div id=\"pg-4654-8\"  class=\"panel-grid panel-no-style\" ><div class=\"vgRowWrapper\"><div id=\"pgc-4654-8-0\"  class=\"panel-grid-cell\" ><div id=\"panel-4654-8-0-0\" class=\"so-panel widget widget_black-studio-tinymce widget_black_studio_tinymce panel-first-child panel-last-child\" data-index=\"9\" ><div class=\"textwidget\"><p><iframe loading=\"lazy\" title=\"How to: Perform a Rebreather System Integrity Check\" width=\"500\" height=\"281\" src=\"https:\/\/www.youtube.com\/embed\/l34NmaQ9Lpo?feature=oembed\" frameborder=\"0\" allow=\"accelerometer; autoplay; clipboard-write; encrypted-media; gyroscope; picture-in-picture; web-share\" referrerpolicy=\"strict-origin-when-cross-origin\" allowfullscreen><\/iframe><\/p>\n<\/div><\/div><\/div><div id=\"pgc-4654-8-1\"  class=\"panel-grid-cell panel-grid-cell-empty\" ><\/div><div id=\"pgc-4654-8-2\"  class=\"panel-grid-cell\" ><div id=\"panel-4654-8-2-0\" class=\"so-panel widget widget_black-studio-tinymce widget_black_studio_tinymce panel-first-child panel-last-child\" data-index=\"10\" ><div class=\"textwidget\"><p><iframe loading=\"lazy\" title=\"How to: Remove and Fit New Oxygen Cells to an AP Diving Rebreather\" width=\"500\" height=\"281\" src=\"https:\/\/www.youtube.com\/embed\/oqrJ1P_6GXI?feature=oembed\" frameborder=\"0\" allow=\"accelerometer; autoplay; clipboard-write; encrypted-media; gyroscope; picture-in-picture; web-share\" referrerpolicy=\"strict-origin-when-cross-origin\" allowfullscreen><\/iframe><\/p>\n<\/div><\/div><\/div><\/div><!--vgRowWrapper--><\/div><div id=\"pg-4654-9\"  class=\"panel-grid panel-has-style\" ><div class=\"vgfull vg-spacing panel-row-style panel-row-style-for-4654-9\" ><div class=\"vgRowWrapper\"><div id=\"pgc-4654-9-0\"  class=\"panel-grid-cell\" ><div id=\"panel-4654-9-0-0\" class=\"so-panel widget widget_sow-image panel-first-child panel-last-child\" data-index=\"11\" ><div\n\t\t\t\n\t\t\tclass=\"so-widget-sow-image so-widget-sow-image-default-8b5b6f678277-4654\"\n\t\t\t\n\t\t>\n\n<div class=\"sow-image-container\">\n\t\t<img loading=\"lazy\" decoding=\"async\" src=\"https:\/\/www.apdiving.eu\/de\/wp-content\/uploads\/separator-middle3.jpg\" width=\"970\" height=\"20\" srcset=\"https:\/\/www.apdiving.eu\/de\/wp-content\/uploads\/separator-middle3.jpg 970w, https:\/\/www.apdiving.eu\/de\/wp-content\/uploads\/separator-middle3-300x6.jpg 300w\" sizes=\"auto, (max-width: 970px) 100vw, 970px\" title=\"separator-middle\" alt=\"\" \t\tclass=\"so-widget-image\"\/>\n\t<\/div>\n\n<\/div><\/div><\/div><\/div><!--vgRowWrapper--><\/div><\/div><div id=\"pg-4654-10\"  class=\"panel-grid panel-no-style\" ><div class=\"vgRowWrapper\"><div id=\"pgc-4654-10-0\"  class=\"panel-grid-cell\" ><div id=\"panel-4654-10-0-0\" class=\"so-panel widget widget_black-studio-tinymce widget_black_studio_tinymce panel-first-child panel-last-child\" data-index=\"12\" ><div class=\"textwidget\"><h2 style=\"text-align: center;\">\u00a0<\/h2>\n<h2 style=\"text-align: center;\">Rebreather Aware<\/h2>\n<h3 style=\"text-align: center;\">Sicherheitshinweise und Informationen f\u00fcr neue und zuk\u00fcnftige CCR Taucher<\/h3>\n<\/div><\/div><\/div><\/div><!--vgRowWrapper--><\/div><div id=\"pg-4654-11\"  class=\"panel-grid panel-no-style\" ><div class=\"vgRowWrapper\"><div id=\"pgc-4654-11-0\"  class=\"panel-grid-cell panel-grid-cell-empty\" ><\/div><div id=\"pgc-4654-11-1\"  class=\"panel-grid-cell panel-grid-cell-mobile-last\" ><div id=\"panel-4654-11-1-0\" class=\"so-panel widget widget_sow-image panel-first-child panel-last-child\" data-index=\"13\" ><div\n\t\t\t\n\t\t\tclass=\"so-widget-sow-image so-widget-sow-image-default-8b5b6f678277-4654\"\n\t\t\t\n\t\t>\n\n<div class=\"sow-image-container\">\n\t\t\t<a href=\"https:\/\/youtu.be\/gAfiZeaTMNk\"\n\t\t\t\t\t>\n\t\t\t<img loading=\"lazy\" decoding=\"async\" src=\"https:\/\/www.apdiving.eu\/de\/wp-content\/uploads\/rospa-ccr-aware-new-and-prospective-CCR-divers-550.jpg\" width=\"550\" height=\"310\" srcset=\"https:\/\/www.apdiving.eu\/de\/wp-content\/uploads\/rospa-ccr-aware-new-and-prospective-CCR-divers-550.jpg 550w, https:\/\/www.apdiving.eu\/de\/wp-content\/uploads\/rospa-ccr-aware-new-and-prospective-CCR-divers-550-300x169.jpg 300w\" sizes=\"auto, (max-width: 550px) 100vw, 550px\" title=\"RoSPA (Royal Society for the Prevention of Accidents) CCR Aware Video\" alt=\"\" \t\tclass=\"so-widget-image\"\/>\n\t<\/a><\/div>\n\n<\/div><\/div><\/div><div id=\"pgc-4654-11-2\"  class=\"panel-grid-cell panel-grid-cell-empty\" ><\/div><\/div><!--vgRowWrapper--><\/div><div id=\"pg-4654-12\"  class=\"panel-grid panel-has-style\" ><div class=\"vgfull vg-spacing panel-row-style panel-row-style-for-4654-12\" ><div class=\"vgRowWrapper\"><div id=\"pgc-4654-12-0\"  class=\"panel-grid-cell\" ><div id=\"panel-4654-12-0-0\" class=\"so-panel widget widget_sow-image panel-first-child panel-last-child\" data-index=\"14\" ><div\n\t\t\t\n\t\t\tclass=\"so-widget-sow-image so-widget-sow-image-default-8b5b6f678277-4654\"\n\t\t\t\n\t\t>\n\n<div class=\"sow-image-container\">\n\t\t<img loading=\"lazy\" decoding=\"async\" src=\"https:\/\/www.apdiving.eu\/de\/wp-content\/uploads\/separator-middle3.jpg\" width=\"970\" height=\"20\" srcset=\"https:\/\/www.apdiving.eu\/de\/wp-content\/uploads\/separator-middle3.jpg 970w, https:\/\/www.apdiving.eu\/de\/wp-content\/uploads\/separator-middle3-300x6.jpg 300w\" sizes=\"auto, (max-width: 970px) 100vw, 970px\" title=\"separator-middle\" alt=\"\" \t\tclass=\"so-widget-image\"\/>\n\t<\/div>\n\n<\/div><\/div><\/div><\/div><!--vgRowWrapper--><\/div><\/div><div id=\"pg-4654-13\"  class=\"panel-grid panel-no-style\" ><div class=\"vgRowWrapper\"><div id=\"pgc-4654-13-0\"  class=\"panel-grid-cell\" ><div id=\"panel-4654-13-0-0\" class=\"so-panel widget widget_black-studio-tinymce widget_black_studio_tinymce panel-first-child panel-last-child\" data-index=\"15\" ><div class=\"textwidget\"><h2 style=\"text-align: center;\">\u00a0<\/h2>\n<h2 style=\"text-align: center;\">Allgemeines Interesse<\/h2>\n<h3 style=\"text-align: center;\">Rebreather Forum 3 Pr\u00e4sentationen<\/h3>\n<p>Das Rebreather Forum 3 (RF3) war in der Sitzung Mai 2012 in Orlando, Florida. RF3 adressiert die wichtigsten Themen rund um Rebreather-Technologie und ihre Anwendung in der kommerziellen, Medien, Milit\u00e4r, Wissenschaft, Sport und technische Tauchen. Weitere n\u00fctzliche Pr\u00e4sentationen finden Sie hier :\u00a0<a href=\"http:\/\/www.rf30.org\/presentation\/\" target=\"_blank\">http:\/\/www.rf30.org\/presentation\/<\/a><\/p>\n<\/div><\/div><\/div><\/div><!--vgRowWrapper--><\/div><div id=\"pg-4654-14\"  class=\"panel-grid panel-no-style\" ><div class=\"vgRowWrapper\"><div id=\"pgc-4654-14-0\"  class=\"panel-grid-cell\" ><div id=\"panel-4654-14-0-0\" class=\"so-panel widget widget_black-studio-tinymce widget_black_studio_tinymce panel-first-child panel-last-child\" data-index=\"16\" ><div class=\"textwidget\"><p><iframe loading=\"lazy\" title=\"RF3.0 - Anatomy of a CCR Dive\" width=\"500\" height=\"375\" src=\"https:\/\/www.youtube.com\/embed\/EKQLc7UtUzM?feature=oembed\" frameborder=\"0\" allow=\"accelerometer; autoplay; clipboard-write; encrypted-media; gyroscope; picture-in-picture; web-share\" referrerpolicy=\"strict-origin-when-cross-origin\" allowfullscreen><\/iframe><\/p>\n<\/div><\/div><\/div><div id=\"pgc-4654-14-1\"  class=\"panel-grid-cell panel-grid-cell-empty\" ><\/div><div id=\"pgc-4654-14-2\"  class=\"panel-grid-cell\" ><div id=\"panel-4654-14-2-0\" class=\"so-panel widget widget_black-studio-tinymce widget_black_studio_tinymce panel-first-child panel-last-child\" data-index=\"17\" ><div class=\"textwidget\"><p><iframe loading=\"lazy\" title=\"RF3.0 - Failure is Not an Option: The Importance of CCR Checklists\" width=\"500\" height=\"375\" src=\"https:\/\/www.youtube.com\/embed\/z2hK4c8_oOw?feature=oembed\" frameborder=\"0\" allow=\"accelerometer; autoplay; clipboard-write; encrypted-media; gyroscope; picture-in-picture; web-share\" referrerpolicy=\"strict-origin-when-cross-origin\" allowfullscreen><\/iframe><\/p>\n<\/div><\/div><\/div><\/div><!--vgRowWrapper--><\/div><div id=\"pg-4654-15\"  class=\"panel-grid panel-no-style\" ><div class=\"vgRowWrapper\"><div id=\"pgc-4654-15-0\"  class=\"panel-grid-cell\" ><div id=\"panel-4654-15-0-0\" class=\"so-panel widget widget_black-studio-tinymce widget_black_studio_tinymce panel-first-child panel-last-child\" data-index=\"18\" ><div class=\"textwidget\"><p><iframe loading=\"lazy\" title=\"DECOMPRESSION CONTROVERSIES\" width=\"500\" height=\"375\" src=\"https:\/\/www.youtube.com\/embed\/UY61E49lyos?feature=oembed\" frameborder=\"0\" allow=\"accelerometer; autoplay; clipboard-write; encrypted-media; gyroscope; picture-in-picture; web-share\" referrerpolicy=\"strict-origin-when-cross-origin\" allowfullscreen><\/iframe><\/p>\n<\/div><\/div><\/div><div id=\"pgc-4654-15-1\"  class=\"panel-grid-cell panel-grid-cell-empty\" ><\/div><div id=\"pgc-4654-15-2\"  class=\"panel-grid-cell\" ><div id=\"panel-4654-15-2-0\" class=\"so-panel widget widget_black-studio-tinymce widget_black_studio_tinymce panel-first-child panel-last-child\" data-index=\"19\" ><div class=\"textwidget\"><p><iframe loading=\"lazy\" title=\"RF3.0 - CCR Physiology\" width=\"500\" height=\"375\" src=\"https:\/\/www.youtube.com\/embed\/GW1yVFF_FK4?feature=oembed\" frameborder=\"0\" allow=\"accelerometer; autoplay; clipboard-write; encrypted-media; gyroscope; picture-in-picture; web-share\" referrerpolicy=\"strict-origin-when-cross-origin\" allowfullscreen><\/iframe><\/p>\n<\/div><\/div><\/div><\/div><!--vgRowWrapper--><\/div><\/div>","protected":false},"excerpt":{"rendered":"<p>VIDEOS\u00a0VON DIVERS GEBAUT. F\u00dcR DIVERS.Die Werksbesichtigung &#8211; Mai 2018<\/p>\n","protected":false},"author":4,"featured_media":0,"parent":4646,"menu_order":0,"comment_status":"open","ping_status":"closed","template":"","meta":{"footnotes":""},"class_list":["post-4654","page","type-page","status-publish","hentry"],"_links":{"self":[{"href":"https:\/\/www.apdiving.eu\/de\/wp-json\/wp\/v2\/pages\/4654","targetHints":{"allow":["GET"]}}],"collection":[{"href":"https:\/\/www.apdiving.eu\/de\/wp-json\/wp\/v2\/pages"}],"about":[{"href":"https:\/\/www.apdiving.eu\/de\/wp-json\/wp\/v2\/types\/page"}],"author":[{"embeddable":true,"href":"https:\/\/www.apdiving.eu\/de\/wp-json\/wp\/v2\/users\/4"}],"replies":[{"embeddable":true,"href":"https:\/\/www.apdiving.eu\/de\/wp-json\/wp\/v2\/comments?post=4654"}],"version-history":[{"count":3,"href":"https:\/\/www.apdiving.eu\/de\/wp-json\/wp\/v2\/pages\/4654\/revisions"}],"predecessor-version":[{"id":5485,"href":"https:\/\/www.apdiving.eu\/de\/wp-json\/wp\/v2\/pages\/4654\/revisions\/5485"}],"up":[{"embeddable":true,"href":"https:\/\/www.apdiving.eu\/de\/wp-json\/wp\/v2\/pages\/4646"}],"wp:attachment":[{"href":"https:\/\/www.apdiving.eu\/de\/wp-json\/wp\/v2\/media?parent=4654"}],"curies":[{"name":"wp","href":"https:\/\/api.w.org\/{rel}","templated":true}]}}