{"id":4650,"date":"2015-04-29T14:31:55","date_gmt":"2015-04-29T14:31:55","guid":{"rendered":"http:\/\/www.apdiving.com\/en\/?page_id=4650"},"modified":"2018-04-17T14:31:35","modified_gmt":"2018-04-17T14:31:35","slug":"rebreather-firmware","status":"publish","type":"page","link":"https:\/\/www.apdiving.eu\/de\/rebreathers\/resources\/rebreather-firmware\/","title":{"rendered":"VISION Firmware"},"content":{"rendered":"<div id=\"pl-4650\"  class=\"panel-layout\" ><div id=\"pg-4650-0\"  class=\"panel-grid panel-has-style\" ><div class=\"panel-row-style panel-row-style-for-4650-0\" ><div class=\"vgRowWrapper\"><div id=\"pgc-4650-0-0\"  class=\"panel-grid-cell\" ><div id=\"panel-4650-0-0-0\" class=\"so-panel widget widget_sow-image panel-first-child panel-last-child\" data-index=\"0\" ><div\n\t\t\t\n\t\t\tclass=\"so-widget-sow-image so-widget-sow-image-default-8b5b6f678277-4650\"\n\t\t\t\n\t\t>\n\n<div class=\"sow-image-container\">\n\t\t<img loading=\"lazy\" decoding=\"async\" src=\"https:\/\/www.apdiving.eu\/de\/wp-content\/uploads\/vision-mono-handset.jpg\" width=\"733\" height=\"587\" srcset=\"https:\/\/www.apdiving.eu\/de\/wp-content\/uploads\/vision-mono-handset.jpg 733w, https:\/\/www.apdiving.eu\/de\/wp-content\/uploads\/vision-mono-handset-300x240.jpg 300w\" sizes=\"auto, (max-width: 733px) 100vw, 733px\" alt=\"\" \t\tclass=\"so-widget-image\"\/>\n\t<\/div>\n\n<\/div><\/div><\/div><div id=\"pgc-4650-0-1\"  class=\"panel-grid-cell\" ><div id=\"panel-4650-0-1-0\" class=\"so-panel widget widget_black-studio-tinymce widget_black_studio_tinymce panel-first-child\" data-index=\"1\" ><div class=\"textwidget\"><h2 style=\"text-align: left;\">\u00a0<\/h2>\n<h2 style=\"text-align: left;\">VISION FIRMWARE<\/h2>\n<p><strong>Laden Sie unten die aktuellste VISION-Firmware herunter\u00a0(f\u00fcr Mono-Handsets)<\/strong><\/p>\n<p>Verf\u00fcgbar in: Englisch, Franz\u00f6sisch, Deutsch, D\u00e4nisch, Niederl\u00e4ndisch, Spanisch, Italienisch, Norwegisch, Portugiesisch, Schwedisch, Russisch und Tschechisch<\/p>\n<p><strong>Aktuelle Version: V5.02.01<\/strong><\/p>\n<\/div><\/div><div id=\"panel-4650-0-1-1\" class=\"so-panel widget widget_black-studio-tinymce widget_black_studio_tinymce panel-last-child\" data-index=\"2\" ><div class=\"textwidget\"><p style=\"text-align: left;\"><a href='https:\/\/www.apdiving.com\/en\/?ddownload=7238' onclick='' class='wpi_designer_button   wpi_shadow wpi_shadow_ wpi_designer_button_6249   ' target='' rel=''><i class=''><\/i><span class='wpi_text'>Download - 59MB<\/span><\/a><\/p>\n<\/div><\/div><\/div><\/div><!--vgRowWrapper--><\/div><\/div><div id=\"pg-4650-1\"  class=\"panel-grid panel-has-style\" ><div class=\"panel-row-style panel-row-style-for-4650-1\" ><div class=\"vgRowWrapper\"><div id=\"pgc-4650-1-0\"  class=\"panel-grid-cell\" ><div id=\"panel-4650-1-0-0\" class=\"so-panel widget widget_sow-image panel-first-child\" data-index=\"3\" ><div\n\t\t\t\n\t\t\tclass=\"so-widget-sow-image so-widget-sow-image-default-8b5b6f678277-4650\"\n\t\t\t\n\t\t>\n\n<div class=\"sow-image-container\">\n\t\t<img loading=\"lazy\" decoding=\"async\" src=\"https:\/\/www.apdiving.eu\/de\/wp-content\/uploads\/separator-middle3.jpg\" width=\"970\" height=\"20\" srcset=\"https:\/\/www.apdiving.eu\/de\/wp-content\/uploads\/separator-middle3.jpg 970w, https:\/\/www.apdiving.eu\/de\/wp-content\/uploads\/separator-middle3-300x6.jpg 300w\" sizes=\"auto, (max-width: 970px) 100vw, 970px\" title=\"separator-middle\" alt=\"\" \t\tclass=\"so-widget-image\"\/>\n\t<\/div>\n\n<\/div><\/div><div id=\"panel-4650-1-0-1\" class=\"so-panel widget widget_black-studio-tinymce widget_black_studio_tinymce panel-last-child\" data-index=\"4\" ><div class=\"textwidget\"><h2 style=\"text-align: center;\">\u00a0<\/h2>\n<h2 style=\"text-align: center;\">Vorherige Version<\/h2>\n<\/div><\/div><\/div><\/div><!--vgRowWrapper--><\/div><\/div><div id=\"pg-4650-2\"  class=\"panel-grid panel-has-style\" ><div class=\"panel-row-style panel-row-style-for-4650-2\" ><div class=\"vgRowWrapper\"><div id=\"pgc-4650-2-0\"  class=\"panel-grid-cell\" ><div class=\"vg-image-widget\"><img decoding=\"async\" src=\"https:\/\/www.apdiving.eu\/de\/wp-content\/uploads\/vision-download-image.jpg\" alt=\"\"\/><\/div><\/div><div id=\"pgc-4650-2-1\"  class=\"panel-grid-cell\" ><div id=\"panel-4650-2-1-0\" class=\"so-panel widget widget_black-studio-tinymce widget_black_studio_tinymce panel-first-child\" data-index=\"6\" ><div class=\"textwidget\"><h2 style=\"text-align: left;\">\u00a0<\/h2>\n<h2 style=\"text-align: left;\">VISION\u00a0SOFTWARE<\/h2>\n<p><strong>Laden Sie unten die aktuellste VISION-Software herunter<\/strong><\/p>\n<p>Verf\u00fcgbar in: Englisch, Franz\u00f6sisch, Deutsch, D\u00e4nisch, Niederl\u00e4ndisch, Spanisch, Italienisch, Norwegisch, Portugiesisch, Schwedisch, Russisch und Tschechisch<\/p>\n<p><strong>Aktuelle Version: V5.02.01<\/strong><\/p>\n<\/div><\/div><div id=\"panel-4650-2-1-1\" class=\"so-panel widget widget_black-studio-tinymce widget_black_studio_tinymce panel-last-child\" data-index=\"7\" ><div class=\"textwidget\"><p style=\"text-align: left;\"><a href=\"https:\/\/www.apdiving.eu\/de\/?ddownload=4719\" title=\"Download - 639.4 KB\" rel=\"nofollow\" class=\"ddownload-button button-yellow id-4719 ext-zip\">Download - 639.4 KB<\/a><\/p>\n<\/div><\/div><\/div><\/div><!--vgRowWrapper--><\/div><\/div><\/div>","protected":false},"excerpt":{"rendered":"<p>\u00a0VISION FIRMWARELaden Sie unten die aktuellste VISION-Firmware herunter\u00a0(f\u00fcr Mono-Handsets)Verf\u00fcgbar in: Englisch, Franz\u00f6sisch, Deutsch, D\u00e4nisch, Niederl\u00e4ndisch, Spanisch, Italienisch, Norwegisch, Portugiesisch, Schwedisch, Russisch und TschechischAktuelle Version: V5.02.01 \u00a0Vorherige Version<\/p>\n","protected":false},"author":4,"featured_media":0,"parent":4646,"menu_order":0,"comment_status":"open","ping_status":"closed","template":"","meta":{"footnotes":""},"class_list":["post-4650","page","type-page","status-publish","hentry"],"_links":{"self":[{"href":"https:\/\/www.apdiving.eu\/de\/wp-json\/wp\/v2\/pages\/4650","targetHints":{"allow":["GET"]}}],"collection":[{"href":"https:\/\/www.apdiving.eu\/de\/wp-json\/wp\/v2\/pages"}],"about":[{"href":"https:\/\/www.apdiving.eu\/de\/wp-json\/wp\/v2\/types\/page"}],"author":[{"embeddable":true,"href":"https:\/\/www.apdiving.eu\/de\/wp-json\/wp\/v2\/users\/4"}],"replies":[{"embeddable":true,"href":"https:\/\/www.apdiving.eu\/de\/wp-json\/wp\/v2\/comments?post=4650"}],"version-history":[{"count":7,"href":"https:\/\/www.apdiving.eu\/de\/wp-json\/wp\/v2\/pages\/4650\/revisions"}],"predecessor-version":[{"id":6370,"href":"https:\/\/www.apdiving.eu\/de\/wp-json\/wp\/v2\/pages\/4650\/revisions\/6370"}],"up":[{"embeddable":true,"href":"https:\/\/www.apdiving.eu\/de\/wp-json\/wp\/v2\/pages\/4646"}],"wp:attachment":[{"href":"https:\/\/www.apdiving.eu\/de\/wp-json\/wp\/v2\/media?parent=4650"}],"curies":[{"name":"wp","href":"https:\/\/api.w.org\/{rel}","templated":true}]}}