{"id":4648,"date":"2015-04-29T14:31:13","date_gmt":"2015-04-29T14:31:13","guid":{"rendered":"http:\/\/www.apdiving.com\/en\/?page_id=4648"},"modified":"2026-04-01T16:07:59","modified_gmt":"2026-04-01T16:07:59","slug":"manuals","status":"publish","type":"page","link":"https:\/\/www.apdiving.eu\/de\/rebreathers\/resources\/manuals\/","title":{"rendered":"Rebreather Manuals"},"content":{"rendered":"<div id=\"pl-4648\"  class=\"panel-layout\" ><div id=\"pg-4648-0\"  class=\"panel-grid panel-has-style\" ><div class=\"panel-row-style panel-row-style-for-4648-0\" ><div class=\"vgRowWrapper\"><div id=\"pgc-4648-0-0\"  class=\"panel-grid-cell\" ><div id=\"panel-4648-0-0-0\" class=\"so-panel widget widget_black-studio-tinymce widget_black_studio_tinymce panel-first-child panel-last-child\" data-index=\"0\" ><div class=\"textwidget\"><h2 style=\"text-align: center;\">REBREATHER MANUAL<\/h2>\n<h3 style=\"text-align: center;\">F\u00dcR ALLE AP REBREATHER MIT VISION-ELEKTRONIK<\/h3>\n<\/div><\/div><\/div><\/div><!--vgRowWrapper--><\/div><\/div><div id=\"pg-4648-1\"  class=\"panel-grid panel-no-style\" ><div class=\"vgRowWrapper\"><div id=\"pgc-4648-1-0\"  class=\"panel-grid-cell\" ><div id=\"panel-4648-1-0-0\" class=\"so-panel widget widget_sow-image panel-first-child\" data-index=\"1\" ><div\n\t\t\t\n\t\t\tclass=\"so-widget-sow-image so-widget-sow-image-default-dbf295114b96-4648\"\n\t\t\t\n\t\t>\n\n<div class=\"sow-image-container\">\n\t\t<img loading=\"lazy\" decoding=\"async\" src=\"https:\/\/www.apdiving.eu\/de\/wp-content\/uploads\/colour-screen.jpg\" width=\"634\" height=\"500\" srcset=\"https:\/\/www.apdiving.eu\/de\/wp-content\/uploads\/colour-screen.jpg 634w, https:\/\/www.apdiving.eu\/de\/wp-content\/uploads\/colour-screen-300x237.jpg 300w\" sizes=\"auto, (max-width: 634px) 100vw, 634px\" alt=\"\" \t\tclass=\"so-widget-image\"\/>\n\t<\/div>\n\n<\/div><\/div><div id=\"panel-4648-1-0-1\" class=\"so-panel widget widget_black-studio-tinymce widget_black_studio_tinymce panel-last-child\" data-index=\"2\" ><div class=\"textwidget\"><h4>F\u00fcr 2020VISION<\/h4>\n<p><div class=\"table-responsive\"><table  style=\"width:100%; \"  class=\"easy-table easy-table-ap \" >\n<tbody>\r\n<tr><td  style=\"width:230px\" >Englisch<\/td>\n<td  style=\"width:230px\" >April 2026<\/td>\n<td  style=\"width:100px\" ><a href=\"https:\/\/www.apdiving.com\/en\/?ddownload=12058\">Download<\/a><\/td>\n<\/tr>\n\r\n<tr><td >Deutsch<\/td>\n<td >Dezember\u00a02016<\/td>\n<td ><a href=\"https:\/\/www.apdiving.com\/en\/?ddownload=8273\">Download<\/a><\/td>\n<\/tr>\n\r\n<tr><td >Franz\u00f6sisch<\/td>\n<td >August 2018<\/td>\n<td ><a href=\"https:\/\/www.apdiving.com\/en\/?ddownload=9517\" rel=\"noopener\">Download<\/a><\/td>\n<\/tr>\n\r\n<tr><td >Italienisch<\/td>\n<td >April 2023<\/td>\n<td ><a href=\"https:\/\/www.apdiving.eu\/en\/?ddownload=11021\" rel=\"noopener\">Download<\/a><\/td>\n<\/tr>\n<\/tbody><\/table><\/div><\/p><\/div><\/div><\/div><div id=\"pgc-4648-1-1\"  class=\"panel-grid-cell\" ><div id=\"panel-4648-1-1-0\" class=\"so-panel widget widget_sow-image panel-first-child\" data-index=\"3\" ><div\n\t\t\t\n\t\t\tclass=\"so-widget-sow-image so-widget-sow-image-default-a258e6bfa2d8-4648\"\n\t\t\t\n\t\t>\n\n<div class=\"sow-image-container\">\n\t\t<img loading=\"lazy\" decoding=\"async\" src=\"https:\/\/www.apdiving.eu\/de\/wp-content\/uploads\/mono-screen.jpg\" width=\"634\" height=\"500\" srcset=\"https:\/\/www.apdiving.eu\/de\/wp-content\/uploads\/mono-screen.jpg 634w, https:\/\/www.apdiving.eu\/de\/wp-content\/uploads\/mono-screen-300x237.jpg 300w\" sizes=\"auto, (max-width: 634px) 100vw, 634px\" alt=\"\" \t\tclass=\"so-widget-image\"\/>\n\t<\/div>\n\n<\/div><\/div><div id=\"panel-4648-1-1-1\" class=\"so-panel widget widget_black-studio-tinymce widget_black_studio_tinymce panel-last-child\" data-index=\"4\" ><div class=\"textwidget\"><h4>F\u00fcr VISION MONO<\/h4><p><div class=\"table-responsive\"><table  style=\"width:100%; \"  class=\"easy-table easy-table-ap \" >\n<tbody>\r\n<tr><td  style=\"width:230px\" >Englisch<\/td>\n<td  style=\"width:230px\" >Februar 2014<\/td>\n<td  style=\"width:100px\" ><a href=\"https:\/\/www.apdiving.com\/en\/?ddownload=7894\">Download<\/a><\/td>\n<\/tr>\n\r\n<tr><td >Franz\u00f6sisch<\/td>\n<td >August 2015<\/td>\n<td ><a href=\"https:\/\/www.apdiving.com\/en\/?ddownload=4774\" target=\"_blank\">Download<\/a><\/td>\n<\/tr>\n\r\n<tr><td >Spanisch<\/td>\n<td >August 2010<\/td>\n<td ><a href=\"https:\/\/www.apdiving.com\/en\/?ddownload=4789\" target=\"_blank\">Download<\/a><\/td>\n<\/tr>\n\r\n<tr><td >Deutsch<\/td>\n<td >Januar 2006<\/td>\n<td ><a href=\"https:\/\/www.apdiving.com\/en\/?ddownload=4772\" target=\"_blank\">Download<\/a><\/td>\n<\/tr>\n\r\n<tr><td >Holl\u00e4ndisch<\/td>\n<td >Juli 2005<\/td>\n<td ><a title=\"View Manual\" href=\"https:\/\/www.apdiving.com\/en\/?ddownload=4790\" target=\"_blank\">Download<\/a><\/td>\n<\/tr>\n<\/tbody><\/table><\/div><\/p><\/div><\/div><\/div><\/div><!--vgRowWrapper--><\/div><div id=\"pg-4648-2\"  class=\"panel-grid panel-has-style\" ><div class=\"panel-row-style panel-row-style-for-4648-2\" ><div class=\"vgRowWrapper\"><div id=\"pgc-4648-2-0\"  class=\"panel-grid-cell\" ><div id=\"panel-4648-2-0-0\" class=\"so-panel widget widget_sow-image panel-first-child panel-last-child\" data-index=\"5\" ><div\n\t\t\t\n\t\t\tclass=\"so-widget-sow-image so-widget-sow-image-default-8b5b6f678277-4648\"\n\t\t\t\n\t\t>\n\n<div class=\"sow-image-container\">\n\t\t<img loading=\"lazy\" decoding=\"async\" src=\"https:\/\/www.apdiving.eu\/de\/wp-content\/uploads\/separator-middle-1.jpg\" width=\"970\" height=\"20\" srcset=\"https:\/\/www.apdiving.eu\/de\/wp-content\/uploads\/separator-middle-1.jpg 970w, https:\/\/www.apdiving.eu\/de\/wp-content\/uploads\/separator-middle-1-300x6.jpg 300w, https:\/\/www.apdiving.eu\/de\/wp-content\/uploads\/separator-middle-1-768x16.jpg 768w\" sizes=\"auto, (max-width: 970px) 100vw, 970px\" alt=\"\" \t\tclass=\"so-widget-image\"\/>\n\t<\/div>\n\n<\/div><\/div><\/div><\/div><!--vgRowWrapper--><\/div><\/div><div id=\"pg-4648-3\"  class=\"panel-grid panel-no-style\" ><div class=\"vgRowWrapper\"><div id=\"pgc-4648-3-0\"  class=\"panel-grid-cell\" ><div id=\"panel-4648-3-0-0\" class=\"so-panel widget widget_black-studio-tinymce widget_black_studio_tinymce panel-first-child panel-last-child\" data-index=\"6\" ><div class=\"textwidget\"><h2 style=\"text-align: center;\">REBREATHER\u00a0BEDIENUNGSANLEITUNGEN<\/h2>\n<p><div class=\"table-responsive\"><table  style=\"width:960px; \"  class=\"easy-table easy-table-ap \" >\n<tbody>\r\n<tr><td  style=\"width:860px\" ><a href=\"https:\/\/www.apdiving.com\/en\/?ddownload=8806\">2020VISION Farbdisplay Anweisung<\/a> -\u00a0Englisch<\/td>\n<td  style=\"width:100px\" ><a href=\"https:\/\/www.apdiving.com\/en\/?ddownload=8806\">Download<\/a><\/td>\n<\/tr>\n\r\n<tr><td ><a href=\"https:\/\/www.apdiving.com\/en\/?ddownload=8808\">2020VISION Farbdisplay Anweisung<\/a> - Franz\u00f6sisch<\/td>\n<td ><a href=\"https:\/\/www.apdiving.com\/en\/?ddownload=8808\">Download<\/a><\/td>\n<\/tr>\n\r\n<tr><td ><a href=\"https:\/\/www.apdiving.com\/en\/?ddownload=4775\">ADV-Einbauanleitung<\/a> -\u00a0Englisch<\/td>\n<td ><a href=\"https:\/\/www.apdiving.com\/en\/?ddownload=4775\">Download<\/a><\/td>\n<\/tr>\n\r\n<tr><td ><a href=\"https:\/\/www.apdiving.com\/en\/?ddownload=4779\">AP Projection Manual<\/a> -\u00a0Englisch<\/td>\n<td ><a href=\"https:\/\/www.apdiving.com\/en\/?ddownload=4779\">Download<\/a><\/td>\n<\/tr>\n\r\n<tr><td ><a href=\"https:\/\/www.apdiving.eu\/en\/?ddownload=10694\">Back Mounted Gegenlungen Manual<\/a> -\u00a0Englisch<\/td>\n<td ><a href=\"https:\/\/www.apdiving.eu\/en\/?ddownload=10694\">Download<\/a><\/td>\n<\/tr>\n\r\n<tr><td ><a href=\"https:\/\/www.apdiving.com\/en\/?ddownload=4776\">Cell Validator Manual<\/a> -\u00a0Englisch<\/td>\n<td ><a href=\"https:\/\/www.apdiving.com\/en\/?ddownload=4776\">Download<\/a><\/td>\n<\/tr>\n\r\n<tr><td ><a href=\"https:\/\/www.apdiving.com\/en\/?ddownload=4777\">Cell Validator Manual<\/a> -\u00a0Franz\u00f6sisch<\/td>\n<td ><a href=\"https:\/\/www.apdiving.com\/en\/?ddownload=4777\">Download<\/a><\/td>\n<\/tr>\n\r\n<tr><td ><a href=\"https:\/\/www.apdiving.com\/en\/?ddownload=8941\">CO2 Sensor Manual<\/a> -\u00a0Englisch<\/td>\n<td ><a href=\"https:\/\/www.apdiving.com\/en\/?ddownload=8941\">Download<\/a><\/td>\n<\/tr>\n\r\n<tr><td ><a href=\"https:\/\/www.apdiving.com\/en\/?ddownload=6373\">CO2 Sensor Manual<\/a>\u00a0- Franz\u00f6sisch<\/td>\n<td ><a href=\"https:\/\/www.apdiving.com\/en\/?ddownload=6373\">Download<\/a><\/td>\n<\/tr>\n\r\n<tr><td ><a href=\"https:\/\/www.apdiving.com\/en\/?ddownload=4780\">Montageanleitung f\u00fcr Fishtail-Sidemount-Halter <\/a>-\u00a0Englisch<\/td>\n<td ><a href=\"https:\/\/www.apdiving.com\/en\/?ddownload=4780\">Download<\/a><\/td>\n<\/tr>\n\r\n<tr><td ><a href=\"https:\/\/www.apdiving.com\/en\/?ddownload=4781\">Montageanleitung f\u00fcr Vollgesichtsmasken<\/a> -\u00a0Englisch<\/td>\n<td ><a href=\"https:\/\/www.apdiving.com\/en\/?ddownload=4781\">Download<\/a><\/td>\n<\/tr>\n\r\n<tr><td ><a href=\"https:\/\/www.apdiving.com\/en\/wp-content\/uploads\/rebreather-handset-strap-instructions-apdiving.pdf\">Anleitung f\u00fcr die Armbandbefestigung am Handset<\/a> -\u00a0Englisch<\/td>\n<td ><a href=\"https:\/\/www.apdiving.com\/en\/wp-content\/uploads\/rebreather-handset-strap-instructions-apdiving.pdf\" target=\"_blank\" rel=\"noopener\">Download<\/a><\/td>\n<\/tr>\n\r\n<tr><td ><a href=\"https:\/\/www.apdiving.com\/en\/?ddownload=5047\">Montageanleitung f\u00fcr HUS<\/a> -\u00a0Englisch<\/td>\n<td ><a href=\"https:\/\/www.apdiving.com\/en\/?ddownload=5047\">Download<\/a><\/td>\n<\/tr>\n\r\n<tr><td ><a href=\"https:\/\/www.apdiving.com\/en\/?ddownload=6369\">Montageanleitung f\u00fcr HUS<\/a>\u00a0- Franz\u00f6sisch<\/td>\n<td ><a href=\"https:\/\/www.apdiving.com\/en\/?ddownload=6369\">Download<\/a><\/td>\n<\/tr>\n\r\n<tr><td ><a href=\"https:\/\/www.apdiving.com\/en\/?ddownload=4783\">Inspiration Classic Manual<\/a> -\u00a0Englisch <\/td>\n<td ><a href=\"https:\/\/www.apdiving.com\/en\/?ddownload=4783\">Download<\/a><\/td>\n<\/tr>\n\r\n<tr><td ><a href=\"https:\/\/www.apdiving.com\/en\/?ddownload=11011\">OCB Manual\u00a0- V.9<\/a>\u00a0-\u00a0Englisch<\/td>\n<td ><a href=\"https:\/\/www.apdiving.com\/en\/?ddownload=11011\">Download<\/a><\/td>\n<\/tr>\n\r\n<tr><td ><a href=\"https:\/\/www.apdiving.com\/en\/?ddownload=4773\">OCB Manual<\/a> -\u00a0Niederl\u00e4ndisch<\/td>\n<td ><a href=\"https:\/\/www.apdiving.com\/en\/?ddownload=4773\">Download<\/a><\/td>\n<\/tr>\n\r\n<tr><td ><a href=\"https:\/\/www.apdiving.com\/en\/?ddownload=11010\">OCB Manual\u00a0<\/a><a href=\"https:\/\/www.apdiving.com\/en\/?ddownload=8687\">- V.5<\/a>\u00a0- Franz\u00f6sisch<\/td>\n<td ><a href=\"https:\/\/www.apdiving.com\/en\/?ddownload=11010\">Download<\/a><\/td>\n<\/tr>\n\r\n<tr><td ><a href=\"https:\/\/www.apdiving.com\/en\/?ddownload=4785\">Solenoid Shut-off Valve Manual<\/a> -\u00a0Englisch<\/td>\n<td ><a href=\"https:\/\/www.apdiving.com\/en\/?ddownload=4785\">Download<\/a><\/td>\n<\/tr>\n\r\n<tr><td ><a href=\"https:\/\/www.apdiving.com\/en\/?ddownload=8306\">AP Vision 2020 Theme Designer Software User Manual - V.1.1<\/a> - Englisch<\/td>\n<td ><a href=\"https:\/\/www.apdiving.com\/en\/?ddownload=8306\">Download<\/a><\/td>\n<\/tr>\n\r\n<tr><td ><a href=\"https:\/\/www.apdiving.com\/en\/?ddownload=9204\">Gebrauchsanweisung f\u00fcr wiederaufladbare Batterien<\/a>\u00a0- Englisch - Issue 3<\/td>\n<td ><a href=\"https:\/\/www.apdiving.com\/en\/?ddownload=9204\">Download<\/a><\/td>\n<\/tr>\n\r\n<tr><td ><a href=\"https:\/\/www.apdiving.eu\/en\/?ddownload=10168\">Swivel Inflator Range - Fitting Guide<\/a>\u00a0- Englisch <\/td>\n<td ><a href=\"https:\/\/www.apdiving.eu\/en\/?ddownload=10168\">Download<\/a><\/td>\n<\/tr>\n\r\n<tr><td ><a href=\"https:\/\/www.apdiving.eu\/en\/?ddownload=10892\">Swivel Inflator Range - Instructions de Montage<\/a>\u00a0- Franz\u00f6sisch <\/td>\n<td ><a href=\"https:\/\/www.apdiving.eu\/en\/?ddownload=10892\">Download<\/a><\/td>\n<\/tr>\n\r\n<tr><td ><a href=\"https:\/\/www.apdiving.eu\/en\/?ddownload=10893\">Swivel Inflator Range - Montageanleitung<\/a>\u00a0- Deutsch <\/td>\n<td ><a href=\"https:\/\/www.apdiving.eu\/en\/?ddownload=10893\">Download<\/a><\/td>\n<\/tr>\n\r\n<tr><td ><a href=\"https:\/\/youtu.be\/G6CroTn74qU\">Montageanleitung f\u00fcr Rebreather Safety Mouthpiece<\/a>\u00a0- Video\/Englisch<\/td>\n<td ><a href=\"https:\/\/youtu.be\/G6CroTn74qU\">Download<\/a><\/td>\n<\/tr>\n\r\n<tr><td ><a href=\"https:\/\/www.apdiving.com\/en\/?ddownload=12010\">Montageanleitung f\u00fcr Rebreather Safety Mouthpiece<\/a> - <span class=\"s1\">A4-Druck<\/span>\/Englisch<\/td>\n<td ><a href=\"https:\/\/youtu.be\/G6CroTn74qU\">Download<\/a><\/td>\n<\/tr>\n\r\n<tr><td ><a href=\"https:\/\/www.apdiving.eu\/en\/?ddownload=10984\">Rebreather Mouthpiece (DSV) Manual<\/a>\u00a0- Englisch<\/td>\n<td ><a href=\"https:\/\/www.apdiving.eu\/en\/?ddownload=10984\">Download<\/a><\/td>\n<\/tr>\n<\/tbody><\/table><\/div><\/p>\n<\/div><\/div><\/div><\/div><!--vgRowWrapper--><\/div><div id=\"pg-4648-4\"  class=\"panel-grid panel-has-style\" ><div class=\"panel-row-style panel-row-style-for-4648-4\" ><div class=\"vgRowWrapper\"><div id=\"pgc-4648-4-0\"  class=\"panel-grid-cell\" ><div id=\"panel-4648-4-0-0\" class=\"so-panel widget widget_sow-image panel-first-child panel-last-child\" data-index=\"7\" ><div\n\t\t\t\n\t\t\tclass=\"so-widget-sow-image so-widget-sow-image-default-8b5b6f678277-4648\"\n\t\t\t\n\t\t>\n\n<div class=\"sow-image-container\">\n\t\t<img loading=\"lazy\" decoding=\"async\" src=\"https:\/\/www.apdiving.eu\/de\/wp-content\/uploads\/separator-middle-1.jpg\" width=\"970\" height=\"20\" srcset=\"https:\/\/www.apdiving.eu\/de\/wp-content\/uploads\/separator-middle-1.jpg 970w, https:\/\/www.apdiving.eu\/de\/wp-content\/uploads\/separator-middle-1-300x6.jpg 300w, https:\/\/www.apdiving.eu\/de\/wp-content\/uploads\/separator-middle-1-768x16.jpg 768w\" sizes=\"auto, (max-width: 970px) 100vw, 970px\" alt=\"\" \t\tclass=\"so-widget-image\"\/>\n\t<\/div>\n\n<\/div><\/div><\/div><\/div><!--vgRowWrapper--><\/div><\/div><div id=\"pg-4648-5\"  class=\"panel-grid panel-no-style\" ><div class=\"vgRowWrapper\"><div id=\"pgc-4648-5-0\"  class=\"panel-grid-cell\" ><div id=\"panel-4648-5-0-0\" class=\"so-panel widget widget_black-studio-tinymce widget_black_studio_tinymce panel-first-child panel-last-child\" data-index=\"8\" ><div class=\"textwidget\"><h2 style=\"text-align: center;\">REBREATHER\u00a0WARTUNGSANLEITUNG<\/h2>\n<p><div class=\"table-responsive\"><table  style=\"width:960px; \"  class=\"easy-table easy-table-ap \" >\n<tbody>\r\n<tr><td  style=\"width:860px\" ><a href=\"https:\/\/www.apdiving.com\/en\/?ddownload=8339\">ADV Wartungsanleitung V.2.2<\/a> - Englisch<\/td>\n<td  style=\"width:100px\" ><a href=\"https:\/\/www.apdiving.com\/en\/?ddownload=8339\">Download<\/a><\/td>\n<\/tr>\n\r\n<tr><td ><a href=\"https:\/\/www.apdiving.com\/en\/?ddownload=8340\">Auto Air Wartungsanleitung V.1.3<\/a> - Englisch<\/td>\n<td ><a href=\"https:\/\/www.apdiving.com\/en\/?ddownload=8340\">Download<\/a><\/td>\n<\/tr>\n\r\n<tr><td ><a href=\"https:\/\/www.apdiving.com\/en\/?ddownload=11780\">Auto Air Wartungsanleitung V.1.3<\/a> - Franz\u00f6sisch<\/td>\n<td ><a href=\"https:\/\/www.apdiving.com\/en\/?ddownload=11780\">Download<\/a><\/td>\n<\/tr>\n\r\n<tr><td ><a href=\"https:\/\/www.apdiving.com\/en\/?ddownload=8344\">Back Mounted Gegenlungen Manual Inflator Wartungsanleitung<\/a><a href=\"https:\/\/www.apdiving.com\/en\/?ddownload=8344\"> - V.1.3<\/a> - Englisch<\/td>\n<td ><a href=\"https:\/\/www.apdiving.com\/en\/?ddownload=8344\">Download<\/a><\/td>\n<\/tr>\n\r\n<tr><td ><a href=\"https:\/\/www.apdiving.com\/en\/?ddownload=8316\">Back Mounted Gegenlungen Manual Inflator Wartungsanleitung - V.1.2<\/a> - Franz\u00f6sisch<\/td>\n<td ><a href=\"https:\/\/www.apdiving.com\/en\/?ddownload=8316\">Download<\/a><\/td>\n<\/tr>\n\r\n<tr><td ><a href=\"https:\/\/www.apdiving.com\/en\/?ddownload=8341\">FS101 Wartungsanleitung - V.1.3<\/a> - Englisch<\/td>\n<td ><a href=\"https:\/\/www.apdiving.com\/en\/?ddownload=8341\">Download<\/a><\/td>\n<\/tr>\n\r\n<tr><td ><a href=\"https:\/\/www.apdiving.com\/en\/?ddownload=7420\">FS101 Wartungsanleitung<\/a> - Franz\u00f6sisch<\/td>\n<td ><a href=\"https:\/\/www.apdiving.com\/en\/?ddownload=7420\">Download<\/a><\/td>\n<\/tr>\n\r\n<tr><td ><a href=\"https:\/\/www.apdiving.com\/en\/?ddownload=11030\">GC3 Isolator Wartungsanleitung - V.1.2<\/a> - Englisch<\/td>\n<td ><a href=\"https:\/\/www.apdiving.com\/en\/?ddownload=11030\">Download<\/a>\u00a0<\/td>\n<\/tr>\n\r\n<tr><td ><a href=\"https:\/\/www.apdiving.com\/en\/?ddownload=11031\">GC3 Isolator Wartungsanleitung - V.1.2<\/a> - Franz\u00f6sisch<\/td>\n<td ><a href=\"https:\/\/www.apdiving.com\/en\/?ddownload=11031\">Download<\/a><\/td>\n<\/tr>\n\r\n<tr><td ><a href=\"https:\/\/www.apdiving.com\/en\/?ddownload=8300\">Inspiration HUD Montageanleitung V.1.2<\/a> - Englisch<\/td>\n<td ><a href=\"https:\/\/www.apdiving.com\/en\/?ddownload=8300\">Download<\/a><\/td>\n<\/tr>\n\r\n<tr><td ><a href=\"https:\/\/www.apdiving.com\/en\/?ddownload=8305\">Mitteldruck und Wellschlauch Verk\u00fcrzung Anleitung - V.1.1<\/a> - Englisch <\/td>\n<td ><a href=\"https:\/\/www.apdiving.com\/en\/?ddownload=8305\" target=\"_blank\" rel=\"noopener\">Download<\/a><\/td>\n<\/tr>\n\r\n<tr><td ><a href=\"https:\/\/www.apdiving.com\/en\/?ddownload=4788\">Mitteldruck und Wellschlauch Verk\u00fcrzung Anleitung - V.1.1<\/a> - Franz\u00f6sisch <\/td>\n<td ><a href=\"https:\/\/www.apdiving.com\/en\/?ddownload=4788\" target=\"_blank\" rel=\"noopener\">Download<\/a><\/td>\n<\/tr>\n\r\n<tr><td ><a href=\"https:\/\/www.apdiving.com\/en\/?ddownload=12045\">OCB Wartungsanleitung V.2.6<\/a> - Englisch<\/td>\n<td ><a href=\"https:\/\/www.apdiving.com\/en\/?ddownload=12045\">Download<\/a><\/td>\n<\/tr>\n\r\n<tr><td ><a href=\"https:\/\/www.apdiving.com\/en\/?ddownload=5078\">OCB Wartungsanleitung - nur Mundst\u00fcck<\/a> - Englisch<\/td>\n<td ><a href=\"https:\/\/www.apdiving.com\/en\/?ddownload=5078\">Download<\/a><\/td>\n<\/tr>\n\r\n<tr><td ><a href=\"https:\/\/www.apdiving.com\/en\/?ddownload=11955\">RB05 Manueller Diluent und Sauerstoff-Inflator Wartungsanleitung - V1.0<\/a> - Englisch<\/td>\n<td ><a href=\"https:\/\/www.apdiving.com\/en\/?ddownload=11955\">Download<\/a><\/td>\n<\/tr>\n\r\n<tr><td ><a href=\"https:\/\/www.apdiving.com\/en\/?ddownload=8679\">Solenoid (3rd Gen) Wartungsanleitung - V.2.0<\/a> - Englisch<\/td>\n<td ><a href=\"https:\/\/www.apdiving.com\/en\/?ddownload=8679\">Download<\/a><\/td>\n<\/tr>\n\r\n<tr><td ><a href=\"https:\/\/www.apdiving.com\/en\/?ddownload=9822\">Drehgelenk-Inflatoren (Serie BMCL - RBV07) Wartungsanleitung - V0.95<\/a> - Englisch<\/td>\n<td ><a href=\"https:\/\/www.apdiving.com\/en\/?ddownload=9822\">Download<\/a><\/td>\n<\/tr>\n\r\n<tr><td ><p class=\"p1\"><span class=\"s1\"><a href=\"https:\/\/www.apdiving.com\/en\/?ddownload=12008\">Rebreather Mouthpiece (DSV) (RB160) Wartungsanleitung V2.0<\/a><\/span><span class=\"s2\"> - Englisch <\/td>\n<td ><a href=\"https:\/\/www.apdiving.com\/en\/?ddownload=12008\"><span class=\"s3\">Download<\/span><\/a><\/span><\/td>\n<\/tr>\n\r\n<tr><td ><p class=\"p1\"><span class=\"s1\"><a href=\"https:\/\/www.apdiving.com\/en\/?ddownload=12004\">Rebreather Mouthpiece (DSV) (RB160) Wartungsanleitung V2.0<\/a><\/span><span class=\"s2\"> - Franz\u00f6sisch <\/td>\n<td ><a href=\"https:\/\/www.apdiving.com\/en\/?ddownload=12004\"><span class=\"s3\">Download<\/span><\/a><\/span><\/td>\n<\/tr>\n<\/tbody><\/table><\/div><\/p>\n<\/div><\/div><\/div><\/div><!--vgRowWrapper--><\/div><div id=\"pg-4648-6\"  class=\"panel-grid panel-has-style\" ><div class=\"panel-row-style panel-row-style-for-4648-6\" ><div class=\"vgRowWrapper\"><div id=\"pgc-4648-6-0\"  class=\"panel-grid-cell\" ><div id=\"panel-4648-6-0-0\" class=\"so-panel widget widget_sow-image panel-first-child panel-last-child\" data-index=\"9\" ><div\n\t\t\t\n\t\t\tclass=\"so-widget-sow-image so-widget-sow-image-default-8b5b6f678277-4648\"\n\t\t\t\n\t\t>\n\n<div class=\"sow-image-container\">\n\t\t<img loading=\"lazy\" decoding=\"async\" src=\"https:\/\/www.apdiving.eu\/de\/wp-content\/uploads\/separator-middle-1.jpg\" width=\"970\" height=\"20\" srcset=\"https:\/\/www.apdiving.eu\/de\/wp-content\/uploads\/separator-middle-1.jpg 970w, https:\/\/www.apdiving.eu\/de\/wp-content\/uploads\/separator-middle-1-300x6.jpg 300w, https:\/\/www.apdiving.eu\/de\/wp-content\/uploads\/separator-middle-1-768x16.jpg 768w\" sizes=\"auto, (max-width: 970px) 100vw, 970px\" alt=\"\" \t\tclass=\"so-widget-image\"\/>\n\t<\/div>\n\n<\/div><\/div><\/div><\/div><!--vgRowWrapper--><\/div><\/div><div id=\"pg-4648-7\"  class=\"panel-grid panel-no-style\" ><div class=\"vgRowWrapper\"><div id=\"pgc-4648-7-0\"  class=\"panel-grid-cell\" ><div id=\"panel-4648-7-0-0\" class=\"so-panel widget widget_black-studio-tinymce widget_black_studio_tinymce panel-first-child panel-last-child\" data-index=\"10\" ><div class=\"textwidget\"><h2 style=\"text-align: center;\">HINWEIS ZU TECHNISCHEN \u00c4NDERUNGEN<\/h2>\n<p><div class=\"table-responsive\"><table  style=\"width:960px; \"  class=\"easy-table easy-table-ap \" >\n<tbody>\r\n<tr><td  style=\"width:860px\" ><a href=\"https:\/\/www.apdiving.com\/en\/?ddownload=10965\">Technisches Merkblatt \u2013 Schnellverschluss-Steckverbinder \u2013 Technische \u00c4nderungsmitteilung<\/a> \u2013 Englisch <\/td>\n<td  style=\"width:100px\" > Ab Januar 2022 <\/td>\n<td ><a href=\"https:\/\/www.apdiving.com\/en\/?ddownload=10965\">Download<\/a><\/td>\n<\/tr>\n<\/tbody><\/table><\/div><\/p>\n<\/div><\/div><\/div><\/div><!--vgRowWrapper--><\/div><\/div>","protected":false},"excerpt":{"rendered":"<p>REBREATHER MANUALF\u00dcR ALLE AP REBREATHER MIT VISION-ELEKTRONIK F\u00fcr 2020VISION F\u00fcr VISION MONO<\/p>\n","protected":false},"author":4,"featured_media":0,"parent":4646,"menu_order":0,"comment_status":"open","ping_status":"closed","template":"","meta":{"footnotes":""},"class_list":["post-4648","page","type-page","status-publish","hentry"],"_links":{"self":[{"href":"https:\/\/www.apdiving.eu\/de\/wp-json\/wp\/v2\/pages\/4648","targetHints":{"allow":["GET"]}}],"collection":[{"href":"https:\/\/www.apdiving.eu\/de\/wp-json\/wp\/v2\/pages"}],"about":[{"href":"https:\/\/www.apdiving.eu\/de\/wp-json\/wp\/v2\/types\/page"}],"author":[{"embeddable":true,"href":"https:\/\/www.apdiving.eu\/de\/wp-json\/wp\/v2\/users\/4"}],"replies":[{"embeddable":true,"href":"https:\/\/www.apdiving.eu\/de\/wp-json\/wp\/v2\/comments?post=4648"}],"version-history":[{"count":10,"href":"https:\/\/www.apdiving.eu\/de\/wp-json\/wp\/v2\/pages\/4648\/revisions"}],"predecessor-version":[{"id":8517,"href":"https:\/\/www.apdiving.eu\/de\/wp-json\/wp\/v2\/pages\/4648\/revisions\/8517"}],"up":[{"embeddable":true,"href":"https:\/\/www.apdiving.eu\/de\/wp-json\/wp\/v2\/pages\/4646"}],"wp:attachment":[{"href":"https:\/\/www.apdiving.eu\/de\/wp-json\/wp\/v2\/media?parent=4648"}],"curies":[{"name":"wp","href":"https:\/\/api.w.org\/{rel}","templated":true}]}}