{"id":412,"date":"2013-09-26T13:31:07","date_gmt":"2013-09-26T13:31:07","guid":{"rendered":"http:\/\/ap.msurl.net\/blog\/?page_id=412"},"modified":"2024-08-28T07:35:09","modified_gmt":"2024-08-28T07:35:09","slug":"resources","status":"publish","type":"page","link":"https:\/\/www.apdiving.eu\/de\/bcds\/resources\/","title":{"rendered":"Resources"},"content":{"rendered":"<div id=\"pl-412\"  class=\"panel-layout\" ><div id=\"pg-412-0\"  class=\"panel-grid panel-no-style\" ><div class=\"vgRowWrapper\"><div id=\"pgc-412-0-0\"  class=\"panel-grid-cell\" ><div id=\"panel-412-0-0-0\" class=\"so-panel widget widget_black-studio-tinymce widget_black_studio_tinymce panel-first-child panel-last-child\" data-index=\"0\" ><div class=\"textwidget\"><h2 style=\"text-align: center;\">\u00a0MANUALS\u00a0<\/h2>\n<p style=\"text-align: center;\">\u00a0Alle Downloads und Brosch\u00fcren sind im PDF-Format - es sei denn, es ist anders angegeben.<br \/>Wenn Sie nicht f\u00fcndig werden, wonach\u00a0Sie suchen, dann nehmen Sie bitte\u00a0<a href=\"mailto:bcdsales@apdiving.com\">Kontakt<\/a>\u00a0zu uns auf.<\/p>\n<\/div><\/div><\/div><\/div><!--vgRowWrapper--><\/div><div id=\"pg-412-1\"  class=\"panel-grid panel-no-style\" ><div class=\"vgRowWrapper\"><div id=\"pgc-412-1-0\"  class=\"panel-grid-cell\" ><div id=\"panel-412-1-0-0\" class=\"so-panel widget widget_black-studio-tinymce widget_black_studio_tinymce panel-first-child\" data-index=\"1\" ><div class=\"textwidget\"><h3>Jacket-Manuals<\/h3>\n<\/div><\/div><div id=\"panel-412-1-0-1\" class=\"so-panel widget widget_black-studio-tinymce widget_black_studio_tinymce\" data-index=\"2\" ><div class=\"textwidget\"><p><div class=\"table-responsive\"><table  style=\"width:100%; \"  class=\"easy-table easy-table-ap \" >\n<tbody>\r\n<tr><td ><a href=\"https:\/\/www.apdiving.com\/en\/wp-content\/uploads\/bcd-scuba-reflex-bcd-manual-apdiving.pdf\">Commando-Reihe (fr\u00fcher Buddy) Jacket-Manual (2007 aufw\u00e4rts) - Englisch<\/a><\/td>\n<\/tr>\n\r\n<tr><td ><a href=\"https:\/\/www.apdiving.com\/en\/wp-content\/uploads\/bcd-scuba-reflex-bcd-manual-german-apdiving.pdf\">Commando-Reihe (fr\u00fcher Buddy) Jacket-Manual (2007 aufw\u00e4rts) - Deutsch<\/a><\/td>\n<\/tr>\n\r\n<tr><td ><a href=\"https:\/\/www.apdiving.com\/en\/wp-content\/uploads\/bcd-scuba-commando-escape-manual-apdiving.pdf\">Commando Escape-Manual<\/a><\/td>\n<\/tr>\n\r\n<tr><td ><a href=\"https:\/\/www.apdiving.com\/en\/wp-content\/uploads\/bcd-scuba-travelwing-manual-apdiving.pdf\">Travelwing-Manual<\/a><\/td>\n<\/tr>\n\r\n<tr><td ><a href=\"https:\/\/www.apdiving.com\/en\/wp-content\/uploads\/BUDDY-Instruction-manual-pre-2007.pdf\">BUDDY\u00a0Jacket-Manual (vor Oktober 2006)<\/a><\/td>\n<\/tr>\n\r\n<tr><td ><a href=\"https:\/\/www.apdiving.com\/en\/wp-content\/uploads\/JJ-Mk4-Manual-revision-June08.pdf\">Commercial Mk4\u00a0Jump Jacket-Manual<\/a><\/td>\n<\/tr>\n\r\n<tr><td ><a href=\"https:\/\/www.apdiving.com\/en\/wp-content\/uploads\/ap-diving-bcd-commando-table-which-bcd-download.pdf\">Commando-Jacket - Vergleichstabelle<\/a><\/td>\n<\/tr>\n\r\n<tr><td ><a href=\"https:\/\/www.apdiving.com\/en\/wp-content\/uploads\/ap-diving-bcd-commando-table-which-bcd-download.pdf\">Wing Jacket-Vergleichstabelle<\/a><\/td>\n<\/tr>\n\r\n<tr><td ><a href=\"https:\/\/www.apdiving.com\/en\/wp-content\/uploads\/AP-Diving-BCD-Sizing.pdf\">Jacket-Gr\u00f6\u00dfenratgeber<\/a><\/td>\n<\/tr>\n<\/tbody><\/table><\/div><\/p>\n<\/div><\/div><div id=\"panel-412-1-0-2\" class=\"so-panel widget widget_black-studio-tinymce widget_black_studio_tinymce\" data-index=\"3\" ><div class=\"textwidget\"><h3>Zubeh\u00f6r<\/h3>\n<\/div><\/div><div id=\"panel-412-1-0-3\" class=\"so-panel widget widget_black-studio-tinymce widget_black_studio_tinymce\" data-index=\"4\" ><div class=\"textwidget\"><p><div class=\"table-responsive\"><table  style=\"width:100%; \"  class=\"easy-table easy-table-ap \" >\n<tbody>\r\n<tr><td ><a href=\"https:\/\/www.apdiving.com\/en\/?ddownload=10724\">Kompakte Ratschen-Reel 45M & 90M - Anleitungen - V.1.3 2022 Englisch<\/a>\u00a0<\/td>\n<\/tr>\n\r\n<tr><td ><a href=\"https:\/\/www.apdiving.com\/en\/?ddownload=10950\">Kompakte Ratschen-Reel 45M & 90M - Anleitungen - V.1.3 2022 Deutsch<\/a>\u00a0<\/td>\n<\/tr>\n\r\n<tr><td ><a href=\"https:\/\/www.apdiving.com\/en\/?ddownload=11772\">Kompakte Ratschen-Reel 45M & 90M - Anleitungen - V.1.3 2022 Franz\u00f6sisch<\/a>\u00a0<\/td>\n<\/tr>\n\r\n<tr><td ><a href=\"https:\/\/www.apdiving.com\/en\/wp-content\/uploads\/bcd-scuba-twinset-instructions-apdiving.pdf\">Doppelflaschen-Anleitungen - Englisch<\/a>\u00a0<\/td>\n<\/tr>\n\r\n<tr><td ><a href=\"https:\/\/www.apdiving.com\/en\/wp-content\/uploads\/bcd-scuba-ponyband-instructions-apdiving.pdf\">Ponyflaschen-Anleitungen - Englisch<\/a>\u00a0<\/td>\n<\/tr>\n\r\n<tr><td ><a href=\"https:\/\/www.apdiving.com\/en\/wp-content\/uploads\/bcd-scuba-bk3-camband-instructions-apdiving.pdf\">Montageanleitung f\u00fcr Flaschenspanngurte - Englisch<\/a>\u00a0<\/td>\n<\/tr>\n\r\n<tr><td ><a href=\"https:\/\/www.apdiving.com\/en\/wp-content\/uploads\/bcd-scuba-ap36-pocketreel-instructions-apdiving.pdf\">Pocket-Reel - Anleitung (veraltetes Produkt) - Englisch<\/a>\u00a0<\/td>\n<\/tr>\n\r\n<tr><td ><a href=\"https:\/\/www.apdiving.com\/en\/wp-content\/uploads\/bcd-scuba-ap36-pocketreel-instructions-german-apdiving.pdf\">Pocket-Reel - Anleitung (veraltetes Produkt) - Deutsch<\/a>\u00a0<\/td>\n<\/tr>\n\r\n<tr><td ><a href=\"https:\/\/www.apdiving.com\/en\/wp-content\/uploads\/bcd-scuba-blast-instructions-apdiving.pdf\">Anleitung f\u00fcr die BUDDY BLAST Signalhupe - Englisch<\/a>\u00a0<\/td>\n<\/tr>\n\r\n<tr><td ><a href=\"https:\/\/www.apdiving.com\/en\/wp-content\/uploads\/bcd-scuba-verticlip-instructions-apdiving.pdf\">Verti Clip-Anleitung - Englisch<\/a>\u00a0<\/td>\n<\/tr>\n\r\n<tr><td ><a href=\"https:\/\/www.apdiving.com\/en\/wp-content\/uploads\/Ranger-Integrated-Weight-Instructions.pdf\">Anleitung zur Befestigung des BUDDY Ranger integrierten Bleis - Englisch<\/a>\u00a0<\/td>\n<\/tr>\n\r\n<tr><td ><a href=\"https:\/\/www.apdiving.com\/en\/wp-content\/uploads\/Ranger-Integrated-Weight-Instructions-German.pdf\">Anleitung zur Befestigung des BUDDY Ranger integrierten Bleis - Deutsch<\/a>\u00a0<\/td>\n<\/tr>\n\r\n<tr><td ><a href=\"https:\/\/www.apdiving.com\/en\/wp-content\/uploads\/bcd-scuba-zip-runner-instructions-apdiving.pdf\">Austauschanleitung f\u00fcr Taschenrei\u00dfverschl\u00fcsse - Englisch<\/a>\u00a0<\/td>\n<\/tr>\n<\/tbody><\/table><\/div><\/p><\/div><\/div><div id=\"panel-412-1-0-4\" class=\"so-panel widget widget_black-studio-tinymce widget_black_studio_tinymce\" data-index=\"5\" ><div class=\"textwidget\"><h3>AP Valve-Manuals<\/h3>\n<\/div><\/div><div id=\"panel-412-1-0-5\" class=\"so-panel widget widget_black-studio-tinymce widget_black_studio_tinymce\" data-index=\"6\" ><div class=\"textwidget\"><p><div class=\"table-responsive\"><table  style=\"width:100%; \"  class=\"easy-table easy-table-ap \" >\n<tbody>\r\n<tr><td ><a href=\"https:\/\/www.apdiving.com\/en\/?ddownload=8346\">APV200 AP Valve-Manual - Englisch - V1.2<\/a><\/td>\n<\/tr>\n\r\n<tr><td ><a href=\"https:\/\/www.apdiving.com\/en\/?ddownload=8347\">APV300 - Jacket\u00a0Inflator-Manual - Englisch - V.1.3<\/a><\/td>\n<\/tr>\n<\/tbody><\/table><\/div><\/p><\/div><\/div><div id=\"panel-412-1-0-6\" class=\"so-panel widget widget_black-studio-tinymce widget_black_studio_tinymce\" data-index=\"7\" ><div class=\"textwidget\"><h3>Auto Air-Manuals<\/h3>\n<\/div><\/div><div id=\"panel-412-1-0-7\" class=\"so-panel widget widget_black-studio-tinymce widget_black_studio_tinymce panel-last-child\" data-index=\"8\" ><div class=\"textwidget\"><p><div class=\"table-responsive\"><table  style=\"width:100%; \"  class=\"easy-table easy-table-ap \" >\n<tbody>\r\n<tr><td ><a href=\"https:\/\/www.apdiving.com\/en\/?ddownload=8340\" target=\"_blank\">AP100 AutoAir &amp; EV50 MP Schlauch-Wartungshandbuch V1.3 - Englisch<\/a><\/td>\n<\/tr>\n\r\n<tr><td ><a href=\"https:\/\/www.apdiving.com\/en\/wp-content\/uploads\/bcd-scuba-apv100-balanced-autoair-manual-apdiving.pdf\">APV100 Auto Air-Manual (2007 aufw\u00e4rts) - Englisch<\/a>\u00a0<\/td>\n<\/tr>\n\r\n<tr><td ><a href=\"https:\/\/www.apdiving.com\/en\/wp-content\/uploads\/bcd-scuba-apv100-balanced-autoair-manual-german-apdiving.pdf\">APV100 Auto Air- Manual (2007 aufw\u00e4rts) - Deutsch<\/a>\u00a0<\/td>\n<\/tr>\n\r\n<tr><td ><a href=\"https:\/\/www.apdiving.com\/en\/wp-content\/uploads\/bcd-scuba-ap100-autoair-manual-apdiving.pdf\">AP100 Auto Air- Manual (vor Oktober 2006) - Englisch<\/a>\u00a0<\/td>\n<\/tr>\n\r\n<tr><td ><a href=\"https:\/\/www.apdiving.com\/en\/wp-content\/uploads\/bcd-scuba-apv100-balanced-autoair-manual-apdiving.pdf\">AP100 Auto Air-Manual (vor Oktober 2006) - Deutsch<\/a><\/td>\n<\/tr>\n<\/tbody><\/table><\/div><\/p><\/div><\/div><\/div><\/div><!--vgRowWrapper--><\/div><\/div>","protected":false},"excerpt":{"rendered":"<p>\u00a0MANUALS\u00a0\u00a0Alle Downloads und Brosch\u00fcren sind im PDF-Format &#8211; es sei denn, es ist anders angegeben.Wenn Sie nicht f\u00fcndig werden, wonach\u00a0Sie suchen, dann nehmen Sie bitte\u00a0Kontakt\u00a0zu uns auf. Jacket-Manuals Zubeh\u00f6r AP Valve-Manuals Auto Air-Manuals<\/p>\n","protected":false},"author":4,"featured_media":0,"parent":396,"menu_order":6,"comment_status":"open","ping_status":"open","template":"","meta":{"footnotes":""},"class_list":["post-412","page","type-page","status-publish","hentry"],"_links":{"self":[{"href":"https:\/\/www.apdiving.eu\/de\/wp-json\/wp\/v2\/pages\/412","targetHints":{"allow":["GET"]}}],"collection":[{"href":"https:\/\/www.apdiving.eu\/de\/wp-json\/wp\/v2\/pages"}],"about":[{"href":"https:\/\/www.apdiving.eu\/de\/wp-json\/wp\/v2\/types\/page"}],"author":[{"embeddable":true,"href":"https:\/\/www.apdiving.eu\/de\/wp-json\/wp\/v2\/users\/4"}],"replies":[{"embeddable":true,"href":"https:\/\/www.apdiving.eu\/de\/wp-json\/wp\/v2\/comments?post=412"}],"version-history":[{"count":10,"href":"https:\/\/www.apdiving.eu\/de\/wp-json\/wp\/v2\/pages\/412\/revisions"}],"predecessor-version":[{"id":8247,"href":"https:\/\/www.apdiving.eu\/de\/wp-json\/wp\/v2\/pages\/412\/revisions\/8247"}],"up":[{"embeddable":true,"href":"https:\/\/www.apdiving.eu\/de\/wp-json\/wp\/v2\/pages\/396"}],"wp:attachment":[{"href":"https:\/\/www.apdiving.eu\/de\/wp-json\/wp\/v2\/media?parent=412"}],"curies":[{"name":"wp","href":"https:\/\/api.w.org\/{rel}","templated":true}]}}