{"id":4018,"date":"2014-11-05T11:56:08","date_gmt":"2014-11-05T11:56:08","guid":{"rendered":"http:\/\/www.apdiving.com\/en\/?page_id=4018"},"modified":"2014-11-28T11:29:12","modified_gmt":"2014-11-28T11:29:12","slug":"blog","status":"publish","type":"page","link":"https:\/\/www.apdiving.eu\/de\/blog\/","title":{"rendered":"Blog"},"content":{"rendered":"<div id=\"pl-4018\"  class=\"panel-layout\" ><div id=\"pg-4018-0\"  class=\"panel-grid panel-has-style\" ><div class=\"vgfull vg-spacing panel-row-style panel-row-style-for-4018-0\" ><div class=\"vgRowWrapper\"><div id=\"pgc-4018-0-0\"  class=\"panel-grid-cell panel-grid-cell-empty\" ><\/div><div id=\"pgc-4018-0-1\"  class=\"panel-grid-cell panel-grid-cell-mobile-last\" ><div id=\"panel-4018-0-1-0\" class=\"so-panel widget widget_black-studio-tinymce widget_black_studio_tinymce panel-first-child panel-last-child\" data-index=\"0\" ><div class=\"textwidget\"><p><div class=\"ap-post-entry\">\n    \n    <p class=\"entry-date\"><a href=\"https:\/\/www.apdiving.eu\/de\/tamataroa1\/\"><i class=\"fa fa-calendar\"><\/i>&nbsp;&nbsp;June 8, 2023<\/a><\/p>\n    \n    <div class=\"entry-title\"><h2><a href=\"https:\/\/www.apdiving.eu\/de\/tamataroa1\/\">TAMATAROA 1 \u2013 Die Untersuchung des Gro\u00dfen Hammerhais<\/a><\/h2><\/div>\n        <a href=\"https:\/\/www.apdiving.eu\/de\/tamataroa1\/\" class=\"featured-image\" style=\"background-image:url(https:\/\/www.apdiving.eu\/de\/wp-content\/uploads\/laurent-1200.jpg)\"><\/a>\n    <div class=\"entry-summary\">\n        <p class=\"post-excerpt\"><p>TAMATAROA 1 \u2013 Laurent Ballestas neueste Mission: den Gt-Hammerhai in Franz\u00f6sisch-Polynesien zu sch\u00fctzen \u2026<\/p>\n<\/p>\n    <\/div>\n   \n    <span style=\"display:block; clear:both; height:1px;\"><\/span>\n\t<div><a href=\"https:\/\/www.apdiving.eu\/de\/tamataroa1\/\" class=\"post-read-more\">Mehr&nbsp;&nbsp;<i class=\"fa fa-angle-right\"><\/i><\/a><\/div>\n\n<\/div>\n    <div class=\"ap-post-entry\">\n    \n    <p class=\"entry-date\"><a href=\"https:\/\/www.apdiving.eu\/de\/produkt-update-vliesfilter-fur-kalkbehalter\/\"><i class=\"fa fa-calendar\"><\/i>&nbsp;&nbsp;March 21, 2016<\/a><\/p>\n    \n    <div class=\"entry-title\"><h2><a href=\"https:\/\/www.apdiving.eu\/de\/produkt-update-vliesfilter-fur-kalkbehalter\/\">Produkt Update: Vliesfilter f\u00fcr Kalkbeh\u00e4lter<\/a><\/h2><\/div>\n        <a href=\"https:\/\/www.apdiving.eu\/de\/produkt-update-vliesfilter-fur-kalkbehalter\/\" class=\"featured-image\" style=\"background-image:url(https:\/\/www.apdiving.eu\/de\/wp-content\/uploads\/scrim-news-150x150-copy.jpg)\"><\/a>\n    <div class=\"entry-summary\">\n        <p class=\"post-excerpt\"><p>Die Vliesfilter welche am Boden und am oberen Ende des Kalkbeh\u00e4lters eingesetzt werden, wurden \u00fcberarbeitet und bestehen nun aus einem dickeren\/steiferen Material, welches an den R\u00e4ndern nicht mehr so leicht ausfranst.<\/p>\n<\/p>\n    <\/div>\n   \n    <span style=\"display:block; clear:both; height:1px;\"><\/span>\n\t<div><a href=\"https:\/\/www.apdiving.eu\/de\/produkt-update-vliesfilter-fur-kalkbehalter\/\" class=\"post-read-more\">Mehr&nbsp;&nbsp;<i class=\"fa fa-angle-right\"><\/i><\/a><\/div>\n\n<\/div>\n    <div class=\"ap-post-entry\">\n    \n    <p class=\"entry-date\"><a href=\"https:\/\/www.apdiving.eu\/de\/diver-award\/\"><i class=\"fa fa-calendar\"><\/i>&nbsp;&nbsp;February 29, 2016<\/a><\/p>\n    \n    <div class=\"entry-title\"><h2><a href=\"https:\/\/www.apdiving.eu\/de\/diver-award\/\">Diver Awards &#8211; Produkte des Jahres 2015<\/a><\/h2><\/div>\n        <a href=\"https:\/\/www.apdiving.eu\/de\/diver-award\/\" class=\"featured-image\" style=\"background-image:url(https:\/\/www.apdiving.eu\/de\/wp-content\/uploads\/diver-awards-150.jpg)\"><\/a>\n    <div class=\"entry-summary\">\n        <p class=\"post-excerpt\"><p>Ein gro\u00dfes Dankesch\u00f6n geht an Sie, die Leser des DIVER Magazine, die Sie das  AP 2020VISION Colour Display zu einem der Produkte des Jahres 2015 gew\u00e4hlt haben.<\/p>\n<\/p>\n    <\/div>\n   \n    <span style=\"display:block; clear:both; height:1px;\"><\/span>\n\t<div><a href=\"https:\/\/www.apdiving.eu\/de\/diver-award\/\" class=\"post-read-more\">Mehr&nbsp;&nbsp;<i class=\"fa fa-angle-right\"><\/i><\/a><\/div>\n\n<\/div>\n    <div class=\"ap-post-entry\">\n    \n    <p class=\"entry-date\"><a href=\"https:\/\/www.apdiving.eu\/de\/upcoming-shows-2025\/\"><i class=\"fa fa-calendar\"><\/i>&nbsp;&nbsp;January 1, 2016<\/a><\/p>\n    \n    <div class=\"entry-title\"><h2><a href=\"https:\/\/www.apdiving.eu\/de\/upcoming-shows-2025\/\">TAUCHMESSEN<\/a><\/h2><\/div>\n        <a href=\"https:\/\/www.apdiving.eu\/de\/upcoming-shows-2025\/\" class=\"featured-image\" style=\"background-image:url(https:\/\/www.apdiving.eu\/de\/wp-content\/uploads\/dive-show-preview-de.jpg)\"><\/a>\n    <div class=\"entry-summary\">\n        <p class=\"post-excerpt\"><p>Besuchen Sie uns auf folgenden Dive Shows.<\/p>\n<\/p>\n    <\/div>\n   \n    <span style=\"display:block; clear:both; height:1px;\"><\/span>\n\t<div><a href=\"https:\/\/www.apdiving.eu\/de\/upcoming-shows-2025\/\" class=\"post-read-more\">Mehr&nbsp;&nbsp;<i class=\"fa fa-angle-right\"><\/i><\/a><\/div>\n\n<\/div>\n    <div class=\"ap-post-entry\">\n    \n    <p class=\"entry-date\"><a href=\"https:\/\/www.apdiving.eu\/de\/die-neue-2020vision-farbdisplay-ist-hier\/\"><i class=\"fa fa-calendar\"><\/i>&nbsp;&nbsp;December 7, 2015<\/a><\/p>\n    \n    <div class=\"entry-title\"><h2><a href=\"https:\/\/www.apdiving.eu\/de\/die-neue-2020vision-farbdisplay-ist-hier\/\">Die Neue 2020VISION FARBDISPLAY ist hier&#8230;<\/a><\/h2><\/div>\n        <a href=\"https:\/\/www.apdiving.eu\/de\/die-neue-2020vision-farbdisplay-ist-hier\/\" class=\"featured-image\" style=\"background-image:url(https:\/\/www.apdiving.eu\/de\/wp-content\/uploads\/2020-vision-thumbnail-2-300x1821.jpg)\"><\/a>\n    <div class=\"entry-summary\">\n        <p class=\"post-excerpt\"><p>Das AP 2020VISION Farbdisplay ist ein ultrahelles, hochaufl\u00f6sendes Vollfarbdisplay&#8230;<\/p>\n<\/p>\n    <\/div>\n   \n    <span style=\"display:block; clear:both; height:1px;\"><\/span>\n\t<div><a href=\"https:\/\/www.apdiving.eu\/de\/die-neue-2020vision-farbdisplay-ist-hier\/\" class=\"post-read-more\">Mehr&nbsp;&nbsp;<i class=\"fa fa-angle-right\"><\/i><\/a><\/div>\n\n<\/div>\n    <div class=\"ap-post-entry\">\n    \n    <p class=\"entry-date\"><a href=\"https:\/\/www.apdiving.eu\/de\/update-februar-2015-apd14-sauerstoffsensoren\/\"><i class=\"fa fa-calendar\"><\/i>&nbsp;&nbsp;May 15, 2015<\/a><\/p>\n    \n    <div class=\"entry-title\"><h2><a href=\"https:\/\/www.apdiving.eu\/de\/update-februar-2015-apd14-sauerstoffsensoren\/\">Update Februar 2015: APD14 Sauerstoffsensoren<\/a><\/h2><\/div>\n        <a href=\"https:\/\/www.apdiving.eu\/de\/update-februar-2015-apd14-sauerstoffsensoren\/\" class=\"featured-image\" style=\"background-image:url()\"><\/a>\n    <div class=\"entry-summary\">\n        <p class=\"post-excerpt\"><p>Der APD14 ist der AP Diving eigene, neu konstruierte und intern neu strukturierte Sauerstoffsensor, der im Juli 2014 wieder eingef\u00fchrt wurde. <\/p>\n<\/p>\n    <\/div>\n   \n    <span style=\"display:block; clear:both; height:1px;\"><\/span>\n\t<div><a href=\"https:\/\/www.apdiving.eu\/de\/update-februar-2015-apd14-sauerstoffsensoren\/\" class=\"post-read-more\">Mehr&nbsp;&nbsp;<i class=\"fa fa-angle-right\"><\/i><\/a><\/div>\n\n<\/div>\n    <div class=\"ap-post-entry\">\n    \n    <p class=\"entry-date\"><a href=\"https:\/\/www.apdiving.eu\/de\/tauchmessen-2015\/\"><i class=\"fa fa-calendar\"><\/i>&nbsp;&nbsp;January 1, 2015<\/a><\/p>\n    \n    <div class=\"entry-title\"><h2><a href=\"https:\/\/www.apdiving.eu\/de\/tauchmessen-2015\/\">TAUCHMESSEN 2015<\/a><\/h2><\/div>\n        <a href=\"https:\/\/www.apdiving.eu\/de\/tauchmessen-2015\/\" class=\"featured-image\" style=\"background-image:url(https:\/\/www.apdiving.eu\/de\/wp-content\/uploads\/upcoming-shows-thumb.jpg)\"><\/a>\n    <div class=\"entry-summary\">\n        <p class=\"post-excerpt\"><p>Besuchen Sie uns auf folgenden Dive Shows&#8230;<\/p>\n<\/p>\n    <\/div>\n   \n    <span style=\"display:block; clear:both; height:1px;\"><\/span>\n\t<div><a href=\"https:\/\/www.apdiving.eu\/de\/tauchmessen-2015\/\" class=\"post-read-more\">Mehr&nbsp;&nbsp;<i class=\"fa fa-angle-right\"><\/i><\/a><\/div>\n\n<\/div>\n    <div class=\"ap-post-entry\">\n    \n    <p class=\"entry-date\"><a href=\"https:\/\/www.apdiving.eu\/de\/all-change-at-ap\/\"><i class=\"fa fa-calendar\"><\/i>&nbsp;&nbsp;December 21, 2014<\/a><\/p>\n    \n    <div class=\"entry-title\"><h2><a href=\"https:\/\/www.apdiving.eu\/de\/all-change-at-ap\/\">GROSSE VER\u00c4NDERUNGEN BEI AP&#8230;<\/a><\/h2><\/div>\n        <a href=\"https:\/\/www.apdiving.eu\/de\/all-change-at-ap\/\" class=\"featured-image\" style=\"background-image:url(https:\/\/www.apdiving.eu\/de\/wp-content\/uploads\/all-change-at-ap-apdiving.jpg)\"><\/a>\n    <div class=\"entry-summary\">\n        <p class=\"post-excerpt\"><p>AP Valves, von David Parker 1969, gegr\u00fcndet hat sich mit seinem Rebreather-Schwesterunternehmen Ambient Pressure zusammengeschlossen, um wieder als ein Unternehmen aufzutreten \u2013 AP Diving.<\/p>\n<\/p>\n    <\/div>\n   \n    <span style=\"display:block; clear:both; height:1px;\"><\/span>\n\t<div><a href=\"https:\/\/www.apdiving.eu\/de\/all-change-at-ap\/\" class=\"post-read-more\">Mehr&nbsp;&nbsp;<i class=\"fa fa-angle-right\"><\/i><\/a><\/div>\n\n<\/div>\n    <div class=\"ap-post-entry\">\n    \n    <p class=\"entry-date\"><a href=\"https:\/\/www.apdiving.eu\/de\/new-ap-products-unveiled\/\"><i class=\"fa fa-calendar\"><\/i>&nbsp;&nbsp;December 16, 2014<\/a><\/p>\n    \n    <div class=\"entry-title\"><h2><a href=\"https:\/\/www.apdiving.eu\/de\/new-ap-products-unveiled\/\">Neue AP Produkte Enth\u00fcllt&#8230;<\/a><\/h2><\/div>\n        <a href=\"https:\/\/www.apdiving.eu\/de\/new-ap-products-unveiled\/\" class=\"featured-image\" style=\"background-image:url(https:\/\/www.apdiving.eu\/de\/wp-content\/uploads\/ap-product-launch-20014.jpg)\"><\/a>\n    <div class=\"entry-summary\">\n        <p class=\"post-excerpt\"><p>Hier ein schneller \u00dcberblick \u00fcber die 3 neuen Produkte, die wir n\u00e4chstes Wochenende auf der EUROTek 2014 Advanced Diving Conference in Birmingham, UK, ausstellen werden.<\/p>\n<\/p>\n    <\/div>\n   \n    <span style=\"display:block; clear:both; height:1px;\"><\/span>\n\t<div><a href=\"https:\/\/www.apdiving.eu\/de\/new-ap-products-unveiled\/\" class=\"post-read-more\">Mehr&nbsp;&nbsp;<i class=\"fa fa-angle-right\"><\/i><\/a><\/div>\n\n<\/div>\n    <div class=\"ap-post-entry\">\n    \n    <p class=\"entry-date\"><a href=\"https:\/\/www.apdiving.eu\/de\/the-gombessa-ii-expedition-2014\/\"><i class=\"fa fa-calendar\"><\/i>&nbsp;&nbsp;November 28, 2014<\/a><\/p>\n    \n    <div class=\"entry-title\"><h2><a href=\"https:\/\/www.apdiving.eu\/de\/the-gombessa-ii-expedition-2014\/\">24-Weltrekord-Tauchgang<\/a><\/h2><\/div>\n        <a href=\"https:\/\/www.apdiving.eu\/de\/the-gombessa-ii-expedition-2014\/\" class=\"featured-image\" style=\"background-image:url(https:\/\/www.apdiving.eu\/de\/wp-content\/uploads\/rebreathers-bcds-scuba-trip-reports-24hour-featured-image-apdiving-150x150.jpg)\"><\/a>\n    <div class=\"entry-summary\">\n        <p class=\"post-excerpt\"><p>\u201cGOMBESSA II\u201d Expedition 2014 &#8211; 24-Weltrekord-Tauchgang<\/p>\n<\/p>\n    <\/div>\n   \n    <span style=\"display:block; clear:both; height:1px;\"><\/span>\n\t<div><a href=\"https:\/\/www.apdiving.eu\/de\/the-gombessa-ii-expedition-2014\/\" class=\"post-read-more\">Mehr&nbsp;&nbsp;<i class=\"fa fa-angle-right\"><\/i><\/a><\/div>\n\n<\/div>\n    <\/p><\/div><\/div><\/div><div id=\"pgc-4018-0-2\"  class=\"panel-grid-cell panel-grid-cell-empty\" ><\/div><\/div><!--vgRowWrapper--><\/div><\/div><\/div>","protected":false},"excerpt":{"rendered":"","protected":false},"author":4,"featured_media":0,"parent":0,"menu_order":0,"comment_status":"open","ping_status":"open","template":"","meta":{"footnotes":""},"class_list":["post-4018","page","type-page","status-publish","hentry"],"_links":{"self":[{"href":"https:\/\/www.apdiving.eu\/de\/wp-json\/wp\/v2\/pages\/4018","targetHints":{"allow":["GET"]}}],"collection":[{"href":"https:\/\/www.apdiving.eu\/de\/wp-json\/wp\/v2\/pages"}],"about":[{"href":"https:\/\/www.apdiving.eu\/de\/wp-json\/wp\/v2\/types\/page"}],"author":[{"embeddable":true,"href":"https:\/\/www.apdiving.eu\/de\/wp-json\/wp\/v2\/users\/4"}],"replies":[{"embeddable":true,"href":"https:\/\/www.apdiving.eu\/de\/wp-json\/wp\/v2\/comments?post=4018"}],"version-history":[{"count":4,"href":"https:\/\/www.apdiving.eu\/de\/wp-json\/wp\/v2\/pages\/4018\/revisions"}],"predecessor-version":[{"id":4078,"href":"https:\/\/www.apdiving.eu\/de\/wp-json\/wp\/v2\/pages\/4018\/revisions\/4078"}],"wp:attachment":[{"href":"https:\/\/www.apdiving.eu\/de\/wp-json\/wp\/v2\/media?parent=4018"}],"curies":[{"name":"wp","href":"https:\/\/api.w.org\/{rel}","templated":true}]}}