{"id":396,"date":"2013-09-26T10:05:24","date_gmt":"2013-09-26T10:05:24","guid":{"rendered":"http:\/\/ap.msurl.net\/blog\/?page_id=396"},"modified":"2022-03-07T16:25:20","modified_gmt":"2022-03-07T16:25:20","slug":"bcds","status":"publish","type":"page","link":"https:\/\/www.apdiving.eu\/de\/bcds\/","title":{"rendered":"BCDs"},"content":{"rendered":"<div id=\"pl-396\"  class=\"panel-layout\" ><div id=\"pg-396-0\"  class=\"panel-grid panel-has-style\" ><div class=\"sep panel-row-style panel-row-style-for-396-0\" ><div class=\"vgRowWrapper\"><div id=\"pgc-396-0-0\"  class=\"panel-grid-cell\" ><div class=\"vgLinkPoint\"><a name=\"leben-frs-tauchen\"><\/a><input type=\"hidden\" class=\"linkpointtext\" value=\"LEBEN F\u00dcRS TAUCHEN\" \/><input type=\"hidden\" class=\"linkpointimg\" value=\"https:\/\/www.apdiving.eu\/de\/wp-content\/uploads\/bcd-home-carousel-live-to-dive-apdiving.jpg\" \/><\/div><div id=\"panel-396-0-0-1\" class=\"so-panel widget widget_black-studio-tinymce widget_black_studio_tinymce\" data-index=\"1\" ><div class=\"textwidget\"><h1>SIE LEBEN F\u00dcR<br \/>DAS TAUCHEN<\/h1>\n<h3>Das verstehen wir.<\/h3>\n<p><strong>Jedes Jahr wagen mehr und mehr Leute den Sprung ins Blaue, um die einzigartigen Erfahrungen und Augenblicke zu erleben, die nur das Tauchen erm\u00f6glicht.<\/strong> F\u00fcr einige geht es um den Adrenalinrausch, ja sogar ums Risiko, darum an Grenzen zu gehen und sie zu \u00fcberschreiten. F\u00fcr andere ist das Abenteuer viel entspannter: es sind die ruhige Magie des schwerelosen Erkundens, die \u00fcberw\u00e4ltigenden Landschaften unserer Ozeane, Riffe und Wracks.<\/p>\n<p>Was auch immer Ihre pers\u00f6nliche Motivation f\u00fcr das Tauchen ist, die Wahrheit ist, dass wir als Menschen eine fremde Welt betreten f\u00fcr die wir nicht gemacht sind. Wir sind nicht daf\u00fcr \u201ekonstruiert\u201c, gut unter Wasser zu funktionieren und daher ist es absolut unerl\u00e4sslich, dass Sie Ausr\u00fcstung benutzen, die genau dieses tut. Sie m\u00fcssen darauf vertrauen k\u00f6nnen, dass Ihre Ausr\u00fcstung tadellos arbeitet wenn es drauf ankommt<\/p>\n<p>Von unserem allerersten Ventil bis zu unseren neuesten Jackets, von der Werkstatt bis in die Gesch\u00e4ftsf\u00fchrungsetage, wir bei AP leben ebenfalls f\u00fcr das Tauchen. Wir sind innovativ und fertigen und verkaufen Tauchausr\u00fcstung, die dem Zahn der Zeit und den Elementen trotzt.<\/p>\n<\/div><\/div><div class=\"vgLinkDouble\"><a  class=\"vgLink darkgray\" href=\"https:\/\/www.apdiving.eu\/de\/bcds\/which-bcd\/\">Erfahren Sie mehr<\/a><a  class=\"vgLink yellow\" href=\"https:\/\/www.apdiving.com\/shop\/bcd-open-circuit.html?___store=de_de\">Jetzt kaufen<\/a><\/div><\/div><div id=\"pgc-396-0-1\"  class=\"panel-grid-cell\" ><div class=\"vg-image-widget\"><img decoding=\"async\" src=\"https:\/\/www.apdiving.eu\/de\/wp-content\/uploads\/bcd-home-you-live-to-dive-apdiving1.jpg\" alt=\"\"\/><span class=\"caption\">Jeff Parker AP &copy;<\/span><\/div><\/div><\/div><!--vgRowWrapper--><\/div><\/div><div id=\"pg-396-1\"  class=\"panel-grid panel-no-style\" ><div class=\"vgRowWrapper\"><div id=\"pgc-396-1-0\"  class=\"panel-grid-cell\" ><div class=\"vgLinkPoint\"><a name=\"commando-komfort\"><\/a><input type=\"hidden\" class=\"linkpointtext\" value=\"COMMANDO -KOMFORT\" \/><input type=\"hidden\" class=\"linkpointimg\" value=\"https:\/\/www.apdiving.eu\/de\/wp-content\/uploads\/bcd-home-carousel-comfort-commando-apdiving.jpg\" \/><\/div><div id=\"panel-396-1-0-1\" class=\"so-panel widget widget_black-studio-tinymce widget_black_studio_tinymce\" data-index=\"5\" ><div class=\"textwidget\"><h1 style=\"text-align: center;\">DAS COMMANDO IST\u00a0SO BEQUEM...<\/h1>\n<h3 style=\"text-align: center;\">Sie werden vergessen, dass Sie es tragen.<\/h3>\n<\/div><\/div><div class=\"vg-image-widget\"><img decoding=\"async\" src=\"https:\/\/www.apdiving.eu\/de\/wp-content\/uploads\/bcds-commando-explorer-apdiving.jpg\" alt=\"\"\/><span class=\"caption\">Jeff Parker AP &copy;<\/span><\/div><div id=\"panel-396-1-0-3\" class=\"so-panel widget widget_black-studio-tinymce widget_black_studio_tinymce panel-last-child\" data-index=\"7\" ><div class=\"textwidget\"><p><strong>Sie sind kein Durchschnittstaucher, warum sich also in irgendein Standardgr\u00f6\u00dfen-Jacket qu\u00e4len?<\/strong> Die meisten AP Commando-Jackets und -Wings sind mit unserem einzigartigen patentierten Element-Comfort-Fit-System ausgestattet: anatomisch geformt, durchgehend gepolstert und ganz fein an Schultern, Taille und R\u00fcckentrage einstellbar.<\/p><p>Dies ist nur eines der vielen Ausstattungsmerkmale der neuen AP Commando-Jacketserie die entwickelt wurde, damit jeder Tauchgang den Sie unternehmen besser wird.<\/p><\/div><\/div><\/div><\/div><!--vgRowWrapper--><\/div><div id=\"pg-396-2\"  class=\"panel-grid panel-has-style\" ><div class=\"sep panel-row-style panel-row-style-for-396-2\" ><div class=\"vgRowWrapper\"><div id=\"pgc-396-2-0\"  class=\"panel-grid-cell\" ><div class=\"vgLinkDouble\"><a  class=\"vgLink darkgray\" href=\"https:\/\/www.apdiving.eu\/de\/bcds\/technology\/\">Erfahren Sie mehr<\/a><a  class=\"vgLink yellow\" href=\"https:\/\/www.apdiving.com\/shop\/bcd-open-circuit\/bcds.html?___store=de_de\">Jetzt kaufen<\/a><\/div><\/div><\/div><!--vgRowWrapper--><\/div><\/div><div id=\"pg-396-3\"  class=\"panel-grid panel-has-style\" ><div class=\"sep panel-row-style panel-row-style-for-396-3\" ><div class=\"vgRowWrapper\"><div id=\"pgc-396-3-0\"  class=\"panel-grid-cell\" ><div class=\"vg-image-widget\"><img decoding=\"async\" src=\"https:\/\/www.apdiving.eu\/de\/wp-content\/uploads\/bcd-home-fabric-apdiving.jpg\" alt=\"\"\/><span class=\"caption\">Jeff Parker AP &copy;<\/span><\/div><\/div><div id=\"pgc-396-3-1\"  class=\"panel-grid-cell\" ><div class=\"vgLinkPoint\"><a name=\"robuste-technik\"><\/a><input type=\"hidden\" class=\"linkpointtext\" value=\"ROBUSTE TECHNIK\" \/><input type=\"hidden\" class=\"linkpointimg\" value=\"https:\/\/www.apdiving.eu\/de\/wp-content\/uploads\/bcd-home-carousel-tough-tech-apdiving.jpg\" \/><\/div><div id=\"panel-396-3-1-1\" class=\"so-panel widget widget_black-studio-tinymce widget_black_studio_tinymce\" data-index=\"11\" ><div class=\"textwidget\"><h1>WIR FANDEN WEIT UND BREIT KEIN MATERIAL; DAS ROBUST GENUG F\u00dcR UNSERE JACKETS WAR<\/h1>\n<h3>Also haben wir eins erfunden.<\/h3>\n<p><strong>Endura FX100 ist ein speziell entwickeltes, ma\u00dfgeschneidertes Material, das nur in AP-Jackets zur Verwendung kommt.<\/strong> Das extrem widerstandsf\u00e4hige Hochleistungs-1000er-Denier-Cordura wurde extra von einem von uns beauftragten spezialisierten Hersteller entwickelt, um extremen Bedingungen zu widerstehen und maximale Durchsto\u00df- und Abriebfestigkeit zu gew\u00e4hrleisten.<\/p>\n<p>Endura FX100 ist beidseitig beschichtet um einem Durchscheuern vorzubeugen, f\u00fcr Farbbest\u00e4ndigkeit und zum Schutz gegen Einwirkung von chemischen Stoffen und UV-Bestrahlung. Im Ergebnis sind unsere Doppelblasen-Jackets die robustesten ihrer Art, die jemals hergestellt wurden. Die Au\u00dfenh\u00fclle aus Endura FX100 sch\u00fctzt die luftdichte Innenblase aus PU, die selbst so haltbar ist, dass wir sie mit einer Lebensgarantie auf die hochfrequenzverschwei\u00dften N\u00e4hte ausstatten.<\/p>\n<p>\u00a0<\/p>\n<\/div><\/div><div class=\"vgLinkSingle\"><a  class=\"vgLink darkgray\" href=\"https:\/\/www.apdiving.eu\/de\/bcds\/technology\/\">Erfahren Sie mehr<\/a><\/div><\/div><\/div><!--vgRowWrapper--><\/div><\/div><div id=\"pg-396-4\"  class=\"panel-grid panel-no-style\" ><div class=\"vgRowWrapper\"><div id=\"pgc-396-4-0\"  class=\"panel-grid-cell\" ><div class=\"vgLinkPoint\"><a name=\"vielfltige-auswahl\"><\/a><input type=\"hidden\" class=\"linkpointtext\" value=\"VIELF\u00c4LTIGE AUSWAHL\" \/><input type=\"hidden\" class=\"linkpointimg\" value=\"https:\/\/www.apdiving.eu\/de\/wp-content\/uploads\/bcd-home-carousel-multiple-choice-apdiving1.jpg\" \/><\/div><div id=\"panel-396-4-0-1\" class=\"so-panel widget widget_black-studio-tinymce widget_black_studio_tinymce panel-last-child\" data-index=\"14\" ><div class=\"textwidget\"><h1>VIELF\u00c4LTIGE AUSWAHL<\/h1>\n<h3>Stellen Sie uns auf die Probe.<\/h3>\n<p><strong>Jeder Taucher ist anders. Jeder Tauchgang ist anders.<\/strong> Daher sind die neuen AP Commandos und AP-Wings mehr als nur Qualit\u00e4tsjackets. Sie sind beliebig konfigurierbare Tauch-Sicherheitssysteme.<\/p>\n<p>W\u00e4hlen Sie zwischen dem Auto Air Octo-Inflator oder dem einzigartigen APV200 (dem urspr\u00fcnglichen AP Notfall-Inflator\/Atemventil), erg\u00e4nzen Sie eine Notfallflasche, ein bleiintegriertes Gewichtssystem oder Taschen zur Aufnahme von extra Tauchzubeh\u00f6r, r\u00fcsten Sie auf Doppelflaschenhalterung auf, oder erg\u00e4nzen Sie gar eine Auftriebsreserve (Wing)...<\/p>\n<p><strong>Vielfache Auswahl, ein Ausr\u00fcstungsteil.<\/strong><\/p>\n<\/div><\/div><\/div><\/div><!--vgRowWrapper--><\/div><div id=\"pg-396-5\"  class=\"panel-grid panel-has-style\" ><div class=\"sep panel-row-style panel-row-style-for-396-5\" ><div class=\"vgRowWrapper\"><div id=\"pgc-396-5-0\"  class=\"panel-grid-cell panel-grid-cell-empty\" ><\/div><div id=\"pgc-396-5-1\"  class=\"panel-grid-cell panel-grid-cell-mobile-last\" ><div class=\"vgLinkDouble\"><a  class=\"vgLink darkgray\" href=\"https:\/\/www.apdiving.eu\/de\/bcds\/features\/\">Erfahren Sie mehr<\/a><a  class=\"vgLink yellow\" href=\"https:\/\/www.apdiving.com\/shop\/bcd-open-circuit.html?___store=de_de\">   ST\u00d6BERN SIE IM DIVE SHOP<\/a><\/div><\/div><div id=\"pgc-396-5-2\"  class=\"panel-grid-cell panel-grid-cell-empty\" ><\/div><\/div><!--vgRowWrapper--><\/div><\/div><div id=\"pg-396-6\"  class=\"panel-grid panel-has-style\" ><div class=\"sep panel-row-style panel-row-style-for-396-6\" ><div class=\"vgRowWrapper\"><div id=\"pgc-396-6-0\"  class=\"panel-grid-cell panel-grid-cell-empty\" ><\/div><div id=\"pgc-396-6-1\"  class=\"panel-grid-cell panel-grid-cell-mobile-last\" ><div class=\"vgLinkPoint\"><a name=\"navy-erbe\"><\/a><input type=\"hidden\" class=\"linkpointtext\" value=\"NAVY ERBE\" \/><input type=\"hidden\" class=\"linkpointimg\" value=\"https:\/\/www.apdiving.eu\/de\/wp-content\/uploads\/bcd-home-carousel-heritage-apdiving.jpg\" \/><\/div><div id=\"panel-396-6-1-1\" class=\"so-panel widget widget_black-studio-tinymce widget_black_studio_tinymce\" data-index=\"17\" ><div class=\"textwidget\"><h1 style=\"text-align: center;\">DIE ROYAL NAVY\u00a0UND TAUCHER AN BOHRINSELN NUTZEN \u2028COMMANDO-JACKETS<\/h1><h3 style=\"text-align: center;\">Gut genug f\u00fcr Sie?<\/h3><\/div><\/div><div class=\"vg-image-widget\"><img decoding=\"async\" src=\"https:\/\/www.apdiving.eu\/de\/wp-content\/uploads\/bcd-home-royal-navy-apdiving.jpg\" alt=\"\"\/><span class=\"caption\">Martin Parker AP &copy;<\/span><\/div><div id=\"panel-396-6-1-3\" class=\"so-panel widget widget_black-studio-tinymce widget_black_studio_tinymce\" data-index=\"19\" ><div class=\"textwidget\"><p><strong>Seit mehr als 40 Jahren r\u00fcstet AP Sport- und Berufstaucher, Milit\u00e4r, Polizei und Feuerwehr, Such- und Bergungsteams, K\u00fcstenwachen, und die Gr\u00f6\u00dfen der \u00d6lindustrie aus \u2013 in \u00fcber 50 L\u00e4ndern weltweit.<\/strong><\/p><p>Gro\u00dfe Organisationen mit hohen Anforderungen betrauen uns damit, ihre Spezialausr\u00fcstung herzustellen. Und das, weil im Zentrum unserer Produkte \u2013 egal f\u00fcr wen sie gedacht sind und wer sie benutzt \u2013 immer unsere kompromisslose Einstellung zu den drei wichtigsten Aspekten des Tauchens steht: Komfort, Sicherheit und Leistungsf\u00e4higkeit.\u00a0<\/p><\/div><\/div><div class=\"vgLinkDouble\"><a  class=\"vgLink darkgray\" href=\"https:\/\/www.apdiving.eu\/de\/bcds\/militarycommercial\/\">Erfahren Sie mehr<\/a><a  class=\"vgLink yellow\" href=\"https:\/\/www.apdiving.eu\/de\/about-ap\/\">\u00dcBER UNS<\/a><\/div><\/div><div id=\"pgc-396-6-2\"  class=\"panel-grid-cell panel-grid-cell-empty\" ><\/div><\/div><!--vgRowWrapper--><\/div><\/div><div id=\"pg-396-7\"  class=\"panel-grid panel-has-style\" ><div class=\"sep panel-row-style panel-row-style-for-396-7\" ><div class=\"vgRowWrapper\"><div id=\"pgc-396-7-0\"  class=\"panel-grid-cell\" ><div class=\"vgLinkPoint\"><a name=\"gesehen-werden\"><\/a><input type=\"hidden\" class=\"linkpointtext\" value=\"GESEHEN WERDEN\" \/><input type=\"hidden\" class=\"linkpointimg\" value=\"https:\/\/www.apdiving.eu\/de\/wp-content\/uploads\/bcd-home-carousel-be-seen-apdiving.jpg\" \/><\/div><div class=\"vg_bs_nb_widget\" id=\"widget-7-0-1\"><div class=\"vg_bs_slides\"><ul><li class=\"vg_bs_slide\"><img decoding=\"async\" src=\"https:\/\/www.apdiving.eu\/de\/wp-content\/uploads\/be-seen-carousel-smb-smbci1.jpg\" \/><\/li><li class=\"vg_bs_slide\"><img decoding=\"async\" src=\"https:\/\/www.apdiving.eu\/de\/wp-content\/uploads\/buddy-blast-emergency-air-horn-apdiving1-478x478.jpg\" \/><\/li><li class=\"vg_bs_slide\"><img decoding=\"async\" src=\"https:\/\/www.apdiving.eu\/de\/wp-content\/uploads\/45m-ratchet-pocket-reel-APD45-apdiving-478-1-478x478.jpg\" \/><\/li><\/ul><\/div><div class=\"clear\">&nbsp;<\/div><\/div><script type=\"text\/javascript\">\n            jQuery(document).ready(function(){\n                $slider = jQuery('#widget-7-0-1 .vg_bs_slides ul').bxSlider({\n                    useCSS: false,minSlides: 1,   maxSlides: 1,slideWidth:478, slideMargin: 0, \n                    controls: false, auto:true, pause:5000, autoStart:true, pager:false,\n                    mode: \"fade\"\n                });\n\n            });\n        <\/script><\/div><div id=\"pgc-396-7-1\"  class=\"panel-grid-cell\" ><div id=\"panel-396-7-1-0\" class=\"so-panel widget widget_black-studio-tinymce widget_black_studio_tinymce panel-first-child\" data-index=\"23\" ><div class=\"textwidget\"><h2>GESEHEN WERDEN, GEH\u00d6RT WERDEN UND IN KONTAKT BLEIBEN<\/h2>\n<h3>AP Zubeh\u00f6r hat seinen Sinn.<\/h3>\n<p><strong>Das breitgef\u00e4cherte AP-Angebot an wichtigem Zubeh\u00f6r sorgt f\u00fcr Ihre Sicherheit, indem es so einfach wie m\u00f6glich gestaltet wird.<\/strong> AP Surface-Marker-Bojen (SMBCs) sind die idealen Deko-, Signal- oder Tauchmarkierungsbojen. Die urspr\u00fcnglichen weithin sichtbaren, selbstdichtenden SMB-Bojen \u2013 oft kopiert und selten erreicht \u2013 bleiben an der Oberfl\u00e4che aufgeblasen, sind unter Wasser leicht zu bef\u00fcllen, lassen sich leicht und klein zum Verstauen in der Jackettasche zusammenrollen und Sie k\u00f6nnen an der Oberfl\u00e4che damit winken, um die Aufmerksamkeit der Bootscrew zu erregen. Das extrem kompakte APD45 Pocket Reel (200g, 8cm x 4.5cm) ist die perfekte Antwort auf das g\u00e4ngige Problem sperriger schwerf\u00e4lliger SMB-\/Navigations-Reels. Die BUDDY-Signalhupe kann im Notfall auch leicht mit kalten H\u00e4nden oder Handschuhen ausgel\u00f6st werden.<\/p><\/div><\/div><div class=\"vgLinkDouble\"><a  class=\"vgLink darkgray\" href=\"https:\/\/www.apdiving.eu\/de\/bcds\/accessories-2\/\">Erfahren Sie mehr<\/a><a  class=\"vgLink yellow\" href=\"https:\/\/www.apdiving.com\/shop\/accessories.html?___store=de_de\">Jetzt kaufen<\/a><\/div><div id=\"panel-396-7-1-2\" class=\"so-panel widget widget_black-studio-tinymce widget_black_studio_tinymce panel-last-child\" data-index=\"25\" ><div class=\"textwidget\"><\/div><\/div><\/div><\/div><!--vgRowWrapper--><\/div><\/div><div id=\"pg-396-8\"  class=\"panel-grid panel-no-style\" ><div class=\"vgRowWrapper\"><div id=\"pgc-396-8-0\"  class=\"panel-grid-cell\" ><div class=\"vg-image-widget\"><img decoding=\"async\" src=\"https:\/\/www.apdiving.eu\/de\/wp-content\/uploads\/bcd-home-summary-service-apdiving-300x300.jpg\" alt=\"\"\/><span class=\"caption\">Jeff Parker AP &copy;<\/span><\/div><div id=\"panel-396-8-0-1\" class=\"so-panel widget widget_black-studio-tinymce widget_black_studio_tinymce\" data-index=\"27\" ><div class=\"panel-widget-style panel-widget-style-for-396-8-0-1\" ><div class=\"textwidget\"><h3>WIR STEHEN HINTER IHNEN<\/h3>\n<p>Bei AP Diving bekommen sie lebenslang Unterst\u00fctzung und Hilfe von Menschen, die Sie genau verstehen \u2013 denn wir sind ebenfalls Taucher. Wir starteten 1969 als eine Familie von Tauchern die sich entschlossen hatte, einfach das weltbeste Tauchequipment herzustellen, getragen von einen freundlichen, schnellen, informativen Kundendienst.<\/p>\n<p>Daran hat sich bis heute nichts ge\u00e4ndert.<\/p>\n<\/div><\/div><\/div><div class=\"vgLinkSingle\"><a  class=\"vgLink yellow\" href=\"https:\/\/www.apdiving.eu\/de\/service\/\">Erhalten Sie legend\u00e4ren Service<\/a><\/div><\/div><div id=\"pgc-396-8-1\"  class=\"panel-grid-cell\" ><div class=\"vg-image-widget\"><img decoding=\"async\" src=\"https:\/\/www.apdiving.eu\/de\/wp-content\/uploads\/tested-in-depth-300x300.jpg\" alt=\"\"\/><span class=\"caption\">Jake Kimpton AP &copy;<\/span><\/div><div id=\"panel-396-8-1-1\" class=\"so-panel widget widget_black-studio-tinymce widget_black_studio_tinymce\" data-index=\"30\" ><div class=\"panel-widget-style panel-widget-style-for-396-8-1-1\" ><div class=\"textwidget\"><h3>GR\u00dcNDLICH GETESTET<\/h3>\n<p>Jedes AP Produkt wird ausgiebigen Tests unterzogen, sowohl von Testtauchern im Wasser als auch \u201eunbemannt\u201c in unserer hochmodernen dem neuesten Stand der Technik entsprechenden Testeinrichtung hier in Cornwall, Gro\u00dfbritannien. Diese Einrichtung erm\u00f6glicht uns die h\u00e4rtesten Bedingungen zu simulieren und damit Equipment zu fertigen, das unseren eigenen hohen Anspr\u00fcchen als Taucher gerecht wird, den Anforderungen der CE Standards gen\u00fcgt bzw. diese noch \u00fcbertrifft und kontinuierlich innovative, neue Ausr\u00fcstung zu erfinden und entwickeln.<\/p>\n<\/div><\/div><\/div><div class=\"vgLinkSingle\"><a  class=\"vgLink yellow\" href=\"https:\/\/www.apdiving.eu\/de\/about-ap\/rd-test-centre\/\">Mehr zu unserem F&E Testzentrum<\/a><\/div><\/div><div id=\"pgc-396-8-2\"  class=\"panel-grid-cell\" ><div class=\"vg-image-widget\"><img decoding=\"async\" src=\"https:\/\/www.apdiving.eu\/de\/wp-content\/uploads\/bcd-military-commercial-the-commando-today-apdiving-6-300x300.jpg\" alt=\"\"\/><\/div><div id=\"panel-396-8-2-1\" class=\"so-panel widget widget_black-studio-tinymce widget_black_studio_tinymce\" data-index=\"33\" ><div class=\"panel-widget-style panel-widget-style-for-396-8-2-1\" ><div class=\"textwidget\"><h3>PROFIS VERTRAUEN UNS<\/h3>\n<p>Tauchen in aller Seelenruhe. Mehr als 30 Jahre baut AP Diving (fr\u00fcher AP Valves) ma\u00dfgeschneiderte Ausr\u00fcstung f\u00fcr professionelle Taucher in der Royal Navy, f\u00fcr die Polizei, Spezialeinheiten, Kampfmittelr\u00e4umung, die Feuerwehr und K\u00fcstenwachen bis hin f\u00fcr die kommerziellen Gr\u00f6\u00dfen im Bergungs- und Schifffahrtswesen sowie der \u00d6lindustrie, f\u00fcr Meeresbiologen und Fotografen, Filmemacher und Expeditionen. Alle vertrauen darauf, dass wir unsere Arbeit korrekt machen, und das in den extremstem Bedingungen.<\/p>\n<p>Und das k\u00f6nnen Sie auch.<\/p>\n<\/div><\/div><\/div><div class=\"vgLinkSingle\"><a  class=\"vgLink yellow\" href=\"https:\/\/www.apdiving.eu\/de\/community\/pro-commando\/\">Lesen Sie, was Taucher sagen<\/a><\/div><\/div><\/div><!--vgRowWrapper--><\/div><\/div>","protected":false},"excerpt":{"rendered":"<p>SIE LEBEN F\u00dcRDAS TAUCHENDas verstehen wir.Jedes Jahr wagen mehr und mehr Leute den Sprung ins Blaue, um die einzigartigen Erfahrungen und Augenblicke zu erleben, die nur das Tauchen erm\u00f6glicht. F\u00fcr einige geht es um den Adrenalinrausch, ja sogar ums Risiko, darum an Grenzen zu gehen und sie zu \u00fcberschreiten. F\u00fcr andere ist das Abenteuer viel <a href=\"https:\/\/www.apdiving.eu\/de\/bcds\/\">[Read More &hellip;]<\/a><\/p>\n","protected":false},"author":4,"featured_media":0,"parent":0,"menu_order":0,"comment_status":"open","ping_status":"open","template":"","meta":{"footnotes":""},"class_list":["post-396","page","type-page","status-publish","hentry"],"_links":{"self":[{"href":"https:\/\/www.apdiving.eu\/de\/wp-json\/wp\/v2\/pages\/396","targetHints":{"allow":["GET"]}}],"collection":[{"href":"https:\/\/www.apdiving.eu\/de\/wp-json\/wp\/v2\/pages"}],"about":[{"href":"https:\/\/www.apdiving.eu\/de\/wp-json\/wp\/v2\/types\/page"}],"author":[{"embeddable":true,"href":"https:\/\/www.apdiving.eu\/de\/wp-json\/wp\/v2\/users\/4"}],"replies":[{"embeddable":true,"href":"https:\/\/www.apdiving.eu\/de\/wp-json\/wp\/v2\/comments?post=396"}],"version-history":[{"count":9,"href":"https:\/\/www.apdiving.eu\/de\/wp-json\/wp\/v2\/pages\/396\/revisions"}],"predecessor-version":[{"id":8289,"href":"https:\/\/www.apdiving.eu\/de\/wp-json\/wp\/v2\/pages\/396\/revisions\/8289"}],"wp:attachment":[{"href":"https:\/\/www.apdiving.eu\/de\/wp-json\/wp\/v2\/media?parent=396"}],"curies":[{"name":"wp","href":"https:\/\/api.w.org\/{rel}","templated":true}]}}