{"id":3812,"date":"2014-09-12T15:00:24","date_gmt":"2014-09-12T15:00:24","guid":{"rendered":"http:\/\/www.apdiving.com\/en\/?page_id=3812"},"modified":"2015-02-03T16:04:40","modified_gmt":"2015-02-03T16:04:40","slug":"3m-smbci","status":"publish","type":"page","link":"https:\/\/www.apdiving.eu\/de\/3m-smbci\/","title":{"rendered":"3M SMBCi"},"content":{"rendered":"<div id=\"pl-3812\"  class=\"panel-layout\" ><div id=\"pg-3812-0\"  class=\"panel-grid panel-has-style\" ><div class=\"vgfull vg-spacing panel-row-style panel-row-style-for-3812-0\" ><div class=\"vgRowWrapper\"><div id=\"pgc-3812-0-0\"  class=\"panel-grid-cell\" ><div id=\"panel-3812-0-0-0\" class=\"so-panel widget widget_black-studio-tinymce widget_black_studio_tinymce panel-first-child panel-last-child\" data-index=\"0\" ><div class=\"textwidget\"><br\/><h2 style=\"text-align: center;\">\u00a0GESEHEN WERDEN, SICHER SEIN<\/h2>\n<h3 style=\"text-align: center;\">H\u00f6chste Sichtbarkeit im offenen Meer<\/h3><\/div><\/div><\/div><\/div><!--vgRowWrapper--><\/div><\/div><div id=\"pg-3812-1\"  class=\"panel-grid panel-has-style\" ><div class=\"vgfull vg-spacing panel-row-style panel-row-style-for-3812-1\" ><div class=\"vgRowWrapper\"><div id=\"pgc-3812-1-0\"  class=\"panel-grid-cell\" ><div id=\"panel-3812-1-0-0\" class=\"so-panel widget widget_black-studio-tinymce widget_black_studio_tinymce panel-first-child panel-last-child\" data-index=\"1\" ><div class=\"textwidget\"><p><em>Wussten Sie schon<\/em>, dass AP die original selbstdichtende SMB-Boje bereits vor 20 Jahren erfunden hat? Vielfach kopiert aber un\u00fcbertroffen \u2013 das Original ist immer noch das beste. Ernsthafte Taucher entscheiden sich f\u00fcr die AP SMB-Boje.<\/p>\n<p>Die extra lange, selbstdichtende Oberfl\u00e4chenboje mit Easifil-Inflatoranschluss ist mehr als doppelt so lang wie eine regul\u00e4re SMB-Boje und wurde speziell f\u00fcr maximale Sichtbarkeit in schwierigen Bedingungen entwickelt.<\/p>\n<p>Sie ist ausgestattet mit den bew\u00e4hrten AP-Fearures wie dem hochwertige hochfrequenzverschwei\u00dften Material, dem Easifil-Inflatorschlauch-Anschluss f\u00fcr einfaches reibungsloses Aufblasen mittels des Jacket- oder Trockentauchanzug-Inflatorschlauchs und dem AP selbstdichtenden Verschluss, der sich beim Aufblasen luftdicht verschlie\u00dft. Der Verschluss\/R\u00fccksto\u00dfventil verhindert ein Entleeren der Boje an der Oberfl\u00e4che und erm\u00f6glicht auch, dass die Boje falls notwendig zum Winken in die H\u00f6he gehalten werden kann. Sie hat au\u00dferdem eine erweiterbare Gurtschlaufe welche dem Taucher erm\u00f6glicht, mit einer Flosse in der Schlaufe zu stehen und die SMB-Boje vertikal im Wasser zu halten.<\/p>\n<p>Die AP 3 m\u00a0SMBCi bietet beeindruckende Sichtbarkeit im offenen Meer und ist voll gepackt mit zus\u00e4tzlichen Ausstattungsmerkmalen.<\/p><\/div><\/div><\/div><div id=\"pgc-3812-1-1\"  class=\"panel-grid-cell panel-grid-cell-empty\" ><\/div><div id=\"pgc-3812-1-2\"  class=\"panel-grid-cell\" ><div class=\"vg_bs_nb_widget\" id=\"widget-1-2-0\"><div class=\"vg_bs_slides\"><ul><li class=\"vg_bs_slide\"><img decoding=\"async\" src=\"https:\/\/www.apdiving.eu\/de\/wp-content\/uploads\/smb-3m-red-sea2-apdiving-478x478.jpg\" \/><\/li><li class=\"vg_bs_slide\"><img decoding=\"async\" src=\"https:\/\/www.apdiving.eu\/de\/wp-content\/uploads\/3m-smb-fin-in-loop-apdiving-478x478.jpg\" \/><\/li><li class=\"vg_bs_slide\"><img decoding=\"async\" src=\"https:\/\/www.apdiving.eu\/de\/wp-content\/uploads\/3m-smb-insitu2-apdiving-478x478.jpg\" \/><\/li><li class=\"vg_bs_slide\"><img decoding=\"async\" src=\"https:\/\/www.apdiving.eu\/de\/wp-content\/uploads\/3m-smb-in-situ-apdiving-478x478.jpg\" \/><\/li><li class=\"vg_bs_slide\"><img decoding=\"async\" src=\"https:\/\/www.apdiving.eu\/de\/wp-content\/uploads\/3m-smb-insitu3-apdiving-478x478.jpg\" \/><\/li><\/ul><\/div><div class=\"clear\">&nbsp;<\/div><\/div><script type=\"text\/javascript\">\n            jQuery(document).ready(function(){\n                $slider = jQuery('#widget-1-2-0 .vg_bs_slides ul').bxSlider({\n                    useCSS: false,minSlides: 1,   maxSlides: 1,slideWidth:478, slideMargin: 0, \n                    controls: false, auto:true, pause:5000, autoStart:true, pager:false,\n                    mode: \"fade\"\n                });\n\n            });\n        <\/script><\/div><\/div><!--vgRowWrapper--><\/div><\/div><div id=\"pg-3812-2\"  class=\"panel-grid panel-has-style\" ><div class=\"vgfull vg-shadow vg-spacing panel-row-style panel-row-style-for-3812-2\" ><div class=\"vgRowWrapper\"><div id=\"pgc-3812-2-0\"  class=\"panel-grid-cell panel-grid-cell-empty\" ><\/div><div id=\"pgc-3812-2-1\"  class=\"panel-grid-cell panel-grid-cell-mobile-last\" ><div class=\"vgLinkSingle\"><a  class=\"vgLink yellow\" href=\"https:\/\/www.apdiving.com\/shop\/ap-3m-self-sealing-smb-with-easifil.html\">Shop Now<\/a><\/div><\/div><div id=\"pgc-3812-2-2\"  class=\"panel-grid-cell panel-grid-cell-empty\" ><\/div><\/div><!--vgRowWrapper--><\/div><\/div><div id=\"pg-3812-3\"  class=\"panel-grid panel-has-style\" ><div class=\"vgfull vg-spacing panel-row-style panel-row-style-for-3812-3\" ><div class=\"vgRowWrapper\"><div id=\"pgc-3812-3-0\"  class=\"panel-grid-cell\" ><div id=\"panel-3812-3-0-0\" class=\"so-panel widget widget_black-studio-tinymce widget_black_studio_tinymce panel-first-child panel-last-child\" data-index=\"4\" ><div class=\"textwidget\"><br\/><h2 style=\"text-align: center;\">\u00a0Die AP\u00a03 m\u00a0Oberf\u00e4chenboje<\/h2>\n<h3 style=\"text-align: center;\">Mit Easifil Schlauch-Inflator und Befestigungseinheiten f\u00fcr Stroboskoplicht &amp; Leuchtstab<\/h3><\/div><\/div><\/div><\/div><!--vgRowWrapper--><\/div><\/div><div id=\"pg-3812-4\"  class=\"panel-grid panel-has-style\" ><div class=\"vgfull vg-spacing panel-row-style panel-row-style-for-3812-4\" ><div class=\"vgRowWrapper\"><div id=\"pgc-3812-4-0\"  class=\"panel-grid-cell\" ><div class=\"vg_bs_nb_widget\" id=\"widget-4-0-0\"><div class=\"vg_bs_slides\"><ul><li class=\"vg_bs_slide\"><img decoding=\"async\" src=\"https:\/\/www.apdiving.eu\/de\/wp-content\/uploads\/smb-3m-surface-marker-buoy-strobe-attachment-point-close-up-apdiving-478x478.jpg\" \/><\/li><li class=\"vg_bs_slide\"><img decoding=\"async\" src=\"https:\/\/www.apdiving.eu\/de\/wp-content\/uploads\/smb-3m-surface-marker-buoy-light-stick-pocket-close-up-apdiving-478x478.jpg\" \/><\/li><li class=\"vg_bs_slide\"><img decoding=\"async\" src=\"https:\/\/www.apdiving.eu\/de\/wp-content\/uploads\/smb-3m-surface-marker-buoy-easifil-close-up-apdiving-478x478.jpg\" \/><\/li><li class=\"vg_bs_slide\"><img decoding=\"async\" src=\"https:\/\/www.apdiving.eu\/de\/wp-content\/uploads\/smb-3m-surface-marker-buoy-close-up-adjustable-loop-apdiving-478x478.jpg\" \/><\/li><li class=\"vg_bs_slide\"><img decoding=\"async\" src=\"https:\/\/www.apdiving.eu\/de\/wp-content\/uploads\/smb-3m-surface-marker-buoy-with-easifil-rolled-apdiving-478x478.jpg\" \/><\/li><li class=\"vg_bs_slide\"><img decoding=\"async\" src=\"https:\/\/www.apdiving.eu\/de\/wp-content\/uploads\/3m-smb-478-apdiving.jpg\" \/><\/li><\/ul><\/div><div class=\"clear\">&nbsp;<\/div><\/div><script type=\"text\/javascript\">\n            jQuery(document).ready(function(){\n                $slider = jQuery('#widget-4-0-0 .vg_bs_slides ul').bxSlider({\n                    useCSS: false,minSlides: 1,   maxSlides: 1,slideWidth:478, slideMargin: 0, \n                    controls: false, auto:true, pause:5000, autoStart:true, pager:false,\n                    mode: \"fade\"\n                });\n\n            });\n        <\/script><\/div><div id=\"pgc-3812-4-1\"  class=\"panel-grid-cell panel-grid-cell-empty\" ><\/div><div id=\"pgc-3812-4-2\"  class=\"panel-grid-cell\" ><div id=\"panel-3812-4-2-0\" class=\"so-panel widget widget_black-studio-tinymce widget_black_studio_tinymce panel-first-child\" data-index=\"6\" ><div class=\"textwidget\"><h4>Ausstattung im \u00dcberblick...\u00a0<\/h4>\n<ul>\n<li>Mehr als die doppelte L\u00e4nge regul\u00e4rer SMB-Bojen<\/li>\n<li>Original AP selbstdichtender Verschluss - bew\u00e4hrter Aufbau, verschlie\u00dft luftdicht beim Aufblasen<\/li>\n<li>Einfaches Entfalten und Aufblasen - gesichert mit Klettband (einfach zu l\u00f6sen) und Aufblasen mittels Easifil-Anschluss<\/li>\n<li>Easifil-Inflatorschlauch-Anschluss - erlaubt einfaches reibungsloses Aufblasen mittels Ihres Inflatorschlauchs vom Jacket oder Trockentauchanzug<\/li>\n<li>Kann ebenfalls mit einem Atemregler \u00fcber die \u00d6ffnung unten aufgeblasen werden<\/li>\n<li>Befestigung mit Messingkarabiner - kann zum Verstauen klein und handlich zusammengerollt werden<\/li>\n<li>Befestigungstasche f\u00fcr Leuchtstab - am oberen Ende mit Verschlussb\u00e4ndern\/-schlaufen<\/li>\n<li>Befestigungsm\u00f6glichkeit f\u00fcr Stoboskoplicht\u00a0- Klettschlaufe mit Verschlussb\u00e4ndern\/-schlaufen<\/li>\n<li>Erweiterbare Schlaufe unten - bis zu 70 cm lang - erm\u00f6glicht, die Boje an der Oberfl\u00e4che aufrecht zu halten, indem eine Flosse durchgesteckt wird<\/li>\n<li>\u00d6se oben - zum Anbringen einer Schreibtafel, eines ID-Markers, von Reflektoren oder einer Bergungsschlinge<\/li>\n<\/ul>\n<\/div><\/div><div class=\"vgLinkSingle\"><a  class=\"vgLink yellow\" href=\"https:\/\/www.apdiving.com\/shop\/ap-3m-self-sealing-smb-with-easifil.html\">Shop Now<\/a><\/div><\/div><\/div><!--vgRowWrapper--><\/div><\/div><div id=\"pg-3812-5\"  class=\"panel-grid panel-has-style\" ><div class=\"vgfull  panel-row-style panel-row-style-for-3812-5\" ><div class=\"vgRowWrapper\"><div id=\"pgc-3812-5-0\"  class=\"panel-grid-cell panel-grid-cell-mobile-last\" ><div id=\"panel-3812-5-0-0\" class=\"so-panel widget widget_black-studio-tinymce widget_black_studio_tinymce panel-first-child panel-last-child\" data-index=\"8\" ><div class=\"textwidget\"><p>Abmessungen entfaltet: 3 m x 20 cm breit<br \/>Abmessungen verstaut: 28 cm x 9 cm<br \/>Volumen: 32 Liter<br \/>Gewicht: 0,67 kg<br \/>Aktuell erh\u00e4ltlich in Signalrot\u00a0<\/p>\n<p>\u00a0<\/p><\/div><\/div><\/div><div id=\"pgc-3812-5-1\"  class=\"panel-grid-cell panel-grid-cell-empty\" ><\/div><\/div><!--vgRowWrapper--><\/div><\/div><\/div>","protected":false},"excerpt":{"rendered":"<p>\u00a0GESEHEN WERDEN, SICHER SEIN H\u00f6chste Sichtbarkeit im offenen MeerWussten Sie schon, dass AP die original selbstdichtende SMB-Boje bereits vor 20 Jahren erfunden hat? Vielfach kopiert aber un\u00fcbertroffen \u2013 das Original ist immer noch das beste. Ernsthafte Taucher entscheiden sich f\u00fcr die AP SMB-Boje. Die extra lange, selbstdichtende Oberfl\u00e4chenboje mit Easifil-Inflatoranschluss ist mehr als doppelt so <a href=\"https:\/\/www.apdiving.eu\/de\/3m-smbci\/\">[Read More &hellip;]<\/a><\/p>\n","protected":false},"author":4,"featured_media":0,"parent":0,"menu_order":0,"comment_status":"open","ping_status":"open","template":"","meta":{"footnotes":""},"class_list":["post-3812","page","type-page","status-publish","hentry"],"_links":{"self":[{"href":"https:\/\/www.apdiving.eu\/de\/wp-json\/wp\/v2\/pages\/3812","targetHints":{"allow":["GET"]}}],"collection":[{"href":"https:\/\/www.apdiving.eu\/de\/wp-json\/wp\/v2\/pages"}],"about":[{"href":"https:\/\/www.apdiving.eu\/de\/wp-json\/wp\/v2\/types\/page"}],"author":[{"embeddable":true,"href":"https:\/\/www.apdiving.eu\/de\/wp-json\/wp\/v2\/users\/4"}],"replies":[{"embeddable":true,"href":"https:\/\/www.apdiving.eu\/de\/wp-json\/wp\/v2\/comments?post=3812"}],"version-history":[{"count":2,"href":"https:\/\/www.apdiving.eu\/de\/wp-json\/wp\/v2\/pages\/3812\/revisions"}],"predecessor-version":[{"id":3814,"href":"https:\/\/www.apdiving.eu\/de\/wp-json\/wp\/v2\/pages\/3812\/revisions\/3814"}],"wp:attachment":[{"href":"https:\/\/www.apdiving.eu\/de\/wp-json\/wp\/v2\/media?parent=3812"}],"curies":[{"name":"wp","href":"https:\/\/api.w.org\/{rel}","templated":true}]}}